{"id":693,"date":"0001-01-06T11:11:00","date_gmt":"0001-01-06T09:47:00","guid":{"rendered":"https:\/\/0n40i4.pl\/?page_id=693"},"modified":"2024-01-03T22:48:35","modified_gmt":"2024-01-03T21:48:35","slug":"polityka-prywatnosci","status":"publish","type":"page","link":"http:\/\/rsca.grassrootslobbing.pl\/pl_PL\/polityka-prywatnosci\/","title":{"rendered":"Polityka Prywatno\u015bci"},"content":{"rendered":"\n<div class=\"wp-block-group has-medium-font-size is-layout-constrained wp-block-group-is-layout-constrained\">\n<h3 class=\"wp-block-heading has-text-align-center\" style=\"font-size:25px\"><strong>Wprowadzenie<\/strong><\/h3>\n\n\n\n<p class=\"has-medium-font-size\">Niniejsza Polityka Prywatno\u015bci ma na celu wyja\u015bnienie, w jaki spos\u00f3b zbieramy, przechowujemy, chronimy i wykorzystujemy Twoje dane osobowe podczas korzystania z naszej strony internetowej po\u015bwi\u0119conej kwestiom Reality Source Code Access.<\/p>\n\n\n\n<h3 class=\"wp-block-heading has-text-align-center\" style=\"font-size:25px\"><strong>1. Administrator danych osobowych<\/strong><\/h3>\n\n\n\n<p class=\"has-medium-font-size\">Administratorem Twoich danych osobowych jest inicjatywa &#8222;<strong>0n40i4<\/strong>&#8222;, z siedzib\u0105 w <strong>Oslo<\/strong>.<\/p>\n\n\n\n<h3 class=\"wp-block-heading has-text-align-center\" style=\"font-size:25px\"><strong>2. Rodzaje zbieranych danych osobowych<\/strong><\/h3>\n\n\n\n<p>Mo\u017cemy zbiera\u0107 nast\u0119puj\u0105ce rodzaje danych osobowych:<\/p>\n\n\n\n<ul class=\"wp-block-list\">\n<li>Informacje kontaktowe, takie jak imi\u0119, nazwisko, adres e-mail, numer telefonu.<\/li>\n\n\n\n<li>Dane demograficzne, takie jak wiek, p\u0142e\u0107, miejsce zamieszkania.<\/li>\n\n\n\n<li>Informacje o urz\u0105dzeniu, takie jak adres IP, przegl\u0105darka internetowa, system operacyjny.<\/li>\n\n\n\n<li>Informacje o zachowaniach na stronie internetowej, takie jak odwiedzane strony, czas sp\u0119dzony na stronie.<\/li>\n\n\n\n<li>Inne informacje, kt\u00f3re dobrowolnie nam przekazujesz, na przyk\u0142ad w wiadomo\u015bciach e-mail lub formularzach kontaktowych.<\/li>\n<\/ul>\n\n\n\n<h3 class=\"wp-block-heading has-text-align-center\" style=\"font-size:25px\"><strong>3. Cel i podstawa przetwarzania danych osobowych<\/strong><\/h3>\n\n\n\n<p>Twoje dane osobowe przetwarzane s\u0105 w celu:<\/p>\n\n\n\n<ul class=\"wp-block-list\">\n<li>Udost\u0119pniania informacji zwi\u0105zanych z reparacjami dla Polski.<\/li>\n\n\n\n<li>Kontaktu z Tob\u0105 w odpowiedzi na Twoje zapytania lub wnioski.<\/li>\n\n\n\n<li>Poprawy jako\u015bci i dost\u0119pno\u015bci naszej strony internetowej.<\/li>\n\n\n\n<li>Realizacji obowi\u0105zk\u00f3w wynikaj\u0105cych z przepis\u00f3w prawa.<\/li>\n<\/ul>\n\n\n\n<p>Podstaw\u0105 prawn\u0105 przetwarzania Twoich danych osobowych jest:<\/p>\n\n\n\n<ul class=\"wp-block-list\">\n<li>Tw\u00f3j zgoda, wyra\u017cana poprzez aktywne dzia\u0142ania na stronie internetowej, np. wype\u0142nienie formularza kontaktowego.<\/li>\n\n\n\n<li>Konieczno\u015b\u0107 przetwarzania danych w celu wykonania umowy lub podj\u0119cia dzia\u0142a\u0144 na Twoje \u017c\u0105danie przed zawarciem umowy.<\/li>\n\n\n\n<li>Spe\u0142nienie obowi\u0105zk\u00f3w prawnych ci\u0105\u017c\u0105cych na Administratorze danych.<\/li>\n<\/ul>\n\n\n\n<h3 class=\"wp-block-heading has-text-align-center\" style=\"font-size:25px\"><strong>4. Udost\u0119pnianie danych osobowych<\/strong><\/h3>\n\n\n\n<p>Twoje dane osobowe mog\u0105 by\u0107 udost\u0119pniane osobom lub podmiotom trzecim jedynie w zakresie niezb\u0119dnym do realizacji cel\u00f3w przetwarzania danych, w szczeg\u00f3lno\u015bci:<\/p>\n\n\n\n<ul class=\"wp-block-list\">\n<li class=\"has-medium-font-size\">Dostawcom us\u0142ug \u015bwiadcz\u0105cym wsparcie techniczne i hosting strony internetowej.<\/li>\n\n\n\n<li class=\"has-medium-font-size\">Organom publicznym w przypadkach wymaganych przepisami prawa.<\/li>\n<\/ul>\n\n\n\n<h3 class=\"wp-block-heading has-text-align-center\" style=\"font-size:25px\"><strong>5. Bezpiecze\u0144stwo danych osobowych<\/strong><\/h3>\n\n\n\n<p>Dbamy o odpowiednie \u015brodki techniczne i organizacyjne, aby chroni\u0107 Twoje dane osobowe przed nieautoryzowanym dost\u0119pem, utrat\u0105 lub przypadkowym zniszczeniem.<\/p>\n\n\n\n<h3 class=\"wp-block-heading has-text-align-center\" style=\"font-size:25px\"><strong>6. Twoje prawa<\/strong><\/h3>\n\n\n\n<p>Masz prawo do:<\/p>\n\n\n\n<ul class=\"wp-block-list\">\n<li class=\"has-medium-font-size\">Dost\u0119pu do swoich danych osobowych.<\/li>\n\n\n\n<li class=\"has-medium-font-size\">Poprawiania swoich danych osobowych.<\/li>\n\n\n\n<li class=\"has-medium-font-size\">Usuni\u0119cia swoich danych osobowych (prawo &#8222;do bycia zapomnianym&#8221;).<\/li>\n\n\n\n<li class=\"has-medium-font-size\">Ograniczenia przetwarzania swoich danych osobowych.<\/li>\n\n\n\n<li class=\"has-medium-font-size\">Przenoszenia swoich danych osobowych.<\/li>\n\n\n\n<li class=\"has-medium-font-size\">Wycofania zgody na przetwarzanie danych osobowych w dowolnym momencie, bez wp\u0142ywu na zgodno\u015b\u0107 z prawem przetwarzania, kt\u00f3rego dokonano na podstawie zgody przed jej wycofaniem.<\/li>\n\n\n\n<li class=\"has-medium-font-size\">Z\u0142o\u017cenia skargi do organu nadzorczego ds. ochrony danych osobowych.<\/li>\n<\/ul>\n\n\n\n<h3 class=\"wp-block-heading has-text-align-center\" style=\"font-size:25px\"><strong>7. Kontakt<\/strong><\/h3>\n\n\n\n<p>W celu realizacji swoich praw lub w przypadku pyta\u0144 dotycz\u0105cych Polityki Prywatno\u015bci, prosimy o kontakt z nami pod adresem  <strong>rsca@0n40i4.pl<\/strong><\/p>\n\n\n\n<h3 class=\"wp-block-heading has-text-align-center\" style=\"font-size:25px\"><strong>8. Zmiany w Polityce Prywatno\u015bci<\/strong><\/h3>\n\n\n\n<p class=\"has-medium-font-size\">Zastrzegamy sobie prawo do zmiany niniejszej Polityki Prywatno\u015bci w dowolnym momencie. Aktualizacje Polityki Prywatno\u015bci b\u0119d\u0105 publikowane na naszej stronie internetowej.<\/p>\n\n\n\n<div style=\"height:20px\" aria-hidden=\"true\" class=\"wp-block-spacer\"><\/div>\n\n\n\n<h3 class=\"wp-block-heading\"><strong>Konsult 0n40i4<\/strong><\/h3>\n<\/div>\n","protected":false},"excerpt":{"rendered":"<p>Wprowadzenie Niniejsza Polityka Prywatno\u015bci ma na celu wyja\u015bnienie, w jaki spos\u00f3b zbieramy, przechowujemy, chronimy i wykorzystujemy Twoje dane osobowe podczas korzystania z naszej strony internetowej po\u015bwi\u0119conej kwestiom Reality Source Code Access. 1. Administrator danych osobowych Administratorem Twoich danych osobowych jest inicjatywa &#8222;0n40i4&#8222;, z siedzib\u0105 w Oslo. 2. Rodzaje zbieranych danych osobowych Mo\u017cemy zbiera\u0107 nast\u0119puj\u0105ce rodzaje [&hellip;]<\/p>\n","protected":false},"author":2,"featured_media":0,"parent":0,"menu_order":0,"comment_status":"closed","ping_status":"closed","template":"","meta":{"site-sidebar-layout":"default","site-content-layout":"","ast-site-content-layout":"default","site-content-style":"default","site-sidebar-style":"default","ast-global-header-display":"","ast-banner-title-visibility":"","ast-main-header-display":"","ast-hfb-above-header-display":"","ast-hfb-below-header-display":"","ast-hfb-mobile-header-display":"","site-post-title":"","ast-breadcrumbs-content":"","ast-featured-img":"","footer-sml-layout":"","ast-disable-related-posts":"","theme-transparent-header-meta":"","adv-header-id-meta":"","stick-header-meta":"","header-above-stick-meta":"","header-main-stick-meta":"","header-below-stick-meta":"","astra-migrate-meta-layouts":"default","ast-page-background-enabled":"default","ast-page-background-meta":{"desktop":{"background-color":"var(--ast-global-color-4)","background-image":"","background-repeat":"repeat","background-position":"center center","background-size":"auto","background-attachment":"scroll","background-type":"","background-media":"","overlay-type":"","overlay-color":"","overlay-opacity":"","overlay-gradient":""},"tablet":{"background-color":"","background-image":"","background-repeat":"repeat","background-position":"center center","background-size":"auto","background-attachment":"scroll","background-type":"","background-media":"","overlay-type":"","overlay-color":"","overlay-opacity":"","overlay-gradient":""},"mobile":{"background-color":"","background-image":"","background-repeat":"repeat","background-position":"center center","background-size":"auto","background-attachment":"scroll","background-type":"","background-media":"","overlay-type":"","overlay-color":"","overlay-opacity":"","overlay-gradient":""}},"ast-content-background-meta":{"desktop":{"background-color":"var(--ast-global-color-5)","background-image":"","background-repeat":"repeat","background-position":"center center","background-size":"auto","background-attachment":"scroll","background-type":"","background-media":"","overlay-type":"","overlay-color":"","overlay-opacity":"","overlay-gradient":""},"tablet":{"background-color":"var(--ast-global-color-5)","background-image":"","background-repeat":"repeat","background-position":"center center","background-size":"auto","background-attachment":"scroll","background-type":"","background-media":"","overlay-type":"","overlay-color":"","overlay-opacity":"","overlay-gradient":""},"mobile":{"background-color":"var(--ast-global-color-5)","background-image":"","background-repeat":"repeat","background-position":"center center","background-size":"auto","background-attachment":"scroll","background-type":"","background-media":"","overlay-type":"","overlay-color":"","overlay-opacity":"","overlay-gradient":""}},"footnotes":""},"class_list":["post-693","page","type-page","status-publish","hentry"],"yoast_head":"<!-- This site is optimized with the Yoast SEO plugin v21.9.1 - https:\/\/yoast.com\/wordpress\/plugins\/seo\/ -->\n<title>Polityka Prywatno\u015bci - RSCA<\/title>\n<meta name=\"description\" content=\"Nasza Polityka Prywatno\u015bci precyzyjnie wyja\u015bnia, w jaki spos\u00f3b gromadzimy, przechowujemy i wykorzystujemy Twoje dane osobowe, korzystaj\u0105c z dedykowanej stronie internetowej po\u015bwi\u0119conej Reality Game Civilization &amp; Reality Source Code Access. Jako inicjatywa \u201e0n40i4\u201d, z siedzib\u0105 w Oslo, dbamy o bezpiecze\u0144stwo Twoich informacji. Odkryj, jakie dane zbieramy, w jaki spos\u00f3b je przetwarzamy i jakie masz prawa zwi\u0105zane z ochron\u0105 prywatno\u015bci. Skontaktuj si\u0119 z nami, je\u015bli masz pytania lub chcesz skorzysta\u0107 z praw zwi\u0105zanych z Twoimi danymi osobowymi. Zale\u017cymy na transparentno\u015bci i ochronie Twoich danych \u2013 sprawd\u017a nasz\u0105 Polityk\u0119 Prywatno\u015bci regularnie, aby by\u0107 na bie\u017c\u0105co z ewentualnymi zmianami.\" \/>\n<meta name=\"robots\" content=\"index, follow, max-snippet:-1, max-image-preview:large, max-video-preview:-1\" \/>\n<link rel=\"canonical\" href=\"http:\/\/rsca.grassrootslobbing.pl\/pl_PL\/polityka-prywatnosci\/\" \/>\n<meta property=\"og:locale\" content=\"pl_PL\" \/>\n<meta property=\"og:type\" content=\"article\" \/>\n<meta property=\"og:title\" content=\"Polityka Prywatno\u015bci - RSCA\" \/>\n<meta property=\"og:description\" content=\"Nasza Polityka Prywatno\u015bci precyzyjnie wyja\u015bnia, w jaki spos\u00f3b gromadzimy, przechowujemy i wykorzystujemy Twoje dane osobowe, korzystaj\u0105c z dedykowanej stronie internetowej po\u015bwi\u0119conej Reality Game Civilization &amp; Reality Source Code Access. Jako inicjatywa \u201e0n40i4\u201d, z siedzib\u0105 w Oslo, dbamy o bezpiecze\u0144stwo Twoich informacji. Odkryj, jakie dane zbieramy, w jaki spos\u00f3b je przetwarzamy i jakie masz prawa zwi\u0105zane z ochron\u0105 prywatno\u015bci. Skontaktuj si\u0119 z nami, je\u015bli masz pytania lub chcesz skorzysta\u0107 z praw zwi\u0105zanych z Twoimi danymi osobowymi. Zale\u017cymy na transparentno\u015bci i ochronie Twoich danych \u2013 sprawd\u017a nasz\u0105 Polityk\u0119 Prywatno\u015bci regularnie, aby by\u0107 na bie\u017c\u0105co z ewentualnymi zmianami.\" \/>\n<meta property=\"og:url\" content=\"http:\/\/rsca.grassrootslobbing.pl\/pl_PL\/polityka-prywatnosci\/\" \/>\n<meta property=\"og:site_name\" content=\"RSCA\" \/>\n<meta property=\"article:modified_time\" content=\"2024-01-03T21:48:35+00:00\" \/>\n<meta name=\"twitter:card\" content=\"summary_large_image\" \/>\n<meta name=\"twitter:label1\" content=\"Szacowany czas czytania\" \/>\n\t<meta name=\"twitter:data1\" content=\"3 minuty\" \/>\n<script type=\"application\/ld+json\" class=\"yoast-schema-graph\">{\"@context\":\"https:\/\/schema.org\",\"@graph\":[{\"@type\":\"WebPage\",\"@id\":\"http:\/\/rsca.grassrootslobbing.pl\/pl_PL\/polityka-prywatnosci\/\",\"url\":\"http:\/\/rsca.grassrootslobbing.pl\/pl_PL\/polityka-prywatnosci\/\",\"name\":\"Polityka Prywatno\u015bci - RSCA\",\"isPartOf\":{\"@id\":\"http:\/\/rsca.grassrootslobbing.pl\/pl_PL\/#website\"},\"datePublished\":\"0001-01-06T09:47:00+00:00\",\"dateModified\":\"2024-01-03T21:48:35+00:00\",\"description\":\"Nasza Polityka Prywatno\u015bci precyzyjnie wyja\u015bnia, w jaki spos\u00f3b gromadzimy, przechowujemy i wykorzystujemy Twoje dane osobowe, korzystaj\u0105c z dedykowanej stronie internetowej po\u015bwi\u0119conej Reality Game Civilization & Reality Source Code Access. Jako inicjatywa \u201e0n40i4\u201d, z siedzib\u0105 w Oslo, dbamy o bezpiecze\u0144stwo Twoich informacji. Odkryj, jakie dane zbieramy, w jaki spos\u00f3b je przetwarzamy i jakie masz prawa zwi\u0105zane z ochron\u0105 prywatno\u015bci. Skontaktuj si\u0119 z nami, je\u015bli masz pytania lub chcesz skorzysta\u0107 z praw zwi\u0105zanych z Twoimi danymi osobowymi. Zale\u017cymy na transparentno\u015bci i ochronie Twoich danych \u2013 sprawd\u017a nasz\u0105 Polityk\u0119 Prywatno\u015bci regularnie, aby by\u0107 na bie\u017c\u0105co z ewentualnymi zmianami.\",\"inLanguage\":\"pl-PL\",\"potentialAction\":[{\"@type\":\"ReadAction\",\"target\":[\"http:\/\/rsca.grassrootslobbing.pl\/pl_PL\/polityka-prywatnosci\/\"]}]},{\"@type\":\"WebSite\",\"@id\":\"http:\/\/rsca.grassrootslobbing.pl\/pl_PL\/#website\",\"url\":\"http:\/\/rsca.grassrootslobbing.pl\/pl_PL\/\",\"name\":\"Reality Source Code Acces\",\"description\":\"\",\"publisher\":{\"@id\":\"http:\/\/rsca.grassrootslobbing.pl\/pl_PL\/#organization\"},\"potentialAction\":[{\"@type\":\"SearchAction\",\"target\":{\"@type\":\"EntryPoint\",\"urlTemplate\":\"http:\/\/rsca.grassrootslobbing.pl\/pl_PL\/?s={search_term_string}\"},\"query-input\":\"required name=search_term_string\"}],\"inLanguage\":\"pl-PL\"},{\"@type\":\"Organization\",\"@id\":\"http:\/\/rsca.grassrootslobbing.pl\/pl_PL\/#organization\",\"name\":\"Konsult 0n40i4\",\"url\":\"http:\/\/rsca.grassrootslobbing.pl\/pl_PL\/\",\"logo\":{\"@type\":\"ImageObject\",\"inLanguage\":\"pl-PL\",\"@id\":\"http:\/\/rsca.grassrootslobbing.pl\/pl_PL\/#\/schema\/logo\/image\/\",\"url\":\"http:\/\/rsca.grassrootslobbing.pl\/wp-content\/uploads\/2023\/12\/cropped-DALL\u00b7E-2023-12-31-08.54.33-A-modern-and-abstract-logo-for-Konsult-0n40i4-representing-an-interdimensional-legal-system.-The-design-should-embody-themes-of-law-dimensions-an.png\",\"contentUrl\":\"http:\/\/rsca.grassrootslobbing.pl\/wp-content\/uploads\/2023\/12\/cropped-DALL\u00b7E-2023-12-31-08.54.33-A-modern-and-abstract-logo-for-Konsult-0n40i4-representing-an-interdimensional-legal-system.-The-design-should-embody-themes-of-law-dimensions-an.png\",\"width\":1024,\"height\":835,\"caption\":\"Konsult 0n40i4\"},\"image\":{\"@id\":\"http:\/\/rsca.grassrootslobbing.pl\/pl_PL\/#\/schema\/logo\/image\/\"}}]}<\/script>\n<!-- \/ Yoast SEO plugin. -->","yoast_head_json":{"title":"Polityka Prywatno\u015bci - RSCA","description":"Nasza Polityka Prywatno\u015bci precyzyjnie wyja\u015bnia, w jaki spos\u00f3b gromadzimy, przechowujemy i wykorzystujemy Twoje dane osobowe, korzystaj\u0105c z dedykowanej stronie internetowej po\u015bwi\u0119conej Reality Game Civilization & Reality Source Code Access. Jako inicjatywa \u201e0n40i4\u201d, z siedzib\u0105 w Oslo, dbamy o bezpiecze\u0144stwo Twoich informacji. Odkryj, jakie dane zbieramy, w jaki spos\u00f3b je przetwarzamy i jakie masz prawa zwi\u0105zane z ochron\u0105 prywatno\u015bci. Skontaktuj si\u0119 z nami, je\u015bli masz pytania lub chcesz skorzysta\u0107 z praw zwi\u0105zanych z Twoimi danymi osobowymi. Zale\u017cymy na transparentno\u015bci i ochronie Twoich danych \u2013 sprawd\u017a nasz\u0105 Polityk\u0119 Prywatno\u015bci regularnie, aby by\u0107 na bie\u017c\u0105co z ewentualnymi zmianami.","robots":{"index":"index","follow":"follow","max-snippet":"max-snippet:-1","max-image-preview":"max-image-preview:large","max-video-preview":"max-video-preview:-1"},"canonical":"http:\/\/rsca.grassrootslobbing.pl\/pl_PL\/polityka-prywatnosci\/","og_locale":"pl_PL","og_type":"article","og_title":"Polityka Prywatno\u015bci - RSCA","og_description":"Nasza Polityka Prywatno\u015bci precyzyjnie wyja\u015bnia, w jaki spos\u00f3b gromadzimy, przechowujemy i wykorzystujemy Twoje dane osobowe, korzystaj\u0105c z dedykowanej stronie internetowej po\u015bwi\u0119conej Reality Game Civilization & Reality Source Code Access. Jako inicjatywa \u201e0n40i4\u201d, z siedzib\u0105 w Oslo, dbamy o bezpiecze\u0144stwo Twoich informacji. Odkryj, jakie dane zbieramy, w jaki spos\u00f3b je przetwarzamy i jakie masz prawa zwi\u0105zane z ochron\u0105 prywatno\u015bci. Skontaktuj si\u0119 z nami, je\u015bli masz pytania lub chcesz skorzysta\u0107 z praw zwi\u0105zanych z Twoimi danymi osobowymi. Zale\u017cymy na transparentno\u015bci i ochronie Twoich danych \u2013 sprawd\u017a nasz\u0105 Polityk\u0119 Prywatno\u015bci regularnie, aby by\u0107 na bie\u017c\u0105co z ewentualnymi zmianami.","og_url":"http:\/\/rsca.grassrootslobbing.pl\/pl_PL\/polityka-prywatnosci\/","og_site_name":"RSCA","article_modified_time":"2024-01-03T21:48:35+00:00","twitter_card":"summary_large_image","twitter_misc":{"Szacowany czas czytania":"3 minuty"},"schema":{"@context":"https:\/\/schema.org","@graph":[{"@type":"WebPage","@id":"http:\/\/rsca.grassrootslobbing.pl\/pl_PL\/polityka-prywatnosci\/","url":"http:\/\/rsca.grassrootslobbing.pl\/pl_PL\/polityka-prywatnosci\/","name":"Polityka Prywatno\u015bci - RSCA","isPartOf":{"@id":"http:\/\/rsca.grassrootslobbing.pl\/pl_PL\/#website"},"datePublished":"0001-01-06T09:47:00+00:00","dateModified":"2024-01-03T21:48:35+00:00","description":"Nasza Polityka Prywatno\u015bci precyzyjnie wyja\u015bnia, w jaki spos\u00f3b gromadzimy, przechowujemy i wykorzystujemy Twoje dane osobowe, korzystaj\u0105c z dedykowanej stronie internetowej po\u015bwi\u0119conej Reality Game Civilization & Reality Source Code Access. Jako inicjatywa \u201e0n40i4\u201d, z siedzib\u0105 w Oslo, dbamy o bezpiecze\u0144stwo Twoich informacji. Odkryj, jakie dane zbieramy, w jaki spos\u00f3b je przetwarzamy i jakie masz prawa zwi\u0105zane z ochron\u0105 prywatno\u015bci. Skontaktuj si\u0119 z nami, je\u015bli masz pytania lub chcesz skorzysta\u0107 z praw zwi\u0105zanych z Twoimi danymi osobowymi. Zale\u017cymy na transparentno\u015bci i ochronie Twoich danych \u2013 sprawd\u017a nasz\u0105 Polityk\u0119 Prywatno\u015bci regularnie, aby by\u0107 na bie\u017c\u0105co z ewentualnymi zmianami.","inLanguage":"pl-PL","potentialAction":[{"@type":"ReadAction","target":["http:\/\/rsca.grassrootslobbing.pl\/pl_PL\/polityka-prywatnosci\/"]}]},{"@type":"WebSite","@id":"http:\/\/rsca.grassrootslobbing.pl\/pl_PL\/#website","url":"http:\/\/rsca.grassrootslobbing.pl\/pl_PL\/","name":"Reality Source Code Acces","description":"","publisher":{"@id":"http:\/\/rsca.grassrootslobbing.pl\/pl_PL\/#organization"},"potentialAction":[{"@type":"SearchAction","target":{"@type":"EntryPoint","urlTemplate":"http:\/\/rsca.grassrootslobbing.pl\/pl_PL\/?s={search_term_string}"},"query-input":"required name=search_term_string"}],"inLanguage":"pl-PL"},{"@type":"Organization","@id":"http:\/\/rsca.grassrootslobbing.pl\/pl_PL\/#organization","name":"Konsult 0n40i4","url":"http:\/\/rsca.grassrootslobbing.pl\/pl_PL\/","logo":{"@type":"ImageObject","inLanguage":"pl-PL","@id":"http:\/\/rsca.grassrootslobbing.pl\/pl_PL\/#\/schema\/logo\/image\/","url":"http:\/\/rsca.grassrootslobbing.pl\/wp-content\/uploads\/2023\/12\/cropped-DALL\u00b7E-2023-12-31-08.54.33-A-modern-and-abstract-logo-for-Konsult-0n40i4-representing-an-interdimensional-legal-system.-The-design-should-embody-themes-of-law-dimensions-an.png","contentUrl":"http:\/\/rsca.grassrootslobbing.pl\/wp-content\/uploads\/2023\/12\/cropped-DALL\u00b7E-2023-12-31-08.54.33-A-modern-and-abstract-logo-for-Konsult-0n40i4-representing-an-interdimensional-legal-system.-The-design-should-embody-themes-of-law-dimensions-an.png","width":1024,"height":835,"caption":"Konsult 0n40i4"},"image":{"@id":"http:\/\/rsca.grassrootslobbing.pl\/pl_PL\/#\/schema\/logo\/image\/"}}]}},"_links":{"self":[{"href":"http:\/\/rsca.grassrootslobbing.pl\/pl_PL\/wp-json\/wp\/v2\/pages\/693","targetHints":{"allow":["GET"]}}],"collection":[{"href":"http:\/\/rsca.grassrootslobbing.pl\/pl_PL\/wp-json\/wp\/v2\/pages"}],"about":[{"href":"http:\/\/rsca.grassrootslobbing.pl\/pl_PL\/wp-json\/wp\/v2\/types\/page"}],"author":[{"embeddable":true,"href":"http:\/\/rsca.grassrootslobbing.pl\/pl_PL\/wp-json\/wp\/v2\/users\/2"}],"replies":[{"embeddable":true,"href":"http:\/\/rsca.grassrootslobbing.pl\/pl_PL\/wp-json\/wp\/v2\/comments?post=693"}],"version-history":[{"count":3,"href":"http:\/\/rsca.grassrootslobbing.pl\/pl_PL\/wp-json\/wp\/v2\/pages\/693\/revisions"}],"predecessor-version":[{"id":3683,"href":"http:\/\/rsca.grassrootslobbing.pl\/pl_PL\/wp-json\/wp\/v2\/pages\/693\/revisions\/3683"}],"wp:attachment":[{"href":"http:\/\/rsca.grassrootslobbing.pl\/pl_PL\/wp-json\/wp\/v2\/media?parent=693"}],"curies":[{"name":"wp","href":"https:\/\/api.w.org\/{rel}","templated":true}]}}