{"id":4341,"date":"2024-01-07T18:35:17","date_gmt":"2024-01-07T17:35:17","guid":{"rendered":"https:\/\/rsca.0n40i4.pl\/?page_id=4341"},"modified":"2024-01-08T05:50:04","modified_gmt":"2024-01-08T04:50:04","slug":"szanowny-kanclerzu-olaf","status":"publish","type":"page","link":"http:\/\/rsca.grassrootslobbing.pl\/pl_PL\/szanowny-kanclerzu-olaf\/","title":{"rendered":"Szanowny Kanclerzu Olaf,"},"content":{"rendered":"\n<h2 class=\"wp-block-heading has-text-align-center\" style=\"margin-top:5px;margin-bottom:5px;font-size:22px\">W nawi\u0105zaniu do naszego nadchodz\u0105cego pojedynku w ramach gry <\/h2>\n\n\n\n<p class=\"has-text-align-center\" style=\"margin-top:5px;margin-bottom:5px;font-size:22px\">&#8222;<strong>Operacja Kwantowe Reparacje<\/strong>&#8222;, <\/p>\n\n\n\n<p class=\"has-text-align-center has-medium-font-size\" style=\"margin-top:5px;margin-bottom:5px\">pragn\u0119 przedstawi\u0107 zdefiniowane cele, <\/p>\n\n\n\n<p class=\"has-text-align-center has-medium-font-size\" style=\"margin-top:5px;margin-bottom:5px\">kt\u00f3re b\u0119d\u0119 d\u0105\u017cy\u0142 do osi\u0105gni\u0119cia. <\/p>\n\n\n\n<p class=\"has-text-align-center has-medium-font-size\" style=\"margin-top:5px;margin-bottom:5px\">Nasza rozgrywka b\u0119dzie skoncentrowana na nast\u0119puj\u0105cych celach:<\/p>\n\n\n\n<p class=\"has-text-align-center\" style=\"margin-top:5px;margin-bottom:5px;font-size:23px\"><strong>Rozwi\u0105zanie Istniej\u0105cych Konflikt\u00f3w<\/strong><\/p>\n\n\n\n<p class=\"has-text-align-center has-medium-font-size\" style=\"margin-top:5px;margin-bottom:5px\">W spos\u00f3b konstruktywny i zgodny z zasadami etyki.<\/p>\n\n\n\n<p class=\"has-text-align-center\" style=\"margin-top:5px;margin-bottom:5px;font-size:23px\"><strong>Promocja Dialogu i Wsp\u00f3\u0142pracy<\/strong><\/p>\n\n\n\n<p class=\"has-text-align-center has-medium-font-size\" style=\"margin-top:5px;margin-bottom:5px\"> Przy wykorzystaniu naszych umiej\u0119tno\u015bci dyplomatycznych i strategicznych.<\/p>\n\n\n\n<h2 class=\"wp-block-heading has-text-align-center\" style=\"margin-top:5px;margin-bottom:5px;font-size:23px\"><strong>Osi\u0105gni\u0119cie Wzajemnego Zrozumienia<\/strong><\/h2>\n\n\n\n<h2 class=\"wp-block-heading has-text-align-center has-medium-font-size\" style=\"margin-top:5px;margin-bottom:5px\">W poszukiwaniu rozwi\u0105za\u0144 korzystnych dla obu stron.<\/h2>\n\n\n\n<p class=\"has-text-align-center has-medium-font-size\" style=\"margin-top:5px;margin-bottom:5px\">Celem jest nie tylko rozstrzygni\u0119cie naszych r\u00f3\u017cnic, ale tak\u017ce pokazanie,<\/p>\n\n\n\n<p class=\"has-text-align-center has-medium-font-size\" style=\"margin-top:5px;margin-bottom:5px\"> \u017ce nawet w obliczu wyzwa\u0144, mo\u017cemy dzia\u0142a\u0107 w duchu wzajemnego szacunku i wsp\u00f3\u0142pracy.<\/p>\n\n\n\n<div style=\"height:10px\" aria-hidden=\"true\" class=\"wp-block-spacer\"><\/div>\n\n\n\n<h2 class=\"wp-block-heading has-text-align-center\" style=\"font-size:23px\"><strong>Z szacunkiem, 0n40i4<\/strong><\/h2>\n\n\n\n<hr class=\"wp-block-separator has-alpha-channel-opacity is-style-wide\"\/>\n\n\n\n<h2 class=\"wp-block-heading\" style=\"font-size:22px\"><strong>Konsult 0n40i4<\/strong><\/h2>\n","protected":false},"excerpt":{"rendered":"<p>W nawi\u0105zaniu do naszego nadchodz\u0105cego pojedynku w ramach gry &#8222;Operacja Kwantowe Reparacje&#8222;, pragn\u0119 przedstawi\u0107 zdefiniowane cele, kt\u00f3re b\u0119d\u0119 d\u0105\u017cy\u0142 do osi\u0105gni\u0119cia. Nasza rozgrywka b\u0119dzie skoncentrowana na nast\u0119puj\u0105cych celach: Rozwi\u0105zanie Istniej\u0105cych Konflikt\u00f3w W spos\u00f3b konstruktywny i zgodny z zasadami etyki. Promocja Dialogu i Wsp\u00f3\u0142pracy Przy wykorzystaniu naszych umiej\u0119tno\u015bci dyplomatycznych i strategicznych. Osi\u0105gni\u0119cie Wzajemnego Zrozumienia W poszukiwaniu [&hellip;]<\/p>\n","protected":false},"author":2,"featured_media":4470,"parent":0,"menu_order":0,"comment_status":"closed","ping_status":"closed","template":"","meta":{"site-sidebar-layout":"default","site-content-layout":"","ast-site-content-layout":"default","site-content-style":"default","site-sidebar-style":"default","ast-global-header-display":"","ast-banner-title-visibility":"","ast-main-header-display":"","ast-hfb-above-header-display":"","ast-hfb-below-header-display":"","ast-hfb-mobile-header-display":"","site-post-title":"","ast-breadcrumbs-content":"","ast-featured-img":"","footer-sml-layout":"","ast-disable-related-posts":"","theme-transparent-header-meta":"","adv-header-id-meta":"","stick-header-meta":"","header-above-stick-meta":"","header-main-stick-meta":"","header-below-stick-meta":"","astra-migrate-meta-layouts":"default","ast-page-background-enabled":"default","ast-page-background-meta":{"desktop":{"background-color":"var(--ast-global-color-4)","background-image":"","background-repeat":"repeat","background-position":"center center","background-size":"auto","background-attachment":"scroll","background-type":"","background-media":"","overlay-type":"","overlay-color":"","overlay-opacity":"","overlay-gradient":""},"tablet":{"background-color":"","background-image":"","background-repeat":"repeat","background-position":"center center","background-size":"auto","background-attachment":"scroll","background-type":"","background-media":"","overlay-type":"","overlay-color":"","overlay-opacity":"","overlay-gradient":""},"mobile":{"background-color":"","background-image":"","background-repeat":"repeat","background-position":"center center","background-size":"auto","background-attachment":"scroll","background-type":"","background-media":"","overlay-type":"","overlay-color":"","overlay-opacity":"","overlay-gradient":""}},"ast-content-background-meta":{"desktop":{"background-color":"var(--ast-global-color-5)","background-image":"","background-repeat":"repeat","background-position":"center center","background-size":"auto","background-attachment":"scroll","background-type":"","background-media":"","overlay-type":"","overlay-color":"","overlay-opacity":"","overlay-gradient":""},"tablet":{"background-color":"var(--ast-global-color-5)","background-image":"","background-repeat":"repeat","background-position":"center center","background-size":"auto","background-attachment":"scroll","background-type":"","background-media":"","overlay-type":"","overlay-color":"","overlay-opacity":"","overlay-gradient":""},"mobile":{"background-color":"var(--ast-global-color-5)","background-image":"","background-repeat":"repeat","background-position":"center center","background-size":"auto","background-attachment":"scroll","background-type":"","background-media":"","overlay-type":"","overlay-color":"","overlay-opacity":"","overlay-gradient":""}},"footnotes":""},"class_list":["post-4341","page","type-page","status-publish","has-post-thumbnail","hentry"],"yoast_head":"<!-- This site is optimized with the Yoast SEO plugin v21.9.1 - https:\/\/yoast.com\/wordpress\/plugins\/seo\/ -->\n<title>Szanowny Kanclerzu Olaf, - RSCA<\/title>\n<meta name=\"description\" content=\"&quot;W kontek\u015bcie nadchodz\u0105cego pojedynku w grze &#039;Operacja Kwantowe Reparacje&#039;, przedstawiam zdefiniowane cele koncentruj\u0105ce si\u0119 na rozwi\u0105zaniu konflikt\u00f3w, promocji dialogu oraz osi\u0105gni\u0119ciu wzajemnego zrozumienia. Nasza rozgrywka opiera si\u0119 na zasadach etyki, umiej\u0119tno\u015bciach dyplomatycznych i wsp\u00f3\u0142pracy, maj\u0105c na celu nie tylko rozstrzygni\u0119cie r\u00f3\u017cnic, ale tak\u017ce pokazanie, \u017ce w obliczu wyzwa\u0144 mo\u017cemy dzia\u0142a\u0107 z szacunkiem i wsp\u00f3lnie d\u0105\u017cy\u0107 do korzystnych rozwi\u0105za\u0144.&quot;\" \/>\n<meta name=\"robots\" content=\"index, follow, max-snippet:-1, max-image-preview:large, max-video-preview:-1\" \/>\n<link rel=\"canonical\" href=\"http:\/\/rsca.grassrootslobbing.pl\/pl_PL\/szanowny-kanclerzu-olaf\/\" \/>\n<meta property=\"og:locale\" content=\"pl_PL\" \/>\n<meta property=\"og:type\" content=\"article\" \/>\n<meta property=\"og:title\" content=\"Szanowny Kanclerzu Olaf, - RSCA\" \/>\n<meta property=\"og:description\" content=\"&quot;W kontek\u015bcie nadchodz\u0105cego pojedynku w grze &#039;Operacja Kwantowe Reparacje&#039;, przedstawiam zdefiniowane cele koncentruj\u0105ce si\u0119 na rozwi\u0105zaniu konflikt\u00f3w, promocji dialogu oraz osi\u0105gni\u0119ciu wzajemnego zrozumienia. Nasza rozgrywka opiera si\u0119 na zasadach etyki, umiej\u0119tno\u015bciach dyplomatycznych i wsp\u00f3\u0142pracy, maj\u0105c na celu nie tylko rozstrzygni\u0119cie r\u00f3\u017cnic, ale tak\u017ce pokazanie, \u017ce w obliczu wyzwa\u0144 mo\u017cemy dzia\u0142a\u0107 z szacunkiem i wsp\u00f3lnie d\u0105\u017cy\u0107 do korzystnych rozwi\u0105za\u0144.&quot;\" \/>\n<meta property=\"og:url\" content=\"http:\/\/rsca.grassrootslobbing.pl\/pl_PL\/szanowny-kanclerzu-olaf\/\" \/>\n<meta property=\"og:site_name\" content=\"RSCA\" \/>\n<meta property=\"article:modified_time\" content=\"2024-01-08T04:50:04+00:00\" \/>\n<meta property=\"og:image\" content=\"http:\/\/rsca.grassrootslobbing.pl\/wp-content\/uploads\/2024\/01\/DALL\u00b7E-2024-01-08-05.44.06-Create-an-image-representing-a-letter-from-0n40i4-to-Chancellor-Olaf-discussing-the-upcoming-duel-in-the-game-Operation-Quantum-Reparations.-The-im.png\" \/>\n\t<meta property=\"og:image:width\" content=\"1024\" \/>\n\t<meta property=\"og:image:height\" content=\"1024\" \/>\n\t<meta property=\"og:image:type\" content=\"image\/png\" \/>\n<meta name=\"twitter:card\" content=\"summary_large_image\" \/>\n<meta name=\"twitter:label1\" content=\"Szacowany czas czytania\" \/>\n\t<meta name=\"twitter:data1\" content=\"1 minuta\" \/>\n<script type=\"application\/ld+json\" class=\"yoast-schema-graph\">{\"@context\":\"https:\/\/schema.org\",\"@graph\":[{\"@type\":\"WebPage\",\"@id\":\"http:\/\/rsca.grassrootslobbing.pl\/pl_PL\/szanowny-kanclerzu-olaf\/\",\"url\":\"http:\/\/rsca.grassrootslobbing.pl\/pl_PL\/szanowny-kanclerzu-olaf\/\",\"name\":\"Szanowny Kanclerzu Olaf, - RSCA\",\"isPartOf\":{\"@id\":\"http:\/\/rsca.grassrootslobbing.pl\/pl_PL\/#website\"},\"datePublished\":\"2024-01-07T17:35:17+00:00\",\"dateModified\":\"2024-01-08T04:50:04+00:00\",\"description\":\"\\\"W kontek\u015bcie nadchodz\u0105cego pojedynku w grze 'Operacja Kwantowe Reparacje', przedstawiam zdefiniowane cele koncentruj\u0105ce si\u0119 na rozwi\u0105zaniu konflikt\u00f3w, promocji dialogu oraz osi\u0105gni\u0119ciu wzajemnego zrozumienia. Nasza rozgrywka opiera si\u0119 na zasadach etyki, umiej\u0119tno\u015bciach dyplomatycznych i wsp\u00f3\u0142pracy, maj\u0105c na celu nie tylko rozstrzygni\u0119cie r\u00f3\u017cnic, ale tak\u017ce pokazanie, \u017ce w obliczu wyzwa\u0144 mo\u017cemy dzia\u0142a\u0107 z szacunkiem i wsp\u00f3lnie d\u0105\u017cy\u0107 do korzystnych rozwi\u0105za\u0144.\\\"\",\"inLanguage\":\"pl-PL\",\"potentialAction\":[{\"@type\":\"ReadAction\",\"target\":[\"http:\/\/rsca.grassrootslobbing.pl\/pl_PL\/szanowny-kanclerzu-olaf\/\"]}]},{\"@type\":\"WebSite\",\"@id\":\"http:\/\/rsca.grassrootslobbing.pl\/pl_PL\/#website\",\"url\":\"http:\/\/rsca.grassrootslobbing.pl\/pl_PL\/\",\"name\":\"Reality Source Code Acces\",\"description\":\"\",\"publisher\":{\"@id\":\"http:\/\/rsca.grassrootslobbing.pl\/pl_PL\/#organization\"},\"potentialAction\":[{\"@type\":\"SearchAction\",\"target\":{\"@type\":\"EntryPoint\",\"urlTemplate\":\"http:\/\/rsca.grassrootslobbing.pl\/pl_PL\/?s={search_term_string}\"},\"query-input\":\"required name=search_term_string\"}],\"inLanguage\":\"pl-PL\"},{\"@type\":\"Organization\",\"@id\":\"http:\/\/rsca.grassrootslobbing.pl\/pl_PL\/#organization\",\"name\":\"Konsult 0n40i4\",\"url\":\"http:\/\/rsca.grassrootslobbing.pl\/pl_PL\/\",\"logo\":{\"@type\":\"ImageObject\",\"inLanguage\":\"pl-PL\",\"@id\":\"http:\/\/rsca.grassrootslobbing.pl\/pl_PL\/#\/schema\/logo\/image\/\",\"url\":\"http:\/\/rsca.grassrootslobbing.pl\/wp-content\/uploads\/2023\/12\/cropped-DALL\u00b7E-2023-12-31-08.54.33-A-modern-and-abstract-logo-for-Konsult-0n40i4-representing-an-interdimensional-legal-system.-The-design-should-embody-themes-of-law-dimensions-an.png\",\"contentUrl\":\"http:\/\/rsca.grassrootslobbing.pl\/wp-content\/uploads\/2023\/12\/cropped-DALL\u00b7E-2023-12-31-08.54.33-A-modern-and-abstract-logo-for-Konsult-0n40i4-representing-an-interdimensional-legal-system.-The-design-should-embody-themes-of-law-dimensions-an.png\",\"width\":1024,\"height\":835,\"caption\":\"Konsult 0n40i4\"},\"image\":{\"@id\":\"http:\/\/rsca.grassrootslobbing.pl\/pl_PL\/#\/schema\/logo\/image\/\"}}]}<\/script>\n<!-- \/ Yoast SEO plugin. -->","yoast_head_json":{"title":"Szanowny Kanclerzu Olaf, - RSCA","description":"\"W kontek\u015bcie nadchodz\u0105cego pojedynku w grze 'Operacja Kwantowe Reparacje', przedstawiam zdefiniowane cele koncentruj\u0105ce si\u0119 na rozwi\u0105zaniu konflikt\u00f3w, promocji dialogu oraz osi\u0105gni\u0119ciu wzajemnego zrozumienia. Nasza rozgrywka opiera si\u0119 na zasadach etyki, umiej\u0119tno\u015bciach dyplomatycznych i wsp\u00f3\u0142pracy, maj\u0105c na celu nie tylko rozstrzygni\u0119cie r\u00f3\u017cnic, ale tak\u017ce pokazanie, \u017ce w obliczu wyzwa\u0144 mo\u017cemy dzia\u0142a\u0107 z szacunkiem i wsp\u00f3lnie d\u0105\u017cy\u0107 do korzystnych rozwi\u0105za\u0144.\"","robots":{"index":"index","follow":"follow","max-snippet":"max-snippet:-1","max-image-preview":"max-image-preview:large","max-video-preview":"max-video-preview:-1"},"canonical":"http:\/\/rsca.grassrootslobbing.pl\/pl_PL\/szanowny-kanclerzu-olaf\/","og_locale":"pl_PL","og_type":"article","og_title":"Szanowny Kanclerzu Olaf, - RSCA","og_description":"\"W kontek\u015bcie nadchodz\u0105cego pojedynku w grze 'Operacja Kwantowe Reparacje', przedstawiam zdefiniowane cele koncentruj\u0105ce si\u0119 na rozwi\u0105zaniu konflikt\u00f3w, promocji dialogu oraz osi\u0105gni\u0119ciu wzajemnego zrozumienia. Nasza rozgrywka opiera si\u0119 na zasadach etyki, umiej\u0119tno\u015bciach dyplomatycznych i wsp\u00f3\u0142pracy, maj\u0105c na celu nie tylko rozstrzygni\u0119cie r\u00f3\u017cnic, ale tak\u017ce pokazanie, \u017ce w obliczu wyzwa\u0144 mo\u017cemy dzia\u0142a\u0107 z szacunkiem i wsp\u00f3lnie d\u0105\u017cy\u0107 do korzystnych rozwi\u0105za\u0144.\"","og_url":"http:\/\/rsca.grassrootslobbing.pl\/pl_PL\/szanowny-kanclerzu-olaf\/","og_site_name":"RSCA","article_modified_time":"2024-01-08T04:50:04+00:00","og_image":[{"url":"http:\/\/rsca.grassrootslobbing.pl\/wp-content\/uploads\/2024\/01\/DALL\u00b7E-2024-01-08-05.44.06-Create-an-image-representing-a-letter-from-0n40i4-to-Chancellor-Olaf-discussing-the-upcoming-duel-in-the-game-Operation-Quantum-Reparations.-The-im.png","width":1024,"height":1024,"type":"image\/png"}],"twitter_card":"summary_large_image","twitter_misc":{"Szacowany czas czytania":"1 minuta"},"schema":{"@context":"https:\/\/schema.org","@graph":[{"@type":"WebPage","@id":"http:\/\/rsca.grassrootslobbing.pl\/pl_PL\/szanowny-kanclerzu-olaf\/","url":"http:\/\/rsca.grassrootslobbing.pl\/pl_PL\/szanowny-kanclerzu-olaf\/","name":"Szanowny Kanclerzu Olaf, - RSCA","isPartOf":{"@id":"http:\/\/rsca.grassrootslobbing.pl\/pl_PL\/#website"},"datePublished":"2024-01-07T17:35:17+00:00","dateModified":"2024-01-08T04:50:04+00:00","description":"\"W kontek\u015bcie nadchodz\u0105cego pojedynku w grze 'Operacja Kwantowe Reparacje', przedstawiam zdefiniowane cele koncentruj\u0105ce si\u0119 na rozwi\u0105zaniu konflikt\u00f3w, promocji dialogu oraz osi\u0105gni\u0119ciu wzajemnego zrozumienia. Nasza rozgrywka opiera si\u0119 na zasadach etyki, umiej\u0119tno\u015bciach dyplomatycznych i wsp\u00f3\u0142pracy, maj\u0105c na celu nie tylko rozstrzygni\u0119cie r\u00f3\u017cnic, ale tak\u017ce pokazanie, \u017ce w obliczu wyzwa\u0144 mo\u017cemy dzia\u0142a\u0107 z szacunkiem i wsp\u00f3lnie d\u0105\u017cy\u0107 do korzystnych rozwi\u0105za\u0144.\"","inLanguage":"pl-PL","potentialAction":[{"@type":"ReadAction","target":["http:\/\/rsca.grassrootslobbing.pl\/pl_PL\/szanowny-kanclerzu-olaf\/"]}]},{"@type":"WebSite","@id":"http:\/\/rsca.grassrootslobbing.pl\/pl_PL\/#website","url":"http:\/\/rsca.grassrootslobbing.pl\/pl_PL\/","name":"Reality Source Code Acces","description":"","publisher":{"@id":"http:\/\/rsca.grassrootslobbing.pl\/pl_PL\/#organization"},"potentialAction":[{"@type":"SearchAction","target":{"@type":"EntryPoint","urlTemplate":"http:\/\/rsca.grassrootslobbing.pl\/pl_PL\/?s={search_term_string}"},"query-input":"required name=search_term_string"}],"inLanguage":"pl-PL"},{"@type":"Organization","@id":"http:\/\/rsca.grassrootslobbing.pl\/pl_PL\/#organization","name":"Konsult 0n40i4","url":"http:\/\/rsca.grassrootslobbing.pl\/pl_PL\/","logo":{"@type":"ImageObject","inLanguage":"pl-PL","@id":"http:\/\/rsca.grassrootslobbing.pl\/pl_PL\/#\/schema\/logo\/image\/","url":"http:\/\/rsca.grassrootslobbing.pl\/wp-content\/uploads\/2023\/12\/cropped-DALL\u00b7E-2023-12-31-08.54.33-A-modern-and-abstract-logo-for-Konsult-0n40i4-representing-an-interdimensional-legal-system.-The-design-should-embody-themes-of-law-dimensions-an.png","contentUrl":"http:\/\/rsca.grassrootslobbing.pl\/wp-content\/uploads\/2023\/12\/cropped-DALL\u00b7E-2023-12-31-08.54.33-A-modern-and-abstract-logo-for-Konsult-0n40i4-representing-an-interdimensional-legal-system.-The-design-should-embody-themes-of-law-dimensions-an.png","width":1024,"height":835,"caption":"Konsult 0n40i4"},"image":{"@id":"http:\/\/rsca.grassrootslobbing.pl\/pl_PL\/#\/schema\/logo\/image\/"}}]}},"_links":{"self":[{"href":"http:\/\/rsca.grassrootslobbing.pl\/pl_PL\/wp-json\/wp\/v2\/pages\/4341","targetHints":{"allow":["GET"]}}],"collection":[{"href":"http:\/\/rsca.grassrootslobbing.pl\/pl_PL\/wp-json\/wp\/v2\/pages"}],"about":[{"href":"http:\/\/rsca.grassrootslobbing.pl\/pl_PL\/wp-json\/wp\/v2\/types\/page"}],"author":[{"embeddable":true,"href":"http:\/\/rsca.grassrootslobbing.pl\/pl_PL\/wp-json\/wp\/v2\/users\/2"}],"replies":[{"embeddable":true,"href":"http:\/\/rsca.grassrootslobbing.pl\/pl_PL\/wp-json\/wp\/v2\/comments?post=4341"}],"version-history":[{"count":9,"href":"http:\/\/rsca.grassrootslobbing.pl\/pl_PL\/wp-json\/wp\/v2\/pages\/4341\/revisions"}],"predecessor-version":[{"id":4474,"href":"http:\/\/rsca.grassrootslobbing.pl\/pl_PL\/wp-json\/wp\/v2\/pages\/4341\/revisions\/4474"}],"wp:featuredmedia":[{"embeddable":true,"href":"http:\/\/rsca.grassrootslobbing.pl\/pl_PL\/wp-json\/wp\/v2\/media\/4470"}],"wp:attachment":[{"href":"http:\/\/rsca.grassrootslobbing.pl\/pl_PL\/wp-json\/wp\/v2\/media?parent=4341"}],"curies":[{"name":"wp","href":"https:\/\/api.w.org\/{rel}","templated":true}]}}