{"id":4338,"date":"2024-01-07T18:33:52","date_gmt":"2024-01-07T17:33:52","guid":{"rendered":"https:\/\/rsca.0n40i4.pl\/?page_id=4338"},"modified":"2024-01-08T05:57:07","modified_gmt":"2024-01-08T04:57:07","slug":"szanowni-przedstawiciele-i-wspolpracownicy-kanclerza-olafa","status":"publish","type":"page","link":"http:\/\/rsca.grassrootslobbing.pl\/pl_PL\/szanowni-przedstawiciele-i-wspolpracownicy-kanclerza-olafa\/","title":{"rendered":"Szanowni przedstawiciele Kanclerza Olafa"},"content":{"rendered":"\n<h2 class=\"wp-block-heading has-text-align-center\" style=\"margin-top:5px;margin-bottom:5px;font-size:25px\"><strong>Pragn\u0119 poinformowa\u0107, \u017ce <\/strong><\/h2>\n\n\n\n<p class=\"has-text-align-center has-medium-font-size\" style=\"margin-top:5px;margin-right:0;margin-bottom:5px;margin-left:0\">w odpowiedzi na niedawne dzia\u0142ania <strong>Kanclerza<\/strong>,<\/p>\n\n\n\n<h2 class=\"wp-block-heading has-text-align-center has-medium-font-size\" style=\"margin-top:5px;margin-bottom:5px\"> kt\u00f3re narusza\u0142y zasady fair play i etyki, <\/h2>\n\n\n\n<h2 class=\"wp-block-heading has-text-align-center has-medium-font-size\" style=\"margin-top:5px;margin-bottom:5px\">podj\u0105\u0142em decyzj\u0119 o wyzwaniu go do uczestnictwa w grze <\/h2>\n\n\n\n<h2 class=\"wp-block-heading has-text-align-center\" style=\"margin-top:5px;margin-bottom:5px;font-size:28px\">&#8222;<strong>Operacja Kwantowe Reparacje<\/strong>&#8222;<\/h2>\n\n\n\n<p class=\"has-text-align-center has-medium-font-size\" style=\"margin-top:5px;margin-bottom:5px\">Ta decyzja jest wynikiem konieczno\u015bci rozwi\u0105zania <\/p>\n\n\n\n<p class=\"has-text-align-center has-medium-font-size\" style=\"margin-top:5px;margin-bottom:5px\">istniej\u0105cych konflikt\u00f3w w duchu szacunku i sprawiedliwo\u015bci.<\/p>\n\n\n\n<p class=\"has-text-align-center has-medium-font-size\" style=\"margin-top:5px;margin-bottom:5px\">Wierz\u0119, \u017ce ta rywalizacja, prowadzona zgodnie z ustalonymi zasadami, <\/p>\n\n\n\n<p class=\"has-text-align-center has-medium-font-size\" style=\"margin-top:5px;margin-bottom:5px\">przyniesie konstruktywne rozwi\u0105zania.<\/p>\n\n\n\n<p class=\"has-text-align-center has-medium-font-size\" style=\"margin-top:5px;margin-bottom:5px\"> Jest to okazja do wykazania si\u0119 uczciwo\u015bci\u0105 <\/p>\n\n\n\n<p class=\"has-text-align-center has-medium-font-size\" style=\"margin-top:5px;margin-bottom:5px\">i zaanga\u017cowaniem w szlachetn\u0105 rywalizacj\u0119.<\/p>\n\n\n\n<h2 class=\"wp-block-heading has-text-align-center\" style=\"font-size:23px\"><strong> Z szacunkiem, 0n40i4<\/strong><\/h2>\n\n\n\n<hr class=\"wp-block-separator has-alpha-channel-opacity is-style-wide\"\/>\n\n\n\n<h2 class=\"wp-block-heading\" style=\"font-size:22px\"><strong>Konsult 0n40i4<\/strong><\/h2>\n","protected":false},"excerpt":{"rendered":"<p>Pragn\u0119 poinformowa\u0107, \u017ce w odpowiedzi na niedawne dzia\u0142ania Kanclerza, kt\u00f3re narusza\u0142y zasady fair play i etyki, podj\u0105\u0142em decyzj\u0119 o wyzwaniu go do uczestnictwa w grze &#8222;Operacja Kwantowe Reparacje&#8222; Ta decyzja jest wynikiem konieczno\u015bci rozwi\u0105zania istniej\u0105cych konflikt\u00f3w w duchu szacunku i sprawiedliwo\u015bci. Wierz\u0119, \u017ce ta rywalizacja, prowadzona zgodnie z ustalonymi zasadami, przyniesie konstruktywne rozwi\u0105zania. Jest to [&hellip;]<\/p>\n","protected":false},"author":2,"featured_media":4455,"parent":0,"menu_order":0,"comment_status":"closed","ping_status":"closed","template":"","meta":{"site-sidebar-layout":"default","site-content-layout":"","ast-site-content-layout":"default","site-content-style":"default","site-sidebar-style":"default","ast-global-header-display":"","ast-banner-title-visibility":"","ast-main-header-display":"","ast-hfb-above-header-display":"","ast-hfb-below-header-display":"","ast-hfb-mobile-header-display":"","site-post-title":"","ast-breadcrumbs-content":"","ast-featured-img":"","footer-sml-layout":"","ast-disable-related-posts":"","theme-transparent-header-meta":"","adv-header-id-meta":"","stick-header-meta":"","header-above-stick-meta":"","header-main-stick-meta":"","header-below-stick-meta":"","astra-migrate-meta-layouts":"default","ast-page-background-enabled":"default","ast-page-background-meta":{"desktop":{"background-color":"var(--ast-global-color-4)","background-image":"","background-repeat":"repeat","background-position":"center center","background-size":"auto","background-attachment":"scroll","background-type":"","background-media":"","overlay-type":"","overlay-color":"","overlay-opacity":"","overlay-gradient":""},"tablet":{"background-color":"","background-image":"","background-repeat":"repeat","background-position":"center center","background-size":"auto","background-attachment":"scroll","background-type":"","background-media":"","overlay-type":"","overlay-color":"","overlay-opacity":"","overlay-gradient":""},"mobile":{"background-color":"","background-image":"","background-repeat":"repeat","background-position":"center center","background-size":"auto","background-attachment":"scroll","background-type":"","background-media":"","overlay-type":"","overlay-color":"","overlay-opacity":"","overlay-gradient":""}},"ast-content-background-meta":{"desktop":{"background-color":"var(--ast-global-color-5)","background-image":"","background-repeat":"repeat","background-position":"center center","background-size":"auto","background-attachment":"scroll","background-type":"","background-media":"","overlay-type":"","overlay-color":"","overlay-opacity":"","overlay-gradient":""},"tablet":{"background-color":"var(--ast-global-color-5)","background-image":"","background-repeat":"repeat","background-position":"center center","background-size":"auto","background-attachment":"scroll","background-type":"","background-media":"","overlay-type":"","overlay-color":"","overlay-opacity":"","overlay-gradient":""},"mobile":{"background-color":"var(--ast-global-color-5)","background-image":"","background-repeat":"repeat","background-position":"center center","background-size":"auto","background-attachment":"scroll","background-type":"","background-media":"","overlay-type":"","overlay-color":"","overlay-opacity":"","overlay-gradient":""}},"footnotes":""},"class_list":["post-4338","page","type-page","status-publish","has-post-thumbnail","hentry"],"yoast_head":"<!-- This site is optimized with the Yoast SEO plugin v21.9.1 - https:\/\/yoast.com\/wordpress\/plugins\/seo\/ -->\n<title>Szanowni przedstawiciele Kanclerza Olafa - RSCA<\/title>\n<meta name=\"description\" content=\"&quot;0n40i4, z Konsultu, wyzwa\u0142 Kanclerza Olafa do uczestnictwa w grze &#039;Operacja Kwantowe Reparacje&#039; w odpowiedzi na naruszenia fair play i etyki. To rywalizacja z szacunkiem, maj\u0105ca na celu konstruktywne rozwi\u0105zanie konflikt\u00f3w, a jednocze\u015bnie okazja do wykazania si\u0119 uczciwo\u015bci\u0105 i zaanga\u017cowaniem w szlachetn\u0105 rywalizacj\u0119.&quot;\" \/>\n<meta name=\"robots\" content=\"index, follow, max-snippet:-1, max-image-preview:large, max-video-preview:-1\" \/>\n<link rel=\"canonical\" href=\"http:\/\/rsca.grassrootslobbing.pl\/pl_PL\/szanowni-przedstawiciele-i-wspolpracownicy-kanclerza-olafa\/\" \/>\n<meta property=\"og:locale\" content=\"pl_PL\" \/>\n<meta property=\"og:type\" content=\"article\" \/>\n<meta property=\"og:title\" content=\"Szanowni przedstawiciele Kanclerza Olafa - RSCA\" \/>\n<meta property=\"og:description\" content=\"&quot;0n40i4, z Konsultu, wyzwa\u0142 Kanclerza Olafa do uczestnictwa w grze &#039;Operacja Kwantowe Reparacje&#039; w odpowiedzi na naruszenia fair play i etyki. To rywalizacja z szacunkiem, maj\u0105ca na celu konstruktywne rozwi\u0105zanie konflikt\u00f3w, a jednocze\u015bnie okazja do wykazania si\u0119 uczciwo\u015bci\u0105 i zaanga\u017cowaniem w szlachetn\u0105 rywalizacj\u0119.&quot;\" \/>\n<meta property=\"og:url\" content=\"http:\/\/rsca.grassrootslobbing.pl\/pl_PL\/szanowni-przedstawiciele-i-wspolpracownicy-kanclerza-olafa\/\" \/>\n<meta property=\"og:site_name\" content=\"RSCA\" \/>\n<meta property=\"article:modified_time\" content=\"2024-01-08T04:57:07+00:00\" \/>\n<meta property=\"og:image\" content=\"http:\/\/rsca.grassrootslobbing.pl\/wp-content\/uploads\/2024\/01\/DALL\u00b7E-2024-01-08-05.16.41-Create-an-image-that-depicts-a-formal-notification-by-0n40i4-to-the-representatives-of-Chancellor-Olaf.-The-scene-should-illustrate-a-dignified-settin.png\" \/>\n\t<meta property=\"og:image:width\" content=\"1024\" \/>\n\t<meta property=\"og:image:height\" content=\"1024\" \/>\n\t<meta property=\"og:image:type\" content=\"image\/png\" \/>\n<meta name=\"twitter:card\" content=\"summary_large_image\" \/>\n<meta name=\"twitter:label1\" content=\"Szacowany czas czytania\" \/>\n\t<meta name=\"twitter:data1\" content=\"1 minuta\" \/>\n<script type=\"application\/ld+json\" class=\"yoast-schema-graph\">{\"@context\":\"https:\/\/schema.org\",\"@graph\":[{\"@type\":\"WebPage\",\"@id\":\"http:\/\/rsca.grassrootslobbing.pl\/pl_PL\/szanowni-przedstawiciele-i-wspolpracownicy-kanclerza-olafa\/\",\"url\":\"http:\/\/rsca.grassrootslobbing.pl\/pl_PL\/szanowni-przedstawiciele-i-wspolpracownicy-kanclerza-olafa\/\",\"name\":\"Szanowni przedstawiciele Kanclerza Olafa - RSCA\",\"isPartOf\":{\"@id\":\"http:\/\/rsca.grassrootslobbing.pl\/pl_PL\/#website\"},\"datePublished\":\"2024-01-07T17:33:52+00:00\",\"dateModified\":\"2024-01-08T04:57:07+00:00\",\"description\":\"\\\"0n40i4, z Konsultu, wyzwa\u0142 Kanclerza Olafa do uczestnictwa w grze 'Operacja Kwantowe Reparacje' w odpowiedzi na naruszenia fair play i etyki. To rywalizacja z szacunkiem, maj\u0105ca na celu konstruktywne rozwi\u0105zanie konflikt\u00f3w, a jednocze\u015bnie okazja do wykazania si\u0119 uczciwo\u015bci\u0105 i zaanga\u017cowaniem w szlachetn\u0105 rywalizacj\u0119.\\\"\",\"inLanguage\":\"pl-PL\",\"potentialAction\":[{\"@type\":\"ReadAction\",\"target\":[\"http:\/\/rsca.grassrootslobbing.pl\/pl_PL\/szanowni-przedstawiciele-i-wspolpracownicy-kanclerza-olafa\/\"]}]},{\"@type\":\"WebSite\",\"@id\":\"http:\/\/rsca.grassrootslobbing.pl\/pl_PL\/#website\",\"url\":\"http:\/\/rsca.grassrootslobbing.pl\/pl_PL\/\",\"name\":\"Reality Source Code Acces\",\"description\":\"\",\"publisher\":{\"@id\":\"http:\/\/rsca.grassrootslobbing.pl\/pl_PL\/#organization\"},\"potentialAction\":[{\"@type\":\"SearchAction\",\"target\":{\"@type\":\"EntryPoint\",\"urlTemplate\":\"http:\/\/rsca.grassrootslobbing.pl\/pl_PL\/?s={search_term_string}\"},\"query-input\":\"required name=search_term_string\"}],\"inLanguage\":\"pl-PL\"},{\"@type\":\"Organization\",\"@id\":\"http:\/\/rsca.grassrootslobbing.pl\/pl_PL\/#organization\",\"name\":\"Konsult 0n40i4\",\"url\":\"http:\/\/rsca.grassrootslobbing.pl\/pl_PL\/\",\"logo\":{\"@type\":\"ImageObject\",\"inLanguage\":\"pl-PL\",\"@id\":\"http:\/\/rsca.grassrootslobbing.pl\/pl_PL\/#\/schema\/logo\/image\/\",\"url\":\"http:\/\/rsca.grassrootslobbing.pl\/wp-content\/uploads\/2023\/12\/cropped-DALL\u00b7E-2023-12-31-08.54.33-A-modern-and-abstract-logo-for-Konsult-0n40i4-representing-an-interdimensional-legal-system.-The-design-should-embody-themes-of-law-dimensions-an.png\",\"contentUrl\":\"http:\/\/rsca.grassrootslobbing.pl\/wp-content\/uploads\/2023\/12\/cropped-DALL\u00b7E-2023-12-31-08.54.33-A-modern-and-abstract-logo-for-Konsult-0n40i4-representing-an-interdimensional-legal-system.-The-design-should-embody-themes-of-law-dimensions-an.png\",\"width\":1024,\"height\":835,\"caption\":\"Konsult 0n40i4\"},\"image\":{\"@id\":\"http:\/\/rsca.grassrootslobbing.pl\/pl_PL\/#\/schema\/logo\/image\/\"}}]}<\/script>\n<!-- \/ Yoast SEO plugin. -->","yoast_head_json":{"title":"Szanowni przedstawiciele Kanclerza Olafa - RSCA","description":"\"0n40i4, z Konsultu, wyzwa\u0142 Kanclerza Olafa do uczestnictwa w grze 'Operacja Kwantowe Reparacje' w odpowiedzi na naruszenia fair play i etyki. To rywalizacja z szacunkiem, maj\u0105ca na celu konstruktywne rozwi\u0105zanie konflikt\u00f3w, a jednocze\u015bnie okazja do wykazania si\u0119 uczciwo\u015bci\u0105 i zaanga\u017cowaniem w szlachetn\u0105 rywalizacj\u0119.\"","robots":{"index":"index","follow":"follow","max-snippet":"max-snippet:-1","max-image-preview":"max-image-preview:large","max-video-preview":"max-video-preview:-1"},"canonical":"http:\/\/rsca.grassrootslobbing.pl\/pl_PL\/szanowni-przedstawiciele-i-wspolpracownicy-kanclerza-olafa\/","og_locale":"pl_PL","og_type":"article","og_title":"Szanowni przedstawiciele Kanclerza Olafa - RSCA","og_description":"\"0n40i4, z Konsultu, wyzwa\u0142 Kanclerza Olafa do uczestnictwa w grze 'Operacja Kwantowe Reparacje' w odpowiedzi na naruszenia fair play i etyki. To rywalizacja z szacunkiem, maj\u0105ca na celu konstruktywne rozwi\u0105zanie konflikt\u00f3w, a jednocze\u015bnie okazja do wykazania si\u0119 uczciwo\u015bci\u0105 i zaanga\u017cowaniem w szlachetn\u0105 rywalizacj\u0119.\"","og_url":"http:\/\/rsca.grassrootslobbing.pl\/pl_PL\/szanowni-przedstawiciele-i-wspolpracownicy-kanclerza-olafa\/","og_site_name":"RSCA","article_modified_time":"2024-01-08T04:57:07+00:00","og_image":[{"width":1024,"height":1024,"url":"http:\/\/rsca.grassrootslobbing.pl\/wp-content\/uploads\/2024\/01\/DALL\u00b7E-2024-01-08-05.16.41-Create-an-image-that-depicts-a-formal-notification-by-0n40i4-to-the-representatives-of-Chancellor-Olaf.-The-scene-should-illustrate-a-dignified-settin.png","type":"image\/png"}],"twitter_card":"summary_large_image","twitter_misc":{"Szacowany czas czytania":"1 minuta"},"schema":{"@context":"https:\/\/schema.org","@graph":[{"@type":"WebPage","@id":"http:\/\/rsca.grassrootslobbing.pl\/pl_PL\/szanowni-przedstawiciele-i-wspolpracownicy-kanclerza-olafa\/","url":"http:\/\/rsca.grassrootslobbing.pl\/pl_PL\/szanowni-przedstawiciele-i-wspolpracownicy-kanclerza-olafa\/","name":"Szanowni przedstawiciele Kanclerza Olafa - RSCA","isPartOf":{"@id":"http:\/\/rsca.grassrootslobbing.pl\/pl_PL\/#website"},"datePublished":"2024-01-07T17:33:52+00:00","dateModified":"2024-01-08T04:57:07+00:00","description":"\"0n40i4, z Konsultu, wyzwa\u0142 Kanclerza Olafa do uczestnictwa w grze 'Operacja Kwantowe Reparacje' w odpowiedzi na naruszenia fair play i etyki. To rywalizacja z szacunkiem, maj\u0105ca na celu konstruktywne rozwi\u0105zanie konflikt\u00f3w, a jednocze\u015bnie okazja do wykazania si\u0119 uczciwo\u015bci\u0105 i zaanga\u017cowaniem w szlachetn\u0105 rywalizacj\u0119.\"","inLanguage":"pl-PL","potentialAction":[{"@type":"ReadAction","target":["http:\/\/rsca.grassrootslobbing.pl\/pl_PL\/szanowni-przedstawiciele-i-wspolpracownicy-kanclerza-olafa\/"]}]},{"@type":"WebSite","@id":"http:\/\/rsca.grassrootslobbing.pl\/pl_PL\/#website","url":"http:\/\/rsca.grassrootslobbing.pl\/pl_PL\/","name":"Reality Source Code Acces","description":"","publisher":{"@id":"http:\/\/rsca.grassrootslobbing.pl\/pl_PL\/#organization"},"potentialAction":[{"@type":"SearchAction","target":{"@type":"EntryPoint","urlTemplate":"http:\/\/rsca.grassrootslobbing.pl\/pl_PL\/?s={search_term_string}"},"query-input":"required name=search_term_string"}],"inLanguage":"pl-PL"},{"@type":"Organization","@id":"http:\/\/rsca.grassrootslobbing.pl\/pl_PL\/#organization","name":"Konsult 0n40i4","url":"http:\/\/rsca.grassrootslobbing.pl\/pl_PL\/","logo":{"@type":"ImageObject","inLanguage":"pl-PL","@id":"http:\/\/rsca.grassrootslobbing.pl\/pl_PL\/#\/schema\/logo\/image\/","url":"http:\/\/rsca.grassrootslobbing.pl\/wp-content\/uploads\/2023\/12\/cropped-DALL\u00b7E-2023-12-31-08.54.33-A-modern-and-abstract-logo-for-Konsult-0n40i4-representing-an-interdimensional-legal-system.-The-design-should-embody-themes-of-law-dimensions-an.png","contentUrl":"http:\/\/rsca.grassrootslobbing.pl\/wp-content\/uploads\/2023\/12\/cropped-DALL\u00b7E-2023-12-31-08.54.33-A-modern-and-abstract-logo-for-Konsult-0n40i4-representing-an-interdimensional-legal-system.-The-design-should-embody-themes-of-law-dimensions-an.png","width":1024,"height":835,"caption":"Konsult 0n40i4"},"image":{"@id":"http:\/\/rsca.grassrootslobbing.pl\/pl_PL\/#\/schema\/logo\/image\/"}}]}},"_links":{"self":[{"href":"http:\/\/rsca.grassrootslobbing.pl\/pl_PL\/wp-json\/wp\/v2\/pages\/4338","targetHints":{"allow":["GET"]}}],"collection":[{"href":"http:\/\/rsca.grassrootslobbing.pl\/pl_PL\/wp-json\/wp\/v2\/pages"}],"about":[{"href":"http:\/\/rsca.grassrootslobbing.pl\/pl_PL\/wp-json\/wp\/v2\/types\/page"}],"author":[{"embeddable":true,"href":"http:\/\/rsca.grassrootslobbing.pl\/pl_PL\/wp-json\/wp\/v2\/users\/2"}],"replies":[{"embeddable":true,"href":"http:\/\/rsca.grassrootslobbing.pl\/pl_PL\/wp-json\/wp\/v2\/comments?post=4338"}],"version-history":[{"count":10,"href":"http:\/\/rsca.grassrootslobbing.pl\/pl_PL\/wp-json\/wp\/v2\/pages\/4338\/revisions"}],"predecessor-version":[{"id":4478,"href":"http:\/\/rsca.grassrootslobbing.pl\/pl_PL\/wp-json\/wp\/v2\/pages\/4338\/revisions\/4478"}],"wp:featuredmedia":[{"embeddable":true,"href":"http:\/\/rsca.grassrootslobbing.pl\/pl_PL\/wp-json\/wp\/v2\/media\/4455"}],"wp:attachment":[{"href":"http:\/\/rsca.grassrootslobbing.pl\/pl_PL\/wp-json\/wp\/v2\/media?parent=4338"}],"curies":[{"name":"wp","href":"https:\/\/api.w.org\/{rel}","templated":true}]}}