{"id":4330,"date":"2024-01-06T18:22:00","date_gmt":"2024-01-06T17:22:00","guid":{"rendered":"https:\/\/rsca.0n40i4.pl\/?page_id=4330"},"modified":"2024-01-08T05:31:16","modified_gmt":"2024-01-08T04:31:16","slug":"wyzwanie-olafa-do-gry","status":"publish","type":"page","link":"http:\/\/rsca.grassrootslobbing.pl\/pl_PL\/wyzwanie-olafa-do-gry\/","title":{"rendered":"Wyzwanie Olafa do Gry"},"content":{"rendered":"\n<h2 class=\"wp-block-heading has-text-align-center has-ast-global-color-7-color has-text-color has-link-color wp-elements-e77d1e2eece27d8267adc1c63b6419b2\" style=\"font-size:25px\"><strong>Drogi Kanclerzu Olaf,<\/strong><\/h2>\n\n\n\n<p class=\"has-text-align-center\" style=\"margin-top:5px;margin-bottom:5px;font-size:20px\">W \u015bwietle ostatnich wydarze\u0144 i decyzji, <\/p>\n\n\n\n<p class=\"has-text-align-center\" style=\"margin-top:5px;margin-bottom:5px;font-size:20px\">kt\u00f3re wydaj\u0105 si\u0119 narusza\u0107 zasady uczciwo\u015bci i etyki, <\/p>\n\n\n\n<h2 class=\"wp-block-heading has-text-align-center has-ast-global-color-1-color has-text-color has-link-color wp-elements-496522a71e0b134424678a818232a006\" style=\"margin-top:5px;margin-bottom:5px;font-size:25px\">ja,<strong> 0n40i4, <\/strong>w imieniu <strong>Polskiej Misji Narod\u00f3w, <\/strong><\/h2>\n\n\n\n<p class=\"has-text-align-center\" style=\"margin-top:5px;margin-bottom:5px;font-size:25px\">oficjalnie wyzywam <strong>Ci\u0119<\/strong> do uczestnictwa w grze <\/p>\n\n\n\n<h2 class=\"wp-block-heading has-text-align-center has-ast-global-color-1-color has-text-color\" style=\"margin-top:5px;margin-bottom:5px;font-size:25px\"><strong>&#8222;Operacja Kwantowe Reparacje&#8221;<\/strong><\/h2>\n\n\n\n<h2 class=\"wp-block-heading has-text-align-center\" style=\"margin-top:5px;margin-bottom:5px;font-size:20px\">Niniejsze wyzwanie jest podj\u0119te w odpowiedzi <\/h2>\n\n\n\n<p class=\"has-text-align-center\" style=\"margin-top:5px;margin-bottom:5px;font-size:20px\">na <strong>Twoje <\/strong>publiczne zachowania i decyzje,<\/p>\n\n\n\n<p class=\"has-text-align-center has-medium-font-size\" style=\"margin-top:5px;margin-bottom:5px\"> kt\u00f3re negatywnie wp\u0142yn\u0119\u0142y na wsp\u00f3lnot\u0119 mi\u0119dzynarodow\u0105.<\/p>\n\n\n\n<p class=\"has-text-align-center has-medium-font-size\" style=\"margin-top:5px;margin-bottom:5px\">Celem gry b\u0119dzie konstruktywne rozwi\u0105zanie naszych r\u00f3\u017cnic,<\/p>\n\n\n\n<p class=\"has-text-align-center has-medium-font-size\" style=\"margin-top:5px;margin-bottom:5px\"> przy jednoczesnym przestrzeganiu zasad fair play.<\/p>\n\n\n\n<p class=\"has-text-align-center\" style=\"margin-top:5px;margin-bottom:5px;font-size:25px\"><strong>Oczekuj\u0119 na Twoj\u0105 odpowied\u017a <\/strong><\/p>\n\n\n\n<p class=\"has-text-align-center\" style=\"margin-top:5px;margin-bottom:5px;font-size:20px\">i gotowo\u015b\u0107 do zaakceptowania zasad gry, <\/p>\n\n\n\n<p class=\"has-text-align-center\" style=\"margin-top:5px;margin-bottom:5px;font-size:20px\">kt\u00f3re zosta\u0142y zdefiniowane w <strong>Protokole Inicjacji Gry. <\/strong><\/p>\n\n\n\n<p class=\"has-text-align-center\" style=\"margin-top:5px;margin-bottom:5px;font-size:20px\">Wierz\u0119, \u017ce ta rywalizacja przyniesie warto\u015bciowe lekcje <\/p>\n\n\n\n<p class=\"has-text-align-center\" style=\"margin-top:5px;margin-bottom:5px;font-size:20px\">i rozwi\u0105zania dla obu stron.<\/p>\n\n\n\n<h2 class=\"wp-block-heading has-text-align-center has-ast-global-color-1-color has-text-color has-link-color wp-elements-99f58f23e185da2c83c6448eb719fd56\" style=\"font-size:25px\"><strong>Z szacunkiem, 0n40i4<\/strong><\/h2>\n\n\n\n<div style=\"height:30px\" aria-hidden=\"true\" class=\"wp-block-spacer\"><\/div>\n\n\n\n<hr class=\"wp-block-separator has-alpha-channel-opacity is-style-wide\"\/>\n\n\n\n<h2 class=\"wp-block-heading\" style=\"font-size:22px\"><strong>Konsult 0n40i4<\/strong><\/h2>\n","protected":false},"excerpt":{"rendered":"<p>Drogi Kanclerzu Olaf, W \u015bwietle ostatnich wydarze\u0144 i decyzji, kt\u00f3re wydaj\u0105 si\u0119 narusza\u0107 zasady uczciwo\u015bci i etyki, ja, 0n40i4, w imieniu Polskiej Misji Narod\u00f3w, oficjalnie wyzywam Ci\u0119 do uczestnictwa w grze &#8222;Operacja Kwantowe Reparacje&#8221; Niniejsze wyzwanie jest podj\u0119te w odpowiedzi na Twoje publiczne zachowania i decyzje, kt\u00f3re negatywnie wp\u0142yn\u0119\u0142y na wsp\u00f3lnot\u0119 mi\u0119dzynarodow\u0105. Celem gry b\u0119dzie [&hellip;]<\/p>\n","protected":false},"author":2,"featured_media":4422,"parent":0,"menu_order":0,"comment_status":"closed","ping_status":"closed","template":"","meta":{"site-sidebar-layout":"default","site-content-layout":"","ast-site-content-layout":"default","site-content-style":"default","site-sidebar-style":"default","ast-global-header-display":"","ast-banner-title-visibility":"","ast-main-header-display":"","ast-hfb-above-header-display":"","ast-hfb-below-header-display":"","ast-hfb-mobile-header-display":"","site-post-title":"","ast-breadcrumbs-content":"","ast-featured-img":"","footer-sml-layout":"","ast-disable-related-posts":"","theme-transparent-header-meta":"","adv-header-id-meta":"","stick-header-meta":"","header-above-stick-meta":"","header-main-stick-meta":"","header-below-stick-meta":"","astra-migrate-meta-layouts":"default","ast-page-background-enabled":"default","ast-page-background-meta":{"desktop":{"background-color":"var(--ast-global-color-4)","background-image":"","background-repeat":"repeat","background-position":"center center","background-size":"auto","background-attachment":"scroll","background-type":"","background-media":"","overlay-type":"","overlay-color":"","overlay-opacity":"","overlay-gradient":""},"tablet":{"background-color":"","background-image":"","background-repeat":"repeat","background-position":"center center","background-size":"auto","background-attachment":"scroll","background-type":"","background-media":"","overlay-type":"","overlay-color":"","overlay-opacity":"","overlay-gradient":""},"mobile":{"background-color":"","background-image":"","background-repeat":"repeat","background-position":"center center","background-size":"auto","background-attachment":"scroll","background-type":"","background-media":"","overlay-type":"","overlay-color":"","overlay-opacity":"","overlay-gradient":""}},"ast-content-background-meta":{"desktop":{"background-color":"var(--ast-global-color-5)","background-image":"","background-repeat":"repeat","background-position":"center center","background-size":"auto","background-attachment":"scroll","background-type":"","background-media":"","overlay-type":"","overlay-color":"","overlay-opacity":"","overlay-gradient":""},"tablet":{"background-color":"var(--ast-global-color-5)","background-image":"","background-repeat":"repeat","background-position":"center center","background-size":"auto","background-attachment":"scroll","background-type":"","background-media":"","overlay-type":"","overlay-color":"","overlay-opacity":"","overlay-gradient":""},"mobile":{"background-color":"var(--ast-global-color-5)","background-image":"","background-repeat":"repeat","background-position":"center center","background-size":"auto","background-attachment":"scroll","background-type":"","background-media":"","overlay-type":"","overlay-color":"","overlay-opacity":"","overlay-gradient":""}},"footnotes":""},"class_list":["post-4330","page","type-page","status-publish","has-post-thumbnail","hentry"],"yoast_head":"<!-- This site is optimized with the Yoast SEO plugin v21.9.1 - https:\/\/yoast.com\/wordpress\/plugins\/seo\/ -->\n<title>Wyzwanie Olafa do Gry - RSCA<\/title>\n<meta name=\"description\" content=\"0n40i4, reprezentuj\u0105cy Polsk\u0105 Misj\u0119 Narod\u00f3w, oficjalnie wyzywa kanclerza Olafa do udzia\u0142u w grze &quot;Operacja Kwantowe Reparacje&quot;. Wyzwanie jest odpowiedzi\u0105 na dzia\u0142ania Olafa, kt\u00f3re uznano za naruszaj\u0105ce zasady etyki i uczciwo\u015bci. Gra ma na celu konstruktywne rozwi\u0105zanie r\u00f3\u017cnic i d\u0105\u017cy do przestrzegania zasad fair play. 0n40i4 oczekuje akceptacji zasad gry przez Olafa i wierzy w pozytywny wynik rywalizacji.\" \/>\n<meta name=\"robots\" content=\"index, follow, max-snippet:-1, max-image-preview:large, max-video-preview:-1\" \/>\n<link rel=\"canonical\" href=\"http:\/\/rsca.grassrootslobbing.pl\/pl_PL\/wyzwanie-olafa-do-gry\/\" \/>\n<meta property=\"og:locale\" content=\"pl_PL\" \/>\n<meta property=\"og:type\" content=\"article\" \/>\n<meta property=\"og:title\" content=\"Wyzwanie Olafa do Gry - RSCA\" \/>\n<meta property=\"og:description\" content=\"0n40i4, reprezentuj\u0105cy Polsk\u0105 Misj\u0119 Narod\u00f3w, oficjalnie wyzywa kanclerza Olafa do udzia\u0142u w grze &quot;Operacja Kwantowe Reparacje&quot;. Wyzwanie jest odpowiedzi\u0105 na dzia\u0142ania Olafa, kt\u00f3re uznano za naruszaj\u0105ce zasady etyki i uczciwo\u015bci. Gra ma na celu konstruktywne rozwi\u0105zanie r\u00f3\u017cnic i d\u0105\u017cy do przestrzegania zasad fair play. 0n40i4 oczekuje akceptacji zasad gry przez Olafa i wierzy w pozytywny wynik rywalizacji.\" \/>\n<meta property=\"og:url\" content=\"http:\/\/rsca.grassrootslobbing.pl\/pl_PL\/wyzwanie-olafa-do-gry\/\" \/>\n<meta property=\"og:site_name\" content=\"RSCA\" \/>\n<meta property=\"article:modified_time\" content=\"2024-01-08T04:31:16+00:00\" \/>\n<meta property=\"og:image\" content=\"http:\/\/rsca.grassrootslobbing.pl\/wp-content\/uploads\/2024\/01\/DALL\u00b7E-2024-01-08-03.49.58-A-formal-letter-of-challenge-for-a-game-set-in-a-dignified-and-official-context.-The-scene-depicts-a-moment-where-a-representative-0n40i4-on-behalf.png\" \/>\n\t<meta property=\"og:image:width\" content=\"1024\" \/>\n\t<meta property=\"og:image:height\" content=\"1024\" \/>\n\t<meta property=\"og:image:type\" content=\"image\/png\" \/>\n<meta name=\"twitter:card\" content=\"summary_large_image\" \/>\n<meta name=\"twitter:label1\" content=\"Szacowany czas czytania\" \/>\n\t<meta name=\"twitter:data1\" content=\"1 minuta\" \/>\n<script type=\"application\/ld+json\" class=\"yoast-schema-graph\">{\"@context\":\"https:\/\/schema.org\",\"@graph\":[{\"@type\":\"WebPage\",\"@id\":\"http:\/\/rsca.grassrootslobbing.pl\/pl_PL\/wyzwanie-olafa-do-gry\/\",\"url\":\"http:\/\/rsca.grassrootslobbing.pl\/pl_PL\/wyzwanie-olafa-do-gry\/\",\"name\":\"Wyzwanie Olafa do Gry - RSCA\",\"isPartOf\":{\"@id\":\"http:\/\/rsca.grassrootslobbing.pl\/pl_PL\/#website\"},\"datePublished\":\"2024-01-06T17:22:00+00:00\",\"dateModified\":\"2024-01-08T04:31:16+00:00\",\"description\":\"0n40i4, reprezentuj\u0105cy Polsk\u0105 Misj\u0119 Narod\u00f3w, oficjalnie wyzywa kanclerza Olafa do udzia\u0142u w grze \\\"Operacja Kwantowe Reparacje\\\". Wyzwanie jest odpowiedzi\u0105 na dzia\u0142ania Olafa, kt\u00f3re uznano za naruszaj\u0105ce zasady etyki i uczciwo\u015bci. Gra ma na celu konstruktywne rozwi\u0105zanie r\u00f3\u017cnic i d\u0105\u017cy do przestrzegania zasad fair play. 0n40i4 oczekuje akceptacji zasad gry przez Olafa i wierzy w pozytywny wynik rywalizacji.\",\"inLanguage\":\"pl-PL\",\"potentialAction\":[{\"@type\":\"ReadAction\",\"target\":[\"http:\/\/rsca.grassrootslobbing.pl\/pl_PL\/wyzwanie-olafa-do-gry\/\"]}]},{\"@type\":\"WebSite\",\"@id\":\"http:\/\/rsca.grassrootslobbing.pl\/pl_PL\/#website\",\"url\":\"http:\/\/rsca.grassrootslobbing.pl\/pl_PL\/\",\"name\":\"Reality Source Code Acces\",\"description\":\"\",\"publisher\":{\"@id\":\"http:\/\/rsca.grassrootslobbing.pl\/pl_PL\/#organization\"},\"potentialAction\":[{\"@type\":\"SearchAction\",\"target\":{\"@type\":\"EntryPoint\",\"urlTemplate\":\"http:\/\/rsca.grassrootslobbing.pl\/pl_PL\/?s={search_term_string}\"},\"query-input\":\"required name=search_term_string\"}],\"inLanguage\":\"pl-PL\"},{\"@type\":\"Organization\",\"@id\":\"http:\/\/rsca.grassrootslobbing.pl\/pl_PL\/#organization\",\"name\":\"Konsult 0n40i4\",\"url\":\"http:\/\/rsca.grassrootslobbing.pl\/pl_PL\/\",\"logo\":{\"@type\":\"ImageObject\",\"inLanguage\":\"pl-PL\",\"@id\":\"http:\/\/rsca.grassrootslobbing.pl\/pl_PL\/#\/schema\/logo\/image\/\",\"url\":\"http:\/\/rsca.grassrootslobbing.pl\/wp-content\/uploads\/2023\/12\/cropped-DALL\u00b7E-2023-12-31-08.54.33-A-modern-and-abstract-logo-for-Konsult-0n40i4-representing-an-interdimensional-legal-system.-The-design-should-embody-themes-of-law-dimensions-an.png\",\"contentUrl\":\"http:\/\/rsca.grassrootslobbing.pl\/wp-content\/uploads\/2023\/12\/cropped-DALL\u00b7E-2023-12-31-08.54.33-A-modern-and-abstract-logo-for-Konsult-0n40i4-representing-an-interdimensional-legal-system.-The-design-should-embody-themes-of-law-dimensions-an.png\",\"width\":1024,\"height\":835,\"caption\":\"Konsult 0n40i4\"},\"image\":{\"@id\":\"http:\/\/rsca.grassrootslobbing.pl\/pl_PL\/#\/schema\/logo\/image\/\"}}]}<\/script>\n<!-- \/ Yoast SEO plugin. -->","yoast_head_json":{"title":"Wyzwanie Olafa do Gry - RSCA","description":"0n40i4, reprezentuj\u0105cy Polsk\u0105 Misj\u0119 Narod\u00f3w, oficjalnie wyzywa kanclerza Olafa do udzia\u0142u w grze \"Operacja Kwantowe Reparacje\". Wyzwanie jest odpowiedzi\u0105 na dzia\u0142ania Olafa, kt\u00f3re uznano za naruszaj\u0105ce zasady etyki i uczciwo\u015bci. Gra ma na celu konstruktywne rozwi\u0105zanie r\u00f3\u017cnic i d\u0105\u017cy do przestrzegania zasad fair play. 0n40i4 oczekuje akceptacji zasad gry przez Olafa i wierzy w pozytywny wynik rywalizacji.","robots":{"index":"index","follow":"follow","max-snippet":"max-snippet:-1","max-image-preview":"max-image-preview:large","max-video-preview":"max-video-preview:-1"},"canonical":"http:\/\/rsca.grassrootslobbing.pl\/pl_PL\/wyzwanie-olafa-do-gry\/","og_locale":"pl_PL","og_type":"article","og_title":"Wyzwanie Olafa do Gry - RSCA","og_description":"0n40i4, reprezentuj\u0105cy Polsk\u0105 Misj\u0119 Narod\u00f3w, oficjalnie wyzywa kanclerza Olafa do udzia\u0142u w grze \"Operacja Kwantowe Reparacje\". Wyzwanie jest odpowiedzi\u0105 na dzia\u0142ania Olafa, kt\u00f3re uznano za naruszaj\u0105ce zasady etyki i uczciwo\u015bci. Gra ma na celu konstruktywne rozwi\u0105zanie r\u00f3\u017cnic i d\u0105\u017cy do przestrzegania zasad fair play. 0n40i4 oczekuje akceptacji zasad gry przez Olafa i wierzy w pozytywny wynik rywalizacji.","og_url":"http:\/\/rsca.grassrootslobbing.pl\/pl_PL\/wyzwanie-olafa-do-gry\/","og_site_name":"RSCA","article_modified_time":"2024-01-08T04:31:16+00:00","og_image":[{"width":1024,"height":1024,"url":"http:\/\/rsca.grassrootslobbing.pl\/wp-content\/uploads\/2024\/01\/DALL\u00b7E-2024-01-08-03.49.58-A-formal-letter-of-challenge-for-a-game-set-in-a-dignified-and-official-context.-The-scene-depicts-a-moment-where-a-representative-0n40i4-on-behalf.png","type":"image\/png"}],"twitter_card":"summary_large_image","twitter_misc":{"Szacowany czas czytania":"1 minuta"},"schema":{"@context":"https:\/\/schema.org","@graph":[{"@type":"WebPage","@id":"http:\/\/rsca.grassrootslobbing.pl\/pl_PL\/wyzwanie-olafa-do-gry\/","url":"http:\/\/rsca.grassrootslobbing.pl\/pl_PL\/wyzwanie-olafa-do-gry\/","name":"Wyzwanie Olafa do Gry - RSCA","isPartOf":{"@id":"http:\/\/rsca.grassrootslobbing.pl\/pl_PL\/#website"},"datePublished":"2024-01-06T17:22:00+00:00","dateModified":"2024-01-08T04:31:16+00:00","description":"0n40i4, reprezentuj\u0105cy Polsk\u0105 Misj\u0119 Narod\u00f3w, oficjalnie wyzywa kanclerza Olafa do udzia\u0142u w grze \"Operacja Kwantowe Reparacje\". Wyzwanie jest odpowiedzi\u0105 na dzia\u0142ania Olafa, kt\u00f3re uznano za naruszaj\u0105ce zasady etyki i uczciwo\u015bci. Gra ma na celu konstruktywne rozwi\u0105zanie r\u00f3\u017cnic i d\u0105\u017cy do przestrzegania zasad fair play. 0n40i4 oczekuje akceptacji zasad gry przez Olafa i wierzy w pozytywny wynik rywalizacji.","inLanguage":"pl-PL","potentialAction":[{"@type":"ReadAction","target":["http:\/\/rsca.grassrootslobbing.pl\/pl_PL\/wyzwanie-olafa-do-gry\/"]}]},{"@type":"WebSite","@id":"http:\/\/rsca.grassrootslobbing.pl\/pl_PL\/#website","url":"http:\/\/rsca.grassrootslobbing.pl\/pl_PL\/","name":"Reality Source Code Acces","description":"","publisher":{"@id":"http:\/\/rsca.grassrootslobbing.pl\/pl_PL\/#organization"},"potentialAction":[{"@type":"SearchAction","target":{"@type":"EntryPoint","urlTemplate":"http:\/\/rsca.grassrootslobbing.pl\/pl_PL\/?s={search_term_string}"},"query-input":"required name=search_term_string"}],"inLanguage":"pl-PL"},{"@type":"Organization","@id":"http:\/\/rsca.grassrootslobbing.pl\/pl_PL\/#organization","name":"Konsult 0n40i4","url":"http:\/\/rsca.grassrootslobbing.pl\/pl_PL\/","logo":{"@type":"ImageObject","inLanguage":"pl-PL","@id":"http:\/\/rsca.grassrootslobbing.pl\/pl_PL\/#\/schema\/logo\/image\/","url":"http:\/\/rsca.grassrootslobbing.pl\/wp-content\/uploads\/2023\/12\/cropped-DALL\u00b7E-2023-12-31-08.54.33-A-modern-and-abstract-logo-for-Konsult-0n40i4-representing-an-interdimensional-legal-system.-The-design-should-embody-themes-of-law-dimensions-an.png","contentUrl":"http:\/\/rsca.grassrootslobbing.pl\/wp-content\/uploads\/2023\/12\/cropped-DALL\u00b7E-2023-12-31-08.54.33-A-modern-and-abstract-logo-for-Konsult-0n40i4-representing-an-interdimensional-legal-system.-The-design-should-embody-themes-of-law-dimensions-an.png","width":1024,"height":835,"caption":"Konsult 0n40i4"},"image":{"@id":"http:\/\/rsca.grassrootslobbing.pl\/pl_PL\/#\/schema\/logo\/image\/"}}]}},"_links":{"self":[{"href":"http:\/\/rsca.grassrootslobbing.pl\/pl_PL\/wp-json\/wp\/v2\/pages\/4330","targetHints":{"allow":["GET"]}}],"collection":[{"href":"http:\/\/rsca.grassrootslobbing.pl\/pl_PL\/wp-json\/wp\/v2\/pages"}],"about":[{"href":"http:\/\/rsca.grassrootslobbing.pl\/pl_PL\/wp-json\/wp\/v2\/types\/page"}],"author":[{"embeddable":true,"href":"http:\/\/rsca.grassrootslobbing.pl\/pl_PL\/wp-json\/wp\/v2\/users\/2"}],"replies":[{"embeddable":true,"href":"http:\/\/rsca.grassrootslobbing.pl\/pl_PL\/wp-json\/wp\/v2\/comments?post=4330"}],"version-history":[{"count":12,"href":"http:\/\/rsca.grassrootslobbing.pl\/pl_PL\/wp-json\/wp\/v2\/pages\/4330\/revisions"}],"predecessor-version":[{"id":4459,"href":"http:\/\/rsca.grassrootslobbing.pl\/pl_PL\/wp-json\/wp\/v2\/pages\/4330\/revisions\/4459"}],"wp:featuredmedia":[{"embeddable":true,"href":"http:\/\/rsca.grassrootslobbing.pl\/pl_PL\/wp-json\/wp\/v2\/media\/4422"}],"wp:attachment":[{"href":"http:\/\/rsca.grassrootslobbing.pl\/pl_PL\/wp-json\/wp\/v2\/media?parent=4330"}],"curies":[{"name":"wp","href":"https:\/\/api.w.org\/{rel}","templated":true}]}}