{"id":4223,"date":"2024-01-07T09:57:04","date_gmt":"2024-01-07T08:57:04","guid":{"rendered":"https:\/\/rsca.0n40i4.pl\/?page_id=4223"},"modified":"2024-01-07T11:27:29","modified_gmt":"2024-01-07T10:27:29","slug":"rada-ochrony-tozsamosci-narodowej-konsulatu-cywilizacji-zrownowazonych-wymiarow","status":"publish","type":"page","link":"http:\/\/rsca.grassrootslobbing.pl\/pl_PL\/rada-ochrony-tozsamosci-narodowej-konsulatu-cywilizacji-zrownowazonych-wymiarow\/","title":{"rendered":"Rada Ochrony To\u017csamo\u015bci Nacji"},"content":{"rendered":"\n<h2 class=\"wp-block-heading has-text-align-center\" style=\"font-size:23px\"><strong>Konsultu Cywilizacji Zr\u00f3wnowa\u017conych Wymiar\u00f3w<\/strong><\/h2>\n\n\n\n<p><em><strong>Uchwa\u0142a Nr [Numer Uchwa\u0142y]\/[Rok]<\/strong><\/em><\/p>\n\n\n\n<hr class=\"wp-block-separator has-alpha-channel-opacity\"\/>\n\n\n\n<h2 class=\"wp-block-heading has-text-align-center\" style=\"font-size:23px\"><strong>Rozdzia\u0142 I: Postanowienia og\u00f3lne<\/strong><\/h2>\n\n\n\n<h2 class=\"wp-block-heading\" style=\"font-size:23px\"><strong>Art. 1. Cel i zakres dzia\u0142ania Rady:<\/strong><\/h2>\n\n\n\n<ol class=\"wp-block-list\">\n<li class=\"has-medium-font-size\"><strong>Rada Ochrony To\u017csamo\u015bci Nacji,<\/strong> zwana dalej &#8222;<strong>Rada<\/strong>,&#8221; zosta\u0142a powo\u0142ana na podstawie<strong> Ustawy o To\u017csamo\u015bci Nacji dla Konsultu Nacji Zr\u00f3wnowa\u017conych Wymiar\u00f3w.<\/strong><\/li>\n\n\n\n<li class=\"has-medium-font-size\">Rada ma na celu nadzorowanie i kontrolowanie przestrzegania postanowie\u0144 <strong>Ustawy o To\u017csamo\u015bci Nacji <\/strong>oraz <strong>Us\u0142ug Pseudonimu <\/strong>na terenie <strong>Konsultu Nacji Zr\u00f3wnowa\u017conych Wymiar\u00f3w.<\/strong><\/li>\n<\/ol>\n\n\n\n<h2 class=\"wp-block-heading\" style=\"font-size:23px\"><strong>Art. 2. Sk\u0142ad Rady:<\/strong><\/h2>\n\n\n\n<ol class=\"wp-block-list\">\n<li class=\"has-medium-font-size\">Rada sk\u0142ada si\u0119 z ekspert\u00f3w ds. cyberbezpiecze\u0144stwa, prawa cywilnego, ochrony danych osobowych oraz przedstawicieli nacji, cywilizacji i innych byt\u00f3w wielowymiarowych.<\/li>\n\n\n\n<li class=\"has-medium-font-size\">Sk\u0142ad Rady jest okre\u015blany przez <strong>Konsult Nacji Zr\u00f3wnowa\u017conych Wymiar\u00f3w<\/strong>.<\/li>\n<\/ol>\n\n\n\n<hr class=\"wp-block-separator has-alpha-channel-opacity\"\/>\n\n\n\n<p class=\"has-text-align-center\" style=\"font-size:25px\"><strong>Rozdzia\u0142 II: Kompetencje Rady<\/strong><\/p>\n\n\n\n<h2 class=\"wp-block-heading\" style=\"font-size:23px\"><strong>Art. 3. Kompetencje nadzorcze:<\/strong><\/h2>\n\n\n\n<ol class=\"wp-block-list\">\n<li class=\"has-medium-font-size\">Rada ma prawo monitorowa\u0107 i nadzorowa\u0107 przestrzeganie postanowie\u0144 <strong>Ustawy o To\u017csamo\u015bci Nacji<\/strong> oraz <strong>Us\u0142ug Pseudonimu <\/strong>przez <strong>Konsult Nacji Zr\u00f3wnowa\u017conych Wymiar\u00f3w.<\/strong><\/li>\n\n\n\n<li class=\"has-medium-font-size\">Rada ma prawo \u017c\u0105da\u0107 od <strong>Konsultu Nacji Zr\u00f3wnowa\u017conych Wymiar\u00f3w <\/strong>wszelkich informacji dotycz\u0105cych rejestracji to\u017csamo\u015bci nacji, ochrony danych oraz dzia\u0142a\u0144 zwi\u0105zanych z us\u0142ug\u0105 pseudonimu.<\/li>\n<\/ol>\n\n\n\n<p style=\"font-size:23px\"><strong>Art. 4. Zalecenia i decyzje Rady:<\/strong><\/p>\n\n\n\n<ol class=\"wp-block-list\">\n<li class=\"has-medium-font-size\">Rada ma prawo wydawa\u0107 zalecenia dotycz\u0105ce bezpiecze\u0144stwa danych oraz przestrzegania <strong>Ustawy o To\u017csamo\u015bci Nacji<\/strong> i Us\u0142ug Pseudonimu.<\/li>\n\n\n\n<li class=\"has-medium-font-size\">W przypadku stwierdzenia narusze\u0144, Rada ma prawo podejmowa\u0107 decyzje dotycz\u0105ce sankcji, skonsultowanych wcze\u015bniej z <strong>Konsultem Nacji Zr\u00f3wnowa\u017conych Wymiar\u00f3w.<\/strong><\/li>\n<\/ol>\n\n\n\n<hr class=\"wp-block-separator has-alpha-channel-opacity\"\/>\n\n\n\n<h2 class=\"wp-block-heading has-text-align-center\" style=\"font-size:25px\"><strong>Rozdzia\u0142 III: Raportowanie i Publikacja Informacji<\/strong><\/h2>\n\n\n\n<p style=\"font-size:23px\"><strong>Art. 5. Raportowanie dzia\u0142a\u0144:<\/strong><\/p>\n\n\n\n<ol class=\"wp-block-list\">\n<li class=\"has-medium-font-size\">Rada jest zobowi\u0105zana do regularnego raportowania <strong>Konsultowi Nacji Zr\u00f3wnowa\u017conych Wymiar\u00f3w<\/strong> na temat swoich dzia\u0142a\u0144 oraz wszelkich stwierdzonych narusze\u0144.<\/li>\n\n\n\n<li class=\"has-medium-font-size\">Raporty obejmuj\u0105 r\u00f3wnie\u017c zalecenia Rady oraz wnioski dotycz\u0105ce poprawy system\u00f3w ochrony to\u017csamo\u015bci nacji.<\/li>\n<\/ol>\n\n\n\n<p style=\"font-size:23px\"><strong>Art. 6. Publikacja informacji:<\/strong><\/p>\n\n\n\n<ol class=\"wp-block-list\">\n<li class=\"has-medium-font-size\">Rada ma prawo publikowa\u0107 informacje o swoich dzia\u0142aniach, je\u017celi uzna to za konieczne w celu edukacji spo\u0142ecze\u0144stwa oraz budowania zaufania do systemu ochrony to\u017csamo\u015bci nacji.<\/li>\n<\/ol>\n\n\n\n<hr class=\"wp-block-separator has-alpha-channel-opacity\"\/>\n\n\n\n<h2 class=\"wp-block-heading has-text-align-center\" style=\"font-size:23px\"><strong>Rozdzia\u0142 IV: Wsp\u00f3\u0142praca z Konsultem<\/strong><\/h2>\n\n\n\n<h2 class=\"wp-block-heading\" style=\"font-size:23px\"><strong>Art. 7. Wsp\u00f3\u0142praca z Konsultem:<\/strong><\/h2>\n\n\n\n<ol class=\"wp-block-list\">\n<li class=\"has-medium-font-size\">Rada wsp\u00f3\u0142pracuje z <strong>Konsultem Nacji Zr\u00f3wnowa\u017conych Wymiar\u00f3w<\/strong> w zakresie oceny i udoskonalania system\u00f3w zwi\u0105zanych z to\u017csamo\u015bci\u0105 nacji.<\/li>\n\n\n\n<li class=\"has-medium-font-size\">W przypadku konieczno\u015bci, Rada mo\u017ce zwraca\u0107 si\u0119 do Konsulta o wprowadzenie zmian w procedurach rejestracji to\u017csamo\u015bci i Us\u0142ug Pseudonimu.<\/li>\n<\/ol>\n\n\n\n<hr class=\"wp-block-separator has-alpha-channel-opacity\"\/>\n\n\n\n<h2 class=\"wp-block-heading has-text-align-center\" style=\"font-size:25px\"><strong>Rozdzia\u0142 V: Postanowienia Ko\u0144cowe<\/strong><\/h2>\n\n\n\n<h2 class=\"wp-block-heading has-text-align-left\" style=\"font-size:23px\"><strong>Art. 8. Wej\u015bcie w \u017cycie:<\/strong><\/h2>\n\n\n\n<ol class=\"wp-block-list\">\n<li class=\"has-medium-font-size\">Uchwa\u0142a wchodzi w \u017cycie z dniem podj\u0119cia.<\/li>\n<\/ol>\n\n\n\n<p style=\"margin-top:5px;margin-bottom:5px;font-size:23px\"><strong>Art. 9. Zmiany w uchwale:<\/strong><\/p>\n\n\n\n<ol class=\"wp-block-list\">\n<li class=\"has-medium-font-size\">Wprowadzenie zmian w uchwale wymaga zgody <strong>Konsulta Nacji Zr\u00f3wnowa\u017conych Wymiar\u00f3w.<\/strong><\/li>\n<\/ol>\n\n\n\n<hr class=\"wp-block-separator has-alpha-channel-opacity\"\/>\n\n\n\n<p style=\"font-size:17px\"><em>Uchwa\u0142a Nr [Numer Uchwa\u0142y]\/[Rok] zosta\u0142a podj\u0119ta przez Rad\u0119 Ochrony To\u017csamo\u015bci Narodowej w dniu [Data].<\/em><\/p>\n\n\n\n<p style=\"font-size:17px\"><em>Podpis Przewodnicz\u0105cego Rady: \u2026\u2026\u2026\u2026\u2026\u2026\u2026\u2026\u2026\u2026\u2026\u2026..<\/em><\/p>\n\n\n\n<p style=\"font-size:17px\"><em>Podpis Sekretarza Rady: \u2026\u2026\u2026\u2026\u2026\u2026\u2026\u2026\u2026\u2026\u2026\u2026\u2026\u2026..<\/em><\/p>\n\n\n\n<p><\/p>\n\n\n\n<div style=\"height:25px\" aria-hidden=\"true\" class=\"wp-block-spacer\"><\/div>\n\n\n\n<hr class=\"wp-block-separator has-alpha-channel-opacity is-style-wide\"\/>\n\n\n\n<h2 class=\"wp-block-heading\" style=\"font-size:22px\"><strong>Konsult 0n40i4<\/strong><\/h2>\n","protected":false},"excerpt":{"rendered":"<p>Konsultu Cywilizacji Zr\u00f3wnowa\u017conych Wymiar\u00f3w Uchwa\u0142a Nr [Numer Uchwa\u0142y]\/[Rok] Rozdzia\u0142 I: Postanowienia og\u00f3lne Art. 1. Cel i zakres dzia\u0142ania Rady: Art. 2. Sk\u0142ad Rady: Rozdzia\u0142 II: Kompetencje Rady Art. 3. Kompetencje nadzorcze: Art. 4. Zalecenia i decyzje Rady: Rozdzia\u0142 III: Raportowanie i Publikacja Informacji Art. 5. Raportowanie dzia\u0142a\u0144: Art. 6. Publikacja informacji: Rozdzia\u0142 IV: Wsp\u00f3\u0142praca z [&hellip;]<\/p>\n","protected":false},"author":2,"featured_media":0,"parent":0,"menu_order":0,"comment_status":"closed","ping_status":"closed","template":"","meta":{"site-sidebar-layout":"default","site-content-layout":"","ast-site-content-layout":"default","site-content-style":"default","site-sidebar-style":"default","ast-global-header-display":"","ast-banner-title-visibility":"","ast-main-header-display":"","ast-hfb-above-header-display":"","ast-hfb-below-header-display":"","ast-hfb-mobile-header-display":"","site-post-title":"","ast-breadcrumbs-content":"","ast-featured-img":"","footer-sml-layout":"","ast-disable-related-posts":"","theme-transparent-header-meta":"","adv-header-id-meta":"","stick-header-meta":"","header-above-stick-meta":"","header-main-stick-meta":"","header-below-stick-meta":"","astra-migrate-meta-layouts":"default","ast-page-background-enabled":"default","ast-page-background-meta":{"desktop":{"background-color":"var(--ast-global-color-4)","background-image":"","background-repeat":"repeat","background-position":"center center","background-size":"auto","background-attachment":"scroll","background-type":"","background-media":"","overlay-type":"","overlay-color":"","overlay-opacity":"","overlay-gradient":""},"tablet":{"background-color":"","background-image":"","background-repeat":"repeat","background-position":"center center","background-size":"auto","background-attachment":"scroll","background-type":"","background-media":"","overlay-type":"","overlay-color":"","overlay-opacity":"","overlay-gradient":""},"mobile":{"background-color":"","background-image":"","background-repeat":"repeat","background-position":"center center","background-size":"auto","background-attachment":"scroll","background-type":"","background-media":"","overlay-type":"","overlay-color":"","overlay-opacity":"","overlay-gradient":""}},"ast-content-background-meta":{"desktop":{"background-color":"var(--ast-global-color-5)","background-image":"","background-repeat":"repeat","background-position":"center center","background-size":"auto","background-attachment":"scroll","background-type":"","background-media":"","overlay-type":"","overlay-color":"","overlay-opacity":"","overlay-gradient":""},"tablet":{"background-color":"var(--ast-global-color-5)","background-image":"","background-repeat":"repeat","background-position":"center center","background-size":"auto","background-attachment":"scroll","background-type":"","background-media":"","overlay-type":"","overlay-color":"","overlay-opacity":"","overlay-gradient":""},"mobile":{"background-color":"var(--ast-global-color-5)","background-image":"","background-repeat":"repeat","background-position":"center center","background-size":"auto","background-attachment":"scroll","background-type":"","background-media":"","overlay-type":"","overlay-color":"","overlay-opacity":"","overlay-gradient":""}},"footnotes":""},"class_list":["post-4223","page","type-page","status-publish","hentry"],"yoast_head":"<!-- This site is optimized with the Yoast SEO plugin v21.9.1 - https:\/\/yoast.com\/wordpress\/plugins\/seo\/ -->\n<title>Rada Ochrony To\u017csamo\u015bci Nacji - RSCA<\/title>\n<meta name=\"description\" content=\"Zapewnij kompleksow\u0105 ochron\u0119 i rejestracj\u0119 to\u017csamo\u015bci nacji, cywilizacji i byt\u00f3w wielowymiarowych w Konsulcie Zr\u00f3wnowa\u017conych Wymiar\u00f3w zgodnie z Ustaw\u0105 o To\u017csamo\u015bci Nacji. Bezpiecze\u0144stwo danych, awatary prawne, pseudonimy - wszystko zgodnie z najwy\u017cszymi standardami bezpiecze\u0144stwa. Rada Ochrony To\u017csamo\u015bci Narodowej nadzoruje i wprowadza \u015brodki zapobiegawcze, zapewniaj\u0105c transparentno\u015b\u0107 i bezpiecze\u0144stwo w Konsulcie.\" \/>\n<meta name=\"robots\" content=\"index, follow, max-snippet:-1, max-image-preview:large, max-video-preview:-1\" \/>\n<link rel=\"canonical\" href=\"http:\/\/rsca.grassrootslobbing.pl\/pl_PL\/rada-ochrony-tozsamosci-narodowej-konsulatu-cywilizacji-zrownowazonych-wymiarow\/\" \/>\n<meta property=\"og:locale\" content=\"pl_PL\" \/>\n<meta property=\"og:type\" content=\"article\" \/>\n<meta property=\"og:title\" content=\"Rada Ochrony To\u017csamo\u015bci Nacji - RSCA\" \/>\n<meta property=\"og:description\" content=\"Zapewnij kompleksow\u0105 ochron\u0119 i rejestracj\u0119 to\u017csamo\u015bci nacji, cywilizacji i byt\u00f3w wielowymiarowych w Konsulcie Zr\u00f3wnowa\u017conych Wymiar\u00f3w zgodnie z Ustaw\u0105 o To\u017csamo\u015bci Nacji. Bezpiecze\u0144stwo danych, awatary prawne, pseudonimy - wszystko zgodnie z najwy\u017cszymi standardami bezpiecze\u0144stwa. Rada Ochrony To\u017csamo\u015bci Narodowej nadzoruje i wprowadza \u015brodki zapobiegawcze, zapewniaj\u0105c transparentno\u015b\u0107 i bezpiecze\u0144stwo w Konsulcie.\" \/>\n<meta property=\"og:url\" content=\"http:\/\/rsca.grassrootslobbing.pl\/pl_PL\/rada-ochrony-tozsamosci-narodowej-konsulatu-cywilizacji-zrownowazonych-wymiarow\/\" \/>\n<meta property=\"og:site_name\" content=\"RSCA\" \/>\n<meta property=\"article:modified_time\" content=\"2024-01-07T10:27:29+00:00\" \/>\n<meta name=\"twitter:card\" content=\"summary_large_image\" \/>\n<meta name=\"twitter:label1\" content=\"Szacowany czas czytania\" \/>\n\t<meta name=\"twitter:data1\" content=\"3 minuty\" \/>\n<script type=\"application\/ld+json\" class=\"yoast-schema-graph\">{\"@context\":\"https:\/\/schema.org\",\"@graph\":[{\"@type\":\"WebPage\",\"@id\":\"http:\/\/rsca.grassrootslobbing.pl\/pl_PL\/rada-ochrony-tozsamosci-narodowej-konsulatu-cywilizacji-zrownowazonych-wymiarow\/\",\"url\":\"http:\/\/rsca.grassrootslobbing.pl\/pl_PL\/rada-ochrony-tozsamosci-narodowej-konsulatu-cywilizacji-zrownowazonych-wymiarow\/\",\"name\":\"Rada Ochrony To\u017csamo\u015bci Nacji - RSCA\",\"isPartOf\":{\"@id\":\"http:\/\/rsca.grassrootslobbing.pl\/pl_PL\/#website\"},\"datePublished\":\"2024-01-07T08:57:04+00:00\",\"dateModified\":\"2024-01-07T10:27:29+00:00\",\"description\":\"Zapewnij kompleksow\u0105 ochron\u0119 i rejestracj\u0119 to\u017csamo\u015bci nacji, cywilizacji i byt\u00f3w wielowymiarowych w Konsulcie Zr\u00f3wnowa\u017conych Wymiar\u00f3w zgodnie z Ustaw\u0105 o To\u017csamo\u015bci Nacji. Bezpiecze\u0144stwo danych, awatary prawne, pseudonimy - wszystko zgodnie z najwy\u017cszymi standardami bezpiecze\u0144stwa. Rada Ochrony To\u017csamo\u015bci Narodowej nadzoruje i wprowadza \u015brodki zapobiegawcze, zapewniaj\u0105c transparentno\u015b\u0107 i bezpiecze\u0144stwo w Konsulcie.\",\"inLanguage\":\"pl-PL\",\"potentialAction\":[{\"@type\":\"ReadAction\",\"target\":[\"http:\/\/rsca.grassrootslobbing.pl\/pl_PL\/rada-ochrony-tozsamosci-narodowej-konsulatu-cywilizacji-zrownowazonych-wymiarow\/\"]}]},{\"@type\":\"WebSite\",\"@id\":\"http:\/\/rsca.grassrootslobbing.pl\/pl_PL\/#website\",\"url\":\"http:\/\/rsca.grassrootslobbing.pl\/pl_PL\/\",\"name\":\"Reality Source Code Acces\",\"description\":\"\",\"publisher\":{\"@id\":\"http:\/\/rsca.grassrootslobbing.pl\/pl_PL\/#organization\"},\"potentialAction\":[{\"@type\":\"SearchAction\",\"target\":{\"@type\":\"EntryPoint\",\"urlTemplate\":\"http:\/\/rsca.grassrootslobbing.pl\/pl_PL\/?s={search_term_string}\"},\"query-input\":\"required name=search_term_string\"}],\"inLanguage\":\"pl-PL\"},{\"@type\":\"Organization\",\"@id\":\"http:\/\/rsca.grassrootslobbing.pl\/pl_PL\/#organization\",\"name\":\"Konsult 0n40i4\",\"url\":\"http:\/\/rsca.grassrootslobbing.pl\/pl_PL\/\",\"logo\":{\"@type\":\"ImageObject\",\"inLanguage\":\"pl-PL\",\"@id\":\"http:\/\/rsca.grassrootslobbing.pl\/pl_PL\/#\/schema\/logo\/image\/\",\"url\":\"http:\/\/rsca.grassrootslobbing.pl\/wp-content\/uploads\/2023\/12\/cropped-DALL\u00b7E-2023-12-31-08.54.33-A-modern-and-abstract-logo-for-Konsult-0n40i4-representing-an-interdimensional-legal-system.-The-design-should-embody-themes-of-law-dimensions-an.png\",\"contentUrl\":\"http:\/\/rsca.grassrootslobbing.pl\/wp-content\/uploads\/2023\/12\/cropped-DALL\u00b7E-2023-12-31-08.54.33-A-modern-and-abstract-logo-for-Konsult-0n40i4-representing-an-interdimensional-legal-system.-The-design-should-embody-themes-of-law-dimensions-an.png\",\"width\":1024,\"height\":835,\"caption\":\"Konsult 0n40i4\"},\"image\":{\"@id\":\"http:\/\/rsca.grassrootslobbing.pl\/pl_PL\/#\/schema\/logo\/image\/\"}}]}<\/script>\n<!-- \/ Yoast SEO plugin. -->","yoast_head_json":{"title":"Rada Ochrony To\u017csamo\u015bci Nacji - RSCA","description":"Zapewnij kompleksow\u0105 ochron\u0119 i rejestracj\u0119 to\u017csamo\u015bci nacji, cywilizacji i byt\u00f3w wielowymiarowych w Konsulcie Zr\u00f3wnowa\u017conych Wymiar\u00f3w zgodnie z Ustaw\u0105 o To\u017csamo\u015bci Nacji. Bezpiecze\u0144stwo danych, awatary prawne, pseudonimy - wszystko zgodnie z najwy\u017cszymi standardami bezpiecze\u0144stwa. Rada Ochrony To\u017csamo\u015bci Narodowej nadzoruje i wprowadza \u015brodki zapobiegawcze, zapewniaj\u0105c transparentno\u015b\u0107 i bezpiecze\u0144stwo w Konsulcie.","robots":{"index":"index","follow":"follow","max-snippet":"max-snippet:-1","max-image-preview":"max-image-preview:large","max-video-preview":"max-video-preview:-1"},"canonical":"http:\/\/rsca.grassrootslobbing.pl\/pl_PL\/rada-ochrony-tozsamosci-narodowej-konsulatu-cywilizacji-zrownowazonych-wymiarow\/","og_locale":"pl_PL","og_type":"article","og_title":"Rada Ochrony To\u017csamo\u015bci Nacji - RSCA","og_description":"Zapewnij kompleksow\u0105 ochron\u0119 i rejestracj\u0119 to\u017csamo\u015bci nacji, cywilizacji i byt\u00f3w wielowymiarowych w Konsulcie Zr\u00f3wnowa\u017conych Wymiar\u00f3w zgodnie z Ustaw\u0105 o To\u017csamo\u015bci Nacji. Bezpiecze\u0144stwo danych, awatary prawne, pseudonimy - wszystko zgodnie z najwy\u017cszymi standardami bezpiecze\u0144stwa. Rada Ochrony To\u017csamo\u015bci Narodowej nadzoruje i wprowadza \u015brodki zapobiegawcze, zapewniaj\u0105c transparentno\u015b\u0107 i bezpiecze\u0144stwo w Konsulcie.","og_url":"http:\/\/rsca.grassrootslobbing.pl\/pl_PL\/rada-ochrony-tozsamosci-narodowej-konsulatu-cywilizacji-zrownowazonych-wymiarow\/","og_site_name":"RSCA","article_modified_time":"2024-01-07T10:27:29+00:00","twitter_card":"summary_large_image","twitter_misc":{"Szacowany czas czytania":"3 minuty"},"schema":{"@context":"https:\/\/schema.org","@graph":[{"@type":"WebPage","@id":"http:\/\/rsca.grassrootslobbing.pl\/pl_PL\/rada-ochrony-tozsamosci-narodowej-konsulatu-cywilizacji-zrownowazonych-wymiarow\/","url":"http:\/\/rsca.grassrootslobbing.pl\/pl_PL\/rada-ochrony-tozsamosci-narodowej-konsulatu-cywilizacji-zrownowazonych-wymiarow\/","name":"Rada Ochrony To\u017csamo\u015bci Nacji - RSCA","isPartOf":{"@id":"http:\/\/rsca.grassrootslobbing.pl\/pl_PL\/#website"},"datePublished":"2024-01-07T08:57:04+00:00","dateModified":"2024-01-07T10:27:29+00:00","description":"Zapewnij kompleksow\u0105 ochron\u0119 i rejestracj\u0119 to\u017csamo\u015bci nacji, cywilizacji i byt\u00f3w wielowymiarowych w Konsulcie Zr\u00f3wnowa\u017conych Wymiar\u00f3w zgodnie z Ustaw\u0105 o To\u017csamo\u015bci Nacji. Bezpiecze\u0144stwo danych, awatary prawne, pseudonimy - wszystko zgodnie z najwy\u017cszymi standardami bezpiecze\u0144stwa. Rada Ochrony To\u017csamo\u015bci Narodowej nadzoruje i wprowadza \u015brodki zapobiegawcze, zapewniaj\u0105c transparentno\u015b\u0107 i bezpiecze\u0144stwo w Konsulcie.","inLanguage":"pl-PL","potentialAction":[{"@type":"ReadAction","target":["http:\/\/rsca.grassrootslobbing.pl\/pl_PL\/rada-ochrony-tozsamosci-narodowej-konsulatu-cywilizacji-zrownowazonych-wymiarow\/"]}]},{"@type":"WebSite","@id":"http:\/\/rsca.grassrootslobbing.pl\/pl_PL\/#website","url":"http:\/\/rsca.grassrootslobbing.pl\/pl_PL\/","name":"Reality Source Code Acces","description":"","publisher":{"@id":"http:\/\/rsca.grassrootslobbing.pl\/pl_PL\/#organization"},"potentialAction":[{"@type":"SearchAction","target":{"@type":"EntryPoint","urlTemplate":"http:\/\/rsca.grassrootslobbing.pl\/pl_PL\/?s={search_term_string}"},"query-input":"required name=search_term_string"}],"inLanguage":"pl-PL"},{"@type":"Organization","@id":"http:\/\/rsca.grassrootslobbing.pl\/pl_PL\/#organization","name":"Konsult 0n40i4","url":"http:\/\/rsca.grassrootslobbing.pl\/pl_PL\/","logo":{"@type":"ImageObject","inLanguage":"pl-PL","@id":"http:\/\/rsca.grassrootslobbing.pl\/pl_PL\/#\/schema\/logo\/image\/","url":"http:\/\/rsca.grassrootslobbing.pl\/wp-content\/uploads\/2023\/12\/cropped-DALL\u00b7E-2023-12-31-08.54.33-A-modern-and-abstract-logo-for-Konsult-0n40i4-representing-an-interdimensional-legal-system.-The-design-should-embody-themes-of-law-dimensions-an.png","contentUrl":"http:\/\/rsca.grassrootslobbing.pl\/wp-content\/uploads\/2023\/12\/cropped-DALL\u00b7E-2023-12-31-08.54.33-A-modern-and-abstract-logo-for-Konsult-0n40i4-representing-an-interdimensional-legal-system.-The-design-should-embody-themes-of-law-dimensions-an.png","width":1024,"height":835,"caption":"Konsult 0n40i4"},"image":{"@id":"http:\/\/rsca.grassrootslobbing.pl\/pl_PL\/#\/schema\/logo\/image\/"}}]}},"_links":{"self":[{"href":"http:\/\/rsca.grassrootslobbing.pl\/pl_PL\/wp-json\/wp\/v2\/pages\/4223","targetHints":{"allow":["GET"]}}],"collection":[{"href":"http:\/\/rsca.grassrootslobbing.pl\/pl_PL\/wp-json\/wp\/v2\/pages"}],"about":[{"href":"http:\/\/rsca.grassrootslobbing.pl\/pl_PL\/wp-json\/wp\/v2\/types\/page"}],"author":[{"embeddable":true,"href":"http:\/\/rsca.grassrootslobbing.pl\/pl_PL\/wp-json\/wp\/v2\/users\/2"}],"replies":[{"embeddable":true,"href":"http:\/\/rsca.grassrootslobbing.pl\/pl_PL\/wp-json\/wp\/v2\/comments?post=4223"}],"version-history":[{"count":2,"href":"http:\/\/rsca.grassrootslobbing.pl\/pl_PL\/wp-json\/wp\/v2\/pages\/4223\/revisions"}],"predecessor-version":[{"id":4290,"href":"http:\/\/rsca.grassrootslobbing.pl\/pl_PL\/wp-json\/wp\/v2\/pages\/4223\/revisions\/4290"}],"wp:attachment":[{"href":"http:\/\/rsca.grassrootslobbing.pl\/pl_PL\/wp-json\/wp\/v2\/media?parent=4223"}],"curies":[{"name":"wp","href":"https:\/\/api.w.org\/{rel}","templated":true}]}}