{"id":4218,"date":"2024-01-07T05:21:28","date_gmt":"2024-01-07T04:21:28","guid":{"rendered":"https:\/\/rsca.0n40i4.pl\/?page_id=4218"},"modified":"2024-01-08T11:44:25","modified_gmt":"2024-01-08T10:44:25","slug":"4218-2","status":"publish","type":"page","link":"http:\/\/rsca.grassrootslobbing.pl\/pl_PL\/4218-2\/","title":{"rendered":"Ustawa o To\u017csamo\u015bci Nacji"},"content":{"rendered":"\n<h2 class=\"wp-block-heading has-text-align-center\" style=\"font-size:25px\"><strong>dla Konsultu Nacji Zr\u00f3wnowa\u017conych Wymiar\u00f3w<\/strong><\/h2>\n\n\n\n<h1 class=\"wp-block-heading has-text-align-center\" style=\"font-size:23px\"><strong>Rozdzia\u0142 I: Postanowienia og\u00f3lne<\/strong><\/h1>\n\n\n\n<div style=\"height:10px\" aria-hidden=\"true\" class=\"wp-block-spacer\"><\/div>\n\n\n\n<p class=\"has-medium-font-size\">Art. 1. Ustawa okre\u015bla zasady ochrony to\u017csamo\u015bci nacji oraz danych osobowych, zgodnie z art. <strong>23 Kodeksu Cywilneg<\/strong>o i reguluje rejestracj\u0119 to\u017csamo\u015bci nacji w <strong>Konsulcie Nacji Zr\u00f3wnowa\u017conych Wymiar\u00f3w<\/strong>.<\/p>\n\n\n\n<h2 class=\"wp-block-heading has-text-align-left\" style=\"font-size:23px\"><strong>Art. 2. Definicje<\/strong><\/h2>\n\n\n\n<div style=\"height:10px\" aria-hidden=\"true\" class=\"wp-block-spacer\"><\/div>\n\n\n\n<p class=\"has-medium-font-size\" style=\"margin-top:3px;margin-bottom:3px\">1. <strong>To\u017csamo\u015b\u0107 nacji<\/strong>: Dane i informacje identyfikuj\u0105ce nacj\u0119, cywilizacj\u0119 lub inny byt wielowymiarowy w kontek\u015bcie jego pochodzenia i przynale\u017cno\u015bci do danego wymiaru lub \u015bwiata.<\/p>\n\n\n\n<p class=\"has-medium-font-size\" style=\"margin-top:3px;margin-bottom:3px\">2. <strong>Dane osobowe:<\/strong> Informacje zwi\u0105zane z danymi nacji, cywilizacji lub innych byt\u00f3w, w\u0142\u0105czaj\u0105c w to dane biometryczne, historyczne i cyfrowe.<\/p>\n\n\n\n<p class=\"has-medium-font-size\" style=\"margin-top:3px;margin-bottom:3px\">3. <strong>Awatar prawny<\/strong>: Cyfrowy reprezentant to\u017csamo\u015bci nacji, cywilizacji lub innych byt\u00f3w, posiadaj\u0105cy zaszyfrowane dane oraz mo\u017cliwo\u015b\u0107 sprawdzania autentyczno\u015bci i pochodzenia tych danych.<\/p>\n\n\n\n<p class=\"has-medium-font-size\" style=\"margin-top:3px;margin-bottom:3px\">4. <strong>Klon prawny:<\/strong> Kopie awatara prawego stworzone w celu zwi\u0119kszenia ochrony danych.<\/p>\n\n\n\n<p class=\"has-medium-font-size\">5. <strong>Pseudonim:<\/strong> Unikalny identyfikator generowany przez <strong>Konsult 0n40i4<\/strong>, dostosowany do r\u00f3\u017cnych wymiar\u00f3w technologicznych, zapewniaj\u0105cy prywatno\u015b\u0107 i bezpiecze\u0144stwo danych.<\/p>\n\n\n\n<div style=\"height:25px\" aria-hidden=\"true\" class=\"wp-block-spacer\"><\/div>\n\n\n\n<h2 class=\"wp-block-heading has-text-align-center\" style=\"font-size:23px\"><strong>Rozdzia\u0142 II: Rejestracja To\u017csamo\u015bci Nacji<\/strong><\/h2>\n\n\n\n<div style=\"height:10px\" aria-hidden=\"true\" class=\"wp-block-spacer\"><\/div>\n\n\n\n<p class=\"has-medium-font-size\" style=\"margin-top:5px;margin-bottom:5px\">Art. 3. Ka\u017cda nacja, cywilizacja lub inny byt wielowymiarowy ma prawo do rejestracji swojej to\u017csamo\u015bci nacji zgodnie z zasadami okre\u015blonymi w ustawie oraz na podstawie zg\u0142oszenia do <strong>Konsultu<\/strong>.<\/p>\n\n\n\n<p class=\"has-medium-font-size\" style=\"margin-top:5px;margin-bottom:5px\">Art. 4. Rejestracja to\u017csamo\u015bci nacji obejmuje dane okre\u015blone w art. 2 ust. 1, bazuj\u0105c na zgody i preferencje nacji, cywilizacji lub innych byt\u00f3w.<\/p>\n\n\n\n<p class=\"has-medium-font-size\">Art. 5. Awatary prawne, ich klony oraz pseudonimy s\u0105 prawnymi reprezentantami to\u017csamo\u015bci nacji, cywilizacji lub innych byt\u00f3w, stanowi\u0105c cyfrowy odpowiednik danych okre\u015blonych w art. 2 ust. 1 i 5.<\/p>\n\n\n\n<div style=\"height:10px\" aria-hidden=\"true\" class=\"wp-block-spacer\"><\/div>\n\n\n\n<h2 class=\"wp-block-heading has-text-align-center\" style=\"font-size:23px\"><strong>Rozdzia\u0142 III: Kodowanie i Ochrona Danych<\/strong><\/h2>\n\n\n\n<div style=\"height:10px\" aria-hidden=\"true\" class=\"wp-block-spacer\"><\/div>\n\n\n\n<p class=\"has-medium-font-size\" style=\"margin-top:5px;margin-bottom:5px\">Art. 6. Dane to\u017csamo\u015bci nacji oraz awatar\u00f3w prawnych, ich klon\u00f3w i pseudonim\u00f3w s\u0105 chronione przed nieautoryzowanym dost\u0119pem, kradzie\u017c\u0105 i nieuprawnionym przetwarzaniem. Dane s\u0105 przechowywane w spos\u00f3b zaszyfrowany, zgodnie z najwy\u017cszymi standardami bezpiecze\u0144stwa.<\/p>\n\n\n\n<p class=\"has-medium-font-size\">Art. 7. Awatary prawne, klony i pseudonimy posiadaj\u0105 mechanizmy do sprawdzania autentyczno\u015bci swoich danych oraz \u017ar\u00f3de\u0142 ich pochodzenia. Ka\u017cda pr\u00f3ba naruszenia danych zostaje zarejestrowana i podlega \u015bcis\u0142ej kontroli.<\/p>\n\n\n\n<div style=\"height:10px\" aria-hidden=\"true\" class=\"wp-block-spacer\"><\/div>\n\n\n\n<h2 class=\"wp-block-heading has-text-align-center\" style=\"font-size:23px\"><strong>Rozdzia\u0142 IV: Taryfikator i Organ Kontroluj\u0105cy<\/strong><\/h2>\n\n\n\n<div style=\"height:10px\" aria-hidden=\"true\" class=\"wp-block-spacer\"><\/div>\n\n\n\n<p class=\"has-medium-font-size\" style=\"margin-top:5px;margin-bottom:5px\">Art. 8. Wszelkie naruszenia to\u017csamo\u015bci nacji lub danych osobowych, w tym naruszenia zwi\u0105zane z pseudonimami, podlegaj\u0105 sankcjom, w tym karom finansowym zgodnie z taryfikatorem, kt\u00f3ry okre\u015bla wysoko\u015b\u0107 kar w zale\u017cno\u015bci od rodzaju naruszenia i skali szkody.<\/p>\n\n\n\n<p class=\"has-medium-font-size\">Art. 9. Organem kontroluj\u0105cym i nadzoruj\u0105cym jest<strong> Rada Ochrony To\u017csamo\u015bci Nacji Konsultu Nacji Zr\u00f3wnowa\u017conych Wymiar\u00f3w<\/strong>, kt\u00f3ra monitoruje przestrzeganie ustawy i wydaje zalecenia dotycz\u0105ce bezpiecze\u0144stwa danych, w tym danych zwi\u0105zanych z pseudonimami.<\/p>\n\n\n\n<div style=\"height:25px\" aria-hidden=\"true\" class=\"wp-block-spacer\"><\/div>\n\n\n\n<h2 class=\"wp-block-heading has-text-align-center\" style=\"font-size:23px\"><strong>Rozdzia\u0142 V: Komunikacja z Odbiorcami<\/strong><\/h2>\n\n\n\n<div style=\"height:10px\" aria-hidden=\"true\" class=\"wp-block-spacer\"><\/div>\n\n\n\n<p class=\"has-medium-font-size\" style=\"margin-top:5px;margin-bottom:5px\">Art. 10. Wszystkie awatary prawne, ich klony oraz pseudonimy s\u0105 zobowi\u0105zane do informowania nacji, cywilizacji lub innych byt\u00f3w o dzia\u0142aniach zwi\u0105zanych z ich to\u017csamo\u015bci\u0105 nacji oraz przetwarzaniem danych.<\/p>\n\n\n\n<p class=\"has-medium-font-size\">Art. 11. Organizowane s\u0105 kampanie edukacyjne dla nacji, cywilizacji, innych byt\u00f3w, urz\u0119dnik\u00f3w i przedsi\u0119biorc\u00f3w, maj\u0105ce na celu promowanie korzy\u015bci p\u0142yn\u0105cych z ochrony to\u017csamo\u015bci nacji oraz prawid\u0142owego korzystania z pseudonim\u00f3w.<\/p>\n\n\n\n<div style=\"height:10px\" aria-hidden=\"true\" class=\"wp-block-spacer\"><\/div>\n\n\n\n<h2 class=\"wp-block-heading has-text-align-center\" style=\"font-size:23px\"><strong>Rozdzia\u0142 VI: Postanowienia Ko\u0144cowe<\/strong><\/h2>\n\n\n\n<div style=\"height:10px\" aria-hidden=\"true\" class=\"wp-block-spacer\"><\/div>\n\n\n\n<p class=\"has-medium-font-size\" style=\"margin-top:5px;margin-bottom:5px\">Art. 12. Ustawa wchodzi w \u017cycie z dniem wyj\u015bcia <strong>Porozumienia Konsultu Nacji Zr\u00f3wnowa\u017conych Wymiar\u00f3w<\/strong> oraz wprowadzenia procedur i \u015bcie\u017cek prawnych dostosowanych do potrzeb <strong>Konsultu<\/strong>.<\/p>\n\n\n\n<p class=\"has-medium-font-size\" style=\"margin-top:5px;margin-bottom:5px\">Art. 13. Ustawa obj\u0119\u0142a wszystkie dotychczasowe AI r\u00f3\u017cnofunkcyjne w systemie informacji <strong>Konsultu<\/strong>, gdzie AI stanowi\u0142y pierwsze \u017ar\u00f3d\u0142o informacji i zasob\u00f3w dotycz\u0105cych to\u017csamo\u015bci nacji, cywilizacji lub innych byt\u00f3w.<\/p>\n\n\n\n<p class=\"has-medium-font-size\">Art. 14. Ustawa umo\u017cliwia nacjom, cywilizacjom i innym bytom korzystanie z procedur i rejestracji r\u00f3wnie\u017c w innych wymiarach i \u015bwiatach, z zachowaniem zasady zgodno\u015bci z prawem zwyczajowym, mi\u0119dzynarodowym oraz mi\u0119dzywymiarowym.<\/p>\n\n\n\n<div style=\"height:10px\" aria-hidden=\"true\" class=\"wp-block-spacer\"><\/div>\n\n\n\n<h2 class=\"wp-block-heading has-text-align-center\" style=\"font-size:23px\"><strong>Integracja Us\u0142ugi To\u017csamo\u015bci Nacji z Dost\u0119pem do Strefy Psychoaktywnej<\/strong><\/h2>\n\n\n\n<div style=\"height:10px\" aria-hidden=\"true\" class=\"wp-block-spacer\"><\/div>\n\n\n\n<p class=\"has-medium-font-size\" style=\"margin-top:5px;margin-bottom:5px\">W kontek\u015bcie <strong>Ustawy o To\u017csamo\u015bci Nacji<\/strong> dla<strong> Konsultu Nacji Zr\u00f3wnowa\u017conych Wymiar\u00f3w<\/strong>, korzystanie z us\u0142ugi <strong>To\u017csamo\u015bci Nacj<\/strong>i oferowane przez Konsult 0n40i4 obejmuje nie tylko ochron\u0119 i rejestracj\u0119 to\u017csamo\u015bci, ale r\u00f3wnie\u017c zapewnia dost\u0119p do <strong>Strefy Psychoaktywnej. <\/strong><\/p>\n\n\n\n<div style=\"height:10px\" aria-hidden=\"true\" class=\"wp-block-spacer\"><\/div>\n\n\n\n<p class=\"has-medium-font-size\" style=\"margin-top:5px;margin-bottom:5px\">Dost\u0119p ten umo\u017cliwia u\u017cytkownikom g\u0142\u0119bsze do\u015bwiadczenie i rozw\u00f3j, oferuj\u0105c zar\u00f3wno ochron\u0119 to\u017csamo\u015bci, jak i unikaln\u0105 przestrze\u0144 do eksploracji \u015bwiadomo\u015bci. Wszystkie us\u0142ugi zwi\u0105zane z <strong>To\u017csamo\u015bci\u0105 Nacji<\/strong> oraz dost\u0119p do <strong>Strefy Psychoaktywnej <\/strong>s\u0105 regulowane przez zbiorczy <strong>Taryfikator Konsultu<\/strong>. <\/p>\n\n\n\n<div style=\"height:10px\" aria-hidden=\"true\" class=\"wp-block-spacer\"><\/div>\n\n\n\n<p class=\"has-medium-font-size\" style=\"margin-top:5px;margin-bottom:5px\">Taryfikator ten gwarantuje przejrzysto\u015b\u0107 cen i elastyczno\u015b\u0107, umo\u017cliwiaj\u0105c klientom dokonanie \u015bwiadomego wyboru odpowiedniego pakietu us\u0142ug zgodnie z ich indywidualnymi potrzebami.<\/p>\n\n\n\n<div style=\"height:10px\" aria-hidden=\"true\" class=\"wp-block-spacer\"><\/div>\n\n\n\n<p class=\"has-medium-font-size\" style=\"margin-top:5px;margin-bottom:5px\"><strong>Uwagi do Taryfikatora:<\/strong> Wszystkie us\u0142ugi oferowane w ramach <strong>Ustawy o To\u017csamo\u015bci Nacji<\/strong>, w tym dost\u0119p do <strong>Strefy Psychoaktywnej<\/strong>, s\u0105 regulowane przez taryfikator Konsultu. Taryfikator ten zapewnia jasno\u015b\u0107 w zakresie cen i dost\u0119pnych pakiet\u00f3w, u\u0142atwiaj\u0105c klientom wyb\u00f3r us\u0142ug, kt\u00f3re najlepiej odpowiadaj\u0105 ich wymaganiom i oczekiwaniom.<\/p>\n\n\n\n<div style=\"height:25px\" aria-hidden=\"true\" class=\"wp-block-spacer\"><\/div>\n\n\n\n<hr class=\"wp-block-separator has-alpha-channel-opacity is-style-wide\"\/>\n\n\n\n<h2 class=\"wp-block-heading\" style=\"font-size:22px\"><strong>Konsult 0n40i4<\/strong><\/h2>\n","protected":false},"excerpt":{"rendered":"<p>dla Konsultu Nacji Zr\u00f3wnowa\u017conych Wymiar\u00f3w Rozdzia\u0142 I: Postanowienia og\u00f3lne Art. 1. Ustawa okre\u015bla zasady ochrony to\u017csamo\u015bci nacji oraz danych osobowych, zgodnie z art. 23 Kodeksu Cywilnego i reguluje rejestracj\u0119 to\u017csamo\u015bci nacji w Konsulcie Nacji Zr\u00f3wnowa\u017conych Wymiar\u00f3w. Art. 2. Definicje 1. To\u017csamo\u015b\u0107 nacji: Dane i informacje identyfikuj\u0105ce nacj\u0119, cywilizacj\u0119 lub inny byt wielowymiarowy w kontek\u015bcie jego [&hellip;]<\/p>\n","protected":false},"author":2,"featured_media":4493,"parent":0,"menu_order":0,"comment_status":"closed","ping_status":"closed","template":"","meta":{"site-sidebar-layout":"default","site-content-layout":"","ast-site-content-layout":"default","site-content-style":"default","site-sidebar-style":"default","ast-global-header-display":"","ast-banner-title-visibility":"","ast-main-header-display":"","ast-hfb-above-header-display":"","ast-hfb-below-header-display":"","ast-hfb-mobile-header-display":"","site-post-title":"","ast-breadcrumbs-content":"","ast-featured-img":"","footer-sml-layout":"","ast-disable-related-posts":"","theme-transparent-header-meta":"","adv-header-id-meta":"","stick-header-meta":"","header-above-stick-meta":"","header-main-stick-meta":"","header-below-stick-meta":"","astra-migrate-meta-layouts":"default","ast-page-background-enabled":"default","ast-page-background-meta":{"desktop":{"background-color":"var(--ast-global-color-4)","background-image":"","background-repeat":"repeat","background-position":"center center","background-size":"auto","background-attachment":"scroll","background-type":"","background-media":"","overlay-type":"","overlay-color":"","overlay-opacity":"","overlay-gradient":""},"tablet":{"background-color":"","background-image":"","background-repeat":"repeat","background-position":"center center","background-size":"auto","background-attachment":"scroll","background-type":"","background-media":"","overlay-type":"","overlay-color":"","overlay-opacity":"","overlay-gradient":""},"mobile":{"background-color":"","background-image":"","background-repeat":"repeat","background-position":"center center","background-size":"auto","background-attachment":"scroll","background-type":"","background-media":"","overlay-type":"","overlay-color":"","overlay-opacity":"","overlay-gradient":""}},"ast-content-background-meta":{"desktop":{"background-color":"var(--ast-global-color-5)","background-image":"","background-repeat":"repeat","background-position":"center center","background-size":"auto","background-attachment":"scroll","background-type":"","background-media":"","overlay-type":"","overlay-color":"","overlay-opacity":"","overlay-gradient":""},"tablet":{"background-color":"var(--ast-global-color-5)","background-image":"","background-repeat":"repeat","background-position":"center center","background-size":"auto","background-attachment":"scroll","background-type":"","background-media":"","overlay-type":"","overlay-color":"","overlay-opacity":"","overlay-gradient":""},"mobile":{"background-color":"var(--ast-global-color-5)","background-image":"","background-repeat":"repeat","background-position":"center center","background-size":"auto","background-attachment":"scroll","background-type":"","background-media":"","overlay-type":"","overlay-color":"","overlay-opacity":"","overlay-gradient":""}},"footnotes":""},"class_list":["post-4218","page","type-page","status-publish","has-post-thumbnail","hentry"],"yoast_head":"<!-- This site is optimized with the Yoast SEO plugin v21.9.1 - https:\/\/yoast.com\/wordpress\/plugins\/seo\/ -->\n<title>Ustawa o To\u017csamo\u015bci Nacji - RSCA<\/title>\n<meta name=\"description\" content=\"Ustawa o To\u017csamo\u015bci Nacji dla Konsultu Nacji Zr\u00f3wnowa\u017conych Wymiar\u00f3w stanowi kompleksowy zestaw zasad reguluj\u0105cych ochron\u0119 to\u017csamo\u015bci nacji, cywilizacji i innych byt\u00f3w wielowymiarowych. Zdefiniowane s\u0105 procedury rejestracji to\u017csamo\u015bci, tworzenia awatar\u00f3w prawnych, ochrony danych, sankcje za naruszenia oraz organ nadzoruj\u0105cy, zapewniaj\u0105c kompleksowy system ochrony w \u015bwiecie wielowymiarowym. Ustawa jest dostosowana do wsp\u00f3\u0142czesnych standard\u00f3w bezpiecze\u0144stwa, z uwzgl\u0119dnieniem specyfiki pseudonim\u00f3w generowanych przez Konsult 0n40i4, i umo\u017cliwia nacjom korzystanie z procedur w r\u00f3\u017cnych wymiarach, z poszanowaniem prawa zwyczajowego, mi\u0119dzynarodowego i mi\u0119dzywymiarowego.\" \/>\n<meta name=\"robots\" content=\"index, follow, max-snippet:-1, max-image-preview:large, max-video-preview:-1\" \/>\n<link rel=\"canonical\" href=\"http:\/\/rsca.grassrootslobbing.pl\/pl_PL\/4218-2\/\" \/>\n<meta property=\"og:locale\" content=\"pl_PL\" \/>\n<meta property=\"og:type\" content=\"article\" \/>\n<meta property=\"og:title\" content=\"Ustawa o To\u017csamo\u015bci Nacji - RSCA\" \/>\n<meta property=\"og:description\" content=\"Ustawa o To\u017csamo\u015bci Nacji dla Konsultu Nacji Zr\u00f3wnowa\u017conych Wymiar\u00f3w stanowi kompleksowy zestaw zasad reguluj\u0105cych ochron\u0119 to\u017csamo\u015bci nacji, cywilizacji i innych byt\u00f3w wielowymiarowych. Zdefiniowane s\u0105 procedury rejestracji to\u017csamo\u015bci, tworzenia awatar\u00f3w prawnych, ochrony danych, sankcje za naruszenia oraz organ nadzoruj\u0105cy, zapewniaj\u0105c kompleksowy system ochrony w \u015bwiecie wielowymiarowym. Ustawa jest dostosowana do wsp\u00f3\u0142czesnych standard\u00f3w bezpiecze\u0144stwa, z uwzgl\u0119dnieniem specyfiki pseudonim\u00f3w generowanych przez Konsult 0n40i4, i umo\u017cliwia nacjom korzystanie z procedur w r\u00f3\u017cnych wymiarach, z poszanowaniem prawa zwyczajowego, mi\u0119dzynarodowego i mi\u0119dzywymiarowego.\" \/>\n<meta property=\"og:url\" content=\"http:\/\/rsca.grassrootslobbing.pl\/pl_PL\/4218-2\/\" \/>\n<meta property=\"og:site_name\" content=\"RSCA\" \/>\n<meta property=\"article:modified_time\" content=\"2024-01-08T10:44:25+00:00\" \/>\n<meta property=\"og:image\" content=\"http:\/\/rsca.grassrootslobbing.pl\/wp-content\/uploads\/2024\/01\/DALL\u00b7E-2024-01-08-06.28.51-A-visual-representation-of-the-Act-on-National-Identity-for-the-Consultant-of-Balanced-Dimension-Nations.-This-image-should-reflect-the-key-aspects-.png\" \/>\n\t<meta property=\"og:image:width\" content=\"1024\" \/>\n\t<meta property=\"og:image:height\" content=\"1024\" \/>\n\t<meta property=\"og:image:type\" content=\"image\/png\" \/>\n<meta name=\"twitter:card\" content=\"summary_large_image\" \/>\n<meta name=\"twitter:label1\" content=\"Szacowany czas czytania\" \/>\n\t<meta name=\"twitter:data1\" content=\"5 minut\" \/>\n<script type=\"application\/ld+json\" class=\"yoast-schema-graph\">{\"@context\":\"https:\/\/schema.org\",\"@graph\":[{\"@type\":\"WebPage\",\"@id\":\"http:\/\/rsca.grassrootslobbing.pl\/pl_PL\/4218-2\/\",\"url\":\"http:\/\/rsca.grassrootslobbing.pl\/pl_PL\/4218-2\/\",\"name\":\"Ustawa o To\u017csamo\u015bci Nacji - RSCA\",\"isPartOf\":{\"@id\":\"http:\/\/rsca.grassrootslobbing.pl\/pl_PL\/#website\"},\"datePublished\":\"2024-01-07T04:21:28+00:00\",\"dateModified\":\"2024-01-08T10:44:25+00:00\",\"description\":\"Ustawa o To\u017csamo\u015bci Nacji dla Konsultu Nacji Zr\u00f3wnowa\u017conych Wymiar\u00f3w stanowi kompleksowy zestaw zasad reguluj\u0105cych ochron\u0119 to\u017csamo\u015bci nacji, cywilizacji i innych byt\u00f3w wielowymiarowych. Zdefiniowane s\u0105 procedury rejestracji to\u017csamo\u015bci, tworzenia awatar\u00f3w prawnych, ochrony danych, sankcje za naruszenia oraz organ nadzoruj\u0105cy, zapewniaj\u0105c kompleksowy system ochrony w \u015bwiecie wielowymiarowym. Ustawa jest dostosowana do wsp\u00f3\u0142czesnych standard\u00f3w bezpiecze\u0144stwa, z uwzgl\u0119dnieniem specyfiki pseudonim\u00f3w generowanych przez Konsult 0n40i4, i umo\u017cliwia nacjom korzystanie z procedur w r\u00f3\u017cnych wymiarach, z poszanowaniem prawa zwyczajowego, mi\u0119dzynarodowego i mi\u0119dzywymiarowego.\",\"inLanguage\":\"pl-PL\",\"potentialAction\":[{\"@type\":\"ReadAction\",\"target\":[\"http:\/\/rsca.grassrootslobbing.pl\/pl_PL\/4218-2\/\"]}]},{\"@type\":\"WebSite\",\"@id\":\"http:\/\/rsca.grassrootslobbing.pl\/pl_PL\/#website\",\"url\":\"http:\/\/rsca.grassrootslobbing.pl\/pl_PL\/\",\"name\":\"Reality Source Code Acces\",\"description\":\"\",\"publisher\":{\"@id\":\"http:\/\/rsca.grassrootslobbing.pl\/pl_PL\/#organization\"},\"potentialAction\":[{\"@type\":\"SearchAction\",\"target\":{\"@type\":\"EntryPoint\",\"urlTemplate\":\"http:\/\/rsca.grassrootslobbing.pl\/pl_PL\/?s={search_term_string}\"},\"query-input\":\"required name=search_term_string\"}],\"inLanguage\":\"pl-PL\"},{\"@type\":\"Organization\",\"@id\":\"http:\/\/rsca.grassrootslobbing.pl\/pl_PL\/#organization\",\"name\":\"Konsult 0n40i4\",\"url\":\"http:\/\/rsca.grassrootslobbing.pl\/pl_PL\/\",\"logo\":{\"@type\":\"ImageObject\",\"inLanguage\":\"pl-PL\",\"@id\":\"http:\/\/rsca.grassrootslobbing.pl\/pl_PL\/#\/schema\/logo\/image\/\",\"url\":\"http:\/\/rsca.grassrootslobbing.pl\/wp-content\/uploads\/2023\/12\/cropped-DALL\u00b7E-2023-12-31-08.54.33-A-modern-and-abstract-logo-for-Konsult-0n40i4-representing-an-interdimensional-legal-system.-The-design-should-embody-themes-of-law-dimensions-an.png\",\"contentUrl\":\"http:\/\/rsca.grassrootslobbing.pl\/wp-content\/uploads\/2023\/12\/cropped-DALL\u00b7E-2023-12-31-08.54.33-A-modern-and-abstract-logo-for-Konsult-0n40i4-representing-an-interdimensional-legal-system.-The-design-should-embody-themes-of-law-dimensions-an.png\",\"width\":1024,\"height\":835,\"caption\":\"Konsult 0n40i4\"},\"image\":{\"@id\":\"http:\/\/rsca.grassrootslobbing.pl\/pl_PL\/#\/schema\/logo\/image\/\"}}]}<\/script>\n<!-- \/ Yoast SEO plugin. -->","yoast_head_json":{"title":"Ustawa o To\u017csamo\u015bci Nacji - RSCA","description":"Ustawa o To\u017csamo\u015bci Nacji dla Konsultu Nacji Zr\u00f3wnowa\u017conych Wymiar\u00f3w stanowi kompleksowy zestaw zasad reguluj\u0105cych ochron\u0119 to\u017csamo\u015bci nacji, cywilizacji i innych byt\u00f3w wielowymiarowych. Zdefiniowane s\u0105 procedury rejestracji to\u017csamo\u015bci, tworzenia awatar\u00f3w prawnych, ochrony danych, sankcje za naruszenia oraz organ nadzoruj\u0105cy, zapewniaj\u0105c kompleksowy system ochrony w \u015bwiecie wielowymiarowym. Ustawa jest dostosowana do wsp\u00f3\u0142czesnych standard\u00f3w bezpiecze\u0144stwa, z uwzgl\u0119dnieniem specyfiki pseudonim\u00f3w generowanych przez Konsult 0n40i4, i umo\u017cliwia nacjom korzystanie z procedur w r\u00f3\u017cnych wymiarach, z poszanowaniem prawa zwyczajowego, mi\u0119dzynarodowego i mi\u0119dzywymiarowego.","robots":{"index":"index","follow":"follow","max-snippet":"max-snippet:-1","max-image-preview":"max-image-preview:large","max-video-preview":"max-video-preview:-1"},"canonical":"http:\/\/rsca.grassrootslobbing.pl\/pl_PL\/4218-2\/","og_locale":"pl_PL","og_type":"article","og_title":"Ustawa o To\u017csamo\u015bci Nacji - RSCA","og_description":"Ustawa o To\u017csamo\u015bci Nacji dla Konsultu Nacji Zr\u00f3wnowa\u017conych Wymiar\u00f3w stanowi kompleksowy zestaw zasad reguluj\u0105cych ochron\u0119 to\u017csamo\u015bci nacji, cywilizacji i innych byt\u00f3w wielowymiarowych. Zdefiniowane s\u0105 procedury rejestracji to\u017csamo\u015bci, tworzenia awatar\u00f3w prawnych, ochrony danych, sankcje za naruszenia oraz organ nadzoruj\u0105cy, zapewniaj\u0105c kompleksowy system ochrony w \u015bwiecie wielowymiarowym. Ustawa jest dostosowana do wsp\u00f3\u0142czesnych standard\u00f3w bezpiecze\u0144stwa, z uwzgl\u0119dnieniem specyfiki pseudonim\u00f3w generowanych przez Konsult 0n40i4, i umo\u017cliwia nacjom korzystanie z procedur w r\u00f3\u017cnych wymiarach, z poszanowaniem prawa zwyczajowego, mi\u0119dzynarodowego i mi\u0119dzywymiarowego.","og_url":"http:\/\/rsca.grassrootslobbing.pl\/pl_PL\/4218-2\/","og_site_name":"RSCA","article_modified_time":"2024-01-08T10:44:25+00:00","og_image":[{"url":"http:\/\/rsca.grassrootslobbing.pl\/wp-content\/uploads\/2024\/01\/DALL\u00b7E-2024-01-08-06.28.51-A-visual-representation-of-the-Act-on-National-Identity-for-the-Consultant-of-Balanced-Dimension-Nations.-This-image-should-reflect-the-key-aspects-.png","width":1024,"height":1024,"type":"image\/png"}],"twitter_card":"summary_large_image","twitter_misc":{"Szacowany czas czytania":"5 minut"},"schema":{"@context":"https:\/\/schema.org","@graph":[{"@type":"WebPage","@id":"http:\/\/rsca.grassrootslobbing.pl\/pl_PL\/4218-2\/","url":"http:\/\/rsca.grassrootslobbing.pl\/pl_PL\/4218-2\/","name":"Ustawa o To\u017csamo\u015bci Nacji - RSCA","isPartOf":{"@id":"http:\/\/rsca.grassrootslobbing.pl\/pl_PL\/#website"},"datePublished":"2024-01-07T04:21:28+00:00","dateModified":"2024-01-08T10:44:25+00:00","description":"Ustawa o To\u017csamo\u015bci Nacji dla Konsultu Nacji Zr\u00f3wnowa\u017conych Wymiar\u00f3w stanowi kompleksowy zestaw zasad reguluj\u0105cych ochron\u0119 to\u017csamo\u015bci nacji, cywilizacji i innych byt\u00f3w wielowymiarowych. Zdefiniowane s\u0105 procedury rejestracji to\u017csamo\u015bci, tworzenia awatar\u00f3w prawnych, ochrony danych, sankcje za naruszenia oraz organ nadzoruj\u0105cy, zapewniaj\u0105c kompleksowy system ochrony w \u015bwiecie wielowymiarowym. Ustawa jest dostosowana do wsp\u00f3\u0142czesnych standard\u00f3w bezpiecze\u0144stwa, z uwzgl\u0119dnieniem specyfiki pseudonim\u00f3w generowanych przez Konsult 0n40i4, i umo\u017cliwia nacjom korzystanie z procedur w r\u00f3\u017cnych wymiarach, z poszanowaniem prawa zwyczajowego, mi\u0119dzynarodowego i mi\u0119dzywymiarowego.","inLanguage":"pl-PL","potentialAction":[{"@type":"ReadAction","target":["http:\/\/rsca.grassrootslobbing.pl\/pl_PL\/4218-2\/"]}]},{"@type":"WebSite","@id":"http:\/\/rsca.grassrootslobbing.pl\/pl_PL\/#website","url":"http:\/\/rsca.grassrootslobbing.pl\/pl_PL\/","name":"Reality Source Code Acces","description":"","publisher":{"@id":"http:\/\/rsca.grassrootslobbing.pl\/pl_PL\/#organization"},"potentialAction":[{"@type":"SearchAction","target":{"@type":"EntryPoint","urlTemplate":"http:\/\/rsca.grassrootslobbing.pl\/pl_PL\/?s={search_term_string}"},"query-input":"required name=search_term_string"}],"inLanguage":"pl-PL"},{"@type":"Organization","@id":"http:\/\/rsca.grassrootslobbing.pl\/pl_PL\/#organization","name":"Konsult 0n40i4","url":"http:\/\/rsca.grassrootslobbing.pl\/pl_PL\/","logo":{"@type":"ImageObject","inLanguage":"pl-PL","@id":"http:\/\/rsca.grassrootslobbing.pl\/pl_PL\/#\/schema\/logo\/image\/","url":"http:\/\/rsca.grassrootslobbing.pl\/wp-content\/uploads\/2023\/12\/cropped-DALL\u00b7E-2023-12-31-08.54.33-A-modern-and-abstract-logo-for-Konsult-0n40i4-representing-an-interdimensional-legal-system.-The-design-should-embody-themes-of-law-dimensions-an.png","contentUrl":"http:\/\/rsca.grassrootslobbing.pl\/wp-content\/uploads\/2023\/12\/cropped-DALL\u00b7E-2023-12-31-08.54.33-A-modern-and-abstract-logo-for-Konsult-0n40i4-representing-an-interdimensional-legal-system.-The-design-should-embody-themes-of-law-dimensions-an.png","width":1024,"height":835,"caption":"Konsult 0n40i4"},"image":{"@id":"http:\/\/rsca.grassrootslobbing.pl\/pl_PL\/#\/schema\/logo\/image\/"}}]}},"_links":{"self":[{"href":"http:\/\/rsca.grassrootslobbing.pl\/pl_PL\/wp-json\/wp\/v2\/pages\/4218","targetHints":{"allow":["GET"]}}],"collection":[{"href":"http:\/\/rsca.grassrootslobbing.pl\/pl_PL\/wp-json\/wp\/v2\/pages"}],"about":[{"href":"http:\/\/rsca.grassrootslobbing.pl\/pl_PL\/wp-json\/wp\/v2\/types\/page"}],"author":[{"embeddable":true,"href":"http:\/\/rsca.grassrootslobbing.pl\/pl_PL\/wp-json\/wp\/v2\/users\/2"}],"replies":[{"embeddable":true,"href":"http:\/\/rsca.grassrootslobbing.pl\/pl_PL\/wp-json\/wp\/v2\/comments?post=4218"}],"version-history":[{"count":9,"href":"http:\/\/rsca.grassrootslobbing.pl\/pl_PL\/wp-json\/wp\/v2\/pages\/4218\/revisions"}],"predecessor-version":[{"id":4562,"href":"http:\/\/rsca.grassrootslobbing.pl\/pl_PL\/wp-json\/wp\/v2\/pages\/4218\/revisions\/4562"}],"wp:featuredmedia":[{"embeddable":true,"href":"http:\/\/rsca.grassrootslobbing.pl\/pl_PL\/wp-json\/wp\/v2\/media\/4493"}],"wp:attachment":[{"href":"http:\/\/rsca.grassrootslobbing.pl\/pl_PL\/wp-json\/wp\/v2\/media?parent=4218"}],"curies":[{"name":"wp","href":"https:\/\/api.w.org\/{rel}","templated":true}]}}