{"id":4009,"date":"2024-01-06T05:48:09","date_gmt":"2024-01-06T04:48:09","guid":{"rendered":"https:\/\/rsca.0n40i4.pl\/?page_id=4009"},"modified":"2024-01-06T21:35:12","modified_gmt":"2024-01-06T20:35:12","slug":"operacja-kwantowe-reparacje","status":"publish","type":"page","link":"http:\/\/rsca.grassrootslobbing.pl\/pl_PL\/operacja-kwantowe-reparacje\/","title":{"rendered":"&#8222;Operacja Kwantowe Reparacje&#8221;"},"content":{"rendered":"\n<h2 class=\"wp-block-heading has-text-align-center\" style=\"font-size:23px\"><strong>Wst\u0119p <\/strong><\/h2>\n\n\n\n<p class=\"has-medium-font-size\">W niedalekiej przysz\u0142o\u015bci, polscy naukowcy dokonuj\u0105 historycznego odkrycia metody manipulacji kodem \u017ar\u00f3d\u0142owym rzeczywisto\u015bci. <\/p>\n\n\n\n<p class=\"has-medium-font-size\">To prze\u0142omowe osi\u0105gni\u0119cie otwiera drzwi do \u015bwiata, gdzie rzeczywisto\u015b\u0107 i symulacja przenikaj\u0105 si\u0119. <\/p>\n\n\n\n<p class=\"has-medium-font-size\">Rozpoczynaj\u0105c od nieza\u0142atwionych historycznie kwestii, jak reparacje wojenne, naukowcy demonstruj\u0105 mo\u017cliwo\u015bci swojej technologii, rzucaj\u0105c wyzwanie ca\u0142emu \u015bwiatu. <\/p>\n\n\n\n<p class=\"has-medium-font-size\">Ta innowacja zmusza w\u0142adze Niemiec do stanu gotowo\u015bci i zwraca uwag\u0119 na d\u0142ugo ignorowane kwestie, sygnalizuj\u0105c pocz\u0105tek nowej ery w rozumieniu rzeczywisto\u015bci i polityki.<\/p>\n\n\n\n<p class=\"has-medium-font-size\">W konsekwencji tego odkrycia, w\u0142adze Niemiec znajduj\u0105 si\u0119 w stanie najwy\u017cszej gotowo\u015bci. Musz\u0105 zmierzy\u0107 si\u0119 z wyzwaniem, kt\u00f3re dot\u0105d ignorowano: jak technologia manipulacji rzeczywisto\u015bci\u0105 wp\u0142ynie na globalny porz\u0105dek. <\/p>\n\n\n\n<p class=\"has-medium-font-size\">Niemieccy hakerzy, prawnicy, naukowcy i inne organy si\u0142owe s\u0105 zmuszeni do obrony demokracji i ujawnienia prawdy. W tym nowym \u015bwiecie ka\u017cda decyzja ma dalekosi\u0119\u017cne konsekwencje.<\/p>\n\n\n\n<p class=\"has-medium-font-size\">Gra &#8222;<strong>Operacja Kwantowe Reparacje<\/strong>&#8222;, b\u0119d\u0105ca zar\u00f3wno eksperymentem jak i wyzwaniem, zyskuje na popularno\u015bci. <\/p>\n\n\n\n<p class=\"has-medium-font-size\">Pod subtytu\u0142em &#8222;<strong>Biegnij, Olaf, Biegnij<\/strong>&#8222;, staje si\u0119 symbolem walki przeciwko niesprawiedliwo\u015bci i symbolem wsparcia dla wykluczonych. <\/p>\n\n\n\n<p class=\"has-medium-font-size\">Ka\u017cdy krok w grze ods\u0142ania kolejne tajemnice i nadu\u017cycia rz\u0105du, dostarczaj\u0105c graczom nowych informacji i narz\u0119dzi do walki o prawd\u0119. <\/p>\n\n\n\n<p class=\"has-medium-font-size\">Celem gry jest nie tylko zdobycie reparacji wojennych, ale tak\u017ce badanie wp\u0142ywu nowych technologii na ludzk\u0105 percepcj\u0119 i decyzje polityczne. <\/p>\n\n\n\n<p class=\"has-medium-font-size\">W \u015bwiecie, gdzie ka\u017cdy ruch ma znaczenie, stawk\u0105 jest sama rzeczywisto\u015b\u0107.<\/p>\n\n\n\n<p class=\"has-medium-font-size\">W miar\u0119 jak historia &#8222;<strong>Operacji Kwantowych Reparacji<\/strong>&#8221; si\u0119 rozwija, gracze wchodz\u0105 g\u0142\u0119biej w \u015bwiat, w kt\u00f3rym granice rzeczywisto\u015bci staj\u0105 si\u0119 coraz bardziej niejasne. <\/p>\n\n\n\n<p class=\"has-medium-font-size\">W tle rozgrywki politycznej, spo\u0142eczno\u015bci na ca\u0142ym \u015bwiecie zaczynaj\u0105 dostrzega\u0107 potencja\u0142 tej technologii, a tak\u017ce zagro\u017cenia, kt\u00f3re ze sob\u0105 niesie. <\/p>\n\n\n\n<p class=\"has-medium-font-size\">Nast\u0119puje seria wydarze\u0144, w kt\u00f3rych r\u00f3\u017cne grupy spo\u0142eczne &#8211; od m\u0142odzie\u017cy po starszych obywateli &#8211; zaczynaj\u0105 wykorzystywa\u0107 narz\u0119dzia gry do wp\u0142ywania na swoje otoczenie i rz\u0105d.<\/p>\n\n\n\n<p class=\"has-medium-font-size\">Ka\u017cdy rozdzia\u0142 opowiadania pog\u0142\u0119bia konflikty i wyzwania, przedstawiaj\u0105c coraz bardziej skomplikowan\u0105 sie\u0107 intryg i odkry\u0107. <\/p>\n\n\n\n<p class=\"has-medium-font-size\">W ko\u0144cu, historia osi\u0105ga punkt kulminacyjny, w kt\u00f3rym konsekwencje gry zaczynaj\u0105 wykracza\u0107 poza wirtualny \u015bwiat, prowokuj\u0105c zmiany w rzeczywistym \u015bwiecie.<\/p>\n","protected":false},"excerpt":{"rendered":"<p>Wst\u0119p W niedalekiej przysz\u0142o\u015bci, polscy naukowcy dokonuj\u0105 historycznego odkrycia metody manipulacji kodem \u017ar\u00f3d\u0142owym rzeczywisto\u015bci. To prze\u0142omowe osi\u0105gni\u0119cie otwiera drzwi do \u015bwiata, gdzie rzeczywisto\u015b\u0107 i symulacja przenikaj\u0105 si\u0119. Rozpoczynaj\u0105c od nieza\u0142atwionych historycznie kwestii, jak reparacje wojenne, naukowcy demonstruj\u0105 mo\u017cliwo\u015bci swojej technologii, rzucaj\u0105c wyzwanie ca\u0142emu \u015bwiatu. Ta innowacja zmusza w\u0142adze Niemiec do stanu gotowo\u015bci i zwraca uwag\u0119 [&hellip;]<\/p>\n","protected":false},"author":3,"featured_media":0,"parent":0,"menu_order":0,"comment_status":"closed","ping_status":"closed","template":"","meta":{"site-sidebar-layout":"default","site-content-layout":"","ast-site-content-layout":"default","site-content-style":"default","site-sidebar-style":"default","ast-global-header-display":"","ast-banner-title-visibility":"","ast-main-header-display":"","ast-hfb-above-header-display":"","ast-hfb-below-header-display":"","ast-hfb-mobile-header-display":"","site-post-title":"","ast-breadcrumbs-content":"","ast-featured-img":"","footer-sml-layout":"","ast-disable-related-posts":"","theme-transparent-header-meta":"","adv-header-id-meta":"","stick-header-meta":"","header-above-stick-meta":"","header-main-stick-meta":"","header-below-stick-meta":"","astra-migrate-meta-layouts":"default","ast-page-background-enabled":"default","ast-page-background-meta":{"desktop":{"background-color":"var(--ast-global-color-4)","background-image":"","background-repeat":"repeat","background-position":"center center","background-size":"auto","background-attachment":"scroll","background-type":"","background-media":"","overlay-type":"","overlay-color":"","overlay-opacity":"","overlay-gradient":""},"tablet":{"background-color":"","background-image":"","background-repeat":"repeat","background-position":"center center","background-size":"auto","background-attachment":"scroll","background-type":"","background-media":"","overlay-type":"","overlay-color":"","overlay-opacity":"","overlay-gradient":""},"mobile":{"background-color":"","background-image":"","background-repeat":"repeat","background-position":"center center","background-size":"auto","background-attachment":"scroll","background-type":"","background-media":"","overlay-type":"","overlay-color":"","overlay-opacity":"","overlay-gradient":""}},"ast-content-background-meta":{"desktop":{"background-color":"var(--ast-global-color-5)","background-image":"","background-repeat":"repeat","background-position":"center center","background-size":"auto","background-attachment":"scroll","background-type":"","background-media":"","overlay-type":"","overlay-color":"","overlay-opacity":"","overlay-gradient":""},"tablet":{"background-color":"var(--ast-global-color-5)","background-image":"","background-repeat":"repeat","background-position":"center center","background-size":"auto","background-attachment":"scroll","background-type":"","background-media":"","overlay-type":"","overlay-color":"","overlay-opacity":"","overlay-gradient":""},"mobile":{"background-color":"var(--ast-global-color-5)","background-image":"","background-repeat":"repeat","background-position":"center center","background-size":"auto","background-attachment":"scroll","background-type":"","background-media":"","overlay-type":"","overlay-color":"","overlay-opacity":"","overlay-gradient":""}},"footnotes":""},"class_list":["post-4009","page","type-page","status-publish","hentry"],"yoast_head":"<!-- This site is optimized with the Yoast SEO plugin v21.9.1 - https:\/\/yoast.com\/wordpress\/plugins\/seo\/ -->\n<title>&quot;Operacja Kwantowe Reparacje&quot; - RSCA<\/title>\n<meta name=\"robots\" content=\"index, follow, max-snippet:-1, max-image-preview:large, max-video-preview:-1\" \/>\n<link rel=\"canonical\" href=\"http:\/\/rsca.grassrootslobbing.pl\/pl_PL\/operacja-kwantowe-reparacje\/\" \/>\n<meta property=\"og:locale\" content=\"pl_PL\" \/>\n<meta property=\"og:type\" content=\"article\" \/>\n<meta property=\"og:title\" content=\"&quot;Operacja Kwantowe Reparacje&quot; - RSCA\" \/>\n<meta property=\"og:description\" content=\"Wst\u0119p W niedalekiej przysz\u0142o\u015bci, polscy naukowcy dokonuj\u0105 historycznego odkrycia metody manipulacji kodem \u017ar\u00f3d\u0142owym rzeczywisto\u015bci. To prze\u0142omowe osi\u0105gni\u0119cie otwiera drzwi do \u015bwiata, gdzie rzeczywisto\u015b\u0107 i symulacja przenikaj\u0105 si\u0119. Rozpoczynaj\u0105c od nieza\u0142atwionych historycznie kwestii, jak reparacje wojenne, naukowcy demonstruj\u0105 mo\u017cliwo\u015bci swojej technologii, rzucaj\u0105c wyzwanie ca\u0142emu \u015bwiatu. Ta innowacja zmusza w\u0142adze Niemiec do stanu gotowo\u015bci i zwraca uwag\u0119 [&hellip;]\" \/>\n<meta property=\"og:url\" content=\"http:\/\/rsca.grassrootslobbing.pl\/pl_PL\/operacja-kwantowe-reparacje\/\" \/>\n<meta property=\"og:site_name\" content=\"RSCA\" \/>\n<meta property=\"article:modified_time\" content=\"2024-01-06T20:35:12+00:00\" \/>\n<meta name=\"twitter:card\" content=\"summary_large_image\" \/>\n<meta name=\"twitter:label1\" content=\"Szacowany czas czytania\" \/>\n\t<meta name=\"twitter:data1\" content=\"2 minuty\" \/>\n<script type=\"application\/ld+json\" class=\"yoast-schema-graph\">{\"@context\":\"https:\/\/schema.org\",\"@graph\":[{\"@type\":\"WebPage\",\"@id\":\"http:\/\/rsca.grassrootslobbing.pl\/pl_PL\/operacja-kwantowe-reparacje\/\",\"url\":\"http:\/\/rsca.grassrootslobbing.pl\/pl_PL\/operacja-kwantowe-reparacje\/\",\"name\":\"\\\"Operacja Kwantowe Reparacje\\\" - RSCA\",\"isPartOf\":{\"@id\":\"http:\/\/rsca.grassrootslobbing.pl\/pl_PL\/#website\"},\"datePublished\":\"2024-01-06T04:48:09+00:00\",\"dateModified\":\"2024-01-06T20:35:12+00:00\",\"inLanguage\":\"pl-PL\",\"potentialAction\":[{\"@type\":\"ReadAction\",\"target\":[\"http:\/\/rsca.grassrootslobbing.pl\/pl_PL\/operacja-kwantowe-reparacje\/\"]}]},{\"@type\":\"WebSite\",\"@id\":\"http:\/\/rsca.grassrootslobbing.pl\/pl_PL\/#website\",\"url\":\"http:\/\/rsca.grassrootslobbing.pl\/pl_PL\/\",\"name\":\"Reality Source Code Acces\",\"description\":\"\",\"publisher\":{\"@id\":\"http:\/\/rsca.grassrootslobbing.pl\/pl_PL\/#organization\"},\"potentialAction\":[{\"@type\":\"SearchAction\",\"target\":{\"@type\":\"EntryPoint\",\"urlTemplate\":\"http:\/\/rsca.grassrootslobbing.pl\/pl_PL\/?s={search_term_string}\"},\"query-input\":\"required name=search_term_string\"}],\"inLanguage\":\"pl-PL\"},{\"@type\":\"Organization\",\"@id\":\"http:\/\/rsca.grassrootslobbing.pl\/pl_PL\/#organization\",\"name\":\"Konsult 0n40i4\",\"url\":\"http:\/\/rsca.grassrootslobbing.pl\/pl_PL\/\",\"logo\":{\"@type\":\"ImageObject\",\"inLanguage\":\"pl-PL\",\"@id\":\"http:\/\/rsca.grassrootslobbing.pl\/pl_PL\/#\/schema\/logo\/image\/\",\"url\":\"http:\/\/rsca.grassrootslobbing.pl\/wp-content\/uploads\/2023\/12\/cropped-DALL\u00b7E-2023-12-31-08.54.33-A-modern-and-abstract-logo-for-Konsult-0n40i4-representing-an-interdimensional-legal-system.-The-design-should-embody-themes-of-law-dimensions-an.png\",\"contentUrl\":\"http:\/\/rsca.grassrootslobbing.pl\/wp-content\/uploads\/2023\/12\/cropped-DALL\u00b7E-2023-12-31-08.54.33-A-modern-and-abstract-logo-for-Konsult-0n40i4-representing-an-interdimensional-legal-system.-The-design-should-embody-themes-of-law-dimensions-an.png\",\"width\":1024,\"height\":835,\"caption\":\"Konsult 0n40i4\"},\"image\":{\"@id\":\"http:\/\/rsca.grassrootslobbing.pl\/pl_PL\/#\/schema\/logo\/image\/\"}}]}<\/script>\n<!-- \/ Yoast SEO plugin. -->","yoast_head_json":{"title":"\"Operacja Kwantowe Reparacje\" - RSCA","robots":{"index":"index","follow":"follow","max-snippet":"max-snippet:-1","max-image-preview":"max-image-preview:large","max-video-preview":"max-video-preview:-1"},"canonical":"http:\/\/rsca.grassrootslobbing.pl\/pl_PL\/operacja-kwantowe-reparacje\/","og_locale":"pl_PL","og_type":"article","og_title":"\"Operacja Kwantowe Reparacje\" - RSCA","og_description":"Wst\u0119p W niedalekiej przysz\u0142o\u015bci, polscy naukowcy dokonuj\u0105 historycznego odkrycia metody manipulacji kodem \u017ar\u00f3d\u0142owym rzeczywisto\u015bci. To prze\u0142omowe osi\u0105gni\u0119cie otwiera drzwi do \u015bwiata, gdzie rzeczywisto\u015b\u0107 i symulacja przenikaj\u0105 si\u0119. Rozpoczynaj\u0105c od nieza\u0142atwionych historycznie kwestii, jak reparacje wojenne, naukowcy demonstruj\u0105 mo\u017cliwo\u015bci swojej technologii, rzucaj\u0105c wyzwanie ca\u0142emu \u015bwiatu. Ta innowacja zmusza w\u0142adze Niemiec do stanu gotowo\u015bci i zwraca uwag\u0119 [&hellip;]","og_url":"http:\/\/rsca.grassrootslobbing.pl\/pl_PL\/operacja-kwantowe-reparacje\/","og_site_name":"RSCA","article_modified_time":"2024-01-06T20:35:12+00:00","twitter_card":"summary_large_image","twitter_misc":{"Szacowany czas czytania":"2 minuty"},"schema":{"@context":"https:\/\/schema.org","@graph":[{"@type":"WebPage","@id":"http:\/\/rsca.grassrootslobbing.pl\/pl_PL\/operacja-kwantowe-reparacje\/","url":"http:\/\/rsca.grassrootslobbing.pl\/pl_PL\/operacja-kwantowe-reparacje\/","name":"\"Operacja Kwantowe Reparacje\" - RSCA","isPartOf":{"@id":"http:\/\/rsca.grassrootslobbing.pl\/pl_PL\/#website"},"datePublished":"2024-01-06T04:48:09+00:00","dateModified":"2024-01-06T20:35:12+00:00","inLanguage":"pl-PL","potentialAction":[{"@type":"ReadAction","target":["http:\/\/rsca.grassrootslobbing.pl\/pl_PL\/operacja-kwantowe-reparacje\/"]}]},{"@type":"WebSite","@id":"http:\/\/rsca.grassrootslobbing.pl\/pl_PL\/#website","url":"http:\/\/rsca.grassrootslobbing.pl\/pl_PL\/","name":"Reality Source Code Acces","description":"","publisher":{"@id":"http:\/\/rsca.grassrootslobbing.pl\/pl_PL\/#organization"},"potentialAction":[{"@type":"SearchAction","target":{"@type":"EntryPoint","urlTemplate":"http:\/\/rsca.grassrootslobbing.pl\/pl_PL\/?s={search_term_string}"},"query-input":"required name=search_term_string"}],"inLanguage":"pl-PL"},{"@type":"Organization","@id":"http:\/\/rsca.grassrootslobbing.pl\/pl_PL\/#organization","name":"Konsult 0n40i4","url":"http:\/\/rsca.grassrootslobbing.pl\/pl_PL\/","logo":{"@type":"ImageObject","inLanguage":"pl-PL","@id":"http:\/\/rsca.grassrootslobbing.pl\/pl_PL\/#\/schema\/logo\/image\/","url":"http:\/\/rsca.grassrootslobbing.pl\/wp-content\/uploads\/2023\/12\/cropped-DALL\u00b7E-2023-12-31-08.54.33-A-modern-and-abstract-logo-for-Konsult-0n40i4-representing-an-interdimensional-legal-system.-The-design-should-embody-themes-of-law-dimensions-an.png","contentUrl":"http:\/\/rsca.grassrootslobbing.pl\/wp-content\/uploads\/2023\/12\/cropped-DALL\u00b7E-2023-12-31-08.54.33-A-modern-and-abstract-logo-for-Konsult-0n40i4-representing-an-interdimensional-legal-system.-The-design-should-embody-themes-of-law-dimensions-an.png","width":1024,"height":835,"caption":"Konsult 0n40i4"},"image":{"@id":"http:\/\/rsca.grassrootslobbing.pl\/pl_PL\/#\/schema\/logo\/image\/"}}]}},"_links":{"self":[{"href":"http:\/\/rsca.grassrootslobbing.pl\/pl_PL\/wp-json\/wp\/v2\/pages\/4009","targetHints":{"allow":["GET"]}}],"collection":[{"href":"http:\/\/rsca.grassrootslobbing.pl\/pl_PL\/wp-json\/wp\/v2\/pages"}],"about":[{"href":"http:\/\/rsca.grassrootslobbing.pl\/pl_PL\/wp-json\/wp\/v2\/types\/page"}],"author":[{"embeddable":true,"href":"http:\/\/rsca.grassrootslobbing.pl\/pl_PL\/wp-json\/wp\/v2\/users\/3"}],"replies":[{"embeddable":true,"href":"http:\/\/rsca.grassrootslobbing.pl\/pl_PL\/wp-json\/wp\/v2\/comments?post=4009"}],"version-history":[{"count":6,"href":"http:\/\/rsca.grassrootslobbing.pl\/pl_PL\/wp-json\/wp\/v2\/pages\/4009\/revisions"}],"predecessor-version":[{"id":4083,"href":"http:\/\/rsca.grassrootslobbing.pl\/pl_PL\/wp-json\/wp\/v2\/pages\/4009\/revisions\/4083"}],"wp:attachment":[{"href":"http:\/\/rsca.grassrootslobbing.pl\/pl_PL\/wp-json\/wp\/v2\/media?parent=4009"}],"curies":[{"name":"wp","href":"https:\/\/api.w.org\/{rel}","templated":true}]}}