{"id":3919,"date":"2024-01-05T06:41:08","date_gmt":"2024-01-05T05:41:08","guid":{"rendered":"https:\/\/rsca.0n40i4.pl\/?page_id=3919"},"modified":"2024-01-05T12:43:36","modified_gmt":"2024-01-05T11:43:36","slug":"konspekt-instrukcji-reality-game-civilization","status":"publish","type":"page","link":"http:\/\/rsca.grassrootslobbing.pl\/pl_PL\/konspekt-instrukcji-reality-game-civilization\/","title":{"rendered":"Konspekt Instrukcji &#8222;Reality Game Civilization&#8221;"},"content":{"rendered":"\n<p class=\"has-medium-font-size\" style=\"margin-top:5px;margin-bottom:5px\">1. Cel Gry <\/p>\n\n\n\n<p style=\"margin-top:5px;margin-bottom:5px\"><strong>Opis: <\/strong>Wybierz swoj\u0105 posta\u0107 i okre\u015bl sw\u00f3j cel w grze. <\/p>\n\n\n\n<p style=\"margin-top:5px;margin-bottom:5px\"><strong>Laik (M\u0119\u017cczyzna, Kobieta): <\/strong><\/p>\n\n\n\n<p style=\"margin-top:5px;margin-bottom:5px\">&#8222;Witaj w grze 'Reality Game Civilization&#8217;. Wybierz posta\u0107 i pomy\u015bl o tym, czego chcia\u0142by\u015b(-aby\u015b) osi\u0105gn\u0105\u0107 w rzeczywisto\u015bci. To tw\u00f3j cel w grze.&#8221; <\/p>\n\n\n\n<p class=\"has-medium-font-size\" style=\"margin-top:5px;margin-bottom:5px\">2. Mechanika Gry <\/p>\n\n\n\n<p style=\"margin-top:5px;margin-bottom:5px\"><strong>Opis: <\/strong>Zrozum r\u00f3\u017cne rodzaje my\u015blenia i proces rozszczepiania informacji. <\/p>\n\n\n\n<p style=\"margin-top:5px;margin-bottom:5px\"><strong>Laik (M\u0119\u017cczyzna, Kobieta): <\/strong><\/p>\n\n\n\n<p style=\"margin-top:5px;margin-bottom:5px\">&#8222;Zrozum, \u017ce w grze rozwijasz r\u00f3\u017cne umiej\u0119tno\u015bci my\u015blowe. Musisz nauczy\u0107 si\u0119 my\u015blenia realistycznego, abstrakcyjnego i logicznego. To pomo\u017ce ci w osi\u0105ganiu cel\u00f3w.&#8221; <\/p>\n\n\n\n<p class=\"has-medium-font-size\" style=\"margin-top:5px;margin-bottom:5px\">3. Komunikacja Spo\u0142eczna <\/p>\n\n\n\n<p style=\"margin-top:5px;margin-bottom:5px\"><strong>Opis: <\/strong>Tworzenie sojuszy, wsp\u00f3\u0142praca i komunikacja z innymi graczami. <\/p>\n\n\n\n<p style=\"margin-top:5px;margin-bottom:5px\"><strong>Laik (M\u0119\u017cczyzna, Kobieta): <\/strong><\/p>\n\n\n\n<p style=\"margin-top:5px;margin-bottom:5px\">&#8222;W grze b\u0119dziesz musia\u0142(-a) wsp\u00f3\u0142pracowa\u0107 z innymi graczami, nawi\u0105zywa\u0107 sojusze i dobrze si\u0119 komunikowa\u0107, aby zdobywa\u0107 sukcesy.&#8221; <\/p>\n\n\n\n<p class=\"has-medium-font-size\" style=\"margin-top:5px;margin-bottom:5px\">4<strong>. Cele i Rozw\u00f3j <\/strong><\/p>\n\n\n\n<p style=\"margin-top:5px;margin-bottom:5px\"><strong>Opis:<\/strong> Cele, jakie mo\u017cna osi\u0105gn\u0105\u0107 w grze i rozwijanie postaci. <\/p>\n\n\n\n<p style=\"margin-top:5px;margin-bottom:5px\"><strong>Laik (M\u0119\u017cczyzna, Kobieta): <\/strong><\/p>\n\n\n\n<p style=\"margin-top:5px;margin-bottom:5px\">&#8222;Twoim celem jest osi\u0105gni\u0119cie sukcesu wirtualnej cywilizacji lub rozwijanie umiej\u0119tno\u015bci interpersonalnych. Im bardziej b\u0119dziesz si\u0119 rozwija\u0107, tym wi\u0119cej osi\u0105gniesz.&#8221; <\/p>\n\n\n\n<p class=\"has-medium-font-size\" style=\"margin-top:5px;margin-bottom:5px\"><strong>5. Proces Rozszczepiania Informacji <\/strong><\/p>\n\n\n\n<p style=\"margin-top:5px;margin-bottom:5px\"><strong>Opis: <\/strong>Przetwarzanie i optymalizacja informacji w grze. <\/p>\n\n\n\n<p style=\"margin-top:5px;margin-bottom:5px\"><strong>Laik (M\u0119\u017cczyzna, Kobieta): <\/strong><\/p>\n\n\n\n<p style=\"margin-top:5px;margin-bottom:5px\">&#8222;W grze musisz uczy\u0107 si\u0119, jak przetwarza\u0107 informacje, aby podejmowa\u0107 lepsze decyzje. To kluczowy element rozwoju postaci.&#8221; <\/p>\n\n\n\n<p class=\"has-medium-font-size\" style=\"margin-top:5px;margin-bottom:5px\"><strong>6. Warianty i Opcje Gry Opis: <\/strong><\/p>\n\n\n\n<p style=\"margin-top:5px;margin-bottom:5px\">R\u00f3\u017cne warianty i opcje, pozwalaj\u0105ce dostosowa\u0107 rozgrywk\u0119. <\/p>\n\n\n\n<p style=\"margin-top:5px;margin-bottom:5px\"><strong>Laik (M\u0119\u017cczyzna, Kobieta): <\/strong><\/p>\n\n\n\n<p style=\"margin-top:5px;margin-bottom:5px\">&#8222;Mo\u017cesz wybra\u0107 r\u00f3\u017cne poziomy trudno\u015bci i opcje, aby dostosowa\u0107 gr\u0119 do swoich preferencji i umiej\u0119tno\u015bci.&#8221; <\/p>\n\n\n\n<p class=\"has-medium-font-size\" style=\"margin-top:5px;margin-bottom:5px\"><strong>7. Wp\u0142yw na Rzeczywisto\u015b\u0107 <\/strong><\/p>\n\n\n\n<p style=\"margin-top:5px;margin-bottom:5px\"><strong>Opis:<\/strong> Analiza, w jaki spos\u00f3b mechanizmy gry wp\u0142ywaj\u0105 na rzeczywisto\u015b\u0107 graczy. <\/p>\n\n\n\n<p style=\"margin-top:5px;margin-bottom:5px\"><strong>Laik (M\u0119\u017cczyzna, Kobieta): <\/strong><\/p>\n\n\n\n<p style=\"margin-top:5px;margin-bottom:5px\">&#8222;Zastan\u00f3w si\u0119, jakie umiej\u0119tno\u015bci rozwini\u0119te w grze mog\u0105 pom\u00f3c ci w codziennym \u017cyciu i rozwi\u0105zywaniu problem\u00f3w.&#8221; <\/p>\n","protected":false},"excerpt":{"rendered":"<p>1. Cel Gry Opis: Wybierz swoj\u0105 posta\u0107 i okre\u015bl sw\u00f3j cel w grze. Laik (M\u0119\u017cczyzna, Kobieta): &#8222;Witaj w grze 'Reality Game Civilization&#8217;. Wybierz posta\u0107 i pomy\u015bl o tym, czego chcia\u0142by\u015b(-aby\u015b) osi\u0105gn\u0105\u0107 w rzeczywisto\u015bci. To tw\u00f3j cel w grze.&#8221; 2. Mechanika Gry Opis: Zrozum r\u00f3\u017cne rodzaje my\u015blenia i proces rozszczepiania informacji. Laik (M\u0119\u017cczyzna, Kobieta): &#8222;Zrozum, \u017ce [&hellip;]<\/p>\n","protected":false},"author":2,"featured_media":0,"parent":0,"menu_order":0,"comment_status":"closed","ping_status":"closed","template":"","meta":{"site-sidebar-layout":"default","site-content-layout":"","ast-site-content-layout":"default","site-content-style":"default","site-sidebar-style":"default","ast-global-header-display":"","ast-banner-title-visibility":"","ast-main-header-display":"","ast-hfb-above-header-display":"","ast-hfb-below-header-display":"","ast-hfb-mobile-header-display":"","site-post-title":"","ast-breadcrumbs-content":"","ast-featured-img":"","footer-sml-layout":"","ast-disable-related-posts":"","theme-transparent-header-meta":"","adv-header-id-meta":"","stick-header-meta":"","header-above-stick-meta":"","header-main-stick-meta":"","header-below-stick-meta":"","astra-migrate-meta-layouts":"default","ast-page-background-enabled":"default","ast-page-background-meta":{"desktop":{"background-color":"var(--ast-global-color-4)","background-image":"","background-repeat":"repeat","background-position":"center center","background-size":"auto","background-attachment":"scroll","background-type":"","background-media":"","overlay-type":"","overlay-color":"","overlay-opacity":"","overlay-gradient":""},"tablet":{"background-color":"","background-image":"","background-repeat":"repeat","background-position":"center center","background-size":"auto","background-attachment":"scroll","background-type":"","background-media":"","overlay-type":"","overlay-color":"","overlay-opacity":"","overlay-gradient":""},"mobile":{"background-color":"","background-image":"","background-repeat":"repeat","background-position":"center center","background-size":"auto","background-attachment":"scroll","background-type":"","background-media":"","overlay-type":"","overlay-color":"","overlay-opacity":"","overlay-gradient":""}},"ast-content-background-meta":{"desktop":{"background-color":"var(--ast-global-color-5)","background-image":"","background-repeat":"repeat","background-position":"center center","background-size":"auto","background-attachment":"scroll","background-type":"","background-media":"","overlay-type":"","overlay-color":"","overlay-opacity":"","overlay-gradient":""},"tablet":{"background-color":"var(--ast-global-color-5)","background-image":"","background-repeat":"repeat","background-position":"center center","background-size":"auto","background-attachment":"scroll","background-type":"","background-media":"","overlay-type":"","overlay-color":"","overlay-opacity":"","overlay-gradient":""},"mobile":{"background-color":"var(--ast-global-color-5)","background-image":"","background-repeat":"repeat","background-position":"center center","background-size":"auto","background-attachment":"scroll","background-type":"","background-media":"","overlay-type":"","overlay-color":"","overlay-opacity":"","overlay-gradient":""}},"footnotes":""},"class_list":["post-3919","page","type-page","status-publish","hentry"],"yoast_head":"<!-- This site is optimized with the Yoast SEO plugin v21.9.1 - https:\/\/yoast.com\/wordpress\/plugins\/seo\/ -->\n<title>Konspekt Instrukcji &quot;Reality Game Civilization&quot; - RSCA<\/title>\n<meta name=\"robots\" content=\"index, follow, max-snippet:-1, max-image-preview:large, max-video-preview:-1\" \/>\n<link rel=\"canonical\" href=\"http:\/\/rsca.grassrootslobbing.pl\/pl_PL\/konspekt-instrukcji-reality-game-civilization\/\" \/>\n<meta property=\"og:locale\" content=\"pl_PL\" \/>\n<meta property=\"og:type\" content=\"article\" \/>\n<meta property=\"og:title\" content=\"Konspekt Instrukcji &quot;Reality Game Civilization&quot; - RSCA\" \/>\n<meta property=\"og:description\" content=\"1. Cel Gry Opis: Wybierz swoj\u0105 posta\u0107 i okre\u015bl sw\u00f3j cel w grze. Laik (M\u0119\u017cczyzna, Kobieta): &#8222;Witaj w grze &#039;Reality Game Civilization&#8217;. Wybierz posta\u0107 i pomy\u015bl o tym, czego chcia\u0142by\u015b(-aby\u015b) osi\u0105gn\u0105\u0107 w rzeczywisto\u015bci. To tw\u00f3j cel w grze.&#8221; 2. Mechanika Gry Opis: Zrozum r\u00f3\u017cne rodzaje my\u015blenia i proces rozszczepiania informacji. Laik (M\u0119\u017cczyzna, Kobieta): &#8222;Zrozum, \u017ce [&hellip;]\" \/>\n<meta property=\"og:url\" content=\"http:\/\/rsca.grassrootslobbing.pl\/pl_PL\/konspekt-instrukcji-reality-game-civilization\/\" \/>\n<meta property=\"og:site_name\" content=\"RSCA\" \/>\n<meta property=\"article:modified_time\" content=\"2024-01-05T11:43:36+00:00\" \/>\n<meta name=\"twitter:card\" content=\"summary_large_image\" \/>\n<meta name=\"twitter:label1\" content=\"Szacowany czas czytania\" \/>\n\t<meta name=\"twitter:data1\" content=\"2 minuty\" \/>\n<script type=\"application\/ld+json\" class=\"yoast-schema-graph\">{\"@context\":\"https:\/\/schema.org\",\"@graph\":[{\"@type\":\"WebPage\",\"@id\":\"http:\/\/rsca.grassrootslobbing.pl\/pl_PL\/konspekt-instrukcji-reality-game-civilization\/\",\"url\":\"http:\/\/rsca.grassrootslobbing.pl\/pl_PL\/konspekt-instrukcji-reality-game-civilization\/\",\"name\":\"Konspekt Instrukcji \\\"Reality Game Civilization\\\" - RSCA\",\"isPartOf\":{\"@id\":\"http:\/\/rsca.grassrootslobbing.pl\/pl_PL\/#website\"},\"datePublished\":\"2024-01-05T05:41:08+00:00\",\"dateModified\":\"2024-01-05T11:43:36+00:00\",\"inLanguage\":\"pl-PL\",\"potentialAction\":[{\"@type\":\"ReadAction\",\"target\":[\"http:\/\/rsca.grassrootslobbing.pl\/pl_PL\/konspekt-instrukcji-reality-game-civilization\/\"]}]},{\"@type\":\"WebSite\",\"@id\":\"http:\/\/rsca.grassrootslobbing.pl\/pl_PL\/#website\",\"url\":\"http:\/\/rsca.grassrootslobbing.pl\/pl_PL\/\",\"name\":\"Reality Source Code Acces\",\"description\":\"\",\"publisher\":{\"@id\":\"http:\/\/rsca.grassrootslobbing.pl\/pl_PL\/#organization\"},\"potentialAction\":[{\"@type\":\"SearchAction\",\"target\":{\"@type\":\"EntryPoint\",\"urlTemplate\":\"http:\/\/rsca.grassrootslobbing.pl\/pl_PL\/?s={search_term_string}\"},\"query-input\":\"required name=search_term_string\"}],\"inLanguage\":\"pl-PL\"},{\"@type\":\"Organization\",\"@id\":\"http:\/\/rsca.grassrootslobbing.pl\/pl_PL\/#organization\",\"name\":\"Konsult 0n40i4\",\"url\":\"http:\/\/rsca.grassrootslobbing.pl\/pl_PL\/\",\"logo\":{\"@type\":\"ImageObject\",\"inLanguage\":\"pl-PL\",\"@id\":\"http:\/\/rsca.grassrootslobbing.pl\/pl_PL\/#\/schema\/logo\/image\/\",\"url\":\"http:\/\/rsca.grassrootslobbing.pl\/wp-content\/uploads\/2023\/12\/cropped-DALL\u00b7E-2023-12-31-08.54.33-A-modern-and-abstract-logo-for-Konsult-0n40i4-representing-an-interdimensional-legal-system.-The-design-should-embody-themes-of-law-dimensions-an.png\",\"contentUrl\":\"http:\/\/rsca.grassrootslobbing.pl\/wp-content\/uploads\/2023\/12\/cropped-DALL\u00b7E-2023-12-31-08.54.33-A-modern-and-abstract-logo-for-Konsult-0n40i4-representing-an-interdimensional-legal-system.-The-design-should-embody-themes-of-law-dimensions-an.png\",\"width\":1024,\"height\":835,\"caption\":\"Konsult 0n40i4\"},\"image\":{\"@id\":\"http:\/\/rsca.grassrootslobbing.pl\/pl_PL\/#\/schema\/logo\/image\/\"}}]}<\/script>\n<!-- \/ Yoast SEO plugin. -->","yoast_head_json":{"title":"Konspekt Instrukcji \"Reality Game Civilization\" - RSCA","robots":{"index":"index","follow":"follow","max-snippet":"max-snippet:-1","max-image-preview":"max-image-preview:large","max-video-preview":"max-video-preview:-1"},"canonical":"http:\/\/rsca.grassrootslobbing.pl\/pl_PL\/konspekt-instrukcji-reality-game-civilization\/","og_locale":"pl_PL","og_type":"article","og_title":"Konspekt Instrukcji \"Reality Game Civilization\" - RSCA","og_description":"1. Cel Gry Opis: Wybierz swoj\u0105 posta\u0107 i okre\u015bl sw\u00f3j cel w grze. Laik (M\u0119\u017cczyzna, Kobieta): &#8222;Witaj w grze 'Reality Game Civilization&#8217;. Wybierz posta\u0107 i pomy\u015bl o tym, czego chcia\u0142by\u015b(-aby\u015b) osi\u0105gn\u0105\u0107 w rzeczywisto\u015bci. To tw\u00f3j cel w grze.&#8221; 2. Mechanika Gry Opis: Zrozum r\u00f3\u017cne rodzaje my\u015blenia i proces rozszczepiania informacji. Laik (M\u0119\u017cczyzna, Kobieta): &#8222;Zrozum, \u017ce [&hellip;]","og_url":"http:\/\/rsca.grassrootslobbing.pl\/pl_PL\/konspekt-instrukcji-reality-game-civilization\/","og_site_name":"RSCA","article_modified_time":"2024-01-05T11:43:36+00:00","twitter_card":"summary_large_image","twitter_misc":{"Szacowany czas czytania":"2 minuty"},"schema":{"@context":"https:\/\/schema.org","@graph":[{"@type":"WebPage","@id":"http:\/\/rsca.grassrootslobbing.pl\/pl_PL\/konspekt-instrukcji-reality-game-civilization\/","url":"http:\/\/rsca.grassrootslobbing.pl\/pl_PL\/konspekt-instrukcji-reality-game-civilization\/","name":"Konspekt Instrukcji \"Reality Game Civilization\" - RSCA","isPartOf":{"@id":"http:\/\/rsca.grassrootslobbing.pl\/pl_PL\/#website"},"datePublished":"2024-01-05T05:41:08+00:00","dateModified":"2024-01-05T11:43:36+00:00","inLanguage":"pl-PL","potentialAction":[{"@type":"ReadAction","target":["http:\/\/rsca.grassrootslobbing.pl\/pl_PL\/konspekt-instrukcji-reality-game-civilization\/"]}]},{"@type":"WebSite","@id":"http:\/\/rsca.grassrootslobbing.pl\/pl_PL\/#website","url":"http:\/\/rsca.grassrootslobbing.pl\/pl_PL\/","name":"Reality Source Code Acces","description":"","publisher":{"@id":"http:\/\/rsca.grassrootslobbing.pl\/pl_PL\/#organization"},"potentialAction":[{"@type":"SearchAction","target":{"@type":"EntryPoint","urlTemplate":"http:\/\/rsca.grassrootslobbing.pl\/pl_PL\/?s={search_term_string}"},"query-input":"required name=search_term_string"}],"inLanguage":"pl-PL"},{"@type":"Organization","@id":"http:\/\/rsca.grassrootslobbing.pl\/pl_PL\/#organization","name":"Konsult 0n40i4","url":"http:\/\/rsca.grassrootslobbing.pl\/pl_PL\/","logo":{"@type":"ImageObject","inLanguage":"pl-PL","@id":"http:\/\/rsca.grassrootslobbing.pl\/pl_PL\/#\/schema\/logo\/image\/","url":"http:\/\/rsca.grassrootslobbing.pl\/wp-content\/uploads\/2023\/12\/cropped-DALL\u00b7E-2023-12-31-08.54.33-A-modern-and-abstract-logo-for-Konsult-0n40i4-representing-an-interdimensional-legal-system.-The-design-should-embody-themes-of-law-dimensions-an.png","contentUrl":"http:\/\/rsca.grassrootslobbing.pl\/wp-content\/uploads\/2023\/12\/cropped-DALL\u00b7E-2023-12-31-08.54.33-A-modern-and-abstract-logo-for-Konsult-0n40i4-representing-an-interdimensional-legal-system.-The-design-should-embody-themes-of-law-dimensions-an.png","width":1024,"height":835,"caption":"Konsult 0n40i4"},"image":{"@id":"http:\/\/rsca.grassrootslobbing.pl\/pl_PL\/#\/schema\/logo\/image\/"}}]}},"_links":{"self":[{"href":"http:\/\/rsca.grassrootslobbing.pl\/pl_PL\/wp-json\/wp\/v2\/pages\/3919","targetHints":{"allow":["GET"]}}],"collection":[{"href":"http:\/\/rsca.grassrootslobbing.pl\/pl_PL\/wp-json\/wp\/v2\/pages"}],"about":[{"href":"http:\/\/rsca.grassrootslobbing.pl\/pl_PL\/wp-json\/wp\/v2\/types\/page"}],"author":[{"embeddable":true,"href":"http:\/\/rsca.grassrootslobbing.pl\/pl_PL\/wp-json\/wp\/v2\/users\/2"}],"replies":[{"embeddable":true,"href":"http:\/\/rsca.grassrootslobbing.pl\/pl_PL\/wp-json\/wp\/v2\/comments?post=3919"}],"version-history":[{"count":2,"href":"http:\/\/rsca.grassrootslobbing.pl\/pl_PL\/wp-json\/wp\/v2\/pages\/3919\/revisions"}],"predecessor-version":[{"id":4559,"href":"http:\/\/rsca.grassrootslobbing.pl\/pl_PL\/wp-json\/wp\/v2\/pages\/3919\/revisions\/4559"}],"wp:attachment":[{"href":"http:\/\/rsca.grassrootslobbing.pl\/pl_PL\/wp-json\/wp\/v2\/media?parent=3919"}],"curies":[{"name":"wp","href":"https:\/\/api.w.org\/{rel}","templated":true}]}}