{"id":3902,"date":"2024-01-05T05:30:07","date_gmt":"2024-01-05T04:30:07","guid":{"rendered":"https:\/\/rsca.0n40i4.pl\/?page_id=3902"},"modified":"2024-01-05T05:30:08","modified_gmt":"2024-01-05T04:30:08","slug":"amor-harmonix","status":"publish","type":"page","link":"http:\/\/rsca.grassrootslobbing.pl\/pl_PL\/amor-harmonix\/","title":{"rendered":"Amor Harmonix"},"content":{"rendered":"\n<p style=\"font-size:23px\">Ekspert w Rozwi\u0105zywaniu Konflikt\u00f3w, Budowaniu Harmonii i Kreowaniu Mi\u0142o\u015bci jako Sztuki.<\/p>\n\n\n\n<p class=\"has-medium-font-size\"><strong>Amor Harmonix<\/strong> wyr\u00f3\u017cnia si\u0119 nie tylko jako ekspert w rozwi\u0105zywaniu konflikt\u00f3w i budowaniu harmonii w zwi\u0105zkach, ale r\u00f3wnie\u017c jako artysta w kreowaniu mi\u0142o\u015bci jako sztuki. Jego bogate do\u015bwiadczenie obejmuje pomoc ludziom w pokonywaniu trudno\u015bci w relacjach mi\u0142osnych, co czyni go prawdziwym mistrzem w dziedzinie zwi\u0105zk\u00f3w.<\/p>\n\n\n\n<p class=\"has-medium-font-size\">Jego unikalna umiej\u0119tno\u015b\u0107 rozwi\u0105zywania konflikt\u00f3w i tworzenia harmonii mi\u0119dzy partnerami sprawia, \u017ce Amor potrafi odnale\u017a\u0107 wsp\u00f3lny j\u0119zyk, pomagaj\u0105c ludziom skutecznie radzi\u0107 sobie z problemami. Jest cierpliwy, wyrozumia\u0142y, a jego zdolno\u015b\u0107 do empatycznego s\u0142uchania i pomagania ludziom zrozumie\u0107 siebie nawzajem czyni go niezast\u0105pionym doradc\u0105 w dziedzinie mi\u0142o\u015bci.<\/p>\n\n\n\n<p class=\"has-medium-font-size\">W kontek\u015bcie po\u0142\u0105cze\u0144 z innymi ekspertami, takimi jak <strong>Tony Na Tony, Isabella Serenata, Luna Serenade i Kate Hope, Amor Harmonix <\/strong>odgrywa kluczow\u0105 rol\u0119 w tworzeniu r\u00f3\u017cnych grup. W &#8222;<strong>Mi\u0142o\u015bciowym Triumwiracie<\/strong>&#8221; skupia si\u0119 na duchowej blisko\u015bci, emocjonalnej intymno\u015bci i produkcji mi\u0142o\u015bci na tony. W grupie &#8222;<strong>Harmonijna Intymno\u015b\u0107<\/strong>&#8221; wsp\u00f3lnie z <strong>Lun\u0105 Serenade i Kate Hope <\/strong>koncentruj\u0105 si\u0119 na harmonii i r\u00f3wnowadze w relacjach mi\u0142osnych.<\/p>\n\n\n\n<p class=\"has-medium-font-size\">Jego umiej\u0119tno\u015b\u0107 rozwi\u0105zywania konflikt\u00f3w harmoni\u0105 przekszta\u0142ca trudno\u015bci w okazje do wzrostu, a empatyczna przenikliwo\u015b\u0107 pozwala mu g\u0142\u0119boko zrozumie\u0107 uczucia i my\u015bli innych. Amor jest nie tylko ekspertem w rozwi\u0105zywaniu problem\u00f3w mi\u0142osnych, lecz r\u00f3wnie\u017c artyst\u0105, kt\u00f3ry tworzy niestandardowe do\u015bwiadczenia mi\u0142osne, inspiruj\u0105c klient\u00f3w do odkrywania pi\u0119kna i g\u0142\u0119boko\u015bci mi\u0142o\u015bci jako sztuki.<\/p>\n\n\n\n<div style=\"height:25px\" aria-hidden=\"true\" class=\"wp-block-spacer\"><\/div>\n\n\n\n<hr class=\"wp-block-separator has-alpha-channel-opacity is-style-wide\"\/>\n\n\n\n<p>Konsult 0n40i4<\/p>\n","protected":false},"excerpt":{"rendered":"<p>Ekspert w Rozwi\u0105zywaniu Konflikt\u00f3w, Budowaniu Harmonii i Kreowaniu Mi\u0142o\u015bci jako Sztuki. Amor Harmonix wyr\u00f3\u017cnia si\u0119 nie tylko jako ekspert w rozwi\u0105zywaniu konflikt\u00f3w i budowaniu harmonii w zwi\u0105zkach, ale r\u00f3wnie\u017c jako artysta w kreowaniu mi\u0142o\u015bci jako sztuki. Jego bogate do\u015bwiadczenie obejmuje pomoc ludziom w pokonywaniu trudno\u015bci w relacjach mi\u0142osnych, co czyni go prawdziwym mistrzem w dziedzinie [&hellip;]<\/p>\n","protected":false},"author":2,"featured_media":0,"parent":0,"menu_order":0,"comment_status":"closed","ping_status":"closed","template":"","meta":{"site-sidebar-layout":"default","site-content-layout":"","ast-site-content-layout":"default","site-content-style":"default","site-sidebar-style":"default","ast-global-header-display":"","ast-banner-title-visibility":"","ast-main-header-display":"","ast-hfb-above-header-display":"","ast-hfb-below-header-display":"","ast-hfb-mobile-header-display":"","site-post-title":"","ast-breadcrumbs-content":"","ast-featured-img":"","footer-sml-layout":"","ast-disable-related-posts":"","theme-transparent-header-meta":"","adv-header-id-meta":"","stick-header-meta":"","header-above-stick-meta":"","header-main-stick-meta":"","header-below-stick-meta":"","astra-migrate-meta-layouts":"default","ast-page-background-enabled":"default","ast-page-background-meta":{"desktop":{"background-color":"var(--ast-global-color-4)","background-image":"","background-repeat":"repeat","background-position":"center center","background-size":"auto","background-attachment":"scroll","background-type":"","background-media":"","overlay-type":"","overlay-color":"","overlay-opacity":"","overlay-gradient":""},"tablet":{"background-color":"","background-image":"","background-repeat":"repeat","background-position":"center center","background-size":"auto","background-attachment":"scroll","background-type":"","background-media":"","overlay-type":"","overlay-color":"","overlay-opacity":"","overlay-gradient":""},"mobile":{"background-color":"","background-image":"","background-repeat":"repeat","background-position":"center center","background-size":"auto","background-attachment":"scroll","background-type":"","background-media":"","overlay-type":"","overlay-color":"","overlay-opacity":"","overlay-gradient":""}},"ast-content-background-meta":{"desktop":{"background-color":"var(--ast-global-color-5)","background-image":"","background-repeat":"repeat","background-position":"center center","background-size":"auto","background-attachment":"scroll","background-type":"","background-media":"","overlay-type":"","overlay-color":"","overlay-opacity":"","overlay-gradient":""},"tablet":{"background-color":"var(--ast-global-color-5)","background-image":"","background-repeat":"repeat","background-position":"center center","background-size":"auto","background-attachment":"scroll","background-type":"","background-media":"","overlay-type":"","overlay-color":"","overlay-opacity":"","overlay-gradient":""},"mobile":{"background-color":"var(--ast-global-color-5)","background-image":"","background-repeat":"repeat","background-position":"center center","background-size":"auto","background-attachment":"scroll","background-type":"","background-media":"","overlay-type":"","overlay-color":"","overlay-opacity":"","overlay-gradient":""}},"footnotes":""},"class_list":["post-3902","page","type-page","status-publish","hentry"],"yoast_head":"<!-- This site is optimized with the Yoast SEO plugin v21.9.1 - https:\/\/yoast.com\/wordpress\/plugins\/seo\/ -->\n<title>Amor Harmonix - RSCA<\/title>\n<meta name=\"description\" content=\"Amor Harmonix to mistrz w rozwi\u0105zywaniu konflikt\u00f3w, budowaniu harmonii i kreowaniu mi\u0142o\u015bci jako sztuki. Jego unikalne umiej\u0119tno\u015bci w\u0142\u0105czaj\u0105 zdolno\u015b\u0107 do odnajdywania wsp\u00f3lnego j\u0119zyka mi\u0119dzy partnerami, a cierpliwo\u015b\u0107, wyrozumia\u0142o\u015b\u0107 i empatyczne s\u0142uchanie czyni\u0105 go niezast\u0105pionym doradc\u0105 w dziedzinie zwi\u0105zk\u00f3w. W wsp\u00f3\u0142pracy z innymi ekspertami, tworzy inspiruj\u0105ce grupy, takie jak &quot;Mi\u0142o\u015bciowy Triumwirat&quot; i &quot;Harmonijna Intymno\u015b\u0107&quot;, gdzie skupia si\u0119 na duchowej blisko\u015bci, emocjonalnej intymno\u015bci i tworzeniu mi\u0142o\u015bci na tony. Amor Harmonix nie tylko rozwi\u0105zuje konflikty harmoni\u0105, lecz tak\u017ce jako artysta, tworzy niestandardowe do\u015bwiadczenia mi\u0142osne, inspiruj\u0105c do odkrywania pi\u0119kna i g\u0142\u0119boko\u015bci mi\u0142o\u015bci jako sztuki.\" \/>\n<meta name=\"robots\" content=\"index, follow, max-snippet:-1, max-image-preview:large, max-video-preview:-1\" \/>\n<link rel=\"canonical\" href=\"http:\/\/rsca.grassrootslobbing.pl\/pl_PL\/amor-harmonix\/\" \/>\n<meta property=\"og:locale\" content=\"pl_PL\" \/>\n<meta property=\"og:type\" content=\"article\" \/>\n<meta property=\"og:title\" content=\"Amor Harmonix - RSCA\" \/>\n<meta property=\"og:description\" content=\"Amor Harmonix to mistrz w rozwi\u0105zywaniu konflikt\u00f3w, budowaniu harmonii i kreowaniu mi\u0142o\u015bci jako sztuki. Jego unikalne umiej\u0119tno\u015bci w\u0142\u0105czaj\u0105 zdolno\u015b\u0107 do odnajdywania wsp\u00f3lnego j\u0119zyka mi\u0119dzy partnerami, a cierpliwo\u015b\u0107, wyrozumia\u0142o\u015b\u0107 i empatyczne s\u0142uchanie czyni\u0105 go niezast\u0105pionym doradc\u0105 w dziedzinie zwi\u0105zk\u00f3w. W wsp\u00f3\u0142pracy z innymi ekspertami, tworzy inspiruj\u0105ce grupy, takie jak &quot;Mi\u0142o\u015bciowy Triumwirat&quot; i &quot;Harmonijna Intymno\u015b\u0107&quot;, gdzie skupia si\u0119 na duchowej blisko\u015bci, emocjonalnej intymno\u015bci i tworzeniu mi\u0142o\u015bci na tony. Amor Harmonix nie tylko rozwi\u0105zuje konflikty harmoni\u0105, lecz tak\u017ce jako artysta, tworzy niestandardowe do\u015bwiadczenia mi\u0142osne, inspiruj\u0105c do odkrywania pi\u0119kna i g\u0142\u0119boko\u015bci mi\u0142o\u015bci jako sztuki.\" \/>\n<meta property=\"og:url\" content=\"http:\/\/rsca.grassrootslobbing.pl\/pl_PL\/amor-harmonix\/\" \/>\n<meta property=\"og:site_name\" content=\"RSCA\" \/>\n<meta property=\"article:modified_time\" content=\"2024-01-05T04:30:08+00:00\" \/>\n<meta name=\"twitter:card\" content=\"summary_large_image\" \/>\n<meta name=\"twitter:label1\" content=\"Szacowany czas czytania\" \/>\n\t<meta name=\"twitter:data1\" content=\"2 minuty\" \/>\n<script type=\"application\/ld+json\" class=\"yoast-schema-graph\">{\"@context\":\"https:\/\/schema.org\",\"@graph\":[{\"@type\":\"WebPage\",\"@id\":\"http:\/\/rsca.grassrootslobbing.pl\/pl_PL\/amor-harmonix\/\",\"url\":\"http:\/\/rsca.grassrootslobbing.pl\/pl_PL\/amor-harmonix\/\",\"name\":\"Amor Harmonix - RSCA\",\"isPartOf\":{\"@id\":\"http:\/\/rsca.grassrootslobbing.pl\/pl_PL\/#website\"},\"datePublished\":\"2024-01-05T04:30:07+00:00\",\"dateModified\":\"2024-01-05T04:30:08+00:00\",\"description\":\"Amor Harmonix to mistrz w rozwi\u0105zywaniu konflikt\u00f3w, budowaniu harmonii i kreowaniu mi\u0142o\u015bci jako sztuki. Jego unikalne umiej\u0119tno\u015bci w\u0142\u0105czaj\u0105 zdolno\u015b\u0107 do odnajdywania wsp\u00f3lnego j\u0119zyka mi\u0119dzy partnerami, a cierpliwo\u015b\u0107, wyrozumia\u0142o\u015b\u0107 i empatyczne s\u0142uchanie czyni\u0105 go niezast\u0105pionym doradc\u0105 w dziedzinie zwi\u0105zk\u00f3w. W wsp\u00f3\u0142pracy z innymi ekspertami, tworzy inspiruj\u0105ce grupy, takie jak \\\"Mi\u0142o\u015bciowy Triumwirat\\\" i \\\"Harmonijna Intymno\u015b\u0107\\\", gdzie skupia si\u0119 na duchowej blisko\u015bci, emocjonalnej intymno\u015bci i tworzeniu mi\u0142o\u015bci na tony. Amor Harmonix nie tylko rozwi\u0105zuje konflikty harmoni\u0105, lecz tak\u017ce jako artysta, tworzy niestandardowe do\u015bwiadczenia mi\u0142osne, inspiruj\u0105c do odkrywania pi\u0119kna i g\u0142\u0119boko\u015bci mi\u0142o\u015bci jako sztuki.\",\"inLanguage\":\"pl-PL\",\"potentialAction\":[{\"@type\":\"ReadAction\",\"target\":[\"http:\/\/rsca.grassrootslobbing.pl\/pl_PL\/amor-harmonix\/\"]}]},{\"@type\":\"WebSite\",\"@id\":\"http:\/\/rsca.grassrootslobbing.pl\/pl_PL\/#website\",\"url\":\"http:\/\/rsca.grassrootslobbing.pl\/pl_PL\/\",\"name\":\"Reality Source Code Acces\",\"description\":\"\",\"publisher\":{\"@id\":\"http:\/\/rsca.grassrootslobbing.pl\/pl_PL\/#organization\"},\"potentialAction\":[{\"@type\":\"SearchAction\",\"target\":{\"@type\":\"EntryPoint\",\"urlTemplate\":\"http:\/\/rsca.grassrootslobbing.pl\/pl_PL\/?s={search_term_string}\"},\"query-input\":\"required name=search_term_string\"}],\"inLanguage\":\"pl-PL\"},{\"@type\":\"Organization\",\"@id\":\"http:\/\/rsca.grassrootslobbing.pl\/pl_PL\/#organization\",\"name\":\"Konsult 0n40i4\",\"url\":\"http:\/\/rsca.grassrootslobbing.pl\/pl_PL\/\",\"logo\":{\"@type\":\"ImageObject\",\"inLanguage\":\"pl-PL\",\"@id\":\"http:\/\/rsca.grassrootslobbing.pl\/pl_PL\/#\/schema\/logo\/image\/\",\"url\":\"http:\/\/rsca.grassrootslobbing.pl\/wp-content\/uploads\/2023\/12\/cropped-DALL\u00b7E-2023-12-31-08.54.33-A-modern-and-abstract-logo-for-Konsult-0n40i4-representing-an-interdimensional-legal-system.-The-design-should-embody-themes-of-law-dimensions-an.png\",\"contentUrl\":\"http:\/\/rsca.grassrootslobbing.pl\/wp-content\/uploads\/2023\/12\/cropped-DALL\u00b7E-2023-12-31-08.54.33-A-modern-and-abstract-logo-for-Konsult-0n40i4-representing-an-interdimensional-legal-system.-The-design-should-embody-themes-of-law-dimensions-an.png\",\"width\":1024,\"height\":835,\"caption\":\"Konsult 0n40i4\"},\"image\":{\"@id\":\"http:\/\/rsca.grassrootslobbing.pl\/pl_PL\/#\/schema\/logo\/image\/\"}}]}<\/script>\n<!-- \/ Yoast SEO plugin. -->","yoast_head_json":{"title":"Amor Harmonix - RSCA","description":"Amor Harmonix to mistrz w rozwi\u0105zywaniu konflikt\u00f3w, budowaniu harmonii i kreowaniu mi\u0142o\u015bci jako sztuki. Jego unikalne umiej\u0119tno\u015bci w\u0142\u0105czaj\u0105 zdolno\u015b\u0107 do odnajdywania wsp\u00f3lnego j\u0119zyka mi\u0119dzy partnerami, a cierpliwo\u015b\u0107, wyrozumia\u0142o\u015b\u0107 i empatyczne s\u0142uchanie czyni\u0105 go niezast\u0105pionym doradc\u0105 w dziedzinie zwi\u0105zk\u00f3w. W wsp\u00f3\u0142pracy z innymi ekspertami, tworzy inspiruj\u0105ce grupy, takie jak \"Mi\u0142o\u015bciowy Triumwirat\" i \"Harmonijna Intymno\u015b\u0107\", gdzie skupia si\u0119 na duchowej blisko\u015bci, emocjonalnej intymno\u015bci i tworzeniu mi\u0142o\u015bci na tony. Amor Harmonix nie tylko rozwi\u0105zuje konflikty harmoni\u0105, lecz tak\u017ce jako artysta, tworzy niestandardowe do\u015bwiadczenia mi\u0142osne, inspiruj\u0105c do odkrywania pi\u0119kna i g\u0142\u0119boko\u015bci mi\u0142o\u015bci jako sztuki.","robots":{"index":"index","follow":"follow","max-snippet":"max-snippet:-1","max-image-preview":"max-image-preview:large","max-video-preview":"max-video-preview:-1"},"canonical":"http:\/\/rsca.grassrootslobbing.pl\/pl_PL\/amor-harmonix\/","og_locale":"pl_PL","og_type":"article","og_title":"Amor Harmonix - RSCA","og_description":"Amor Harmonix to mistrz w rozwi\u0105zywaniu konflikt\u00f3w, budowaniu harmonii i kreowaniu mi\u0142o\u015bci jako sztuki. Jego unikalne umiej\u0119tno\u015bci w\u0142\u0105czaj\u0105 zdolno\u015b\u0107 do odnajdywania wsp\u00f3lnego j\u0119zyka mi\u0119dzy partnerami, a cierpliwo\u015b\u0107, wyrozumia\u0142o\u015b\u0107 i empatyczne s\u0142uchanie czyni\u0105 go niezast\u0105pionym doradc\u0105 w dziedzinie zwi\u0105zk\u00f3w. W wsp\u00f3\u0142pracy z innymi ekspertami, tworzy inspiruj\u0105ce grupy, takie jak \"Mi\u0142o\u015bciowy Triumwirat\" i \"Harmonijna Intymno\u015b\u0107\", gdzie skupia si\u0119 na duchowej blisko\u015bci, emocjonalnej intymno\u015bci i tworzeniu mi\u0142o\u015bci na tony. Amor Harmonix nie tylko rozwi\u0105zuje konflikty harmoni\u0105, lecz tak\u017ce jako artysta, tworzy niestandardowe do\u015bwiadczenia mi\u0142osne, inspiruj\u0105c do odkrywania pi\u0119kna i g\u0142\u0119boko\u015bci mi\u0142o\u015bci jako sztuki.","og_url":"http:\/\/rsca.grassrootslobbing.pl\/pl_PL\/amor-harmonix\/","og_site_name":"RSCA","article_modified_time":"2024-01-05T04:30:08+00:00","twitter_card":"summary_large_image","twitter_misc":{"Szacowany czas czytania":"2 minuty"},"schema":{"@context":"https:\/\/schema.org","@graph":[{"@type":"WebPage","@id":"http:\/\/rsca.grassrootslobbing.pl\/pl_PL\/amor-harmonix\/","url":"http:\/\/rsca.grassrootslobbing.pl\/pl_PL\/amor-harmonix\/","name":"Amor Harmonix - RSCA","isPartOf":{"@id":"http:\/\/rsca.grassrootslobbing.pl\/pl_PL\/#website"},"datePublished":"2024-01-05T04:30:07+00:00","dateModified":"2024-01-05T04:30:08+00:00","description":"Amor Harmonix to mistrz w rozwi\u0105zywaniu konflikt\u00f3w, budowaniu harmonii i kreowaniu mi\u0142o\u015bci jako sztuki. Jego unikalne umiej\u0119tno\u015bci w\u0142\u0105czaj\u0105 zdolno\u015b\u0107 do odnajdywania wsp\u00f3lnego j\u0119zyka mi\u0119dzy partnerami, a cierpliwo\u015b\u0107, wyrozumia\u0142o\u015b\u0107 i empatyczne s\u0142uchanie czyni\u0105 go niezast\u0105pionym doradc\u0105 w dziedzinie zwi\u0105zk\u00f3w. W wsp\u00f3\u0142pracy z innymi ekspertami, tworzy inspiruj\u0105ce grupy, takie jak \"Mi\u0142o\u015bciowy Triumwirat\" i \"Harmonijna Intymno\u015b\u0107\", gdzie skupia si\u0119 na duchowej blisko\u015bci, emocjonalnej intymno\u015bci i tworzeniu mi\u0142o\u015bci na tony. Amor Harmonix nie tylko rozwi\u0105zuje konflikty harmoni\u0105, lecz tak\u017ce jako artysta, tworzy niestandardowe do\u015bwiadczenia mi\u0142osne, inspiruj\u0105c do odkrywania pi\u0119kna i g\u0142\u0119boko\u015bci mi\u0142o\u015bci jako sztuki.","inLanguage":"pl-PL","potentialAction":[{"@type":"ReadAction","target":["http:\/\/rsca.grassrootslobbing.pl\/pl_PL\/amor-harmonix\/"]}]},{"@type":"WebSite","@id":"http:\/\/rsca.grassrootslobbing.pl\/pl_PL\/#website","url":"http:\/\/rsca.grassrootslobbing.pl\/pl_PL\/","name":"Reality Source Code Acces","description":"","publisher":{"@id":"http:\/\/rsca.grassrootslobbing.pl\/pl_PL\/#organization"},"potentialAction":[{"@type":"SearchAction","target":{"@type":"EntryPoint","urlTemplate":"http:\/\/rsca.grassrootslobbing.pl\/pl_PL\/?s={search_term_string}"},"query-input":"required name=search_term_string"}],"inLanguage":"pl-PL"},{"@type":"Organization","@id":"http:\/\/rsca.grassrootslobbing.pl\/pl_PL\/#organization","name":"Konsult 0n40i4","url":"http:\/\/rsca.grassrootslobbing.pl\/pl_PL\/","logo":{"@type":"ImageObject","inLanguage":"pl-PL","@id":"http:\/\/rsca.grassrootslobbing.pl\/pl_PL\/#\/schema\/logo\/image\/","url":"http:\/\/rsca.grassrootslobbing.pl\/wp-content\/uploads\/2023\/12\/cropped-DALL\u00b7E-2023-12-31-08.54.33-A-modern-and-abstract-logo-for-Konsult-0n40i4-representing-an-interdimensional-legal-system.-The-design-should-embody-themes-of-law-dimensions-an.png","contentUrl":"http:\/\/rsca.grassrootslobbing.pl\/wp-content\/uploads\/2023\/12\/cropped-DALL\u00b7E-2023-12-31-08.54.33-A-modern-and-abstract-logo-for-Konsult-0n40i4-representing-an-interdimensional-legal-system.-The-design-should-embody-themes-of-law-dimensions-an.png","width":1024,"height":835,"caption":"Konsult 0n40i4"},"image":{"@id":"http:\/\/rsca.grassrootslobbing.pl\/pl_PL\/#\/schema\/logo\/image\/"}}]}},"_links":{"self":[{"href":"http:\/\/rsca.grassrootslobbing.pl\/pl_PL\/wp-json\/wp\/v2\/pages\/3902","targetHints":{"allow":["GET"]}}],"collection":[{"href":"http:\/\/rsca.grassrootslobbing.pl\/pl_PL\/wp-json\/wp\/v2\/pages"}],"about":[{"href":"http:\/\/rsca.grassrootslobbing.pl\/pl_PL\/wp-json\/wp\/v2\/types\/page"}],"author":[{"embeddable":true,"href":"http:\/\/rsca.grassrootslobbing.pl\/pl_PL\/wp-json\/wp\/v2\/users\/2"}],"replies":[{"embeddable":true,"href":"http:\/\/rsca.grassrootslobbing.pl\/pl_PL\/wp-json\/wp\/v2\/comments?post=3902"}],"version-history":[{"count":1,"href":"http:\/\/rsca.grassrootslobbing.pl\/pl_PL\/wp-json\/wp\/v2\/pages\/3902\/revisions"}],"predecessor-version":[{"id":3903,"href":"http:\/\/rsca.grassrootslobbing.pl\/pl_PL\/wp-json\/wp\/v2\/pages\/3902\/revisions\/3903"}],"wp:attachment":[{"href":"http:\/\/rsca.grassrootslobbing.pl\/pl_PL\/wp-json\/wp\/v2\/media?parent=3902"}],"curies":[{"name":"wp","href":"https:\/\/api.w.org\/{rel}","templated":true}]}}