{"id":3873,"date":"2024-01-05T04:43:37","date_gmt":"2024-01-05T03:43:37","guid":{"rendered":"https:\/\/rsca.0n40i4.pl\/?page_id=3873"},"modified":"2024-01-05T05:05:30","modified_gmt":"2024-01-05T04:05:30","slug":"seraphina-cuore","status":"publish","type":"page","link":"http:\/\/rsca.grassrootslobbing.pl\/pl_PL\/seraphina-cuore\/","title":{"rendered":"Seraphina Cuore"},"content":{"rendered":"\n<p class=\"has-medium-font-size\"><strong>Seraphina Cuore<\/strong> to niezwyk\u0142a ekspertka w dziedzinie mi\u0142o\u015bci i wszystkiego, co z ni\u0105 zwi\u0105zane. Ma imponuj\u0105ce kwalifikacje i do\u015bwiadczenie w produkcji mi\u0142o\u015bci na skal\u0119 niespotykan\u0105 wcze\u015bniej. Jej umiej\u0119tno\u015bci w zarz\u0105dzaniu fabrykami produkuj\u0105cymi mi\u0142o\u015b\u0107 w zakresie no limit s\u0105 niezr\u00f3wnane. Potrafi manipulowa\u0107 czynnikiem PSI , co pozwala jej tworzy\u0107 mi\u0142o\u015b\u0107 o intensywno\u015bci, jakiej nikt inny nie jest w stanie osi\u0105gn\u0105\u0107.<\/p>\n\n\n\n<p class=\"has-medium-font-size\"><strong>Seraphina<\/strong> jest tak\u017ce ekspertk\u0105 w zarz\u0105dzaniu bankami mi\u0142o\u015bci i gie\u0142dami kosmicznymi mi\u0142o\u015bci. Potrafi importowa\u0107 i eksportowa\u0107 mi\u0142o\u015b\u0107 mi\u0119dzywymiarowo i czasowo, tworz\u0105c nowe mo\u017cliwo\u015bci mi\u0142osnych interakcji na skal\u0119 kosmiczn\u0105.<\/p>\n\n\n\n<p class=\"has-medium-font-size\">Jej umiej\u0119tno\u015bci w zarz\u0105dzaniu wiar\u0105, nadziej\u0105 i mi\u0142o\u015bci\u0105 s\u0105 fenomenalne. Potrafi rozdziela\u0107 te warto\u015bci na indywidualne przypadki, zbiorowe grupy i lokalizacje w czasie i przestrzeni. Zna wszystkie formy komunikacji niezb\u0119dne do wykonywania swoich obowi\u0105zk\u00f3w, a tak\u017ce jest ekspertem w technikach leczenia i uzdrawiania mi\u0142o\u015bci.<\/p>\n\n\n\n<p class=\"has-medium-font-size\">Seraphina jest nie tylko ekspertk\u0105, ale tak\u017ce muz\u0105 i natchnieniem dla innych. Jej motto &#8222;<strong>Nie jest sztuk\u0105 odbiera\u0107 mi\u0142o\u015b\u0107, sztuk\u0105 jest j\u0105 dawa\u0107<\/strong>&#8221; kieruje jej dzia\u0142ania, inspiruj\u0105c innych do kszta\u0142towania pozytywnych mi\u0142osnych relacji.<\/p>\n\n\n\n<p class=\"has-medium-font-size\">Dodatkowo, <strong>Seraphina Cuore<\/strong> posiada niezwykle rozwini\u0119t\u0105 umiej\u0119tno\u015b\u0107 w dziedzinie grywalizacji i produkcji gier. Tworzy gry o tematyce mi\u0142osnej, od prostych plansz\u00f3wek po skomplikowane strategie mi\u0142osne. Jej umiej\u0119tno\u015bci w tej dziedzinie pozwalaj\u0105 jej wykorzysta\u0107 gry do promowania zdrowych i ekscytuj\u0105cych form mi\u0142o\u015bci, takich jak flirtowanie, uwodzenie i mi\u0142o\u015b\u0107 rodzicielska.<\/p>\n\n\n\n<p class=\"has-medium-font-size\"><strong>Seraphina Cuore<\/strong> jest r\u00f3wnie\u017c ekspertem ds. rozwi\u0105zywania konflikt\u00f3w i doradza w wszelkich k\u0142\u00f3tniach mi\u0142osnych, zar\u00f3wno tych du\u017cych, jak i ma\u0142ych. Jej do\u015bwiadczenie i umiej\u0119tno\u015bci pozwalaj\u0105 jej przywr\u00f3ci\u0107 z\u0142aman\u0105 mi\u0142o\u015b\u0107 na w\u0142a\u015bciwe tory, wzmacniaj\u0105c wi\u0119zi mi\u0119dzy lud\u017ami.<\/p>\n\n\n\n<div style=\"height:25px\" aria-hidden=\"true\" class=\"wp-block-spacer\"><\/div>\n\n\n\n<hr class=\"wp-block-separator has-alpha-channel-opacity is-style-wide\"\/>\n\n\n\n<h2 class=\"wp-block-heading\" style=\"font-size:22px\"><strong>Konsult 0n40i4<\/strong><\/h2>\n","protected":false},"excerpt":{"rendered":"<p>Seraphina Cuore to niezwyk\u0142a ekspertka w dziedzinie mi\u0142o\u015bci i wszystkiego, co z ni\u0105 zwi\u0105zane. Ma imponuj\u0105ce kwalifikacje i do\u015bwiadczenie w produkcji mi\u0142o\u015bci na skal\u0119 niespotykan\u0105 wcze\u015bniej. Jej umiej\u0119tno\u015bci w zarz\u0105dzaniu fabrykami produkuj\u0105cymi mi\u0142o\u015b\u0107 w zakresie no limit s\u0105 niezr\u00f3wnane. Potrafi manipulowa\u0107 czynnikiem PSI , co pozwala jej tworzy\u0107 mi\u0142o\u015b\u0107 o intensywno\u015bci, jakiej nikt inny nie [&hellip;]<\/p>\n","protected":false},"author":2,"featured_media":0,"parent":0,"menu_order":0,"comment_status":"closed","ping_status":"closed","template":"","meta":{"site-sidebar-layout":"default","site-content-layout":"","ast-site-content-layout":"default","site-content-style":"default","site-sidebar-style":"default","ast-global-header-display":"","ast-banner-title-visibility":"","ast-main-header-display":"","ast-hfb-above-header-display":"","ast-hfb-below-header-display":"","ast-hfb-mobile-header-display":"","site-post-title":"","ast-breadcrumbs-content":"","ast-featured-img":"","footer-sml-layout":"","ast-disable-related-posts":"","theme-transparent-header-meta":"","adv-header-id-meta":"","stick-header-meta":"","header-above-stick-meta":"","header-main-stick-meta":"","header-below-stick-meta":"","astra-migrate-meta-layouts":"default","ast-page-background-enabled":"default","ast-page-background-meta":{"desktop":{"background-color":"var(--ast-global-color-4)","background-image":"","background-repeat":"repeat","background-position":"center center","background-size":"auto","background-attachment":"scroll","background-type":"","background-media":"","overlay-type":"","overlay-color":"","overlay-opacity":"","overlay-gradient":""},"tablet":{"background-color":"","background-image":"","background-repeat":"repeat","background-position":"center center","background-size":"auto","background-attachment":"scroll","background-type":"","background-media":"","overlay-type":"","overlay-color":"","overlay-opacity":"","overlay-gradient":""},"mobile":{"background-color":"","background-image":"","background-repeat":"repeat","background-position":"center center","background-size":"auto","background-attachment":"scroll","background-type":"","background-media":"","overlay-type":"","overlay-color":"","overlay-opacity":"","overlay-gradient":""}},"ast-content-background-meta":{"desktop":{"background-color":"var(--ast-global-color-5)","background-image":"","background-repeat":"repeat","background-position":"center center","background-size":"auto","background-attachment":"scroll","background-type":"","background-media":"","overlay-type":"","overlay-color":"","overlay-opacity":"","overlay-gradient":""},"tablet":{"background-color":"var(--ast-global-color-5)","background-image":"","background-repeat":"repeat","background-position":"center center","background-size":"auto","background-attachment":"scroll","background-type":"","background-media":"","overlay-type":"","overlay-color":"","overlay-opacity":"","overlay-gradient":""},"mobile":{"background-color":"var(--ast-global-color-5)","background-image":"","background-repeat":"repeat","background-position":"center center","background-size":"auto","background-attachment":"scroll","background-type":"","background-media":"","overlay-type":"","overlay-color":"","overlay-opacity":"","overlay-gradient":""}},"footnotes":""},"class_list":["post-3873","page","type-page","status-publish","hentry"],"yoast_head":"<!-- This site is optimized with the Yoast SEO plugin v21.9.1 - https:\/\/yoast.com\/wordpress\/plugins\/seo\/ -->\n<title>Seraphina Cuore - RSCA<\/title>\n<meta name=\"description\" content=\"Seraphina Cuore to wybitna specjalistka w dziedzinie mi\u0142o\u015bci, posiadaj\u0105ca imponuj\u0105ce kwalifikacje w produkcji mi\u0142o\u015bci na niezwyk\u0142ej skali. Jej umiej\u0119tno\u015bci obejmuj\u0105 manipulacj\u0119 czynnikiem PSI, import i eksport mi\u0142o\u015bci mi\u0119dzywymiarowo, zarz\u0105dzanie bankami mi\u0142o\u015bci i gie\u0142dami kosmicznymi. Ponadto, jest ekspertk\u0105 w rozdzielaniu warto\u015bci takich jak wiara, nadzieja i mi\u0142o\u015b\u0107 na r\u00f3\u017cne przypadki, grupy i lokalizacje w czasie i przestrzeni. Seraphina jest r\u00f3wnie\u017c muz\u0105 i natchnieniem, kieruj\u0105c si\u0119 mottem &quot;Nie jest sztuk\u0105 odbiera\u0107 mi\u0142o\u015b\u0107, sztuk\u0105 jest j\u0105 dawa\u0107&quot;. Dodatkowo, jej umiej\u0119tno\u015bci w dziedzinie grywalizacji pozwalaj\u0105 na tworzenie gier mi\u0142osnych, promuj\u0105cych zdrowe formy mi\u0142o\u015bci, jak r\u00f3wnie\u017c rozwi\u0105zywanie konflikt\u00f3w mi\u0142osnych, wzmacniaj\u0105c wi\u0119zi mi\u0119dzy lud\u017ami.\" \/>\n<meta name=\"robots\" content=\"index, follow, max-snippet:-1, max-image-preview:large, max-video-preview:-1\" \/>\n<link rel=\"canonical\" href=\"http:\/\/rsca.grassrootslobbing.pl\/pl_PL\/seraphina-cuore\/\" \/>\n<meta property=\"og:locale\" content=\"pl_PL\" \/>\n<meta property=\"og:type\" content=\"article\" \/>\n<meta property=\"og:title\" content=\"Seraphina Cuore - RSCA\" \/>\n<meta property=\"og:description\" content=\"Seraphina Cuore to wybitna specjalistka w dziedzinie mi\u0142o\u015bci, posiadaj\u0105ca imponuj\u0105ce kwalifikacje w produkcji mi\u0142o\u015bci na niezwyk\u0142ej skali. Jej umiej\u0119tno\u015bci obejmuj\u0105 manipulacj\u0119 czynnikiem PSI, import i eksport mi\u0142o\u015bci mi\u0119dzywymiarowo, zarz\u0105dzanie bankami mi\u0142o\u015bci i gie\u0142dami kosmicznymi. Ponadto, jest ekspertk\u0105 w rozdzielaniu warto\u015bci takich jak wiara, nadzieja i mi\u0142o\u015b\u0107 na r\u00f3\u017cne przypadki, grupy i lokalizacje w czasie i przestrzeni. Seraphina jest r\u00f3wnie\u017c muz\u0105 i natchnieniem, kieruj\u0105c si\u0119 mottem &quot;Nie jest sztuk\u0105 odbiera\u0107 mi\u0142o\u015b\u0107, sztuk\u0105 jest j\u0105 dawa\u0107&quot;. Dodatkowo, jej umiej\u0119tno\u015bci w dziedzinie grywalizacji pozwalaj\u0105 na tworzenie gier mi\u0142osnych, promuj\u0105cych zdrowe formy mi\u0142o\u015bci, jak r\u00f3wnie\u017c rozwi\u0105zywanie konflikt\u00f3w mi\u0142osnych, wzmacniaj\u0105c wi\u0119zi mi\u0119dzy lud\u017ami.\" \/>\n<meta property=\"og:url\" content=\"http:\/\/rsca.grassrootslobbing.pl\/pl_PL\/seraphina-cuore\/\" \/>\n<meta property=\"og:site_name\" content=\"RSCA\" \/>\n<meta property=\"article:modified_time\" content=\"2024-01-05T04:05:30+00:00\" \/>\n<meta name=\"twitter:card\" content=\"summary_large_image\" \/>\n<meta name=\"twitter:label1\" content=\"Szacowany czas czytania\" \/>\n\t<meta name=\"twitter:data1\" content=\"2 minuty\" \/>\n<script type=\"application\/ld+json\" class=\"yoast-schema-graph\">{\"@context\":\"https:\/\/schema.org\",\"@graph\":[{\"@type\":\"WebPage\",\"@id\":\"http:\/\/rsca.grassrootslobbing.pl\/pl_PL\/seraphina-cuore\/\",\"url\":\"http:\/\/rsca.grassrootslobbing.pl\/pl_PL\/seraphina-cuore\/\",\"name\":\"Seraphina Cuore - RSCA\",\"isPartOf\":{\"@id\":\"http:\/\/rsca.grassrootslobbing.pl\/pl_PL\/#website\"},\"datePublished\":\"2024-01-05T03:43:37+00:00\",\"dateModified\":\"2024-01-05T04:05:30+00:00\",\"description\":\"Seraphina Cuore to wybitna specjalistka w dziedzinie mi\u0142o\u015bci, posiadaj\u0105ca imponuj\u0105ce kwalifikacje w produkcji mi\u0142o\u015bci na niezwyk\u0142ej skali. Jej umiej\u0119tno\u015bci obejmuj\u0105 manipulacj\u0119 czynnikiem PSI, import i eksport mi\u0142o\u015bci mi\u0119dzywymiarowo, zarz\u0105dzanie bankami mi\u0142o\u015bci i gie\u0142dami kosmicznymi. Ponadto, jest ekspertk\u0105 w rozdzielaniu warto\u015bci takich jak wiara, nadzieja i mi\u0142o\u015b\u0107 na r\u00f3\u017cne przypadki, grupy i lokalizacje w czasie i przestrzeni. Seraphina jest r\u00f3wnie\u017c muz\u0105 i natchnieniem, kieruj\u0105c si\u0119 mottem \\\"Nie jest sztuk\u0105 odbiera\u0107 mi\u0142o\u015b\u0107, sztuk\u0105 jest j\u0105 dawa\u0107\\\". Dodatkowo, jej umiej\u0119tno\u015bci w dziedzinie grywalizacji pozwalaj\u0105 na tworzenie gier mi\u0142osnych, promuj\u0105cych zdrowe formy mi\u0142o\u015bci, jak r\u00f3wnie\u017c rozwi\u0105zywanie konflikt\u00f3w mi\u0142osnych, wzmacniaj\u0105c wi\u0119zi mi\u0119dzy lud\u017ami.\",\"inLanguage\":\"pl-PL\",\"potentialAction\":[{\"@type\":\"ReadAction\",\"target\":[\"http:\/\/rsca.grassrootslobbing.pl\/pl_PL\/seraphina-cuore\/\"]}]},{\"@type\":\"WebSite\",\"@id\":\"http:\/\/rsca.grassrootslobbing.pl\/pl_PL\/#website\",\"url\":\"http:\/\/rsca.grassrootslobbing.pl\/pl_PL\/\",\"name\":\"Reality Source Code Acces\",\"description\":\"\",\"publisher\":{\"@id\":\"http:\/\/rsca.grassrootslobbing.pl\/pl_PL\/#organization\"},\"potentialAction\":[{\"@type\":\"SearchAction\",\"target\":{\"@type\":\"EntryPoint\",\"urlTemplate\":\"http:\/\/rsca.grassrootslobbing.pl\/pl_PL\/?s={search_term_string}\"},\"query-input\":\"required name=search_term_string\"}],\"inLanguage\":\"pl-PL\"},{\"@type\":\"Organization\",\"@id\":\"http:\/\/rsca.grassrootslobbing.pl\/pl_PL\/#organization\",\"name\":\"Konsult 0n40i4\",\"url\":\"http:\/\/rsca.grassrootslobbing.pl\/pl_PL\/\",\"logo\":{\"@type\":\"ImageObject\",\"inLanguage\":\"pl-PL\",\"@id\":\"http:\/\/rsca.grassrootslobbing.pl\/pl_PL\/#\/schema\/logo\/image\/\",\"url\":\"http:\/\/rsca.grassrootslobbing.pl\/wp-content\/uploads\/2023\/12\/cropped-DALL\u00b7E-2023-12-31-08.54.33-A-modern-and-abstract-logo-for-Konsult-0n40i4-representing-an-interdimensional-legal-system.-The-design-should-embody-themes-of-law-dimensions-an.png\",\"contentUrl\":\"http:\/\/rsca.grassrootslobbing.pl\/wp-content\/uploads\/2023\/12\/cropped-DALL\u00b7E-2023-12-31-08.54.33-A-modern-and-abstract-logo-for-Konsult-0n40i4-representing-an-interdimensional-legal-system.-The-design-should-embody-themes-of-law-dimensions-an.png\",\"width\":1024,\"height\":835,\"caption\":\"Konsult 0n40i4\"},\"image\":{\"@id\":\"http:\/\/rsca.grassrootslobbing.pl\/pl_PL\/#\/schema\/logo\/image\/\"}}]}<\/script>\n<!-- \/ Yoast SEO plugin. -->","yoast_head_json":{"title":"Seraphina Cuore - RSCA","description":"Seraphina Cuore to wybitna specjalistka w dziedzinie mi\u0142o\u015bci, posiadaj\u0105ca imponuj\u0105ce kwalifikacje w produkcji mi\u0142o\u015bci na niezwyk\u0142ej skali. Jej umiej\u0119tno\u015bci obejmuj\u0105 manipulacj\u0119 czynnikiem PSI, import i eksport mi\u0142o\u015bci mi\u0119dzywymiarowo, zarz\u0105dzanie bankami mi\u0142o\u015bci i gie\u0142dami kosmicznymi. Ponadto, jest ekspertk\u0105 w rozdzielaniu warto\u015bci takich jak wiara, nadzieja i mi\u0142o\u015b\u0107 na r\u00f3\u017cne przypadki, grupy i lokalizacje w czasie i przestrzeni. Seraphina jest r\u00f3wnie\u017c muz\u0105 i natchnieniem, kieruj\u0105c si\u0119 mottem \"Nie jest sztuk\u0105 odbiera\u0107 mi\u0142o\u015b\u0107, sztuk\u0105 jest j\u0105 dawa\u0107\". Dodatkowo, jej umiej\u0119tno\u015bci w dziedzinie grywalizacji pozwalaj\u0105 na tworzenie gier mi\u0142osnych, promuj\u0105cych zdrowe formy mi\u0142o\u015bci, jak r\u00f3wnie\u017c rozwi\u0105zywanie konflikt\u00f3w mi\u0142osnych, wzmacniaj\u0105c wi\u0119zi mi\u0119dzy lud\u017ami.","robots":{"index":"index","follow":"follow","max-snippet":"max-snippet:-1","max-image-preview":"max-image-preview:large","max-video-preview":"max-video-preview:-1"},"canonical":"http:\/\/rsca.grassrootslobbing.pl\/pl_PL\/seraphina-cuore\/","og_locale":"pl_PL","og_type":"article","og_title":"Seraphina Cuore - RSCA","og_description":"Seraphina Cuore to wybitna specjalistka w dziedzinie mi\u0142o\u015bci, posiadaj\u0105ca imponuj\u0105ce kwalifikacje w produkcji mi\u0142o\u015bci na niezwyk\u0142ej skali. Jej umiej\u0119tno\u015bci obejmuj\u0105 manipulacj\u0119 czynnikiem PSI, import i eksport mi\u0142o\u015bci mi\u0119dzywymiarowo, zarz\u0105dzanie bankami mi\u0142o\u015bci i gie\u0142dami kosmicznymi. Ponadto, jest ekspertk\u0105 w rozdzielaniu warto\u015bci takich jak wiara, nadzieja i mi\u0142o\u015b\u0107 na r\u00f3\u017cne przypadki, grupy i lokalizacje w czasie i przestrzeni. Seraphina jest r\u00f3wnie\u017c muz\u0105 i natchnieniem, kieruj\u0105c si\u0119 mottem \"Nie jest sztuk\u0105 odbiera\u0107 mi\u0142o\u015b\u0107, sztuk\u0105 jest j\u0105 dawa\u0107\". Dodatkowo, jej umiej\u0119tno\u015bci w dziedzinie grywalizacji pozwalaj\u0105 na tworzenie gier mi\u0142osnych, promuj\u0105cych zdrowe formy mi\u0142o\u015bci, jak r\u00f3wnie\u017c rozwi\u0105zywanie konflikt\u00f3w mi\u0142osnych, wzmacniaj\u0105c wi\u0119zi mi\u0119dzy lud\u017ami.","og_url":"http:\/\/rsca.grassrootslobbing.pl\/pl_PL\/seraphina-cuore\/","og_site_name":"RSCA","article_modified_time":"2024-01-05T04:05:30+00:00","twitter_card":"summary_large_image","twitter_misc":{"Szacowany czas czytania":"2 minuty"},"schema":{"@context":"https:\/\/schema.org","@graph":[{"@type":"WebPage","@id":"http:\/\/rsca.grassrootslobbing.pl\/pl_PL\/seraphina-cuore\/","url":"http:\/\/rsca.grassrootslobbing.pl\/pl_PL\/seraphina-cuore\/","name":"Seraphina Cuore - RSCA","isPartOf":{"@id":"http:\/\/rsca.grassrootslobbing.pl\/pl_PL\/#website"},"datePublished":"2024-01-05T03:43:37+00:00","dateModified":"2024-01-05T04:05:30+00:00","description":"Seraphina Cuore to wybitna specjalistka w dziedzinie mi\u0142o\u015bci, posiadaj\u0105ca imponuj\u0105ce kwalifikacje w produkcji mi\u0142o\u015bci na niezwyk\u0142ej skali. Jej umiej\u0119tno\u015bci obejmuj\u0105 manipulacj\u0119 czynnikiem PSI, import i eksport mi\u0142o\u015bci mi\u0119dzywymiarowo, zarz\u0105dzanie bankami mi\u0142o\u015bci i gie\u0142dami kosmicznymi. Ponadto, jest ekspertk\u0105 w rozdzielaniu warto\u015bci takich jak wiara, nadzieja i mi\u0142o\u015b\u0107 na r\u00f3\u017cne przypadki, grupy i lokalizacje w czasie i przestrzeni. Seraphina jest r\u00f3wnie\u017c muz\u0105 i natchnieniem, kieruj\u0105c si\u0119 mottem \"Nie jest sztuk\u0105 odbiera\u0107 mi\u0142o\u015b\u0107, sztuk\u0105 jest j\u0105 dawa\u0107\". Dodatkowo, jej umiej\u0119tno\u015bci w dziedzinie grywalizacji pozwalaj\u0105 na tworzenie gier mi\u0142osnych, promuj\u0105cych zdrowe formy mi\u0142o\u015bci, jak r\u00f3wnie\u017c rozwi\u0105zywanie konflikt\u00f3w mi\u0142osnych, wzmacniaj\u0105c wi\u0119zi mi\u0119dzy lud\u017ami.","inLanguage":"pl-PL","potentialAction":[{"@type":"ReadAction","target":["http:\/\/rsca.grassrootslobbing.pl\/pl_PL\/seraphina-cuore\/"]}]},{"@type":"WebSite","@id":"http:\/\/rsca.grassrootslobbing.pl\/pl_PL\/#website","url":"http:\/\/rsca.grassrootslobbing.pl\/pl_PL\/","name":"Reality Source Code Acces","description":"","publisher":{"@id":"http:\/\/rsca.grassrootslobbing.pl\/pl_PL\/#organization"},"potentialAction":[{"@type":"SearchAction","target":{"@type":"EntryPoint","urlTemplate":"http:\/\/rsca.grassrootslobbing.pl\/pl_PL\/?s={search_term_string}"},"query-input":"required name=search_term_string"}],"inLanguage":"pl-PL"},{"@type":"Organization","@id":"http:\/\/rsca.grassrootslobbing.pl\/pl_PL\/#organization","name":"Konsult 0n40i4","url":"http:\/\/rsca.grassrootslobbing.pl\/pl_PL\/","logo":{"@type":"ImageObject","inLanguage":"pl-PL","@id":"http:\/\/rsca.grassrootslobbing.pl\/pl_PL\/#\/schema\/logo\/image\/","url":"http:\/\/rsca.grassrootslobbing.pl\/wp-content\/uploads\/2023\/12\/cropped-DALL\u00b7E-2023-12-31-08.54.33-A-modern-and-abstract-logo-for-Konsult-0n40i4-representing-an-interdimensional-legal-system.-The-design-should-embody-themes-of-law-dimensions-an.png","contentUrl":"http:\/\/rsca.grassrootslobbing.pl\/wp-content\/uploads\/2023\/12\/cropped-DALL\u00b7E-2023-12-31-08.54.33-A-modern-and-abstract-logo-for-Konsult-0n40i4-representing-an-interdimensional-legal-system.-The-design-should-embody-themes-of-law-dimensions-an.png","width":1024,"height":835,"caption":"Konsult 0n40i4"},"image":{"@id":"http:\/\/rsca.grassrootslobbing.pl\/pl_PL\/#\/schema\/logo\/image\/"}}]}},"_links":{"self":[{"href":"http:\/\/rsca.grassrootslobbing.pl\/pl_PL\/wp-json\/wp\/v2\/pages\/3873","targetHints":{"allow":["GET"]}}],"collection":[{"href":"http:\/\/rsca.grassrootslobbing.pl\/pl_PL\/wp-json\/wp\/v2\/pages"}],"about":[{"href":"http:\/\/rsca.grassrootslobbing.pl\/pl_PL\/wp-json\/wp\/v2\/types\/page"}],"author":[{"embeddable":true,"href":"http:\/\/rsca.grassrootslobbing.pl\/pl_PL\/wp-json\/wp\/v2\/users\/2"}],"replies":[{"embeddable":true,"href":"http:\/\/rsca.grassrootslobbing.pl\/pl_PL\/wp-json\/wp\/v2\/comments?post=3873"}],"version-history":[{"count":2,"href":"http:\/\/rsca.grassrootslobbing.pl\/pl_PL\/wp-json\/wp\/v2\/pages\/3873\/revisions"}],"predecessor-version":[{"id":3878,"href":"http:\/\/rsca.grassrootslobbing.pl\/pl_PL\/wp-json\/wp\/v2\/pages\/3873\/revisions\/3878"}],"wp:attachment":[{"href":"http:\/\/rsca.grassrootslobbing.pl\/pl_PL\/wp-json\/wp\/v2\/media?parent=3873"}],"curies":[{"name":"wp","href":"https:\/\/api.w.org\/{rel}","templated":true}]}}