{"id":3865,"date":"2024-01-05T04:14:08","date_gmt":"2024-01-05T03:14:08","guid":{"rendered":"https:\/\/rsca.0n40i4.pl\/?page_id=3865"},"modified":"2024-01-07T05:09:15","modified_gmt":"2024-01-07T04:09:15","slug":"zrodlo-przestrzeni-myltidymensycjnej","status":"publish","type":"page","link":"http:\/\/rsca.grassrootslobbing.pl\/pl_PL\/zrodlo-przestrzeni-myltidymensycjnej\/","title":{"rendered":"\u0179r\u00f3d\u0142o przestrzeni wielowymiarowa"},"content":{"rendered":"\n<h2 class=\"wp-block-heading has-text-align-center\" style=\"font-size:23px\">Z zapis\u00f3w statutu&nbsp; <strong>FUNDACJI MADE IN MENTALITY<\/strong><\/h2>\n\n\n\n<p class=\"has-medium-font-size\">1.  Maj\u0105tek i dochody fundacji uznawane s\u0105 w odpowiednich walutach: <strong>PLN (Polski Z\u0142oty), USD (Dolar Ameryka\u0144ski), PsiTech, Goldfish, Gulden Srebrny, Indygo, Z\u0142ote 4.<\/strong><\/p>\n\n\n\n<h2 class=\"wp-block-heading has-medium-font-size\">2. Dla w\u0142a\u015bciwego realizowania cel\u00f3w spo\u0142ecznych i gospodarczych Fundacja mo\u017ce prowadzi\u0107 dzia\u0142alno\u015b\u0107 w kraju i poza granicami kraju a tak\u017ce w <strong>przestrzeni kosmicznej i myltidymensycjnej.<\/strong><\/h2>\n\n\n\n<h2 class=\"wp-block-heading has-medium-font-size\">3. Fundacja dla cel\u00f3w wsp\u00f3\u0142pracy z zagranic\u0105 i wszech\u015bwiatem mo\u017ce pos\u0142ugiwa\u0107 si\u0119 t\u0142umaczeniem nazwy w wybranych i j\u0119zykach obcych. Fundacja mo\u017ce r\u00f3wnie\u017c pos\u0142ugiwa\u0107 si\u0119 <strong>telemetri\u0105, telekinez\u0105 oraz telepati\u0105.<\/strong><\/h2>\n\n\n\n<p class=\"has-medium-font-size\"><strong>4. Propagowanie Idei \u015awi\u0119tej Geometrii.<\/strong><\/p>\n\n\n\n<h2 class=\"wp-block-heading has-medium-font-size\">5. Przyj\u0119cie i akceptacj\u0119 <strong>Kodeksu Galaktycznego<\/strong> jako wzorcowego dla post\u0119powa\u0144 i dzia\u0142a\u0144 jako nadrz\u0119dnego.<\/h2>\n\n\n\n<h2 class=\"wp-block-heading has-medium-font-size\">6. Zwi\u0119kszanie potencja\u0142u <strong>\u015awiat\u0142a na Ziemi <\/strong>w celu osi\u0105gni\u0119cia <strong>Prze\u0142omu Kompresyjnego<\/strong><\/h2>\n\n\n\n<h2 class=\"wp-block-heading has-medium-font-size\">7. <strong>Dochody z obrotu walutami elektronicznymi i kryptowalutami (mi.in. Bitcoin, Gold, Gulden Srebrny, Gulden Indygo, Imperial PsiTech) oraz jednostek wag i miar,<\/strong><\/h2>\n\n\n\n<h2 class=\"wp-block-heading has-medium-font-size\">8.\u00a0Propagowanie <strong>Idei R\u00f3\u017cnorodno\u015bci w Jedni.<\/strong><\/h2>\n\n\n\n<div style=\"height:25px\" aria-hidden=\"true\" class=\"wp-block-spacer\"><\/div>\n\n\n\n<hr class=\"wp-block-separator has-alpha-channel-opacity is-style-wide\"\/>\n\n\n\n<h2 class=\"wp-block-heading\" style=\"font-size:22px\"><strong>Konsult 0n40i4<\/strong><\/h2>\n\n\n\n<div data-wp-interactive=\"core\/file\" class=\"wp-block-file\"><object data-wp-bind--hidden=\"!state.hasPdfPreview\" hidden class=\"wp-block-file__embed\" data=\"https:\/\/rsca.0n40i4.pl\/wp-content\/uploads\/2024\/01\/Statut-Fundacji-Made-in-Mentality.pdf\" type=\"application\/pdf\" style=\"width:100%;height:204px\" aria-label=\"Osadzone z Statut-Fundacji-Made-in-Mentality.\"><\/object><a id=\"wp-block-file--media-36a86ad3-38c1-4eee-a0d6-d8821a0d139e\" href=\"https:\/\/rsca.0n40i4.pl\/zrodlo-przestrzeni-myltidymensycjnej\/statut-fundacji-made-in-mentality\/\">Statut-Fundacji-Made-in-Mentality<\/a><a href=\"https:\/\/rsca.0n40i4.pl\/wp-content\/uploads\/2024\/01\/Statut-Fundacji-Made-in-Mentality.pdf\" class=\"wp-block-file__button wp-element-button\" download aria-describedby=\"wp-block-file--media-36a86ad3-38c1-4eee-a0d6-d8821a0d139e\">Pobierz<\/a><\/div>\n","protected":false},"excerpt":{"rendered":"<p>Z zapis\u00f3w statutu&nbsp; FUNDACJI MADE IN MENTALITY 1. Maj\u0105tek i dochody fundacji uznawane s\u0105 w odpowiednich walutach: PLN (Polski Z\u0142oty), USD (Dolar Ameryka\u0144ski), PsiTech, Goldfish, Gulden Srebrny, Indygo, Z\u0142ote 4. 2. Dla w\u0142a\u015bciwego realizowania cel\u00f3w spo\u0142ecznych i gospodarczych Fundacja mo\u017ce prowadzi\u0107 dzia\u0142alno\u015b\u0107 w kraju i poza granicami kraju a tak\u017ce w przestrzeni kosmicznej i myltidymensycjnej. [&hellip;]<\/p>\n","protected":false},"author":2,"featured_media":0,"parent":0,"menu_order":0,"comment_status":"closed","ping_status":"closed","template":"","meta":{"site-sidebar-layout":"default","site-content-layout":"","ast-site-content-layout":"default","site-content-style":"default","site-sidebar-style":"default","ast-global-header-display":"","ast-banner-title-visibility":"","ast-main-header-display":"","ast-hfb-above-header-display":"","ast-hfb-below-header-display":"","ast-hfb-mobile-header-display":"","site-post-title":"","ast-breadcrumbs-content":"","ast-featured-img":"","footer-sml-layout":"","ast-disable-related-posts":"","theme-transparent-header-meta":"","adv-header-id-meta":"","stick-header-meta":"","header-above-stick-meta":"","header-main-stick-meta":"","header-below-stick-meta":"","astra-migrate-meta-layouts":"default","ast-page-background-enabled":"default","ast-page-background-meta":{"desktop":{"background-color":"var(--ast-global-color-4)","background-image":"","background-repeat":"repeat","background-position":"center center","background-size":"auto","background-attachment":"scroll","background-type":"","background-media":"","overlay-type":"","overlay-color":"","overlay-opacity":"","overlay-gradient":""},"tablet":{"background-color":"","background-image":"","background-repeat":"repeat","background-position":"center center","background-size":"auto","background-attachment":"scroll","background-type":"","background-media":"","overlay-type":"","overlay-color":"","overlay-opacity":"","overlay-gradient":""},"mobile":{"background-color":"","background-image":"","background-repeat":"repeat","background-position":"center center","background-size":"auto","background-attachment":"scroll","background-type":"","background-media":"","overlay-type":"","overlay-color":"","overlay-opacity":"","overlay-gradient":""}},"ast-content-background-meta":{"desktop":{"background-color":"var(--ast-global-color-5)","background-image":"","background-repeat":"repeat","background-position":"center center","background-size":"auto","background-attachment":"scroll","background-type":"","background-media":"","overlay-type":"","overlay-color":"","overlay-opacity":"","overlay-gradient":""},"tablet":{"background-color":"var(--ast-global-color-5)","background-image":"","background-repeat":"repeat","background-position":"center center","background-size":"auto","background-attachment":"scroll","background-type":"","background-media":"","overlay-type":"","overlay-color":"","overlay-opacity":"","overlay-gradient":""},"mobile":{"background-color":"var(--ast-global-color-5)","background-image":"","background-repeat":"repeat","background-position":"center center","background-size":"auto","background-attachment":"scroll","background-type":"","background-media":"","overlay-type":"","overlay-color":"","overlay-opacity":"","overlay-gradient":""}},"footnotes":""},"class_list":["post-3865","page","type-page","status-publish","hentry"],"yoast_head":"<!-- This site is optimized with the Yoast SEO plugin v21.9.1 - https:\/\/yoast.com\/wordpress\/plugins\/seo\/ -->\n<title>\u0179r\u00f3d\u0142o przestrzeni wielowymiarowa - RSCA<\/title>\n<meta name=\"description\" content=\"Fundacja MADE IN MENTALITY, wed\u0142ug zapis\u00f3w statutu, dzia\u0142a nie tylko w tradycyjnych obszarach spo\u0142ecznych i gospodarczych, ale tak\u017ce ekspanduje swoje dzia\u0142ania w przestrzeni wielowymiarowej. Posiada wielowalutowe uj\u0119cie maj\u0105tku, obejmuj\u0105ce m.in. PLN, USD, PsiTech, Goldfish, Gulden Srebrny, Indygo i Z\u0142ote 4. Fundacja mo\u017ce prowadzi\u0107 dzia\u0142alno\u015b\u0107 zar\u00f3wno na Ziemi, jak i poza jej granicami, w\u0142\u0105czaj\u0105c w to przestrze\u0144 kosmiczn\u0105 i myltidymensycyjn\u0105. Wykorzystuje tak\u017ce t\u0142umaczenia nazwy w j\u0119zykach obcych, telemetri\u0119, telekinez\u0119 i telepati\u0119. Jej cele obejmuj\u0105 propagowanie Idei \u015awi\u0119tej Geometrii, akceptacj\u0119 Kodeksu Galaktycznego oraz zwi\u0119kszanie potencja\u0142u \u015awiat\u0142a na Ziemi w celu osi\u0105gni\u0119cia Prze\u0142omu Kompresyjnego. Dochody fundacji pochodz\u0105 r\u00f3wnie\u017c z obrotu walutami elektronicznymi, kryptowalutami i jednostkami wag i miar, wspieraj\u0105c r\u00f3wnocze\u015bnie ide\u0119 R\u00f3\u017cnorodno\u015bci w Jedni.\" \/>\n<meta name=\"robots\" content=\"index, follow, max-snippet:-1, max-image-preview:large, max-video-preview:-1\" \/>\n<link rel=\"canonical\" href=\"http:\/\/rsca.grassrootslobbing.pl\/pl_PL\/zrodlo-przestrzeni-myltidymensycjnej\/\" \/>\n<meta property=\"og:locale\" content=\"pl_PL\" \/>\n<meta property=\"og:type\" content=\"article\" \/>\n<meta property=\"og:title\" content=\"\u0179r\u00f3d\u0142o przestrzeni wielowymiarowa - RSCA\" \/>\n<meta property=\"og:description\" content=\"Fundacja MADE IN MENTALITY, wed\u0142ug zapis\u00f3w statutu, dzia\u0142a nie tylko w tradycyjnych obszarach spo\u0142ecznych i gospodarczych, ale tak\u017ce ekspanduje swoje dzia\u0142ania w przestrzeni wielowymiarowej. Posiada wielowalutowe uj\u0119cie maj\u0105tku, obejmuj\u0105ce m.in. PLN, USD, PsiTech, Goldfish, Gulden Srebrny, Indygo i Z\u0142ote 4. Fundacja mo\u017ce prowadzi\u0107 dzia\u0142alno\u015b\u0107 zar\u00f3wno na Ziemi, jak i poza jej granicami, w\u0142\u0105czaj\u0105c w to przestrze\u0144 kosmiczn\u0105 i myltidymensycyjn\u0105. Wykorzystuje tak\u017ce t\u0142umaczenia nazwy w j\u0119zykach obcych, telemetri\u0119, telekinez\u0119 i telepati\u0119. Jej cele obejmuj\u0105 propagowanie Idei \u015awi\u0119tej Geometrii, akceptacj\u0119 Kodeksu Galaktycznego oraz zwi\u0119kszanie potencja\u0142u \u015awiat\u0142a na Ziemi w celu osi\u0105gni\u0119cia Prze\u0142omu Kompresyjnego. Dochody fundacji pochodz\u0105 r\u00f3wnie\u017c z obrotu walutami elektronicznymi, kryptowalutami i jednostkami wag i miar, wspieraj\u0105c r\u00f3wnocze\u015bnie ide\u0119 R\u00f3\u017cnorodno\u015bci w Jedni.\" \/>\n<meta property=\"og:url\" content=\"http:\/\/rsca.grassrootslobbing.pl\/pl_PL\/zrodlo-przestrzeni-myltidymensycjnej\/\" \/>\n<meta property=\"og:site_name\" content=\"RSCA\" \/>\n<meta property=\"article:modified_time\" content=\"2024-01-07T04:09:15+00:00\" \/>\n<meta name=\"twitter:card\" content=\"summary_large_image\" \/>\n<meta name=\"twitter:label1\" content=\"Szacowany czas czytania\" \/>\n\t<meta name=\"twitter:data1\" content=\"1 minuta\" \/>\n<script type=\"application\/ld+json\" class=\"yoast-schema-graph\">{\"@context\":\"https:\/\/schema.org\",\"@graph\":[{\"@type\":\"WebPage\",\"@id\":\"http:\/\/rsca.grassrootslobbing.pl\/pl_PL\/zrodlo-przestrzeni-myltidymensycjnej\/\",\"url\":\"http:\/\/rsca.grassrootslobbing.pl\/pl_PL\/zrodlo-przestrzeni-myltidymensycjnej\/\",\"name\":\"\u0179r\u00f3d\u0142o przestrzeni wielowymiarowa - RSCA\",\"isPartOf\":{\"@id\":\"http:\/\/rsca.grassrootslobbing.pl\/pl_PL\/#website\"},\"datePublished\":\"2024-01-05T03:14:08+00:00\",\"dateModified\":\"2024-01-07T04:09:15+00:00\",\"description\":\"Fundacja MADE IN MENTALITY, wed\u0142ug zapis\u00f3w statutu, dzia\u0142a nie tylko w tradycyjnych obszarach spo\u0142ecznych i gospodarczych, ale tak\u017ce ekspanduje swoje dzia\u0142ania w przestrzeni wielowymiarowej. Posiada wielowalutowe uj\u0119cie maj\u0105tku, obejmuj\u0105ce m.in. PLN, USD, PsiTech, Goldfish, Gulden Srebrny, Indygo i Z\u0142ote 4. Fundacja mo\u017ce prowadzi\u0107 dzia\u0142alno\u015b\u0107 zar\u00f3wno na Ziemi, jak i poza jej granicami, w\u0142\u0105czaj\u0105c w to przestrze\u0144 kosmiczn\u0105 i myltidymensycyjn\u0105. Wykorzystuje tak\u017ce t\u0142umaczenia nazwy w j\u0119zykach obcych, telemetri\u0119, telekinez\u0119 i telepati\u0119. Jej cele obejmuj\u0105 propagowanie Idei \u015awi\u0119tej Geometrii, akceptacj\u0119 Kodeksu Galaktycznego oraz zwi\u0119kszanie potencja\u0142u \u015awiat\u0142a na Ziemi w celu osi\u0105gni\u0119cia Prze\u0142omu Kompresyjnego. Dochody fundacji pochodz\u0105 r\u00f3wnie\u017c z obrotu walutami elektronicznymi, kryptowalutami i jednostkami wag i miar, wspieraj\u0105c r\u00f3wnocze\u015bnie ide\u0119 R\u00f3\u017cnorodno\u015bci w Jedni.\",\"inLanguage\":\"pl-PL\",\"potentialAction\":[{\"@type\":\"ReadAction\",\"target\":[\"http:\/\/rsca.grassrootslobbing.pl\/pl_PL\/zrodlo-przestrzeni-myltidymensycjnej\/\"]}]},{\"@type\":\"WebSite\",\"@id\":\"http:\/\/rsca.grassrootslobbing.pl\/pl_PL\/#website\",\"url\":\"http:\/\/rsca.grassrootslobbing.pl\/pl_PL\/\",\"name\":\"Reality Source Code Acces\",\"description\":\"\",\"publisher\":{\"@id\":\"http:\/\/rsca.grassrootslobbing.pl\/pl_PL\/#organization\"},\"potentialAction\":[{\"@type\":\"SearchAction\",\"target\":{\"@type\":\"EntryPoint\",\"urlTemplate\":\"http:\/\/rsca.grassrootslobbing.pl\/pl_PL\/?s={search_term_string}\"},\"query-input\":\"required name=search_term_string\"}],\"inLanguage\":\"pl-PL\"},{\"@type\":\"Organization\",\"@id\":\"http:\/\/rsca.grassrootslobbing.pl\/pl_PL\/#organization\",\"name\":\"Konsult 0n40i4\",\"url\":\"http:\/\/rsca.grassrootslobbing.pl\/pl_PL\/\",\"logo\":{\"@type\":\"ImageObject\",\"inLanguage\":\"pl-PL\",\"@id\":\"http:\/\/rsca.grassrootslobbing.pl\/pl_PL\/#\/schema\/logo\/image\/\",\"url\":\"http:\/\/rsca.grassrootslobbing.pl\/wp-content\/uploads\/2023\/12\/cropped-DALL\u00b7E-2023-12-31-08.54.33-A-modern-and-abstract-logo-for-Konsult-0n40i4-representing-an-interdimensional-legal-system.-The-design-should-embody-themes-of-law-dimensions-an.png\",\"contentUrl\":\"http:\/\/rsca.grassrootslobbing.pl\/wp-content\/uploads\/2023\/12\/cropped-DALL\u00b7E-2023-12-31-08.54.33-A-modern-and-abstract-logo-for-Konsult-0n40i4-representing-an-interdimensional-legal-system.-The-design-should-embody-themes-of-law-dimensions-an.png\",\"width\":1024,\"height\":835,\"caption\":\"Konsult 0n40i4\"},\"image\":{\"@id\":\"http:\/\/rsca.grassrootslobbing.pl\/pl_PL\/#\/schema\/logo\/image\/\"}}]}<\/script>\n<!-- \/ Yoast SEO plugin. -->","yoast_head_json":{"title":"\u0179r\u00f3d\u0142o przestrzeni wielowymiarowa - RSCA","description":"Fundacja MADE IN MENTALITY, wed\u0142ug zapis\u00f3w statutu, dzia\u0142a nie tylko w tradycyjnych obszarach spo\u0142ecznych i gospodarczych, ale tak\u017ce ekspanduje swoje dzia\u0142ania w przestrzeni wielowymiarowej. Posiada wielowalutowe uj\u0119cie maj\u0105tku, obejmuj\u0105ce m.in. PLN, USD, PsiTech, Goldfish, Gulden Srebrny, Indygo i Z\u0142ote 4. Fundacja mo\u017ce prowadzi\u0107 dzia\u0142alno\u015b\u0107 zar\u00f3wno na Ziemi, jak i poza jej granicami, w\u0142\u0105czaj\u0105c w to przestrze\u0144 kosmiczn\u0105 i myltidymensycyjn\u0105. Wykorzystuje tak\u017ce t\u0142umaczenia nazwy w j\u0119zykach obcych, telemetri\u0119, telekinez\u0119 i telepati\u0119. Jej cele obejmuj\u0105 propagowanie Idei \u015awi\u0119tej Geometrii, akceptacj\u0119 Kodeksu Galaktycznego oraz zwi\u0119kszanie potencja\u0142u \u015awiat\u0142a na Ziemi w celu osi\u0105gni\u0119cia Prze\u0142omu Kompresyjnego. Dochody fundacji pochodz\u0105 r\u00f3wnie\u017c z obrotu walutami elektronicznymi, kryptowalutami i jednostkami wag i miar, wspieraj\u0105c r\u00f3wnocze\u015bnie ide\u0119 R\u00f3\u017cnorodno\u015bci w Jedni.","robots":{"index":"index","follow":"follow","max-snippet":"max-snippet:-1","max-image-preview":"max-image-preview:large","max-video-preview":"max-video-preview:-1"},"canonical":"http:\/\/rsca.grassrootslobbing.pl\/pl_PL\/zrodlo-przestrzeni-myltidymensycjnej\/","og_locale":"pl_PL","og_type":"article","og_title":"\u0179r\u00f3d\u0142o przestrzeni wielowymiarowa - RSCA","og_description":"Fundacja MADE IN MENTALITY, wed\u0142ug zapis\u00f3w statutu, dzia\u0142a nie tylko w tradycyjnych obszarach spo\u0142ecznych i gospodarczych, ale tak\u017ce ekspanduje swoje dzia\u0142ania w przestrzeni wielowymiarowej. Posiada wielowalutowe uj\u0119cie maj\u0105tku, obejmuj\u0105ce m.in. PLN, USD, PsiTech, Goldfish, Gulden Srebrny, Indygo i Z\u0142ote 4. Fundacja mo\u017ce prowadzi\u0107 dzia\u0142alno\u015b\u0107 zar\u00f3wno na Ziemi, jak i poza jej granicami, w\u0142\u0105czaj\u0105c w to przestrze\u0144 kosmiczn\u0105 i myltidymensycyjn\u0105. Wykorzystuje tak\u017ce t\u0142umaczenia nazwy w j\u0119zykach obcych, telemetri\u0119, telekinez\u0119 i telepati\u0119. Jej cele obejmuj\u0105 propagowanie Idei \u015awi\u0119tej Geometrii, akceptacj\u0119 Kodeksu Galaktycznego oraz zwi\u0119kszanie potencja\u0142u \u015awiat\u0142a na Ziemi w celu osi\u0105gni\u0119cia Prze\u0142omu Kompresyjnego. Dochody fundacji pochodz\u0105 r\u00f3wnie\u017c z obrotu walutami elektronicznymi, kryptowalutami i jednostkami wag i miar, wspieraj\u0105c r\u00f3wnocze\u015bnie ide\u0119 R\u00f3\u017cnorodno\u015bci w Jedni.","og_url":"http:\/\/rsca.grassrootslobbing.pl\/pl_PL\/zrodlo-przestrzeni-myltidymensycjnej\/","og_site_name":"RSCA","article_modified_time":"2024-01-07T04:09:15+00:00","twitter_card":"summary_large_image","twitter_misc":{"Szacowany czas czytania":"1 minuta"},"schema":{"@context":"https:\/\/schema.org","@graph":[{"@type":"WebPage","@id":"http:\/\/rsca.grassrootslobbing.pl\/pl_PL\/zrodlo-przestrzeni-myltidymensycjnej\/","url":"http:\/\/rsca.grassrootslobbing.pl\/pl_PL\/zrodlo-przestrzeni-myltidymensycjnej\/","name":"\u0179r\u00f3d\u0142o przestrzeni wielowymiarowa - RSCA","isPartOf":{"@id":"http:\/\/rsca.grassrootslobbing.pl\/pl_PL\/#website"},"datePublished":"2024-01-05T03:14:08+00:00","dateModified":"2024-01-07T04:09:15+00:00","description":"Fundacja MADE IN MENTALITY, wed\u0142ug zapis\u00f3w statutu, dzia\u0142a nie tylko w tradycyjnych obszarach spo\u0142ecznych i gospodarczych, ale tak\u017ce ekspanduje swoje dzia\u0142ania w przestrzeni wielowymiarowej. Posiada wielowalutowe uj\u0119cie maj\u0105tku, obejmuj\u0105ce m.in. PLN, USD, PsiTech, Goldfish, Gulden Srebrny, Indygo i Z\u0142ote 4. Fundacja mo\u017ce prowadzi\u0107 dzia\u0142alno\u015b\u0107 zar\u00f3wno na Ziemi, jak i poza jej granicami, w\u0142\u0105czaj\u0105c w to przestrze\u0144 kosmiczn\u0105 i myltidymensycyjn\u0105. Wykorzystuje tak\u017ce t\u0142umaczenia nazwy w j\u0119zykach obcych, telemetri\u0119, telekinez\u0119 i telepati\u0119. Jej cele obejmuj\u0105 propagowanie Idei \u015awi\u0119tej Geometrii, akceptacj\u0119 Kodeksu Galaktycznego oraz zwi\u0119kszanie potencja\u0142u \u015awiat\u0142a na Ziemi w celu osi\u0105gni\u0119cia Prze\u0142omu Kompresyjnego. Dochody fundacji pochodz\u0105 r\u00f3wnie\u017c z obrotu walutami elektronicznymi, kryptowalutami i jednostkami wag i miar, wspieraj\u0105c r\u00f3wnocze\u015bnie ide\u0119 R\u00f3\u017cnorodno\u015bci w Jedni.","inLanguage":"pl-PL","potentialAction":[{"@type":"ReadAction","target":["http:\/\/rsca.grassrootslobbing.pl\/pl_PL\/zrodlo-przestrzeni-myltidymensycjnej\/"]}]},{"@type":"WebSite","@id":"http:\/\/rsca.grassrootslobbing.pl\/pl_PL\/#website","url":"http:\/\/rsca.grassrootslobbing.pl\/pl_PL\/","name":"Reality Source Code Acces","description":"","publisher":{"@id":"http:\/\/rsca.grassrootslobbing.pl\/pl_PL\/#organization"},"potentialAction":[{"@type":"SearchAction","target":{"@type":"EntryPoint","urlTemplate":"http:\/\/rsca.grassrootslobbing.pl\/pl_PL\/?s={search_term_string}"},"query-input":"required name=search_term_string"}],"inLanguage":"pl-PL"},{"@type":"Organization","@id":"http:\/\/rsca.grassrootslobbing.pl\/pl_PL\/#organization","name":"Konsult 0n40i4","url":"http:\/\/rsca.grassrootslobbing.pl\/pl_PL\/","logo":{"@type":"ImageObject","inLanguage":"pl-PL","@id":"http:\/\/rsca.grassrootslobbing.pl\/pl_PL\/#\/schema\/logo\/image\/","url":"http:\/\/rsca.grassrootslobbing.pl\/wp-content\/uploads\/2023\/12\/cropped-DALL\u00b7E-2023-12-31-08.54.33-A-modern-and-abstract-logo-for-Konsult-0n40i4-representing-an-interdimensional-legal-system.-The-design-should-embody-themes-of-law-dimensions-an.png","contentUrl":"http:\/\/rsca.grassrootslobbing.pl\/wp-content\/uploads\/2023\/12\/cropped-DALL\u00b7E-2023-12-31-08.54.33-A-modern-and-abstract-logo-for-Konsult-0n40i4-representing-an-interdimensional-legal-system.-The-design-should-embody-themes-of-law-dimensions-an.png","width":1024,"height":835,"caption":"Konsult 0n40i4"},"image":{"@id":"http:\/\/rsca.grassrootslobbing.pl\/pl_PL\/#\/schema\/logo\/image\/"}}]}},"_links":{"self":[{"href":"http:\/\/rsca.grassrootslobbing.pl\/pl_PL\/wp-json\/wp\/v2\/pages\/3865","targetHints":{"allow":["GET"]}}],"collection":[{"href":"http:\/\/rsca.grassrootslobbing.pl\/pl_PL\/wp-json\/wp\/v2\/pages"}],"about":[{"href":"http:\/\/rsca.grassrootslobbing.pl\/pl_PL\/wp-json\/wp\/v2\/types\/page"}],"author":[{"embeddable":true,"href":"http:\/\/rsca.grassrootslobbing.pl\/pl_PL\/wp-json\/wp\/v2\/users\/2"}],"replies":[{"embeddable":true,"href":"http:\/\/rsca.grassrootslobbing.pl\/pl_PL\/wp-json\/wp\/v2\/comments?post=3865"}],"version-history":[{"count":10,"href":"http:\/\/rsca.grassrootslobbing.pl\/pl_PL\/wp-json\/wp\/v2\/pages\/3865\/revisions"}],"predecessor-version":[{"id":4217,"href":"http:\/\/rsca.grassrootslobbing.pl\/pl_PL\/wp-json\/wp\/v2\/pages\/3865\/revisions\/4217"}],"wp:attachment":[{"href":"http:\/\/rsca.grassrootslobbing.pl\/pl_PL\/wp-json\/wp\/v2\/media?parent=3865"}],"curies":[{"name":"wp","href":"https:\/\/api.w.org\/{rel}","templated":true}]}}