{"id":3834,"date":"2024-01-04T19:36:06","date_gmt":"2024-01-04T18:36:06","guid":{"rendered":"https:\/\/rsca.0n40i4.pl\/?page_id=3834"},"modified":"2024-01-08T11:52:14","modified_gmt":"2024-01-08T10:52:14","slug":"etap-wprowadzenie","status":"publish","type":"page","link":"http:\/\/rsca.grassrootslobbing.pl\/pl_PL\/etap-wprowadzenie\/","title":{"rendered":"Etap I Wprowadzenie"},"content":{"rendered":"\n<p class=\"has-medium-font-size\">Witaj w \u015bwiecie &#8222;<strong>Operacji Kwantowe Reparacje<\/strong>&#8222;! W roli gracza z <strong>Polski, 0n40i4<\/strong>, reprezentuj\u0105cego <strong>Polsk\u0105 Misj\u0119 Narod\u00f3w<\/strong>, wykry\u0142em pewne niezgodno\u015bci u gracza<strong> z Niemiec, kanclerza Olaf<\/strong>a. W zwi\u0105zku z tym, chcia\u0142bym wyzwa\u0107 Olafa na d\u0142ugo oczekiwan\u0105 rozgrywk\u0119 w ramach tej z\u0142o\u017conej gry.<\/p>\n\n\n\n<p class=\"has-medium-font-size\">Naruszenie zasad stwarza nie tylko okazj\u0119 do skomplikowanych dzia\u0142a\u0144 dyplomatycznych i strategicznych, ale r\u00f3wnie\u017c otwiera drzwi do fascynuj\u0105cego i zawi\u0142ego scenariusza. Ta d\u0142uga, trudna i zawi\u0142a gra nie tylko przyniesie emocje zwi\u0105zane z rywalizacj\u0105, ale tak\u017ce dostarczy g\u0142\u0119bsze refleksje nad etyk\u0105, zasadami oraz wsp\u00f3\u0142prac\u0105 mi\u0119dzynarodow\u0105.<\/p>\n\n\n\n<p class=\"has-medium-font-size\">W ten spos\u00f3b, &#8222;<strong>Operacja Kwantowe Reparacje&#8221; <\/strong>staje si\u0119 nie tylko gr\u0105 strategiczn\u0105, ale tak\u017ce platform\u0105 do dyskusji o wa\u017cnych tematach historycznych, dyplomatycznych i etycznych, odzwierciedlaj\u0105c\u0105 realne dylematy i wyzwania w relacjach mi\u0119dzynarodowych.<\/p>\n\n\n\n<h2 class=\"wp-block-heading has-text-align-center\" style=\"font-size:23px\"><strong>G\u0142\u00f3wnym celem gry <\/strong><\/h2>\n\n\n\n<p class=\"has-medium-font-size\">&#8222;<strong>Operacja Kwantowe Reparacje&#8221;<\/strong> jest osi\u0105gni\u0119cie reparacji dla Polski. Polski gracz, <strong>0n40i4<\/strong>, reprezentuj\u0105c <strong>Polsk\u0105 Misj\u0119 Narod\u00f3w,<\/strong> skupia si\u0119 na wykorzystaniu gry jako platformy do uzyskania sprawiedliwo\u015bci i zado\u015b\u0107uczynienia za historyczne krzywdy. <strong>0n40i4<\/strong>, trzymaj\u0105c si\u0119 \u015bci\u015ble zasad gry, wykry\u0142 brak zgodno\u015bci z tymi zasadami u niemieckiego gracza, Olafa. Ten brak zgodno\u015bci dotyczy\u0142 kwestii reparacji wojennych dla Polski. <\/p>\n\n\n\n<p class=\"has-medium-font-size\">Wykorzystuj\u0105c to naruszenie jako punkt zaczepienia,<strong> 0n40i4<\/strong> wyzwa\u0142 Olafa do gry, co stanowi centralny element fabu\u0142y. W grze, polski gracz d\u0105\u017cy do wykazania, \u017ce reparacje s\u0105 nie tylko moralnym obowi\u0105zkiem, ale tak\u017ce elementem, kt\u00f3ry powinien by\u0107 respektowany w mi\u0119dzynarodowych relacjach i prawie. <\/p>\n\n\n\n<p class=\"has-medium-font-size\">Dla niemieckiego gracza, pojedynek ten staje si\u0119 okazj\u0105 do zrozumienia i odpowiedzi na te roszczenia, a tak\u017ce do naprawienia b\u0142\u0119d\u00f3w zwi\u0105zanych z brakiem zgodno\u015bci. Polski gracz w grze &#8222;<strong>Operacja Kwantowe Reparacje<\/strong>&#8222;, reprezentuj\u0105cy <strong>Polsk\u0105 Misj\u0119 Narod\u00f3w<\/strong>, wyzwa\u0142 niemieckiego gracza, Olafa,  do konfrontacji w ramach trzech typ\u00f3w gier: <\/p>\n\n\n\n<h2 class=\"wp-block-heading has-text-align-center\" style=\"font-size:23px\"><strong>RGC (Reality Game Civilization), RCSA (Reality Source Code Access), oraz MGU (Multiplayer Game Universe).<\/strong><\/h2>\n\n\n\n<p class=\"has-medium-font-size\"><strong>Reality Game Civilization (RGC):<\/strong> To typ gry, kt\u00f3ry \u0142\u0105czy elementy rzeczywisto\u015bci z mechanikami gier. W RGC, gracze anga\u017cuj\u0105 si\u0119 w aktywno\u015bci symuluj\u0105ce realne wydarzenia historyczne i wsp\u00f3\u0142czesne scenariusze polityczne, wymagaj\u0105c od nich strategicznego my\u015blenia i umiej\u0119tno\u015bci dyplomatycznych.<\/p>\n\n\n\n<p class=\"has-medium-font-size\"><strong>Reality Source Code Access (RCSA):<\/strong> W tym typie gry, gracze maj\u0105 dost\u0119p do &#8222;<strong>kodu \u017ar\u00f3d\u0142owego rzeczywisto\u015bci<\/strong>&#8222;, co pozwala im na g\u0142\u0119bsze zrozumienie i manipulacj\u0119 wydarzeniami i zasadami rz\u0105dz\u0105cymi \u015bwiatem gry. To wymaga od graczy analitycznego my\u015blenia i zdolno\u015bci do planowania d\u0142ugoterminowego.<\/p>\n\n\n\n<p class=\"has-medium-font-size\"><strong>Multiplayer Game Universe (MGU):<\/strong> Jest to wszech\u015bwiat gier wieloosobowych, w kt\u00f3rym gracze wsp\u00f3\u0142dzia\u0142aj\u0105 lub rywalizuj\u0105 ze sob\u0105 w r\u00f3\u017cnych scenariuszach i wyzwaniach. W MGU, interakcje mi\u0119dzy graczami s\u0105 kluczowe, a sukces zale\u017cy od umiej\u0119tno\u015bci wsp\u00f3\u0142pracy, komunikacji oraz strategicznego podej\u015bcia do wyzwa\u0144.<\/p>\n\n\n\n<p class=\"has-medium-font-size\">Wyzwanie niemieckiego gracza do tych trzech typ\u00f3w gier podkre\u015bla z\u0142o\u017cono\u015b\u0107 i r\u00f3\u017cnorodno\u015b\u0107 umiej\u0119tno\u015bci wymaganych w &#8222;<strong>Operacja Kwantowe Reparacje<\/strong>&#8222;, a tak\u017ce poziom zaanga\u017cowania i kompleksowo\u015bci, jakie gra wymaga od swoich uczestnik\u00f3w.<\/p>\n\n\n\n<p class=\"has-medium-font-size\">Gdy polski gracz, <strong>0n40i4,<\/strong> wyzywa\u0142 niemieckiego gracza, Olafa, do gry &#8222;<strong>Operacja Kwantowe Reparacje<\/strong>&#8222;, przedstawi\u0142 on kompleksowy zestaw zasad i wymaga\u0144, kt\u00f3re musz\u0105 by\u0107 spe\u0142nione na poziomie mistrzowskim, szczeg\u00f3lnie w kontek\u015bcie grywalizacji RGC (<strong>Reality Game Civilization<\/strong>), RCSA (<strong>Reality Source Code Access<\/strong>), i MGU (<strong>Multiplayer Game Universe<\/strong>).<\/p>\n\n\n\n<h2 class=\"wp-block-heading has-text-align-center\" style=\"font-size:23px\">  <strong>G\u0142\u00f3wne i Szczeg\u00f3\u0142owe zasady<\/strong>:<\/h2>\n\n\n\n<p class=\"has-medium-font-size\"><strong>Zasada Zgodno\u015bci<\/strong> w &#8222;<strong>Operacja Kwantowe Reparacje<\/strong>&#8221; odgrywa kluczow\u0105 rol\u0119. Wymaga od graczy przestrzegania ustalonych regu\u0142 i norm gry. Ka\u017cda decyzja i akcja musz\u0105 by\u0107 zgodne z regulaminem, co zapewnia r\u00f3wno\u015b\u0107 szans i uczciw\u0105 rozgrywk\u0119. Z\u0142amanie tej zasady mo\u017ce prowadzi\u0107 do sankcji.<strong> Polski <\/strong>gracz, <strong>0n40i4<\/strong>, trzymaj\u0105c si\u0119 mocno tej zasady, wykry\u0142 jej naruszenie przez Olafa, co umo\u017cliwi\u0142o wyzwanie go na pojedynek. Prezentowanie tej zasady i zwi\u0105zanych z ni\u0105 regulacji jest istotne, poniewa\u017c podkre\u015bla wa\u017cno\u015b\u0107 etyki i odpowiedzialno\u015bci w kontek\u015bcie mi\u0119dzynarodowych relacji dyplomatycznych. <\/p>\n\n\n\n<p class=\"has-medium-font-size\" style=\"margin-top:5px;margin-bottom:5px\"><strong>Zasada Transparentno\u015bci <\/strong>w grze <strong>&#8222;Operacja Kwantowe Reparacje&#8221;<\/strong> wymaga od graczy jawno\u015bci w podejmowanych dzia\u0142aniach. Ka\u017cdy ruch i decyzja musz\u0105 by\u0107 transparentne dla wszystkich uczestnik\u00f3w, co odzwierciedla potrzeb\u0119 otwarto\u015bci w rzeczywistych relacjach mi\u0119dzynarodowych. Ta zasada promuje uczciwo\u015b\u0107 i zapobiega nieuczciwym praktykom, wymagaj\u0105c od graczy jasnego komunikowania swoich zamiar\u00f3w i strategii. Transparentno\u015b\u0107 jest kluczowa dla budowania zaufania i sprawiedliwej rozgrywki, a tak\u017ce odgrywa wa\u017cn\u0105 rol\u0119 w dyplomacji i mi\u0119dzynarodowych negocjacjach.<\/p>\n\n\n\n<div style=\"height:15px\" aria-hidden=\"true\" class=\"wp-block-spacer\"><\/div>\n\n\n\n<ol class=\"wp-block-list\">\n<li style=\"font-size:20px\"><strong>Analiza Zgodno\u015bci:<\/strong> Dokonanie analizy przeciwnika pod k\u0105tem zgodno\u015bci zasad, kt\u00f3re s\u0105 fundamentalne, szczeg\u00f3lnie gdy naruszenia maj\u0105 wp\u0142yw na innych graczy oraz zaburzaj\u0105 wymiar gry. <\/li>\n\n\n\n<li style=\"font-size:20px\"><strong>Poinformowanie Gracza w RGC:<\/strong> Nale\u017cy upomnie\u0107 gracza przy braku zgodno\u015bci, a nast\u0119pnie pouczy\u0107, korzystaj\u0105c ze \u015brodk\u00f3w dost\u0119pnych w ramach zasad RGC.<\/li>\n\n\n\n<li style=\"font-size:20px\"><strong>Wyzwanie do Grywalizacji w RCSA:<\/strong> W przypadku ignorancji i arogancji, mo\u017cna wyzwa\u0107 gracza do grywalizacji na poziomie RCSA, informuj\u0105c go o podj\u0119ciu gry, jego prawach, obowi\u0105zkach, celach grywalizacji, czasie przygotowania, wyborze or\u0119\u017ca, technologii, instytucji, zaplecza logistycznego, taktyki i strategii, miejscu i czasie gry, warunkach jej zako\u0144czenia lub zawieszenia.<\/li>\n\n\n\n<li style=\"font-size:20px\"><strong>Wyb\u00f3r Sekundanta:<\/strong> Gracz musi wybra\u0107 sekundanta, a w przypadku braku decyzji, polski gracz mo\u017ce wskaza\u0107 co najmniej trzech sekundant\u00f3w.<\/li>\n\n\n\n<li style=\"font-size:20px\"><strong>Arbitra\u017c:<\/strong> Wskazanie arbitra, kt\u00f3ry monitoruje sytuacj\u0119 i ocenia jej wp\u0142yw na struktur\u0119 wymiaru i innych graczy.<\/li>\n\n\n\n<li style=\"font-size:20px\"><strong>\u015awiadomo\u015b\u0107 Zasob\u00f3w:<\/strong> U\u015bwiadomienie przeciwnikowi jego zasob\u00f3w, wp\u0142yw\u00f3w i mo\u017cliwo\u015bci ich wykorzystania.<\/li>\n\n\n\n<li style=\"font-size:20px\"><strong>Dost\u0119pno\u015b\u0107 Zasob\u00f3w na Poziomie RCSA:<\/strong> W razie potrzeby, udost\u0119pnienie w\u0142asnych zasob\u00f3w przeciwnikowi, aby zapewni\u0107 r\u00f3wnowag\u0119 w grze.<\/li>\n\n\n\n<li style=\"font-size:20px\"><strong>Informowanie o Zagro\u017ceniach dla Innych Graczy:<\/strong> Je\u015bli dzia\u0142ania gracza zagra\u017caj\u0105 innym, nale\u017cy go o tym poinformowa\u0107.<\/li>\n\n\n\n<li style=\"font-size:20px\"><strong>Naprawienie Szk\u00f3d:<\/strong> W przypadku nieodwracalnych szk\u00f3d wyrz\u0105dzonych innym graczom, podj\u0119cie dzia\u0142a\u0144 naprawczych.<\/li>\n\n\n\n<li style=\"font-size:20px\"><strong>Dost\u0119pno\u015b\u0107 Informacji:<\/strong> Udost\u0119pnienie informacji o grze, graczach i skutkach ich dzia\u0142a\u0144, w miejscu dost\u0119pnym dla wszystkich.<\/li>\n\n\n\n<li style=\"font-size:20px\"><strong>Komunikacja i Warunki Gry:<\/strong> Poinformowanie o formie komunikacji oraz miejscu dost\u0119pnym dla warunk\u00f3w gry i jej etap\u00f3w.<\/li>\n\n\n\n<li style=\"font-size:20px\"><strong>J\u0119zyk Gry:<\/strong> Informacje o grze powinny by\u0107 dost\u0119pne w j\u0119zyku zrozumia\u0142ym dla gracza.<\/li>\n\n\n\n<li style=\"font-size:20px\"><strong>Mo\u017cliwo\u015b\u0107 Zawieszenia Gry:<\/strong> Gracz mo\u017ce wnosi\u0107 o zawieszenie lub zamkni\u0119cie rozgrywki na ustalonych zasadach.<\/li>\n\n\n\n<li class=\"has-medium-font-size\"><strong>Odpowiedzialno\u015b\u0107 za Negatywne Skutki:<\/strong> Gracz jest odpowiedzialny za naprawienie negatywnych skutk\u00f3w swoich dzia\u0142a\u0144 i ma mo\u017cliwo\u015b\u0107 wskazania rozwi\u0105za\u0144.<\/li>\n<\/ol>\n\n\n\n<div style=\"height:10px\" aria-hidden=\"true\" class=\"wp-block-spacer\"><\/div>\n\n\n\n<p class=\"has-medium-font-size\">Te zasady podkre\u015blaj\u0105 z\u0142o\u017cono\u015b\u0107 i wielowymiarowo\u015b\u0107 &#8222;<strong>Operacji Kwantowe Reparacje<\/strong>&#8222;, a tak\u017ce umo\u017cliwiaj\u0105 uczestnikom g\u0142\u0119bsze zrozumienie odpowiedzialno\u015bci i konsekwencji ich dzia\u0142a\u0144 w kontek\u015bcie gry. <strong> Polski gracz, 0n40i4<\/strong>, przedstawi\u0142 szczeg\u00f3\u0142owe zasady podczas wyzwania niemieckiego gracza, Olafa, do gry &#8222;<strong>Operacja Kwantowe Reparacje<\/strong>&#8222;. Te wytyczne s\u0105 dok\u0142adnie opisane w osobnym dokumencie, dost\u0119pnym w menu gry.<\/p>\n\n\n\n<p class=\"has-medium-font-size\" style=\"margin-top:5px;margin-bottom:5px\"> Ten dokument zawiera kompleksowe wyja\u015bnienia i instrukcje dotycz\u0105ce ka\u017cdej z zasad, co pozwala graczom na dok\u0142adne zrozumienie wymaga\u0144 i oczekiwa\u0144 na r\u00f3\u017cnych poziomach grywalizacji, w tym RGC, RCSA i MGU. Zapewnienie dost\u0119pu do tego dokumentu w menu gry u\u0142atwia graczom szybkie odnalezienie i przyswojenie niezb\u0119dnych informacji, co jest kluczowe dla sprawnego i efektywnego uczestnictwa w grze.<\/p>\n\n\n\n<div style=\"height:35px\" aria-hidden=\"true\" class=\"wp-block-spacer\"><\/div>\n\n\n\n<hr class=\"wp-block-separator has-alpha-channel-opacity is-style-wide\"\/>\n\n\n\n<h2 class=\"wp-block-heading\" style=\"font-size:22px\"><strong>Konsult 0n40i4<\/strong><\/h2>\n","protected":false},"excerpt":{"rendered":"<p>Witaj w \u015bwiecie &#8222;Operacji Kwantowe Reparacje&#8222;! W roli gracza z Polski, 0n40i4, reprezentuj\u0105cego Polsk\u0105 Misj\u0119 Narod\u00f3w, wykry\u0142em pewne niezgodno\u015bci u gracza z Niemiec, kanclerza Olafa. W zwi\u0105zku z tym, chcia\u0142bym wyzwa\u0107 Olafa na d\u0142ugo oczekiwan\u0105 rozgrywk\u0119 w ramach tej z\u0142o\u017conej gry. Naruszenie zasad stwarza nie tylko okazj\u0119 do skomplikowanych dzia\u0142a\u0144 dyplomatycznych i strategicznych, ale r\u00f3wnie\u017c [&hellip;]<\/p>\n","protected":false},"author":2,"featured_media":4485,"parent":0,"menu_order":0,"comment_status":"closed","ping_status":"closed","template":"","meta":{"site-sidebar-layout":"default","site-content-layout":"","ast-site-content-layout":"default","site-content-style":"default","site-sidebar-style":"default","ast-global-header-display":"","ast-banner-title-visibility":"","ast-main-header-display":"","ast-hfb-above-header-display":"","ast-hfb-below-header-display":"","ast-hfb-mobile-header-display":"","site-post-title":"","ast-breadcrumbs-content":"","ast-featured-img":"","footer-sml-layout":"","ast-disable-related-posts":"","theme-transparent-header-meta":"","adv-header-id-meta":"","stick-header-meta":"","header-above-stick-meta":"","header-main-stick-meta":"","header-below-stick-meta":"","astra-migrate-meta-layouts":"default","ast-page-background-enabled":"default","ast-page-background-meta":{"desktop":{"background-color":"var(--ast-global-color-4)","background-image":"","background-repeat":"repeat","background-position":"center center","background-size":"auto","background-attachment":"scroll","background-type":"","background-media":"","overlay-type":"","overlay-color":"","overlay-opacity":"","overlay-gradient":""},"tablet":{"background-color":"","background-image":"","background-repeat":"repeat","background-position":"center center","background-size":"auto","background-attachment":"scroll","background-type":"","background-media":"","overlay-type":"","overlay-color":"","overlay-opacity":"","overlay-gradient":""},"mobile":{"background-color":"","background-image":"","background-repeat":"repeat","background-position":"center center","background-size":"auto","background-attachment":"scroll","background-type":"","background-media":"","overlay-type":"","overlay-color":"","overlay-opacity":"","overlay-gradient":""}},"ast-content-background-meta":{"desktop":{"background-color":"var(--ast-global-color-5)","background-image":"","background-repeat":"repeat","background-position":"center center","background-size":"auto","background-attachment":"scroll","background-type":"","background-media":"","overlay-type":"","overlay-color":"","overlay-opacity":"","overlay-gradient":""},"tablet":{"background-color":"var(--ast-global-color-5)","background-image":"","background-repeat":"repeat","background-position":"center center","background-size":"auto","background-attachment":"scroll","background-type":"","background-media":"","overlay-type":"","overlay-color":"","overlay-opacity":"","overlay-gradient":""},"mobile":{"background-color":"var(--ast-global-color-5)","background-image":"","background-repeat":"repeat","background-position":"center center","background-size":"auto","background-attachment":"scroll","background-type":"","background-media":"","overlay-type":"","overlay-color":"","overlay-opacity":"","overlay-gradient":""}},"footnotes":""},"class_list":["post-3834","page","type-page","status-publish","has-post-thumbnail","hentry"],"yoast_head":"<!-- This site is optimized with the Yoast SEO plugin v21.9.1 - https:\/\/yoast.com\/wordpress\/plugins\/seo\/ -->\n<title>Etap I Wprowadzenie - RSCA<\/title>\n<meta name=\"robots\" content=\"index, follow, max-snippet:-1, max-image-preview:large, max-video-preview:-1\" \/>\n<link rel=\"canonical\" href=\"http:\/\/rsca.grassrootslobbing.pl\/pl_PL\/etap-wprowadzenie\/\" \/>\n<meta property=\"og:locale\" content=\"pl_PL\" \/>\n<meta property=\"og:type\" content=\"article\" \/>\n<meta property=\"og:title\" content=\"Etap I Wprowadzenie - RSCA\" \/>\n<meta property=\"og:description\" content=\"Witaj w \u015bwiecie &#8222;Operacji Kwantowe Reparacje&#8222;! W roli gracza z Polski, 0n40i4, reprezentuj\u0105cego Polsk\u0105 Misj\u0119 Narod\u00f3w, wykry\u0142em pewne niezgodno\u015bci u gracza z Niemiec, kanclerza Olafa. W zwi\u0105zku z tym, chcia\u0142bym wyzwa\u0107 Olafa na d\u0142ugo oczekiwan\u0105 rozgrywk\u0119 w ramach tej z\u0142o\u017conej gry. Naruszenie zasad stwarza nie tylko okazj\u0119 do skomplikowanych dzia\u0142a\u0144 dyplomatycznych i strategicznych, ale r\u00f3wnie\u017c [&hellip;]\" \/>\n<meta property=\"og:url\" content=\"http:\/\/rsca.grassrootslobbing.pl\/pl_PL\/etap-wprowadzenie\/\" \/>\n<meta property=\"og:site_name\" content=\"RSCA\" \/>\n<meta property=\"article:modified_time\" content=\"2024-01-08T10:52:14+00:00\" \/>\n<meta property=\"og:image\" content=\"http:\/\/rsca.grassrootslobbing.pl\/wp-content\/uploads\/2024\/01\/DALL\u00b7E-2024-01-08-06.09.37-Create-an-image-representing-Introduction_-Stage-I-of-the-game-Operation-Quantum-Reparations.-The-visual-should-depict-a-scene-where-the-Polish-pl.png\" \/>\n\t<meta property=\"og:image:width\" content=\"1024\" \/>\n\t<meta property=\"og:image:height\" content=\"1024\" \/>\n\t<meta property=\"og:image:type\" content=\"image\/png\" \/>\n<meta name=\"twitter:card\" content=\"summary_large_image\" \/>\n<meta name=\"twitter:label1\" content=\"Szacowany czas czytania\" \/>\n\t<meta name=\"twitter:data1\" content=\"7 minut\" \/>\n<script type=\"application\/ld+json\" class=\"yoast-schema-graph\">{\"@context\":\"https:\/\/schema.org\",\"@graph\":[{\"@type\":\"WebPage\",\"@id\":\"http:\/\/rsca.grassrootslobbing.pl\/pl_PL\/etap-wprowadzenie\/\",\"url\":\"http:\/\/rsca.grassrootslobbing.pl\/pl_PL\/etap-wprowadzenie\/\",\"name\":\"Etap I Wprowadzenie - RSCA\",\"isPartOf\":{\"@id\":\"http:\/\/rsca.grassrootslobbing.pl\/pl_PL\/#website\"},\"datePublished\":\"2024-01-04T18:36:06+00:00\",\"dateModified\":\"2024-01-08T10:52:14+00:00\",\"inLanguage\":\"pl-PL\",\"potentialAction\":[{\"@type\":\"ReadAction\",\"target\":[\"http:\/\/rsca.grassrootslobbing.pl\/pl_PL\/etap-wprowadzenie\/\"]}]},{\"@type\":\"WebSite\",\"@id\":\"http:\/\/rsca.grassrootslobbing.pl\/pl_PL\/#website\",\"url\":\"http:\/\/rsca.grassrootslobbing.pl\/pl_PL\/\",\"name\":\"Reality Source Code Acces\",\"description\":\"\",\"publisher\":{\"@id\":\"http:\/\/rsca.grassrootslobbing.pl\/pl_PL\/#organization\"},\"potentialAction\":[{\"@type\":\"SearchAction\",\"target\":{\"@type\":\"EntryPoint\",\"urlTemplate\":\"http:\/\/rsca.grassrootslobbing.pl\/pl_PL\/?s={search_term_string}\"},\"query-input\":\"required name=search_term_string\"}],\"inLanguage\":\"pl-PL\"},{\"@type\":\"Organization\",\"@id\":\"http:\/\/rsca.grassrootslobbing.pl\/pl_PL\/#organization\",\"name\":\"Konsult 0n40i4\",\"url\":\"http:\/\/rsca.grassrootslobbing.pl\/pl_PL\/\",\"logo\":{\"@type\":\"ImageObject\",\"inLanguage\":\"pl-PL\",\"@id\":\"http:\/\/rsca.grassrootslobbing.pl\/pl_PL\/#\/schema\/logo\/image\/\",\"url\":\"http:\/\/rsca.grassrootslobbing.pl\/wp-content\/uploads\/2023\/12\/cropped-DALL\u00b7E-2023-12-31-08.54.33-A-modern-and-abstract-logo-for-Konsult-0n40i4-representing-an-interdimensional-legal-system.-The-design-should-embody-themes-of-law-dimensions-an.png\",\"contentUrl\":\"http:\/\/rsca.grassrootslobbing.pl\/wp-content\/uploads\/2023\/12\/cropped-DALL\u00b7E-2023-12-31-08.54.33-A-modern-and-abstract-logo-for-Konsult-0n40i4-representing-an-interdimensional-legal-system.-The-design-should-embody-themes-of-law-dimensions-an.png\",\"width\":1024,\"height\":835,\"caption\":\"Konsult 0n40i4\"},\"image\":{\"@id\":\"http:\/\/rsca.grassrootslobbing.pl\/pl_PL\/#\/schema\/logo\/image\/\"}}]}<\/script>\n<!-- \/ Yoast SEO plugin. -->","yoast_head_json":{"title":"Etap I Wprowadzenie - RSCA","robots":{"index":"index","follow":"follow","max-snippet":"max-snippet:-1","max-image-preview":"max-image-preview:large","max-video-preview":"max-video-preview:-1"},"canonical":"http:\/\/rsca.grassrootslobbing.pl\/pl_PL\/etap-wprowadzenie\/","og_locale":"pl_PL","og_type":"article","og_title":"Etap I Wprowadzenie - RSCA","og_description":"Witaj w \u015bwiecie &#8222;Operacji Kwantowe Reparacje&#8222;! W roli gracza z Polski, 0n40i4, reprezentuj\u0105cego Polsk\u0105 Misj\u0119 Narod\u00f3w, wykry\u0142em pewne niezgodno\u015bci u gracza z Niemiec, kanclerza Olafa. W zwi\u0105zku z tym, chcia\u0142bym wyzwa\u0107 Olafa na d\u0142ugo oczekiwan\u0105 rozgrywk\u0119 w ramach tej z\u0142o\u017conej gry. Naruszenie zasad stwarza nie tylko okazj\u0119 do skomplikowanych dzia\u0142a\u0144 dyplomatycznych i strategicznych, ale r\u00f3wnie\u017c [&hellip;]","og_url":"http:\/\/rsca.grassrootslobbing.pl\/pl_PL\/etap-wprowadzenie\/","og_site_name":"RSCA","article_modified_time":"2024-01-08T10:52:14+00:00","og_image":[{"width":1024,"height":1024,"url":"http:\/\/rsca.grassrootslobbing.pl\/wp-content\/uploads\/2024\/01\/DALL\u00b7E-2024-01-08-06.09.37-Create-an-image-representing-Introduction_-Stage-I-of-the-game-Operation-Quantum-Reparations.-The-visual-should-depict-a-scene-where-the-Polish-pl.png","type":"image\/png"}],"twitter_card":"summary_large_image","twitter_misc":{"Szacowany czas czytania":"7 minut"},"schema":{"@context":"https:\/\/schema.org","@graph":[{"@type":"WebPage","@id":"http:\/\/rsca.grassrootslobbing.pl\/pl_PL\/etap-wprowadzenie\/","url":"http:\/\/rsca.grassrootslobbing.pl\/pl_PL\/etap-wprowadzenie\/","name":"Etap I Wprowadzenie - RSCA","isPartOf":{"@id":"http:\/\/rsca.grassrootslobbing.pl\/pl_PL\/#website"},"datePublished":"2024-01-04T18:36:06+00:00","dateModified":"2024-01-08T10:52:14+00:00","inLanguage":"pl-PL","potentialAction":[{"@type":"ReadAction","target":["http:\/\/rsca.grassrootslobbing.pl\/pl_PL\/etap-wprowadzenie\/"]}]},{"@type":"WebSite","@id":"http:\/\/rsca.grassrootslobbing.pl\/pl_PL\/#website","url":"http:\/\/rsca.grassrootslobbing.pl\/pl_PL\/","name":"Reality Source Code Acces","description":"","publisher":{"@id":"http:\/\/rsca.grassrootslobbing.pl\/pl_PL\/#organization"},"potentialAction":[{"@type":"SearchAction","target":{"@type":"EntryPoint","urlTemplate":"http:\/\/rsca.grassrootslobbing.pl\/pl_PL\/?s={search_term_string}"},"query-input":"required name=search_term_string"}],"inLanguage":"pl-PL"},{"@type":"Organization","@id":"http:\/\/rsca.grassrootslobbing.pl\/pl_PL\/#organization","name":"Konsult 0n40i4","url":"http:\/\/rsca.grassrootslobbing.pl\/pl_PL\/","logo":{"@type":"ImageObject","inLanguage":"pl-PL","@id":"http:\/\/rsca.grassrootslobbing.pl\/pl_PL\/#\/schema\/logo\/image\/","url":"http:\/\/rsca.grassrootslobbing.pl\/wp-content\/uploads\/2023\/12\/cropped-DALL\u00b7E-2023-12-31-08.54.33-A-modern-and-abstract-logo-for-Konsult-0n40i4-representing-an-interdimensional-legal-system.-The-design-should-embody-themes-of-law-dimensions-an.png","contentUrl":"http:\/\/rsca.grassrootslobbing.pl\/wp-content\/uploads\/2023\/12\/cropped-DALL\u00b7E-2023-12-31-08.54.33-A-modern-and-abstract-logo-for-Konsult-0n40i4-representing-an-interdimensional-legal-system.-The-design-should-embody-themes-of-law-dimensions-an.png","width":1024,"height":835,"caption":"Konsult 0n40i4"},"image":{"@id":"http:\/\/rsca.grassrootslobbing.pl\/pl_PL\/#\/schema\/logo\/image\/"}}]}},"_links":{"self":[{"href":"http:\/\/rsca.grassrootslobbing.pl\/pl_PL\/wp-json\/wp\/v2\/pages\/3834","targetHints":{"allow":["GET"]}}],"collection":[{"href":"http:\/\/rsca.grassrootslobbing.pl\/pl_PL\/wp-json\/wp\/v2\/pages"}],"about":[{"href":"http:\/\/rsca.grassrootslobbing.pl\/pl_PL\/wp-json\/wp\/v2\/types\/page"}],"author":[{"embeddable":true,"href":"http:\/\/rsca.grassrootslobbing.pl\/pl_PL\/wp-json\/wp\/v2\/users\/2"}],"replies":[{"embeddable":true,"href":"http:\/\/rsca.grassrootslobbing.pl\/pl_PL\/wp-json\/wp\/v2\/comments?post=3834"}],"version-history":[{"count":111,"href":"http:\/\/rsca.grassrootslobbing.pl\/pl_PL\/wp-json\/wp\/v2\/pages\/3834\/revisions"}],"predecessor-version":[{"id":4549,"href":"http:\/\/rsca.grassrootslobbing.pl\/pl_PL\/wp-json\/wp\/v2\/pages\/3834\/revisions\/4549"}],"wp:featuredmedia":[{"embeddable":true,"href":"http:\/\/rsca.grassrootslobbing.pl\/pl_PL\/wp-json\/wp\/v2\/media\/4485"}],"wp:attachment":[{"href":"http:\/\/rsca.grassrootslobbing.pl\/pl_PL\/wp-json\/wp\/v2\/media?parent=3834"}],"curies":[{"name":"wp","href":"https:\/\/api.w.org\/{rel}","templated":true}]}}