{"id":3775,"date":"2024-01-04T18:36:10","date_gmt":"2024-01-04T17:36:10","guid":{"rendered":"https:\/\/rsca.0n40i4.pl\/?page_id=3775"},"modified":"2024-01-07T11:29:22","modified_gmt":"2024-01-07T10:29:22","slug":"rejestracja-pseudonimow","status":"publish","type":"page","link":"http:\/\/rsca.grassrootslobbing.pl\/pl_PL\/rejestracja-pseudonimow\/","title":{"rendered":"\u00a0\u00a0Formularz Rejestracyjny Us\u0142ugi Pseudonim\u00f3w"},"content":{"rendered":"\n<p style=\"margin-top:5px;margin-bottom:5px\">**Dane Osobowe:**<\/p>\n\n\n\n<p style=\"margin-top:5px;margin-bottom:5px\">1. **Imi\u0119:**<\/p>\n\n\n\n<p style=\"margin-top:5px;margin-bottom:5px\">2. **Nazwisko:**<\/p>\n\n\n\n<p style=\"margin-top:5px;margin-bottom:5px\">3. **Pseudonim (opcjonalnie):**<\/p>\n\n\n\n<p style=\"margin-top:5px;margin-bottom:5px\">4. **Data urodzenia:**<\/p>\n\n\n\n<p style=\"margin-top:5px;margin-bottom:5px\">5. **P\u0142e\u0107:**<\/p>\n\n\n\n<p style=\"margin-top:5px;margin-bottom:5px\">&nbsp;&nbsp;&nbsp;&#8211; [ ] M\u0119\u017cczyzna<\/p>\n\n\n\n<p style=\"margin-top:5px;margin-bottom:5px\">&nbsp;&nbsp;&nbsp;&#8211; [ ] Kobieta<\/p>\n\n\n\n<p style=\"margin-top:5px;margin-bottom:5px\">&nbsp;&nbsp;&nbsp;&#8211; [ ] Inna<\/p>\n\n\n\n<p style=\"margin-top:5px;margin-bottom:5px\">6. **Adres e-mail:**<\/p>\n\n\n\n<p style=\"margin-top:5px;margin-bottom:5px\">7. **Numer kontaktowy:**<\/p>\n\n\n\n<p style=\"margin-top:5px;margin-bottom:5px\">**Dane dotycz\u0105ce Wymiar\u00f3w:**<\/p>\n\n\n\n<p style=\"margin-top:5px;margin-bottom:5px\">8. **Preferowany Wymiar:**<\/p>\n\n\n\n<p style=\"margin-top:5px;margin-bottom:5px\">&nbsp;&nbsp;&nbsp;&#8211; [ ] 3D<\/p>\n\n\n\n<p style=\"margin-top:5px;margin-bottom:5px\">&nbsp;&nbsp;&nbsp;&#8211; [ ] 4D<\/p>\n\n\n\n<p style=\"margin-top:5px;margin-bottom:5px\">&nbsp;&nbsp;&nbsp;&#8211; [ ] Inny (prosz\u0119 poda\u0107)<\/p>\n\n\n\n<p style=\"margin-top:5px;margin-bottom:5px\">9. **Wymiar Technologiczny:**<\/p>\n\n\n\n<p style=\"margin-top:5px;margin-bottom:5px\">&nbsp;&nbsp;&nbsp;&#8211; [ ] Cyberprzestrze\u0144<\/p>\n\n\n\n<p style=\"margin-top:5px;margin-bottom:5px\">&nbsp;&nbsp;&nbsp;&#8211; [ ] Inna (prosz\u0119 poda\u0107)<\/p>\n\n\n\n<p style=\"margin-top:5px;margin-bottom:5px\">&#8212;<\/p>\n\n\n\n<p style=\"margin-top:5px;margin-bottom:5px\">**Wyb\u00f3r Us\u0142ug:**<\/p>\n\n\n\n<p style=\"margin-top:5px;margin-bottom:5px\">10. **Rodzaj Us\u0142ugi Pseudonim\u00f3w:**<\/p>\n\n\n\n<p style=\"margin-top:5px;margin-bottom:5px\">&nbsp;&nbsp;&nbsp;&#8211; [ ] Generowanie Pseudonim\u00f3w<\/p>\n\n\n\n<p style=\"margin-top:5px;margin-bottom:5px\">&nbsp;&nbsp;&nbsp;&#8211; [ ] Walidacja Pseudonim\u00f3w<\/p>\n\n\n\n<p style=\"margin-top:5px;margin-bottom:5px\">&nbsp;&nbsp;&nbsp;&#8211; [ ] Zarz\u0105dzanie Pseudonimami<\/p>\n\n\n\n<p style=\"margin-top:5px;margin-bottom:5px\">&nbsp;&nbsp;&nbsp;&#8211; [ ] Inne (prosz\u0119 poda\u0107)<\/p>\n\n\n\n<p style=\"margin-top:5px;margin-bottom:5px\">&#8212;<\/p>\n\n\n\n<p style=\"margin-top:5px;margin-bottom:5px\">**Zgody i Akceptacje:**<\/p>\n\n\n\n<p style=\"margin-top:5px;margin-bottom:5px\">11. **Zgoda na Warunki Korzystania:**<\/p>\n\n\n\n<p style=\"margin-top:5px;margin-bottom:5px\">&nbsp;&nbsp;&nbsp;&#8211; [ ] Akceptuj\u0119<\/p>\n\n\n\n<p style=\"margin-top:5px;margin-bottom:5px\">12. **Zgoda na Przetwarzanie Danych Osobowych:**<\/p>\n\n\n\n<p style=\"margin-top:5px;margin-bottom:5px\">&nbsp;&nbsp;&nbsp;&#8211; [ ] Akceptuj\u0119<\/p>\n\n\n\n<p style=\"margin-top:5px;margin-bottom:5px\">&#8212;<\/p>\n\n\n\n<p style=\"margin-top:5px;margin-bottom:5px\">**Dodatkowe Informacje:**<\/p>\n\n\n\n<p style=\"margin-top:5px;margin-bottom:5px\">13. **Sk\u0105d dowiedzia\u0142e\u015b\/\u0142a\u015b si\u0119 o Us\u0142udze Pseudonim\u00f3w Konsulta 0n40i4?**<\/p>\n\n\n\n<p>&#8212;<\/p>\n\n\n\n<p style=\"margin-top:5px;margin-bottom:5px\">**O\u015bwiadczenie:**<\/p>\n\n\n\n<p style=\"margin-top:5px;margin-bottom:5px\">O\u015bwiadczam, \u017ce podane przeze mnie informacje s\u0105 zgodne z prawd\u0105, jestem \u015bwiadomy\/a zapis\u00f3w dotycz\u0105cych ochrony danych osobowych oraz akceptuj\u0119 zasady korzystania z <strong>Us\u0142ugi Pseudonim\u00f3w Konsulta 0n40i4.<\/strong><\/p>\n\n\n\n<p style=\"margin-top:5px;margin-bottom:5px\">**Podpis (elektroniczny):**<\/p>\n\n\n\n<p style=\"margin-top:5px;margin-bottom:5px\">*Dzi\u0119kujemy za skorzystanie z us\u0142ug <strong>Konsulta 0n40i4<\/strong>. Potwierdzenie rejestracji zostanie przes\u0142ane na podany adres e-mail.*<\/p>\n\n\n\n<p class=\"has-small-font-size\" style=\"margin-top:5px;margin-bottom:5px\">Ka\u017cdy byt chc\u0105cy skorzysta\u0107 z prawa mi\u0119dzy wymiarowego musi si\u0119 zarejestrowa\u0107 pod pseudonimem w Konsulcie.<\/p>\n","protected":false},"excerpt":{"rendered":"<p>**Dane Osobowe:** 1. **Imi\u0119:** 2. **Nazwisko:** 3. **Pseudonim (opcjonalnie):** 4. **Data urodzenia:** 5. **P\u0142e\u0107:** &nbsp;&nbsp;&nbsp;&#8211; [ ] M\u0119\u017cczyzna &nbsp;&nbsp;&nbsp;&#8211; [ ] Kobieta &nbsp;&nbsp;&nbsp;&#8211; [ ] Inna 6. **Adres e-mail:** 7. **Numer kontaktowy:** **Dane dotycz\u0105ce Wymiar\u00f3w:** 8. **Preferowany Wymiar:** &nbsp;&nbsp;&nbsp;&#8211; [ ] 3D &nbsp;&nbsp;&nbsp;&#8211; [ ] 4D &nbsp;&nbsp;&nbsp;&#8211; [ ] Inny (prosz\u0119 poda\u0107) 9. **Wymiar Technologiczny:** [&hellip;]<\/p>\n","protected":false},"author":2,"featured_media":0,"parent":0,"menu_order":0,"comment_status":"closed","ping_status":"closed","template":"","meta":{"site-sidebar-layout":"default","site-content-layout":"","ast-site-content-layout":"default","site-content-style":"default","site-sidebar-style":"default","ast-global-header-display":"","ast-banner-title-visibility":"","ast-main-header-display":"","ast-hfb-above-header-display":"","ast-hfb-below-header-display":"","ast-hfb-mobile-header-display":"","site-post-title":"","ast-breadcrumbs-content":"","ast-featured-img":"","footer-sml-layout":"","ast-disable-related-posts":"","theme-transparent-header-meta":"","adv-header-id-meta":"","stick-header-meta":"","header-above-stick-meta":"","header-main-stick-meta":"","header-below-stick-meta":"","astra-migrate-meta-layouts":"default","ast-page-background-enabled":"default","ast-page-background-meta":{"desktop":{"background-color":"var(--ast-global-color-4)","background-image":"","background-repeat":"repeat","background-position":"center center","background-size":"auto","background-attachment":"scroll","background-type":"","background-media":"","overlay-type":"","overlay-color":"","overlay-opacity":"","overlay-gradient":""},"tablet":{"background-color":"","background-image":"","background-repeat":"repeat","background-position":"center center","background-size":"auto","background-attachment":"scroll","background-type":"","background-media":"","overlay-type":"","overlay-color":"","overlay-opacity":"","overlay-gradient":""},"mobile":{"background-color":"","background-image":"","background-repeat":"repeat","background-position":"center center","background-size":"auto","background-attachment":"scroll","background-type":"","background-media":"","overlay-type":"","overlay-color":"","overlay-opacity":"","overlay-gradient":""}},"ast-content-background-meta":{"desktop":{"background-color":"var(--ast-global-color-5)","background-image":"","background-repeat":"repeat","background-position":"center center","background-size":"auto","background-attachment":"scroll","background-type":"","background-media":"","overlay-type":"","overlay-color":"","overlay-opacity":"","overlay-gradient":""},"tablet":{"background-color":"var(--ast-global-color-5)","background-image":"","background-repeat":"repeat","background-position":"center center","background-size":"auto","background-attachment":"scroll","background-type":"","background-media":"","overlay-type":"","overlay-color":"","overlay-opacity":"","overlay-gradient":""},"mobile":{"background-color":"var(--ast-global-color-5)","background-image":"","background-repeat":"repeat","background-position":"center center","background-size":"auto","background-attachment":"scroll","background-type":"","background-media":"","overlay-type":"","overlay-color":"","overlay-opacity":"","overlay-gradient":""}},"footnotes":""},"class_list":["post-3775","page","type-page","status-publish","hentry"],"yoast_head":"<!-- This site is optimized with the Yoast SEO plugin v21.9.1 - https:\/\/yoast.com\/wordpress\/plugins\/seo\/ -->\n<title>\u00a0\u00a0Formularz Rejestracyjny Us\u0142ugi Pseudonim\u00f3w - RSCA<\/title>\n<meta name=\"description\" content=\"Uzyskaj wyj\u0105tkowy pseudonim i spersonalizuj swoje do\u015bwiadczenie w r\u00f3\u017cnych wymiarach dzi\u0119ki Formularzowi Rejestracyjnemu Us\u0142ugi Pseudonim\u00f3w Konsulta 0n40i4. Prosta rejestracja, wyb\u00f3r wymiar\u00f3w i us\u0142ug, zawsze z dba\u0142o\u015bci\u0105 o ochron\u0119 danych osobowych. Wprowad\u017a do swojego \u017cycia nowy wymiar bezpiecze\u0144stwa i prywatno\u015bci.\" \/>\n<meta name=\"robots\" content=\"index, follow, max-snippet:-1, max-image-preview:large, max-video-preview:-1\" \/>\n<link rel=\"canonical\" href=\"http:\/\/rsca.grassrootslobbing.pl\/pl_PL\/rejestracja-pseudonimow\/\" \/>\n<meta property=\"og:locale\" content=\"pl_PL\" \/>\n<meta property=\"og:type\" content=\"article\" \/>\n<meta property=\"og:title\" content=\"\u00a0\u00a0Formularz Rejestracyjny Us\u0142ugi Pseudonim\u00f3w - RSCA\" \/>\n<meta property=\"og:description\" content=\"Uzyskaj wyj\u0105tkowy pseudonim i spersonalizuj swoje do\u015bwiadczenie w r\u00f3\u017cnych wymiarach dzi\u0119ki Formularzowi Rejestracyjnemu Us\u0142ugi Pseudonim\u00f3w Konsulta 0n40i4. Prosta rejestracja, wyb\u00f3r wymiar\u00f3w i us\u0142ug, zawsze z dba\u0142o\u015bci\u0105 o ochron\u0119 danych osobowych. Wprowad\u017a do swojego \u017cycia nowy wymiar bezpiecze\u0144stwa i prywatno\u015bci.\" \/>\n<meta property=\"og:url\" content=\"http:\/\/rsca.grassrootslobbing.pl\/pl_PL\/rejestracja-pseudonimow\/\" \/>\n<meta property=\"og:site_name\" content=\"RSCA\" \/>\n<meta property=\"article:modified_time\" content=\"2024-01-07T10:29:22+00:00\" \/>\n<meta name=\"twitter:card\" content=\"summary_large_image\" \/>\n<meta name=\"twitter:label1\" content=\"Szacowany czas czytania\" \/>\n\t<meta name=\"twitter:data1\" content=\"1 minuta\" \/>\n<script type=\"application\/ld+json\" class=\"yoast-schema-graph\">{\"@context\":\"https:\/\/schema.org\",\"@graph\":[{\"@type\":\"WebPage\",\"@id\":\"http:\/\/rsca.grassrootslobbing.pl\/pl_PL\/rejestracja-pseudonimow\/\",\"url\":\"http:\/\/rsca.grassrootslobbing.pl\/pl_PL\/rejestracja-pseudonimow\/\",\"name\":\"\u00a0\u00a0Formularz Rejestracyjny Us\u0142ugi Pseudonim\u00f3w - RSCA\",\"isPartOf\":{\"@id\":\"http:\/\/rsca.grassrootslobbing.pl\/pl_PL\/#website\"},\"datePublished\":\"2024-01-04T17:36:10+00:00\",\"dateModified\":\"2024-01-07T10:29:22+00:00\",\"description\":\"Uzyskaj wyj\u0105tkowy pseudonim i spersonalizuj swoje do\u015bwiadczenie w r\u00f3\u017cnych wymiarach dzi\u0119ki Formularzowi Rejestracyjnemu Us\u0142ugi Pseudonim\u00f3w Konsulta 0n40i4. Prosta rejestracja, wyb\u00f3r wymiar\u00f3w i us\u0142ug, zawsze z dba\u0142o\u015bci\u0105 o ochron\u0119 danych osobowych. Wprowad\u017a do swojego \u017cycia nowy wymiar bezpiecze\u0144stwa i prywatno\u015bci.\",\"inLanguage\":\"pl-PL\",\"potentialAction\":[{\"@type\":\"ReadAction\",\"target\":[\"http:\/\/rsca.grassrootslobbing.pl\/pl_PL\/rejestracja-pseudonimow\/\"]}]},{\"@type\":\"WebSite\",\"@id\":\"http:\/\/rsca.grassrootslobbing.pl\/pl_PL\/#website\",\"url\":\"http:\/\/rsca.grassrootslobbing.pl\/pl_PL\/\",\"name\":\"Reality Source Code Acces\",\"description\":\"\",\"publisher\":{\"@id\":\"http:\/\/rsca.grassrootslobbing.pl\/pl_PL\/#organization\"},\"potentialAction\":[{\"@type\":\"SearchAction\",\"target\":{\"@type\":\"EntryPoint\",\"urlTemplate\":\"http:\/\/rsca.grassrootslobbing.pl\/pl_PL\/?s={search_term_string}\"},\"query-input\":\"required name=search_term_string\"}],\"inLanguage\":\"pl-PL\"},{\"@type\":\"Organization\",\"@id\":\"http:\/\/rsca.grassrootslobbing.pl\/pl_PL\/#organization\",\"name\":\"Konsult 0n40i4\",\"url\":\"http:\/\/rsca.grassrootslobbing.pl\/pl_PL\/\",\"logo\":{\"@type\":\"ImageObject\",\"inLanguage\":\"pl-PL\",\"@id\":\"http:\/\/rsca.grassrootslobbing.pl\/pl_PL\/#\/schema\/logo\/image\/\",\"url\":\"http:\/\/rsca.grassrootslobbing.pl\/wp-content\/uploads\/2023\/12\/cropped-DALL\u00b7E-2023-12-31-08.54.33-A-modern-and-abstract-logo-for-Konsult-0n40i4-representing-an-interdimensional-legal-system.-The-design-should-embody-themes-of-law-dimensions-an.png\",\"contentUrl\":\"http:\/\/rsca.grassrootslobbing.pl\/wp-content\/uploads\/2023\/12\/cropped-DALL\u00b7E-2023-12-31-08.54.33-A-modern-and-abstract-logo-for-Konsult-0n40i4-representing-an-interdimensional-legal-system.-The-design-should-embody-themes-of-law-dimensions-an.png\",\"width\":1024,\"height\":835,\"caption\":\"Konsult 0n40i4\"},\"image\":{\"@id\":\"http:\/\/rsca.grassrootslobbing.pl\/pl_PL\/#\/schema\/logo\/image\/\"}}]}<\/script>\n<!-- \/ Yoast SEO plugin. -->","yoast_head_json":{"title":"\u00a0\u00a0Formularz Rejestracyjny Us\u0142ugi Pseudonim\u00f3w - RSCA","description":"Uzyskaj wyj\u0105tkowy pseudonim i spersonalizuj swoje do\u015bwiadczenie w r\u00f3\u017cnych wymiarach dzi\u0119ki Formularzowi Rejestracyjnemu Us\u0142ugi Pseudonim\u00f3w Konsulta 0n40i4. Prosta rejestracja, wyb\u00f3r wymiar\u00f3w i us\u0142ug, zawsze z dba\u0142o\u015bci\u0105 o ochron\u0119 danych osobowych. Wprowad\u017a do swojego \u017cycia nowy wymiar bezpiecze\u0144stwa i prywatno\u015bci.","robots":{"index":"index","follow":"follow","max-snippet":"max-snippet:-1","max-image-preview":"max-image-preview:large","max-video-preview":"max-video-preview:-1"},"canonical":"http:\/\/rsca.grassrootslobbing.pl\/pl_PL\/rejestracja-pseudonimow\/","og_locale":"pl_PL","og_type":"article","og_title":"\u00a0\u00a0Formularz Rejestracyjny Us\u0142ugi Pseudonim\u00f3w - RSCA","og_description":"Uzyskaj wyj\u0105tkowy pseudonim i spersonalizuj swoje do\u015bwiadczenie w r\u00f3\u017cnych wymiarach dzi\u0119ki Formularzowi Rejestracyjnemu Us\u0142ugi Pseudonim\u00f3w Konsulta 0n40i4. Prosta rejestracja, wyb\u00f3r wymiar\u00f3w i us\u0142ug, zawsze z dba\u0142o\u015bci\u0105 o ochron\u0119 danych osobowych. Wprowad\u017a do swojego \u017cycia nowy wymiar bezpiecze\u0144stwa i prywatno\u015bci.","og_url":"http:\/\/rsca.grassrootslobbing.pl\/pl_PL\/rejestracja-pseudonimow\/","og_site_name":"RSCA","article_modified_time":"2024-01-07T10:29:22+00:00","twitter_card":"summary_large_image","twitter_misc":{"Szacowany czas czytania":"1 minuta"},"schema":{"@context":"https:\/\/schema.org","@graph":[{"@type":"WebPage","@id":"http:\/\/rsca.grassrootslobbing.pl\/pl_PL\/rejestracja-pseudonimow\/","url":"http:\/\/rsca.grassrootslobbing.pl\/pl_PL\/rejestracja-pseudonimow\/","name":"\u00a0\u00a0Formularz Rejestracyjny Us\u0142ugi Pseudonim\u00f3w - RSCA","isPartOf":{"@id":"http:\/\/rsca.grassrootslobbing.pl\/pl_PL\/#website"},"datePublished":"2024-01-04T17:36:10+00:00","dateModified":"2024-01-07T10:29:22+00:00","description":"Uzyskaj wyj\u0105tkowy pseudonim i spersonalizuj swoje do\u015bwiadczenie w r\u00f3\u017cnych wymiarach dzi\u0119ki Formularzowi Rejestracyjnemu Us\u0142ugi Pseudonim\u00f3w Konsulta 0n40i4. Prosta rejestracja, wyb\u00f3r wymiar\u00f3w i us\u0142ug, zawsze z dba\u0142o\u015bci\u0105 o ochron\u0119 danych osobowych. Wprowad\u017a do swojego \u017cycia nowy wymiar bezpiecze\u0144stwa i prywatno\u015bci.","inLanguage":"pl-PL","potentialAction":[{"@type":"ReadAction","target":["http:\/\/rsca.grassrootslobbing.pl\/pl_PL\/rejestracja-pseudonimow\/"]}]},{"@type":"WebSite","@id":"http:\/\/rsca.grassrootslobbing.pl\/pl_PL\/#website","url":"http:\/\/rsca.grassrootslobbing.pl\/pl_PL\/","name":"Reality Source Code Acces","description":"","publisher":{"@id":"http:\/\/rsca.grassrootslobbing.pl\/pl_PL\/#organization"},"potentialAction":[{"@type":"SearchAction","target":{"@type":"EntryPoint","urlTemplate":"http:\/\/rsca.grassrootslobbing.pl\/pl_PL\/?s={search_term_string}"},"query-input":"required name=search_term_string"}],"inLanguage":"pl-PL"},{"@type":"Organization","@id":"http:\/\/rsca.grassrootslobbing.pl\/pl_PL\/#organization","name":"Konsult 0n40i4","url":"http:\/\/rsca.grassrootslobbing.pl\/pl_PL\/","logo":{"@type":"ImageObject","inLanguage":"pl-PL","@id":"http:\/\/rsca.grassrootslobbing.pl\/pl_PL\/#\/schema\/logo\/image\/","url":"http:\/\/rsca.grassrootslobbing.pl\/wp-content\/uploads\/2023\/12\/cropped-DALL\u00b7E-2023-12-31-08.54.33-A-modern-and-abstract-logo-for-Konsult-0n40i4-representing-an-interdimensional-legal-system.-The-design-should-embody-themes-of-law-dimensions-an.png","contentUrl":"http:\/\/rsca.grassrootslobbing.pl\/wp-content\/uploads\/2023\/12\/cropped-DALL\u00b7E-2023-12-31-08.54.33-A-modern-and-abstract-logo-for-Konsult-0n40i4-representing-an-interdimensional-legal-system.-The-design-should-embody-themes-of-law-dimensions-an.png","width":1024,"height":835,"caption":"Konsult 0n40i4"},"image":{"@id":"http:\/\/rsca.grassrootslobbing.pl\/pl_PL\/#\/schema\/logo\/image\/"}}]}},"_links":{"self":[{"href":"http:\/\/rsca.grassrootslobbing.pl\/pl_PL\/wp-json\/wp\/v2\/pages\/3775","targetHints":{"allow":["GET"]}}],"collection":[{"href":"http:\/\/rsca.grassrootslobbing.pl\/pl_PL\/wp-json\/wp\/v2\/pages"}],"about":[{"href":"http:\/\/rsca.grassrootslobbing.pl\/pl_PL\/wp-json\/wp\/v2\/types\/page"}],"author":[{"embeddable":true,"href":"http:\/\/rsca.grassrootslobbing.pl\/pl_PL\/wp-json\/wp\/v2\/users\/2"}],"replies":[{"embeddable":true,"href":"http:\/\/rsca.grassrootslobbing.pl\/pl_PL\/wp-json\/wp\/v2\/comments?post=3775"}],"version-history":[{"count":3,"href":"http:\/\/rsca.grassrootslobbing.pl\/pl_PL\/wp-json\/wp\/v2\/pages\/3775\/revisions"}],"predecessor-version":[{"id":4303,"href":"http:\/\/rsca.grassrootslobbing.pl\/pl_PL\/wp-json\/wp\/v2\/pages\/3775\/revisions\/4303"}],"wp:attachment":[{"href":"http:\/\/rsca.grassrootslobbing.pl\/pl_PL\/wp-json\/wp\/v2\/media?parent=3775"}],"curies":[{"name":"wp","href":"https:\/\/api.w.org\/{rel}","templated":true}]}}