{"id":3732,"date":"2024-01-04T18:07:33","date_gmt":"2024-01-04T17:07:33","guid":{"rendered":"https:\/\/rsca.0n40i4.pl\/?page_id=3732"},"modified":"2024-01-04T18:07:39","modified_gmt":"2024-01-04T17:07:39","slug":"uchwala-nr-numer-uchwaly","status":"publish","type":"page","link":"http:\/\/rsca.grassrootslobbing.pl\/pl_PL\/uchwala-nr-numer-uchwaly\/","title":{"rendered":"UCHWA\u0141A NR [numer uchwa\u0142y]"},"content":{"rendered":"\n<p>Zarz\u0105du Sp\u00f3\u0142ki Grass Roots Lobbing Sp. z o.o.<\/p>\n\n\n\n<p>z dnia [data]<\/p>\n\n\n\n<p>W sprawie powo\u0142ania Departamentu ds. Egzekucji Cyfrowych<\/p>\n\n\n\n<p>Zarz\u0105d Sp\u00f3\u0142ki Grass Roots Lobbing Sp. z o.o. postanawia:<\/p>\n\n\n\n<p>1. Powo\u0142a\u0107 Departament ds. Egzekucji Cyfrowych, zwany dalej &#8222;Departamentem&#8221;, w celu skutecznego egzekwowania praw cyfrowych oraz monitorowania i egzekwowania przestrzegania regulamin\u00f3w wewn\u0119trznych Sp\u00f3\u0142ki.<\/p>\n\n\n\n<p>2. Departament rozpocznie swoj\u0105 dzia\u0142alno\u015b\u0107 z dniem 01.01.2024 r.<\/p>\n\n\n\n<p>3. Powo\u0142a\u0107 Kierownika Departamentu ds. Egzekucji Cyfrowych, kt\u00f3ry b\u0119dzie odpowiedzialny za skuteczne zarz\u0105dzanie procesami egzekucji cyfrowych, weryfikacj\u0119 uprawnie\u0144, wiedzy i do\u015bwiadczenia pracownik\u00f3w oraz nadzorowanie dzia\u0142a\u0144 Departamentu.<\/p>\n\n\n\n<p>4. Tryb powo\u0142ania Kierownika Departamentu:<\/p>\n\n\n\n<ol class=\"wp-block-list\">\n<li>wyznaczeniu przez osoby z firmy posiadaj\u0105cej status lobbysty<\/li>\n<\/ol>\n\n\n\n<p>&nbsp;&nbsp;&nbsp;a. Weryfikacja uprawnie\u0144, wiedzy i do\u015bwiadczenia zgodnie z wymaganiami stanowiska.<\/p>\n\n\n\n<p>&nbsp;&nbsp;&nbsp;b. Z\u0142o\u017cenie o\u015bwiadczenia o podj\u0119ciu obowi\u0105zk\u00f3w na okres 5 lat.<\/p>\n\n\n\n<p>&nbsp;&nbsp;&nbsp;c. O\u015bwiadczenie o gotowo\u015bci do rozpocz\u0119cia pracy na okres co najmniej roku, z wymaganym rocznym wyprzedzeniem w przypadku rezygnacji.<\/p>\n\n\n\n<p>&nbsp;&nbsp;&nbsp;d. Tryb praw i obowi\u0105zk\u00f3w Kierownika okre\u015blony w Regulaminie Departamentu ds. Egzekucji Cyfrowych (za\u0142\u0105cznik nr 1).<\/p>\n\n\n\n<p>5. Regulamin funkcjonowania Departamentu ds. Egzekucji Cyfrowych (za\u0142\u0105cznik nr 1) stanowi integraln\u0105 cz\u0119\u015b\u0107 niniejszej uchwa\u0142y.<\/p>\n\n\n\n<p>6. Regulamin Departamentu ds. Egzekucji Cyfrowych okre\u015bla m.in.:<\/p>\n\n\n\n<p>&nbsp;&nbsp;&nbsp;a. Tryb przyjmowania nowych pracownik\u00f3w, ich szkolenia kwalifikacyjnego, okresowe szkolenia i podnoszenie kwalifikacji.<\/p>\n\n\n\n<p>&nbsp;&nbsp;&nbsp;b. Taryfikator wynagrodze\u0144.<\/p>\n\n\n\n<p>&nbsp;&nbsp;&nbsp;c. Tryb zwalniania pracownik\u00f3w.<\/p>\n\n\n\n<p>&nbsp;&nbsp;&nbsp;d. Zasady znajomo\u015bci procedur i instrukcji wewn\u0119trznych.<\/p>\n\n\n\n<p>&nbsp;&nbsp;&nbsp;e. Procedury egzekucji praw cyfrowych.<\/p>\n\n\n\n<p>&nbsp;&nbsp;&nbsp;f. Ewidencj\u0119 post\u0119powa\u0144 cyfrowych.<\/p>\n\n\n\n<p>&nbsp;&nbsp;&nbsp;g. Wewn\u0119trzne kontrole i weryfikacj\u0119 procedur.<\/p>\n\n\n\n<p>&nbsp;&nbsp;&nbsp;h. Rodzaj nadzoru.<\/p>\n\n\n\n<p>&nbsp;&nbsp;&nbsp;i. Warunki z\u0142amania regulaminu i wagi z\u0142amania.<\/p>\n\n\n\n<p>7. Regulamin Departamentu ds. Egzekucji Cyfrowych mo\u017ce by\u0107 zmieniany i uzupe\u0142niany zgodnie z zasadami w nim zawartymi, .<\/p>\n\n\n\n<p>8. Zarz\u0105d zobowi\u0105zuje wydelegowania pracownika z ramienia zarz\u0105du do wsp\u00f3\u0142pracy przy stworzeniu oraz nadzorowaniu, audytowaniu, raportowaniua, monitorowania efektywno\u015bci dzia\u0142ania Departamentu i podejmowania stosownych dzia\u0142a\u0144 naprawczych w przypadku potrzeby oraz nak\u0142adaniu upomnien, oraz kar&nbsp;<\/p>\n\n\n\n<p>9. Uchwa\u0142a wchodzi w \u017cycie z dniem podj\u0119cia.<\/p>\n\n\n\n<p>&#8212;<\/p>\n\n\n\n<p>*Za\u0142\u0105cznik nr 1: Regulamin Departamentu ds. Egzekucji Cyfrowych*<\/p>\n\n\n\n<p>*Z powa\u017caniem,*<\/p>\n\n\n\n<p>[Imi\u0119 i Nazwisko Prezesa Zarz\u0105du \/ Podpis]<\/p>\n\n\n\n<p>[Data]<\/p>\n\n\n\n<p>[Podpis Kierownika ds. Egzekucji Cyfrowych]<\/p>\n","protected":false},"excerpt":{"rendered":"<p>Zarz\u0105du Sp\u00f3\u0142ki Grass Roots Lobbing Sp. z o.o. z dnia [data] W sprawie powo\u0142ania Departamentu ds. Egzekucji Cyfrowych Zarz\u0105d Sp\u00f3\u0142ki Grass Roots Lobbing Sp. z o.o. postanawia: 1. Powo\u0142a\u0107 Departament ds. Egzekucji Cyfrowych, zwany dalej &#8222;Departamentem&#8221;, w celu skutecznego egzekwowania praw cyfrowych oraz monitorowania i egzekwowania przestrzegania regulamin\u00f3w wewn\u0119trznych Sp\u00f3\u0142ki. 2. Departament rozpocznie swoj\u0105 dzia\u0142alno\u015b\u0107 [&hellip;]<\/p>\n","protected":false},"author":2,"featured_media":0,"parent":0,"menu_order":0,"comment_status":"closed","ping_status":"closed","template":"","meta":{"site-sidebar-layout":"default","site-content-layout":"","ast-site-content-layout":"default","site-content-style":"default","site-sidebar-style":"default","ast-global-header-display":"","ast-banner-title-visibility":"","ast-main-header-display":"","ast-hfb-above-header-display":"","ast-hfb-below-header-display":"","ast-hfb-mobile-header-display":"","site-post-title":"","ast-breadcrumbs-content":"","ast-featured-img":"","footer-sml-layout":"","ast-disable-related-posts":"","theme-transparent-header-meta":"","adv-header-id-meta":"","stick-header-meta":"","header-above-stick-meta":"","header-main-stick-meta":"","header-below-stick-meta":"","astra-migrate-meta-layouts":"default","ast-page-background-enabled":"default","ast-page-background-meta":{"desktop":{"background-color":"var(--ast-global-color-4)","background-image":"","background-repeat":"repeat","background-position":"center center","background-size":"auto","background-attachment":"scroll","background-type":"","background-media":"","overlay-type":"","overlay-color":"","overlay-opacity":"","overlay-gradient":""},"tablet":{"background-color":"","background-image":"","background-repeat":"repeat","background-position":"center center","background-size":"auto","background-attachment":"scroll","background-type":"","background-media":"","overlay-type":"","overlay-color":"","overlay-opacity":"","overlay-gradient":""},"mobile":{"background-color":"","background-image":"","background-repeat":"repeat","background-position":"center center","background-size":"auto","background-attachment":"scroll","background-type":"","background-media":"","overlay-type":"","overlay-color":"","overlay-opacity":"","overlay-gradient":""}},"ast-content-background-meta":{"desktop":{"background-color":"var(--ast-global-color-5)","background-image":"","background-repeat":"repeat","background-position":"center center","background-size":"auto","background-attachment":"scroll","background-type":"","background-media":"","overlay-type":"","overlay-color":"","overlay-opacity":"","overlay-gradient":""},"tablet":{"background-color":"var(--ast-global-color-5)","background-image":"","background-repeat":"repeat","background-position":"center center","background-size":"auto","background-attachment":"scroll","background-type":"","background-media":"","overlay-type":"","overlay-color":"","overlay-opacity":"","overlay-gradient":""},"mobile":{"background-color":"var(--ast-global-color-5)","background-image":"","background-repeat":"repeat","background-position":"center center","background-size":"auto","background-attachment":"scroll","background-type":"","background-media":"","overlay-type":"","overlay-color":"","overlay-opacity":"","overlay-gradient":""}},"footnotes":""},"class_list":["post-3732","page","type-page","status-publish","hentry"],"yoast_head":"<!-- This site is optimized with the Yoast SEO plugin v21.9.1 - https:\/\/yoast.com\/wordpress\/plugins\/seo\/ -->\n<title>UCHWA\u0141A NR [numer uchwa\u0142y] - RSCA<\/title>\n<meta name=\"robots\" content=\"index, follow, max-snippet:-1, max-image-preview:large, max-video-preview:-1\" \/>\n<link rel=\"canonical\" href=\"http:\/\/rsca.grassrootslobbing.pl\/pl_PL\/uchwala-nr-numer-uchwaly\/\" \/>\n<meta property=\"og:locale\" content=\"pl_PL\" \/>\n<meta property=\"og:type\" content=\"article\" \/>\n<meta property=\"og:title\" content=\"UCHWA\u0141A NR [numer uchwa\u0142y] - RSCA\" \/>\n<meta property=\"og:description\" content=\"Zarz\u0105du Sp\u00f3\u0142ki Grass Roots Lobbing Sp. z o.o. z dnia [data] W sprawie powo\u0142ania Departamentu ds. Egzekucji Cyfrowych Zarz\u0105d Sp\u00f3\u0142ki Grass Roots Lobbing Sp. z o.o. postanawia: 1. Powo\u0142a\u0107 Departament ds. Egzekucji Cyfrowych, zwany dalej &#8222;Departamentem&#8221;, w celu skutecznego egzekwowania praw cyfrowych oraz monitorowania i egzekwowania przestrzegania regulamin\u00f3w wewn\u0119trznych Sp\u00f3\u0142ki. 2. Departament rozpocznie swoj\u0105 dzia\u0142alno\u015b\u0107 [&hellip;]\" \/>\n<meta property=\"og:url\" content=\"http:\/\/rsca.grassrootslobbing.pl\/pl_PL\/uchwala-nr-numer-uchwaly\/\" \/>\n<meta property=\"og:site_name\" content=\"RSCA\" \/>\n<meta property=\"article:modified_time\" content=\"2024-01-04T17:07:39+00:00\" \/>\n<meta name=\"twitter:card\" content=\"summary_large_image\" \/>\n<meta name=\"twitter:label1\" content=\"Szacowany czas czytania\" \/>\n\t<meta name=\"twitter:data1\" content=\"2 minuty\" \/>\n<script type=\"application\/ld+json\" class=\"yoast-schema-graph\">{\"@context\":\"https:\/\/schema.org\",\"@graph\":[{\"@type\":\"WebPage\",\"@id\":\"http:\/\/rsca.grassrootslobbing.pl\/pl_PL\/uchwala-nr-numer-uchwaly\/\",\"url\":\"http:\/\/rsca.grassrootslobbing.pl\/pl_PL\/uchwala-nr-numer-uchwaly\/\",\"name\":\"UCHWA\u0141A NR [numer uchwa\u0142y] - RSCA\",\"isPartOf\":{\"@id\":\"http:\/\/rsca.grassrootslobbing.pl\/pl_PL\/#website\"},\"datePublished\":\"2024-01-04T17:07:33+00:00\",\"dateModified\":\"2024-01-04T17:07:39+00:00\",\"inLanguage\":\"pl-PL\",\"potentialAction\":[{\"@type\":\"ReadAction\",\"target\":[\"http:\/\/rsca.grassrootslobbing.pl\/pl_PL\/uchwala-nr-numer-uchwaly\/\"]}]},{\"@type\":\"WebSite\",\"@id\":\"http:\/\/rsca.grassrootslobbing.pl\/pl_PL\/#website\",\"url\":\"http:\/\/rsca.grassrootslobbing.pl\/pl_PL\/\",\"name\":\"Reality Source Code Acces\",\"description\":\"\",\"publisher\":{\"@id\":\"http:\/\/rsca.grassrootslobbing.pl\/pl_PL\/#organization\"},\"potentialAction\":[{\"@type\":\"SearchAction\",\"target\":{\"@type\":\"EntryPoint\",\"urlTemplate\":\"http:\/\/rsca.grassrootslobbing.pl\/pl_PL\/?s={search_term_string}\"},\"query-input\":\"required name=search_term_string\"}],\"inLanguage\":\"pl-PL\"},{\"@type\":\"Organization\",\"@id\":\"http:\/\/rsca.grassrootslobbing.pl\/pl_PL\/#organization\",\"name\":\"Konsult 0n40i4\",\"url\":\"http:\/\/rsca.grassrootslobbing.pl\/pl_PL\/\",\"logo\":{\"@type\":\"ImageObject\",\"inLanguage\":\"pl-PL\",\"@id\":\"http:\/\/rsca.grassrootslobbing.pl\/pl_PL\/#\/schema\/logo\/image\/\",\"url\":\"http:\/\/rsca.grassrootslobbing.pl\/wp-content\/uploads\/2023\/12\/cropped-DALL\u00b7E-2023-12-31-08.54.33-A-modern-and-abstract-logo-for-Konsult-0n40i4-representing-an-interdimensional-legal-system.-The-design-should-embody-themes-of-law-dimensions-an.png\",\"contentUrl\":\"http:\/\/rsca.grassrootslobbing.pl\/wp-content\/uploads\/2023\/12\/cropped-DALL\u00b7E-2023-12-31-08.54.33-A-modern-and-abstract-logo-for-Konsult-0n40i4-representing-an-interdimensional-legal-system.-The-design-should-embody-themes-of-law-dimensions-an.png\",\"width\":1024,\"height\":835,\"caption\":\"Konsult 0n40i4\"},\"image\":{\"@id\":\"http:\/\/rsca.grassrootslobbing.pl\/pl_PL\/#\/schema\/logo\/image\/\"}}]}<\/script>\n<!-- \/ Yoast SEO plugin. -->","yoast_head_json":{"title":"UCHWA\u0141A NR [numer uchwa\u0142y] - RSCA","robots":{"index":"index","follow":"follow","max-snippet":"max-snippet:-1","max-image-preview":"max-image-preview:large","max-video-preview":"max-video-preview:-1"},"canonical":"http:\/\/rsca.grassrootslobbing.pl\/pl_PL\/uchwala-nr-numer-uchwaly\/","og_locale":"pl_PL","og_type":"article","og_title":"UCHWA\u0141A NR [numer uchwa\u0142y] - RSCA","og_description":"Zarz\u0105du Sp\u00f3\u0142ki Grass Roots Lobbing Sp. z o.o. z dnia [data] W sprawie powo\u0142ania Departamentu ds. Egzekucji Cyfrowych Zarz\u0105d Sp\u00f3\u0142ki Grass Roots Lobbing Sp. z o.o. postanawia: 1. Powo\u0142a\u0107 Departament ds. Egzekucji Cyfrowych, zwany dalej &#8222;Departamentem&#8221;, w celu skutecznego egzekwowania praw cyfrowych oraz monitorowania i egzekwowania przestrzegania regulamin\u00f3w wewn\u0119trznych Sp\u00f3\u0142ki. 2. Departament rozpocznie swoj\u0105 dzia\u0142alno\u015b\u0107 [&hellip;]","og_url":"http:\/\/rsca.grassrootslobbing.pl\/pl_PL\/uchwala-nr-numer-uchwaly\/","og_site_name":"RSCA","article_modified_time":"2024-01-04T17:07:39+00:00","twitter_card":"summary_large_image","twitter_misc":{"Szacowany czas czytania":"2 minuty"},"schema":{"@context":"https:\/\/schema.org","@graph":[{"@type":"WebPage","@id":"http:\/\/rsca.grassrootslobbing.pl\/pl_PL\/uchwala-nr-numer-uchwaly\/","url":"http:\/\/rsca.grassrootslobbing.pl\/pl_PL\/uchwala-nr-numer-uchwaly\/","name":"UCHWA\u0141A NR [numer uchwa\u0142y] - RSCA","isPartOf":{"@id":"http:\/\/rsca.grassrootslobbing.pl\/pl_PL\/#website"},"datePublished":"2024-01-04T17:07:33+00:00","dateModified":"2024-01-04T17:07:39+00:00","inLanguage":"pl-PL","potentialAction":[{"@type":"ReadAction","target":["http:\/\/rsca.grassrootslobbing.pl\/pl_PL\/uchwala-nr-numer-uchwaly\/"]}]},{"@type":"WebSite","@id":"http:\/\/rsca.grassrootslobbing.pl\/pl_PL\/#website","url":"http:\/\/rsca.grassrootslobbing.pl\/pl_PL\/","name":"Reality Source Code Acces","description":"","publisher":{"@id":"http:\/\/rsca.grassrootslobbing.pl\/pl_PL\/#organization"},"potentialAction":[{"@type":"SearchAction","target":{"@type":"EntryPoint","urlTemplate":"http:\/\/rsca.grassrootslobbing.pl\/pl_PL\/?s={search_term_string}"},"query-input":"required name=search_term_string"}],"inLanguage":"pl-PL"},{"@type":"Organization","@id":"http:\/\/rsca.grassrootslobbing.pl\/pl_PL\/#organization","name":"Konsult 0n40i4","url":"http:\/\/rsca.grassrootslobbing.pl\/pl_PL\/","logo":{"@type":"ImageObject","inLanguage":"pl-PL","@id":"http:\/\/rsca.grassrootslobbing.pl\/pl_PL\/#\/schema\/logo\/image\/","url":"http:\/\/rsca.grassrootslobbing.pl\/wp-content\/uploads\/2023\/12\/cropped-DALL\u00b7E-2023-12-31-08.54.33-A-modern-and-abstract-logo-for-Konsult-0n40i4-representing-an-interdimensional-legal-system.-The-design-should-embody-themes-of-law-dimensions-an.png","contentUrl":"http:\/\/rsca.grassrootslobbing.pl\/wp-content\/uploads\/2023\/12\/cropped-DALL\u00b7E-2023-12-31-08.54.33-A-modern-and-abstract-logo-for-Konsult-0n40i4-representing-an-interdimensional-legal-system.-The-design-should-embody-themes-of-law-dimensions-an.png","width":1024,"height":835,"caption":"Konsult 0n40i4"},"image":{"@id":"http:\/\/rsca.grassrootslobbing.pl\/pl_PL\/#\/schema\/logo\/image\/"}}]}},"_links":{"self":[{"href":"http:\/\/rsca.grassrootslobbing.pl\/pl_PL\/wp-json\/wp\/v2\/pages\/3732","targetHints":{"allow":["GET"]}}],"collection":[{"href":"http:\/\/rsca.grassrootslobbing.pl\/pl_PL\/wp-json\/wp\/v2\/pages"}],"about":[{"href":"http:\/\/rsca.grassrootslobbing.pl\/pl_PL\/wp-json\/wp\/v2\/types\/page"}],"author":[{"embeddable":true,"href":"http:\/\/rsca.grassrootslobbing.pl\/pl_PL\/wp-json\/wp\/v2\/users\/2"}],"replies":[{"embeddable":true,"href":"http:\/\/rsca.grassrootslobbing.pl\/pl_PL\/wp-json\/wp\/v2\/comments?post=3732"}],"version-history":[{"count":1,"href":"http:\/\/rsca.grassrootslobbing.pl\/pl_PL\/wp-json\/wp\/v2\/pages\/3732\/revisions"}],"predecessor-version":[{"id":3733,"href":"http:\/\/rsca.grassrootslobbing.pl\/pl_PL\/wp-json\/wp\/v2\/pages\/3732\/revisions\/3733"}],"wp:attachment":[{"href":"http:\/\/rsca.grassrootslobbing.pl\/pl_PL\/wp-json\/wp\/v2\/media?parent=3732"}],"curies":[{"name":"wp","href":"https:\/\/api.w.org\/{rel}","templated":true}]}}