{"id":3273,"date":"2024-01-03T04:35:45","date_gmt":"2024-01-03T03:35:45","guid":{"rendered":"https:\/\/rsca.0n40i4.pl\/?page_id=3273"},"modified":"2024-01-03T04:42:13","modified_gmt":"2024-01-03T03:42:13","slug":"zasada-wspolnego-celu","status":"publish","type":"page","link":"http:\/\/rsca.grassrootslobbing.pl\/pl_PL\/zasada-wspolnego-celu\/","title":{"rendered":"Zasada Wsp\u00f3lnego Celu"},"content":{"rendered":"\n<h1 class=\"wp-block-heading has-text-align-center\" style=\"font-size:25px\"><strong>Preambu\u0142a<\/strong><\/h1>\n\n\n\n<div style=\"height:15px\" aria-hidden=\"true\" class=\"wp-block-spacer\"><\/div>\n\n\n\n<p class=\"has-medium-font-size\"><strong>Zasada Wsp\u00f3lnego Celu<\/strong> stanowi fundament funkcjonowania <strong>Konsultu Nacji Zr\u00f3wnowa\u017conych Wymiar\u00f3w<\/strong> i opiera si\u0119 na przekonaniu, \u017ce nacje, cywilizacje i inne byty wielowymiarowego \u015bwiata powinny d\u0105\u017cy\u0107 do osi\u0105gni\u0119cia wsp\u00f3lnych cel\u00f3w, kt\u00f3re s\u0142u\u017c\u0105 dobru og\u00f3\u0142u.<\/p>\n\n\n\n<div style=\"height:10px\" aria-hidden=\"true\" class=\"wp-block-spacer\"><\/div>\n\n\n\n<h2 class=\"wp-block-heading has-text-align-center\" style=\"font-size:23px\"><strong>Rozdzia\u0142 I: Cel Wsp\u00f3lnego Rozwoju<\/strong><\/h2>\n\n\n\n<p class=\"has-medium-font-size\" style=\"margin-top:5px;margin-bottom:5px\">1. <strong>Zasada Wsp\u00f3lnego Celu <\/strong>zak\u0142ada, \u017ce nacje i cywilizacje uczestnicz\u0105ce w dzia\u0142aniach <strong>Konsultu<\/strong> d\u0105\u017c\u0105 do wsp\u00f3lnego rozwoju i dobrobytu wielowymiarowego \u015bwiata.<\/p>\n\n\n\n<p class=\"has-medium-font-size\">2. Celami wsp\u00f3lnego rozwoju s\u0105 mi\u0119dzy innymi promowanie pokoju, r\u00f3wno\u015bci, zr\u00f3wnowa\u017conego rozwoju, ochrony \u015brodowiska i poszanowania r\u00f3\u017cnorodno\u015bci.<\/p>\n\n\n\n<div style=\"height:10px\" aria-hidden=\"true\" class=\"wp-block-spacer\"><\/div>\n\n\n\n<h2 class=\"wp-block-heading has-text-align-center\" style=\"font-size:23px\"><strong>Rozdzia\u0142 II: Wsp\u00f3\u0142praca w Osi\u0105ganiu Cel\u00f3w<\/strong><\/h2>\n\n\n\n<div style=\"height:10px\" aria-hidden=\"true\" class=\"wp-block-spacer\"><\/div>\n\n\n\n<p class=\"has-medium-font-size\" style=\"margin-top:5px;margin-bottom:5px\">1. Nacje, cywilizacje i inne byty wielowymiarowego \u015bwiata wsp\u00f3\u0142pracuj\u0105 ze sob\u0105 w osi\u0105ganiu wsp\u00f3lnych cel\u00f3w.<\/p>\n\n\n\n<p class=\"has-medium-font-size\">2. Wsp\u00f3\u0142praca polega na wymianie wiedzy, do\u015bwiadcze\u0144, technologii i zasob\u00f3w, kt\u00f3re przyczyniaj\u0105 si\u0119 do realizacji cel\u00f3w.<\/p>\n\n\n\n<div style=\"height:10px\" aria-hidden=\"true\" class=\"wp-block-spacer\"><\/div>\n\n\n\n<h2 class=\"wp-block-heading has-text-align-center\" style=\"font-size:23px\"><strong>Rozdzia\u0142 III: Wdra\u017canie Strategii<\/strong><\/h2>\n\n\n\n<div style=\"height:10px\" aria-hidden=\"true\" class=\"wp-block-spacer\"><\/div>\n\n\n\n<p class=\"has-medium-font-size\" style=\"margin-top:5px;margin-bottom:5px\">1. <strong>Konsult <\/strong>opracowuje strategie i programy dzia\u0142ania, kt\u00f3re s\u0142u\u017c\u0105 osi\u0105gni\u0119ciu wsp\u00f3lnych cel\u00f3w.<\/p>\n\n\n\n<p class=\"has-medium-font-size\">2. Nacje i cywilizacje zobowi\u0105zane s\u0105 do wdro\u017cenia tych strategii i program\u00f3w w swoich dzia\u0142aniach.<\/p>\n\n\n\n<div style=\"height:10px\" aria-hidden=\"true\" class=\"wp-block-spacer\"><\/div>\n\n\n\n<h2 class=\"wp-block-heading has-text-align-center\" style=\"font-size:23px\"><strong>Rozdzia\u0142 IV: Monitorowanie i Ewaluacja<\/strong><\/h2>\n\n\n\n<div style=\"height:10px\" aria-hidden=\"true\" class=\"wp-block-spacer\"><\/div>\n\n\n\n<p class=\"has-medium-font-size\" style=\"margin-top:5px;margin-bottom:5px\">1. Post\u0119p w osi\u0105ganiu wsp\u00f3lnych cel\u00f3w jest regularnie monitorowany i oceniany.<\/p>\n\n\n\n<p class=\"has-medium-font-size\">2. Wyniki monitoringu i ewaluacji wykorzystywane s\u0105 do dostosowywania dzia\u0142a\u0144 i strategii w celu lepszego realizowania cel\u00f3w.<\/p>\n\n\n\n<div style=\"height:10px\" aria-hidden=\"true\" class=\"wp-block-spacer\"><\/div>\n\n\n\n<h2 class=\"wp-block-heading has-text-align-center\" style=\"font-size:23px\"><strong>Rozdzia\u0142 V: Zobowi\u0105zanie do Wsp\u00f3lnego Celu<\/strong><\/h2>\n\n\n\n<div style=\"height:10px\" aria-hidden=\"true\" class=\"wp-block-spacer\"><\/div>\n\n\n\n<p class=\"has-medium-font-size\" style=\"margin-top:5px;margin-bottom:5px\">1. Ka\u017cda nacja, cywilizacja i byt uczestnicz\u0105cy w <strong>Konsulcie<\/strong> zobowi\u0105zane s\u0105 do wyznaczania i promowania wsp\u00f3lnych cel\u00f3w jako priorytet\u00f3w swoich dzia\u0142a\u0144.<\/p>\n\n\n\n<p class=\"has-medium-font-size\">2. Wsp\u00f3lny cel stanowi jedno\u015b\u0107 w dzia\u0142aniach i s\u0142u\u017cy dobru ca\u0142ego wielowymiarowego \u015bwiata.<\/p>\n\n\n\n<div style=\"height:20px\" aria-hidden=\"true\" class=\"wp-block-spacer\"><\/div>\n\n\n\n<p class=\"has-medium-font-size\" style=\"margin-top:5px;margin-bottom:5px\"><strong>Zasada Wsp\u00f3lnego Celu<\/strong> jest kluczowym elementem funkcjonowania <strong>Konsultu<\/strong> i stanowi podstaw\u0119 dla wsp\u00f3\u0142pracy i osi\u0105gania harmonii w wielowymiarowym \u015bwiecie.<\/p>\n\n\n\n<div style=\"height:25px\" aria-hidden=\"true\" class=\"wp-block-spacer\"><\/div>\n\n\n\n<hr class=\"wp-block-separator has-alpha-channel-opacity is-style-wide\"\/>\n\n\n\n<h2 class=\"wp-block-heading\" style=\"font-size:22px\"><strong>Konsult 0n40i4<\/strong><\/h2>\n","protected":false},"excerpt":{"rendered":"<p>Preambu\u0142a Zasada Wsp\u00f3lnego Celu stanowi fundament funkcjonowania Konsultu Nacji Zr\u00f3wnowa\u017conych Wymiar\u00f3w i opiera si\u0119 na przekonaniu, \u017ce nacje, cywilizacje i inne byty wielowymiarowego \u015bwiata powinny d\u0105\u017cy\u0107 do osi\u0105gni\u0119cia wsp\u00f3lnych cel\u00f3w, kt\u00f3re s\u0142u\u017c\u0105 dobru og\u00f3\u0142u. Rozdzia\u0142 I: Cel Wsp\u00f3lnego Rozwoju 1. Zasada Wsp\u00f3lnego Celu zak\u0142ada, \u017ce nacje i cywilizacje uczestnicz\u0105ce w dzia\u0142aniach Konsultu d\u0105\u017c\u0105 do wsp\u00f3lnego [&hellip;]<\/p>\n","protected":false},"author":2,"featured_media":0,"parent":0,"menu_order":0,"comment_status":"closed","ping_status":"closed","template":"","meta":{"site-sidebar-layout":"default","site-content-layout":"","ast-site-content-layout":"default","site-content-style":"default","site-sidebar-style":"default","ast-global-header-display":"","ast-banner-title-visibility":"","ast-main-header-display":"","ast-hfb-above-header-display":"","ast-hfb-below-header-display":"","ast-hfb-mobile-header-display":"","site-post-title":"","ast-breadcrumbs-content":"","ast-featured-img":"","footer-sml-layout":"","ast-disable-related-posts":"","theme-transparent-header-meta":"","adv-header-id-meta":"","stick-header-meta":"","header-above-stick-meta":"","header-main-stick-meta":"","header-below-stick-meta":"","astra-migrate-meta-layouts":"default","ast-page-background-enabled":"default","ast-page-background-meta":{"desktop":{"background-color":"var(--ast-global-color-4)","background-image":"","background-repeat":"repeat","background-position":"center center","background-size":"auto","background-attachment":"scroll","background-type":"","background-media":"","overlay-type":"","overlay-color":"","overlay-opacity":"","overlay-gradient":""},"tablet":{"background-color":"","background-image":"","background-repeat":"repeat","background-position":"center center","background-size":"auto","background-attachment":"scroll","background-type":"","background-media":"","overlay-type":"","overlay-color":"","overlay-opacity":"","overlay-gradient":""},"mobile":{"background-color":"","background-image":"","background-repeat":"repeat","background-position":"center center","background-size":"auto","background-attachment":"scroll","background-type":"","background-media":"","overlay-type":"","overlay-color":"","overlay-opacity":"","overlay-gradient":""}},"ast-content-background-meta":{"desktop":{"background-color":"var(--ast-global-color-5)","background-image":"","background-repeat":"repeat","background-position":"center center","background-size":"auto","background-attachment":"scroll","background-type":"","background-media":"","overlay-type":"","overlay-color":"","overlay-opacity":"","overlay-gradient":""},"tablet":{"background-color":"var(--ast-global-color-5)","background-image":"","background-repeat":"repeat","background-position":"center center","background-size":"auto","background-attachment":"scroll","background-type":"","background-media":"","overlay-type":"","overlay-color":"","overlay-opacity":"","overlay-gradient":""},"mobile":{"background-color":"var(--ast-global-color-5)","background-image":"","background-repeat":"repeat","background-position":"center center","background-size":"auto","background-attachment":"scroll","background-type":"","background-media":"","overlay-type":"","overlay-color":"","overlay-opacity":"","overlay-gradient":""}},"footnotes":""},"class_list":["post-3273","page","type-page","status-publish","hentry"],"yoast_head":"<!-- This site is optimized with the Yoast SEO plugin v21.9.1 - https:\/\/yoast.com\/wordpress\/plugins\/seo\/ -->\n<title>Zasada Wsp\u00f3lnego Celu - RSCA<\/title>\n<meta name=\"description\" content=\"Zasada Wsp\u00f3lnego Celu Konsultu Nacji Zr\u00f3wnowa\u017conych Wymiar\u00f3w to fundamentalna zasada, kt\u00f3ra promuje harmoni\u0119 i wsp\u00f3\u0142prac\u0119 mi\u0119dzy narodami, cywilizacjami i bytami wielowymiarowego \u015bwiata. Dokument zak\u0142ada, \u017ce uczestnicy Konsultu d\u0105\u017c\u0105 do wsp\u00f3lnego rozwoju, osi\u0105gaj\u0105c cele takie jak pok\u00f3j, r\u00f3wno\u015b\u0107, zr\u00f3wnowa\u017cony rozw\u00f3j, ochrona \u015brodowiska i szacunek dla r\u00f3\u017cnorodno\u015bci. Zasada ta k\u0142adzie nacisk na wsp\u00f3\u0142prac\u0119, wdra\u017canie strategii, monitorowanie post\u0119pu i zobowi\u0105zanie do promowania wsp\u00f3lnych cel\u00f3w, stanowi\u0105c integralny element harmonijnego funkcjonowania wielowymiarowego \u015bwiata.\" \/>\n<meta name=\"robots\" content=\"index, follow, max-snippet:-1, max-image-preview:large, max-video-preview:-1\" \/>\n<link rel=\"canonical\" href=\"http:\/\/rsca.grassrootslobbing.pl\/pl_PL\/zasada-wspolnego-celu\/\" \/>\n<meta property=\"og:locale\" content=\"pl_PL\" \/>\n<meta property=\"og:type\" content=\"article\" \/>\n<meta property=\"og:title\" content=\"Zasada Wsp\u00f3lnego Celu - RSCA\" \/>\n<meta property=\"og:description\" content=\"Zasada Wsp\u00f3lnego Celu Konsultu Nacji Zr\u00f3wnowa\u017conych Wymiar\u00f3w to fundamentalna zasada, kt\u00f3ra promuje harmoni\u0119 i wsp\u00f3\u0142prac\u0119 mi\u0119dzy narodami, cywilizacjami i bytami wielowymiarowego \u015bwiata. Dokument zak\u0142ada, \u017ce uczestnicy Konsultu d\u0105\u017c\u0105 do wsp\u00f3lnego rozwoju, osi\u0105gaj\u0105c cele takie jak pok\u00f3j, r\u00f3wno\u015b\u0107, zr\u00f3wnowa\u017cony rozw\u00f3j, ochrona \u015brodowiska i szacunek dla r\u00f3\u017cnorodno\u015bci. Zasada ta k\u0142adzie nacisk na wsp\u00f3\u0142prac\u0119, wdra\u017canie strategii, monitorowanie post\u0119pu i zobowi\u0105zanie do promowania wsp\u00f3lnych cel\u00f3w, stanowi\u0105c integralny element harmonijnego funkcjonowania wielowymiarowego \u015bwiata.\" \/>\n<meta property=\"og:url\" content=\"http:\/\/rsca.grassrootslobbing.pl\/pl_PL\/zasada-wspolnego-celu\/\" \/>\n<meta property=\"og:site_name\" content=\"RSCA\" \/>\n<meta property=\"article:modified_time\" content=\"2024-01-03T03:42:13+00:00\" \/>\n<meta name=\"twitter:card\" content=\"summary_large_image\" \/>\n<meta name=\"twitter:label1\" content=\"Szacowany czas czytania\" \/>\n\t<meta name=\"twitter:data1\" content=\"2 minuty\" \/>\n<script type=\"application\/ld+json\" class=\"yoast-schema-graph\">{\"@context\":\"https:\/\/schema.org\",\"@graph\":[{\"@type\":\"WebPage\",\"@id\":\"http:\/\/rsca.grassrootslobbing.pl\/pl_PL\/zasada-wspolnego-celu\/\",\"url\":\"http:\/\/rsca.grassrootslobbing.pl\/pl_PL\/zasada-wspolnego-celu\/\",\"name\":\"Zasada Wsp\u00f3lnego Celu - RSCA\",\"isPartOf\":{\"@id\":\"http:\/\/rsca.grassrootslobbing.pl\/pl_PL\/#website\"},\"datePublished\":\"2024-01-03T03:35:45+00:00\",\"dateModified\":\"2024-01-03T03:42:13+00:00\",\"description\":\"Zasada Wsp\u00f3lnego Celu Konsultu Nacji Zr\u00f3wnowa\u017conych Wymiar\u00f3w to fundamentalna zasada, kt\u00f3ra promuje harmoni\u0119 i wsp\u00f3\u0142prac\u0119 mi\u0119dzy narodami, cywilizacjami i bytami wielowymiarowego \u015bwiata. Dokument zak\u0142ada, \u017ce uczestnicy Konsultu d\u0105\u017c\u0105 do wsp\u00f3lnego rozwoju, osi\u0105gaj\u0105c cele takie jak pok\u00f3j, r\u00f3wno\u015b\u0107, zr\u00f3wnowa\u017cony rozw\u00f3j, ochrona \u015brodowiska i szacunek dla r\u00f3\u017cnorodno\u015bci. Zasada ta k\u0142adzie nacisk na wsp\u00f3\u0142prac\u0119, wdra\u017canie strategii, monitorowanie post\u0119pu i zobowi\u0105zanie do promowania wsp\u00f3lnych cel\u00f3w, stanowi\u0105c integralny element harmonijnego funkcjonowania wielowymiarowego \u015bwiata.\",\"inLanguage\":\"pl-PL\",\"potentialAction\":[{\"@type\":\"ReadAction\",\"target\":[\"http:\/\/rsca.grassrootslobbing.pl\/pl_PL\/zasada-wspolnego-celu\/\"]}]},{\"@type\":\"WebSite\",\"@id\":\"http:\/\/rsca.grassrootslobbing.pl\/pl_PL\/#website\",\"url\":\"http:\/\/rsca.grassrootslobbing.pl\/pl_PL\/\",\"name\":\"Reality Source Code Acces\",\"description\":\"\",\"publisher\":{\"@id\":\"http:\/\/rsca.grassrootslobbing.pl\/pl_PL\/#organization\"},\"potentialAction\":[{\"@type\":\"SearchAction\",\"target\":{\"@type\":\"EntryPoint\",\"urlTemplate\":\"http:\/\/rsca.grassrootslobbing.pl\/pl_PL\/?s={search_term_string}\"},\"query-input\":\"required name=search_term_string\"}],\"inLanguage\":\"pl-PL\"},{\"@type\":\"Organization\",\"@id\":\"http:\/\/rsca.grassrootslobbing.pl\/pl_PL\/#organization\",\"name\":\"Konsult 0n40i4\",\"url\":\"http:\/\/rsca.grassrootslobbing.pl\/pl_PL\/\",\"logo\":{\"@type\":\"ImageObject\",\"inLanguage\":\"pl-PL\",\"@id\":\"http:\/\/rsca.grassrootslobbing.pl\/pl_PL\/#\/schema\/logo\/image\/\",\"url\":\"http:\/\/rsca.grassrootslobbing.pl\/wp-content\/uploads\/2023\/12\/cropped-DALL\u00b7E-2023-12-31-08.54.33-A-modern-and-abstract-logo-for-Konsult-0n40i4-representing-an-interdimensional-legal-system.-The-design-should-embody-themes-of-law-dimensions-an.png\",\"contentUrl\":\"http:\/\/rsca.grassrootslobbing.pl\/wp-content\/uploads\/2023\/12\/cropped-DALL\u00b7E-2023-12-31-08.54.33-A-modern-and-abstract-logo-for-Konsult-0n40i4-representing-an-interdimensional-legal-system.-The-design-should-embody-themes-of-law-dimensions-an.png\",\"width\":1024,\"height\":835,\"caption\":\"Konsult 0n40i4\"},\"image\":{\"@id\":\"http:\/\/rsca.grassrootslobbing.pl\/pl_PL\/#\/schema\/logo\/image\/\"}}]}<\/script>\n<!-- \/ Yoast SEO plugin. -->","yoast_head_json":{"title":"Zasada Wsp\u00f3lnego Celu - RSCA","description":"Zasada Wsp\u00f3lnego Celu Konsultu Nacji Zr\u00f3wnowa\u017conych Wymiar\u00f3w to fundamentalna zasada, kt\u00f3ra promuje harmoni\u0119 i wsp\u00f3\u0142prac\u0119 mi\u0119dzy narodami, cywilizacjami i bytami wielowymiarowego \u015bwiata. Dokument zak\u0142ada, \u017ce uczestnicy Konsultu d\u0105\u017c\u0105 do wsp\u00f3lnego rozwoju, osi\u0105gaj\u0105c cele takie jak pok\u00f3j, r\u00f3wno\u015b\u0107, zr\u00f3wnowa\u017cony rozw\u00f3j, ochrona \u015brodowiska i szacunek dla r\u00f3\u017cnorodno\u015bci. Zasada ta k\u0142adzie nacisk na wsp\u00f3\u0142prac\u0119, wdra\u017canie strategii, monitorowanie post\u0119pu i zobowi\u0105zanie do promowania wsp\u00f3lnych cel\u00f3w, stanowi\u0105c integralny element harmonijnego funkcjonowania wielowymiarowego \u015bwiata.","robots":{"index":"index","follow":"follow","max-snippet":"max-snippet:-1","max-image-preview":"max-image-preview:large","max-video-preview":"max-video-preview:-1"},"canonical":"http:\/\/rsca.grassrootslobbing.pl\/pl_PL\/zasada-wspolnego-celu\/","og_locale":"pl_PL","og_type":"article","og_title":"Zasada Wsp\u00f3lnego Celu - RSCA","og_description":"Zasada Wsp\u00f3lnego Celu Konsultu Nacji Zr\u00f3wnowa\u017conych Wymiar\u00f3w to fundamentalna zasada, kt\u00f3ra promuje harmoni\u0119 i wsp\u00f3\u0142prac\u0119 mi\u0119dzy narodami, cywilizacjami i bytami wielowymiarowego \u015bwiata. Dokument zak\u0142ada, \u017ce uczestnicy Konsultu d\u0105\u017c\u0105 do wsp\u00f3lnego rozwoju, osi\u0105gaj\u0105c cele takie jak pok\u00f3j, r\u00f3wno\u015b\u0107, zr\u00f3wnowa\u017cony rozw\u00f3j, ochrona \u015brodowiska i szacunek dla r\u00f3\u017cnorodno\u015bci. Zasada ta k\u0142adzie nacisk na wsp\u00f3\u0142prac\u0119, wdra\u017canie strategii, monitorowanie post\u0119pu i zobowi\u0105zanie do promowania wsp\u00f3lnych cel\u00f3w, stanowi\u0105c integralny element harmonijnego funkcjonowania wielowymiarowego \u015bwiata.","og_url":"http:\/\/rsca.grassrootslobbing.pl\/pl_PL\/zasada-wspolnego-celu\/","og_site_name":"RSCA","article_modified_time":"2024-01-03T03:42:13+00:00","twitter_card":"summary_large_image","twitter_misc":{"Szacowany czas czytania":"2 minuty"},"schema":{"@context":"https:\/\/schema.org","@graph":[{"@type":"WebPage","@id":"http:\/\/rsca.grassrootslobbing.pl\/pl_PL\/zasada-wspolnego-celu\/","url":"http:\/\/rsca.grassrootslobbing.pl\/pl_PL\/zasada-wspolnego-celu\/","name":"Zasada Wsp\u00f3lnego Celu - RSCA","isPartOf":{"@id":"http:\/\/rsca.grassrootslobbing.pl\/pl_PL\/#website"},"datePublished":"2024-01-03T03:35:45+00:00","dateModified":"2024-01-03T03:42:13+00:00","description":"Zasada Wsp\u00f3lnego Celu Konsultu Nacji Zr\u00f3wnowa\u017conych Wymiar\u00f3w to fundamentalna zasada, kt\u00f3ra promuje harmoni\u0119 i wsp\u00f3\u0142prac\u0119 mi\u0119dzy narodami, cywilizacjami i bytami wielowymiarowego \u015bwiata. Dokument zak\u0142ada, \u017ce uczestnicy Konsultu d\u0105\u017c\u0105 do wsp\u00f3lnego rozwoju, osi\u0105gaj\u0105c cele takie jak pok\u00f3j, r\u00f3wno\u015b\u0107, zr\u00f3wnowa\u017cony rozw\u00f3j, ochrona \u015brodowiska i szacunek dla r\u00f3\u017cnorodno\u015bci. Zasada ta k\u0142adzie nacisk na wsp\u00f3\u0142prac\u0119, wdra\u017canie strategii, monitorowanie post\u0119pu i zobowi\u0105zanie do promowania wsp\u00f3lnych cel\u00f3w, stanowi\u0105c integralny element harmonijnego funkcjonowania wielowymiarowego \u015bwiata.","inLanguage":"pl-PL","potentialAction":[{"@type":"ReadAction","target":["http:\/\/rsca.grassrootslobbing.pl\/pl_PL\/zasada-wspolnego-celu\/"]}]},{"@type":"WebSite","@id":"http:\/\/rsca.grassrootslobbing.pl\/pl_PL\/#website","url":"http:\/\/rsca.grassrootslobbing.pl\/pl_PL\/","name":"Reality Source Code Acces","description":"","publisher":{"@id":"http:\/\/rsca.grassrootslobbing.pl\/pl_PL\/#organization"},"potentialAction":[{"@type":"SearchAction","target":{"@type":"EntryPoint","urlTemplate":"http:\/\/rsca.grassrootslobbing.pl\/pl_PL\/?s={search_term_string}"},"query-input":"required name=search_term_string"}],"inLanguage":"pl-PL"},{"@type":"Organization","@id":"http:\/\/rsca.grassrootslobbing.pl\/pl_PL\/#organization","name":"Konsult 0n40i4","url":"http:\/\/rsca.grassrootslobbing.pl\/pl_PL\/","logo":{"@type":"ImageObject","inLanguage":"pl-PL","@id":"http:\/\/rsca.grassrootslobbing.pl\/pl_PL\/#\/schema\/logo\/image\/","url":"http:\/\/rsca.grassrootslobbing.pl\/wp-content\/uploads\/2023\/12\/cropped-DALL\u00b7E-2023-12-31-08.54.33-A-modern-and-abstract-logo-for-Konsult-0n40i4-representing-an-interdimensional-legal-system.-The-design-should-embody-themes-of-law-dimensions-an.png","contentUrl":"http:\/\/rsca.grassrootslobbing.pl\/wp-content\/uploads\/2023\/12\/cropped-DALL\u00b7E-2023-12-31-08.54.33-A-modern-and-abstract-logo-for-Konsult-0n40i4-representing-an-interdimensional-legal-system.-The-design-should-embody-themes-of-law-dimensions-an.png","width":1024,"height":835,"caption":"Konsult 0n40i4"},"image":{"@id":"http:\/\/rsca.grassrootslobbing.pl\/pl_PL\/#\/schema\/logo\/image\/"}}]}},"_links":{"self":[{"href":"http:\/\/rsca.grassrootslobbing.pl\/pl_PL\/wp-json\/wp\/v2\/pages\/3273","targetHints":{"allow":["GET"]}}],"collection":[{"href":"http:\/\/rsca.grassrootslobbing.pl\/pl_PL\/wp-json\/wp\/v2\/pages"}],"about":[{"href":"http:\/\/rsca.grassrootslobbing.pl\/pl_PL\/wp-json\/wp\/v2\/types\/page"}],"author":[{"embeddable":true,"href":"http:\/\/rsca.grassrootslobbing.pl\/pl_PL\/wp-json\/wp\/v2\/users\/2"}],"replies":[{"embeddable":true,"href":"http:\/\/rsca.grassrootslobbing.pl\/pl_PL\/wp-json\/wp\/v2\/comments?post=3273"}],"version-history":[{"count":2,"href":"http:\/\/rsca.grassrootslobbing.pl\/pl_PL\/wp-json\/wp\/v2\/pages\/3273\/revisions"}],"predecessor-version":[{"id":3275,"href":"http:\/\/rsca.grassrootslobbing.pl\/pl_PL\/wp-json\/wp\/v2\/pages\/3273\/revisions\/3275"}],"wp:attachment":[{"href":"http:\/\/rsca.grassrootslobbing.pl\/pl_PL\/wp-json\/wp\/v2\/media?parent=3273"}],"curies":[{"name":"wp","href":"https:\/\/api.w.org\/{rel}","templated":true}]}}