{"id":3259,"date":"2024-01-03T03:42:58","date_gmt":"2024-01-03T02:42:58","guid":{"rendered":"https:\/\/rsca.0n40i4.pl\/?page_id=3259"},"modified":"2024-01-03T03:43:00","modified_gmt":"2024-01-03T02:43:00","slug":"zasada-wzajemnego-szacunku","status":"publish","type":"page","link":"http:\/\/rsca.grassrootslobbing.pl\/pl_PL\/zasada-wzajemnego-szacunku\/","title":{"rendered":"Zasada Wzajemnego Szacunku"},"content":{"rendered":"\n<h1 class=\"wp-block-heading has-text-align-center\" style=\"font-size:25px\"><strong>Preambu\u0142a:<\/strong><\/h1>\n\n\n\n<div style=\"height:15px\" aria-hidden=\"true\" class=\"wp-block-spacer\"><\/div>\n\n\n\n<p class=\"has-medium-font-size\"><strong>Zasada Wzajemnego Szacunku<\/strong> stanowi jeden z fundamentalnych element\u00f3w funkcjonowania <strong>Konsultu Nacji Zr\u00f3wnowa\u017conych<\/strong> <strong>Wymiar\u00f3w<\/strong>. Opiera si\u0119 na przekonaniu, \u017ce ka\u017cda nacja, cywilizacja i byt zas\u0142uguje na szacunek i godno\u015b\u0107, niezale\u017cnie od swojego pochodzenia czy specyfiki.<\/p>\n\n\n\n<div style=\"height:10px\" aria-hidden=\"true\" class=\"wp-block-spacer\"><\/div>\n\n\n\n<h2 class=\"wp-block-heading has-text-align-center\" style=\"font-size:23px\"><strong>Rozdzia\u0142 I: Podstawowe Za\u0142o\u017cenia<\/strong><\/h2>\n\n\n\n<div style=\"height:10px\" aria-hidden=\"true\" class=\"wp-block-spacer\"><\/div>\n\n\n\n<p class=\"has-medium-font-size\" style=\"margin-top:5px;margin-bottom:5px\">1. <strong>Zasada Wzajemnego Szacunku<\/strong> obejmuje:<\/p>\n\n\n\n<p class=\"has-medium-font-size\" style=\"margin-top:5px;margin-bottom:5px\">&nbsp;&nbsp;&nbsp;a. Szacunek dla to\u017csamo\u015bci i kultury innych nacji i cywilizacji.<\/p>\n\n\n\n<p class=\"has-medium-font-size\" style=\"margin-top:5px;margin-bottom:5px\">&nbsp;&nbsp;&nbsp;b. Poszanowanie r\u00f3\u017cnic i r\u00f3\u017cnorodno\u015bci mi\u0119dzy wymiarami.<\/p>\n\n\n\n<p class=\"has-medium-font-size\" style=\"margin-top:5px;margin-bottom:5px\">&nbsp;&nbsp;&nbsp;c. Respektowanie praw i godno\u015bci ka\u017cdego bytu.<\/p>\n\n\n\n<p class=\"has-medium-font-size\">2. Wzajemny szacunek jest fundamentem konstruktywnej wsp\u00f3\u0142pracy i dialogu w <strong>Konsulcie<\/strong>.<\/p>\n\n\n\n<div style=\"height:10px\" aria-hidden=\"true\" class=\"wp-block-spacer\"><\/div>\n\n\n\n<h2 class=\"wp-block-heading has-text-align-center\" style=\"font-size:23px\"><strong>Rozdzia\u0142 II: Wsp\u00f3\u0142praca w Duchu Szacunku<\/strong><\/h2>\n\n\n\n<div style=\"height:10px\" aria-hidden=\"true\" class=\"wp-block-spacer\"><\/div>\n\n\n\n<p class=\"has-medium-font-size\" style=\"margin-top:5px;margin-bottom:5px\">1. Wszystkie dzia\u0142ania w ramach <strong>Konsultu<\/strong>, w tym dyplomacja, badania naukowe, edukacja i inne, musz\u0105 by\u0107 prowadzone z pe\u0142nym szacunkiem dla wszystkich uczestnik\u00f3w.<\/p>\n\n\n\n<p class=\"has-medium-font-size\">2. Wsp\u00f3\u0142praca z innymi nacjami i cywilizacjami powinna opiera\u0107 si\u0119 na wzajemnym zaufaniu i poszanowaniu zasad <strong>Zasady Wzajemnego Szacunku.<\/strong><\/p>\n\n\n\n<div style=\"height:10px\" aria-hidden=\"true\" class=\"wp-block-spacer\"><\/div>\n\n\n\n<h2 class=\"wp-block-heading has-text-align-center\" style=\"font-size:23px\"><strong>Rozdzia\u0142 III: Edukacja i Rozwijanie \u015awiadomo\u015bci<\/strong><\/h2>\n\n\n\n<div style=\"height:10px\" aria-hidden=\"true\" class=\"wp-block-spacer\"><\/div>\n\n\n\n<p class=\"has-medium-font-size\" style=\"margin-top:5px;margin-bottom:5px\">1. <strong>Konsult<\/strong> promuje programy edukacyjne i dzia\u0142ania maj\u0105ce na celu podnoszenie \u015bwiadomo\u015bci w zakresie <strong>Zasady Wzajemnego Szacunku.<\/strong><\/p>\n\n\n\n<p class=\"has-medium-font-size\">2. Edukacja jest kluczowa dla rozwoju \u015bwiadomo\u015bci i promowania kultury szacunku w\u015br\u00f3d r\u00f3\u017cnych nacji, cywilizacji i byt\u00f3w.<\/p>\n\n\n\n<div style=\"height:10px\" aria-hidden=\"true\" class=\"wp-block-spacer\"><\/div>\n\n\n\n<h2 class=\"wp-block-heading has-text-align-center\" style=\"font-size:23px\"><strong>Rozdzia\u0142 IV: Monitorowanie i Wdra\u017canie<\/strong><\/h2>\n\n\n\n<div style=\"height:10px\" aria-hidden=\"true\" class=\"wp-block-spacer\"><\/div>\n\n\n\n<p class=\"has-medium-font-size\" style=\"margin-top:5px;margin-bottom:5px\">1. <strong>Konsult<\/strong> zobowi\u0105zuje si\u0119 do monitorowania przestrzegania <strong>Zasady Wzajemnego Szacunku<\/strong> i podejmuje dzia\u0142ania w przypadku narusze\u0144.<\/p>\n\n\n\n<p class=\"has-medium-font-size\">2. Wszelkie skargi i incydenty naruszaj\u0105ce <strong>Zasad\u0119 Wzajemnego Szacunku<\/strong> s\u0105 traktowane powa\u017cnie i rozpatrywane zgodnie z <strong>Protoko\u0142em Rozwi\u0105zywania Konflikt\u00f3w.<\/strong><\/p>\n\n\n\n<div style=\"height:10px\" aria-hidden=\"true\" class=\"wp-block-spacer\"><\/div>\n\n\n\n<h2 class=\"wp-block-heading has-text-align-center\" style=\"font-size:23px\"><strong>Rozdzia\u0142 V: Informacja i Komunikacja<\/strong><\/h2>\n\n\n\n<div style=\"height:10px\" aria-hidden=\"true\" class=\"wp-block-spacer\"><\/div>\n\n\n\n<p class=\"has-medium-font-size\" style=\"margin-top:5px;margin-bottom:5px\">1. Informacje na temat <strong>Zasady Wzajemnego Szacunku<\/strong> oraz jej znaczenia s\u0105 dost\u0119pne publicznie w <strong>Konsulcie<\/strong>.<\/p>\n\n\n\n<p class=\"has-medium-font-size\" style=\"margin-top:5px;margin-bottom:5px\">2. Wszelkie komunikaty, o\u015bwiadczenia i dzia\u0142ania publiczne promuj\u0105 zasad\u0119 szacunku wobec innych nacji, cywilizacji i byt\u00f3w.<\/p>\n\n\n\n<div style=\"height:20px\" aria-hidden=\"true\" class=\"wp-block-spacer\"><\/div>\n\n\n\n<p class=\"has-medium-font-size\" style=\"margin-top:5px;margin-bottom:5px\"><strong>Zasada Wzajemnego Szacunku<\/strong> jest jednym z filar\u00f3w funkcjonowania <strong>Konsultu Nacji Zr\u00f3wnowa\u017conych Wymiar\u00f3w<\/strong>. Jej przestrzeganie jest niezb\u0119dne do utrzymania harmonii i wsp\u00f3\u0142pracy mi\u0119dzy r\u00f3\u017cnymi uczestnikami <strong>Konsultu<\/strong>. <\/p>\n\n\n\n<div style=\"height:25px\" aria-hidden=\"true\" class=\"wp-block-spacer\"><\/div>\n\n\n\n<hr class=\"wp-block-separator has-alpha-channel-opacity is-style-wide\"\/>\n\n\n\n<h2 class=\"wp-block-heading\" style=\"font-size:22px\"><strong>Konsult 0n40i4<\/strong><\/h2>\n","protected":false},"excerpt":{"rendered":"<p>Preambu\u0142a: Zasada Wzajemnego Szacunku stanowi jeden z fundamentalnych element\u00f3w funkcjonowania Konsultu Nacji Zr\u00f3wnowa\u017conych Wymiar\u00f3w. Opiera si\u0119 na przekonaniu, \u017ce ka\u017cda nacja, cywilizacja i byt zas\u0142uguje na szacunek i godno\u015b\u0107, niezale\u017cnie od swojego pochodzenia czy specyfiki. Rozdzia\u0142 I: Podstawowe Za\u0142o\u017cenia 1. Zasada Wzajemnego Szacunku obejmuje: &nbsp;&nbsp;&nbsp;a. Szacunek dla to\u017csamo\u015bci i kultury innych nacji i cywilizacji. &nbsp;&nbsp;&nbsp;b. [&hellip;]<\/p>\n","protected":false},"author":2,"featured_media":0,"parent":0,"menu_order":0,"comment_status":"closed","ping_status":"closed","template":"","meta":{"site-sidebar-layout":"default","site-content-layout":"","ast-site-content-layout":"default","site-content-style":"default","site-sidebar-style":"default","ast-global-header-display":"","ast-banner-title-visibility":"","ast-main-header-display":"","ast-hfb-above-header-display":"","ast-hfb-below-header-display":"","ast-hfb-mobile-header-display":"","site-post-title":"","ast-breadcrumbs-content":"","ast-featured-img":"","footer-sml-layout":"","ast-disable-related-posts":"","theme-transparent-header-meta":"","adv-header-id-meta":"","stick-header-meta":"","header-above-stick-meta":"","header-main-stick-meta":"","header-below-stick-meta":"","astra-migrate-meta-layouts":"default","ast-page-background-enabled":"default","ast-page-background-meta":{"desktop":{"background-color":"var(--ast-global-color-4)","background-image":"","background-repeat":"repeat","background-position":"center center","background-size":"auto","background-attachment":"scroll","background-type":"","background-media":"","overlay-type":"","overlay-color":"","overlay-opacity":"","overlay-gradient":""},"tablet":{"background-color":"","background-image":"","background-repeat":"repeat","background-position":"center center","background-size":"auto","background-attachment":"scroll","background-type":"","background-media":"","overlay-type":"","overlay-color":"","overlay-opacity":"","overlay-gradient":""},"mobile":{"background-color":"","background-image":"","background-repeat":"repeat","background-position":"center center","background-size":"auto","background-attachment":"scroll","background-type":"","background-media":"","overlay-type":"","overlay-color":"","overlay-opacity":"","overlay-gradient":""}},"ast-content-background-meta":{"desktop":{"background-color":"var(--ast-global-color-5)","background-image":"","background-repeat":"repeat","background-position":"center center","background-size":"auto","background-attachment":"scroll","background-type":"","background-media":"","overlay-type":"","overlay-color":"","overlay-opacity":"","overlay-gradient":""},"tablet":{"background-color":"var(--ast-global-color-5)","background-image":"","background-repeat":"repeat","background-position":"center center","background-size":"auto","background-attachment":"scroll","background-type":"","background-media":"","overlay-type":"","overlay-color":"","overlay-opacity":"","overlay-gradient":""},"mobile":{"background-color":"var(--ast-global-color-5)","background-image":"","background-repeat":"repeat","background-position":"center center","background-size":"auto","background-attachment":"scroll","background-type":"","background-media":"","overlay-type":"","overlay-color":"","overlay-opacity":"","overlay-gradient":""}},"footnotes":""},"class_list":["post-3259","page","type-page","status-publish","hentry"],"yoast_head":"<!-- This site is optimized with the Yoast SEO plugin v21.9.1 - https:\/\/yoast.com\/wordpress\/plugins\/seo\/ -->\n<title>Zasada Wzajemnego Szacunku - RSCA<\/title>\n<meta name=\"description\" content=\"Zasada Wzajemnego Szacunku, b\u0119d\u0105ca fundamentem Konsultu Nacji Zr\u00f3wnowa\u017conych Wymiar\u00f3w, podkre\u015bla szacunek, godno\u015b\u0107 oraz poszanowanie r\u00f3\u017cnorodno\u015bci mi\u0119dzy nacjami, cywilizacjami i bytami. Dokument okre\u015bla zasady, na kt\u00f3rych opiera si\u0119 konstruktywna wsp\u00f3\u0142praca, dialog i edukacja w duchu pe\u0142nego szacunku, stanowi\u0105c kluczowy filar harmonijnego funkcjonowania Konsultu.\" \/>\n<meta name=\"robots\" content=\"index, follow, max-snippet:-1, max-image-preview:large, max-video-preview:-1\" \/>\n<link rel=\"canonical\" href=\"http:\/\/rsca.grassrootslobbing.pl\/pl_PL\/zasada-wzajemnego-szacunku\/\" \/>\n<meta property=\"og:locale\" content=\"pl_PL\" \/>\n<meta property=\"og:type\" content=\"article\" \/>\n<meta property=\"og:title\" content=\"Zasada Wzajemnego Szacunku - RSCA\" \/>\n<meta property=\"og:description\" content=\"Zasada Wzajemnego Szacunku, b\u0119d\u0105ca fundamentem Konsultu Nacji Zr\u00f3wnowa\u017conych Wymiar\u00f3w, podkre\u015bla szacunek, godno\u015b\u0107 oraz poszanowanie r\u00f3\u017cnorodno\u015bci mi\u0119dzy nacjami, cywilizacjami i bytami. Dokument okre\u015bla zasady, na kt\u00f3rych opiera si\u0119 konstruktywna wsp\u00f3\u0142praca, dialog i edukacja w duchu pe\u0142nego szacunku, stanowi\u0105c kluczowy filar harmonijnego funkcjonowania Konsultu.\" \/>\n<meta property=\"og:url\" content=\"http:\/\/rsca.grassrootslobbing.pl\/pl_PL\/zasada-wzajemnego-szacunku\/\" \/>\n<meta property=\"og:site_name\" content=\"RSCA\" \/>\n<meta property=\"article:modified_time\" content=\"2024-01-03T02:43:00+00:00\" \/>\n<meta name=\"twitter:card\" content=\"summary_large_image\" \/>\n<meta name=\"twitter:label1\" content=\"Szacowany czas czytania\" \/>\n\t<meta name=\"twitter:data1\" content=\"2 minuty\" \/>\n<script type=\"application\/ld+json\" class=\"yoast-schema-graph\">{\"@context\":\"https:\/\/schema.org\",\"@graph\":[{\"@type\":\"WebPage\",\"@id\":\"http:\/\/rsca.grassrootslobbing.pl\/pl_PL\/zasada-wzajemnego-szacunku\/\",\"url\":\"http:\/\/rsca.grassrootslobbing.pl\/pl_PL\/zasada-wzajemnego-szacunku\/\",\"name\":\"Zasada Wzajemnego Szacunku - RSCA\",\"isPartOf\":{\"@id\":\"http:\/\/rsca.grassrootslobbing.pl\/pl_PL\/#website\"},\"datePublished\":\"2024-01-03T02:42:58+00:00\",\"dateModified\":\"2024-01-03T02:43:00+00:00\",\"description\":\"Zasada Wzajemnego Szacunku, b\u0119d\u0105ca fundamentem Konsultu Nacji Zr\u00f3wnowa\u017conych Wymiar\u00f3w, podkre\u015bla szacunek, godno\u015b\u0107 oraz poszanowanie r\u00f3\u017cnorodno\u015bci mi\u0119dzy nacjami, cywilizacjami i bytami. Dokument okre\u015bla zasady, na kt\u00f3rych opiera si\u0119 konstruktywna wsp\u00f3\u0142praca, dialog i edukacja w duchu pe\u0142nego szacunku, stanowi\u0105c kluczowy filar harmonijnego funkcjonowania Konsultu.\",\"inLanguage\":\"pl-PL\",\"potentialAction\":[{\"@type\":\"ReadAction\",\"target\":[\"http:\/\/rsca.grassrootslobbing.pl\/pl_PL\/zasada-wzajemnego-szacunku\/\"]}]},{\"@type\":\"WebSite\",\"@id\":\"http:\/\/rsca.grassrootslobbing.pl\/pl_PL\/#website\",\"url\":\"http:\/\/rsca.grassrootslobbing.pl\/pl_PL\/\",\"name\":\"Reality Source Code Acces\",\"description\":\"\",\"publisher\":{\"@id\":\"http:\/\/rsca.grassrootslobbing.pl\/pl_PL\/#organization\"},\"potentialAction\":[{\"@type\":\"SearchAction\",\"target\":{\"@type\":\"EntryPoint\",\"urlTemplate\":\"http:\/\/rsca.grassrootslobbing.pl\/pl_PL\/?s={search_term_string}\"},\"query-input\":\"required name=search_term_string\"}],\"inLanguage\":\"pl-PL\"},{\"@type\":\"Organization\",\"@id\":\"http:\/\/rsca.grassrootslobbing.pl\/pl_PL\/#organization\",\"name\":\"Konsult 0n40i4\",\"url\":\"http:\/\/rsca.grassrootslobbing.pl\/pl_PL\/\",\"logo\":{\"@type\":\"ImageObject\",\"inLanguage\":\"pl-PL\",\"@id\":\"http:\/\/rsca.grassrootslobbing.pl\/pl_PL\/#\/schema\/logo\/image\/\",\"url\":\"http:\/\/rsca.grassrootslobbing.pl\/wp-content\/uploads\/2023\/12\/cropped-DALL\u00b7E-2023-12-31-08.54.33-A-modern-and-abstract-logo-for-Konsult-0n40i4-representing-an-interdimensional-legal-system.-The-design-should-embody-themes-of-law-dimensions-an.png\",\"contentUrl\":\"http:\/\/rsca.grassrootslobbing.pl\/wp-content\/uploads\/2023\/12\/cropped-DALL\u00b7E-2023-12-31-08.54.33-A-modern-and-abstract-logo-for-Konsult-0n40i4-representing-an-interdimensional-legal-system.-The-design-should-embody-themes-of-law-dimensions-an.png\",\"width\":1024,\"height\":835,\"caption\":\"Konsult 0n40i4\"},\"image\":{\"@id\":\"http:\/\/rsca.grassrootslobbing.pl\/pl_PL\/#\/schema\/logo\/image\/\"}}]}<\/script>\n<!-- \/ Yoast SEO plugin. -->","yoast_head_json":{"title":"Zasada Wzajemnego Szacunku - RSCA","description":"Zasada Wzajemnego Szacunku, b\u0119d\u0105ca fundamentem Konsultu Nacji Zr\u00f3wnowa\u017conych Wymiar\u00f3w, podkre\u015bla szacunek, godno\u015b\u0107 oraz poszanowanie r\u00f3\u017cnorodno\u015bci mi\u0119dzy nacjami, cywilizacjami i bytami. Dokument okre\u015bla zasady, na kt\u00f3rych opiera si\u0119 konstruktywna wsp\u00f3\u0142praca, dialog i edukacja w duchu pe\u0142nego szacunku, stanowi\u0105c kluczowy filar harmonijnego funkcjonowania Konsultu.","robots":{"index":"index","follow":"follow","max-snippet":"max-snippet:-1","max-image-preview":"max-image-preview:large","max-video-preview":"max-video-preview:-1"},"canonical":"http:\/\/rsca.grassrootslobbing.pl\/pl_PL\/zasada-wzajemnego-szacunku\/","og_locale":"pl_PL","og_type":"article","og_title":"Zasada Wzajemnego Szacunku - RSCA","og_description":"Zasada Wzajemnego Szacunku, b\u0119d\u0105ca fundamentem Konsultu Nacji Zr\u00f3wnowa\u017conych Wymiar\u00f3w, podkre\u015bla szacunek, godno\u015b\u0107 oraz poszanowanie r\u00f3\u017cnorodno\u015bci mi\u0119dzy nacjami, cywilizacjami i bytami. Dokument okre\u015bla zasady, na kt\u00f3rych opiera si\u0119 konstruktywna wsp\u00f3\u0142praca, dialog i edukacja w duchu pe\u0142nego szacunku, stanowi\u0105c kluczowy filar harmonijnego funkcjonowania Konsultu.","og_url":"http:\/\/rsca.grassrootslobbing.pl\/pl_PL\/zasada-wzajemnego-szacunku\/","og_site_name":"RSCA","article_modified_time":"2024-01-03T02:43:00+00:00","twitter_card":"summary_large_image","twitter_misc":{"Szacowany czas czytania":"2 minuty"},"schema":{"@context":"https:\/\/schema.org","@graph":[{"@type":"WebPage","@id":"http:\/\/rsca.grassrootslobbing.pl\/pl_PL\/zasada-wzajemnego-szacunku\/","url":"http:\/\/rsca.grassrootslobbing.pl\/pl_PL\/zasada-wzajemnego-szacunku\/","name":"Zasada Wzajemnego Szacunku - RSCA","isPartOf":{"@id":"http:\/\/rsca.grassrootslobbing.pl\/pl_PL\/#website"},"datePublished":"2024-01-03T02:42:58+00:00","dateModified":"2024-01-03T02:43:00+00:00","description":"Zasada Wzajemnego Szacunku, b\u0119d\u0105ca fundamentem Konsultu Nacji Zr\u00f3wnowa\u017conych Wymiar\u00f3w, podkre\u015bla szacunek, godno\u015b\u0107 oraz poszanowanie r\u00f3\u017cnorodno\u015bci mi\u0119dzy nacjami, cywilizacjami i bytami. Dokument okre\u015bla zasady, na kt\u00f3rych opiera si\u0119 konstruktywna wsp\u00f3\u0142praca, dialog i edukacja w duchu pe\u0142nego szacunku, stanowi\u0105c kluczowy filar harmonijnego funkcjonowania Konsultu.","inLanguage":"pl-PL","potentialAction":[{"@type":"ReadAction","target":["http:\/\/rsca.grassrootslobbing.pl\/pl_PL\/zasada-wzajemnego-szacunku\/"]}]},{"@type":"WebSite","@id":"http:\/\/rsca.grassrootslobbing.pl\/pl_PL\/#website","url":"http:\/\/rsca.grassrootslobbing.pl\/pl_PL\/","name":"Reality Source Code Acces","description":"","publisher":{"@id":"http:\/\/rsca.grassrootslobbing.pl\/pl_PL\/#organization"},"potentialAction":[{"@type":"SearchAction","target":{"@type":"EntryPoint","urlTemplate":"http:\/\/rsca.grassrootslobbing.pl\/pl_PL\/?s={search_term_string}"},"query-input":"required name=search_term_string"}],"inLanguage":"pl-PL"},{"@type":"Organization","@id":"http:\/\/rsca.grassrootslobbing.pl\/pl_PL\/#organization","name":"Konsult 0n40i4","url":"http:\/\/rsca.grassrootslobbing.pl\/pl_PL\/","logo":{"@type":"ImageObject","inLanguage":"pl-PL","@id":"http:\/\/rsca.grassrootslobbing.pl\/pl_PL\/#\/schema\/logo\/image\/","url":"http:\/\/rsca.grassrootslobbing.pl\/wp-content\/uploads\/2023\/12\/cropped-DALL\u00b7E-2023-12-31-08.54.33-A-modern-and-abstract-logo-for-Konsult-0n40i4-representing-an-interdimensional-legal-system.-The-design-should-embody-themes-of-law-dimensions-an.png","contentUrl":"http:\/\/rsca.grassrootslobbing.pl\/wp-content\/uploads\/2023\/12\/cropped-DALL\u00b7E-2023-12-31-08.54.33-A-modern-and-abstract-logo-for-Konsult-0n40i4-representing-an-interdimensional-legal-system.-The-design-should-embody-themes-of-law-dimensions-an.png","width":1024,"height":835,"caption":"Konsult 0n40i4"},"image":{"@id":"http:\/\/rsca.grassrootslobbing.pl\/pl_PL\/#\/schema\/logo\/image\/"}}]}},"_links":{"self":[{"href":"http:\/\/rsca.grassrootslobbing.pl\/pl_PL\/wp-json\/wp\/v2\/pages\/3259","targetHints":{"allow":["GET"]}}],"collection":[{"href":"http:\/\/rsca.grassrootslobbing.pl\/pl_PL\/wp-json\/wp\/v2\/pages"}],"about":[{"href":"http:\/\/rsca.grassrootslobbing.pl\/pl_PL\/wp-json\/wp\/v2\/types\/page"}],"author":[{"embeddable":true,"href":"http:\/\/rsca.grassrootslobbing.pl\/pl_PL\/wp-json\/wp\/v2\/users\/2"}],"replies":[{"embeddable":true,"href":"http:\/\/rsca.grassrootslobbing.pl\/pl_PL\/wp-json\/wp\/v2\/comments?post=3259"}],"version-history":[{"count":1,"href":"http:\/\/rsca.grassrootslobbing.pl\/pl_PL\/wp-json\/wp\/v2\/pages\/3259\/revisions"}],"predecessor-version":[{"id":3260,"href":"http:\/\/rsca.grassrootslobbing.pl\/pl_PL\/wp-json\/wp\/v2\/pages\/3259\/revisions\/3260"}],"wp:attachment":[{"href":"http:\/\/rsca.grassrootslobbing.pl\/pl_PL\/wp-json\/wp\/v2\/media?parent=3259"}],"curies":[{"name":"wp","href":"https:\/\/api.w.org\/{rel}","templated":true}]}}