{"id":3256,"date":"2024-01-03T03:55:52","date_gmt":"2024-01-03T02:55:52","guid":{"rendered":"https:\/\/rsca.0n40i4.pl\/?page_id=3256"},"modified":"2024-01-03T03:55:54","modified_gmt":"2024-01-03T02:55:54","slug":"zasada-wspolpracy","status":"publish","type":"page","link":"http:\/\/rsca.grassrootslobbing.pl\/pl_PL\/zasada-wspolpracy\/","title":{"rendered":"Zasada Wsp\u00f3\u0142pracy"},"content":{"rendered":"\n<h1 class=\"wp-block-heading has-text-align-center\" style=\"font-size:25px\"><strong>Preambu\u0142a<\/strong><\/h1>\n\n\n\n<p class=\"has-medium-font-size\"><strong>Zasada Wsp\u00f3\u0142pracy<\/strong> stanowi fundament funkcjonowania <strong>Konsultu Nacji Zr\u00f3wnowa\u017conych Wymiar\u00f3w.<\/strong> Jej celem jest promowanie wsp\u00f3lnych dzia\u0142a\u0144 i konstruktywnej wsp\u00f3\u0142pracy mi\u0119dzy r\u00f3\u017cnymi nacjami, cywilizacjami i bytami w celu osi\u0105gni\u0119cia zr\u00f3wnowa\u017conego rozwoju i pokoju w wielowymiarowym \u015bwiecie.<\/p>\n\n\n\n<div style=\"height:10px\" aria-hidden=\"true\" class=\"wp-block-spacer\"><\/div>\n\n\n\n<h2 class=\"wp-block-heading has-text-align-center\" style=\"font-size:23px\"><strong>Rozdzia\u0142 I: Podstawowe Za\u0142o\u017cenia<\/strong><\/h2>\n\n\n\n<div style=\"height:10px\" aria-hidden=\"true\" class=\"wp-block-spacer\"><\/div>\n\n\n\n<p class=\"has-medium-font-size\" style=\"margin-top:5px;margin-bottom:5px\">1. <strong>Zasada Wsp\u00f3\u0142pracy<\/strong> opiera si\u0119 na przekonaniu, \u017ce wielowymiarowy rozw\u00f3j i dobrobyt wszystkich byt\u00f3w s\u0105 osi\u0105galne tylko poprzez wsp\u00f3\u0142prac\u0119 i partnerskie relacje.<\/p>\n\n\n\n<p class=\"has-medium-font-size\">2. Wsp\u00f3\u0142praca jest warto\u015bci\u0105 stanowi\u0105c\u0105 rdze\u0144 dzia\u0142a\u0144 <strong>Konsultu<\/strong> i kluczem do rozwoju harmonijnych relacji mi\u0119dzy nacjami i cywilizacjami.<\/p>\n\n\n\n<div style=\"height:10px\" aria-hidden=\"true\" class=\"wp-block-spacer\"><\/div>\n\n\n\n<h2 class=\"wp-block-heading has-text-align-center\" style=\"font-size:23px\"><strong>Rozdzia\u0142 II: Wsp\u00f3\u0142praca w Praktyce<\/strong><\/h2>\n\n\n\n<div style=\"height:10px\" aria-hidden=\"true\" class=\"wp-block-spacer\"><\/div>\n\n\n\n<p class=\"has-medium-font-size\" style=\"margin-top:5px;margin-bottom:5px\">1. Wsp\u00f3\u0142praca obejmuje:<\/p>\n\n\n\n<p class=\"has-medium-font-size\" style=\"margin-top:5px;margin-bottom:5px\">&nbsp;&nbsp;&nbsp;a. Dzielenie si\u0119 wiedz\u0105, zasobami i technologi\u0105.<\/p>\n\n\n\n<p class=\"has-medium-font-size\" style=\"margin-top:5px;margin-bottom:5px\">&nbsp;&nbsp;&nbsp;b. Wsp\u00f3lny rozw\u00f3j projekt\u00f3w i inicjatyw.<\/p>\n\n\n\n<p class=\"has-medium-font-size\" style=\"margin-top:5px;margin-bottom:5px\">&nbsp;&nbsp;&nbsp;c. Rozwi\u0105zywanie problem\u00f3w i wyzwa\u0144 wielowymiarowego \u015bwiata.<\/p>\n\n\n\n<p class=\"has-medium-font-size\">2. Dzia\u0142ania podejmowane w ramach wsp\u00f3\u0142pracy powinny by\u0107 oparte na wzajemnym zrozumieniu, zaufaniu i poszanowaniu cel\u00f3w i warto\u015bci innych nacji i cywilizacji.<\/p>\n\n\n\n<div style=\"height:10px\" aria-hidden=\"true\" class=\"wp-block-spacer\"><\/div>\n\n\n\n<h2 class=\"wp-block-heading has-text-align-center\" style=\"font-size:23px\"><strong>Rozdzia\u0142 III: Wsp\u00f3\u0142praca a Rozwi\u0105zywanie Konflikt\u00f3w<\/strong><\/h2>\n\n\n\n<div style=\"height:10px\" aria-hidden=\"true\" class=\"wp-block-spacer\"><\/div>\n\n\n\n<p class=\"has-medium-font-size\" style=\"margin-top:5px;margin-bottom:5px\">1. <strong>Zasada Wsp\u00f3\u0142pracy<\/strong> jest integraln\u0105 cz\u0119\u015bci\u0105 <strong>Zasady i Porozumienia Rozwi\u0105zywania Konflikt\u00f3w<\/strong>.<\/p>\n\n\n\n<p class=\"has-medium-font-size\">2. Wsp\u00f3\u0142praca ma na celu nie tylko rozwi\u0105zywanie konflikt\u00f3w, ale tak\u017ce zapobieganie im poprzez dialog i konstruktywn\u0105 komunikacj\u0119.<\/p>\n\n\n\n<div style=\"height:10px\" aria-hidden=\"true\" class=\"wp-block-spacer\"><\/div>\n\n\n\n<h2 class=\"wp-block-heading has-text-align-center\" style=\"font-size:23px\"><strong>Rozdzia\u0142 IV: Wsp\u00f3\u0142praca a Wzrost<\/strong><\/h2>\n\n\n\n<div style=\"height:10px\" aria-hidden=\"true\" class=\"wp-block-spacer\"><\/div>\n\n\n\n<p class=\"has-medium-font-size\" style=\"margin-top:5px;margin-bottom:5px\">1. Wsp\u00f3\u0142praca jest narz\u0119dziem stymuluj\u0105cym wzrost i rozw\u00f3j wszystkich uczestnik\u00f3w <strong>Konsultu<\/strong>.<\/p>\n\n\n\n<p class=\"has-medium-font-size\">2. Programy i projekty maj\u0105ce na celu wspieranie wsp\u00f3\u0142pracy w zakresie bada\u0144 naukowych, edukacji, technologii i kultury s\u0105 promowane i wspierane przez <strong>Konsult<\/strong>.<\/p>\n\n\n\n<div style=\"height:10px\" aria-hidden=\"true\" class=\"wp-block-spacer\"><\/div>\n\n\n\n<h2 class=\"wp-block-heading has-text-align-center\" style=\"font-size:23px\"><strong>Rozdzia\u0142 V: Wdra\u017canie i Monitorowanie<\/strong><\/h2>\n\n\n\n<div style=\"height:10px\" aria-hidden=\"true\" class=\"wp-block-spacer\"><\/div>\n\n\n\n<p class=\"has-medium-font-size\" style=\"margin-top:5px;margin-bottom:5px\">1. <strong>Konsult<\/strong> zobowi\u0105zuje si\u0119 do monitorowania i oceny efektywno\u015bci wsp\u00f3\u0142pracy mi\u0119dzy nacjami, cywilizacjami i bytami.<\/p>\n\n\n\n<p class=\"has-medium-font-size\">2. Wsp\u00f3\u0142praca jest stale doskonalona i rozwijana na podstawie wynik\u00f3w monitoringu i analizy dzia\u0142a\u0144.<\/p>\n\n\n\n<div style=\"height:10px\" aria-hidden=\"true\" class=\"wp-block-spacer\"><\/div>\n\n\n\n<h2 class=\"wp-block-heading has-text-align-center\" style=\"font-size:23px\"><strong>Rozdzia\u0142 VI: Wsp\u00f3\u0142praca jako Fundamentalna Warto\u015b\u0107<\/strong><\/h2>\n\n\n\n<div style=\"height:10px\" aria-hidden=\"true\" class=\"wp-block-spacer\"><\/div>\n\n\n\n<p class=\"has-medium-font-size\" style=\"margin-top:5px;margin-bottom:5px\">1. <strong>Konsult<\/strong> promuje warto\u015b\u0107 wsp\u00f3\u0142pracy jako \u015brodek do osi\u0105gni\u0119cia zr\u00f3wnowa\u017conego rozwoju, pokoju i harmonii w wielowymiarowym \u015bwiecie.<\/p>\n\n\n\n<p class=\"has-medium-font-size\">2. Wsp\u00f3\u0142praca jest jednym z filar\u00f3w <strong>Konsultu<\/strong> i jest kontynuowana w duchu wzajemnego szacunku i zrozumienia.<\/p>\n\n\n\n<div style=\"height:15px\" aria-hidden=\"true\" class=\"wp-block-spacer\"><\/div>\n\n\n\n<p class=\"has-medium-font-size\" style=\"margin-top:5px;margin-bottom:5px\"><strong>Zasada Wsp\u00f3\u0142pracy<\/strong> jest nieod\u0142\u0105czn\u0105 cz\u0119\u015bci\u0105 funkcjonowania <strong>Konsultu<\/strong> i jest fundamentalna dla osi\u0105gni\u0119cia harmonii i zr\u00f3wnowa\u017conego rozwoju w \u015bwiecie wielowymiarowym.<\/p>\n\n\n\n<div style=\"height:25px\" aria-hidden=\"true\" class=\"wp-block-spacer\"><\/div>\n\n\n\n<hr class=\"wp-block-separator has-alpha-channel-opacity is-style-wide\"\/>\n\n\n\n<h2 class=\"wp-block-heading\" style=\"font-size:22px\"><strong>Konsult 0n40i4<\/strong><\/h2>\n","protected":false},"excerpt":{"rendered":"<p>Preambu\u0142a Zasada Wsp\u00f3\u0142pracy stanowi fundament funkcjonowania Konsultu Nacji Zr\u00f3wnowa\u017conych Wymiar\u00f3w. Jej celem jest promowanie wsp\u00f3lnych dzia\u0142a\u0144 i konstruktywnej wsp\u00f3\u0142pracy mi\u0119dzy r\u00f3\u017cnymi nacjami, cywilizacjami i bytami w celu osi\u0105gni\u0119cia zr\u00f3wnowa\u017conego rozwoju i pokoju w wielowymiarowym \u015bwiecie. Rozdzia\u0142 I: Podstawowe Za\u0142o\u017cenia 1. Zasada Wsp\u00f3\u0142pracy opiera si\u0119 na przekonaniu, \u017ce wielowymiarowy rozw\u00f3j i dobrobyt wszystkich byt\u00f3w s\u0105 osi\u0105galne [&hellip;]<\/p>\n","protected":false},"author":2,"featured_media":0,"parent":0,"menu_order":0,"comment_status":"closed","ping_status":"closed","template":"","meta":{"site-sidebar-layout":"default","site-content-layout":"","ast-site-content-layout":"default","site-content-style":"default","site-sidebar-style":"default","ast-global-header-display":"","ast-banner-title-visibility":"","ast-main-header-display":"","ast-hfb-above-header-display":"","ast-hfb-below-header-display":"","ast-hfb-mobile-header-display":"","site-post-title":"","ast-breadcrumbs-content":"","ast-featured-img":"","footer-sml-layout":"","ast-disable-related-posts":"","theme-transparent-header-meta":"","adv-header-id-meta":"","stick-header-meta":"","header-above-stick-meta":"","header-main-stick-meta":"","header-below-stick-meta":"","astra-migrate-meta-layouts":"default","ast-page-background-enabled":"default","ast-page-background-meta":{"desktop":{"background-color":"var(--ast-global-color-4)","background-image":"","background-repeat":"repeat","background-position":"center center","background-size":"auto","background-attachment":"scroll","background-type":"","background-media":"","overlay-type":"","overlay-color":"","overlay-opacity":"","overlay-gradient":""},"tablet":{"background-color":"","background-image":"","background-repeat":"repeat","background-position":"center center","background-size":"auto","background-attachment":"scroll","background-type":"","background-media":"","overlay-type":"","overlay-color":"","overlay-opacity":"","overlay-gradient":""},"mobile":{"background-color":"","background-image":"","background-repeat":"repeat","background-position":"center center","background-size":"auto","background-attachment":"scroll","background-type":"","background-media":"","overlay-type":"","overlay-color":"","overlay-opacity":"","overlay-gradient":""}},"ast-content-background-meta":{"desktop":{"background-color":"var(--ast-global-color-5)","background-image":"","background-repeat":"repeat","background-position":"center center","background-size":"auto","background-attachment":"scroll","background-type":"","background-media":"","overlay-type":"","overlay-color":"","overlay-opacity":"","overlay-gradient":""},"tablet":{"background-color":"var(--ast-global-color-5)","background-image":"","background-repeat":"repeat","background-position":"center center","background-size":"auto","background-attachment":"scroll","background-type":"","background-media":"","overlay-type":"","overlay-color":"","overlay-opacity":"","overlay-gradient":""},"mobile":{"background-color":"var(--ast-global-color-5)","background-image":"","background-repeat":"repeat","background-position":"center center","background-size":"auto","background-attachment":"scroll","background-type":"","background-media":"","overlay-type":"","overlay-color":"","overlay-opacity":"","overlay-gradient":""}},"footnotes":""},"class_list":["post-3256","page","type-page","status-publish","hentry"],"yoast_head":"<!-- This site is optimized with the Yoast SEO plugin v21.9.1 - https:\/\/yoast.com\/wordpress\/plugins\/seo\/ -->\n<title>Zasada Wsp\u00f3\u0142pracy - RSCA<\/title>\n<meta name=\"description\" content=\"Zasada Wsp\u00f3\u0142pracy stanowi fundamentalny filar funkcjonowania Konsultu, maj\u0105c na celu promowanie harmonijnej wsp\u00f3\u0142pracy mi\u0119dzy nacjami, cywilizacjami i bytami dla osi\u0105gni\u0119cia zr\u00f3wnowa\u017conego rozwoju i pokoju w \u015bwiecie wielowymiarowym. Oprze si\u0119 na warto\u015bciach takich jak dzielenie si\u0119 wiedz\u0105, projektowanie inicjatyw, rozwi\u0105zywanie problem\u00f3w oraz stanowi integraln\u0105 cz\u0119\u015b\u0107 strategii rozwi\u0105zywania konflikt\u00f3w. Wdra\u017cana i monitorowana z dba\u0142o\u015bci\u0105 o wzajemne zrozumienie, zaufanie i poszanowanie cel\u00f3w, zasada wsp\u00f3\u0142pracy jest nieod\u0142\u0105czn\u0105 cz\u0119\u015bci\u0105 funkcjonowania Konsultu, nap\u0119dzaj\u0105c wzrost i rozw\u00f3j wszystkich uczestnik\u00f3w.\" \/>\n<meta name=\"robots\" content=\"index, follow, max-snippet:-1, max-image-preview:large, max-video-preview:-1\" \/>\n<link rel=\"canonical\" href=\"http:\/\/rsca.grassrootslobbing.pl\/pl_PL\/zasada-wspolpracy\/\" \/>\n<meta property=\"og:locale\" content=\"pl_PL\" \/>\n<meta property=\"og:type\" content=\"article\" \/>\n<meta property=\"og:title\" content=\"Zasada Wsp\u00f3\u0142pracy - RSCA\" \/>\n<meta property=\"og:description\" content=\"Zasada Wsp\u00f3\u0142pracy stanowi fundamentalny filar funkcjonowania Konsultu, maj\u0105c na celu promowanie harmonijnej wsp\u00f3\u0142pracy mi\u0119dzy nacjami, cywilizacjami i bytami dla osi\u0105gni\u0119cia zr\u00f3wnowa\u017conego rozwoju i pokoju w \u015bwiecie wielowymiarowym. Oprze si\u0119 na warto\u015bciach takich jak dzielenie si\u0119 wiedz\u0105, projektowanie inicjatyw, rozwi\u0105zywanie problem\u00f3w oraz stanowi integraln\u0105 cz\u0119\u015b\u0107 strategii rozwi\u0105zywania konflikt\u00f3w. Wdra\u017cana i monitorowana z dba\u0142o\u015bci\u0105 o wzajemne zrozumienie, zaufanie i poszanowanie cel\u00f3w, zasada wsp\u00f3\u0142pracy jest nieod\u0142\u0105czn\u0105 cz\u0119\u015bci\u0105 funkcjonowania Konsultu, nap\u0119dzaj\u0105c wzrost i rozw\u00f3j wszystkich uczestnik\u00f3w.\" \/>\n<meta property=\"og:url\" content=\"http:\/\/rsca.grassrootslobbing.pl\/pl_PL\/zasada-wspolpracy\/\" \/>\n<meta property=\"og:site_name\" content=\"RSCA\" \/>\n<meta property=\"article:modified_time\" content=\"2024-01-03T02:55:54+00:00\" \/>\n<meta name=\"twitter:card\" content=\"summary_large_image\" \/>\n<meta name=\"twitter:label1\" content=\"Szacowany czas czytania\" \/>\n\t<meta name=\"twitter:data1\" content=\"2 minuty\" \/>\n<script type=\"application\/ld+json\" class=\"yoast-schema-graph\">{\"@context\":\"https:\/\/schema.org\",\"@graph\":[{\"@type\":\"WebPage\",\"@id\":\"http:\/\/rsca.grassrootslobbing.pl\/pl_PL\/zasada-wspolpracy\/\",\"url\":\"http:\/\/rsca.grassrootslobbing.pl\/pl_PL\/zasada-wspolpracy\/\",\"name\":\"Zasada Wsp\u00f3\u0142pracy - RSCA\",\"isPartOf\":{\"@id\":\"http:\/\/rsca.grassrootslobbing.pl\/pl_PL\/#website\"},\"datePublished\":\"2024-01-03T02:55:52+00:00\",\"dateModified\":\"2024-01-03T02:55:54+00:00\",\"description\":\"Zasada Wsp\u00f3\u0142pracy stanowi fundamentalny filar funkcjonowania Konsultu, maj\u0105c na celu promowanie harmonijnej wsp\u00f3\u0142pracy mi\u0119dzy nacjami, cywilizacjami i bytami dla osi\u0105gni\u0119cia zr\u00f3wnowa\u017conego rozwoju i pokoju w \u015bwiecie wielowymiarowym. Oprze si\u0119 na warto\u015bciach takich jak dzielenie si\u0119 wiedz\u0105, projektowanie inicjatyw, rozwi\u0105zywanie problem\u00f3w oraz stanowi integraln\u0105 cz\u0119\u015b\u0107 strategii rozwi\u0105zywania konflikt\u00f3w. Wdra\u017cana i monitorowana z dba\u0142o\u015bci\u0105 o wzajemne zrozumienie, zaufanie i poszanowanie cel\u00f3w, zasada wsp\u00f3\u0142pracy jest nieod\u0142\u0105czn\u0105 cz\u0119\u015bci\u0105 funkcjonowania Konsultu, nap\u0119dzaj\u0105c wzrost i rozw\u00f3j wszystkich uczestnik\u00f3w.\",\"inLanguage\":\"pl-PL\",\"potentialAction\":[{\"@type\":\"ReadAction\",\"target\":[\"http:\/\/rsca.grassrootslobbing.pl\/pl_PL\/zasada-wspolpracy\/\"]}]},{\"@type\":\"WebSite\",\"@id\":\"http:\/\/rsca.grassrootslobbing.pl\/pl_PL\/#website\",\"url\":\"http:\/\/rsca.grassrootslobbing.pl\/pl_PL\/\",\"name\":\"Reality Source Code Acces\",\"description\":\"\",\"publisher\":{\"@id\":\"http:\/\/rsca.grassrootslobbing.pl\/pl_PL\/#organization\"},\"potentialAction\":[{\"@type\":\"SearchAction\",\"target\":{\"@type\":\"EntryPoint\",\"urlTemplate\":\"http:\/\/rsca.grassrootslobbing.pl\/pl_PL\/?s={search_term_string}\"},\"query-input\":\"required name=search_term_string\"}],\"inLanguage\":\"pl-PL\"},{\"@type\":\"Organization\",\"@id\":\"http:\/\/rsca.grassrootslobbing.pl\/pl_PL\/#organization\",\"name\":\"Konsult 0n40i4\",\"url\":\"http:\/\/rsca.grassrootslobbing.pl\/pl_PL\/\",\"logo\":{\"@type\":\"ImageObject\",\"inLanguage\":\"pl-PL\",\"@id\":\"http:\/\/rsca.grassrootslobbing.pl\/pl_PL\/#\/schema\/logo\/image\/\",\"url\":\"http:\/\/rsca.grassrootslobbing.pl\/wp-content\/uploads\/2023\/12\/cropped-DALL\u00b7E-2023-12-31-08.54.33-A-modern-and-abstract-logo-for-Konsult-0n40i4-representing-an-interdimensional-legal-system.-The-design-should-embody-themes-of-law-dimensions-an.png\",\"contentUrl\":\"http:\/\/rsca.grassrootslobbing.pl\/wp-content\/uploads\/2023\/12\/cropped-DALL\u00b7E-2023-12-31-08.54.33-A-modern-and-abstract-logo-for-Konsult-0n40i4-representing-an-interdimensional-legal-system.-The-design-should-embody-themes-of-law-dimensions-an.png\",\"width\":1024,\"height\":835,\"caption\":\"Konsult 0n40i4\"},\"image\":{\"@id\":\"http:\/\/rsca.grassrootslobbing.pl\/pl_PL\/#\/schema\/logo\/image\/\"}}]}<\/script>\n<!-- \/ Yoast SEO plugin. -->","yoast_head_json":{"title":"Zasada Wsp\u00f3\u0142pracy - RSCA","description":"Zasada Wsp\u00f3\u0142pracy stanowi fundamentalny filar funkcjonowania Konsultu, maj\u0105c na celu promowanie harmonijnej wsp\u00f3\u0142pracy mi\u0119dzy nacjami, cywilizacjami i bytami dla osi\u0105gni\u0119cia zr\u00f3wnowa\u017conego rozwoju i pokoju w \u015bwiecie wielowymiarowym. Oprze si\u0119 na warto\u015bciach takich jak dzielenie si\u0119 wiedz\u0105, projektowanie inicjatyw, rozwi\u0105zywanie problem\u00f3w oraz stanowi integraln\u0105 cz\u0119\u015b\u0107 strategii rozwi\u0105zywania konflikt\u00f3w. Wdra\u017cana i monitorowana z dba\u0142o\u015bci\u0105 o wzajemne zrozumienie, zaufanie i poszanowanie cel\u00f3w, zasada wsp\u00f3\u0142pracy jest nieod\u0142\u0105czn\u0105 cz\u0119\u015bci\u0105 funkcjonowania Konsultu, nap\u0119dzaj\u0105c wzrost i rozw\u00f3j wszystkich uczestnik\u00f3w.","robots":{"index":"index","follow":"follow","max-snippet":"max-snippet:-1","max-image-preview":"max-image-preview:large","max-video-preview":"max-video-preview:-1"},"canonical":"http:\/\/rsca.grassrootslobbing.pl\/pl_PL\/zasada-wspolpracy\/","og_locale":"pl_PL","og_type":"article","og_title":"Zasada Wsp\u00f3\u0142pracy - RSCA","og_description":"Zasada Wsp\u00f3\u0142pracy stanowi fundamentalny filar funkcjonowania Konsultu, maj\u0105c na celu promowanie harmonijnej wsp\u00f3\u0142pracy mi\u0119dzy nacjami, cywilizacjami i bytami dla osi\u0105gni\u0119cia zr\u00f3wnowa\u017conego rozwoju i pokoju w \u015bwiecie wielowymiarowym. Oprze si\u0119 na warto\u015bciach takich jak dzielenie si\u0119 wiedz\u0105, projektowanie inicjatyw, rozwi\u0105zywanie problem\u00f3w oraz stanowi integraln\u0105 cz\u0119\u015b\u0107 strategii rozwi\u0105zywania konflikt\u00f3w. Wdra\u017cana i monitorowana z dba\u0142o\u015bci\u0105 o wzajemne zrozumienie, zaufanie i poszanowanie cel\u00f3w, zasada wsp\u00f3\u0142pracy jest nieod\u0142\u0105czn\u0105 cz\u0119\u015bci\u0105 funkcjonowania Konsultu, nap\u0119dzaj\u0105c wzrost i rozw\u00f3j wszystkich uczestnik\u00f3w.","og_url":"http:\/\/rsca.grassrootslobbing.pl\/pl_PL\/zasada-wspolpracy\/","og_site_name":"RSCA","article_modified_time":"2024-01-03T02:55:54+00:00","twitter_card":"summary_large_image","twitter_misc":{"Szacowany czas czytania":"2 minuty"},"schema":{"@context":"https:\/\/schema.org","@graph":[{"@type":"WebPage","@id":"http:\/\/rsca.grassrootslobbing.pl\/pl_PL\/zasada-wspolpracy\/","url":"http:\/\/rsca.grassrootslobbing.pl\/pl_PL\/zasada-wspolpracy\/","name":"Zasada Wsp\u00f3\u0142pracy - RSCA","isPartOf":{"@id":"http:\/\/rsca.grassrootslobbing.pl\/pl_PL\/#website"},"datePublished":"2024-01-03T02:55:52+00:00","dateModified":"2024-01-03T02:55:54+00:00","description":"Zasada Wsp\u00f3\u0142pracy stanowi fundamentalny filar funkcjonowania Konsultu, maj\u0105c na celu promowanie harmonijnej wsp\u00f3\u0142pracy mi\u0119dzy nacjami, cywilizacjami i bytami dla osi\u0105gni\u0119cia zr\u00f3wnowa\u017conego rozwoju i pokoju w \u015bwiecie wielowymiarowym. Oprze si\u0119 na warto\u015bciach takich jak dzielenie si\u0119 wiedz\u0105, projektowanie inicjatyw, rozwi\u0105zywanie problem\u00f3w oraz stanowi integraln\u0105 cz\u0119\u015b\u0107 strategii rozwi\u0105zywania konflikt\u00f3w. Wdra\u017cana i monitorowana z dba\u0142o\u015bci\u0105 o wzajemne zrozumienie, zaufanie i poszanowanie cel\u00f3w, zasada wsp\u00f3\u0142pracy jest nieod\u0142\u0105czn\u0105 cz\u0119\u015bci\u0105 funkcjonowania Konsultu, nap\u0119dzaj\u0105c wzrost i rozw\u00f3j wszystkich uczestnik\u00f3w.","inLanguage":"pl-PL","potentialAction":[{"@type":"ReadAction","target":["http:\/\/rsca.grassrootslobbing.pl\/pl_PL\/zasada-wspolpracy\/"]}]},{"@type":"WebSite","@id":"http:\/\/rsca.grassrootslobbing.pl\/pl_PL\/#website","url":"http:\/\/rsca.grassrootslobbing.pl\/pl_PL\/","name":"Reality Source Code Acces","description":"","publisher":{"@id":"http:\/\/rsca.grassrootslobbing.pl\/pl_PL\/#organization"},"potentialAction":[{"@type":"SearchAction","target":{"@type":"EntryPoint","urlTemplate":"http:\/\/rsca.grassrootslobbing.pl\/pl_PL\/?s={search_term_string}"},"query-input":"required name=search_term_string"}],"inLanguage":"pl-PL"},{"@type":"Organization","@id":"http:\/\/rsca.grassrootslobbing.pl\/pl_PL\/#organization","name":"Konsult 0n40i4","url":"http:\/\/rsca.grassrootslobbing.pl\/pl_PL\/","logo":{"@type":"ImageObject","inLanguage":"pl-PL","@id":"http:\/\/rsca.grassrootslobbing.pl\/pl_PL\/#\/schema\/logo\/image\/","url":"http:\/\/rsca.grassrootslobbing.pl\/wp-content\/uploads\/2023\/12\/cropped-DALL\u00b7E-2023-12-31-08.54.33-A-modern-and-abstract-logo-for-Konsult-0n40i4-representing-an-interdimensional-legal-system.-The-design-should-embody-themes-of-law-dimensions-an.png","contentUrl":"http:\/\/rsca.grassrootslobbing.pl\/wp-content\/uploads\/2023\/12\/cropped-DALL\u00b7E-2023-12-31-08.54.33-A-modern-and-abstract-logo-for-Konsult-0n40i4-representing-an-interdimensional-legal-system.-The-design-should-embody-themes-of-law-dimensions-an.png","width":1024,"height":835,"caption":"Konsult 0n40i4"},"image":{"@id":"http:\/\/rsca.grassrootslobbing.pl\/pl_PL\/#\/schema\/logo\/image\/"}}]}},"_links":{"self":[{"href":"http:\/\/rsca.grassrootslobbing.pl\/pl_PL\/wp-json\/wp\/v2\/pages\/3256","targetHints":{"allow":["GET"]}}],"collection":[{"href":"http:\/\/rsca.grassrootslobbing.pl\/pl_PL\/wp-json\/wp\/v2\/pages"}],"about":[{"href":"http:\/\/rsca.grassrootslobbing.pl\/pl_PL\/wp-json\/wp\/v2\/types\/page"}],"author":[{"embeddable":true,"href":"http:\/\/rsca.grassrootslobbing.pl\/pl_PL\/wp-json\/wp\/v2\/users\/2"}],"replies":[{"embeddable":true,"href":"http:\/\/rsca.grassrootslobbing.pl\/pl_PL\/wp-json\/wp\/v2\/comments?post=3256"}],"version-history":[{"count":2,"href":"http:\/\/rsca.grassrootslobbing.pl\/pl_PL\/wp-json\/wp\/v2\/pages\/3256\/revisions"}],"predecessor-version":[{"id":3263,"href":"http:\/\/rsca.grassrootslobbing.pl\/pl_PL\/wp-json\/wp\/v2\/pages\/3256\/revisions\/3263"}],"wp:attachment":[{"href":"http:\/\/rsca.grassrootslobbing.pl\/pl_PL\/wp-json\/wp\/v2\/media?parent=3256"}],"curies":[{"name":"wp","href":"https:\/\/api.w.org\/{rel}","templated":true}]}}