{"id":3250,"date":"0001-01-01T02:49:00","date_gmt":"0001-01-01T01:25:00","guid":{"rendered":"https:\/\/rsca.0n40i4.pl\/?page_id=3250"},"modified":"2024-01-03T16:44:51","modified_gmt":"2024-01-03T15:44:51","slug":"nacje-kosmiczne","status":"publish","type":"page","link":"http:\/\/rsca.grassrootslobbing.pl\/pl_PL\/nacje-kosmiczne\/","title":{"rendered":"Nacje Kosmiczne"},"content":{"rendered":"\n<h1 class=\"wp-block-heading has-text-align-center\" style=\"font-size:23px\"><strong>Preambu\u0142a<\/strong><\/h1>\n\n\n\n<p class=\"has-medium-font-size\"><strong>Nacje Kosmiczne<\/strong> stanowi\u0105 wyj\u0105tkowy aspekt <strong>Konsultu Nacji Zr\u00f3wnowa\u017conych Wymiar\u00f3w<\/strong>, reprezentuj\u0105c r\u00f3\u017cne cywilizacje i istoty pochodz\u0105ce z kosmicznych wymiar\u00f3w. Ich obecno\u015b\u0107 w <strong>Konsulcie<\/strong> ma na celu promowanie dialogu mi\u0119dzywymiarowego, wymiany kulturowej oraz wsp\u00f3\u0142pracy w dziedzinach naukowych i technologicznych.<\/p>\n\n\n\n<div style=\"height:10px\" aria-hidden=\"true\" class=\"wp-block-spacer\"><\/div>\n\n\n\n<h2 class=\"wp-block-heading has-text-align-center\" style=\"font-size:23px\"><strong>Rozdzia\u0142 I: Konkretne Nacje Kosmiczne i Ich Przedstawiciele<\/strong><\/h2>\n\n\n\n<div style=\"height:10px\" aria-hidden=\"true\" class=\"wp-block-spacer\"><\/div>\n\n\n\n<p class=\"has-medium-font-size\" style=\"margin-top:5px;margin-bottom:5px\">1. <strong>Konsult<\/strong> uznaje kilka konkretnych nacji kosmicznych, z kt\u00f3rymi nawi\u0105zano formalne relacje dyplomatyczne. Nale\u017c\u0105 do nich:<\/p>\n\n\n\n<p class=\"has-medium-font-size\" style=\"margin-top:5px;margin-bottom:5px\">&nbsp;&nbsp;&nbsp;a. \u2026\u2026\u2026\u2026\u2026\u2026\u2026\u2026\u2026\u2026\u2026\u2026 (Przedstawiciel: Ambassador \u2026\u2026\u2026\u2026.)<\/p>\n\n\n\n<p class=\"has-medium-font-size\" style=\"margin-top:5px;margin-bottom:5px\">&nbsp;&nbsp;&nbsp;b. \u2026\u2026\u2026\u2026\u2026\u2026\u2026\u2026\u2026\u2026\u2026\u2026\u2026..(Przedstawiciel: High Diplomat\u2026\u2026\u2026\u2026\u2026\u2026\u2026\u2026\u2026..)<\/p>\n\n\n\n<p class=\"has-medium-font-size\" style=\"margin-top:5px;margin-bottom:5px\">&nbsp;&nbsp;&nbsp;c. \u2026\u2026\u2026\u2026\u2026\u2026\u2026\u2026\u2026\u2026\u2026\u2026. (Przedstawiciel: Chief Emissary \u2026\u2026\u2026\u2026\u2026\u2026\u2026.)<\/p>\n\n\n\n<p class=\"has-medium-font-size\">2. Ka\u017cda z tych nacji ma swojego oficjalnego przedstawiciela w <strong>Konsulcie<\/strong>, kt\u00f3ry jest odpowiedzialny za reprezentowanie interes\u00f3w swojej nacji i wsp\u00f3\u0142prac\u0119 z innymi nacjami.<\/p>\n\n\n\n<div style=\"height:10px\" aria-hidden=\"true\" class=\"wp-block-spacer\"><\/div>\n\n\n\n<h2 class=\"wp-block-heading has-text-align-center\" style=\"font-size:23px\"><strong>Rozdzia\u0142 II: Cele Wsp\u00f3\u0142pracy z Nacjami Kosmicznymi<\/strong><\/h2>\n\n\n\n<div style=\"height:10px\" aria-hidden=\"true\" class=\"wp-block-spacer\"><\/div>\n\n\n\n<p class=\"has-medium-font-size\" style=\"margin-top:5px;margin-bottom:5px\">1. Cele wsp\u00f3\u0142pracy z <strong>Nacjami Kosmicznymi<\/strong> obejmuj\u0105:<\/p>\n\n\n\n<p class=\"has-medium-font-size\" style=\"margin-top:5px;margin-bottom:5px\">&nbsp;&nbsp;&nbsp;a. Wymian\u0119 kulturow\u0105 i naukow\u0105.<\/p>\n\n\n\n<p class=\"has-medium-font-size\" style=\"margin-top:5px;margin-bottom:5px\">&nbsp;&nbsp;&nbsp;b. Rozw\u00f3j technologii mi\u0119dzywymiarowych.<\/p>\n\n\n\n<p class=\"has-medium-font-size\" style=\"margin-top:5px;margin-bottom:5px\">&nbsp;&nbsp;&nbsp;c. Wsp\u00f3lne projekty badawcze i eksploracyjne.<\/p>\n\n\n\n<p class=\"has-medium-font-size\" style=\"margin-top:5px;margin-bottom:5px\">&nbsp;&nbsp;&nbsp;d. Rozwi\u0105zywanie problem\u00f3w i wyzwa\u0144 kosmicznych wymiar\u00f3w.<\/p>\n\n\n\n<p class=\"has-medium-font-size\">2. Wsp\u00f3\u0142praca z <strong>Nacjami Kosmicznymi<\/strong> ma na celu rozszerzenie horyzont\u00f3w i zrozumienie r\u00f3\u017cnorodno\u015bci \u017cycia w kosmicznych wymiarach.<\/p>\n\n\n\n<div style=\"height:10px\" aria-hidden=\"true\" class=\"wp-block-spacer\"><\/div>\n\n\n\n<h2 class=\"wp-block-heading has-text-align-center\" style=\"font-size:23px\"><strong>Rozdzia\u0142 III: Protok\u00f3\u0142 Dyplomatyczny dla Nacji Kosmicznych<\/strong><\/h2>\n\n\n\n<div style=\"height:10px\" aria-hidden=\"true\" class=\"wp-block-spacer\"><\/div>\n\n\n\n<p class=\"has-medium-font-size\" style=\"margin-top:5px;margin-bottom:5px\">1. Komunikacja i wsp\u00f3\u0142praca z <strong>Nacjami Kosmicznymi<\/strong> odbywaj\u0105 si\u0119 zgodnie z <strong>Protoko\u0142em Dyplomatycznym Konsultu<\/strong>.<\/p>\n\n\n\n<p class=\"has-medium-font-size\">2. Protok\u00f3\u0142 ten zawiera zasady i procedury dotycz\u0105ce dyplomacji, bezpiecze\u0144stwa i komunikacji mi\u0119dzy <strong>Nacjami Kosmicznymi<\/strong> a innymi nacjami i cywilizacjami w <strong>Konsulcie.<\/strong><\/p>\n\n\n\n<div style=\"height:10px\" aria-hidden=\"true\" class=\"wp-block-spacer\"><\/div>\n\n\n\n<h2 class=\"wp-block-heading has-text-align-center\" style=\"font-size:23px\"><strong>Rozdzia\u0142 IV: Wzory Dokument\u00f3w<\/strong><\/h2>\n\n\n\n<div style=\"height:10px\" aria-hidden=\"true\" class=\"wp-block-spacer\"><\/div>\n\n\n\n<p class=\"has-medium-font-size\" style=\"margin-top:5px;margin-bottom:5px\">1. <strong>Nacje Kosmiczne <\/strong>maj\u0105 dost\u0119p do wzor\u00f3w dokument\u00f3w, kt\u00f3re mog\u0105 by\u0107 wykorzystywane w trakcie wsp\u00f3\u0142pracy i komunikacji w Konsulcie. Te dokumenty obejmuj\u0105 umowy, o\u015bwiadczenia, protoko\u0142y i wiele innych.<\/p>\n\n\n\n<p class=\"has-medium-font-size\" style=\"margin-top:5px;margin-bottom:5px\">2. Wykorzystywanie wzor\u00f3w dokument\u00f3w pomaga w utrzymaniu klarowno\u015bci i efektywno\u015bci w procesie wsp\u00f3\u0142pracy i komunikacji mi\u0119dzy nacjami kosmicznymi a innymi podmiotami w <strong>Konsulcie<\/strong>.<\/p>\n\n\n\n<div style=\"height:15px\" aria-hidden=\"true\" class=\"wp-block-spacer\"><\/div>\n\n\n\n<p class=\"has-medium-font-size\" style=\"margin-top:5px;margin-bottom:5px\"><strong>Nacje Kosmiczne<\/strong> stanowi\u0105 istotny element <strong>Konsultu Nacji Zr\u00f3wnowa\u017conych Wymiar\u00f3w<\/strong> i przyczyniaj\u0105 si\u0119 do zrozumienia kosmicznych wymiar\u00f3w oraz poszukiwania rozwi\u0105za\u0144, kt\u00f3re sprzyjaj\u0105 zr\u00f3wnowa\u017conemu rozwojowi i wsp\u00f3\u0142pracy mi\u0119dzy r\u00f3\u017cnymi cywilizacjami.<\/p>\n\n\n\n<div style=\"height:25px\" aria-hidden=\"true\" class=\"wp-block-spacer\"><\/div>\n\n\n\n<hr class=\"wp-block-separator has-alpha-channel-opacity is-style-wide\"\/>\n\n\n\n<h2 class=\"wp-block-heading\" style=\"font-size:22px\"><strong>Konsult 0n40i4<\/strong><\/h2>\n","protected":false},"excerpt":{"rendered":"<p>Preambu\u0142a Nacje Kosmiczne stanowi\u0105 wyj\u0105tkowy aspekt Konsultu Nacji Zr\u00f3wnowa\u017conych Wymiar\u00f3w, reprezentuj\u0105c r\u00f3\u017cne cywilizacje i istoty pochodz\u0105ce z kosmicznych wymiar\u00f3w. Ich obecno\u015b\u0107 w Konsulcie ma na celu promowanie dialogu mi\u0119dzywymiarowego, wymiany kulturowej oraz wsp\u00f3\u0142pracy w dziedzinach naukowych i technologicznych. Rozdzia\u0142 I: Konkretne Nacje Kosmiczne i Ich Przedstawiciele 1. Konsult uznaje kilka konkretnych nacji kosmicznych, z kt\u00f3rymi [&hellip;]<\/p>\n","protected":false},"author":2,"featured_media":0,"parent":0,"menu_order":0,"comment_status":"closed","ping_status":"closed","template":"","meta":{"site-sidebar-layout":"default","site-content-layout":"","ast-site-content-layout":"default","site-content-style":"default","site-sidebar-style":"default","ast-global-header-display":"","ast-banner-title-visibility":"","ast-main-header-display":"","ast-hfb-above-header-display":"","ast-hfb-below-header-display":"","ast-hfb-mobile-header-display":"","site-post-title":"","ast-breadcrumbs-content":"","ast-featured-img":"","footer-sml-layout":"","ast-disable-related-posts":"","theme-transparent-header-meta":"","adv-header-id-meta":"","stick-header-meta":"","header-above-stick-meta":"","header-main-stick-meta":"","header-below-stick-meta":"","astra-migrate-meta-layouts":"default","ast-page-background-enabled":"default","ast-page-background-meta":{"desktop":{"background-color":"var(--ast-global-color-4)","background-image":"","background-repeat":"repeat","background-position":"center center","background-size":"auto","background-attachment":"scroll","background-type":"","background-media":"","overlay-type":"","overlay-color":"","overlay-opacity":"","overlay-gradient":""},"tablet":{"background-color":"","background-image":"","background-repeat":"repeat","background-position":"center center","background-size":"auto","background-attachment":"scroll","background-type":"","background-media":"","overlay-type":"","overlay-color":"","overlay-opacity":"","overlay-gradient":""},"mobile":{"background-color":"","background-image":"","background-repeat":"repeat","background-position":"center center","background-size":"auto","background-attachment":"scroll","background-type":"","background-media":"","overlay-type":"","overlay-color":"","overlay-opacity":"","overlay-gradient":""}},"ast-content-background-meta":{"desktop":{"background-color":"var(--ast-global-color-5)","background-image":"","background-repeat":"repeat","background-position":"center center","background-size":"auto","background-attachment":"scroll","background-type":"","background-media":"","overlay-type":"","overlay-color":"","overlay-opacity":"","overlay-gradient":""},"tablet":{"background-color":"var(--ast-global-color-5)","background-image":"","background-repeat":"repeat","background-position":"center center","background-size":"auto","background-attachment":"scroll","background-type":"","background-media":"","overlay-type":"","overlay-color":"","overlay-opacity":"","overlay-gradient":""},"mobile":{"background-color":"var(--ast-global-color-5)","background-image":"","background-repeat":"repeat","background-position":"center center","background-size":"auto","background-attachment":"scroll","background-type":"","background-media":"","overlay-type":"","overlay-color":"","overlay-opacity":"","overlay-gradient":""}},"footnotes":""},"class_list":["post-3250","page","type-page","status-publish","hentry"],"yoast_head":"<!-- This site is optimized with the Yoast SEO plugin v21.9.1 - https:\/\/yoast.com\/wordpress\/plugins\/seo\/ -->\n<title>Nacje Kosmiczne - RSCA<\/title>\n<meta name=\"description\" content=\"Dokument &quot;Nacje Kosmiczne&quot; w ramach Konsultu Nacji Zr\u00f3wnowa\u017conych Wymiar\u00f3w uznaje i formalizuje relacje dyplomatyczne z wybranymi nacjami kosmicznymi. Zawiera cele wsp\u00f3\u0142pracy, protok\u00f3\u0142 dyplomatyczny, a tak\u017ce dostarcza wzor\u00f3w dokument\u00f3w w celu efektywnej komunikacji mi\u0119dzywymiarowej. Nacje kosmiczne, reprezentowane przez swoich przedstawicieli, wsp\u00f3\u0142pracuj\u0105 w wymianie kulturowej, rozwoju technologii mi\u0119dzywymiarowych i rozwi\u0105zywaniu wyzwa\u0144 kosmicznych, d\u0105\u017c\u0105c do zr\u00f3wnowa\u017conego rozwoju i wsp\u00f3\u0142pracy na wielu p\u0142aszczyznach.\" \/>\n<meta name=\"robots\" content=\"index, follow, max-snippet:-1, max-image-preview:large, max-video-preview:-1\" \/>\n<link rel=\"canonical\" href=\"http:\/\/rsca.grassrootslobbing.pl\/pl_PL\/nacje-kosmiczne\/\" \/>\n<meta property=\"og:locale\" content=\"pl_PL\" \/>\n<meta property=\"og:type\" content=\"article\" \/>\n<meta property=\"og:title\" content=\"Nacje Kosmiczne - RSCA\" \/>\n<meta property=\"og:description\" content=\"Dokument &quot;Nacje Kosmiczne&quot; w ramach Konsultu Nacji Zr\u00f3wnowa\u017conych Wymiar\u00f3w uznaje i formalizuje relacje dyplomatyczne z wybranymi nacjami kosmicznymi. Zawiera cele wsp\u00f3\u0142pracy, protok\u00f3\u0142 dyplomatyczny, a tak\u017ce dostarcza wzor\u00f3w dokument\u00f3w w celu efektywnej komunikacji mi\u0119dzywymiarowej. Nacje kosmiczne, reprezentowane przez swoich przedstawicieli, wsp\u00f3\u0142pracuj\u0105 w wymianie kulturowej, rozwoju technologii mi\u0119dzywymiarowych i rozwi\u0105zywaniu wyzwa\u0144 kosmicznych, d\u0105\u017c\u0105c do zr\u00f3wnowa\u017conego rozwoju i wsp\u00f3\u0142pracy na wielu p\u0142aszczyznach.\" \/>\n<meta property=\"og:url\" content=\"http:\/\/rsca.grassrootslobbing.pl\/pl_PL\/nacje-kosmiczne\/\" \/>\n<meta property=\"og:site_name\" content=\"RSCA\" \/>\n<meta property=\"article:modified_time\" content=\"2024-01-03T15:44:51+00:00\" \/>\n<meta name=\"twitter:card\" content=\"summary_large_image\" \/>\n<meta name=\"twitter:label1\" content=\"Szacowany czas czytania\" \/>\n\t<meta name=\"twitter:data1\" content=\"2 minuty\" \/>\n<script type=\"application\/ld+json\" class=\"yoast-schema-graph\">{\"@context\":\"https:\/\/schema.org\",\"@graph\":[{\"@type\":\"WebPage\",\"@id\":\"http:\/\/rsca.grassrootslobbing.pl\/pl_PL\/nacje-kosmiczne\/\",\"url\":\"http:\/\/rsca.grassrootslobbing.pl\/pl_PL\/nacje-kosmiczne\/\",\"name\":\"Nacje Kosmiczne - RSCA\",\"isPartOf\":{\"@id\":\"http:\/\/rsca.grassrootslobbing.pl\/pl_PL\/#website\"},\"datePublished\":\"0001-01-01T01:25:00+00:00\",\"dateModified\":\"2024-01-03T15:44:51+00:00\",\"description\":\"Dokument \\\"Nacje Kosmiczne\\\" w ramach Konsultu Nacji Zr\u00f3wnowa\u017conych Wymiar\u00f3w uznaje i formalizuje relacje dyplomatyczne z wybranymi nacjami kosmicznymi. Zawiera cele wsp\u00f3\u0142pracy, protok\u00f3\u0142 dyplomatyczny, a tak\u017ce dostarcza wzor\u00f3w dokument\u00f3w w celu efektywnej komunikacji mi\u0119dzywymiarowej. Nacje kosmiczne, reprezentowane przez swoich przedstawicieli, wsp\u00f3\u0142pracuj\u0105 w wymianie kulturowej, rozwoju technologii mi\u0119dzywymiarowych i rozwi\u0105zywaniu wyzwa\u0144 kosmicznych, d\u0105\u017c\u0105c do zr\u00f3wnowa\u017conego rozwoju i wsp\u00f3\u0142pracy na wielu p\u0142aszczyznach.\",\"inLanguage\":\"pl-PL\",\"potentialAction\":[{\"@type\":\"ReadAction\",\"target\":[\"http:\/\/rsca.grassrootslobbing.pl\/pl_PL\/nacje-kosmiczne\/\"]}]},{\"@type\":\"WebSite\",\"@id\":\"http:\/\/rsca.grassrootslobbing.pl\/pl_PL\/#website\",\"url\":\"http:\/\/rsca.grassrootslobbing.pl\/pl_PL\/\",\"name\":\"Reality Source Code Acces\",\"description\":\"\",\"publisher\":{\"@id\":\"http:\/\/rsca.grassrootslobbing.pl\/pl_PL\/#organization\"},\"potentialAction\":[{\"@type\":\"SearchAction\",\"target\":{\"@type\":\"EntryPoint\",\"urlTemplate\":\"http:\/\/rsca.grassrootslobbing.pl\/pl_PL\/?s={search_term_string}\"},\"query-input\":\"required name=search_term_string\"}],\"inLanguage\":\"pl-PL\"},{\"@type\":\"Organization\",\"@id\":\"http:\/\/rsca.grassrootslobbing.pl\/pl_PL\/#organization\",\"name\":\"Konsult 0n40i4\",\"url\":\"http:\/\/rsca.grassrootslobbing.pl\/pl_PL\/\",\"logo\":{\"@type\":\"ImageObject\",\"inLanguage\":\"pl-PL\",\"@id\":\"http:\/\/rsca.grassrootslobbing.pl\/pl_PL\/#\/schema\/logo\/image\/\",\"url\":\"http:\/\/rsca.grassrootslobbing.pl\/wp-content\/uploads\/2023\/12\/cropped-DALL\u00b7E-2023-12-31-08.54.33-A-modern-and-abstract-logo-for-Konsult-0n40i4-representing-an-interdimensional-legal-system.-The-design-should-embody-themes-of-law-dimensions-an.png\",\"contentUrl\":\"http:\/\/rsca.grassrootslobbing.pl\/wp-content\/uploads\/2023\/12\/cropped-DALL\u00b7E-2023-12-31-08.54.33-A-modern-and-abstract-logo-for-Konsult-0n40i4-representing-an-interdimensional-legal-system.-The-design-should-embody-themes-of-law-dimensions-an.png\",\"width\":1024,\"height\":835,\"caption\":\"Konsult 0n40i4\"},\"image\":{\"@id\":\"http:\/\/rsca.grassrootslobbing.pl\/pl_PL\/#\/schema\/logo\/image\/\"}}]}<\/script>\n<!-- \/ Yoast SEO plugin. -->","yoast_head_json":{"title":"Nacje Kosmiczne - RSCA","description":"Dokument \"Nacje Kosmiczne\" w ramach Konsultu Nacji Zr\u00f3wnowa\u017conych Wymiar\u00f3w uznaje i formalizuje relacje dyplomatyczne z wybranymi nacjami kosmicznymi. Zawiera cele wsp\u00f3\u0142pracy, protok\u00f3\u0142 dyplomatyczny, a tak\u017ce dostarcza wzor\u00f3w dokument\u00f3w w celu efektywnej komunikacji mi\u0119dzywymiarowej. Nacje kosmiczne, reprezentowane przez swoich przedstawicieli, wsp\u00f3\u0142pracuj\u0105 w wymianie kulturowej, rozwoju technologii mi\u0119dzywymiarowych i rozwi\u0105zywaniu wyzwa\u0144 kosmicznych, d\u0105\u017c\u0105c do zr\u00f3wnowa\u017conego rozwoju i wsp\u00f3\u0142pracy na wielu p\u0142aszczyznach.","robots":{"index":"index","follow":"follow","max-snippet":"max-snippet:-1","max-image-preview":"max-image-preview:large","max-video-preview":"max-video-preview:-1"},"canonical":"http:\/\/rsca.grassrootslobbing.pl\/pl_PL\/nacje-kosmiczne\/","og_locale":"pl_PL","og_type":"article","og_title":"Nacje Kosmiczne - RSCA","og_description":"Dokument \"Nacje Kosmiczne\" w ramach Konsultu Nacji Zr\u00f3wnowa\u017conych Wymiar\u00f3w uznaje i formalizuje relacje dyplomatyczne z wybranymi nacjami kosmicznymi. Zawiera cele wsp\u00f3\u0142pracy, protok\u00f3\u0142 dyplomatyczny, a tak\u017ce dostarcza wzor\u00f3w dokument\u00f3w w celu efektywnej komunikacji mi\u0119dzywymiarowej. Nacje kosmiczne, reprezentowane przez swoich przedstawicieli, wsp\u00f3\u0142pracuj\u0105 w wymianie kulturowej, rozwoju technologii mi\u0119dzywymiarowych i rozwi\u0105zywaniu wyzwa\u0144 kosmicznych, d\u0105\u017c\u0105c do zr\u00f3wnowa\u017conego rozwoju i wsp\u00f3\u0142pracy na wielu p\u0142aszczyznach.","og_url":"http:\/\/rsca.grassrootslobbing.pl\/pl_PL\/nacje-kosmiczne\/","og_site_name":"RSCA","article_modified_time":"2024-01-03T15:44:51+00:00","twitter_card":"summary_large_image","twitter_misc":{"Szacowany czas czytania":"2 minuty"},"schema":{"@context":"https:\/\/schema.org","@graph":[{"@type":"WebPage","@id":"http:\/\/rsca.grassrootslobbing.pl\/pl_PL\/nacje-kosmiczne\/","url":"http:\/\/rsca.grassrootslobbing.pl\/pl_PL\/nacje-kosmiczne\/","name":"Nacje Kosmiczne - RSCA","isPartOf":{"@id":"http:\/\/rsca.grassrootslobbing.pl\/pl_PL\/#website"},"datePublished":"0001-01-01T01:25:00+00:00","dateModified":"2024-01-03T15:44:51+00:00","description":"Dokument \"Nacje Kosmiczne\" w ramach Konsultu Nacji Zr\u00f3wnowa\u017conych Wymiar\u00f3w uznaje i formalizuje relacje dyplomatyczne z wybranymi nacjami kosmicznymi. Zawiera cele wsp\u00f3\u0142pracy, protok\u00f3\u0142 dyplomatyczny, a tak\u017ce dostarcza wzor\u00f3w dokument\u00f3w w celu efektywnej komunikacji mi\u0119dzywymiarowej. Nacje kosmiczne, reprezentowane przez swoich przedstawicieli, wsp\u00f3\u0142pracuj\u0105 w wymianie kulturowej, rozwoju technologii mi\u0119dzywymiarowych i rozwi\u0105zywaniu wyzwa\u0144 kosmicznych, d\u0105\u017c\u0105c do zr\u00f3wnowa\u017conego rozwoju i wsp\u00f3\u0142pracy na wielu p\u0142aszczyznach.","inLanguage":"pl-PL","potentialAction":[{"@type":"ReadAction","target":["http:\/\/rsca.grassrootslobbing.pl\/pl_PL\/nacje-kosmiczne\/"]}]},{"@type":"WebSite","@id":"http:\/\/rsca.grassrootslobbing.pl\/pl_PL\/#website","url":"http:\/\/rsca.grassrootslobbing.pl\/pl_PL\/","name":"Reality Source Code Acces","description":"","publisher":{"@id":"http:\/\/rsca.grassrootslobbing.pl\/pl_PL\/#organization"},"potentialAction":[{"@type":"SearchAction","target":{"@type":"EntryPoint","urlTemplate":"http:\/\/rsca.grassrootslobbing.pl\/pl_PL\/?s={search_term_string}"},"query-input":"required name=search_term_string"}],"inLanguage":"pl-PL"},{"@type":"Organization","@id":"http:\/\/rsca.grassrootslobbing.pl\/pl_PL\/#organization","name":"Konsult 0n40i4","url":"http:\/\/rsca.grassrootslobbing.pl\/pl_PL\/","logo":{"@type":"ImageObject","inLanguage":"pl-PL","@id":"http:\/\/rsca.grassrootslobbing.pl\/pl_PL\/#\/schema\/logo\/image\/","url":"http:\/\/rsca.grassrootslobbing.pl\/wp-content\/uploads\/2023\/12\/cropped-DALL\u00b7E-2023-12-31-08.54.33-A-modern-and-abstract-logo-for-Konsult-0n40i4-representing-an-interdimensional-legal-system.-The-design-should-embody-themes-of-law-dimensions-an.png","contentUrl":"http:\/\/rsca.grassrootslobbing.pl\/wp-content\/uploads\/2023\/12\/cropped-DALL\u00b7E-2023-12-31-08.54.33-A-modern-and-abstract-logo-for-Konsult-0n40i4-representing-an-interdimensional-legal-system.-The-design-should-embody-themes-of-law-dimensions-an.png","width":1024,"height":835,"caption":"Konsult 0n40i4"},"image":{"@id":"http:\/\/rsca.grassrootslobbing.pl\/pl_PL\/#\/schema\/logo\/image\/"}}]}},"_links":{"self":[{"href":"http:\/\/rsca.grassrootslobbing.pl\/pl_PL\/wp-json\/wp\/v2\/pages\/3250","targetHints":{"allow":["GET"]}}],"collection":[{"href":"http:\/\/rsca.grassrootslobbing.pl\/pl_PL\/wp-json\/wp\/v2\/pages"}],"about":[{"href":"http:\/\/rsca.grassrootslobbing.pl\/pl_PL\/wp-json\/wp\/v2\/types\/page"}],"author":[{"embeddable":true,"href":"http:\/\/rsca.grassrootslobbing.pl\/pl_PL\/wp-json\/wp\/v2\/users\/2"}],"replies":[{"embeddable":true,"href":"http:\/\/rsca.grassrootslobbing.pl\/pl_PL\/wp-json\/wp\/v2\/comments?post=3250"}],"version-history":[{"count":3,"href":"http:\/\/rsca.grassrootslobbing.pl\/pl_PL\/wp-json\/wp\/v2\/pages\/3250\/revisions"}],"predecessor-version":[{"id":3541,"href":"http:\/\/rsca.grassrootslobbing.pl\/pl_PL\/wp-json\/wp\/v2\/pages\/3250\/revisions\/3541"}],"wp:attachment":[{"href":"http:\/\/rsca.grassrootslobbing.pl\/pl_PL\/wp-json\/wp\/v2\/media?parent=3250"}],"curies":[{"name":"wp","href":"https:\/\/api.w.org\/{rel}","templated":true}]}}