{"id":3246,"date":"0001-01-01T02:34:00","date_gmt":"0001-01-01T01:10:00","guid":{"rendered":"https:\/\/rsca.0n40i4.pl\/?page_id=3246"},"modified":"2024-01-03T16:40:42","modified_gmt":"2024-01-03T15:40:42","slug":"nacja-ludzka","status":"publish","type":"page","link":"http:\/\/rsca.grassrootslobbing.pl\/pl_PL\/nacja-ludzka\/","title":{"rendered":"Nacja Ludzka"},"content":{"rendered":"\n<h1 class=\"wp-block-heading has-text-align-center\" style=\"font-size:23px\"><strong>Preambu\u0142a:<\/strong><\/h1>\n\n\n\n<div style=\"height:10px\" aria-hidden=\"true\" class=\"wp-block-spacer\"><\/div>\n\n\n\n<p class=\"has-medium-font-size\"><strong>Nacja Ludzka<\/strong>, b\u0119d\u0105ca jednym z podmiot\u00f3w w <strong>Konsulcie Nacji Zr\u00f3wnowa\u017conych Wymiar\u00f3w<\/strong>, reprezentuje ludzko\u015b\u0107 jako ca\u0142o\u015b\u0107 oraz dzia\u0142a na rzecz jej zr\u00f3wnowa\u017conego rozwoju i wsp\u00f3\u0142pracy mi\u0119dzywymiarowej.<\/p>\n\n\n\n<div style=\"height:10px\" aria-hidden=\"true\" class=\"wp-block-spacer\"><\/div>\n\n\n\n<h2 class=\"wp-block-heading has-text-align-center\" style=\"font-size:23px\"><strong>Rozdzia\u0142 I: Cele i Misja Nacji Ludzkiej<\/strong><\/h2>\n\n\n\n<div style=\"height:10px\" aria-hidden=\"true\" class=\"wp-block-spacer\"><\/div>\n\n\n\n<p class=\"has-medium-font-size\" style=\"margin-top:5px;margin-bottom:5px\">1. <strong>Nacja Ludzka<\/strong> ma na celu reprezentowanie interes\u00f3w ludzko\u015bci oraz d\u0105\u017cenie do harmonijnego wsp\u00f3\u0142istnienia ze wszystkimi innymi nacjami i cywilizacjami w <strong>Konsulcie<\/strong>.<\/p>\n\n\n\n<p class=\"has-medium-font-size\" style=\"margin-top:5px;margin-bottom:5px\">2. G\u0142\u00f3wne cele <strong>Nacji Ludzkiej<\/strong> obejmuj\u0105:<\/p>\n\n\n\n<p class=\"has-medium-font-size\" style=\"margin-top:5px;margin-bottom:5px\">&nbsp;&nbsp;&nbsp;a. Promowanie warto\u015bci zr\u00f3wnowa\u017conego rozwoju, ochrony \u015brodowiska i pokoju.<\/p>\n\n\n\n<p class=\"has-medium-font-size\" style=\"margin-top:5px;margin-bottom:5px\">&nbsp;&nbsp;&nbsp;b. Rozwi\u0105zywanie konflikt\u00f3w i promowanie dialogu mi\u0119dzykulturowego.<\/p>\n\n\n\n<p class=\"has-medium-font-size\">&nbsp;&nbsp;&nbsp;c. Wspieranie inicjatyw naukowych, technologicznych i edukacyjnych na rzecz rozwoju ludzko\u015bci.<\/p>\n\n\n\n<div style=\"height:10px\" aria-hidden=\"true\" class=\"wp-block-spacer\"><\/div>\n\n\n\n<h2 class=\"wp-block-heading has-text-align-center\" style=\"font-size:23px\"><strong>Rozdzia\u0142 II: Struktura i Przedstawiciele Nacji Ludzkiej<\/strong><\/h2>\n\n\n\n<div style=\"height:10px\" aria-hidden=\"true\" class=\"wp-block-spacer\"><\/div>\n\n\n\n<p class=\"has-medium-font-size\" style=\"margin-top:5px;margin-bottom:5px\">1. Struktura <strong>Nacji Ludzkiej<\/strong> obejmuje delegacj\u0119 kierowan\u0105 przez swojego reprezentanta, kt\u00f3ry jest g\u0142\u00f3wnym przedstawicielem nacji w <strong>Konsulcie<\/strong>.<\/p>\n\n\n\n<p class=\"has-medium-font-size\">2. Reprezentant <strong>Nacji Ludzkiej<\/strong> ma obowi\u0105zek uczestniczenia w posiedzeniach <strong>Konsultu<\/strong>, reprezentowania interes\u00f3w ludzko\u015bci oraz informowania swojej nacji o post\u0119pach i decyzjach podejmowanych w <strong>Konsulcie<\/strong>.<\/p>\n\n\n\n<div style=\"height:10px\" aria-hidden=\"true\" class=\"wp-block-spacer\"><\/div>\n\n\n\n<h2 class=\"wp-block-heading has-text-align-center\" style=\"font-size:23px\"><strong>Rozdzia\u0142 III: Wsp\u00f3\u0142praca i Komunikacja<\/strong><\/h2>\n\n\n\n<div style=\"height:10px\" aria-hidden=\"true\" class=\"wp-block-spacer\"><\/div>\n\n\n\n<p class=\"has-medium-font-size\" style=\"margin-top:5px;margin-bottom:5px\">1. <strong>Nacja Ludzka<\/strong> zobowi\u0105zuje si\u0119 do wsp\u00f3\u0142pracy z innymi nacjami i cywilizacjami w duchu wzajemnego szacunku i solidarno\u015bci.<\/p>\n\n\n\n<p class=\"has-medium-font-size\" style=\"margin-top:5px;margin-bottom:5px\">2. Komunikacja mi\u0119dzy nacjami i cywilizacjami odbywa si\u0119 zgodnie z <strong>Protoko\u0142em Dyplomatycznym Konsultu<\/strong> oraz z zachowaniem zasad bezpiecze\u0144stwa i poufno\u015bci.<\/p>\n\n\n\n<div style=\"height:10px\" aria-hidden=\"true\" class=\"wp-block-spacer\"><\/div>\n\n\n\n<h2 class=\"wp-block-heading has-text-align-center\" style=\"font-size:23px\"><strong>Rozdzia\u0142 IV: Inicjatywy i Projekty<\/strong><\/h2>\n\n\n\n<div style=\"height:10px\" aria-hidden=\"true\" class=\"wp-block-spacer\"><\/div>\n\n\n\n<p class=\"has-medium-font-size\" style=\"margin-top:5px;margin-bottom:5px\">1. <strong>Nacja Ludzka<\/strong> mo\u017ce inicjowa\u0107 projekty i inicjatywy na rzecz zr\u00f3wnowa\u017conego rozwoju ludzko\u015bci oraz wsp\u00f3\u0142pracowa\u0107 z innymi podmiotami w <strong>Konsulcie<\/strong> w realizacji wsp\u00f3lnych cel\u00f3w.<\/p>\n\n\n\n<p class=\"has-medium-font-size\">2. Projekty i inicjatywy <strong>Nacji Ludzkiej<\/strong> powinny by\u0107 zgodne z zasadami funkcjonowania <strong>Konsultu<\/strong> i promowa\u0107 wsp\u00f3lny cel.<\/p>\n\n\n\n<div style=\"height:10px\" aria-hidden=\"true\" class=\"wp-block-spacer\"><\/div>\n\n\n\n<h2 class=\"wp-block-heading has-text-align-center\" style=\"font-size:23px\"><strong>Rozdzia\u0142 V: Wzory Dokument\u00f3w<\/strong><\/h2>\n\n\n\n<div style=\"height:10px\" aria-hidden=\"true\" class=\"wp-block-spacer\"><\/div>\n\n\n\n<p class=\"has-medium-font-size\" style=\"margin-top:5px;margin-bottom:5px\">1. <strong>Nacja Ludzka<\/strong> ma dost\u0119p do wzor\u00f3w dokument\u00f3w, kt\u00f3re mog\u0105 by\u0107 wykorzystywane w trakcie dzia\u0142alno\u015bci w <strong>Konsulcie<\/strong>, takie jak o\u015bwiadczenia, projekty um\u00f3w i inne dokumenty.<\/p>\n\n\n\n<p class=\"has-medium-font-size\" style=\"margin-top:5px;margin-bottom:5px\">2. U\u017cywanie wzor\u00f3w dokument\u00f3w zapewnia sp\u00f3jno\u015b\u0107 i przejrzysto\u015b\u0107 w komunikacji wewn\u0105trz <strong>Konsultu<\/strong>.<\/p>\n\n\n\n<div style=\"height:15px\" aria-hidden=\"true\" class=\"wp-block-spacer\"><\/div>\n\n\n\n<p class=\"has-medium-font-size\" style=\"margin-top:5px;margin-bottom:5px\"><strong>Nacja Ludzka<\/strong> jest integraln\u0105 cz\u0119\u015bci\u0105 <strong>Konsultu Nacji Zr\u00f3wnowa\u017conych Wymiar\u00f3w<\/strong> i dzia\u0142a na rzecz wsp\u00f3lnego dobra ludzko\u015bci oraz zr\u00f3wnowa\u017conego rozwoju mi\u0119dzywymiarowego. <\/p>\n\n\n\n<div style=\"height:25px\" aria-hidden=\"true\" class=\"wp-block-spacer\"><\/div>\n\n\n\n<hr class=\"wp-block-separator has-alpha-channel-opacity is-style-wide\"\/>\n\n\n\n<h2 class=\"wp-block-heading\" style=\"font-size:22px\"><strong>Konsult 0n40i4<\/strong><\/h2>\n","protected":false},"excerpt":{"rendered":"<p>Preambu\u0142a: Nacja Ludzka, b\u0119d\u0105ca jednym z podmiot\u00f3w w Konsulcie Nacji Zr\u00f3wnowa\u017conych Wymiar\u00f3w, reprezentuje ludzko\u015b\u0107 jako ca\u0142o\u015b\u0107 oraz dzia\u0142a na rzecz jej zr\u00f3wnowa\u017conego rozwoju i wsp\u00f3\u0142pracy mi\u0119dzywymiarowej. Rozdzia\u0142 I: Cele i Misja Nacji Ludzkiej 1. Nacja Ludzka ma na celu reprezentowanie interes\u00f3w ludzko\u015bci oraz d\u0105\u017cenie do harmonijnego wsp\u00f3\u0142istnienia ze wszystkimi innymi nacjami i cywilizacjami w Konsulcie. [&hellip;]<\/p>\n","protected":false},"author":2,"featured_media":0,"parent":0,"menu_order":0,"comment_status":"closed","ping_status":"closed","template":"","meta":{"site-sidebar-layout":"default","site-content-layout":"","ast-site-content-layout":"default","site-content-style":"default","site-sidebar-style":"default","ast-global-header-display":"","ast-banner-title-visibility":"","ast-main-header-display":"","ast-hfb-above-header-display":"","ast-hfb-below-header-display":"","ast-hfb-mobile-header-display":"","site-post-title":"","ast-breadcrumbs-content":"","ast-featured-img":"","footer-sml-layout":"","ast-disable-related-posts":"","theme-transparent-header-meta":"","adv-header-id-meta":"","stick-header-meta":"","header-above-stick-meta":"","header-main-stick-meta":"","header-below-stick-meta":"","astra-migrate-meta-layouts":"default","ast-page-background-enabled":"default","ast-page-background-meta":{"desktop":{"background-color":"var(--ast-global-color-4)","background-image":"","background-repeat":"repeat","background-position":"center center","background-size":"auto","background-attachment":"scroll","background-type":"","background-media":"","overlay-type":"","overlay-color":"","overlay-opacity":"","overlay-gradient":""},"tablet":{"background-color":"","background-image":"","background-repeat":"repeat","background-position":"center center","background-size":"auto","background-attachment":"scroll","background-type":"","background-media":"","overlay-type":"","overlay-color":"","overlay-opacity":"","overlay-gradient":""},"mobile":{"background-color":"","background-image":"","background-repeat":"repeat","background-position":"center center","background-size":"auto","background-attachment":"scroll","background-type":"","background-media":"","overlay-type":"","overlay-color":"","overlay-opacity":"","overlay-gradient":""}},"ast-content-background-meta":{"desktop":{"background-color":"var(--ast-global-color-5)","background-image":"","background-repeat":"repeat","background-position":"center center","background-size":"auto","background-attachment":"scroll","background-type":"","background-media":"","overlay-type":"","overlay-color":"","overlay-opacity":"","overlay-gradient":""},"tablet":{"background-color":"var(--ast-global-color-5)","background-image":"","background-repeat":"repeat","background-position":"center center","background-size":"auto","background-attachment":"scroll","background-type":"","background-media":"","overlay-type":"","overlay-color":"","overlay-opacity":"","overlay-gradient":""},"mobile":{"background-color":"var(--ast-global-color-5)","background-image":"","background-repeat":"repeat","background-position":"center center","background-size":"auto","background-attachment":"scroll","background-type":"","background-media":"","overlay-type":"","overlay-color":"","overlay-opacity":"","overlay-gradient":""}},"footnotes":""},"class_list":["post-3246","page","type-page","status-publish","hentry"],"yoast_head":"<!-- This site is optimized with the Yoast SEO plugin v21.9.1 - https:\/\/yoast.com\/wordpress\/plugins\/seo\/ -->\n<title>Nacja Ludzka - RSCA<\/title>\n<meta name=\"description\" content=\"Nacja Ludzka, jako integralna cz\u0119\u015b\u0107 Konsultu Nacji Zr\u00f3wnowa\u017conych Wymiar\u00f3w, reprezentuje ludzko\u015b\u0107, d\u0105\u017c\u0105c do zr\u00f3wnowa\u017conego rozwoju i harmonijnego wsp\u00f3\u0142istnienia z innymi nacjami. Jej cele obejmuj\u0105 promocj\u0119 warto\u015bci ekologicznych, rozwi\u0105zywanie konflikt\u00f3w, wspieranie inicjatyw naukowych oraz wsp\u00f3\u0142prac\u0119 mi\u0119dzywymiarow\u0105. Dokument reguluje struktur\u0119, komunikacj\u0119, wsp\u00f3\u0142prac\u0119 i inicjatywy Nacji Ludzkiej w Konsulcie.\" \/>\n<meta name=\"robots\" content=\"index, follow, max-snippet:-1, max-image-preview:large, max-video-preview:-1\" \/>\n<link rel=\"canonical\" href=\"http:\/\/rsca.grassrootslobbing.pl\/pl_PL\/nacja-ludzka\/\" \/>\n<meta property=\"og:locale\" content=\"pl_PL\" \/>\n<meta property=\"og:type\" content=\"article\" \/>\n<meta property=\"og:title\" content=\"Nacja Ludzka - RSCA\" \/>\n<meta property=\"og:description\" content=\"Nacja Ludzka, jako integralna cz\u0119\u015b\u0107 Konsultu Nacji Zr\u00f3wnowa\u017conych Wymiar\u00f3w, reprezentuje ludzko\u015b\u0107, d\u0105\u017c\u0105c do zr\u00f3wnowa\u017conego rozwoju i harmonijnego wsp\u00f3\u0142istnienia z innymi nacjami. Jej cele obejmuj\u0105 promocj\u0119 warto\u015bci ekologicznych, rozwi\u0105zywanie konflikt\u00f3w, wspieranie inicjatyw naukowych oraz wsp\u00f3\u0142prac\u0119 mi\u0119dzywymiarow\u0105. Dokument reguluje struktur\u0119, komunikacj\u0119, wsp\u00f3\u0142prac\u0119 i inicjatywy Nacji Ludzkiej w Konsulcie.\" \/>\n<meta property=\"og:url\" content=\"http:\/\/rsca.grassrootslobbing.pl\/pl_PL\/nacja-ludzka\/\" \/>\n<meta property=\"og:site_name\" content=\"RSCA\" \/>\n<meta property=\"article:modified_time\" content=\"2024-01-03T15:40:42+00:00\" \/>\n<meta name=\"twitter:card\" content=\"summary_large_image\" \/>\n<meta name=\"twitter:label1\" content=\"Szacowany czas czytania\" \/>\n\t<meta name=\"twitter:data1\" content=\"2 minuty\" \/>\n<script type=\"application\/ld+json\" class=\"yoast-schema-graph\">{\"@context\":\"https:\/\/schema.org\",\"@graph\":[{\"@type\":\"WebPage\",\"@id\":\"http:\/\/rsca.grassrootslobbing.pl\/pl_PL\/nacja-ludzka\/\",\"url\":\"http:\/\/rsca.grassrootslobbing.pl\/pl_PL\/nacja-ludzka\/\",\"name\":\"Nacja Ludzka - RSCA\",\"isPartOf\":{\"@id\":\"http:\/\/rsca.grassrootslobbing.pl\/pl_PL\/#website\"},\"datePublished\":\"0001-01-01T01:10:00+00:00\",\"dateModified\":\"2024-01-03T15:40:42+00:00\",\"description\":\"Nacja Ludzka, jako integralna cz\u0119\u015b\u0107 Konsultu Nacji Zr\u00f3wnowa\u017conych Wymiar\u00f3w, reprezentuje ludzko\u015b\u0107, d\u0105\u017c\u0105c do zr\u00f3wnowa\u017conego rozwoju i harmonijnego wsp\u00f3\u0142istnienia z innymi nacjami. Jej cele obejmuj\u0105 promocj\u0119 warto\u015bci ekologicznych, rozwi\u0105zywanie konflikt\u00f3w, wspieranie inicjatyw naukowych oraz wsp\u00f3\u0142prac\u0119 mi\u0119dzywymiarow\u0105. Dokument reguluje struktur\u0119, komunikacj\u0119, wsp\u00f3\u0142prac\u0119 i inicjatywy Nacji Ludzkiej w Konsulcie.\",\"inLanguage\":\"pl-PL\",\"potentialAction\":[{\"@type\":\"ReadAction\",\"target\":[\"http:\/\/rsca.grassrootslobbing.pl\/pl_PL\/nacja-ludzka\/\"]}]},{\"@type\":\"WebSite\",\"@id\":\"http:\/\/rsca.grassrootslobbing.pl\/pl_PL\/#website\",\"url\":\"http:\/\/rsca.grassrootslobbing.pl\/pl_PL\/\",\"name\":\"Reality Source Code Acces\",\"description\":\"\",\"publisher\":{\"@id\":\"http:\/\/rsca.grassrootslobbing.pl\/pl_PL\/#organization\"},\"potentialAction\":[{\"@type\":\"SearchAction\",\"target\":{\"@type\":\"EntryPoint\",\"urlTemplate\":\"http:\/\/rsca.grassrootslobbing.pl\/pl_PL\/?s={search_term_string}\"},\"query-input\":\"required name=search_term_string\"}],\"inLanguage\":\"pl-PL\"},{\"@type\":\"Organization\",\"@id\":\"http:\/\/rsca.grassrootslobbing.pl\/pl_PL\/#organization\",\"name\":\"Konsult 0n40i4\",\"url\":\"http:\/\/rsca.grassrootslobbing.pl\/pl_PL\/\",\"logo\":{\"@type\":\"ImageObject\",\"inLanguage\":\"pl-PL\",\"@id\":\"http:\/\/rsca.grassrootslobbing.pl\/pl_PL\/#\/schema\/logo\/image\/\",\"url\":\"http:\/\/rsca.grassrootslobbing.pl\/wp-content\/uploads\/2023\/12\/cropped-DALL\u00b7E-2023-12-31-08.54.33-A-modern-and-abstract-logo-for-Konsult-0n40i4-representing-an-interdimensional-legal-system.-The-design-should-embody-themes-of-law-dimensions-an.png\",\"contentUrl\":\"http:\/\/rsca.grassrootslobbing.pl\/wp-content\/uploads\/2023\/12\/cropped-DALL\u00b7E-2023-12-31-08.54.33-A-modern-and-abstract-logo-for-Konsult-0n40i4-representing-an-interdimensional-legal-system.-The-design-should-embody-themes-of-law-dimensions-an.png\",\"width\":1024,\"height\":835,\"caption\":\"Konsult 0n40i4\"},\"image\":{\"@id\":\"http:\/\/rsca.grassrootslobbing.pl\/pl_PL\/#\/schema\/logo\/image\/\"}}]}<\/script>\n<!-- \/ Yoast SEO plugin. -->","yoast_head_json":{"title":"Nacja Ludzka - RSCA","description":"Nacja Ludzka, jako integralna cz\u0119\u015b\u0107 Konsultu Nacji Zr\u00f3wnowa\u017conych Wymiar\u00f3w, reprezentuje ludzko\u015b\u0107, d\u0105\u017c\u0105c do zr\u00f3wnowa\u017conego rozwoju i harmonijnego wsp\u00f3\u0142istnienia z innymi nacjami. Jej cele obejmuj\u0105 promocj\u0119 warto\u015bci ekologicznych, rozwi\u0105zywanie konflikt\u00f3w, wspieranie inicjatyw naukowych oraz wsp\u00f3\u0142prac\u0119 mi\u0119dzywymiarow\u0105. Dokument reguluje struktur\u0119, komunikacj\u0119, wsp\u00f3\u0142prac\u0119 i inicjatywy Nacji Ludzkiej w Konsulcie.","robots":{"index":"index","follow":"follow","max-snippet":"max-snippet:-1","max-image-preview":"max-image-preview:large","max-video-preview":"max-video-preview:-1"},"canonical":"http:\/\/rsca.grassrootslobbing.pl\/pl_PL\/nacja-ludzka\/","og_locale":"pl_PL","og_type":"article","og_title":"Nacja Ludzka - RSCA","og_description":"Nacja Ludzka, jako integralna cz\u0119\u015b\u0107 Konsultu Nacji Zr\u00f3wnowa\u017conych Wymiar\u00f3w, reprezentuje ludzko\u015b\u0107, d\u0105\u017c\u0105c do zr\u00f3wnowa\u017conego rozwoju i harmonijnego wsp\u00f3\u0142istnienia z innymi nacjami. Jej cele obejmuj\u0105 promocj\u0119 warto\u015bci ekologicznych, rozwi\u0105zywanie konflikt\u00f3w, wspieranie inicjatyw naukowych oraz wsp\u00f3\u0142prac\u0119 mi\u0119dzywymiarow\u0105. Dokument reguluje struktur\u0119, komunikacj\u0119, wsp\u00f3\u0142prac\u0119 i inicjatywy Nacji Ludzkiej w Konsulcie.","og_url":"http:\/\/rsca.grassrootslobbing.pl\/pl_PL\/nacja-ludzka\/","og_site_name":"RSCA","article_modified_time":"2024-01-03T15:40:42+00:00","twitter_card":"summary_large_image","twitter_misc":{"Szacowany czas czytania":"2 minuty"},"schema":{"@context":"https:\/\/schema.org","@graph":[{"@type":"WebPage","@id":"http:\/\/rsca.grassrootslobbing.pl\/pl_PL\/nacja-ludzka\/","url":"http:\/\/rsca.grassrootslobbing.pl\/pl_PL\/nacja-ludzka\/","name":"Nacja Ludzka - RSCA","isPartOf":{"@id":"http:\/\/rsca.grassrootslobbing.pl\/pl_PL\/#website"},"datePublished":"0001-01-01T01:10:00+00:00","dateModified":"2024-01-03T15:40:42+00:00","description":"Nacja Ludzka, jako integralna cz\u0119\u015b\u0107 Konsultu Nacji Zr\u00f3wnowa\u017conych Wymiar\u00f3w, reprezentuje ludzko\u015b\u0107, d\u0105\u017c\u0105c do zr\u00f3wnowa\u017conego rozwoju i harmonijnego wsp\u00f3\u0142istnienia z innymi nacjami. Jej cele obejmuj\u0105 promocj\u0119 warto\u015bci ekologicznych, rozwi\u0105zywanie konflikt\u00f3w, wspieranie inicjatyw naukowych oraz wsp\u00f3\u0142prac\u0119 mi\u0119dzywymiarow\u0105. Dokument reguluje struktur\u0119, komunikacj\u0119, wsp\u00f3\u0142prac\u0119 i inicjatywy Nacji Ludzkiej w Konsulcie.","inLanguage":"pl-PL","potentialAction":[{"@type":"ReadAction","target":["http:\/\/rsca.grassrootslobbing.pl\/pl_PL\/nacja-ludzka\/"]}]},{"@type":"WebSite","@id":"http:\/\/rsca.grassrootslobbing.pl\/pl_PL\/#website","url":"http:\/\/rsca.grassrootslobbing.pl\/pl_PL\/","name":"Reality Source Code Acces","description":"","publisher":{"@id":"http:\/\/rsca.grassrootslobbing.pl\/pl_PL\/#organization"},"potentialAction":[{"@type":"SearchAction","target":{"@type":"EntryPoint","urlTemplate":"http:\/\/rsca.grassrootslobbing.pl\/pl_PL\/?s={search_term_string}"},"query-input":"required name=search_term_string"}],"inLanguage":"pl-PL"},{"@type":"Organization","@id":"http:\/\/rsca.grassrootslobbing.pl\/pl_PL\/#organization","name":"Konsult 0n40i4","url":"http:\/\/rsca.grassrootslobbing.pl\/pl_PL\/","logo":{"@type":"ImageObject","inLanguage":"pl-PL","@id":"http:\/\/rsca.grassrootslobbing.pl\/pl_PL\/#\/schema\/logo\/image\/","url":"http:\/\/rsca.grassrootslobbing.pl\/wp-content\/uploads\/2023\/12\/cropped-DALL\u00b7E-2023-12-31-08.54.33-A-modern-and-abstract-logo-for-Konsult-0n40i4-representing-an-interdimensional-legal-system.-The-design-should-embody-themes-of-law-dimensions-an.png","contentUrl":"http:\/\/rsca.grassrootslobbing.pl\/wp-content\/uploads\/2023\/12\/cropped-DALL\u00b7E-2023-12-31-08.54.33-A-modern-and-abstract-logo-for-Konsult-0n40i4-representing-an-interdimensional-legal-system.-The-design-should-embody-themes-of-law-dimensions-an.png","width":1024,"height":835,"caption":"Konsult 0n40i4"},"image":{"@id":"http:\/\/rsca.grassrootslobbing.pl\/pl_PL\/#\/schema\/logo\/image\/"}}]}},"_links":{"self":[{"href":"http:\/\/rsca.grassrootslobbing.pl\/pl_PL\/wp-json\/wp\/v2\/pages\/3246","targetHints":{"allow":["GET"]}}],"collection":[{"href":"http:\/\/rsca.grassrootslobbing.pl\/pl_PL\/wp-json\/wp\/v2\/pages"}],"about":[{"href":"http:\/\/rsca.grassrootslobbing.pl\/pl_PL\/wp-json\/wp\/v2\/types\/page"}],"author":[{"embeddable":true,"href":"http:\/\/rsca.grassrootslobbing.pl\/pl_PL\/wp-json\/wp\/v2\/users\/2"}],"replies":[{"embeddable":true,"href":"http:\/\/rsca.grassrootslobbing.pl\/pl_PL\/wp-json\/wp\/v2\/comments?post=3246"}],"version-history":[{"count":2,"href":"http:\/\/rsca.grassrootslobbing.pl\/pl_PL\/wp-json\/wp\/v2\/pages\/3246\/revisions"}],"predecessor-version":[{"id":3537,"href":"http:\/\/rsca.grassrootslobbing.pl\/pl_PL\/wp-json\/wp\/v2\/pages\/3246\/revisions\/3537"}],"wp:attachment":[{"href":"http:\/\/rsca.grassrootslobbing.pl\/pl_PL\/wp-json\/wp\/v2\/media?parent=3246"}],"curies":[{"name":"wp","href":"https:\/\/api.w.org\/{rel}","templated":true}]}}