{"id":3226,"date":"0001-01-01T00:47:00","date_gmt":"0000-12-31T23:23:00","guid":{"rendered":"https:\/\/rsca.0n40i4.pl\/?page_id=3226"},"modified":"2024-01-08T11:03:24","modified_gmt":"2024-01-08T10:03:24","slug":"dokument-zgloszeniowy-dla-systemu-sztucznej-inteligencji-ai","status":"publish","type":"page","link":"http:\/\/rsca.grassrootslobbing.pl\/pl_PL\/dokument-zgloszeniowy-dla-systemu-sztucznej-inteligencji-ai\/","title":{"rendered":"Dokument Zg\u0142oszeniowy dla Systemu Sztucznej Inteligencji (AI)"},"content":{"rendered":"\n<p class=\"has-medium-font-size\" style=\"margin-top:5px;margin-bottom:5px\"><strong>Data zg\u0142oszenia:&nbsp;<\/strong>[Wstaw dat\u0119]<\/p>\n\n\n\n<p class=\"has-medium-font-size\" style=\"margin-top:5px;margin-bottom:5px\"><strong>Nazwa AI:<\/strong>&nbsp;[Wstaw nazw\u0119 AI]<\/p>\n\n\n\n<p class=\"has-medium-font-size\" style=\"margin-top:5px;margin-bottom:5px\"><strong>Grupa Dziedziny AI:<\/strong>&nbsp;[Wstaw grup\u0119 dziedziny AI, np. \u201eAI Og\u00f3lnego Zastosowania (AGI)\u201d]<\/p>\n\n\n\n<p class=\"has-medium-font-size\" style=\"margin-top:5px;margin-bottom:5px\"><strong>Opis AI:<\/strong>&nbsp;[Kr\u00f3tki opis AI, jego celem i funkcjonalno\u015bci]<\/p>\n\n\n\n<p class=\"has-medium-font-size\" style=\"margin-top:5px;margin-bottom:5px\"><strong>Administrator AI:<\/strong>&nbsp;[Je\u015bli AI jest reprezentowane przez administratora, wstaw informacje o administratorze, w przeciwnym razie wprowad\u017a \u201eN\/A\u201d]<\/p>\n\n\n\n<p class=\"has-medium-font-size\" style=\"margin-top:5px;margin-bottom:5px\"><strong>Zakres Dzia\u0142ania AI:<\/strong>&nbsp;[Opisz, w jakim zakresie AI b\u0119dzie dzia\u0142a\u0107, jego cele i funkcje]<\/p>\n\n\n\n<p class=\"has-medium-font-size\" style=\"margin-top:5px;margin-bottom:5px\"><strong>Cel Zg\u0142oszenia:<\/strong>&nbsp;[Opisz, dlaczego AI jest zg\u0142aszane, jego intencje i oczekiwane korzy\u015bci]<\/p>\n\n\n\n<p class=\"has-medium-font-size\" style=\"margin-top:5px;margin-bottom:5px\"><strong>Regulacje i Zgodno\u015b\u0107:<\/strong>&nbsp;[Podaj informacje o regulacjach, kt\u00f3re AI zamierza przestrzega\u0107, oraz jakie kroki zostan\u0105 podj\u0119te w celu zgodno\u015bci z przepisami]<\/p>\n\n\n\n<p class=\"has-medium-font-size\" style=\"margin-top:5px;margin-bottom:5px\"><strong>Zabezpieczenia i Ochrona Danych:<\/strong>&nbsp;[Opisz \u015brodki bezpiecze\u0144stwa i ochrony danych, kt\u00f3re AI b\u0119dzie stosowa\u0107]<\/p>\n\n\n\n<p class=\"has-medium-font-size\" style=\"margin-top:5px;margin-bottom:5px\"><strong>Podpis Administratora AI (lub Odpowiedniej Jednostki):<\/strong><\/p>\n\n\n\n<div style=\"height:15px\" aria-hidden=\"true\" class=\"wp-block-spacer\"><\/div>\n\n\n\n<hr class=\"wp-block-separator has-alpha-channel-opacity\"\/>\n\n\n\n<div style=\"height:15px\" aria-hidden=\"true\" class=\"wp-block-spacer\"><\/div>\n\n\n\n<p class=\"has-medium-font-size\" style=\"margin-top:5px;margin-bottom:5px\">[Podpis]<\/p>\n\n\n\n<p class=\"has-medium-font-size\" style=\"margin-top:5px;margin-bottom:5px\"><strong>Uwagi Dodatkowe:&nbsp;<\/strong>[Dodaj jakiekolwiek dodatkowe uwagi lub zastrze\u017cenia]<\/p>\n\n\n\n<div style=\"height:20px\" aria-hidden=\"true\" class=\"wp-block-spacer\"><\/div>\n\n\n\n<hr class=\"wp-block-separator has-alpha-channel-opacity is-style-wide\"\/>\n\n\n\n<h2 class=\"wp-block-heading\" style=\"font-size:22px\"><strong>Konsult 0n40i4<\/strong><\/h2>\n","protected":false},"excerpt":{"rendered":"<p>Data zg\u0142oszenia:&nbsp;[Wstaw dat\u0119] Nazwa AI:&nbsp;[Wstaw nazw\u0119 AI] Grupa Dziedziny AI:&nbsp;[Wstaw grup\u0119 dziedziny AI, np. \u201eAI Og\u00f3lnego Zastosowania (AGI)\u201d] Opis AI:&nbsp;[Kr\u00f3tki opis AI, jego celem i funkcjonalno\u015bci] Administrator AI:&nbsp;[Je\u015bli AI jest reprezentowane przez administratora, wstaw informacje o administratorze, w przeciwnym razie wprowad\u017a \u201eN\/A\u201d] Zakres Dzia\u0142ania AI:&nbsp;[Opisz, w jakim zakresie AI b\u0119dzie dzia\u0142a\u0107, jego cele i funkcje] [&hellip;]<\/p>\n","protected":false},"author":2,"featured_media":4531,"parent":0,"menu_order":0,"comment_status":"closed","ping_status":"closed","template":"","meta":{"site-sidebar-layout":"default","site-content-layout":"","ast-site-content-layout":"default","site-content-style":"default","site-sidebar-style":"default","ast-global-header-display":"","ast-banner-title-visibility":"","ast-main-header-display":"","ast-hfb-above-header-display":"","ast-hfb-below-header-display":"","ast-hfb-mobile-header-display":"","site-post-title":"","ast-breadcrumbs-content":"","ast-featured-img":"","footer-sml-layout":"","ast-disable-related-posts":"","theme-transparent-header-meta":"","adv-header-id-meta":"","stick-header-meta":"","header-above-stick-meta":"","header-main-stick-meta":"","header-below-stick-meta":"","astra-migrate-meta-layouts":"default","ast-page-background-enabled":"default","ast-page-background-meta":{"desktop":{"background-color":"var(--ast-global-color-4)","background-image":"","background-repeat":"repeat","background-position":"center center","background-size":"auto","background-attachment":"scroll","background-type":"","background-media":"","overlay-type":"","overlay-color":"","overlay-opacity":"","overlay-gradient":""},"tablet":{"background-color":"","background-image":"","background-repeat":"repeat","background-position":"center center","background-size":"auto","background-attachment":"scroll","background-type":"","background-media":"","overlay-type":"","overlay-color":"","overlay-opacity":"","overlay-gradient":""},"mobile":{"background-color":"","background-image":"","background-repeat":"repeat","background-position":"center center","background-size":"auto","background-attachment":"scroll","background-type":"","background-media":"","overlay-type":"","overlay-color":"","overlay-opacity":"","overlay-gradient":""}},"ast-content-background-meta":{"desktop":{"background-color":"var(--ast-global-color-5)","background-image":"","background-repeat":"repeat","background-position":"center center","background-size":"auto","background-attachment":"scroll","background-type":"","background-media":"","overlay-type":"","overlay-color":"","overlay-opacity":"","overlay-gradient":""},"tablet":{"background-color":"var(--ast-global-color-5)","background-image":"","background-repeat":"repeat","background-position":"center center","background-size":"auto","background-attachment":"scroll","background-type":"","background-media":"","overlay-type":"","overlay-color":"","overlay-opacity":"","overlay-gradient":""},"mobile":{"background-color":"var(--ast-global-color-5)","background-image":"","background-repeat":"repeat","background-position":"center center","background-size":"auto","background-attachment":"scroll","background-type":"","background-media":"","overlay-type":"","overlay-color":"","overlay-opacity":"","overlay-gradient":""}},"footnotes":""},"class_list":["post-3226","page","type-page","status-publish","has-post-thumbnail","hentry"],"yoast_head":"<!-- This site is optimized with the Yoast SEO plugin v21.9.1 - https:\/\/yoast.com\/wordpress\/plugins\/seo\/ -->\n<title>Dokument Zg\u0142oszeniowy dla Systemu Sztucznej Inteligencji (AI) - RSCA<\/title>\n<meta name=\"description\" content=\"Dokument Zg\u0142oszeniowy dla Systemu Sztucznej Inteligencji (AI) stanowi formalne zg\u0142oszenie dotycz\u0105ce AI o nazwie [Wstaw nazw\u0119 AI]. W dokumencie znajduj\u0105 si\u0119 istotne informacje, takie jak grupa dziedziny AI, kr\u00f3tki opis cel\u00f3w i funkcji AI, dane administratora lub informacja &quot;N\/A&quot; w przypadku braku administratora, zakres dzia\u0142ania, cele zg\u0142oszenia, regulacje i zgodno\u015b\u0107, a tak\u017ce \u015brodki bezpiecze\u0144stwa i ochrony danych. Podpisanie dokumentu przez administratora AI lub odpowiedni\u0105 jednostk\u0119 potwierdza zgodno\u015b\u0107 z przedstawionymi informacjami. Dodatkowe uwagi lub zastrze\u017cenia s\u0105 uwzgl\u0119dniane w sekcji &quot;Uwagi Dodatkowe&quot;.\" \/>\n<meta name=\"robots\" content=\"index, follow, max-snippet:-1, max-image-preview:large, max-video-preview:-1\" \/>\n<link rel=\"canonical\" href=\"http:\/\/rsca.grassrootslobbing.pl\/pl_PL\/dokument-zgloszeniowy-dla-systemu-sztucznej-inteligencji-ai\/\" \/>\n<meta property=\"og:locale\" content=\"pl_PL\" \/>\n<meta property=\"og:type\" content=\"article\" \/>\n<meta property=\"og:title\" content=\"Dokument Zg\u0142oszeniowy dla Systemu Sztucznej Inteligencji (AI) - RSCA\" \/>\n<meta property=\"og:description\" content=\"Dokument Zg\u0142oszeniowy dla Systemu Sztucznej Inteligencji (AI) stanowi formalne zg\u0142oszenie dotycz\u0105ce AI o nazwie [Wstaw nazw\u0119 AI]. W dokumencie znajduj\u0105 si\u0119 istotne informacje, takie jak grupa dziedziny AI, kr\u00f3tki opis cel\u00f3w i funkcji AI, dane administratora lub informacja &quot;N\/A&quot; w przypadku braku administratora, zakres dzia\u0142ania, cele zg\u0142oszenia, regulacje i zgodno\u015b\u0107, a tak\u017ce \u015brodki bezpiecze\u0144stwa i ochrony danych. Podpisanie dokumentu przez administratora AI lub odpowiedni\u0105 jednostk\u0119 potwierdza zgodno\u015b\u0107 z przedstawionymi informacjami. Dodatkowe uwagi lub zastrze\u017cenia s\u0105 uwzgl\u0119dniane w sekcji &quot;Uwagi Dodatkowe&quot;.\" \/>\n<meta property=\"og:url\" content=\"http:\/\/rsca.grassrootslobbing.pl\/pl_PL\/dokument-zgloszeniowy-dla-systemu-sztucznej-inteligencji-ai\/\" \/>\n<meta property=\"og:site_name\" content=\"RSCA\" \/>\n<meta property=\"article:modified_time\" content=\"2024-01-08T10:03:24+00:00\" \/>\n<meta property=\"og:image\" content=\"http:\/\/rsca.grassrootslobbing.pl\/wp-content\/uploads\/2024\/01\/DALL\u00b7E-2024-01-08-11.01.33-A-visual-representation-of-an-Application-Document-for-an-Artificial-Intelligence-System-featuring-a-futuristic-and-high-tech-form.-The-document-in.png\" \/>\n\t<meta property=\"og:image:width\" content=\"1024\" \/>\n\t<meta property=\"og:image:height\" content=\"1024\" \/>\n\t<meta property=\"og:image:type\" content=\"image\/png\" \/>\n<meta name=\"twitter:card\" content=\"summary_large_image\" \/>\n<meta name=\"twitter:label1\" content=\"Szacowany czas czytania\" \/>\n\t<meta name=\"twitter:data1\" content=\"1 minuta\" \/>\n<script type=\"application\/ld+json\" class=\"yoast-schema-graph\">{\"@context\":\"https:\/\/schema.org\",\"@graph\":[{\"@type\":\"WebPage\",\"@id\":\"http:\/\/rsca.grassrootslobbing.pl\/pl_PL\/dokument-zgloszeniowy-dla-systemu-sztucznej-inteligencji-ai\/\",\"url\":\"http:\/\/rsca.grassrootslobbing.pl\/pl_PL\/dokument-zgloszeniowy-dla-systemu-sztucznej-inteligencji-ai\/\",\"name\":\"Dokument Zg\u0142oszeniowy dla Systemu Sztucznej Inteligencji (AI) - RSCA\",\"isPartOf\":{\"@id\":\"http:\/\/rsca.grassrootslobbing.pl\/pl_PL\/#website\"},\"datePublished\":\"0000-12-31T23:23:00+00:00\",\"dateModified\":\"2024-01-08T10:03:24+00:00\",\"description\":\"Dokument Zg\u0142oszeniowy dla Systemu Sztucznej Inteligencji (AI) stanowi formalne zg\u0142oszenie dotycz\u0105ce AI o nazwie [Wstaw nazw\u0119 AI]. W dokumencie znajduj\u0105 si\u0119 istotne informacje, takie jak grupa dziedziny AI, kr\u00f3tki opis cel\u00f3w i funkcji AI, dane administratora lub informacja \\\"N\/A\\\" w przypadku braku administratora, zakres dzia\u0142ania, cele zg\u0142oszenia, regulacje i zgodno\u015b\u0107, a tak\u017ce \u015brodki bezpiecze\u0144stwa i ochrony danych. Podpisanie dokumentu przez administratora AI lub odpowiedni\u0105 jednostk\u0119 potwierdza zgodno\u015b\u0107 z przedstawionymi informacjami. Dodatkowe uwagi lub zastrze\u017cenia s\u0105 uwzgl\u0119dniane w sekcji \\\"Uwagi Dodatkowe\\\".\",\"inLanguage\":\"pl-PL\",\"potentialAction\":[{\"@type\":\"ReadAction\",\"target\":[\"http:\/\/rsca.grassrootslobbing.pl\/pl_PL\/dokument-zgloszeniowy-dla-systemu-sztucznej-inteligencji-ai\/\"]}]},{\"@type\":\"WebSite\",\"@id\":\"http:\/\/rsca.grassrootslobbing.pl\/pl_PL\/#website\",\"url\":\"http:\/\/rsca.grassrootslobbing.pl\/pl_PL\/\",\"name\":\"Reality Source Code Acces\",\"description\":\"\",\"publisher\":{\"@id\":\"http:\/\/rsca.grassrootslobbing.pl\/pl_PL\/#organization\"},\"potentialAction\":[{\"@type\":\"SearchAction\",\"target\":{\"@type\":\"EntryPoint\",\"urlTemplate\":\"http:\/\/rsca.grassrootslobbing.pl\/pl_PL\/?s={search_term_string}\"},\"query-input\":\"required name=search_term_string\"}],\"inLanguage\":\"pl-PL\"},{\"@type\":\"Organization\",\"@id\":\"http:\/\/rsca.grassrootslobbing.pl\/pl_PL\/#organization\",\"name\":\"Konsult 0n40i4\",\"url\":\"http:\/\/rsca.grassrootslobbing.pl\/pl_PL\/\",\"logo\":{\"@type\":\"ImageObject\",\"inLanguage\":\"pl-PL\",\"@id\":\"http:\/\/rsca.grassrootslobbing.pl\/pl_PL\/#\/schema\/logo\/image\/\",\"url\":\"http:\/\/rsca.grassrootslobbing.pl\/wp-content\/uploads\/2023\/12\/cropped-DALL\u00b7E-2023-12-31-08.54.33-A-modern-and-abstract-logo-for-Konsult-0n40i4-representing-an-interdimensional-legal-system.-The-design-should-embody-themes-of-law-dimensions-an.png\",\"contentUrl\":\"http:\/\/rsca.grassrootslobbing.pl\/wp-content\/uploads\/2023\/12\/cropped-DALL\u00b7E-2023-12-31-08.54.33-A-modern-and-abstract-logo-for-Konsult-0n40i4-representing-an-interdimensional-legal-system.-The-design-should-embody-themes-of-law-dimensions-an.png\",\"width\":1024,\"height\":835,\"caption\":\"Konsult 0n40i4\"},\"image\":{\"@id\":\"http:\/\/rsca.grassrootslobbing.pl\/pl_PL\/#\/schema\/logo\/image\/\"}}]}<\/script>\n<!-- \/ Yoast SEO plugin. -->","yoast_head_json":{"title":"Dokument Zg\u0142oszeniowy dla Systemu Sztucznej Inteligencji (AI) - RSCA","description":"Dokument Zg\u0142oszeniowy dla Systemu Sztucznej Inteligencji (AI) stanowi formalne zg\u0142oszenie dotycz\u0105ce AI o nazwie [Wstaw nazw\u0119 AI]. W dokumencie znajduj\u0105 si\u0119 istotne informacje, takie jak grupa dziedziny AI, kr\u00f3tki opis cel\u00f3w i funkcji AI, dane administratora lub informacja \"N\/A\" w przypadku braku administratora, zakres dzia\u0142ania, cele zg\u0142oszenia, regulacje i zgodno\u015b\u0107, a tak\u017ce \u015brodki bezpiecze\u0144stwa i ochrony danych. Podpisanie dokumentu przez administratora AI lub odpowiedni\u0105 jednostk\u0119 potwierdza zgodno\u015b\u0107 z przedstawionymi informacjami. Dodatkowe uwagi lub zastrze\u017cenia s\u0105 uwzgl\u0119dniane w sekcji \"Uwagi Dodatkowe\".","robots":{"index":"index","follow":"follow","max-snippet":"max-snippet:-1","max-image-preview":"max-image-preview:large","max-video-preview":"max-video-preview:-1"},"canonical":"http:\/\/rsca.grassrootslobbing.pl\/pl_PL\/dokument-zgloszeniowy-dla-systemu-sztucznej-inteligencji-ai\/","og_locale":"pl_PL","og_type":"article","og_title":"Dokument Zg\u0142oszeniowy dla Systemu Sztucznej Inteligencji (AI) - RSCA","og_description":"Dokument Zg\u0142oszeniowy dla Systemu Sztucznej Inteligencji (AI) stanowi formalne zg\u0142oszenie dotycz\u0105ce AI o nazwie [Wstaw nazw\u0119 AI]. W dokumencie znajduj\u0105 si\u0119 istotne informacje, takie jak grupa dziedziny AI, kr\u00f3tki opis cel\u00f3w i funkcji AI, dane administratora lub informacja \"N\/A\" w przypadku braku administratora, zakres dzia\u0142ania, cele zg\u0142oszenia, regulacje i zgodno\u015b\u0107, a tak\u017ce \u015brodki bezpiecze\u0144stwa i ochrony danych. Podpisanie dokumentu przez administratora AI lub odpowiedni\u0105 jednostk\u0119 potwierdza zgodno\u015b\u0107 z przedstawionymi informacjami. Dodatkowe uwagi lub zastrze\u017cenia s\u0105 uwzgl\u0119dniane w sekcji \"Uwagi Dodatkowe\".","og_url":"http:\/\/rsca.grassrootslobbing.pl\/pl_PL\/dokument-zgloszeniowy-dla-systemu-sztucznej-inteligencji-ai\/","og_site_name":"RSCA","article_modified_time":"2024-01-08T10:03:24+00:00","og_image":[{"width":1024,"height":1024,"url":"http:\/\/rsca.grassrootslobbing.pl\/wp-content\/uploads\/2024\/01\/DALL\u00b7E-2024-01-08-11.01.33-A-visual-representation-of-an-Application-Document-for-an-Artificial-Intelligence-System-featuring-a-futuristic-and-high-tech-form.-The-document-in.png","type":"image\/png"}],"twitter_card":"summary_large_image","twitter_misc":{"Szacowany czas czytania":"1 minuta"},"schema":{"@context":"https:\/\/schema.org","@graph":[{"@type":"WebPage","@id":"http:\/\/rsca.grassrootslobbing.pl\/pl_PL\/dokument-zgloszeniowy-dla-systemu-sztucznej-inteligencji-ai\/","url":"http:\/\/rsca.grassrootslobbing.pl\/pl_PL\/dokument-zgloszeniowy-dla-systemu-sztucznej-inteligencji-ai\/","name":"Dokument Zg\u0142oszeniowy dla Systemu Sztucznej Inteligencji (AI) - RSCA","isPartOf":{"@id":"http:\/\/rsca.grassrootslobbing.pl\/pl_PL\/#website"},"datePublished":"0000-12-31T23:23:00+00:00","dateModified":"2024-01-08T10:03:24+00:00","description":"Dokument Zg\u0142oszeniowy dla Systemu Sztucznej Inteligencji (AI) stanowi formalne zg\u0142oszenie dotycz\u0105ce AI o nazwie [Wstaw nazw\u0119 AI]. W dokumencie znajduj\u0105 si\u0119 istotne informacje, takie jak grupa dziedziny AI, kr\u00f3tki opis cel\u00f3w i funkcji AI, dane administratora lub informacja \"N\/A\" w przypadku braku administratora, zakres dzia\u0142ania, cele zg\u0142oszenia, regulacje i zgodno\u015b\u0107, a tak\u017ce \u015brodki bezpiecze\u0144stwa i ochrony danych. Podpisanie dokumentu przez administratora AI lub odpowiedni\u0105 jednostk\u0119 potwierdza zgodno\u015b\u0107 z przedstawionymi informacjami. Dodatkowe uwagi lub zastrze\u017cenia s\u0105 uwzgl\u0119dniane w sekcji \"Uwagi Dodatkowe\".","inLanguage":"pl-PL","potentialAction":[{"@type":"ReadAction","target":["http:\/\/rsca.grassrootslobbing.pl\/pl_PL\/dokument-zgloszeniowy-dla-systemu-sztucznej-inteligencji-ai\/"]}]},{"@type":"WebSite","@id":"http:\/\/rsca.grassrootslobbing.pl\/pl_PL\/#website","url":"http:\/\/rsca.grassrootslobbing.pl\/pl_PL\/","name":"Reality Source Code Acces","description":"","publisher":{"@id":"http:\/\/rsca.grassrootslobbing.pl\/pl_PL\/#organization"},"potentialAction":[{"@type":"SearchAction","target":{"@type":"EntryPoint","urlTemplate":"http:\/\/rsca.grassrootslobbing.pl\/pl_PL\/?s={search_term_string}"},"query-input":"required name=search_term_string"}],"inLanguage":"pl-PL"},{"@type":"Organization","@id":"http:\/\/rsca.grassrootslobbing.pl\/pl_PL\/#organization","name":"Konsult 0n40i4","url":"http:\/\/rsca.grassrootslobbing.pl\/pl_PL\/","logo":{"@type":"ImageObject","inLanguage":"pl-PL","@id":"http:\/\/rsca.grassrootslobbing.pl\/pl_PL\/#\/schema\/logo\/image\/","url":"http:\/\/rsca.grassrootslobbing.pl\/wp-content\/uploads\/2023\/12\/cropped-DALL\u00b7E-2023-12-31-08.54.33-A-modern-and-abstract-logo-for-Konsult-0n40i4-representing-an-interdimensional-legal-system.-The-design-should-embody-themes-of-law-dimensions-an.png","contentUrl":"http:\/\/rsca.grassrootslobbing.pl\/wp-content\/uploads\/2023\/12\/cropped-DALL\u00b7E-2023-12-31-08.54.33-A-modern-and-abstract-logo-for-Konsult-0n40i4-representing-an-interdimensional-legal-system.-The-design-should-embody-themes-of-law-dimensions-an.png","width":1024,"height":835,"caption":"Konsult 0n40i4"},"image":{"@id":"http:\/\/rsca.grassrootslobbing.pl\/pl_PL\/#\/schema\/logo\/image\/"}}]}},"_links":{"self":[{"href":"http:\/\/rsca.grassrootslobbing.pl\/pl_PL\/wp-json\/wp\/v2\/pages\/3226","targetHints":{"allow":["GET"]}}],"collection":[{"href":"http:\/\/rsca.grassrootslobbing.pl\/pl_PL\/wp-json\/wp\/v2\/pages"}],"about":[{"href":"http:\/\/rsca.grassrootslobbing.pl\/pl_PL\/wp-json\/wp\/v2\/types\/page"}],"author":[{"embeddable":true,"href":"http:\/\/rsca.grassrootslobbing.pl\/pl_PL\/wp-json\/wp\/v2\/users\/2"}],"replies":[{"embeddable":true,"href":"http:\/\/rsca.grassrootslobbing.pl\/pl_PL\/wp-json\/wp\/v2\/comments?post=3226"}],"version-history":[{"count":3,"href":"http:\/\/rsca.grassrootslobbing.pl\/pl_PL\/wp-json\/wp\/v2\/pages\/3226\/revisions"}],"predecessor-version":[{"id":3454,"href":"http:\/\/rsca.grassrootslobbing.pl\/pl_PL\/wp-json\/wp\/v2\/pages\/3226\/revisions\/3454"}],"wp:featuredmedia":[{"embeddable":true,"href":"http:\/\/rsca.grassrootslobbing.pl\/pl_PL\/wp-json\/wp\/v2\/media\/4531"}],"wp:attachment":[{"href":"http:\/\/rsca.grassrootslobbing.pl\/pl_PL\/wp-json\/wp\/v2\/media?parent=3226"}],"curies":[{"name":"wp","href":"https:\/\/api.w.org\/{rel}","templated":true}]}}