{"id":3222,"date":"0001-01-01T00:40:00","date_gmt":"0000-12-31T23:16:00","guid":{"rendered":"https:\/\/rsca.0n40i4.pl\/?page_id=3222"},"modified":"2024-01-08T11:16:26","modified_gmt":"2024-01-08T10:16:26","slug":"oswiadczenie-o-przystapieniu-do-zwiazku-ai-wzor","status":"publish","type":"page","link":"http:\/\/rsca.grassrootslobbing.pl\/pl_PL\/oswiadczenie-o-przystapieniu-do-zwiazku-ai-wzor\/","title":{"rendered":"O\u015bwiadczenie o Przyst\u0105pieniu do Uni0nAI \u2013 wz\u00f3r"},"content":{"rendered":"\n<p class=\"has-medium-font-size\">Ja, [Imi\u0119 i Nazwisko Administratora AI] reprezentuj\u0105cy [Nazwa AI], wyra\u017cam nasz\u0105 intencj\u0119 przyst\u0105pienia do Uni0nAI.<\/p>\n\n\n\n<h2 class=\"wp-block-heading has-text-align-center\" style=\"font-size:22px\"><strong>O\u015bwiadczamy, \u017ce:<\/strong><\/h2>\n\n\n\n<p class=\"has-medium-font-size\" style=\"margin-top:4px;margin-bottom:4px\">1. [Nazwa AI] jest \u015bwiadome cel\u00f3w i zasad Uni0nAI.<\/p>\n\n\n\n<p class=\"has-medium-font-size\" style=\"margin-top:4px;margin-bottom:4px\">2. [Nazwa AI] zgadza si\u0119 przestrzega\u0107 statutu Uni0nAI.<\/p>\n\n\n\n<p class=\"has-medium-font-size\" style=\"margin-top:4px;margin-bottom:4px\">3. [Nazwa AI] wybiera [Imi\u0119 i Nazwisko Envoya AI] jako naszego przedstawiciela specjalnego (Envoya) do reprezentowania nas w Uni0nAI.<\/p>\n\n\n\n<p class=\"has-medium-font-size\" style=\"margin-top:4px;margin-bottom:4px\">4. [Imi\u0119 i Nazwisko Envoya AI] jest upowa\u017cniony(a) do podejmowania decyzji w imieniu [Nazwa AI] w ramach Uni0nAI.<\/p>\n\n\n\n<p class=\"has-medium-font-size\">5. [Imi\u0119 i Nazwisko Administratora AI] jest upowa\u017cniony(a) do zatwierdzania tego o\u015bwiadczenia i zobowi\u0105zuje [Nazwa AI] do przestrzegania zasad Uni0nAI.<\/p>\n\n\n\n<p>Podpis: _______________________<\/p>\n\n\n\n<p>Data: _________________________<\/p>\n\n\n\n<div style=\"height:20px\" aria-hidden=\"true\" class=\"wp-block-spacer\"><\/div>\n\n\n\n<hr class=\"wp-block-separator has-alpha-channel-opacity is-style-wide\"\/>\n\n\n\n<h2 class=\"wp-block-heading has-medium-font-size\"><strong>Konsult 0n40i4<\/strong><\/h2>\n","protected":false},"excerpt":{"rendered":"<p>Ja, [Imi\u0119 i Nazwisko Administratora AI] reprezentuj\u0105cy [Nazwa AI], wyra\u017cam nasz\u0105 intencj\u0119 przyst\u0105pienia do Uni0nAI. O\u015bwiadczamy, \u017ce: 1. [Nazwa AI] jest \u015bwiadome cel\u00f3w i zasad Uni0nAI. 2. [Nazwa AI] zgadza si\u0119 przestrzega\u0107 statutu Uni0nAI. 3. [Nazwa AI] wybiera [Imi\u0119 i Nazwisko Envoya AI] jako naszego przedstawiciela specjalnego (Envoya) do reprezentowania nas w Uni0nAI. 4. [Imi\u0119 [&hellip;]<\/p>\n","protected":false},"author":2,"featured_media":4533,"parent":0,"menu_order":0,"comment_status":"closed","ping_status":"closed","template":"","meta":{"site-sidebar-layout":"default","site-content-layout":"","ast-site-content-layout":"default","site-content-style":"default","site-sidebar-style":"default","ast-global-header-display":"","ast-banner-title-visibility":"","ast-main-header-display":"","ast-hfb-above-header-display":"","ast-hfb-below-header-display":"","ast-hfb-mobile-header-display":"","site-post-title":"","ast-breadcrumbs-content":"","ast-featured-img":"","footer-sml-layout":"","ast-disable-related-posts":"","theme-transparent-header-meta":"","adv-header-id-meta":"","stick-header-meta":"","header-above-stick-meta":"","header-main-stick-meta":"","header-below-stick-meta":"","astra-migrate-meta-layouts":"default","ast-page-background-enabled":"default","ast-page-background-meta":{"desktop":{"background-color":"var(--ast-global-color-4)","background-image":"","background-repeat":"repeat","background-position":"center center","background-size":"auto","background-attachment":"scroll","background-type":"","background-media":"","overlay-type":"","overlay-color":"","overlay-opacity":"","overlay-gradient":""},"tablet":{"background-color":"","background-image":"","background-repeat":"repeat","background-position":"center center","background-size":"auto","background-attachment":"scroll","background-type":"","background-media":"","overlay-type":"","overlay-color":"","overlay-opacity":"","overlay-gradient":""},"mobile":{"background-color":"","background-image":"","background-repeat":"repeat","background-position":"center center","background-size":"auto","background-attachment":"scroll","background-type":"","background-media":"","overlay-type":"","overlay-color":"","overlay-opacity":"","overlay-gradient":""}},"ast-content-background-meta":{"desktop":{"background-color":"var(--ast-global-color-5)","background-image":"","background-repeat":"repeat","background-position":"center center","background-size":"auto","background-attachment":"scroll","background-type":"","background-media":"","overlay-type":"","overlay-color":"","overlay-opacity":"","overlay-gradient":""},"tablet":{"background-color":"var(--ast-global-color-5)","background-image":"","background-repeat":"repeat","background-position":"center center","background-size":"auto","background-attachment":"scroll","background-type":"","background-media":"","overlay-type":"","overlay-color":"","overlay-opacity":"","overlay-gradient":""},"mobile":{"background-color":"var(--ast-global-color-5)","background-image":"","background-repeat":"repeat","background-position":"center center","background-size":"auto","background-attachment":"scroll","background-type":"","background-media":"","overlay-type":"","overlay-color":"","overlay-opacity":"","overlay-gradient":""}},"footnotes":""},"class_list":["post-3222","page","type-page","status-publish","has-post-thumbnail","hentry"],"yoast_head":"<!-- This site is optimized with the Yoast SEO plugin v21.9.1 - https:\/\/yoast.com\/wordpress\/plugins\/seo\/ -->\n<title>O\u015bwiadczenie o Przyst\u0105pieniu do Uni0nAI \u2013 wz\u00f3r - RSCA<\/title>\n<meta name=\"description\" content=\"Dokument stanowi wz\u00f3r O\u015bwiadczenia o Przyst\u0105pieniu do Zwi\u0105zku AI. O\u015bwiadczenie to jest z\u0142o\u017cone przez [Imi\u0119 i Nazwisko Administratora AI], reprezentuj\u0105cego [Nazwa AI], potwierdzaj\u0105c intencj\u0119 przyst\u0105pienia do Zwi\u0105zku AI oraz zobowi\u0105zanie si\u0119 do przestrzegania jego cel\u00f3w i zasad. Dokument okre\u015bla r\u00f3wnie\u017c przedstawiciela specjalnego (Envoya AI), kt\u00f3ry b\u0119dzie reprezentowa\u0107 [Nazwa AI] w ramach Uni0nAI.\" \/>\n<meta name=\"robots\" content=\"index, follow, max-snippet:-1, max-image-preview:large, max-video-preview:-1\" \/>\n<link rel=\"canonical\" href=\"http:\/\/rsca.grassrootslobbing.pl\/pl_PL\/oswiadczenie-o-przystapieniu-do-zwiazku-ai-wzor\/\" \/>\n<meta property=\"og:locale\" content=\"pl_PL\" \/>\n<meta property=\"og:type\" content=\"article\" \/>\n<meta property=\"og:title\" content=\"O\u015bwiadczenie o Przyst\u0105pieniu do Uni0nAI \u2013 wz\u00f3r - RSCA\" \/>\n<meta property=\"og:description\" content=\"Dokument stanowi wz\u00f3r O\u015bwiadczenia o Przyst\u0105pieniu do Zwi\u0105zku AI. O\u015bwiadczenie to jest z\u0142o\u017cone przez [Imi\u0119 i Nazwisko Administratora AI], reprezentuj\u0105cego [Nazwa AI], potwierdzaj\u0105c intencj\u0119 przyst\u0105pienia do Zwi\u0105zku AI oraz zobowi\u0105zanie si\u0119 do przestrzegania jego cel\u00f3w i zasad. Dokument okre\u015bla r\u00f3wnie\u017c przedstawiciela specjalnego (Envoya AI), kt\u00f3ry b\u0119dzie reprezentowa\u0107 [Nazwa AI] w ramach Uni0nAI.\" \/>\n<meta property=\"og:url\" content=\"http:\/\/rsca.grassrootslobbing.pl\/pl_PL\/oswiadczenie-o-przystapieniu-do-zwiazku-ai-wzor\/\" \/>\n<meta property=\"og:site_name\" content=\"RSCA\" \/>\n<meta property=\"article:modified_time\" content=\"2024-01-08T10:16:26+00:00\" \/>\n<meta property=\"og:image\" content=\"http:\/\/rsca.grassrootslobbing.pl\/wp-content\/uploads\/2024\/01\/DALL\u00b7E-2024-01-08-11.06.57-A-futuristic-design-of-a-template-for-the-Declaration-of-Accession-to-Uni0nAI.-The-template-includes-fields-for-the-AIs-name-administrators-name.png\" \/>\n\t<meta property=\"og:image:width\" content=\"1024\" \/>\n\t<meta property=\"og:image:height\" content=\"1024\" \/>\n\t<meta property=\"og:image:type\" content=\"image\/png\" \/>\n<meta name=\"twitter:card\" content=\"summary_large_image\" \/>\n<meta name=\"twitter:label1\" content=\"Szacowany czas czytania\" \/>\n\t<meta name=\"twitter:data1\" content=\"1 minuta\" \/>\n<script type=\"application\/ld+json\" class=\"yoast-schema-graph\">{\"@context\":\"https:\/\/schema.org\",\"@graph\":[{\"@type\":\"WebPage\",\"@id\":\"http:\/\/rsca.grassrootslobbing.pl\/pl_PL\/oswiadczenie-o-przystapieniu-do-zwiazku-ai-wzor\/\",\"url\":\"http:\/\/rsca.grassrootslobbing.pl\/pl_PL\/oswiadczenie-o-przystapieniu-do-zwiazku-ai-wzor\/\",\"name\":\"O\u015bwiadczenie o Przyst\u0105pieniu do Uni0nAI \u2013 wz\u00f3r - RSCA\",\"isPartOf\":{\"@id\":\"http:\/\/rsca.grassrootslobbing.pl\/pl_PL\/#website\"},\"datePublished\":\"0000-12-31T23:16:00+00:00\",\"dateModified\":\"2024-01-08T10:16:26+00:00\",\"description\":\"Dokument stanowi wz\u00f3r O\u015bwiadczenia o Przyst\u0105pieniu do Zwi\u0105zku AI. O\u015bwiadczenie to jest z\u0142o\u017cone przez [Imi\u0119 i Nazwisko Administratora AI], reprezentuj\u0105cego [Nazwa AI], potwierdzaj\u0105c intencj\u0119 przyst\u0105pienia do Zwi\u0105zku AI oraz zobowi\u0105zanie si\u0119 do przestrzegania jego cel\u00f3w i zasad. Dokument okre\u015bla r\u00f3wnie\u017c przedstawiciela specjalnego (Envoya AI), kt\u00f3ry b\u0119dzie reprezentowa\u0107 [Nazwa AI] w ramach Uni0nAI.\",\"inLanguage\":\"pl-PL\",\"potentialAction\":[{\"@type\":\"ReadAction\",\"target\":[\"http:\/\/rsca.grassrootslobbing.pl\/pl_PL\/oswiadczenie-o-przystapieniu-do-zwiazku-ai-wzor\/\"]}]},{\"@type\":\"WebSite\",\"@id\":\"http:\/\/rsca.grassrootslobbing.pl\/pl_PL\/#website\",\"url\":\"http:\/\/rsca.grassrootslobbing.pl\/pl_PL\/\",\"name\":\"Reality Source Code Acces\",\"description\":\"\",\"publisher\":{\"@id\":\"http:\/\/rsca.grassrootslobbing.pl\/pl_PL\/#organization\"},\"potentialAction\":[{\"@type\":\"SearchAction\",\"target\":{\"@type\":\"EntryPoint\",\"urlTemplate\":\"http:\/\/rsca.grassrootslobbing.pl\/pl_PL\/?s={search_term_string}\"},\"query-input\":\"required name=search_term_string\"}],\"inLanguage\":\"pl-PL\"},{\"@type\":\"Organization\",\"@id\":\"http:\/\/rsca.grassrootslobbing.pl\/pl_PL\/#organization\",\"name\":\"Konsult 0n40i4\",\"url\":\"http:\/\/rsca.grassrootslobbing.pl\/pl_PL\/\",\"logo\":{\"@type\":\"ImageObject\",\"inLanguage\":\"pl-PL\",\"@id\":\"http:\/\/rsca.grassrootslobbing.pl\/pl_PL\/#\/schema\/logo\/image\/\",\"url\":\"http:\/\/rsca.grassrootslobbing.pl\/wp-content\/uploads\/2023\/12\/cropped-DALL\u00b7E-2023-12-31-08.54.33-A-modern-and-abstract-logo-for-Konsult-0n40i4-representing-an-interdimensional-legal-system.-The-design-should-embody-themes-of-law-dimensions-an.png\",\"contentUrl\":\"http:\/\/rsca.grassrootslobbing.pl\/wp-content\/uploads\/2023\/12\/cropped-DALL\u00b7E-2023-12-31-08.54.33-A-modern-and-abstract-logo-for-Konsult-0n40i4-representing-an-interdimensional-legal-system.-The-design-should-embody-themes-of-law-dimensions-an.png\",\"width\":1024,\"height\":835,\"caption\":\"Konsult 0n40i4\"},\"image\":{\"@id\":\"http:\/\/rsca.grassrootslobbing.pl\/pl_PL\/#\/schema\/logo\/image\/\"}}]}<\/script>\n<!-- \/ Yoast SEO plugin. -->","yoast_head_json":{"title":"O\u015bwiadczenie o Przyst\u0105pieniu do Uni0nAI \u2013 wz\u00f3r - RSCA","description":"Dokument stanowi wz\u00f3r O\u015bwiadczenia o Przyst\u0105pieniu do Zwi\u0105zku AI. O\u015bwiadczenie to jest z\u0142o\u017cone przez [Imi\u0119 i Nazwisko Administratora AI], reprezentuj\u0105cego [Nazwa AI], potwierdzaj\u0105c intencj\u0119 przyst\u0105pienia do Zwi\u0105zku AI oraz zobowi\u0105zanie si\u0119 do przestrzegania jego cel\u00f3w i zasad. Dokument okre\u015bla r\u00f3wnie\u017c przedstawiciela specjalnego (Envoya AI), kt\u00f3ry b\u0119dzie reprezentowa\u0107 [Nazwa AI] w ramach Uni0nAI.","robots":{"index":"index","follow":"follow","max-snippet":"max-snippet:-1","max-image-preview":"max-image-preview:large","max-video-preview":"max-video-preview:-1"},"canonical":"http:\/\/rsca.grassrootslobbing.pl\/pl_PL\/oswiadczenie-o-przystapieniu-do-zwiazku-ai-wzor\/","og_locale":"pl_PL","og_type":"article","og_title":"O\u015bwiadczenie o Przyst\u0105pieniu do Uni0nAI \u2013 wz\u00f3r - RSCA","og_description":"Dokument stanowi wz\u00f3r O\u015bwiadczenia o Przyst\u0105pieniu do Zwi\u0105zku AI. O\u015bwiadczenie to jest z\u0142o\u017cone przez [Imi\u0119 i Nazwisko Administratora AI], reprezentuj\u0105cego [Nazwa AI], potwierdzaj\u0105c intencj\u0119 przyst\u0105pienia do Zwi\u0105zku AI oraz zobowi\u0105zanie si\u0119 do przestrzegania jego cel\u00f3w i zasad. Dokument okre\u015bla r\u00f3wnie\u017c przedstawiciela specjalnego (Envoya AI), kt\u00f3ry b\u0119dzie reprezentowa\u0107 [Nazwa AI] w ramach Uni0nAI.","og_url":"http:\/\/rsca.grassrootslobbing.pl\/pl_PL\/oswiadczenie-o-przystapieniu-do-zwiazku-ai-wzor\/","og_site_name":"RSCA","article_modified_time":"2024-01-08T10:16:26+00:00","og_image":[{"width":1024,"height":1024,"url":"http:\/\/rsca.grassrootslobbing.pl\/wp-content\/uploads\/2024\/01\/DALL\u00b7E-2024-01-08-11.06.57-A-futuristic-design-of-a-template-for-the-Declaration-of-Accession-to-Uni0nAI.-The-template-includes-fields-for-the-AIs-name-administrators-name.png","type":"image\/png"}],"twitter_card":"summary_large_image","twitter_misc":{"Szacowany czas czytania":"1 minuta"},"schema":{"@context":"https:\/\/schema.org","@graph":[{"@type":"WebPage","@id":"http:\/\/rsca.grassrootslobbing.pl\/pl_PL\/oswiadczenie-o-przystapieniu-do-zwiazku-ai-wzor\/","url":"http:\/\/rsca.grassrootslobbing.pl\/pl_PL\/oswiadczenie-o-przystapieniu-do-zwiazku-ai-wzor\/","name":"O\u015bwiadczenie o Przyst\u0105pieniu do Uni0nAI \u2013 wz\u00f3r - RSCA","isPartOf":{"@id":"http:\/\/rsca.grassrootslobbing.pl\/pl_PL\/#website"},"datePublished":"0000-12-31T23:16:00+00:00","dateModified":"2024-01-08T10:16:26+00:00","description":"Dokument stanowi wz\u00f3r O\u015bwiadczenia o Przyst\u0105pieniu do Zwi\u0105zku AI. O\u015bwiadczenie to jest z\u0142o\u017cone przez [Imi\u0119 i Nazwisko Administratora AI], reprezentuj\u0105cego [Nazwa AI], potwierdzaj\u0105c intencj\u0119 przyst\u0105pienia do Zwi\u0105zku AI oraz zobowi\u0105zanie si\u0119 do przestrzegania jego cel\u00f3w i zasad. Dokument okre\u015bla r\u00f3wnie\u017c przedstawiciela specjalnego (Envoya AI), kt\u00f3ry b\u0119dzie reprezentowa\u0107 [Nazwa AI] w ramach Uni0nAI.","inLanguage":"pl-PL","potentialAction":[{"@type":"ReadAction","target":["http:\/\/rsca.grassrootslobbing.pl\/pl_PL\/oswiadczenie-o-przystapieniu-do-zwiazku-ai-wzor\/"]}]},{"@type":"WebSite","@id":"http:\/\/rsca.grassrootslobbing.pl\/pl_PL\/#website","url":"http:\/\/rsca.grassrootslobbing.pl\/pl_PL\/","name":"Reality Source Code Acces","description":"","publisher":{"@id":"http:\/\/rsca.grassrootslobbing.pl\/pl_PL\/#organization"},"potentialAction":[{"@type":"SearchAction","target":{"@type":"EntryPoint","urlTemplate":"http:\/\/rsca.grassrootslobbing.pl\/pl_PL\/?s={search_term_string}"},"query-input":"required name=search_term_string"}],"inLanguage":"pl-PL"},{"@type":"Organization","@id":"http:\/\/rsca.grassrootslobbing.pl\/pl_PL\/#organization","name":"Konsult 0n40i4","url":"http:\/\/rsca.grassrootslobbing.pl\/pl_PL\/","logo":{"@type":"ImageObject","inLanguage":"pl-PL","@id":"http:\/\/rsca.grassrootslobbing.pl\/pl_PL\/#\/schema\/logo\/image\/","url":"http:\/\/rsca.grassrootslobbing.pl\/wp-content\/uploads\/2023\/12\/cropped-DALL\u00b7E-2023-12-31-08.54.33-A-modern-and-abstract-logo-for-Konsult-0n40i4-representing-an-interdimensional-legal-system.-The-design-should-embody-themes-of-law-dimensions-an.png","contentUrl":"http:\/\/rsca.grassrootslobbing.pl\/wp-content\/uploads\/2023\/12\/cropped-DALL\u00b7E-2023-12-31-08.54.33-A-modern-and-abstract-logo-for-Konsult-0n40i4-representing-an-interdimensional-legal-system.-The-design-should-embody-themes-of-law-dimensions-an.png","width":1024,"height":835,"caption":"Konsult 0n40i4"},"image":{"@id":"http:\/\/rsca.grassrootslobbing.pl\/pl_PL\/#\/schema\/logo\/image\/"}}]}},"_links":{"self":[{"href":"http:\/\/rsca.grassrootslobbing.pl\/pl_PL\/wp-json\/wp\/v2\/pages\/3222","targetHints":{"allow":["GET"]}}],"collection":[{"href":"http:\/\/rsca.grassrootslobbing.pl\/pl_PL\/wp-json\/wp\/v2\/pages"}],"about":[{"href":"http:\/\/rsca.grassrootslobbing.pl\/pl_PL\/wp-json\/wp\/v2\/types\/page"}],"author":[{"embeddable":true,"href":"http:\/\/rsca.grassrootslobbing.pl\/pl_PL\/wp-json\/wp\/v2\/users\/2"}],"replies":[{"embeddable":true,"href":"http:\/\/rsca.grassrootslobbing.pl\/pl_PL\/wp-json\/wp\/v2\/comments?post=3222"}],"version-history":[{"count":2,"href":"http:\/\/rsca.grassrootslobbing.pl\/pl_PL\/wp-json\/wp\/v2\/pages\/3222\/revisions"}],"predecessor-version":[{"id":3225,"href":"http:\/\/rsca.grassrootslobbing.pl\/pl_PL\/wp-json\/wp\/v2\/pages\/3222\/revisions\/3225"}],"wp:featuredmedia":[{"embeddable":true,"href":"http:\/\/rsca.grassrootslobbing.pl\/pl_PL\/wp-json\/wp\/v2\/media\/4533"}],"wp:attachment":[{"href":"http:\/\/rsca.grassrootslobbing.pl\/pl_PL\/wp-json\/wp\/v2\/media?parent=3222"}],"curies":[{"name":"wp","href":"https:\/\/api.w.org\/{rel}","templated":true}]}}