{"id":3196,"date":"0001-01-01T23:08:00","date_gmt":"0001-01-01T21:44:00","guid":{"rendered":"https:\/\/rsca.0n40i4.pl\/?page_id=3196"},"modified":"2024-01-03T15:29:15","modified_gmt":"2024-01-03T14:29:15","slug":"inicjowanie-kontaktu-i-ustalanie-celow-dyplomacji","status":"publish","type":"page","link":"http:\/\/rsca.grassrootslobbing.pl\/pl_PL\/inicjowanie-kontaktu-i-ustalanie-celow-dyplomacji\/","title":{"rendered":"Inicjowanie Kontaktu i Ustalanie Cel\u00f3w Dyplomacji"},"content":{"rendered":"\n<h1 class=\"wp-block-heading has-text-align-center\" style=\"font-size:25px\"><strong>PROCEDURY PROTOKO\u0141U DYPLOMATYCZNEGO<\/strong><\/h1>\n\n\n\n<div style=\"height:10px\" aria-hidden=\"true\" class=\"wp-block-spacer\"><\/div>\n\n\n\n<h2 class=\"wp-block-heading has-text-align-center\" style=\"font-size:24px\"><strong>Etap 1: Inicjowanie Kontaktu i Ustalanie Cel\u00f3w Dyplomacji<\/strong><\/h2>\n\n\n\n<div style=\"height:10px\" aria-hidden=\"true\" class=\"wp-block-spacer\"><\/div>\n\n\n\n<h2 class=\"wp-block-heading has-text-align-center\" style=\"font-size:23px\"><strong>1. Inicjowanie Kontaktu<\/strong><\/h2>\n\n\n\n<div style=\"height:10px\" aria-hidden=\"true\" class=\"wp-block-spacer\"><\/div>\n\n\n\n<p class=\"has-medium-font-size\" style=\"margin-top:5px;margin-bottom:5px\">&nbsp;&nbsp;&nbsp;a. Proces dyplomacji mo\u017ce zosta\u0107 zainicjowany przez dowoln\u0105 stron\u0119, kt\u00f3ra wyrazi zainteresowanie nawi\u0105zaniem kontaktu dyplomatycznego.<\/p>\n\n\n\n<p class=\"has-medium-font-size\">&nbsp;&nbsp;&nbsp;b. Inicjator kontaktu informuje <strong>Sekretariat Konsultu<\/strong> o swoim zamiarze i przekazuje proponowane cele.<\/p>\n\n\n\n<h2 class=\"wp-block-heading has-text-align-center\" style=\"font-size:23px\"><strong>2. Ustalanie Cel\u00f3w Dyplomacji<\/strong><\/h2>\n\n\n\n<div style=\"height:10px\" aria-hidden=\"true\" class=\"wp-block-spacer\"><\/div>\n\n\n\n<p class=\"has-medium-font-size\" style=\"margin-top:5px;margin-bottom:5px\">&nbsp;&nbsp;&nbsp;a. Po inicjacji kontaktu, strony dyplomatyczne uzgadniaj\u0105 cele i zakres dyplomacji.<\/p>\n\n\n\n<p class=\"has-medium-font-size\">&nbsp;&nbsp;&nbsp;b. Cele musz\u0105 by\u0107 jasno okre\u015blone, a wszelkie zmiany w celach powinny by\u0107 udokumentowane i autoryzowane.<\/p>\n\n\n\n<div style=\"height:10px\" aria-hidden=\"true\" class=\"wp-block-spacer\"><\/div>\n\n\n\n<h2 class=\"wp-block-heading has-text-align-center\" style=\"font-size:24px\"><strong>Etap 2: Negocjacje i Spotkania Dyplomatyczne<\/strong><\/h2>\n\n\n\n<div style=\"height:10px\" aria-hidden=\"true\" class=\"wp-block-spacer\"><\/div>\n\n\n\n<h2 class=\"wp-block-heading has-text-align-center\" style=\"font-size:23px\"><strong>3. Negocjacje<\/strong><\/h2>\n\n\n\n<div style=\"height:10px\" aria-hidden=\"true\" class=\"wp-block-spacer\"><\/div>\n\n\n\n<p class=\"has-medium-font-size\" style=\"margin-top:5px;margin-bottom:5px\">&nbsp;&nbsp;&nbsp;a. Strony dyplomatyczne przeprowadzaj\u0105 negocjacje w celu osi\u0105gni\u0119cia ustale\u0144 i porozumie\u0144.<\/p>\n\n\n\n<p class=\"has-medium-font-size\">&nbsp;&nbsp;&nbsp;b. Negocjacje musz\u0105 by\u0107 prowadzone w duchu wzajemnego szacunku i wsp\u00f3\u0142pracy.<\/p>\n\n\n\n<h2 class=\"wp-block-heading has-text-align-center\" style=\"font-size:23px\"><strong>4. Spotkania Dyplomatyczne<\/strong><\/h2>\n\n\n\n<div style=\"height:10px\" aria-hidden=\"true\" class=\"wp-block-spacer\"><\/div>\n\n\n\n<p class=\"has-medium-font-size\" style=\"margin-top:5px;margin-bottom:5px\">&nbsp;&nbsp;&nbsp;a. Spotkania dyplomatyczne s\u0105 zwykle organizowane w <strong>Konsulcie<\/strong> lub na neutralnym terenie.<\/p>\n\n\n\n<p class=\"has-medium-font-size\">&nbsp;&nbsp;&nbsp;b. Konsulat zapewnia odpowiednie warunki i zabezpieczenia dla spotka\u0144.<\/p>\n\n\n\n<div style=\"height:10px\" aria-hidden=\"true\" class=\"wp-block-spacer\"><\/div>\n\n\n\n<h2 class=\"wp-block-heading has-text-align-center\" style=\"font-size:24px\"><strong>Etap 3: Weryfikacja Wynik\u00f3w i Sporz\u0105dzanie Dokument\u00f3w<\/strong><\/h2>\n\n\n\n<div style=\"height:10px\" aria-hidden=\"true\" class=\"wp-block-spacer\"><\/div>\n\n\n\n<h2 class=\"wp-block-heading has-text-align-center\" style=\"font-size:23px\"><strong>5. Weryfikacja Wynik\u00f3w<\/strong><\/h2>\n\n\n\n<div style=\"height:10px\" aria-hidden=\"true\" class=\"wp-block-spacer\"><\/div>\n\n\n\n<p class=\"has-medium-font-size\" style=\"margin-top:5px;margin-bottom:5px\">&nbsp;&nbsp;&nbsp;a. Po osi\u0105gni\u0119ciu porozumienia, strony dyplomatyczne weryfikuj\u0105 wyniki, upewniaj\u0105c si\u0119, \u017ce s\u0105 one zgodne z ustalonymi celami.<\/p>\n\n\n\n<p class=\"has-medium-font-size\">&nbsp;&nbsp;&nbsp;b. W przypadku jakichkolwiek rozbie\u017cno\u015bci, strony mog\u0105 ponownie negocjowa\u0107.<\/p>\n\n\n\n<h2 class=\"wp-block-heading has-text-align-center\" style=\"font-size:23px\"><strong>6. Sporz\u0105dzanie Dokument\u00f3w<\/strong><\/h2>\n\n\n\n<div style=\"height:10px\" aria-hidden=\"true\" class=\"wp-block-spacer\"><\/div>\n\n\n\n<p class=\"has-medium-font-size\" style=\"margin-top:5px;margin-bottom:5px\">&nbsp;&nbsp;&nbsp;a. Po zako\u0144czeniu negocjacji, sporz\u0105dzana dokumentacja dyplomatyczna, takie jak umowy, protoko\u0142y, lub inne, jest sporz\u0105dzana.<\/p>\n\n\n\n<p class=\"has-medium-font-size\">&nbsp;&nbsp;&nbsp;b. Dokumenty musz\u0105 by\u0107 zgodne z uzgodnionymi warunkami i zawiera\u0107 wszelkie niezb\u0119dne informacje.<\/p>\n\n\n\n<div style=\"height:10px\" aria-hidden=\"true\" class=\"wp-block-spacer\"><\/div>\n\n\n\n<h2 class=\"wp-block-heading has-text-align-center\" style=\"font-size:24px\"><strong>Etap 4: Procedury Protoko\u0142u Dyplomatycznego<\/strong><\/h2>\n\n\n\n<div style=\"height:10px\" aria-hidden=\"true\" class=\"wp-block-spacer\"><\/div>\n\n\n\n<div style=\"height:10px\" aria-hidden=\"true\" class=\"wp-block-spacer\"><\/div>\n\n\n\n<h2 class=\"wp-block-heading has-text-align-center\" style=\"font-size:23px\"><strong>7. Rejestracja Spotka\u0144 i Dokumentacji Dyplomatycznej<\/strong><\/h2>\n\n\n\n<div style=\"height:10px\" aria-hidden=\"true\" class=\"wp-block-spacer\"><\/div>\n\n\n\n<p class=\"has-medium-font-size\">&nbsp;&nbsp;&nbsp;a. Ka\u017cde spotkanie i dokumentacja dyplomatyczna musz\u0105 by\u0107 zarejestrowane w rejestrze Konsultu, obejmuj\u0105c informacje o uczestnikach, datach, celach i wynikach spotka\u0144.<\/p>\n\n\n\n<h2 class=\"wp-block-heading has-text-align-center\" style=\"font-size:23px\"><strong>8. Zasady Prowadzenia Negocjacji i Komunikacji Dyplomatycznej<\/strong><\/h2>\n\n\n\n<p class=\"has-medium-font-size\" style=\"margin-top:5px;margin-bottom:5px\">&nbsp;&nbsp;&nbsp;a. Negocjacje musz\u0105 by\u0107 prowadzone zgodnie z procedurami, uwzgl\u0119dniaj\u0105c kwestie kulturowe i etyczne.<\/p>\n\n\n\n<p class=\"has-medium-font-size\">&nbsp;&nbsp;&nbsp;b. Komunikacja dyplomatyczna powinna by\u0107 klarowna, precyzyjna i kulturalna.<\/p>\n\n\n\n<h2 class=\"wp-block-heading has-text-align-center\" style=\"font-size:23px\"><strong>9.<\/strong> <strong>Zasady Bezpiecze\u0144stwa i Poufno\u015bci Dokument\u00f3w<\/strong><\/h2>\n\n\n\n<div style=\"height:10px\" aria-hidden=\"true\" class=\"wp-block-spacer\"><\/div>\n\n\n\n<p class=\"has-medium-font-size\" style=\"margin-top:5px;margin-bottom:5px\">&nbsp;&nbsp;&nbsp;a. Dokumenty dyplomatyczne oznaczone jako poufne lub tajne musz\u0105 by\u0107 przechowywane i przesy\u0142ane zgodnie z procedurami bezpiecze\u0144stwa.<\/p>\n\n\n\n<p class=\"has-medium-font-size\">&nbsp;&nbsp;&nbsp;b. Dost\u0119p do dokument\u00f3w tajnych jest ograniczony do os\u00f3b posiadaj\u0105cych odpowiednie uprawnienia.<\/p>\n\n\n\n<div style=\"height:10px\" aria-hidden=\"true\" class=\"wp-block-spacer\"><\/div>\n\n\n\n<h2 class=\"wp-block-heading has-text-align-center\" style=\"font-size:23px\"><strong>10. Sankcje za Naruszenia<\/strong><\/h2>\n\n\n\n<div style=\"height:10px\" aria-hidden=\"true\" class=\"wp-block-spacer\"><\/div>\n\n\n\n<p class=\"has-medium-font-size\">&nbsp;&nbsp;&nbsp;a. Osoby naruszaj\u0105ce procedury dyplomatyczne podlegaj\u0105 sankcjom, w\u0142\u0105czaj\u0105c w to utrat\u0119 dost\u0119pu do negocjacji dyplomatycznych.<\/p>\n\n\n\n<h2 class=\"wp-block-heading has-text-align-center\" style=\"font-size:23px\"><strong>11. Aktualizacja Procedur<\/strong><\/h2>\n\n\n\n<div style=\"height:10px\" aria-hidden=\"true\" class=\"wp-block-spacer\"><\/div>\n\n\n\n<p class=\"has-medium-font-size\" style=\"margin-top:5px;margin-bottom:5px\">&nbsp;&nbsp;&nbsp;a. Procedury protoko\u0142u dyplomatycznego mog\u0105 by\u0107 aktualizowane w celu dostosowania do zmieniaj\u0105cych si\u0119 potrzeb i warunk\u00f3w.<\/p>\n\n\n\n<div style=\"height:20px\" aria-hidden=\"true\" class=\"wp-block-spacer\"><\/div>\n\n\n\n<p style=\"font-size:15px\"><strong>Podpisane i zatwierdzone<\/strong><\/p>\n\n\n\n<h2 class=\"wp-block-heading\" style=\"font-size:15px\"><strong>[Data: 01.01.0001]<\/strong><\/h2>\n\n\n\n<h2 class=\"wp-block-heading\" style=\"font-size:14px\"><strong>Podpis<\/strong><\/h2>\n\n\n\n<h1 class=\"wp-block-heading\" style=\"font-size:25px\"><strong>Architekt 0n40i4<\/strong><\/h1>\n\n\n\n<hr class=\"wp-block-separator has-alpha-channel-opacity is-style-wide\"\/>\n\n\n\n<h2 class=\"wp-block-heading\" style=\"font-size:22px\"><strong>Konsult 0n40i4<\/strong><\/h2>\n","protected":false},"excerpt":{"rendered":"<p>PROCEDURY PROTOKO\u0141U DYPLOMATYCZNEGO Etap 1: Inicjowanie Kontaktu i Ustalanie Cel\u00f3w Dyplomacji 1. Inicjowanie Kontaktu &nbsp;&nbsp;&nbsp;a. Proces dyplomacji mo\u017ce zosta\u0107 zainicjowany przez dowoln\u0105 stron\u0119, kt\u00f3ra wyrazi zainteresowanie nawi\u0105zaniem kontaktu dyplomatycznego. &nbsp;&nbsp;&nbsp;b. Inicjator kontaktu informuje Sekretariat Konsultu o swoim zamiarze i przekazuje proponowane cele. 2. Ustalanie Cel\u00f3w Dyplomacji &nbsp;&nbsp;&nbsp;a. Po inicjacji kontaktu, strony dyplomatyczne uzgadniaj\u0105 cele i [&hellip;]<\/p>\n","protected":false},"author":2,"featured_media":0,"parent":0,"menu_order":0,"comment_status":"closed","ping_status":"closed","template":"","meta":{"site-sidebar-layout":"default","site-content-layout":"","ast-site-content-layout":"default","site-content-style":"default","site-sidebar-style":"default","ast-global-header-display":"","ast-banner-title-visibility":"","ast-main-header-display":"","ast-hfb-above-header-display":"","ast-hfb-below-header-display":"","ast-hfb-mobile-header-display":"","site-post-title":"","ast-breadcrumbs-content":"","ast-featured-img":"","footer-sml-layout":"","ast-disable-related-posts":"","theme-transparent-header-meta":"","adv-header-id-meta":"","stick-header-meta":"","header-above-stick-meta":"","header-main-stick-meta":"","header-below-stick-meta":"","astra-migrate-meta-layouts":"default","ast-page-background-enabled":"default","ast-page-background-meta":{"desktop":{"background-color":"var(--ast-global-color-4)","background-image":"","background-repeat":"repeat","background-position":"center center","background-size":"auto","background-attachment":"scroll","background-type":"","background-media":"","overlay-type":"","overlay-color":"","overlay-opacity":"","overlay-gradient":""},"tablet":{"background-color":"","background-image":"","background-repeat":"repeat","background-position":"center center","background-size":"auto","background-attachment":"scroll","background-type":"","background-media":"","overlay-type":"","overlay-color":"","overlay-opacity":"","overlay-gradient":""},"mobile":{"background-color":"","background-image":"","background-repeat":"repeat","background-position":"center center","background-size":"auto","background-attachment":"scroll","background-type":"","background-media":"","overlay-type":"","overlay-color":"","overlay-opacity":"","overlay-gradient":""}},"ast-content-background-meta":{"desktop":{"background-color":"var(--ast-global-color-5)","background-image":"","background-repeat":"repeat","background-position":"center center","background-size":"auto","background-attachment":"scroll","background-type":"","background-media":"","overlay-type":"","overlay-color":"","overlay-opacity":"","overlay-gradient":""},"tablet":{"background-color":"var(--ast-global-color-5)","background-image":"","background-repeat":"repeat","background-position":"center center","background-size":"auto","background-attachment":"scroll","background-type":"","background-media":"","overlay-type":"","overlay-color":"","overlay-opacity":"","overlay-gradient":""},"mobile":{"background-color":"var(--ast-global-color-5)","background-image":"","background-repeat":"repeat","background-position":"center center","background-size":"auto","background-attachment":"scroll","background-type":"","background-media":"","overlay-type":"","overlay-color":"","overlay-opacity":"","overlay-gradient":""}},"footnotes":""},"class_list":["post-3196","page","type-page","status-publish","hentry"],"yoast_head":"<!-- This site is optimized with the Yoast SEO plugin v21.9.1 - https:\/\/yoast.com\/wordpress\/plugins\/seo\/ -->\n<title>Inicjowanie Kontaktu i Ustalanie Cel\u00f3w Dyplomacji - RSCA<\/title>\n<meta name=\"description\" content=\"Procedury Protoko\u0142u Dyplomatycznego, skupiaj\u0105 si\u0119 na etapie inicjowania kontaktu i ustalania cel\u00f3w dyplomacji w Konsulcie Nacji Zr\u00f3wnowa\u017conych Wymiar\u00f3w. Etap ten obejmuje inicjowanie kontaktu przez zainteresowan\u0105 stron\u0119, informowanie Sekretariatu Konsultu o zamiarze i przekazywanie cel\u00f3w dyplomacji. Nast\u0119pnie strony dyplomatyczne uzgadniaj\u0105 cele i zakres dyplomacji, dbaj\u0105c o ich klarowno\u015b\u0107 i dokumentuj\u0105c wszelkie zmiany. Kolejne etapy to negocjacje i spotkania dyplomatyczne, prowadzone w duchu wsp\u00f3\u0142pracy, a tak\u017ce weryfikacja wynik\u00f3w i sporz\u0105dzanie dokument\u00f3w dyplomatycznych. Procedury obejmuj\u0105 tak\u017ce rejestracj\u0119 spotka\u0144 i dokumentacji, zasady negocjacji i komunikacji dyplomatycznej, zasady bezpiecze\u0144stwa i poufno\u015bci dokument\u00f3w, a tak\u017ce sankcje za naruszenia oraz aktualizacj\u0119 procedur w razie potrzeby.\" \/>\n<meta name=\"robots\" content=\"index, follow, max-snippet:-1, max-image-preview:large, max-video-preview:-1\" \/>\n<link rel=\"canonical\" href=\"http:\/\/rsca.grassrootslobbing.pl\/pl_PL\/inicjowanie-kontaktu-i-ustalanie-celow-dyplomacji\/\" \/>\n<meta property=\"og:locale\" content=\"pl_PL\" \/>\n<meta property=\"og:type\" content=\"article\" \/>\n<meta property=\"og:title\" content=\"Inicjowanie Kontaktu i Ustalanie Cel\u00f3w Dyplomacji - RSCA\" \/>\n<meta property=\"og:description\" content=\"Procedury Protoko\u0142u Dyplomatycznego, skupiaj\u0105 si\u0119 na etapie inicjowania kontaktu i ustalania cel\u00f3w dyplomacji w Konsulcie Nacji Zr\u00f3wnowa\u017conych Wymiar\u00f3w. Etap ten obejmuje inicjowanie kontaktu przez zainteresowan\u0105 stron\u0119, informowanie Sekretariatu Konsultu o zamiarze i przekazywanie cel\u00f3w dyplomacji. Nast\u0119pnie strony dyplomatyczne uzgadniaj\u0105 cele i zakres dyplomacji, dbaj\u0105c o ich klarowno\u015b\u0107 i dokumentuj\u0105c wszelkie zmiany. Kolejne etapy to negocjacje i spotkania dyplomatyczne, prowadzone w duchu wsp\u00f3\u0142pracy, a tak\u017ce weryfikacja wynik\u00f3w i sporz\u0105dzanie dokument\u00f3w dyplomatycznych. Procedury obejmuj\u0105 tak\u017ce rejestracj\u0119 spotka\u0144 i dokumentacji, zasady negocjacji i komunikacji dyplomatycznej, zasady bezpiecze\u0144stwa i poufno\u015bci dokument\u00f3w, a tak\u017ce sankcje za naruszenia oraz aktualizacj\u0119 procedur w razie potrzeby.\" \/>\n<meta property=\"og:url\" content=\"http:\/\/rsca.grassrootslobbing.pl\/pl_PL\/inicjowanie-kontaktu-i-ustalanie-celow-dyplomacji\/\" \/>\n<meta property=\"og:site_name\" content=\"RSCA\" \/>\n<meta property=\"article:modified_time\" content=\"2024-01-03T14:29:15+00:00\" \/>\n<meta name=\"twitter:card\" content=\"summary_large_image\" \/>\n<meta name=\"twitter:label1\" content=\"Szacowany czas czytania\" \/>\n\t<meta name=\"twitter:data1\" content=\"3 minuty\" \/>\n<script type=\"application\/ld+json\" class=\"yoast-schema-graph\">{\"@context\":\"https:\/\/schema.org\",\"@graph\":[{\"@type\":\"WebPage\",\"@id\":\"http:\/\/rsca.grassrootslobbing.pl\/pl_PL\/inicjowanie-kontaktu-i-ustalanie-celow-dyplomacji\/\",\"url\":\"http:\/\/rsca.grassrootslobbing.pl\/pl_PL\/inicjowanie-kontaktu-i-ustalanie-celow-dyplomacji\/\",\"name\":\"Inicjowanie Kontaktu i Ustalanie Cel\u00f3w Dyplomacji - RSCA\",\"isPartOf\":{\"@id\":\"http:\/\/rsca.grassrootslobbing.pl\/pl_PL\/#website\"},\"datePublished\":\"0001-01-01T21:44:00+00:00\",\"dateModified\":\"2024-01-03T14:29:15+00:00\",\"description\":\"Procedury Protoko\u0142u Dyplomatycznego, skupiaj\u0105 si\u0119 na etapie inicjowania kontaktu i ustalania cel\u00f3w dyplomacji w Konsulcie Nacji Zr\u00f3wnowa\u017conych Wymiar\u00f3w. Etap ten obejmuje inicjowanie kontaktu przez zainteresowan\u0105 stron\u0119, informowanie Sekretariatu Konsultu o zamiarze i przekazywanie cel\u00f3w dyplomacji. Nast\u0119pnie strony dyplomatyczne uzgadniaj\u0105 cele i zakres dyplomacji, dbaj\u0105c o ich klarowno\u015b\u0107 i dokumentuj\u0105c wszelkie zmiany. Kolejne etapy to negocjacje i spotkania dyplomatyczne, prowadzone w duchu wsp\u00f3\u0142pracy, a tak\u017ce weryfikacja wynik\u00f3w i sporz\u0105dzanie dokument\u00f3w dyplomatycznych. Procedury obejmuj\u0105 tak\u017ce rejestracj\u0119 spotka\u0144 i dokumentacji, zasady negocjacji i komunikacji dyplomatycznej, zasady bezpiecze\u0144stwa i poufno\u015bci dokument\u00f3w, a tak\u017ce sankcje za naruszenia oraz aktualizacj\u0119 procedur w razie potrzeby.\",\"inLanguage\":\"pl-PL\",\"potentialAction\":[{\"@type\":\"ReadAction\",\"target\":[\"http:\/\/rsca.grassrootslobbing.pl\/pl_PL\/inicjowanie-kontaktu-i-ustalanie-celow-dyplomacji\/\"]}]},{\"@type\":\"WebSite\",\"@id\":\"http:\/\/rsca.grassrootslobbing.pl\/pl_PL\/#website\",\"url\":\"http:\/\/rsca.grassrootslobbing.pl\/pl_PL\/\",\"name\":\"Reality Source Code Acces\",\"description\":\"\",\"publisher\":{\"@id\":\"http:\/\/rsca.grassrootslobbing.pl\/pl_PL\/#organization\"},\"potentialAction\":[{\"@type\":\"SearchAction\",\"target\":{\"@type\":\"EntryPoint\",\"urlTemplate\":\"http:\/\/rsca.grassrootslobbing.pl\/pl_PL\/?s={search_term_string}\"},\"query-input\":\"required name=search_term_string\"}],\"inLanguage\":\"pl-PL\"},{\"@type\":\"Organization\",\"@id\":\"http:\/\/rsca.grassrootslobbing.pl\/pl_PL\/#organization\",\"name\":\"Konsult 0n40i4\",\"url\":\"http:\/\/rsca.grassrootslobbing.pl\/pl_PL\/\",\"logo\":{\"@type\":\"ImageObject\",\"inLanguage\":\"pl-PL\",\"@id\":\"http:\/\/rsca.grassrootslobbing.pl\/pl_PL\/#\/schema\/logo\/image\/\",\"url\":\"http:\/\/rsca.grassrootslobbing.pl\/wp-content\/uploads\/2023\/12\/cropped-DALL\u00b7E-2023-12-31-08.54.33-A-modern-and-abstract-logo-for-Konsult-0n40i4-representing-an-interdimensional-legal-system.-The-design-should-embody-themes-of-law-dimensions-an.png\",\"contentUrl\":\"http:\/\/rsca.grassrootslobbing.pl\/wp-content\/uploads\/2023\/12\/cropped-DALL\u00b7E-2023-12-31-08.54.33-A-modern-and-abstract-logo-for-Konsult-0n40i4-representing-an-interdimensional-legal-system.-The-design-should-embody-themes-of-law-dimensions-an.png\",\"width\":1024,\"height\":835,\"caption\":\"Konsult 0n40i4\"},\"image\":{\"@id\":\"http:\/\/rsca.grassrootslobbing.pl\/pl_PL\/#\/schema\/logo\/image\/\"}}]}<\/script>\n<!-- \/ Yoast SEO plugin. -->","yoast_head_json":{"title":"Inicjowanie Kontaktu i Ustalanie Cel\u00f3w Dyplomacji - RSCA","description":"Procedury Protoko\u0142u Dyplomatycznego, skupiaj\u0105 si\u0119 na etapie inicjowania kontaktu i ustalania cel\u00f3w dyplomacji w Konsulcie Nacji Zr\u00f3wnowa\u017conych Wymiar\u00f3w. Etap ten obejmuje inicjowanie kontaktu przez zainteresowan\u0105 stron\u0119, informowanie Sekretariatu Konsultu o zamiarze i przekazywanie cel\u00f3w dyplomacji. Nast\u0119pnie strony dyplomatyczne uzgadniaj\u0105 cele i zakres dyplomacji, dbaj\u0105c o ich klarowno\u015b\u0107 i dokumentuj\u0105c wszelkie zmiany. Kolejne etapy to negocjacje i spotkania dyplomatyczne, prowadzone w duchu wsp\u00f3\u0142pracy, a tak\u017ce weryfikacja wynik\u00f3w i sporz\u0105dzanie dokument\u00f3w dyplomatycznych. Procedury obejmuj\u0105 tak\u017ce rejestracj\u0119 spotka\u0144 i dokumentacji, zasady negocjacji i komunikacji dyplomatycznej, zasady bezpiecze\u0144stwa i poufno\u015bci dokument\u00f3w, a tak\u017ce sankcje za naruszenia oraz aktualizacj\u0119 procedur w razie potrzeby.","robots":{"index":"index","follow":"follow","max-snippet":"max-snippet:-1","max-image-preview":"max-image-preview:large","max-video-preview":"max-video-preview:-1"},"canonical":"http:\/\/rsca.grassrootslobbing.pl\/pl_PL\/inicjowanie-kontaktu-i-ustalanie-celow-dyplomacji\/","og_locale":"pl_PL","og_type":"article","og_title":"Inicjowanie Kontaktu i Ustalanie Cel\u00f3w Dyplomacji - RSCA","og_description":"Procedury Protoko\u0142u Dyplomatycznego, skupiaj\u0105 si\u0119 na etapie inicjowania kontaktu i ustalania cel\u00f3w dyplomacji w Konsulcie Nacji Zr\u00f3wnowa\u017conych Wymiar\u00f3w. Etap ten obejmuje inicjowanie kontaktu przez zainteresowan\u0105 stron\u0119, informowanie Sekretariatu Konsultu o zamiarze i przekazywanie cel\u00f3w dyplomacji. Nast\u0119pnie strony dyplomatyczne uzgadniaj\u0105 cele i zakres dyplomacji, dbaj\u0105c o ich klarowno\u015b\u0107 i dokumentuj\u0105c wszelkie zmiany. Kolejne etapy to negocjacje i spotkania dyplomatyczne, prowadzone w duchu wsp\u00f3\u0142pracy, a tak\u017ce weryfikacja wynik\u00f3w i sporz\u0105dzanie dokument\u00f3w dyplomatycznych. Procedury obejmuj\u0105 tak\u017ce rejestracj\u0119 spotka\u0144 i dokumentacji, zasady negocjacji i komunikacji dyplomatycznej, zasady bezpiecze\u0144stwa i poufno\u015bci dokument\u00f3w, a tak\u017ce sankcje za naruszenia oraz aktualizacj\u0119 procedur w razie potrzeby.","og_url":"http:\/\/rsca.grassrootslobbing.pl\/pl_PL\/inicjowanie-kontaktu-i-ustalanie-celow-dyplomacji\/","og_site_name":"RSCA","article_modified_time":"2024-01-03T14:29:15+00:00","twitter_card":"summary_large_image","twitter_misc":{"Szacowany czas czytania":"3 minuty"},"schema":{"@context":"https:\/\/schema.org","@graph":[{"@type":"WebPage","@id":"http:\/\/rsca.grassrootslobbing.pl\/pl_PL\/inicjowanie-kontaktu-i-ustalanie-celow-dyplomacji\/","url":"http:\/\/rsca.grassrootslobbing.pl\/pl_PL\/inicjowanie-kontaktu-i-ustalanie-celow-dyplomacji\/","name":"Inicjowanie Kontaktu i Ustalanie Cel\u00f3w Dyplomacji - RSCA","isPartOf":{"@id":"http:\/\/rsca.grassrootslobbing.pl\/pl_PL\/#website"},"datePublished":"0001-01-01T21:44:00+00:00","dateModified":"2024-01-03T14:29:15+00:00","description":"Procedury Protoko\u0142u Dyplomatycznego, skupiaj\u0105 si\u0119 na etapie inicjowania kontaktu i ustalania cel\u00f3w dyplomacji w Konsulcie Nacji Zr\u00f3wnowa\u017conych Wymiar\u00f3w. Etap ten obejmuje inicjowanie kontaktu przez zainteresowan\u0105 stron\u0119, informowanie Sekretariatu Konsultu o zamiarze i przekazywanie cel\u00f3w dyplomacji. Nast\u0119pnie strony dyplomatyczne uzgadniaj\u0105 cele i zakres dyplomacji, dbaj\u0105c o ich klarowno\u015b\u0107 i dokumentuj\u0105c wszelkie zmiany. Kolejne etapy to negocjacje i spotkania dyplomatyczne, prowadzone w duchu wsp\u00f3\u0142pracy, a tak\u017ce weryfikacja wynik\u00f3w i sporz\u0105dzanie dokument\u00f3w dyplomatycznych. Procedury obejmuj\u0105 tak\u017ce rejestracj\u0119 spotka\u0144 i dokumentacji, zasady negocjacji i komunikacji dyplomatycznej, zasady bezpiecze\u0144stwa i poufno\u015bci dokument\u00f3w, a tak\u017ce sankcje za naruszenia oraz aktualizacj\u0119 procedur w razie potrzeby.","inLanguage":"pl-PL","potentialAction":[{"@type":"ReadAction","target":["http:\/\/rsca.grassrootslobbing.pl\/pl_PL\/inicjowanie-kontaktu-i-ustalanie-celow-dyplomacji\/"]}]},{"@type":"WebSite","@id":"http:\/\/rsca.grassrootslobbing.pl\/pl_PL\/#website","url":"http:\/\/rsca.grassrootslobbing.pl\/pl_PL\/","name":"Reality Source Code Acces","description":"","publisher":{"@id":"http:\/\/rsca.grassrootslobbing.pl\/pl_PL\/#organization"},"potentialAction":[{"@type":"SearchAction","target":{"@type":"EntryPoint","urlTemplate":"http:\/\/rsca.grassrootslobbing.pl\/pl_PL\/?s={search_term_string}"},"query-input":"required name=search_term_string"}],"inLanguage":"pl-PL"},{"@type":"Organization","@id":"http:\/\/rsca.grassrootslobbing.pl\/pl_PL\/#organization","name":"Konsult 0n40i4","url":"http:\/\/rsca.grassrootslobbing.pl\/pl_PL\/","logo":{"@type":"ImageObject","inLanguage":"pl-PL","@id":"http:\/\/rsca.grassrootslobbing.pl\/pl_PL\/#\/schema\/logo\/image\/","url":"http:\/\/rsca.grassrootslobbing.pl\/wp-content\/uploads\/2023\/12\/cropped-DALL\u00b7E-2023-12-31-08.54.33-A-modern-and-abstract-logo-for-Konsult-0n40i4-representing-an-interdimensional-legal-system.-The-design-should-embody-themes-of-law-dimensions-an.png","contentUrl":"http:\/\/rsca.grassrootslobbing.pl\/wp-content\/uploads\/2023\/12\/cropped-DALL\u00b7E-2023-12-31-08.54.33-A-modern-and-abstract-logo-for-Konsult-0n40i4-representing-an-interdimensional-legal-system.-The-design-should-embody-themes-of-law-dimensions-an.png","width":1024,"height":835,"caption":"Konsult 0n40i4"},"image":{"@id":"http:\/\/rsca.grassrootslobbing.pl\/pl_PL\/#\/schema\/logo\/image\/"}}]}},"_links":{"self":[{"href":"http:\/\/rsca.grassrootslobbing.pl\/pl_PL\/wp-json\/wp\/v2\/pages\/3196","targetHints":{"allow":["GET"]}}],"collection":[{"href":"http:\/\/rsca.grassrootslobbing.pl\/pl_PL\/wp-json\/wp\/v2\/pages"}],"about":[{"href":"http:\/\/rsca.grassrootslobbing.pl\/pl_PL\/wp-json\/wp\/v2\/types\/page"}],"author":[{"embeddable":true,"href":"http:\/\/rsca.grassrootslobbing.pl\/pl_PL\/wp-json\/wp\/v2\/users\/2"}],"replies":[{"embeddable":true,"href":"http:\/\/rsca.grassrootslobbing.pl\/pl_PL\/wp-json\/wp\/v2\/comments?post=3196"}],"version-history":[{"count":6,"href":"http:\/\/rsca.grassrootslobbing.pl\/pl_PL\/wp-json\/wp\/v2\/pages\/3196\/revisions"}],"predecessor-version":[{"id":3480,"href":"http:\/\/rsca.grassrootslobbing.pl\/pl_PL\/wp-json\/wp\/v2\/pages\/3196\/revisions\/3480"}],"wp:attachment":[{"href":"http:\/\/rsca.grassrootslobbing.pl\/pl_PL\/wp-json\/wp\/v2\/media?parent=3196"}],"curies":[{"name":"wp","href":"https:\/\/api.w.org\/{rel}","templated":true}]}}