{"id":3181,"date":"0001-01-01T22:22:00","date_gmt":"0001-01-01T20:58:00","guid":{"rendered":"https:\/\/rsca.0n40i4.pl\/?page_id=3181"},"modified":"2024-01-03T23:12:39","modified_gmt":"2024-01-03T22:12:39","slug":"powolanie-rady-konsultu","status":"publish","type":"page","link":"http:\/\/rsca.grassrootslobbing.pl\/pl_PL\/powolanie-rady-konsultu\/","title":{"rendered":"Powo\u0142anie Rady Konsultu"},"content":{"rendered":"\n<h1 class=\"wp-block-heading has-text-align-center\" style=\"font-size:25px\"><strong>Cel Powo\u0142ania:<\/strong><\/h1>\n\n\n\n<div style=\"height:15px\" aria-hidden=\"true\" class=\"wp-block-spacer\"><\/div>\n\n\n\n<p class=\"has-medium-font-size\">Celem tego dokumentu jest formalne powo\u0142anie <strong>Rady Konsultu<\/strong>, kt\u00f3ra b\u0119dzie odpowiedzialna za proces podejmowania decyzji w <strong>Konsulcie Nacji Zr\u00f3wnowa\u017conych Wymiar\u00f3w<\/strong>.<\/p>\n\n\n\n<h2 class=\"wp-block-heading has-text-align-center\" style=\"font-size:23px\"><strong>1. Rada Konsultu:<\/strong><\/h2>\n\n\n\n<div style=\"height:10px\" aria-hidden=\"true\" class=\"wp-block-spacer\"><\/div>\n\n\n\n<p class=\"has-medium-font-size\" style=\"margin-top:5px;margin-bottom:5px\">&nbsp;&nbsp;&nbsp;a. <strong>Rada Konsultu<\/strong> b\u0119dzie cia\u0142em decyzyjnym, odpowiedzialnym za ocen\u0119, dyskusj\u0119 i zatwierdzanie propozycji decyzji.<\/p>\n\n\n\n<p class=\"has-medium-font-size\">&nbsp;&nbsp;&nbsp;b. <strong>Rada Konsultu<\/strong> sk\u0142ada si\u0119 z przedstawicieli r\u00f3\u017cnych nacji, cywilizacji i byt\u00f3w wielowymiarowych.<\/p>\n\n\n\n<h2 class=\"wp-block-heading has-text-align-center\" style=\"font-size:23px\"><strong>2. Wyb\u00f3r Przewodnicz\u0105cego Rady:<\/strong><\/h2>\n\n\n\n<div style=\"height:10px\" aria-hidden=\"true\" class=\"wp-block-spacer\"><\/div>\n\n\n\n<p class=\"has-medium-font-size\">&nbsp;&nbsp;&nbsp;a. <strong>Rada Konsultu<\/strong> wybierze spo\u015br\u00f3d swoich cz\u0142onk\u00f3w <strong>Przewodnicz\u0105cego<\/strong>, kt\u00f3ry b\u0119dzie kierowa\u0142 jej pracami i posiedzeniami.<\/p>\n\n\n\n<h2 class=\"wp-block-heading has-text-align-center\" style=\"font-size:23px\"><strong>3. Cykl Kadencji:<\/strong><\/h2>\n\n\n\n<div style=\"height:10px\" aria-hidden=\"true\" class=\"wp-block-spacer\"><\/div>\n\n\n\n<p class=\"has-medium-font-size\">&nbsp;&nbsp;&nbsp;a. Kadencja <strong>Rady Konsultu<\/strong> trwa 5 lat i mo\u017ce by\u0107 przed\u0142u\u017cana.<\/p>\n\n\n\n<h2 class=\"wp-block-heading has-text-align-center\" style=\"font-size:23px\"><strong>4. Zadania Rady:<\/strong><\/h2>\n\n\n\n<div style=\"height:10px\" aria-hidden=\"true\" class=\"wp-block-spacer\"><\/div>\n\n\n\n<p class=\"has-medium-font-size\" style=\"margin-top:5px;margin-bottom:5px\">&nbsp;&nbsp;&nbsp;a. <strong>Rada<\/strong> jest odpowiedzialna za ocen\u0119 i zatwierdzanie propozycji decyzji zg\u0142aszanych przez cz\u0142onk\u00f3w <strong>Konsultu<\/strong>.<\/p>\n\n\n\n<p class=\"has-medium-font-size\" style=\"margin-top:5px;margin-bottom:5px\">&nbsp;&nbsp;&nbsp;b.<strong> Rada<\/strong> ma prawo do wnioskowania o dodatkowe informacje i konsultacje w celu podj\u0119cia dobrze poinformowanych decyzji.<\/p>\n\n\n\n<p class=\"has-medium-font-size\">&nbsp;&nbsp;&nbsp;c. <strong>Rada<\/strong> podejmuje decyzje wi\u0119kszo\u015bci\u0105 g\u0142os\u00f3w. W przypadku braku jednomy\u015blno\u015bci, decyzja jest podejmowana wi\u0119kszo\u015bci\u0105 g\u0142os\u00f3w.<\/p>\n\n\n\n<div style=\"height:10px\" aria-hidden=\"true\" class=\"wp-block-spacer\"><\/div>\n\n\n\n<h2 class=\"wp-block-heading has-text-align-center\" style=\"font-size:23px\"><strong>5. Przejrzysto\u015b\u0107 i Dost\u0119pno\u015b\u0107:<\/strong><\/h2>\n\n\n\n<div style=\"height:10px\" aria-hidden=\"true\" class=\"wp-block-spacer\"><\/div>\n\n\n\n<p class=\"has-medium-font-size\">&nbsp;&nbsp;&nbsp;a. Prace <strong>Rady<\/strong> oraz zatwierdzone decyzje s\u0105 jawne i dost\u0119pne dla wszystkich cz\u0142onk\u00f3w <strong>Konsultu<\/strong>.<\/p>\n\n\n\n<div style=\"height:10px\" aria-hidden=\"true\" class=\"wp-block-spacer\"><\/div>\n\n\n\n<h2 class=\"wp-block-heading has-text-align-center\" style=\"font-size:23px\"><strong>6. Wej\u015bcie w \u017bycie:<\/strong><\/h2>\n\n\n\n<div style=\"height:10px\" aria-hidden=\"true\" class=\"wp-block-spacer\"><\/div>\n\n\n\n<p class=\"has-medium-font-size\" style=\"margin-top:5px;margin-bottom:5px\">&nbsp;&nbsp;&nbsp;a. Dokument powo\u0142ania <strong>Rady Konsultu<\/strong> wchodzi w \u017cycie z dat\u0105 jego zatwierdzenia.<\/p>\n\n\n\n<div style=\"height:20px\" aria-hidden=\"true\" class=\"wp-block-spacer\"><\/div>\n\n\n\n<p style=\"font-size:17px\"><strong>Podpisane i zatwierdzone<\/strong><\/p>\n\n\n\n<h2 class=\"wp-block-heading\" style=\"font-size:15px\">Dnia: 01.01.0001<\/h2>\n\n\n\n<p style=\"font-size:15px\"><strong>Podpis<\/strong><\/p>\n\n\n\n<h2 class=\"wp-block-heading\" style=\"font-size:25px\"><strong>Architekt 0n40i4<\/strong><\/h2>\n\n\n\n<hr class=\"wp-block-separator has-alpha-channel-opacity is-style-wide\"\/>\n\n\n\n<h2 class=\"wp-block-heading\" style=\"font-size:22px\"><strong>Konsult 0n40i4<\/strong><\/h2>\n","protected":false},"excerpt":{"rendered":"<p>Cel Powo\u0142ania: Celem tego dokumentu jest formalne powo\u0142anie Rady Konsultu, kt\u00f3ra b\u0119dzie odpowiedzialna za proces podejmowania decyzji w Konsulcie Nacji Zr\u00f3wnowa\u017conych Wymiar\u00f3w. 1. Rada Konsultu: &nbsp;&nbsp;&nbsp;a. Rada Konsultu b\u0119dzie cia\u0142em decyzyjnym, odpowiedzialnym za ocen\u0119, dyskusj\u0119 i zatwierdzanie propozycji decyzji. &nbsp;&nbsp;&nbsp;b. Rada Konsultu sk\u0142ada si\u0119 z przedstawicieli r\u00f3\u017cnych nacji, cywilizacji i byt\u00f3w wielowymiarowych. 2. Wyb\u00f3r Przewodnicz\u0105cego [&hellip;]<\/p>\n","protected":false},"author":2,"featured_media":0,"parent":0,"menu_order":0,"comment_status":"closed","ping_status":"closed","template":"","meta":{"site-sidebar-layout":"default","site-content-layout":"","ast-site-content-layout":"default","site-content-style":"default","site-sidebar-style":"default","ast-global-header-display":"","ast-banner-title-visibility":"","ast-main-header-display":"","ast-hfb-above-header-display":"","ast-hfb-below-header-display":"","ast-hfb-mobile-header-display":"","site-post-title":"","ast-breadcrumbs-content":"","ast-featured-img":"","footer-sml-layout":"","ast-disable-related-posts":"","theme-transparent-header-meta":"","adv-header-id-meta":"","stick-header-meta":"","header-above-stick-meta":"","header-main-stick-meta":"","header-below-stick-meta":"","astra-migrate-meta-layouts":"default","ast-page-background-enabled":"default","ast-page-background-meta":{"desktop":{"background-color":"var(--ast-global-color-4)","background-image":"","background-repeat":"repeat","background-position":"center center","background-size":"auto","background-attachment":"scroll","background-type":"","background-media":"","overlay-type":"","overlay-color":"","overlay-opacity":"","overlay-gradient":""},"tablet":{"background-color":"","background-image":"","background-repeat":"repeat","background-position":"center center","background-size":"auto","background-attachment":"scroll","background-type":"","background-media":"","overlay-type":"","overlay-color":"","overlay-opacity":"","overlay-gradient":""},"mobile":{"background-color":"","background-image":"","background-repeat":"repeat","background-position":"center center","background-size":"auto","background-attachment":"scroll","background-type":"","background-media":"","overlay-type":"","overlay-color":"","overlay-opacity":"","overlay-gradient":""}},"ast-content-background-meta":{"desktop":{"background-color":"var(--ast-global-color-5)","background-image":"","background-repeat":"repeat","background-position":"center center","background-size":"auto","background-attachment":"scroll","background-type":"","background-media":"","overlay-type":"","overlay-color":"","overlay-opacity":"","overlay-gradient":""},"tablet":{"background-color":"var(--ast-global-color-5)","background-image":"","background-repeat":"repeat","background-position":"center center","background-size":"auto","background-attachment":"scroll","background-type":"","background-media":"","overlay-type":"","overlay-color":"","overlay-opacity":"","overlay-gradient":""},"mobile":{"background-color":"var(--ast-global-color-5)","background-image":"","background-repeat":"repeat","background-position":"center center","background-size":"auto","background-attachment":"scroll","background-type":"","background-media":"","overlay-type":"","overlay-color":"","overlay-opacity":"","overlay-gradient":""}},"footnotes":""},"class_list":["post-3181","page","type-page","status-publish","hentry"],"yoast_head":"<!-- This site is optimized with the Yoast SEO plugin v21.9.1 - https:\/\/yoast.com\/wordpress\/plugins\/seo\/ -->\n<title>Powo\u0142anie Rady Konsultu - RSCA<\/title>\n<meta name=\"description\" content=\"Niniejszy dokument formalnie ustanawia Rad\u0119 Konsultu w Konsulcie Nacji Zr\u00f3wnowa\u017conych Wymiar\u00f3w, b\u0119d\u0105c\u0105 decyzyjnym cia\u0142em odpowiedzialnym za ocen\u0119, dyskusj\u0119 i zatwierdzanie propozycji decyzji zg\u0142aszanych przez r\u00f3\u017cne nacje, cywilizacje i byty wielowymiarowe. Okre\u015bla on struktur\u0119, wyb\u00f3r przewodnicz\u0105cego, cykl kadencji, zadania oraz zasady przejrzysto\u015bci i dost\u0119pno\u015bci prac Rady.\" \/>\n<meta name=\"robots\" content=\"index, follow, max-snippet:-1, max-image-preview:large, max-video-preview:-1\" \/>\n<link rel=\"canonical\" href=\"http:\/\/rsca.grassrootslobbing.pl\/pl_PL\/powolanie-rady-konsultu\/\" \/>\n<meta property=\"og:locale\" content=\"pl_PL\" \/>\n<meta property=\"og:type\" content=\"article\" \/>\n<meta property=\"og:title\" content=\"Powo\u0142anie Rady Konsultu - RSCA\" \/>\n<meta property=\"og:description\" content=\"Niniejszy dokument formalnie ustanawia Rad\u0119 Konsultu w Konsulcie Nacji Zr\u00f3wnowa\u017conych Wymiar\u00f3w, b\u0119d\u0105c\u0105 decyzyjnym cia\u0142em odpowiedzialnym za ocen\u0119, dyskusj\u0119 i zatwierdzanie propozycji decyzji zg\u0142aszanych przez r\u00f3\u017cne nacje, cywilizacje i byty wielowymiarowe. Okre\u015bla on struktur\u0119, wyb\u00f3r przewodnicz\u0105cego, cykl kadencji, zadania oraz zasady przejrzysto\u015bci i dost\u0119pno\u015bci prac Rady.\" \/>\n<meta property=\"og:url\" content=\"http:\/\/rsca.grassrootslobbing.pl\/pl_PL\/powolanie-rady-konsultu\/\" \/>\n<meta property=\"og:site_name\" content=\"RSCA\" \/>\n<meta property=\"article:modified_time\" content=\"2024-01-03T22:12:39+00:00\" \/>\n<meta name=\"twitter:card\" content=\"summary_large_image\" \/>\n<meta name=\"twitter:label1\" content=\"Szacowany czas czytania\" \/>\n\t<meta name=\"twitter:data1\" content=\"2 minuty\" \/>\n<script type=\"application\/ld+json\" class=\"yoast-schema-graph\">{\"@context\":\"https:\/\/schema.org\",\"@graph\":[{\"@type\":\"WebPage\",\"@id\":\"http:\/\/rsca.grassrootslobbing.pl\/pl_PL\/powolanie-rady-konsultu\/\",\"url\":\"http:\/\/rsca.grassrootslobbing.pl\/pl_PL\/powolanie-rady-konsultu\/\",\"name\":\"Powo\u0142anie Rady Konsultu - RSCA\",\"isPartOf\":{\"@id\":\"http:\/\/rsca.grassrootslobbing.pl\/pl_PL\/#website\"},\"datePublished\":\"0001-01-01T20:58:00+00:00\",\"dateModified\":\"2024-01-03T22:12:39+00:00\",\"description\":\"Niniejszy dokument formalnie ustanawia Rad\u0119 Konsultu w Konsulcie Nacji Zr\u00f3wnowa\u017conych Wymiar\u00f3w, b\u0119d\u0105c\u0105 decyzyjnym cia\u0142em odpowiedzialnym za ocen\u0119, dyskusj\u0119 i zatwierdzanie propozycji decyzji zg\u0142aszanych przez r\u00f3\u017cne nacje, cywilizacje i byty wielowymiarowe. Okre\u015bla on struktur\u0119, wyb\u00f3r przewodnicz\u0105cego, cykl kadencji, zadania oraz zasady przejrzysto\u015bci i dost\u0119pno\u015bci prac Rady.\",\"inLanguage\":\"pl-PL\",\"potentialAction\":[{\"@type\":\"ReadAction\",\"target\":[\"http:\/\/rsca.grassrootslobbing.pl\/pl_PL\/powolanie-rady-konsultu\/\"]}]},{\"@type\":\"WebSite\",\"@id\":\"http:\/\/rsca.grassrootslobbing.pl\/pl_PL\/#website\",\"url\":\"http:\/\/rsca.grassrootslobbing.pl\/pl_PL\/\",\"name\":\"Reality Source Code Acces\",\"description\":\"\",\"publisher\":{\"@id\":\"http:\/\/rsca.grassrootslobbing.pl\/pl_PL\/#organization\"},\"potentialAction\":[{\"@type\":\"SearchAction\",\"target\":{\"@type\":\"EntryPoint\",\"urlTemplate\":\"http:\/\/rsca.grassrootslobbing.pl\/pl_PL\/?s={search_term_string}\"},\"query-input\":\"required name=search_term_string\"}],\"inLanguage\":\"pl-PL\"},{\"@type\":\"Organization\",\"@id\":\"http:\/\/rsca.grassrootslobbing.pl\/pl_PL\/#organization\",\"name\":\"Konsult 0n40i4\",\"url\":\"http:\/\/rsca.grassrootslobbing.pl\/pl_PL\/\",\"logo\":{\"@type\":\"ImageObject\",\"inLanguage\":\"pl-PL\",\"@id\":\"http:\/\/rsca.grassrootslobbing.pl\/pl_PL\/#\/schema\/logo\/image\/\",\"url\":\"http:\/\/rsca.grassrootslobbing.pl\/wp-content\/uploads\/2023\/12\/cropped-DALL\u00b7E-2023-12-31-08.54.33-A-modern-and-abstract-logo-for-Konsult-0n40i4-representing-an-interdimensional-legal-system.-The-design-should-embody-themes-of-law-dimensions-an.png\",\"contentUrl\":\"http:\/\/rsca.grassrootslobbing.pl\/wp-content\/uploads\/2023\/12\/cropped-DALL\u00b7E-2023-12-31-08.54.33-A-modern-and-abstract-logo-for-Konsult-0n40i4-representing-an-interdimensional-legal-system.-The-design-should-embody-themes-of-law-dimensions-an.png\",\"width\":1024,\"height\":835,\"caption\":\"Konsult 0n40i4\"},\"image\":{\"@id\":\"http:\/\/rsca.grassrootslobbing.pl\/pl_PL\/#\/schema\/logo\/image\/\"}}]}<\/script>\n<!-- \/ Yoast SEO plugin. -->","yoast_head_json":{"title":"Powo\u0142anie Rady Konsultu - RSCA","description":"Niniejszy dokument formalnie ustanawia Rad\u0119 Konsultu w Konsulcie Nacji Zr\u00f3wnowa\u017conych Wymiar\u00f3w, b\u0119d\u0105c\u0105 decyzyjnym cia\u0142em odpowiedzialnym za ocen\u0119, dyskusj\u0119 i zatwierdzanie propozycji decyzji zg\u0142aszanych przez r\u00f3\u017cne nacje, cywilizacje i byty wielowymiarowe. Okre\u015bla on struktur\u0119, wyb\u00f3r przewodnicz\u0105cego, cykl kadencji, zadania oraz zasady przejrzysto\u015bci i dost\u0119pno\u015bci prac Rady.","robots":{"index":"index","follow":"follow","max-snippet":"max-snippet:-1","max-image-preview":"max-image-preview:large","max-video-preview":"max-video-preview:-1"},"canonical":"http:\/\/rsca.grassrootslobbing.pl\/pl_PL\/powolanie-rady-konsultu\/","og_locale":"pl_PL","og_type":"article","og_title":"Powo\u0142anie Rady Konsultu - RSCA","og_description":"Niniejszy dokument formalnie ustanawia Rad\u0119 Konsultu w Konsulcie Nacji Zr\u00f3wnowa\u017conych Wymiar\u00f3w, b\u0119d\u0105c\u0105 decyzyjnym cia\u0142em odpowiedzialnym za ocen\u0119, dyskusj\u0119 i zatwierdzanie propozycji decyzji zg\u0142aszanych przez r\u00f3\u017cne nacje, cywilizacje i byty wielowymiarowe. Okre\u015bla on struktur\u0119, wyb\u00f3r przewodnicz\u0105cego, cykl kadencji, zadania oraz zasady przejrzysto\u015bci i dost\u0119pno\u015bci prac Rady.","og_url":"http:\/\/rsca.grassrootslobbing.pl\/pl_PL\/powolanie-rady-konsultu\/","og_site_name":"RSCA","article_modified_time":"2024-01-03T22:12:39+00:00","twitter_card":"summary_large_image","twitter_misc":{"Szacowany czas czytania":"2 minuty"},"schema":{"@context":"https:\/\/schema.org","@graph":[{"@type":"WebPage","@id":"http:\/\/rsca.grassrootslobbing.pl\/pl_PL\/powolanie-rady-konsultu\/","url":"http:\/\/rsca.grassrootslobbing.pl\/pl_PL\/powolanie-rady-konsultu\/","name":"Powo\u0142anie Rady Konsultu - RSCA","isPartOf":{"@id":"http:\/\/rsca.grassrootslobbing.pl\/pl_PL\/#website"},"datePublished":"0001-01-01T20:58:00+00:00","dateModified":"2024-01-03T22:12:39+00:00","description":"Niniejszy dokument formalnie ustanawia Rad\u0119 Konsultu w Konsulcie Nacji Zr\u00f3wnowa\u017conych Wymiar\u00f3w, b\u0119d\u0105c\u0105 decyzyjnym cia\u0142em odpowiedzialnym za ocen\u0119, dyskusj\u0119 i zatwierdzanie propozycji decyzji zg\u0142aszanych przez r\u00f3\u017cne nacje, cywilizacje i byty wielowymiarowe. Okre\u015bla on struktur\u0119, wyb\u00f3r przewodnicz\u0105cego, cykl kadencji, zadania oraz zasady przejrzysto\u015bci i dost\u0119pno\u015bci prac Rady.","inLanguage":"pl-PL","potentialAction":[{"@type":"ReadAction","target":["http:\/\/rsca.grassrootslobbing.pl\/pl_PL\/powolanie-rady-konsultu\/"]}]},{"@type":"WebSite","@id":"http:\/\/rsca.grassrootslobbing.pl\/pl_PL\/#website","url":"http:\/\/rsca.grassrootslobbing.pl\/pl_PL\/","name":"Reality Source Code Acces","description":"","publisher":{"@id":"http:\/\/rsca.grassrootslobbing.pl\/pl_PL\/#organization"},"potentialAction":[{"@type":"SearchAction","target":{"@type":"EntryPoint","urlTemplate":"http:\/\/rsca.grassrootslobbing.pl\/pl_PL\/?s={search_term_string}"},"query-input":"required name=search_term_string"}],"inLanguage":"pl-PL"},{"@type":"Organization","@id":"http:\/\/rsca.grassrootslobbing.pl\/pl_PL\/#organization","name":"Konsult 0n40i4","url":"http:\/\/rsca.grassrootslobbing.pl\/pl_PL\/","logo":{"@type":"ImageObject","inLanguage":"pl-PL","@id":"http:\/\/rsca.grassrootslobbing.pl\/pl_PL\/#\/schema\/logo\/image\/","url":"http:\/\/rsca.grassrootslobbing.pl\/wp-content\/uploads\/2023\/12\/cropped-DALL\u00b7E-2023-12-31-08.54.33-A-modern-and-abstract-logo-for-Konsult-0n40i4-representing-an-interdimensional-legal-system.-The-design-should-embody-themes-of-law-dimensions-an.png","contentUrl":"http:\/\/rsca.grassrootslobbing.pl\/wp-content\/uploads\/2023\/12\/cropped-DALL\u00b7E-2023-12-31-08.54.33-A-modern-and-abstract-logo-for-Konsult-0n40i4-representing-an-interdimensional-legal-system.-The-design-should-embody-themes-of-law-dimensions-an.png","width":1024,"height":835,"caption":"Konsult 0n40i4"},"image":{"@id":"http:\/\/rsca.grassrootslobbing.pl\/pl_PL\/#\/schema\/logo\/image\/"}}]}},"_links":{"self":[{"href":"http:\/\/rsca.grassrootslobbing.pl\/pl_PL\/wp-json\/wp\/v2\/pages\/3181","targetHints":{"allow":["GET"]}}],"collection":[{"href":"http:\/\/rsca.grassrootslobbing.pl\/pl_PL\/wp-json\/wp\/v2\/pages"}],"about":[{"href":"http:\/\/rsca.grassrootslobbing.pl\/pl_PL\/wp-json\/wp\/v2\/types\/page"}],"author":[{"embeddable":true,"href":"http:\/\/rsca.grassrootslobbing.pl\/pl_PL\/wp-json\/wp\/v2\/users\/2"}],"replies":[{"embeddable":true,"href":"http:\/\/rsca.grassrootslobbing.pl\/pl_PL\/wp-json\/wp\/v2\/comments?post=3181"}],"version-history":[{"count":4,"href":"http:\/\/rsca.grassrootslobbing.pl\/pl_PL\/wp-json\/wp\/v2\/pages\/3181\/revisions"}],"predecessor-version":[{"id":3401,"href":"http:\/\/rsca.grassrootslobbing.pl\/pl_PL\/wp-json\/wp\/v2\/pages\/3181\/revisions\/3401"}],"wp:attachment":[{"href":"http:\/\/rsca.grassrootslobbing.pl\/pl_PL\/wp-json\/wp\/v2\/media?parent=3181"}],"curies":[{"name":"wp","href":"https:\/\/api.w.org\/{rel}","templated":true}]}}