{"id":3175,"date":"0001-01-01T11:11:00","date_gmt":"0001-01-01T09:47:00","guid":{"rendered":"https:\/\/rsca.0n40i4.pl\/?page_id=3175"},"modified":"2024-01-03T22:55:47","modified_gmt":"2024-01-03T21:55:47","slug":"porozumienie-o-wspolpracy-miedzy-nacjami","status":"publish","type":"page","link":"http:\/\/rsca.grassrootslobbing.pl\/pl_PL\/porozumienie-o-wspolpracy-miedzy-nacjami\/","title":{"rendered":"Porozumienie o Wsp\u00f3\u0142pracy Mi\u0119dzy Nacjami"},"content":{"rendered":"\n<h2 class=\"wp-block-heading has-text-align-center\" style=\"font-size:25px\"><strong>Preambu\u0142a<\/strong><\/h2>\n\n\n\n<div style=\"height:15px\" aria-hidden=\"true\" class=\"wp-block-spacer\"><\/div>\n\n\n\n<p class=\"has-medium-font-size\">Niniejsze <strong>Porozumienie<\/strong> ma na celu ustanowienie podstaw wsp\u00f3\u0142pracy mi\u0119dzy r\u00f3\u017cnymi nacjami reprezentowanymi w <strong>Konsulcie Nacji Zr\u00f3wnowa\u017conych Wymiar\u00f3w<\/strong>, zwany dalej \u201e<strong>Konsultem<\/strong>\u201d. Porozumienie ma na celu regulowanie relacji mi\u0119dzy <strong>Sygnatariuszami<\/strong>, wzmacnianie dialogu mi\u0119dzykulturowego oraz promowanie zr\u00f3wnowa\u017conego rozwoju mi\u0119dzywymiarowego.<\/p>\n\n\n\n<h2 class=\"wp-block-heading has-text-align-center\" style=\"font-size:23px\"><strong>Rozdzia\u0142 I: Cele Porozumienia<\/strong><\/h2>\n\n\n\n<div style=\"height:10px\" aria-hidden=\"true\" class=\"wp-block-spacer\"><\/div>\n\n\n\n<p class=\"has-medium-font-size\" style=\"margin-top:5px;margin-bottom:5px\">1. G\u0142\u00f3wnym celem <strong>Porozumienia<\/strong> jest promowanie wsp\u00f3\u0142pracy i wzajemnego zrozumienia mi\u0119dzy reprezentowanymi nacjami w <strong>Konsulcie<\/strong>.<\/p>\n\n\n\n<p class=\"has-medium-font-size\" style=\"margin-top:5px;margin-bottom:5px\">2. Cele <strong>Porozumienia<\/strong> obejmuj\u0105:<\/p>\n\n\n\n<p class=\"has-medium-font-size\" style=\"margin-top:5px;margin-bottom:5px\">&nbsp;&nbsp;&nbsp;a. Wspieranie kulturalnej i naukowej wymiany mi\u0119dzy nacjami.<\/p>\n\n\n\n<p class=\"has-medium-font-size\" style=\"margin-top:5px;margin-bottom:5px\">&nbsp;&nbsp;&nbsp;b. Rozwi\u0105zywanie ewentualnych konflikt\u00f3w pokojowo i w duchu wsp\u00f3\u0142pracy.<\/p>\n\n\n\n<p class=\"has-medium-font-size\" style=\"margin-top:5px;margin-bottom:5px\">&nbsp;&nbsp;&nbsp;c. Dzia\u0142ania na rzecz zr\u00f3wnowa\u017conego rozwoju mi\u0119dzywymiarowego.<\/p>\n\n\n\n<p class=\"has-medium-font-size\">&nbsp;&nbsp;&nbsp;d. Ochron\u0119 dziedzictwa kulturowego i \u015brodowiska.<\/p>\n\n\n\n<h2 class=\"wp-block-heading has-text-align-center\" style=\"font-size:23px\"><strong>Rozdzia\u0142 II: Struktura Porozumienia<\/strong><\/h2>\n\n\n\n<div style=\"height:10px\" aria-hidden=\"true\" class=\"wp-block-spacer\"><\/div>\n\n\n\n<p class=\"has-medium-font-size\" style=\"margin-top:5px;margin-bottom:5px\">1. <strong>Porozumienie<\/strong> jest otwarte na podpisanie przez ka\u017cd\u0105 nacj\u0119, kt\u00f3ra jest reprezentowana w <strong>Konsulcie<\/strong>.<\/p>\n\n\n\n<p class=\"has-medium-font-size\" style=\"margin-top:5px;margin-bottom:5px\">2. Struktura <strong>Porozumienia<\/strong> obejmuje:<\/p>\n\n\n\n<p class=\"has-medium-font-size\" style=\"margin-top:5px;margin-bottom:5px\">&nbsp;&nbsp;&nbsp;a. Sygnatariuszy reprezentuj\u0105cych r\u00f3\u017cne nacje w <strong>Konsulcie<\/strong>.<\/p>\n\n\n\n<p class=\"has-medium-font-size\">&nbsp;&nbsp;&nbsp;b. W\u0142adze wykonawcze <strong>Porozumienia<\/strong>, kt\u00f3re zapewniaj\u0105 jego realizacj\u0119.<\/p>\n\n\n\n<div style=\"height:10px\" aria-hidden=\"true\" class=\"wp-block-spacer\"><\/div>\n\n\n\n<h2 class=\"wp-block-heading has-text-align-center\" style=\"font-size:23px\"><strong>Rozdzia\u0142 III: Zasady Wsp\u00f3\u0142pracy<\/strong><\/h2>\n\n\n\n<div style=\"height:10px\" aria-hidden=\"true\" class=\"wp-block-spacer\"><\/div>\n\n\n\n<div style=\"height:10px\" aria-hidden=\"true\" class=\"wp-block-spacer\"><\/div>\n\n\n\n<p style=\"margin-top:5px;margin-bottom:5px;font-size:20px\">1. <strong>Sygnatariusze Porozumienia<\/strong> zobowi\u0105zuj\u0105 si\u0119 do:<\/p>\n\n\n\n<p style=\"margin-top:5px;margin-bottom:5px;font-size:20px\">&nbsp;&nbsp;&nbsp;a. Promowania dialogu mi\u0119dzykulturowego i wymiany kulturowej.<\/p>\n\n\n\n<p style=\"margin-top:5px;margin-bottom:5px;font-size:20px\">&nbsp;&nbsp;&nbsp;b. Wspierania projekt\u00f3w kulturalnych, naukowych i edukacyjnych mi\u0119dzy nacjami.<\/p>\n\n\n\n<p style=\"margin-top:5px;margin-bottom:5px;font-size:20px\">&nbsp;&nbsp;&nbsp;c. Rozwi\u0105zywania ewentualnych spor\u00f3w i konflikt\u00f3w w spos\u00f3b pokojowy i dyplomatyczny.<\/p>\n\n\n\n<p style=\"margin-top:5px;margin-bottom:5px;font-size:20px\">2. <strong>Porozumienie<\/strong> respektuje zasady r\u00f3wno\u015bci, suwerenno\u015bci i szacunku dla r\u00f3\u017cnorodno\u015bci kulturowej i etycznej <strong>Sygnatariuszy<\/strong>.<\/p>\n\n\n\n<p style=\"font-size:20px\">3. <strong>Porozumienie <\/strong>zobowi\u0105zuje sygnatariuszy do ochrony \u015brodowiska naturalnego i dziedzictwa kulturowego.<\/p>\n\n\n\n<h2 class=\"wp-block-heading has-text-align-center\" style=\"font-size:23px\"><strong>Rozdzia\u0142 IV: Zmiany w Porozumieniu<\/strong><\/h2>\n\n\n\n<div style=\"height:10px\" aria-hidden=\"true\" class=\"wp-block-spacer\"><\/div>\n\n\n\n<p class=\"has-medium-font-size\" style=\"margin-top:5px;margin-bottom:5px\">1. Wprowadzenie zmian w <strong>Porozumieniu<\/strong> wymaga zgody wi\u0119kszo\u015bci <strong>Sygnatariuszy<\/strong>.<\/p>\n\n\n\n<p class=\"has-medium-font-size\">2. Propozycje zmian w <strong>Porozumieniu<\/strong> mog\u0105 by\u0107 zg\u0142aszane przez ka\u017cdego <strong>Sygnatariusza<\/strong>.<\/p>\n\n\n\n<h2 class=\"wp-block-heading has-text-align-center\" style=\"font-size:23px\"><strong>Rozdzia\u0142 V: Wej\u015bcie w \u017bycie<\/strong><\/h2>\n\n\n\n<div style=\"height:10px\" aria-hidden=\"true\" class=\"wp-block-spacer\"><\/div>\n\n\n\n<p class=\"has-medium-font-size\">1. Niniejsze <strong>Porozumienie<\/strong> wchodzi w \u017cycie z dniem podpisania przez pierwszych <strong>Sygnatariuszy<\/strong>.<\/p>\n\n\n\n<div style=\"height:10px\" aria-hidden=\"true\" class=\"wp-block-spacer\"><\/div>\n\n\n\n<p style=\"font-size:15px\"><strong>Podpisane i zatwierdzone<\/strong> <\/p>\n\n\n\n<h2 class=\"wp-block-heading\" style=\"font-size:15px\"><strong>[Data: 01.01.0001]<\/strong><\/h2>\n\n\n\n<div style=\"height:10px\" aria-hidden=\"true\" class=\"wp-block-spacer\"><\/div>\n\n\n\n<h2 class=\"wp-block-heading\" style=\"font-size:15px\"><strong>Podpis<\/strong><\/h2>\n\n\n\n<div style=\"height:10px\" aria-hidden=\"true\" class=\"wp-block-spacer\"><\/div>\n\n\n\n<h1 class=\"wp-block-heading\" style=\"font-size:25px\"><strong>Architekt 0n40i4<\/strong><\/h1>\n\n\n\n<hr class=\"wp-block-separator has-alpha-channel-opacity is-style-wide\"\/>\n\n\n\n<h2 class=\"wp-block-heading\" style=\"font-size:22px\"><strong>Konsult 0n40i4<\/strong><\/h2>\n","protected":false},"excerpt":{"rendered":"<p>Preambu\u0142a Niniejsze Porozumienie ma na celu ustanowienie podstaw wsp\u00f3\u0142pracy mi\u0119dzy r\u00f3\u017cnymi nacjami reprezentowanymi w Konsulcie Nacji Zr\u00f3wnowa\u017conych Wymiar\u00f3w, zwany dalej \u201eKonsultem\u201d. Porozumienie ma na celu regulowanie relacji mi\u0119dzy Sygnatariuszami, wzmacnianie dialogu mi\u0119dzykulturowego oraz promowanie zr\u00f3wnowa\u017conego rozwoju mi\u0119dzywymiarowego. Rozdzia\u0142 I: Cele Porozumienia 1. G\u0142\u00f3wnym celem Porozumienia jest promowanie wsp\u00f3\u0142pracy i wzajemnego zrozumienia mi\u0119dzy reprezentowanymi nacjami w [&hellip;]<\/p>\n","protected":false},"author":2,"featured_media":0,"parent":0,"menu_order":0,"comment_status":"closed","ping_status":"closed","template":"","meta":{"site-sidebar-layout":"default","site-content-layout":"","ast-site-content-layout":"default","site-content-style":"default","site-sidebar-style":"default","ast-global-header-display":"","ast-banner-title-visibility":"","ast-main-header-display":"","ast-hfb-above-header-display":"","ast-hfb-below-header-display":"","ast-hfb-mobile-header-display":"","site-post-title":"","ast-breadcrumbs-content":"","ast-featured-img":"","footer-sml-layout":"","ast-disable-related-posts":"","theme-transparent-header-meta":"","adv-header-id-meta":"","stick-header-meta":"","header-above-stick-meta":"","header-main-stick-meta":"","header-below-stick-meta":"","astra-migrate-meta-layouts":"default","ast-page-background-enabled":"default","ast-page-background-meta":{"desktop":{"background-color":"var(--ast-global-color-4)","background-image":"","background-repeat":"repeat","background-position":"center center","background-size":"auto","background-attachment":"scroll","background-type":"","background-media":"","overlay-type":"","overlay-color":"","overlay-opacity":"","overlay-gradient":""},"tablet":{"background-color":"","background-image":"","background-repeat":"repeat","background-position":"center center","background-size":"auto","background-attachment":"scroll","background-type":"","background-media":"","overlay-type":"","overlay-color":"","overlay-opacity":"","overlay-gradient":""},"mobile":{"background-color":"","background-image":"","background-repeat":"repeat","background-position":"center center","background-size":"auto","background-attachment":"scroll","background-type":"","background-media":"","overlay-type":"","overlay-color":"","overlay-opacity":"","overlay-gradient":""}},"ast-content-background-meta":{"desktop":{"background-color":"var(--ast-global-color-5)","background-image":"","background-repeat":"repeat","background-position":"center center","background-size":"auto","background-attachment":"scroll","background-type":"","background-media":"","overlay-type":"","overlay-color":"","overlay-opacity":"","overlay-gradient":""},"tablet":{"background-color":"var(--ast-global-color-5)","background-image":"","background-repeat":"repeat","background-position":"center center","background-size":"auto","background-attachment":"scroll","background-type":"","background-media":"","overlay-type":"","overlay-color":"","overlay-opacity":"","overlay-gradient":""},"mobile":{"background-color":"var(--ast-global-color-5)","background-image":"","background-repeat":"repeat","background-position":"center center","background-size":"auto","background-attachment":"scroll","background-type":"","background-media":"","overlay-type":"","overlay-color":"","overlay-opacity":"","overlay-gradient":""}},"footnotes":""},"class_list":["post-3175","page","type-page","status-publish","hentry"],"yoast_head":"<!-- This site is optimized with the Yoast SEO plugin v21.9.1 - https:\/\/yoast.com\/wordpress\/plugins\/seo\/ -->\n<title>Porozumienie o Wsp\u00f3\u0142pracy Mi\u0119dzy Nacjami - RSCA<\/title>\n<meta name=\"description\" content=\"Niniejsze porozumienie ma na celu regulowanie relacji mi\u0119dzy r\u00f3\u017cnymi nacjami reprezentowanymi w Konsulcie Nacji Zr\u00f3wnowa\u017conych Wymiar\u00f3w, promuj\u0105c wsp\u00f3\u0142prac\u0119, dialog mi\u0119dzykulturowy oraz zr\u00f3wnowa\u017cony rozw\u00f3j mi\u0119dzywymiarowy, a tak\u017ce okre\u015bla cele, struktur\u0119, zasady wsp\u00f3\u0142pracy i procedury zmian.\" \/>\n<meta name=\"robots\" content=\"index, follow, max-snippet:-1, max-image-preview:large, max-video-preview:-1\" \/>\n<link rel=\"canonical\" href=\"http:\/\/rsca.grassrootslobbing.pl\/pl_PL\/porozumienie-o-wspolpracy-miedzy-nacjami\/\" \/>\n<meta property=\"og:locale\" content=\"pl_PL\" \/>\n<meta property=\"og:type\" content=\"article\" \/>\n<meta property=\"og:title\" content=\"Porozumienie o Wsp\u00f3\u0142pracy Mi\u0119dzy Nacjami - RSCA\" \/>\n<meta property=\"og:description\" content=\"Niniejsze porozumienie ma na celu regulowanie relacji mi\u0119dzy r\u00f3\u017cnymi nacjami reprezentowanymi w Konsulcie Nacji Zr\u00f3wnowa\u017conych Wymiar\u00f3w, promuj\u0105c wsp\u00f3\u0142prac\u0119, dialog mi\u0119dzykulturowy oraz zr\u00f3wnowa\u017cony rozw\u00f3j mi\u0119dzywymiarowy, a tak\u017ce okre\u015bla cele, struktur\u0119, zasady wsp\u00f3\u0142pracy i procedury zmian.\" \/>\n<meta property=\"og:url\" content=\"http:\/\/rsca.grassrootslobbing.pl\/pl_PL\/porozumienie-o-wspolpracy-miedzy-nacjami\/\" \/>\n<meta property=\"og:site_name\" content=\"RSCA\" \/>\n<meta property=\"article:modified_time\" content=\"2024-01-03T21:55:47+00:00\" \/>\n<meta name=\"twitter:card\" content=\"summary_large_image\" \/>\n<meta name=\"twitter:label1\" content=\"Szacowany czas czytania\" \/>\n\t<meta name=\"twitter:data1\" content=\"2 minuty\" \/>\n<script type=\"application\/ld+json\" class=\"yoast-schema-graph\">{\"@context\":\"https:\/\/schema.org\",\"@graph\":[{\"@type\":\"WebPage\",\"@id\":\"http:\/\/rsca.grassrootslobbing.pl\/pl_PL\/porozumienie-o-wspolpracy-miedzy-nacjami\/\",\"url\":\"http:\/\/rsca.grassrootslobbing.pl\/pl_PL\/porozumienie-o-wspolpracy-miedzy-nacjami\/\",\"name\":\"Porozumienie o Wsp\u00f3\u0142pracy Mi\u0119dzy Nacjami - RSCA\",\"isPartOf\":{\"@id\":\"http:\/\/rsca.grassrootslobbing.pl\/pl_PL\/#website\"},\"datePublished\":\"0001-01-01T09:47:00+00:00\",\"dateModified\":\"2024-01-03T21:55:47+00:00\",\"description\":\"Niniejsze porozumienie ma na celu regulowanie relacji mi\u0119dzy r\u00f3\u017cnymi nacjami reprezentowanymi w Konsulcie Nacji Zr\u00f3wnowa\u017conych Wymiar\u00f3w, promuj\u0105c wsp\u00f3\u0142prac\u0119, dialog mi\u0119dzykulturowy oraz zr\u00f3wnowa\u017cony rozw\u00f3j mi\u0119dzywymiarowy, a tak\u017ce okre\u015bla cele, struktur\u0119, zasady wsp\u00f3\u0142pracy i procedury zmian.\",\"inLanguage\":\"pl-PL\",\"potentialAction\":[{\"@type\":\"ReadAction\",\"target\":[\"http:\/\/rsca.grassrootslobbing.pl\/pl_PL\/porozumienie-o-wspolpracy-miedzy-nacjami\/\"]}]},{\"@type\":\"WebSite\",\"@id\":\"http:\/\/rsca.grassrootslobbing.pl\/pl_PL\/#website\",\"url\":\"http:\/\/rsca.grassrootslobbing.pl\/pl_PL\/\",\"name\":\"Reality Source Code Acces\",\"description\":\"\",\"publisher\":{\"@id\":\"http:\/\/rsca.grassrootslobbing.pl\/pl_PL\/#organization\"},\"potentialAction\":[{\"@type\":\"SearchAction\",\"target\":{\"@type\":\"EntryPoint\",\"urlTemplate\":\"http:\/\/rsca.grassrootslobbing.pl\/pl_PL\/?s={search_term_string}\"},\"query-input\":\"required name=search_term_string\"}],\"inLanguage\":\"pl-PL\"},{\"@type\":\"Organization\",\"@id\":\"http:\/\/rsca.grassrootslobbing.pl\/pl_PL\/#organization\",\"name\":\"Konsult 0n40i4\",\"url\":\"http:\/\/rsca.grassrootslobbing.pl\/pl_PL\/\",\"logo\":{\"@type\":\"ImageObject\",\"inLanguage\":\"pl-PL\",\"@id\":\"http:\/\/rsca.grassrootslobbing.pl\/pl_PL\/#\/schema\/logo\/image\/\",\"url\":\"http:\/\/rsca.grassrootslobbing.pl\/wp-content\/uploads\/2023\/12\/cropped-DALL\u00b7E-2023-12-31-08.54.33-A-modern-and-abstract-logo-for-Konsult-0n40i4-representing-an-interdimensional-legal-system.-The-design-should-embody-themes-of-law-dimensions-an.png\",\"contentUrl\":\"http:\/\/rsca.grassrootslobbing.pl\/wp-content\/uploads\/2023\/12\/cropped-DALL\u00b7E-2023-12-31-08.54.33-A-modern-and-abstract-logo-for-Konsult-0n40i4-representing-an-interdimensional-legal-system.-The-design-should-embody-themes-of-law-dimensions-an.png\",\"width\":1024,\"height\":835,\"caption\":\"Konsult 0n40i4\"},\"image\":{\"@id\":\"http:\/\/rsca.grassrootslobbing.pl\/pl_PL\/#\/schema\/logo\/image\/\"}}]}<\/script>\n<!-- \/ Yoast SEO plugin. -->","yoast_head_json":{"title":"Porozumienie o Wsp\u00f3\u0142pracy Mi\u0119dzy Nacjami - RSCA","description":"Niniejsze porozumienie ma na celu regulowanie relacji mi\u0119dzy r\u00f3\u017cnymi nacjami reprezentowanymi w Konsulcie Nacji Zr\u00f3wnowa\u017conych Wymiar\u00f3w, promuj\u0105c wsp\u00f3\u0142prac\u0119, dialog mi\u0119dzykulturowy oraz zr\u00f3wnowa\u017cony rozw\u00f3j mi\u0119dzywymiarowy, a tak\u017ce okre\u015bla cele, struktur\u0119, zasady wsp\u00f3\u0142pracy i procedury zmian.","robots":{"index":"index","follow":"follow","max-snippet":"max-snippet:-1","max-image-preview":"max-image-preview:large","max-video-preview":"max-video-preview:-1"},"canonical":"http:\/\/rsca.grassrootslobbing.pl\/pl_PL\/porozumienie-o-wspolpracy-miedzy-nacjami\/","og_locale":"pl_PL","og_type":"article","og_title":"Porozumienie o Wsp\u00f3\u0142pracy Mi\u0119dzy Nacjami - RSCA","og_description":"Niniejsze porozumienie ma na celu regulowanie relacji mi\u0119dzy r\u00f3\u017cnymi nacjami reprezentowanymi w Konsulcie Nacji Zr\u00f3wnowa\u017conych Wymiar\u00f3w, promuj\u0105c wsp\u00f3\u0142prac\u0119, dialog mi\u0119dzykulturowy oraz zr\u00f3wnowa\u017cony rozw\u00f3j mi\u0119dzywymiarowy, a tak\u017ce okre\u015bla cele, struktur\u0119, zasady wsp\u00f3\u0142pracy i procedury zmian.","og_url":"http:\/\/rsca.grassrootslobbing.pl\/pl_PL\/porozumienie-o-wspolpracy-miedzy-nacjami\/","og_site_name":"RSCA","article_modified_time":"2024-01-03T21:55:47+00:00","twitter_card":"summary_large_image","twitter_misc":{"Szacowany czas czytania":"2 minuty"},"schema":{"@context":"https:\/\/schema.org","@graph":[{"@type":"WebPage","@id":"http:\/\/rsca.grassrootslobbing.pl\/pl_PL\/porozumienie-o-wspolpracy-miedzy-nacjami\/","url":"http:\/\/rsca.grassrootslobbing.pl\/pl_PL\/porozumienie-o-wspolpracy-miedzy-nacjami\/","name":"Porozumienie o Wsp\u00f3\u0142pracy Mi\u0119dzy Nacjami - RSCA","isPartOf":{"@id":"http:\/\/rsca.grassrootslobbing.pl\/pl_PL\/#website"},"datePublished":"0001-01-01T09:47:00+00:00","dateModified":"2024-01-03T21:55:47+00:00","description":"Niniejsze porozumienie ma na celu regulowanie relacji mi\u0119dzy r\u00f3\u017cnymi nacjami reprezentowanymi w Konsulcie Nacji Zr\u00f3wnowa\u017conych Wymiar\u00f3w, promuj\u0105c wsp\u00f3\u0142prac\u0119, dialog mi\u0119dzykulturowy oraz zr\u00f3wnowa\u017cony rozw\u00f3j mi\u0119dzywymiarowy, a tak\u017ce okre\u015bla cele, struktur\u0119, zasady wsp\u00f3\u0142pracy i procedury zmian.","inLanguage":"pl-PL","potentialAction":[{"@type":"ReadAction","target":["http:\/\/rsca.grassrootslobbing.pl\/pl_PL\/porozumienie-o-wspolpracy-miedzy-nacjami\/"]}]},{"@type":"WebSite","@id":"http:\/\/rsca.grassrootslobbing.pl\/pl_PL\/#website","url":"http:\/\/rsca.grassrootslobbing.pl\/pl_PL\/","name":"Reality Source Code Acces","description":"","publisher":{"@id":"http:\/\/rsca.grassrootslobbing.pl\/pl_PL\/#organization"},"potentialAction":[{"@type":"SearchAction","target":{"@type":"EntryPoint","urlTemplate":"http:\/\/rsca.grassrootslobbing.pl\/pl_PL\/?s={search_term_string}"},"query-input":"required name=search_term_string"}],"inLanguage":"pl-PL"},{"@type":"Organization","@id":"http:\/\/rsca.grassrootslobbing.pl\/pl_PL\/#organization","name":"Konsult 0n40i4","url":"http:\/\/rsca.grassrootslobbing.pl\/pl_PL\/","logo":{"@type":"ImageObject","inLanguage":"pl-PL","@id":"http:\/\/rsca.grassrootslobbing.pl\/pl_PL\/#\/schema\/logo\/image\/","url":"http:\/\/rsca.grassrootslobbing.pl\/wp-content\/uploads\/2023\/12\/cropped-DALL\u00b7E-2023-12-31-08.54.33-A-modern-and-abstract-logo-for-Konsult-0n40i4-representing-an-interdimensional-legal-system.-The-design-should-embody-themes-of-law-dimensions-an.png","contentUrl":"http:\/\/rsca.grassrootslobbing.pl\/wp-content\/uploads\/2023\/12\/cropped-DALL\u00b7E-2023-12-31-08.54.33-A-modern-and-abstract-logo-for-Konsult-0n40i4-representing-an-interdimensional-legal-system.-The-design-should-embody-themes-of-law-dimensions-an.png","width":1024,"height":835,"caption":"Konsult 0n40i4"},"image":{"@id":"http:\/\/rsca.grassrootslobbing.pl\/pl_PL\/#\/schema\/logo\/image\/"}}]}},"_links":{"self":[{"href":"http:\/\/rsca.grassrootslobbing.pl\/pl_PL\/wp-json\/wp\/v2\/pages\/3175","targetHints":{"allow":["GET"]}}],"collection":[{"href":"http:\/\/rsca.grassrootslobbing.pl\/pl_PL\/wp-json\/wp\/v2\/pages"}],"about":[{"href":"http:\/\/rsca.grassrootslobbing.pl\/pl_PL\/wp-json\/wp\/v2\/types\/page"}],"author":[{"embeddable":true,"href":"http:\/\/rsca.grassrootslobbing.pl\/pl_PL\/wp-json\/wp\/v2\/users\/2"}],"replies":[{"embeddable":true,"href":"http:\/\/rsca.grassrootslobbing.pl\/pl_PL\/wp-json\/wp\/v2\/comments?post=3175"}],"version-history":[{"count":6,"href":"http:\/\/rsca.grassrootslobbing.pl\/pl_PL\/wp-json\/wp\/v2\/pages\/3175\/revisions"}],"predecessor-version":[{"id":3686,"href":"http:\/\/rsca.grassrootslobbing.pl\/pl_PL\/wp-json\/wp\/v2\/pages\/3175\/revisions\/3686"}],"wp:attachment":[{"href":"http:\/\/rsca.grassrootslobbing.pl\/pl_PL\/wp-json\/wp\/v2\/media?parent=3175"}],"curies":[{"name":"wp","href":"https:\/\/api.w.org\/{rel}","templated":true}]}}