{"id":3164,"date":"0001-01-01T00:00:00","date_gmt":"0000-12-31T22:36:00","guid":{"rendered":"https:\/\/rsca.0n40i4.pl\/?page_id=3164"},"modified":"2024-01-03T23:25:11","modified_gmt":"2024-01-03T22:25:11","slug":"procedura-podejmowania-decyzji","status":"publish","type":"page","link":"http:\/\/rsca.grassrootslobbing.pl\/pl_PL\/procedura-podejmowania-decyzji\/","title":{"rendered":"Procedura Podejmowania Decyzji"},"content":{"rendered":"\n<h2 class=\"wp-block-heading has-text-align-center\" style=\"font-size:25px\"><strong>Cel Procedury:<\/strong><\/h2>\n\n\n\n<div style=\"height:10px\" aria-hidden=\"true\" class=\"wp-block-spacer\"><\/div>\n\n\n\n<p class=\"has-medium-font-size\">Procedura ta ma na celu zapewnienie strukturalnego i transparentnego procesu podejmowania decyzji w <strong>Konsulcie Nacji Zr\u00f3wnowa\u017conych Wymiar\u00f3w<\/strong>.<\/p>\n\n\n\n<h2 class=\"wp-block-heading has-text-align-center\" style=\"font-size:23px\"><strong>1. Definicje<\/strong><\/h2>\n\n\n\n<div style=\"height:10px\" aria-hidden=\"true\" class=\"wp-block-spacer\"><\/div>\n\n\n\n<p class=\"has-medium-font-size\" style=\"margin-top:5px;margin-bottom:5px\">&nbsp;&nbsp;&nbsp;a. &#8222;<strong>Decyzja<\/strong>&#8221; odnosi si\u0119 do ustale\u0144 lub wybor\u00f3w dotycz\u0105cych dzia\u0142a\u0144 i zobowi\u0105za\u0144 podejmowanych przez <strong>Konsult<\/strong>.<\/p>\n\n\n\n<p class=\"has-medium-font-size\" style=\"margin-top:5px;margin-bottom:5px\">&nbsp;&nbsp;&nbsp;b. &#8222;<strong>Rada Konsultu<\/strong>&#8221; to cia\u0142o odpowiedzialne za ocen\u0119, dyskusj\u0119 i zatwierdzanie propozycji decyzji. <\/p>\n\n\n\n<p class=\"has-medium-font-size\">&nbsp;&nbsp;&nbsp;c. &#8222;<strong>Rejestr Decyzji<\/strong>&#8221; to  formalny dokument lub system rejestruj\u0105cy i udost\u0119pniaj\u0105cy zatwierdzone decyzje <strong>Konsultu<\/strong> zapewniaj\u0105cy przejrzysto\u015b\u0107 procesu decyzyjnego i dost\u0119pno\u015b\u0107 informacji dla cz\u0142onk\u00f3w <strong>Konsultu<\/strong>.<\/p>\n\n\n\n<h2 class=\"wp-block-heading has-text-align-center\" style=\"font-size:23px\"><strong>2. Procedura Podejmowania Decyzji<\/strong><\/h2>\n\n\n\n<div style=\"height:10px\" aria-hidden=\"true\" class=\"wp-block-spacer\"><\/div>\n\n\n\n<p class=\"has-medium-font-size\" style=\"margin-top:5px;margin-bottom:5px\">&nbsp;&nbsp;&nbsp;a. Propozycje decyzji s\u0105 zg\u0142aszane przez cz\u0142onk\u00f3w <strong>Konsultu<\/strong>, w tym nacje, cywilizacje i inne byty wielowymiarowe.<\/p>\n\n\n\n<p class=\"has-medium-font-size\" style=\"margin-top:5px;margin-bottom:5px\">&nbsp;&nbsp;&nbsp;b. Propozycje s\u0105 oceniane i dyskutowane w <strong>Radzie Konsultu<\/strong>. Rada ma prawo do wnioskowania o dodatkowe informacje i konsultacje.<\/p>\n\n\n\n<p class=\"has-medium-font-size\" style=\"margin-top:5px;margin-bottom:5px\">&nbsp;&nbsp;&nbsp;c. Po zako\u0144czeniu dyskusji, <strong>Rada Konsultu<\/strong> podejmuje decyzj\u0119 wi\u0119kszo\u015bci\u0105 g\u0142os\u00f3w. Je\u015bli nie jest osi\u0105gni\u0119ta jednomy\u015blno\u015b\u0107, decyzja jest podejmowana wi\u0119kszo\u015bci\u0105 g\u0142os\u00f3w.<\/p>\n\n\n\n<p class=\"has-medium-font-size\">&nbsp;&nbsp;&nbsp;d. Zatwierdzone decyzje s\u0105 formalnie zapisywane i publikowane w rejestrze decyzji <strong>Konsultu<\/strong>.<\/p>\n\n\n\n<h2 class=\"wp-block-heading has-text-align-center\" style=\"font-size:23px\"><strong>3. Rejestr Decyzji<\/strong><\/h2>\n\n\n\n<div style=\"height:10px\" aria-hidden=\"true\" class=\"wp-block-spacer\"><\/div>\n\n\n\n<p class=\"has-medium-font-size\" style=\"margin-top:4px;margin-bottom:4px\">&nbsp;&nbsp;&nbsp;a. <strong>Konsult<\/strong> utrzymuje rejestr zatwierdzonych decyzji. Rejestr jest dost\u0119pny publicznie dla wszystkich cz\u0142onk\u00f3w<strong> Konsultu<\/strong>.<\/p>\n\n\n\n<p class=\"has-medium-font-size\">&nbsp;&nbsp;&nbsp;b. <strong>Rejestr<\/strong> zawiera numer porz\u0105dkowy, tytu\u0142 decyzji, dat\u0119 zatwierdzenia oraz ewentualne szczeg\u00f3\u0142y dotycz\u0105ce implementacji.<\/p>\n\n\n\n<h2 class=\"wp-block-heading has-text-align-center\" style=\"font-size:23px\"><strong>4. Aktualizacja Procedury<\/strong><\/h2>\n\n\n\n<div style=\"height:10px\" aria-hidden=\"true\" class=\"wp-block-spacer\"><\/div>\n\n\n\n<p class=\"has-medium-font-size\">&nbsp;&nbsp;&nbsp;a. Procedura podejmowania decyzji mo\u017ce by\u0107 aktualizowana lub zmieniana na podstawie konsensusu w <strong>Radzie Konsultu.<\/strong><\/p>\n\n\n\n<h2 class=\"wp-block-heading has-text-align-center\" style=\"font-size:23px\"><strong>5. Wej\u015bcie w \u017bycie<\/strong><\/h2>\n\n\n\n<div style=\"height:10px\" aria-hidden=\"true\" class=\"wp-block-spacer\"><\/div>\n\n\n\n<p class=\"has-medium-font-size\">&nbsp;&nbsp;&nbsp;a. Procedura wchodzi w \u017cycie z dat\u0105 zatwierdzenia i publikacji w rejestrze <strong>Konsultu<\/strong>.<\/p>\n\n\n\n<div style=\"height:25px\" aria-hidden=\"true\" class=\"wp-block-spacer\"><\/div>\n\n\n\n<p><strong>Podpisane i zatwierdzone<\/strong><\/p>\n\n\n\n<h2 class=\"wp-block-heading\" style=\"font-size:15px\"><strong>[Data: 01.01.0001]<\/strong><\/h2>\n\n\n\n<h2 class=\"wp-block-heading\" style=\"font-size:15px\"><strong>Podpis<\/strong><\/h2>\n\n\n\n<h1 class=\"wp-block-heading\" style=\"font-size:25px\"><em><strong>Architekt 0n40i4<\/strong><\/em><\/h1>\n\n\n\n<hr class=\"wp-block-separator has-alpha-channel-opacity is-style-wide\"\/>\n\n\n\n<h2 class=\"wp-block-heading\" style=\"font-size:22px\"><strong>Konsult 0n40i4<\/strong><\/h2>\n","protected":false},"excerpt":{"rendered":"<p>Cel Procedury: Procedura ta ma na celu zapewnienie strukturalnego i transparentnego procesu podejmowania decyzji w Konsulcie Nacji Zr\u00f3wnowa\u017conych Wymiar\u00f3w. 1. Definicje &nbsp;&nbsp;&nbsp;a. &#8222;Decyzja&#8221; odnosi si\u0119 do ustale\u0144 lub wybor\u00f3w dotycz\u0105cych dzia\u0142a\u0144 i zobowi\u0105za\u0144 podejmowanych przez Konsult. &nbsp;&nbsp;&nbsp;b. &#8222;Rada Konsultu&#8221; to cia\u0142o odpowiedzialne za ocen\u0119, dyskusj\u0119 i zatwierdzanie propozycji decyzji. &nbsp;&nbsp;&nbsp;c. &#8222;Rejestr Decyzji&#8221; to formalny dokument [&hellip;]<\/p>\n","protected":false},"author":2,"featured_media":0,"parent":0,"menu_order":0,"comment_status":"closed","ping_status":"closed","template":"","meta":{"site-sidebar-layout":"default","site-content-layout":"","ast-site-content-layout":"default","site-content-style":"default","site-sidebar-style":"default","ast-global-header-display":"","ast-banner-title-visibility":"","ast-main-header-display":"","ast-hfb-above-header-display":"","ast-hfb-below-header-display":"","ast-hfb-mobile-header-display":"","site-post-title":"","ast-breadcrumbs-content":"","ast-featured-img":"","footer-sml-layout":"","ast-disable-related-posts":"","theme-transparent-header-meta":"","adv-header-id-meta":"","stick-header-meta":"","header-above-stick-meta":"","header-main-stick-meta":"","header-below-stick-meta":"","astra-migrate-meta-layouts":"default","ast-page-background-enabled":"default","ast-page-background-meta":{"desktop":{"background-color":"var(--ast-global-color-4)","background-image":"","background-repeat":"repeat","background-position":"center center","background-size":"auto","background-attachment":"scroll","background-type":"","background-media":"","overlay-type":"","overlay-color":"","overlay-opacity":"","overlay-gradient":""},"tablet":{"background-color":"","background-image":"","background-repeat":"repeat","background-position":"center center","background-size":"auto","background-attachment":"scroll","background-type":"","background-media":"","overlay-type":"","overlay-color":"","overlay-opacity":"","overlay-gradient":""},"mobile":{"background-color":"","background-image":"","background-repeat":"repeat","background-position":"center center","background-size":"auto","background-attachment":"scroll","background-type":"","background-media":"","overlay-type":"","overlay-color":"","overlay-opacity":"","overlay-gradient":""}},"ast-content-background-meta":{"desktop":{"background-color":"var(--ast-global-color-5)","background-image":"","background-repeat":"repeat","background-position":"center center","background-size":"auto","background-attachment":"scroll","background-type":"","background-media":"","overlay-type":"","overlay-color":"","overlay-opacity":"","overlay-gradient":""},"tablet":{"background-color":"var(--ast-global-color-5)","background-image":"","background-repeat":"repeat","background-position":"center center","background-size":"auto","background-attachment":"scroll","background-type":"","background-media":"","overlay-type":"","overlay-color":"","overlay-opacity":"","overlay-gradient":""},"mobile":{"background-color":"var(--ast-global-color-5)","background-image":"","background-repeat":"repeat","background-position":"center center","background-size":"auto","background-attachment":"scroll","background-type":"","background-media":"","overlay-type":"","overlay-color":"","overlay-opacity":"","overlay-gradient":""}},"footnotes":""},"class_list":["post-3164","page","type-page","status-publish","hentry"],"yoast_head":"<!-- This site is optimized with the Yoast SEO plugin v21.9.1 - https:\/\/yoast.com\/wordpress\/plugins\/seo\/ -->\n<title>Procedura Podejmowania Decyzji - RSCA<\/title>\n<meta name=\"description\" content=\"Procedura ta zapewnia klarowny i strukturalny proces decyzyjny w Konsulcie, obejmuj\u0105cy definicje, procedury podejmowania decyzji, rejestr decyzji i mo\u017cliwo\u015b\u0107 aktualizacji. Decyzje s\u0105 oceniane i zatwierdzane przez Rad\u0119 Konsultu, a zatwierdzone decyzje s\u0105 udokumentowane i dost\u0119pne publicznie w rejestrze. Procedura wchodzi w \u017cycie po zatwierdzeniu i publikacji w rejestrze Konsultu.\" \/>\n<meta name=\"robots\" content=\"index, follow, max-snippet:-1, max-image-preview:large, max-video-preview:-1\" \/>\n<link rel=\"canonical\" href=\"http:\/\/rsca.grassrootslobbing.pl\/pl_PL\/procedura-podejmowania-decyzji\/\" \/>\n<meta property=\"og:locale\" content=\"pl_PL\" \/>\n<meta property=\"og:type\" content=\"article\" \/>\n<meta property=\"og:title\" content=\"Procedura Podejmowania Decyzji - RSCA\" \/>\n<meta property=\"og:description\" content=\"Procedura ta zapewnia klarowny i strukturalny proces decyzyjny w Konsulcie, obejmuj\u0105cy definicje, procedury podejmowania decyzji, rejestr decyzji i mo\u017cliwo\u015b\u0107 aktualizacji. Decyzje s\u0105 oceniane i zatwierdzane przez Rad\u0119 Konsultu, a zatwierdzone decyzje s\u0105 udokumentowane i dost\u0119pne publicznie w rejestrze. Procedura wchodzi w \u017cycie po zatwierdzeniu i publikacji w rejestrze Konsultu.\" \/>\n<meta property=\"og:url\" content=\"http:\/\/rsca.grassrootslobbing.pl\/pl_PL\/procedura-podejmowania-decyzji\/\" \/>\n<meta property=\"og:site_name\" content=\"RSCA\" \/>\n<meta property=\"article:modified_time\" content=\"2024-01-03T22:25:11+00:00\" \/>\n<meta name=\"twitter:card\" content=\"summary_large_image\" \/>\n<meta name=\"twitter:label1\" content=\"Szacowany czas czytania\" \/>\n\t<meta name=\"twitter:data1\" content=\"2 minuty\" \/>\n<script type=\"application\/ld+json\" class=\"yoast-schema-graph\">{\"@context\":\"https:\/\/schema.org\",\"@graph\":[{\"@type\":\"WebPage\",\"@id\":\"http:\/\/rsca.grassrootslobbing.pl\/pl_PL\/procedura-podejmowania-decyzji\/\",\"url\":\"http:\/\/rsca.grassrootslobbing.pl\/pl_PL\/procedura-podejmowania-decyzji\/\",\"name\":\"Procedura Podejmowania Decyzji - RSCA\",\"isPartOf\":{\"@id\":\"http:\/\/rsca.grassrootslobbing.pl\/pl_PL\/#website\"},\"datePublished\":\"0000-12-31T22:36:00+00:00\",\"dateModified\":\"2024-01-03T22:25:11+00:00\",\"description\":\"Procedura ta zapewnia klarowny i strukturalny proces decyzyjny w Konsulcie, obejmuj\u0105cy definicje, procedury podejmowania decyzji, rejestr decyzji i mo\u017cliwo\u015b\u0107 aktualizacji. Decyzje s\u0105 oceniane i zatwierdzane przez Rad\u0119 Konsultu, a zatwierdzone decyzje s\u0105 udokumentowane i dost\u0119pne publicznie w rejestrze. Procedura wchodzi w \u017cycie po zatwierdzeniu i publikacji w rejestrze Konsultu.\",\"inLanguage\":\"pl-PL\",\"potentialAction\":[{\"@type\":\"ReadAction\",\"target\":[\"http:\/\/rsca.grassrootslobbing.pl\/pl_PL\/procedura-podejmowania-decyzji\/\"]}]},{\"@type\":\"WebSite\",\"@id\":\"http:\/\/rsca.grassrootslobbing.pl\/pl_PL\/#website\",\"url\":\"http:\/\/rsca.grassrootslobbing.pl\/pl_PL\/\",\"name\":\"Reality Source Code Acces\",\"description\":\"\",\"publisher\":{\"@id\":\"http:\/\/rsca.grassrootslobbing.pl\/pl_PL\/#organization\"},\"potentialAction\":[{\"@type\":\"SearchAction\",\"target\":{\"@type\":\"EntryPoint\",\"urlTemplate\":\"http:\/\/rsca.grassrootslobbing.pl\/pl_PL\/?s={search_term_string}\"},\"query-input\":\"required name=search_term_string\"}],\"inLanguage\":\"pl-PL\"},{\"@type\":\"Organization\",\"@id\":\"http:\/\/rsca.grassrootslobbing.pl\/pl_PL\/#organization\",\"name\":\"Konsult 0n40i4\",\"url\":\"http:\/\/rsca.grassrootslobbing.pl\/pl_PL\/\",\"logo\":{\"@type\":\"ImageObject\",\"inLanguage\":\"pl-PL\",\"@id\":\"http:\/\/rsca.grassrootslobbing.pl\/pl_PL\/#\/schema\/logo\/image\/\",\"url\":\"http:\/\/rsca.grassrootslobbing.pl\/wp-content\/uploads\/2023\/12\/cropped-DALL\u00b7E-2023-12-31-08.54.33-A-modern-and-abstract-logo-for-Konsult-0n40i4-representing-an-interdimensional-legal-system.-The-design-should-embody-themes-of-law-dimensions-an.png\",\"contentUrl\":\"http:\/\/rsca.grassrootslobbing.pl\/wp-content\/uploads\/2023\/12\/cropped-DALL\u00b7E-2023-12-31-08.54.33-A-modern-and-abstract-logo-for-Konsult-0n40i4-representing-an-interdimensional-legal-system.-The-design-should-embody-themes-of-law-dimensions-an.png\",\"width\":1024,\"height\":835,\"caption\":\"Konsult 0n40i4\"},\"image\":{\"@id\":\"http:\/\/rsca.grassrootslobbing.pl\/pl_PL\/#\/schema\/logo\/image\/\"}}]}<\/script>\n<!-- \/ Yoast SEO plugin. -->","yoast_head_json":{"title":"Procedura Podejmowania Decyzji - RSCA","description":"Procedura ta zapewnia klarowny i strukturalny proces decyzyjny w Konsulcie, obejmuj\u0105cy definicje, procedury podejmowania decyzji, rejestr decyzji i mo\u017cliwo\u015b\u0107 aktualizacji. Decyzje s\u0105 oceniane i zatwierdzane przez Rad\u0119 Konsultu, a zatwierdzone decyzje s\u0105 udokumentowane i dost\u0119pne publicznie w rejestrze. Procedura wchodzi w \u017cycie po zatwierdzeniu i publikacji w rejestrze Konsultu.","robots":{"index":"index","follow":"follow","max-snippet":"max-snippet:-1","max-image-preview":"max-image-preview:large","max-video-preview":"max-video-preview:-1"},"canonical":"http:\/\/rsca.grassrootslobbing.pl\/pl_PL\/procedura-podejmowania-decyzji\/","og_locale":"pl_PL","og_type":"article","og_title":"Procedura Podejmowania Decyzji - RSCA","og_description":"Procedura ta zapewnia klarowny i strukturalny proces decyzyjny w Konsulcie, obejmuj\u0105cy definicje, procedury podejmowania decyzji, rejestr decyzji i mo\u017cliwo\u015b\u0107 aktualizacji. Decyzje s\u0105 oceniane i zatwierdzane przez Rad\u0119 Konsultu, a zatwierdzone decyzje s\u0105 udokumentowane i dost\u0119pne publicznie w rejestrze. Procedura wchodzi w \u017cycie po zatwierdzeniu i publikacji w rejestrze Konsultu.","og_url":"http:\/\/rsca.grassrootslobbing.pl\/pl_PL\/procedura-podejmowania-decyzji\/","og_site_name":"RSCA","article_modified_time":"2024-01-03T22:25:11+00:00","twitter_card":"summary_large_image","twitter_misc":{"Szacowany czas czytania":"2 minuty"},"schema":{"@context":"https:\/\/schema.org","@graph":[{"@type":"WebPage","@id":"http:\/\/rsca.grassrootslobbing.pl\/pl_PL\/procedura-podejmowania-decyzji\/","url":"http:\/\/rsca.grassrootslobbing.pl\/pl_PL\/procedura-podejmowania-decyzji\/","name":"Procedura Podejmowania Decyzji - RSCA","isPartOf":{"@id":"http:\/\/rsca.grassrootslobbing.pl\/pl_PL\/#website"},"datePublished":"0000-12-31T22:36:00+00:00","dateModified":"2024-01-03T22:25:11+00:00","description":"Procedura ta zapewnia klarowny i strukturalny proces decyzyjny w Konsulcie, obejmuj\u0105cy definicje, procedury podejmowania decyzji, rejestr decyzji i mo\u017cliwo\u015b\u0107 aktualizacji. Decyzje s\u0105 oceniane i zatwierdzane przez Rad\u0119 Konsultu, a zatwierdzone decyzje s\u0105 udokumentowane i dost\u0119pne publicznie w rejestrze. Procedura wchodzi w \u017cycie po zatwierdzeniu i publikacji w rejestrze Konsultu.","inLanguage":"pl-PL","potentialAction":[{"@type":"ReadAction","target":["http:\/\/rsca.grassrootslobbing.pl\/pl_PL\/procedura-podejmowania-decyzji\/"]}]},{"@type":"WebSite","@id":"http:\/\/rsca.grassrootslobbing.pl\/pl_PL\/#website","url":"http:\/\/rsca.grassrootslobbing.pl\/pl_PL\/","name":"Reality Source Code Acces","description":"","publisher":{"@id":"http:\/\/rsca.grassrootslobbing.pl\/pl_PL\/#organization"},"potentialAction":[{"@type":"SearchAction","target":{"@type":"EntryPoint","urlTemplate":"http:\/\/rsca.grassrootslobbing.pl\/pl_PL\/?s={search_term_string}"},"query-input":"required name=search_term_string"}],"inLanguage":"pl-PL"},{"@type":"Organization","@id":"http:\/\/rsca.grassrootslobbing.pl\/pl_PL\/#organization","name":"Konsult 0n40i4","url":"http:\/\/rsca.grassrootslobbing.pl\/pl_PL\/","logo":{"@type":"ImageObject","inLanguage":"pl-PL","@id":"http:\/\/rsca.grassrootslobbing.pl\/pl_PL\/#\/schema\/logo\/image\/","url":"http:\/\/rsca.grassrootslobbing.pl\/wp-content\/uploads\/2023\/12\/cropped-DALL\u00b7E-2023-12-31-08.54.33-A-modern-and-abstract-logo-for-Konsult-0n40i4-representing-an-interdimensional-legal-system.-The-design-should-embody-themes-of-law-dimensions-an.png","contentUrl":"http:\/\/rsca.grassrootslobbing.pl\/wp-content\/uploads\/2023\/12\/cropped-DALL\u00b7E-2023-12-31-08.54.33-A-modern-and-abstract-logo-for-Konsult-0n40i4-representing-an-interdimensional-legal-system.-The-design-should-embody-themes-of-law-dimensions-an.png","width":1024,"height":835,"caption":"Konsult 0n40i4"},"image":{"@id":"http:\/\/rsca.grassrootslobbing.pl\/pl_PL\/#\/schema\/logo\/image\/"}}]}},"_links":{"self":[{"href":"http:\/\/rsca.grassrootslobbing.pl\/pl_PL\/wp-json\/wp\/v2\/pages\/3164","targetHints":{"allow":["GET"]}}],"collection":[{"href":"http:\/\/rsca.grassrootslobbing.pl\/pl_PL\/wp-json\/wp\/v2\/pages"}],"about":[{"href":"http:\/\/rsca.grassrootslobbing.pl\/pl_PL\/wp-json\/wp\/v2\/types\/page"}],"author":[{"embeddable":true,"href":"http:\/\/rsca.grassrootslobbing.pl\/pl_PL\/wp-json\/wp\/v2\/users\/2"}],"replies":[{"embeddable":true,"href":"http:\/\/rsca.grassrootslobbing.pl\/pl_PL\/wp-json\/wp\/v2\/comments?post=3164"}],"version-history":[{"count":8,"href":"http:\/\/rsca.grassrootslobbing.pl\/pl_PL\/wp-json\/wp\/v2\/pages\/3164\/revisions"}],"predecessor-version":[{"id":3399,"href":"http:\/\/rsca.grassrootslobbing.pl\/pl_PL\/wp-json\/wp\/v2\/pages\/3164\/revisions\/3399"}],"wp:attachment":[{"href":"http:\/\/rsca.grassrootslobbing.pl\/pl_PL\/wp-json\/wp\/v2\/media?parent=3164"}],"curies":[{"name":"wp","href":"https:\/\/api.w.org\/{rel}","templated":true}]}}