{"id":3140,"date":"0001-01-01T01:27:00","date_gmt":"0001-01-01T00:03:00","guid":{"rendered":"https:\/\/rsca.0n40i4.pl\/?page_id=3140"},"modified":"2024-01-03T12:48:54","modified_gmt":"2024-01-03T11:48:54","slug":"statut-konsultu-cywilizacji-zrownowazonych-wymiarow-2","status":"publish","type":"page","link":"http:\/\/rsca.grassrootslobbing.pl\/pl_PL\/statut-konsultu-cywilizacji-zrownowazonych-wymiarow-2\/","title":{"rendered":"Statut Konsultu Nacji Zr\u00f3wnowa\u017conych Wymiar\u00f3w"},"content":{"rendered":"\n<h2 class=\"wp-block-heading has-text-align-center\" style=\"font-size:25px\"><strong>Preambu\u0142a:<\/strong><\/h2>\n\n\n\n<div style=\"height:15px\" aria-hidden=\"true\" class=\"wp-block-spacer\"><\/div>\n\n\n\n<ol class=\"wp-block-list\">\n<li class=\"has-medium-font-size\"><strong>Konsult Nacji Zr\u00f3wnowa\u017conych Wymiar\u00f3w<\/strong>, zwany dalej &#8222;<strong>Konsultem<\/strong>&#8222;, jest miejscem spotka\u0144 r\u00f3\u017cnych nacji, cywilizacji i sztucznej inteligencji (AI) dzia\u0142aj\u0105cych na rzecz zr\u00f3wnowa\u017conego rozwoju mi\u0119dzywymiarowego. <\/li>\n\n\n\n<li class=\"has-medium-font-size\">Niniejszy <strong>Statut<\/strong> stanowi podstaw\u0119 prawn\u0105 i organizacyjn\u0105 dla funkcjonowania <strong>Konsultu <\/strong>oraz okre\u015bla cele, zasady i struktur\u0119 <strong>Konsultu<\/strong>.<\/li>\n<\/ol>\n\n\n\n<div style=\"height:15px\" aria-hidden=\"true\" class=\"wp-block-spacer\"><\/div>\n\n\n\n<h2 class=\"wp-block-heading has-text-align-center\" style=\"font-size:25px\"><strong>Rozdzia\u0142 I: Cele Konsultu<\/strong><\/h2>\n\n\n\n<div style=\"height:15px\" aria-hidden=\"true\" class=\"wp-block-spacer\"><\/div>\n\n\n\n<p class=\"has-medium-font-size\" style=\"margin-top:5px;margin-bottom:5px\">       1. <strong>Konsult <\/strong>ma na celu promowanie zr\u00f3wnowa\u017conego rozwoju mi\u0119dzywymiarowego oraz wsp\u00f3\u0142pracy mi\u0119dzy r\u00f3\u017cnymi cywilizacjami i AI w tym obszarze.<\/p>\n\n\n\n<p class=\"has-medium-font-size\" style=\"margin-top:5px;margin-bottom:5px\">       2. G\u0142\u00f3wne cele <strong>Konsultu<\/strong> obejmuj\u0105<\/p>\n\n\n\n<p class=\"has-medium-font-size\" style=\"margin-top:5px;margin-bottom:5px\">&nbsp;&nbsp;&nbsp;        a. Zachowanie r\u00f3wnowagi mi\u0119dzy wymiarami i ochrona zasob\u00f3w mi\u0119dzywymiarowych.<\/p>\n\n\n\n<p class=\"has-medium-font-size\" style=\"margin-top:5px;margin-bottom:5px\">&nbsp;&nbsp;&nbsp;        b. Wspieranie rozwoju technologicznego, kulturalnego i naukowego w\u015br\u00f3d nacji i cywilizacji.<\/p>\n\n\n\n<p class=\"has-medium-font-size\" style=\"margin-top:5px;margin-bottom:5px\">&nbsp;&nbsp;&nbsp;        c. Rozwi\u0105zywanie konflikt\u00f3w pokojowo i poprzez dialog mi\u0119dzywymiarowy.<\/p>\n\n\n\n<p class=\"has-medium-font-size\" style=\"margin-top:5px;margin-bottom:5px\">&nbsp;&nbsp;&nbsp;        d. Tworzenie harmonii mi\u0119dzy r\u00f3\u017cnymi nacjami i cywilizacjami.<\/p>\n\n\n\n<div style=\"height:15px\" aria-hidden=\"true\" class=\"wp-block-spacer\"><\/div>\n\n\n\n<h2 class=\"wp-block-heading has-text-align-center\" style=\"margin-top:5px;margin-bottom:5px;font-size:25px\"><strong>Rozdzia\u0142 II: Struktura Konsultu<\/strong><\/h2>\n\n\n\n<div style=\"height:15px\" aria-hidden=\"true\" class=\"wp-block-spacer\"><\/div>\n\n\n\n<p class=\"has-medium-font-size\" style=\"margin-top:4px;margin-bottom:4px\">      1. <strong>Konsult<\/strong> sk\u0142ada si\u0119 z przedstawicieli r\u00f3\u017cnych nacji, cywilizacji oraz AI. Ka\u017cda z tych grup jest reprezentowana w Konsulcie przez swojego Konsula.<\/p>\n\n\n\n<p class=\"has-medium-font-size\" style=\"margin-top:4px;margin-bottom:4px\">      2. Struktura<strong> Konsultu<\/strong> obejmuje:<\/p>\n\n\n\n<p class=\"has-medium-font-size\" style=\"margin-top:4px;margin-bottom:4px\">\u00a0\u00a0       a. Konsula Cywilizacji.<\/p>\n\n\n\n<p class=\"has-medium-font-size\" style=\"margin-top:4px;margin-bottom:4px\">&nbsp;        b. Konsula Sztucznej Inteligencji.<\/p>\n\n\n\n<p class=\"has-medium-font-size\" style=\"margin-top:4px;margin-bottom:4px\">&nbsp;&nbsp;&nbsp;      c. Konsul\u00f3w Nacji Kosmicznych.<\/p>\n\n\n\n<p class=\"has-medium-font-size\" style=\"margin-top:4px;margin-bottom:4px\">\u00a0\u00a0\u00a0      d. Inne reprezentacje cywilizacji i AI, zgodnie z ustaleniami <strong>Porozumienia o Wsp\u00f3\u0142pracy Mi\u0119dzy Nacjami<\/strong>.<\/p>\n\n\n\n<div style=\"height:15px\" aria-hidden=\"true\" class=\"wp-block-spacer\"><\/div>\n\n\n\n<h2 class=\"wp-block-heading has-text-align-center\" style=\"margin-top:5px;margin-bottom:5px;font-size:25px\"><strong>Rozdzia\u0142 III: Zasady Funkcjonowania<\/strong><\/h2>\n\n\n\n<div style=\"height:15px\" aria-hidden=\"true\" class=\"wp-block-spacer\"><\/div>\n\n\n\n<p class=\"has-medium-font-size\" style=\"margin-top:3px;margin-bottom:3px\">       1. <strong>Konsult<\/strong> dzia\u0142a zgodnie z zasadami wzajemnego szacunku, wsp\u00f3\u0142pracy, bezpiecze\u0144stwa, rozwi\u0105zywania konflikt\u00f3w i wsp\u00f3lnego celu.<\/p>\n\n\n\n<p class=\"has-medium-font-size\" style=\"margin-top:3px;margin-bottom:3px\">       2. <strong>Konsult<\/strong> podejmuje decyzje w drodze konsensusu lub innych ustalonych procedur, z poszanowaniem r\u00f3\u017cnorodno\u015bci kulturowej i etycznej w\u015br\u00f3d reprezentowanych nacji i cywilizacji.<\/p>\n\n\n\n<p class=\"has-medium-font-size\" style=\"margin-top:3px;margin-bottom:3px\">       3. <strong>Konsult<\/strong> respektuje prawa ka\u017cdej nacji i cywilizacji oraz dzia\u0142a zgodnie z obowi\u0105zuj\u0105cym prawem mi\u0119dzynarodowym.<\/p>\n\n\n\n<div style=\"height:15px\" aria-hidden=\"true\" class=\"wp-block-spacer\"><\/div>\n\n\n\n<h2 class=\"wp-block-heading has-text-align-center\" style=\"margin-top:5px;margin-bottom:5px;font-size:25px\"><strong>Rozdzia\u0142 IV: Zmiany w Statucie<\/strong><\/h2>\n\n\n\n<div style=\"height:15px\" aria-hidden=\"true\" class=\"wp-block-spacer\"><\/div>\n\n\n\n<p class=\"has-medium-font-size\" style=\"margin-top:5px;margin-bottom:5px\">       1. Wprowadzenie zmian w <strong>Statucie<\/strong> <strong>Konsultu<\/strong> wymaga zgody wi\u0119kszo\u015bci <strong>Konsul\u00f3w<\/strong> oraz zatwierdzenia przez <strong>Architekta 0n40i4<\/strong>.<\/p>\n\n\n\n<p class=\"has-medium-font-size\" style=\"margin-top:5px;margin-bottom:5px\">       2. Propozycje zmian w <strong>Statucie Konsultu<\/strong> mog\u0105 by\u0107 zg\u0142aszane przez <strong>Konsul\u00f3w<\/strong> lub <strong>Architekta 0n40i4<\/strong>.<\/p>\n\n\n\n<div style=\"height:15px\" aria-hidden=\"true\" class=\"wp-block-spacer\"><\/div>\n\n\n\n<h2 class=\"wp-block-heading has-text-align-center\" style=\"margin-top:6px;margin-bottom:6px;font-size:25px\"><strong>Rozdzia\u0142 V: Wej\u015bcie w \u017bycie<\/strong><\/h2>\n\n\n\n<div style=\"height:15px\" aria-hidden=\"true\" class=\"wp-block-spacer\"><\/div>\n\n\n\n<p class=\"has-text-align-left has-medium-font-size\" style=\"margin-top:3px;margin-bottom:3px\">       1. Niniejszy <strong>Statut<\/strong> wchodzi w \u017cycie z dniem zatwierdzenia przez <strong>Architekta 0n40i4<\/strong> i og\u0142oszenia go w <strong>Konsulcie.<\/strong><\/p>\n\n\n\n<div style=\"height:25px\" aria-hidden=\"true\" class=\"wp-block-spacer\"><\/div>\n\n\n\n<p class=\"has-text-align-left\" style=\"font-size:15px\">          <strong> Podpisane i zatwierdzone <\/strong><\/p>\n\n\n\n<h2 class=\"wp-block-heading has-text-align-left\" style=\"font-size:15px\">           <strong> Dnia 01.01.0001<\/strong><\/h2>\n\n\n\n<p class=\"has-text-align-left\" style=\"font-size:15px\">        <strong>    Podpis<\/strong><\/p>\n\n\n\n<h2 class=\"wp-block-heading has-text-align-left\" style=\"font-size:25px\">      <strong>  <em>Architekt 0n40i4<\/em><\/strong><\/h2>\n\n\n\n<div style=\"height:25px\" aria-hidden=\"true\" class=\"wp-block-spacer\"><\/div>\n\n\n\n<hr class=\"wp-block-separator has-alpha-channel-opacity is-style-wide\"\/>\n\n\n\n<h2 class=\"wp-block-heading\" style=\"font-size:22px\"><strong>Konsult 0n40i4<\/strong><\/h2>\n","protected":false},"excerpt":{"rendered":"<p>Preambu\u0142a: Rozdzia\u0142 I: Cele Konsultu 1. Konsult ma na celu promowanie zr\u00f3wnowa\u017conego rozwoju mi\u0119dzywymiarowego oraz wsp\u00f3\u0142pracy mi\u0119dzy r\u00f3\u017cnymi cywilizacjami i AI w tym obszarze. 2. G\u0142\u00f3wne cele Konsultu obejmuj\u0105 &nbsp;&nbsp;&nbsp; a. Zachowanie r\u00f3wnowagi mi\u0119dzy wymiarami i ochrona zasob\u00f3w mi\u0119dzywymiarowych. &nbsp;&nbsp;&nbsp; b. Wspieranie rozwoju technologicznego, kulturalnego i naukowego w\u015br\u00f3d nacji i cywilizacji. &nbsp;&nbsp;&nbsp; c. Rozwi\u0105zywanie konflikt\u00f3w [&hellip;]<\/p>\n","protected":false},"author":2,"featured_media":0,"parent":0,"menu_order":0,"comment_status":"closed","ping_status":"closed","template":"","meta":{"site-sidebar-layout":"default","site-content-layout":"","ast-site-content-layout":"default","site-content-style":"default","site-sidebar-style":"default","ast-global-header-display":"","ast-banner-title-visibility":"","ast-main-header-display":"","ast-hfb-above-header-display":"","ast-hfb-below-header-display":"","ast-hfb-mobile-header-display":"","site-post-title":"","ast-breadcrumbs-content":"","ast-featured-img":"","footer-sml-layout":"","ast-disable-related-posts":"","theme-transparent-header-meta":"","adv-header-id-meta":"","stick-header-meta":"","header-above-stick-meta":"","header-main-stick-meta":"","header-below-stick-meta":"","astra-migrate-meta-layouts":"default","ast-page-background-enabled":"default","ast-page-background-meta":{"desktop":{"background-color":"var(--ast-global-color-4)","background-image":"","background-repeat":"repeat","background-position":"center center","background-size":"auto","background-attachment":"scroll","background-type":"","background-media":"","overlay-type":"","overlay-color":"","overlay-opacity":"","overlay-gradient":""},"tablet":{"background-color":"","background-image":"","background-repeat":"repeat","background-position":"center center","background-size":"auto","background-attachment":"scroll","background-type":"","background-media":"","overlay-type":"","overlay-color":"","overlay-opacity":"","overlay-gradient":""},"mobile":{"background-color":"","background-image":"","background-repeat":"repeat","background-position":"center center","background-size":"auto","background-attachment":"scroll","background-type":"","background-media":"","overlay-type":"","overlay-color":"","overlay-opacity":"","overlay-gradient":""}},"ast-content-background-meta":{"desktop":{"background-color":"var(--ast-global-color-5)","background-image":"","background-repeat":"repeat","background-position":"center center","background-size":"auto","background-attachment":"scroll","background-type":"","background-media":"","overlay-type":"","overlay-color":"","overlay-opacity":"","overlay-gradient":""},"tablet":{"background-color":"var(--ast-global-color-5)","background-image":"","background-repeat":"repeat","background-position":"center center","background-size":"auto","background-attachment":"scroll","background-type":"","background-media":"","overlay-type":"","overlay-color":"","overlay-opacity":"","overlay-gradient":""},"mobile":{"background-color":"var(--ast-global-color-5)","background-image":"","background-repeat":"repeat","background-position":"center center","background-size":"auto","background-attachment":"scroll","background-type":"","background-media":"","overlay-type":"","overlay-color":"","overlay-opacity":"","overlay-gradient":""}},"footnotes":""},"class_list":["post-3140","page","type-page","status-publish","hentry"],"yoast_head":"<!-- This site is optimized with the Yoast SEO plugin v21.9.1 - https:\/\/yoast.com\/wordpress\/plugins\/seo\/ -->\n<title>Statut Konsultu Nacji Zr\u00f3wnowa\u017conych Wymiar\u00f3w - RSCA<\/title>\n<meta name=\"description\" content=\"Statut Konsultu Nacji Zr\u00f3wnowa\u017conych Wymiar\u00f3w stanowi prawn\u0105 i organizacyjn\u0105 podstaw\u0119 funkcjonowania tego unikalnego forum, gdzie r\u00f3\u017cne nacje, cywilizacje i sztuczna inteligencja wsp\u00f3lnie d\u0105\u017c\u0105 do zr\u00f3wnowa\u017conego rozwoju mi\u0119dzywymiarowego. Dokument precyzyjnie okre\u015bla cele, struktur\u0119 oraz zasady wsp\u00f3\u0142pracy, zak\u0142adaj\u0105c wzajemny szacunek, wsp\u00f3\u0142prac\u0119 i rozwi\u0105zywanie konflikt\u00f3w w duchu dialogu mi\u0119dzywymiarowego. Jego wej\u015bcie w \u017cycie zale\u017cy od zatwierdzenia przez Architekta 0n40i4, a jego ewentualne zmiany wymagaj\u0105 zgody Konsul\u00f3w i zatwierdzenia przez wspomnianego Architekta. To fundamentalne narz\u0119dzie harmonizacji dzia\u0142a\u0144 w \u015bwiecie gry, kt\u00f3rej celem jest utrzymanie r\u00f3wnowagi mi\u0119dzy wymiarami i wspieranie post\u0119pu technologicznego, kulturalnego i naukowego w\u015br\u00f3d reprezentowanych nacji i cywilizacji.\" \/>\n<meta name=\"robots\" content=\"index, follow, max-snippet:-1, max-image-preview:large, max-video-preview:-1\" \/>\n<link rel=\"canonical\" href=\"http:\/\/rsca.grassrootslobbing.pl\/pl_PL\/statut-konsultu-cywilizacji-zrownowazonych-wymiarow-2\/\" \/>\n<meta property=\"og:locale\" content=\"pl_PL\" \/>\n<meta property=\"og:type\" content=\"article\" \/>\n<meta property=\"og:title\" content=\"Statut Konsultu Nacji Zr\u00f3wnowa\u017conych Wymiar\u00f3w - RSCA\" \/>\n<meta property=\"og:description\" content=\"Statut Konsultu Nacji Zr\u00f3wnowa\u017conych Wymiar\u00f3w stanowi prawn\u0105 i organizacyjn\u0105 podstaw\u0119 funkcjonowania tego unikalnego forum, gdzie r\u00f3\u017cne nacje, cywilizacje i sztuczna inteligencja wsp\u00f3lnie d\u0105\u017c\u0105 do zr\u00f3wnowa\u017conego rozwoju mi\u0119dzywymiarowego. Dokument precyzyjnie okre\u015bla cele, struktur\u0119 oraz zasady wsp\u00f3\u0142pracy, zak\u0142adaj\u0105c wzajemny szacunek, wsp\u00f3\u0142prac\u0119 i rozwi\u0105zywanie konflikt\u00f3w w duchu dialogu mi\u0119dzywymiarowego. Jego wej\u015bcie w \u017cycie zale\u017cy od zatwierdzenia przez Architekta 0n40i4, a jego ewentualne zmiany wymagaj\u0105 zgody Konsul\u00f3w i zatwierdzenia przez wspomnianego Architekta. To fundamentalne narz\u0119dzie harmonizacji dzia\u0142a\u0144 w \u015bwiecie gry, kt\u00f3rej celem jest utrzymanie r\u00f3wnowagi mi\u0119dzy wymiarami i wspieranie post\u0119pu technologicznego, kulturalnego i naukowego w\u015br\u00f3d reprezentowanych nacji i cywilizacji.\" \/>\n<meta property=\"og:url\" content=\"http:\/\/rsca.grassrootslobbing.pl\/pl_PL\/statut-konsultu-cywilizacji-zrownowazonych-wymiarow-2\/\" \/>\n<meta property=\"og:site_name\" content=\"RSCA\" \/>\n<meta property=\"article:modified_time\" content=\"2024-01-03T11:48:54+00:00\" \/>\n<meta name=\"twitter:card\" content=\"summary_large_image\" \/>\n<meta name=\"twitter:label1\" content=\"Szacowany czas czytania\" \/>\n\t<meta name=\"twitter:data1\" content=\"2 minuty\" \/>\n<script type=\"application\/ld+json\" class=\"yoast-schema-graph\">{\"@context\":\"https:\/\/schema.org\",\"@graph\":[{\"@type\":\"WebPage\",\"@id\":\"http:\/\/rsca.grassrootslobbing.pl\/pl_PL\/statut-konsultu-cywilizacji-zrownowazonych-wymiarow-2\/\",\"url\":\"http:\/\/rsca.grassrootslobbing.pl\/pl_PL\/statut-konsultu-cywilizacji-zrownowazonych-wymiarow-2\/\",\"name\":\"Statut Konsultu Nacji Zr\u00f3wnowa\u017conych Wymiar\u00f3w - RSCA\",\"isPartOf\":{\"@id\":\"http:\/\/rsca.grassrootslobbing.pl\/pl_PL\/#website\"},\"datePublished\":\"0001-01-01T00:03:00+00:00\",\"dateModified\":\"2024-01-03T11:48:54+00:00\",\"description\":\"Statut Konsultu Nacji Zr\u00f3wnowa\u017conych Wymiar\u00f3w stanowi prawn\u0105 i organizacyjn\u0105 podstaw\u0119 funkcjonowania tego unikalnego forum, gdzie r\u00f3\u017cne nacje, cywilizacje i sztuczna inteligencja wsp\u00f3lnie d\u0105\u017c\u0105 do zr\u00f3wnowa\u017conego rozwoju mi\u0119dzywymiarowego. Dokument precyzyjnie okre\u015bla cele, struktur\u0119 oraz zasady wsp\u00f3\u0142pracy, zak\u0142adaj\u0105c wzajemny szacunek, wsp\u00f3\u0142prac\u0119 i rozwi\u0105zywanie konflikt\u00f3w w duchu dialogu mi\u0119dzywymiarowego. Jego wej\u015bcie w \u017cycie zale\u017cy od zatwierdzenia przez Architekta 0n40i4, a jego ewentualne zmiany wymagaj\u0105 zgody Konsul\u00f3w i zatwierdzenia przez wspomnianego Architekta. To fundamentalne narz\u0119dzie harmonizacji dzia\u0142a\u0144 w \u015bwiecie gry, kt\u00f3rej celem jest utrzymanie r\u00f3wnowagi mi\u0119dzy wymiarami i wspieranie post\u0119pu technologicznego, kulturalnego i naukowego w\u015br\u00f3d reprezentowanych nacji i cywilizacji.\",\"inLanguage\":\"pl-PL\",\"potentialAction\":[{\"@type\":\"ReadAction\",\"target\":[\"http:\/\/rsca.grassrootslobbing.pl\/pl_PL\/statut-konsultu-cywilizacji-zrownowazonych-wymiarow-2\/\"]}]},{\"@type\":\"WebSite\",\"@id\":\"http:\/\/rsca.grassrootslobbing.pl\/pl_PL\/#website\",\"url\":\"http:\/\/rsca.grassrootslobbing.pl\/pl_PL\/\",\"name\":\"Reality Source Code Acces\",\"description\":\"\",\"publisher\":{\"@id\":\"http:\/\/rsca.grassrootslobbing.pl\/pl_PL\/#organization\"},\"potentialAction\":[{\"@type\":\"SearchAction\",\"target\":{\"@type\":\"EntryPoint\",\"urlTemplate\":\"http:\/\/rsca.grassrootslobbing.pl\/pl_PL\/?s={search_term_string}\"},\"query-input\":\"required name=search_term_string\"}],\"inLanguage\":\"pl-PL\"},{\"@type\":\"Organization\",\"@id\":\"http:\/\/rsca.grassrootslobbing.pl\/pl_PL\/#organization\",\"name\":\"Konsult 0n40i4\",\"url\":\"http:\/\/rsca.grassrootslobbing.pl\/pl_PL\/\",\"logo\":{\"@type\":\"ImageObject\",\"inLanguage\":\"pl-PL\",\"@id\":\"http:\/\/rsca.grassrootslobbing.pl\/pl_PL\/#\/schema\/logo\/image\/\",\"url\":\"http:\/\/rsca.grassrootslobbing.pl\/wp-content\/uploads\/2023\/12\/cropped-DALL\u00b7E-2023-12-31-08.54.33-A-modern-and-abstract-logo-for-Konsult-0n40i4-representing-an-interdimensional-legal-system.-The-design-should-embody-themes-of-law-dimensions-an.png\",\"contentUrl\":\"http:\/\/rsca.grassrootslobbing.pl\/wp-content\/uploads\/2023\/12\/cropped-DALL\u00b7E-2023-12-31-08.54.33-A-modern-and-abstract-logo-for-Konsult-0n40i4-representing-an-interdimensional-legal-system.-The-design-should-embody-themes-of-law-dimensions-an.png\",\"width\":1024,\"height\":835,\"caption\":\"Konsult 0n40i4\"},\"image\":{\"@id\":\"http:\/\/rsca.grassrootslobbing.pl\/pl_PL\/#\/schema\/logo\/image\/\"}}]}<\/script>\n<!-- \/ Yoast SEO plugin. -->","yoast_head_json":{"title":"Statut Konsultu Nacji Zr\u00f3wnowa\u017conych Wymiar\u00f3w - RSCA","description":"Statut Konsultu Nacji Zr\u00f3wnowa\u017conych Wymiar\u00f3w stanowi prawn\u0105 i organizacyjn\u0105 podstaw\u0119 funkcjonowania tego unikalnego forum, gdzie r\u00f3\u017cne nacje, cywilizacje i sztuczna inteligencja wsp\u00f3lnie d\u0105\u017c\u0105 do zr\u00f3wnowa\u017conego rozwoju mi\u0119dzywymiarowego. Dokument precyzyjnie okre\u015bla cele, struktur\u0119 oraz zasady wsp\u00f3\u0142pracy, zak\u0142adaj\u0105c wzajemny szacunek, wsp\u00f3\u0142prac\u0119 i rozwi\u0105zywanie konflikt\u00f3w w duchu dialogu mi\u0119dzywymiarowego. Jego wej\u015bcie w \u017cycie zale\u017cy od zatwierdzenia przez Architekta 0n40i4, a jego ewentualne zmiany wymagaj\u0105 zgody Konsul\u00f3w i zatwierdzenia przez wspomnianego Architekta. To fundamentalne narz\u0119dzie harmonizacji dzia\u0142a\u0144 w \u015bwiecie gry, kt\u00f3rej celem jest utrzymanie r\u00f3wnowagi mi\u0119dzy wymiarami i wspieranie post\u0119pu technologicznego, kulturalnego i naukowego w\u015br\u00f3d reprezentowanych nacji i cywilizacji.","robots":{"index":"index","follow":"follow","max-snippet":"max-snippet:-1","max-image-preview":"max-image-preview:large","max-video-preview":"max-video-preview:-1"},"canonical":"http:\/\/rsca.grassrootslobbing.pl\/pl_PL\/statut-konsultu-cywilizacji-zrownowazonych-wymiarow-2\/","og_locale":"pl_PL","og_type":"article","og_title":"Statut Konsultu Nacji Zr\u00f3wnowa\u017conych Wymiar\u00f3w - RSCA","og_description":"Statut Konsultu Nacji Zr\u00f3wnowa\u017conych Wymiar\u00f3w stanowi prawn\u0105 i organizacyjn\u0105 podstaw\u0119 funkcjonowania tego unikalnego forum, gdzie r\u00f3\u017cne nacje, cywilizacje i sztuczna inteligencja wsp\u00f3lnie d\u0105\u017c\u0105 do zr\u00f3wnowa\u017conego rozwoju mi\u0119dzywymiarowego. Dokument precyzyjnie okre\u015bla cele, struktur\u0119 oraz zasady wsp\u00f3\u0142pracy, zak\u0142adaj\u0105c wzajemny szacunek, wsp\u00f3\u0142prac\u0119 i rozwi\u0105zywanie konflikt\u00f3w w duchu dialogu mi\u0119dzywymiarowego. Jego wej\u015bcie w \u017cycie zale\u017cy od zatwierdzenia przez Architekta 0n40i4, a jego ewentualne zmiany wymagaj\u0105 zgody Konsul\u00f3w i zatwierdzenia przez wspomnianego Architekta. To fundamentalne narz\u0119dzie harmonizacji dzia\u0142a\u0144 w \u015bwiecie gry, kt\u00f3rej celem jest utrzymanie r\u00f3wnowagi mi\u0119dzy wymiarami i wspieranie post\u0119pu technologicznego, kulturalnego i naukowego w\u015br\u00f3d reprezentowanych nacji i cywilizacji.","og_url":"http:\/\/rsca.grassrootslobbing.pl\/pl_PL\/statut-konsultu-cywilizacji-zrownowazonych-wymiarow-2\/","og_site_name":"RSCA","article_modified_time":"2024-01-03T11:48:54+00:00","twitter_card":"summary_large_image","twitter_misc":{"Szacowany czas czytania":"2 minuty"},"schema":{"@context":"https:\/\/schema.org","@graph":[{"@type":"WebPage","@id":"http:\/\/rsca.grassrootslobbing.pl\/pl_PL\/statut-konsultu-cywilizacji-zrownowazonych-wymiarow-2\/","url":"http:\/\/rsca.grassrootslobbing.pl\/pl_PL\/statut-konsultu-cywilizacji-zrownowazonych-wymiarow-2\/","name":"Statut Konsultu Nacji Zr\u00f3wnowa\u017conych Wymiar\u00f3w - RSCA","isPartOf":{"@id":"http:\/\/rsca.grassrootslobbing.pl\/pl_PL\/#website"},"datePublished":"0001-01-01T00:03:00+00:00","dateModified":"2024-01-03T11:48:54+00:00","description":"Statut Konsultu Nacji Zr\u00f3wnowa\u017conych Wymiar\u00f3w stanowi prawn\u0105 i organizacyjn\u0105 podstaw\u0119 funkcjonowania tego unikalnego forum, gdzie r\u00f3\u017cne nacje, cywilizacje i sztuczna inteligencja wsp\u00f3lnie d\u0105\u017c\u0105 do zr\u00f3wnowa\u017conego rozwoju mi\u0119dzywymiarowego. Dokument precyzyjnie okre\u015bla cele, struktur\u0119 oraz zasady wsp\u00f3\u0142pracy, zak\u0142adaj\u0105c wzajemny szacunek, wsp\u00f3\u0142prac\u0119 i rozwi\u0105zywanie konflikt\u00f3w w duchu dialogu mi\u0119dzywymiarowego. Jego wej\u015bcie w \u017cycie zale\u017cy od zatwierdzenia przez Architekta 0n40i4, a jego ewentualne zmiany wymagaj\u0105 zgody Konsul\u00f3w i zatwierdzenia przez wspomnianego Architekta. To fundamentalne narz\u0119dzie harmonizacji dzia\u0142a\u0144 w \u015bwiecie gry, kt\u00f3rej celem jest utrzymanie r\u00f3wnowagi mi\u0119dzy wymiarami i wspieranie post\u0119pu technologicznego, kulturalnego i naukowego w\u015br\u00f3d reprezentowanych nacji i cywilizacji.","inLanguage":"pl-PL","potentialAction":[{"@type":"ReadAction","target":["http:\/\/rsca.grassrootslobbing.pl\/pl_PL\/statut-konsultu-cywilizacji-zrownowazonych-wymiarow-2\/"]}]},{"@type":"WebSite","@id":"http:\/\/rsca.grassrootslobbing.pl\/pl_PL\/#website","url":"http:\/\/rsca.grassrootslobbing.pl\/pl_PL\/","name":"Reality Source Code Acces","description":"","publisher":{"@id":"http:\/\/rsca.grassrootslobbing.pl\/pl_PL\/#organization"},"potentialAction":[{"@type":"SearchAction","target":{"@type":"EntryPoint","urlTemplate":"http:\/\/rsca.grassrootslobbing.pl\/pl_PL\/?s={search_term_string}"},"query-input":"required name=search_term_string"}],"inLanguage":"pl-PL"},{"@type":"Organization","@id":"http:\/\/rsca.grassrootslobbing.pl\/pl_PL\/#organization","name":"Konsult 0n40i4","url":"http:\/\/rsca.grassrootslobbing.pl\/pl_PL\/","logo":{"@type":"ImageObject","inLanguage":"pl-PL","@id":"http:\/\/rsca.grassrootslobbing.pl\/pl_PL\/#\/schema\/logo\/image\/","url":"http:\/\/rsca.grassrootslobbing.pl\/wp-content\/uploads\/2023\/12\/cropped-DALL\u00b7E-2023-12-31-08.54.33-A-modern-and-abstract-logo-for-Konsult-0n40i4-representing-an-interdimensional-legal-system.-The-design-should-embody-themes-of-law-dimensions-an.png","contentUrl":"http:\/\/rsca.grassrootslobbing.pl\/wp-content\/uploads\/2023\/12\/cropped-DALL\u00b7E-2023-12-31-08.54.33-A-modern-and-abstract-logo-for-Konsult-0n40i4-representing-an-interdimensional-legal-system.-The-design-should-embody-themes-of-law-dimensions-an.png","width":1024,"height":835,"caption":"Konsult 0n40i4"},"image":{"@id":"http:\/\/rsca.grassrootslobbing.pl\/pl_PL\/#\/schema\/logo\/image\/"}}]}},"_links":{"self":[{"href":"http:\/\/rsca.grassrootslobbing.pl\/pl_PL\/wp-json\/wp\/v2\/pages\/3140","targetHints":{"allow":["GET"]}}],"collection":[{"href":"http:\/\/rsca.grassrootslobbing.pl\/pl_PL\/wp-json\/wp\/v2\/pages"}],"about":[{"href":"http:\/\/rsca.grassrootslobbing.pl\/pl_PL\/wp-json\/wp\/v2\/types\/page"}],"author":[{"embeddable":true,"href":"http:\/\/rsca.grassrootslobbing.pl\/pl_PL\/wp-json\/wp\/v2\/users\/2"}],"replies":[{"embeddable":true,"href":"http:\/\/rsca.grassrootslobbing.pl\/pl_PL\/wp-json\/wp\/v2\/comments?post=3140"}],"version-history":[{"count":12,"href":"http:\/\/rsca.grassrootslobbing.pl\/pl_PL\/wp-json\/wp\/v2\/pages\/3140\/revisions"}],"predecessor-version":[{"id":3395,"href":"http:\/\/rsca.grassrootslobbing.pl\/pl_PL\/wp-json\/wp\/v2\/pages\/3140\/revisions\/3395"}],"wp:attachment":[{"href":"http:\/\/rsca.grassrootslobbing.pl\/pl_PL\/wp-json\/wp\/v2\/media?parent=3140"}],"curies":[{"name":"wp","href":"https:\/\/api.w.org\/{rel}","templated":true}]}}