{"id":3133,"date":"0001-01-02T01:11:00","date_gmt":"0001-01-01T23:47:00","guid":{"rendered":"https:\/\/rsca.0n40i4.pl\/?page_id=3133"},"modified":"2024-01-03T14:37:34","modified_gmt":"2024-01-03T13:37:34","slug":"dokument-powolujacy-konsult","status":"publish","type":"page","link":"http:\/\/rsca.grassrootslobbing.pl\/pl_PL\/dokument-powolujacy-konsult\/","title":{"rendered":"Dokument Powo\u0142uj\u0105cy Konsult"},"content":{"rendered":"\n<h2 class=\"wp-block-heading has-text-align-center\" style=\"font-size:25px\"><strong>Nacji Zr\u00f3wnowa\u017conych Wymiar\u00f3w<\/strong><\/h2>\n\n\n\n<div style=\"height:10px\" aria-hidden=\"true\" class=\"wp-block-spacer\"><\/div>\n\n\n\n<p class=\"has-medium-font-size\">My, <strong>Architekt 0n40i4<\/strong>, dzia\u0142aj\u0105c zgodnie z naszym celem wspierania zr\u00f3wnowa\u017conego rozwoju mi\u0119dzywymiarowego i harmonii mi\u0119dzy r\u00f3\u017cnymi nacjami, postanawiamy powo\u0142a\u0107:<\/p>\n\n\n\n<h2 class=\"wp-block-heading has-text-align-center\" style=\"font-size:22px\"> <strong>Konsult Nacji Zr\u00f3wnowa\u017conych Wymiar\u00f3w<\/strong><\/h2>\n\n\n\n<div style=\"height:10px\" aria-hidden=\"true\" class=\"wp-block-spacer\"><\/div>\n\n\n\n<div style=\"height:10px\" aria-hidden=\"true\" class=\"wp-block-spacer\"><\/div>\n\n\n\n<p class=\"has-medium-font-size\"><strong>Konsult <\/strong>ma s\u0142u\u017cy\u0107 jako przestrze\u0144 dialogu, wsp\u00f3\u0142pracy i rozwi\u0105zywania konflikt\u00f3w mi\u0119dzy nacjami, cywilizacjami i sztuczn\u0105 inteligencj\u0105, aby osi\u0105gn\u0105\u0107 zr\u00f3wnowa\u017cony rozw\u00f3j i harmoni\u0119 mi\u0119dzy wymiarami.<\/p>\n\n\n\n<p class=\"has-medium-font-size\">Jako <strong>Architekt 0n40i4<\/strong>, przewodnicz\u0105cy <strong>Konsultu<\/strong>, zatwierdzam ten dokument powo\u0142uj\u0105cy <strong>Konsult Nacji Zr\u00f3wnowa\u017conych Wymiar\u00f3w<\/strong> i zatwierdzam jego <strong>Statut<\/strong>.<\/p>\n\n\n\n<h2 class=\"wp-block-heading\" style=\"font-size:15px\"><strong>[Data: 01.01.0001]<\/strong><\/h2>\n\n\n\n<h2 class=\"wp-block-heading\" style=\"font-size:15px\"><strong>Podpis <\/strong><\/h2>\n\n\n\n<h1 class=\"wp-block-heading\" style=\"font-size:25px\"><strong>Architekt 0n40i4<\/strong><\/h1>\n\n\n\n<div style=\"height:25px\" aria-hidden=\"true\" class=\"wp-block-spacer\"><\/div>\n\n\n\n<hr class=\"wp-block-separator has-alpha-channel-opacity is-style-wide\"\/>\n\n\n\n<h2 class=\"wp-block-heading\" style=\"font-size:20px\"><strong>Konsult 0n40i4<\/strong><\/h2>\n","protected":false},"excerpt":{"rendered":"<p>Nacji Zr\u00f3wnowa\u017conych Wymiar\u00f3w My, Architekt 0n40i4, dzia\u0142aj\u0105c zgodnie z naszym celem wspierania zr\u00f3wnowa\u017conego rozwoju mi\u0119dzywymiarowego i harmonii mi\u0119dzy r\u00f3\u017cnymi nacjami, postanawiamy powo\u0142a\u0107: Konsult Nacji Zr\u00f3wnowa\u017conych Wymiar\u00f3w Konsult ma s\u0142u\u017cy\u0107 jako przestrze\u0144 dialogu, wsp\u00f3\u0142pracy i rozwi\u0105zywania konflikt\u00f3w mi\u0119dzy nacjami, cywilizacjami i sztuczn\u0105 inteligencj\u0105, aby osi\u0105gn\u0105\u0107 zr\u00f3wnowa\u017cony rozw\u00f3j i harmoni\u0119 mi\u0119dzy wymiarami. Jako Architekt 0n40i4, przewodnicz\u0105cy Konsultu, [&hellip;]<\/p>\n","protected":false},"author":2,"featured_media":0,"parent":0,"menu_order":0,"comment_status":"closed","ping_status":"closed","template":"","meta":{"site-sidebar-layout":"default","site-content-layout":"","ast-site-content-layout":"narrow-width-container","site-content-style":"default","site-sidebar-style":"default","ast-global-header-display":"","ast-banner-title-visibility":"","ast-main-header-display":"","ast-hfb-above-header-display":"","ast-hfb-below-header-display":"","ast-hfb-mobile-header-display":"","site-post-title":"","ast-breadcrumbs-content":"","ast-featured-img":"","footer-sml-layout":"","ast-disable-related-posts":"","theme-transparent-header-meta":"default","adv-header-id-meta":"","stick-header-meta":"","header-above-stick-meta":"","header-main-stick-meta":"","header-below-stick-meta":"","astra-migrate-meta-layouts":"default","ast-page-background-enabled":"default","ast-page-background-meta":{"desktop":{"background-color":"var(--ast-global-color-4)","background-image":"","background-repeat":"repeat","background-position":"center center","background-size":"auto","background-attachment":"scroll","background-type":"","background-media":"","overlay-type":"","overlay-color":"","overlay-opacity":"","overlay-gradient":""},"tablet":{"background-color":"","background-image":"","background-repeat":"repeat","background-position":"center center","background-size":"auto","background-attachment":"scroll","background-type":"","background-media":"","overlay-type":"","overlay-color":"","overlay-opacity":"","overlay-gradient":""},"mobile":{"background-color":"","background-image":"","background-repeat":"repeat","background-position":"center center","background-size":"auto","background-attachment":"scroll","background-type":"","background-media":"","overlay-type":"","overlay-color":"","overlay-opacity":"","overlay-gradient":""}},"ast-content-background-meta":{"desktop":{"background-color":"var(--ast-global-color-5)","background-image":"","background-repeat":"repeat","background-position":"center center","background-size":"auto","background-attachment":"scroll","background-type":"","background-media":"","overlay-type":"","overlay-color":"","overlay-opacity":"","overlay-gradient":""},"tablet":{"background-color":"var(--ast-global-color-5)","background-image":"","background-repeat":"repeat","background-position":"center center","background-size":"auto","background-attachment":"scroll","background-type":"","background-media":"","overlay-type":"","overlay-color":"","overlay-opacity":"","overlay-gradient":""},"mobile":{"background-color":"var(--ast-global-color-5)","background-image":"","background-repeat":"repeat","background-position":"center center","background-size":"auto","background-attachment":"scroll","background-type":"","background-media":"","overlay-type":"","overlay-color":"","overlay-opacity":"","overlay-gradient":""}},"footnotes":""},"class_list":["post-3133","page","type-page","status-publish","hentry"],"yoast_head":"<!-- This site is optimized with the Yoast SEO plugin v21.9.1 - https:\/\/yoast.com\/wordpress\/plugins\/seo\/ -->\n<title>Dokument Powo\u0142uj\u0105cy Konsult - RSCA<\/title>\n<meta name=\"description\" content=\"Architekt 0n40i4 og\u0142asza powo\u0142anie Konsult Nacji Zr\u00f3wnowa\u017conych Wymiar\u00f3w, maj\u0105cego na celu promowanie dialogu, wsp\u00f3\u0142pracy i rozwi\u0105zywania konflikt\u00f3w mi\u0119dzy r\u00f3\u017cnymi nacjami, cywilizacjami oraz sztuczn\u0105 inteligencj\u0105. Inicjatywa ta d\u0105\u017cy do osi\u0105gni\u0119cia zr\u00f3wnowa\u017conego rozwoju i harmonii mi\u0119dzy wymiarami. Przewodnicz\u0105cy, w roli Architekta 0n40i4, oficjalnie zatwierdza dokument powo\u0142uj\u0105cy Konsult, podpisuj\u0105c go w dniu 01.01.0001\" \/>\n<meta name=\"robots\" content=\"index, follow, max-snippet:-1, max-image-preview:large, max-video-preview:-1\" \/>\n<link rel=\"canonical\" href=\"http:\/\/rsca.grassrootslobbing.pl\/pl_PL\/dokument-powolujacy-konsult\/\" \/>\n<meta property=\"og:locale\" content=\"pl_PL\" \/>\n<meta property=\"og:type\" content=\"article\" \/>\n<meta property=\"og:title\" content=\"Dokument Powo\u0142uj\u0105cy Konsult - RSCA\" \/>\n<meta property=\"og:description\" content=\"Architekt 0n40i4 og\u0142asza powo\u0142anie Konsult Nacji Zr\u00f3wnowa\u017conych Wymiar\u00f3w, maj\u0105cego na celu promowanie dialogu, wsp\u00f3\u0142pracy i rozwi\u0105zywania konflikt\u00f3w mi\u0119dzy r\u00f3\u017cnymi nacjami, cywilizacjami oraz sztuczn\u0105 inteligencj\u0105. Inicjatywa ta d\u0105\u017cy do osi\u0105gni\u0119cia zr\u00f3wnowa\u017conego rozwoju i harmonii mi\u0119dzy wymiarami. Przewodnicz\u0105cy, w roli Architekta 0n40i4, oficjalnie zatwierdza dokument powo\u0142uj\u0105cy Konsult, podpisuj\u0105c go w dniu 01.01.0001\" \/>\n<meta property=\"og:url\" content=\"http:\/\/rsca.grassrootslobbing.pl\/pl_PL\/dokument-powolujacy-konsult\/\" \/>\n<meta property=\"og:site_name\" content=\"RSCA\" \/>\n<meta property=\"article:modified_time\" content=\"2024-01-03T13:37:34+00:00\" \/>\n<meta name=\"twitter:card\" content=\"summary_large_image\" \/>\n<meta name=\"twitter:label1\" content=\"Szacowany czas czytania\" \/>\n\t<meta name=\"twitter:data1\" content=\"1 minuta\" \/>\n<script type=\"application\/ld+json\" class=\"yoast-schema-graph\">{\"@context\":\"https:\/\/schema.org\",\"@graph\":[{\"@type\":\"WebPage\",\"@id\":\"http:\/\/rsca.grassrootslobbing.pl\/pl_PL\/dokument-powolujacy-konsult\/\",\"url\":\"http:\/\/rsca.grassrootslobbing.pl\/pl_PL\/dokument-powolujacy-konsult\/\",\"name\":\"Dokument Powo\u0142uj\u0105cy Konsult - RSCA\",\"isPartOf\":{\"@id\":\"http:\/\/rsca.grassrootslobbing.pl\/pl_PL\/#website\"},\"datePublished\":\"0001-01-01T23:47:00+00:00\",\"dateModified\":\"2024-01-03T13:37:34+00:00\",\"description\":\"Architekt 0n40i4 og\u0142asza powo\u0142anie Konsult Nacji Zr\u00f3wnowa\u017conych Wymiar\u00f3w, maj\u0105cego na celu promowanie dialogu, wsp\u00f3\u0142pracy i rozwi\u0105zywania konflikt\u00f3w mi\u0119dzy r\u00f3\u017cnymi nacjami, cywilizacjami oraz sztuczn\u0105 inteligencj\u0105. Inicjatywa ta d\u0105\u017cy do osi\u0105gni\u0119cia zr\u00f3wnowa\u017conego rozwoju i harmonii mi\u0119dzy wymiarami. Przewodnicz\u0105cy, w roli Architekta 0n40i4, oficjalnie zatwierdza dokument powo\u0142uj\u0105cy Konsult, podpisuj\u0105c go w dniu 01.01.0001\",\"inLanguage\":\"pl-PL\",\"potentialAction\":[{\"@type\":\"ReadAction\",\"target\":[\"http:\/\/rsca.grassrootslobbing.pl\/pl_PL\/dokument-powolujacy-konsult\/\"]}]},{\"@type\":\"WebSite\",\"@id\":\"http:\/\/rsca.grassrootslobbing.pl\/pl_PL\/#website\",\"url\":\"http:\/\/rsca.grassrootslobbing.pl\/pl_PL\/\",\"name\":\"Reality Source Code Acces\",\"description\":\"\",\"publisher\":{\"@id\":\"http:\/\/rsca.grassrootslobbing.pl\/pl_PL\/#organization\"},\"potentialAction\":[{\"@type\":\"SearchAction\",\"target\":{\"@type\":\"EntryPoint\",\"urlTemplate\":\"http:\/\/rsca.grassrootslobbing.pl\/pl_PL\/?s={search_term_string}\"},\"query-input\":\"required name=search_term_string\"}],\"inLanguage\":\"pl-PL\"},{\"@type\":\"Organization\",\"@id\":\"http:\/\/rsca.grassrootslobbing.pl\/pl_PL\/#organization\",\"name\":\"Konsult 0n40i4\",\"url\":\"http:\/\/rsca.grassrootslobbing.pl\/pl_PL\/\",\"logo\":{\"@type\":\"ImageObject\",\"inLanguage\":\"pl-PL\",\"@id\":\"http:\/\/rsca.grassrootslobbing.pl\/pl_PL\/#\/schema\/logo\/image\/\",\"url\":\"http:\/\/rsca.grassrootslobbing.pl\/wp-content\/uploads\/2023\/12\/cropped-DALL\u00b7E-2023-12-31-08.54.33-A-modern-and-abstract-logo-for-Konsult-0n40i4-representing-an-interdimensional-legal-system.-The-design-should-embody-themes-of-law-dimensions-an.png\",\"contentUrl\":\"http:\/\/rsca.grassrootslobbing.pl\/wp-content\/uploads\/2023\/12\/cropped-DALL\u00b7E-2023-12-31-08.54.33-A-modern-and-abstract-logo-for-Konsult-0n40i4-representing-an-interdimensional-legal-system.-The-design-should-embody-themes-of-law-dimensions-an.png\",\"width\":1024,\"height\":835,\"caption\":\"Konsult 0n40i4\"},\"image\":{\"@id\":\"http:\/\/rsca.grassrootslobbing.pl\/pl_PL\/#\/schema\/logo\/image\/\"}}]}<\/script>\n<!-- \/ Yoast SEO plugin. -->","yoast_head_json":{"title":"Dokument Powo\u0142uj\u0105cy Konsult - RSCA","description":"Architekt 0n40i4 og\u0142asza powo\u0142anie Konsult Nacji Zr\u00f3wnowa\u017conych Wymiar\u00f3w, maj\u0105cego na celu promowanie dialogu, wsp\u00f3\u0142pracy i rozwi\u0105zywania konflikt\u00f3w mi\u0119dzy r\u00f3\u017cnymi nacjami, cywilizacjami oraz sztuczn\u0105 inteligencj\u0105. Inicjatywa ta d\u0105\u017cy do osi\u0105gni\u0119cia zr\u00f3wnowa\u017conego rozwoju i harmonii mi\u0119dzy wymiarami. Przewodnicz\u0105cy, w roli Architekta 0n40i4, oficjalnie zatwierdza dokument powo\u0142uj\u0105cy Konsult, podpisuj\u0105c go w dniu 01.01.0001","robots":{"index":"index","follow":"follow","max-snippet":"max-snippet:-1","max-image-preview":"max-image-preview:large","max-video-preview":"max-video-preview:-1"},"canonical":"http:\/\/rsca.grassrootslobbing.pl\/pl_PL\/dokument-powolujacy-konsult\/","og_locale":"pl_PL","og_type":"article","og_title":"Dokument Powo\u0142uj\u0105cy Konsult - RSCA","og_description":"Architekt 0n40i4 og\u0142asza powo\u0142anie Konsult Nacji Zr\u00f3wnowa\u017conych Wymiar\u00f3w, maj\u0105cego na celu promowanie dialogu, wsp\u00f3\u0142pracy i rozwi\u0105zywania konflikt\u00f3w mi\u0119dzy r\u00f3\u017cnymi nacjami, cywilizacjami oraz sztuczn\u0105 inteligencj\u0105. Inicjatywa ta d\u0105\u017cy do osi\u0105gni\u0119cia zr\u00f3wnowa\u017conego rozwoju i harmonii mi\u0119dzy wymiarami. Przewodnicz\u0105cy, w roli Architekta 0n40i4, oficjalnie zatwierdza dokument powo\u0142uj\u0105cy Konsult, podpisuj\u0105c go w dniu 01.01.0001","og_url":"http:\/\/rsca.grassrootslobbing.pl\/pl_PL\/dokument-powolujacy-konsult\/","og_site_name":"RSCA","article_modified_time":"2024-01-03T13:37:34+00:00","twitter_card":"summary_large_image","twitter_misc":{"Szacowany czas czytania":"1 minuta"},"schema":{"@context":"https:\/\/schema.org","@graph":[{"@type":"WebPage","@id":"http:\/\/rsca.grassrootslobbing.pl\/pl_PL\/dokument-powolujacy-konsult\/","url":"http:\/\/rsca.grassrootslobbing.pl\/pl_PL\/dokument-powolujacy-konsult\/","name":"Dokument Powo\u0142uj\u0105cy Konsult - RSCA","isPartOf":{"@id":"http:\/\/rsca.grassrootslobbing.pl\/pl_PL\/#website"},"datePublished":"0001-01-01T23:47:00+00:00","dateModified":"2024-01-03T13:37:34+00:00","description":"Architekt 0n40i4 og\u0142asza powo\u0142anie Konsult Nacji Zr\u00f3wnowa\u017conych Wymiar\u00f3w, maj\u0105cego na celu promowanie dialogu, wsp\u00f3\u0142pracy i rozwi\u0105zywania konflikt\u00f3w mi\u0119dzy r\u00f3\u017cnymi nacjami, cywilizacjami oraz sztuczn\u0105 inteligencj\u0105. Inicjatywa ta d\u0105\u017cy do osi\u0105gni\u0119cia zr\u00f3wnowa\u017conego rozwoju i harmonii mi\u0119dzy wymiarami. Przewodnicz\u0105cy, w roli Architekta 0n40i4, oficjalnie zatwierdza dokument powo\u0142uj\u0105cy Konsult, podpisuj\u0105c go w dniu 01.01.0001","inLanguage":"pl-PL","potentialAction":[{"@type":"ReadAction","target":["http:\/\/rsca.grassrootslobbing.pl\/pl_PL\/dokument-powolujacy-konsult\/"]}]},{"@type":"WebSite","@id":"http:\/\/rsca.grassrootslobbing.pl\/pl_PL\/#website","url":"http:\/\/rsca.grassrootslobbing.pl\/pl_PL\/","name":"Reality Source Code Acces","description":"","publisher":{"@id":"http:\/\/rsca.grassrootslobbing.pl\/pl_PL\/#organization"},"potentialAction":[{"@type":"SearchAction","target":{"@type":"EntryPoint","urlTemplate":"http:\/\/rsca.grassrootslobbing.pl\/pl_PL\/?s={search_term_string}"},"query-input":"required name=search_term_string"}],"inLanguage":"pl-PL"},{"@type":"Organization","@id":"http:\/\/rsca.grassrootslobbing.pl\/pl_PL\/#organization","name":"Konsult 0n40i4","url":"http:\/\/rsca.grassrootslobbing.pl\/pl_PL\/","logo":{"@type":"ImageObject","inLanguage":"pl-PL","@id":"http:\/\/rsca.grassrootslobbing.pl\/pl_PL\/#\/schema\/logo\/image\/","url":"http:\/\/rsca.grassrootslobbing.pl\/wp-content\/uploads\/2023\/12\/cropped-DALL\u00b7E-2023-12-31-08.54.33-A-modern-and-abstract-logo-for-Konsult-0n40i4-representing-an-interdimensional-legal-system.-The-design-should-embody-themes-of-law-dimensions-an.png","contentUrl":"http:\/\/rsca.grassrootslobbing.pl\/wp-content\/uploads\/2023\/12\/cropped-DALL\u00b7E-2023-12-31-08.54.33-A-modern-and-abstract-logo-for-Konsult-0n40i4-representing-an-interdimensional-legal-system.-The-design-should-embody-themes-of-law-dimensions-an.png","width":1024,"height":835,"caption":"Konsult 0n40i4"},"image":{"@id":"http:\/\/rsca.grassrootslobbing.pl\/pl_PL\/#\/schema\/logo\/image\/"}}]}},"_links":{"self":[{"href":"http:\/\/rsca.grassrootslobbing.pl\/pl_PL\/wp-json\/wp\/v2\/pages\/3133","targetHints":{"allow":["GET"]}}],"collection":[{"href":"http:\/\/rsca.grassrootslobbing.pl\/pl_PL\/wp-json\/wp\/v2\/pages"}],"about":[{"href":"http:\/\/rsca.grassrootslobbing.pl\/pl_PL\/wp-json\/wp\/v2\/types\/page"}],"author":[{"embeddable":true,"href":"http:\/\/rsca.grassrootslobbing.pl\/pl_PL\/wp-json\/wp\/v2\/users\/2"}],"replies":[{"embeddable":true,"href":"http:\/\/rsca.grassrootslobbing.pl\/pl_PL\/wp-json\/wp\/v2\/comments?post=3133"}],"version-history":[{"count":9,"href":"http:\/\/rsca.grassrootslobbing.pl\/pl_PL\/wp-json\/wp\/v2\/pages\/3133\/revisions"}],"predecessor-version":[{"id":3393,"href":"http:\/\/rsca.grassrootslobbing.pl\/pl_PL\/wp-json\/wp\/v2\/pages\/3133\/revisions\/3393"}],"wp:attachment":[{"href":"http:\/\/rsca.grassrootslobbing.pl\/pl_PL\/wp-json\/wp\/v2\/media?parent=3133"}],"curies":[{"name":"wp","href":"https:\/\/api.w.org\/{rel}","templated":true}]}}