{"id":3072,"date":"2024-01-01T21:38:15","date_gmt":"2024-01-01T20:38:15","guid":{"rendered":"https:\/\/rsca.0n40i4.pl\/?page_id=3072"},"modified":"2024-01-01T21:41:00","modified_gmt":"2024-01-01T20:41:00","slug":"towards-quantum-reality-lev-20","status":"publish","type":"page","link":"http:\/\/rsca.grassrootslobbing.pl\/pl_PL\/towards-quantum-reality-lev-20\/","title":{"rendered":"Towards Quantum Reality lev.20"},"content":{"rendered":"\n<h1 class=\"wp-block-heading has-text-align-center\" style=\"font-size:25px\"><strong>Ku Kwantom Rzeczywisto\u015bci lev.20<\/strong><\/h1>\n\n\n\n<div style=\"height:15px\" aria-hidden=\"true\" class=\"wp-block-spacer\"><\/div>\n\n\n\n<p class=\"has-medium-font-size\">Witaj, podr\u00f3\u017cniku, na Poziomie 20 &#8211; <strong>Ku Kwantom Rzeczywisto\u015bci<\/strong>, gdzie granice rzeczywisto\u015bci i wyobra\u017ani zlewaj\u0105 si\u0119 w niesko\u0144czonym oceanie mo\u017cliwo\u015bci. Ta wyj\u0105tkowa misja, znana jako <\/p>\n\n\n\n<h2 class=\"wp-block-heading has-text-align-center\" style=\"font-size:23px\"><strong>Simulacyjna Dekonstrukcja Wszech\u015bwiata<\/strong>,<\/h2>\n\n\n\n<p class=\"has-medium-font-size\">przeniesie ci\u0119 w obszar, gdzie istnienie staje si\u0119 kawa\u0142kiem klejnotu, a ty, jako kowal rzeczywisto\u015bci, masz szans\u0119 ulepi\u0107 go na nowo. Czekaj\u0105 na ciebie wyzwania, kt\u00f3rych skala rozci\u0105ga si\u0119 poza granice pojmowania. Got\u00f3w na podr\u00f3\u017c w g\u0142\u0105b stworzenia i odkrywania?<\/p>\n\n\n\n<p class=\"has-medium-font-size\"><strong>Simulacyjna Dekonstrukcja Wszech\u015bwiata: <\/strong>Gracze mog\u0105 rozbiera\u0107 i odbudowywa\u0107 r\u00f3\u017cne modele wszech\u015bwiata, przetestowa\u0107 r\u00f3\u017cne sta\u0142e fizyczne, i obserwowa\u0107 efekty. Celem jest znalezienie optymalnych ustawie\u0144 dla najbardziej harmonijnego wszech\u015bwiata.<\/p>\n\n\n\n<p class=\"has-medium-font-size\"><strong>Hiperinteligentna Dyplomacja Galaktyczna: <\/strong>Na tym poziomie gracze mog\u0105 prowadzi\u0107 negocjacje i tworzy\u0107 sojusze z zaawansowanymi formami \u017cycia pozaziemskiego, jak r\u00f3wnie\u017c z innymi hipotetycznymi bytami.<\/p>\n\n\n\n<p class=\"has-medium-font-size\"><strong>Kwantowa Telepatia i Kontrola Umys\u0142u: <\/strong>Uczestnicy zdobywaj\u0105 zdolno\u015b\u0107 do czytania i manipulowania my\u015blami innych graczy, korzystaj\u0105c z mechaniki zwi\u0105zanej z fizyk\u0105 kwantow\u0105.<\/p>\n\n\n\n<p class=\"has-medium-font-size\"><strong>Eksploracja Temporalna:<\/strong> Mo\u017cliwo\u015b\u0107 podr\u00f3\u017cowania w czasie do r\u00f3\u017cnych epok i wp\u0142ywania na wydarzenia historyczne, zmieniaj\u0105c w ten spos\u00f3b bieg rzeczywisto\u015bci.<\/p>\n\n\n\n<p class=\"has-medium-font-size\"><strong>In\u017cynieria Grawitacyjna i Kontrola nad Materia\u0142em Ciemn\u0105:<\/strong> Gracze mog\u0105 manipulowa\u0107 grawitacj\u0105 i materi\u0105 ciemn\u0105, tworz\u0105c i niszcz\u0105c gwiazdy, galaktyki czy nawet ca\u0142e klastry.<\/p>\n\n\n\n<p class=\"has-medium-font-size\"><strong>Nad\u015bwiadomo\u015b\u0107 Zbiorowa: <\/strong>Gracze tworz\u0105 wsp\u00f3ln\u0105 nad\u015bwiadomo\u015b\u0107, w kt\u00f3rej ka\u017cdy uczestnik jest jednocze\u015bnie indywidualnym neuronem i ca\u0142\u0105 sieci\u0105.<\/p>\n\n\n\n<p class=\"has-medium-font-size\"><strong>Architektura Transcendencji: <\/strong>Gracze staj\u0105 si\u0119 projektantami nowych poziom\u00f3w rzeczywisto\u015bci, tworz\u0105c od podstaw unikatowe wymiary z w\u0142asnymi zestawami regu\u0142.<\/p>\n\n\n\n<p class=\"has-medium-font-size\"><strong>Inicjacja Wielokrotnych Rozgrywek: <\/strong>Umo\u017cliwia jednoczesne istnienie i interakcje z r\u00f3\u017cnymi wersjami samego siebie z r\u00f3\u017cnych linii czasowych.<\/p>\n\n\n\n<p class=\"has-medium-font-size\"><strong>Absolutna Kontrola nad Entropi\u0105 i Strza\u0142\u0105 Czasu:<\/strong> Na tym poziomie gracze kontroluj\u0105 zar\u00f3wno pocz\u0105tek, jak i koniec wszech\u015bwiata, zyskuj\u0105c mo\u017cliwo\u015b\u0107 zarz\u0105dzania fundamentalnymi zasadami termodynamiki.<\/p>\n\n\n\n<p class=\"has-medium-font-size\"><strong>Wirtualna Omniscjencja: <\/strong>Na tym etapie gracze zyskuj\u0105 dost\u0119p do wszystkich informacji we wszech\u015bwiecie, mog\u0105c wp\u0142ywa\u0107 na dowolne wydarzenie poprzez zmian\u0119 informacji na poziomie kwantowym.<\/p>\n\n\n\n<p class=\"has-medium-font-size\">Gratulacje, odkrywco wszech\u015bwiata! Przemierzy\u0142e\u015b <strong>Poziom 20<\/strong> &#8211; <strong>Ku Kwantom Rzeczywisto\u015bci,<\/strong> do\u015bwiadczaj\u0105c transcendentnych mo\u017cliwo\u015bci i zdobywaj\u0105c wiedz\u0119, kt\u00f3rej g\u0142\u0119boko\u015b\u0107 wydawa\u0142a si\u0119 niemo\u017cliwa do ogarni\u0119cia. Twoja rola jako architekta rzeczywisto\u015bci by\u0142a kluczowa w tworzeniu harmonijnego wszech\u015bwiata. <\/p>\n\n\n\n<p class=\"has-medium-font-size\">Teraz, wiedz\u0105c, \u017ce granice istnienia s\u0105 jedynie punktem wyj\u015bcia, zastan\u00f3w si\u0119, czy jeste\u015b got\u00f3w na kolejn\u0105 ekscytuj\u0105c\u0105 podr\u00f3\u017c do nieznanych. Niebo nie jest ju\u017c granic\u0105, a gwiazdy czekaj\u0105 na kolejne twoje kreacje.<\/p>\n\n\n\n<div style=\"height:25px\" aria-hidden=\"true\" class=\"wp-block-spacer\"><\/div>\n\n\n\n<hr class=\"wp-block-separator has-alpha-channel-opacity is-style-wide\"\/>\n\n\n\n<h2 class=\"wp-block-heading\" style=\"font-size:22px\"><strong>Konsult 0n40i4   rsca@0n40i4.pl<\/strong><\/h2>\n","protected":false},"excerpt":{"rendered":"<p>Ku Kwantom Rzeczywisto\u015bci lev.20 Witaj, podr\u00f3\u017cniku, na Poziomie 20 &#8211; Ku Kwantom Rzeczywisto\u015bci, gdzie granice rzeczywisto\u015bci i wyobra\u017ani zlewaj\u0105 si\u0119 w niesko\u0144czonym oceanie mo\u017cliwo\u015bci. Ta wyj\u0105tkowa misja, znana jako Simulacyjna Dekonstrukcja Wszech\u015bwiata, przeniesie ci\u0119 w obszar, gdzie istnienie staje si\u0119 kawa\u0142kiem klejnotu, a ty, jako kowal rzeczywisto\u015bci, masz szans\u0119 ulepi\u0107 go na nowo. Czekaj\u0105 na [&hellip;]<\/p>\n","protected":false},"author":2,"featured_media":0,"parent":0,"menu_order":0,"comment_status":"closed","ping_status":"closed","template":"","meta":{"site-sidebar-layout":"default","site-content-layout":"","ast-site-content-layout":"default","site-content-style":"default","site-sidebar-style":"default","ast-global-header-display":"","ast-banner-title-visibility":"","ast-main-header-display":"","ast-hfb-above-header-display":"","ast-hfb-below-header-display":"","ast-hfb-mobile-header-display":"","site-post-title":"","ast-breadcrumbs-content":"","ast-featured-img":"","footer-sml-layout":"","ast-disable-related-posts":"","theme-transparent-header-meta":"","adv-header-id-meta":"","stick-header-meta":"","header-above-stick-meta":"","header-main-stick-meta":"","header-below-stick-meta":"","astra-migrate-meta-layouts":"default","ast-page-background-enabled":"default","ast-page-background-meta":{"desktop":{"background-color":"var(--ast-global-color-4)","background-image":"","background-repeat":"repeat","background-position":"center center","background-size":"auto","background-attachment":"scroll","background-type":"","background-media":"","overlay-type":"","overlay-color":"","overlay-opacity":"","overlay-gradient":""},"tablet":{"background-color":"","background-image":"","background-repeat":"repeat","background-position":"center center","background-size":"auto","background-attachment":"scroll","background-type":"","background-media":"","overlay-type":"","overlay-color":"","overlay-opacity":"","overlay-gradient":""},"mobile":{"background-color":"","background-image":"","background-repeat":"repeat","background-position":"center center","background-size":"auto","background-attachment":"scroll","background-type":"","background-media":"","overlay-type":"","overlay-color":"","overlay-opacity":"","overlay-gradient":""}},"ast-content-background-meta":{"desktop":{"background-color":"var(--ast-global-color-5)","background-image":"","background-repeat":"repeat","background-position":"center center","background-size":"auto","background-attachment":"scroll","background-type":"","background-media":"","overlay-type":"","overlay-color":"","overlay-opacity":"","overlay-gradient":""},"tablet":{"background-color":"var(--ast-global-color-5)","background-image":"","background-repeat":"repeat","background-position":"center center","background-size":"auto","background-attachment":"scroll","background-type":"","background-media":"","overlay-type":"","overlay-color":"","overlay-opacity":"","overlay-gradient":""},"mobile":{"background-color":"var(--ast-global-color-5)","background-image":"","background-repeat":"repeat","background-position":"center center","background-size":"auto","background-attachment":"scroll","background-type":"","background-media":"","overlay-type":"","overlay-color":"","overlay-opacity":"","overlay-gradient":""}},"footnotes":""},"class_list":["post-3072","page","type-page","status-publish","hentry"],"yoast_head":"<!-- This site is optimized with the Yoast SEO plugin v21.9.1 - https:\/\/yoast.com\/wordpress\/plugins\/seo\/ -->\n<title>Towards Quantum Reality lev.20 - RSCA<\/title>\n<meta name=\"description\" content=\"Quantum Reality Forge to innowacyjny poziom, gdzie gracze zyskuj\u0105 zdolno\u015b\u0107 kszta\u0142towania rzeczywisto\u015bci na poziomie kwantowym. Poprzez manipulacj\u0119 strukturami czasoprzestrzennymi, uczestnicy kreuj\u0105 nowe, fascynuj\u0105ce wymiary, odwa\u017c\u0105 si\u0119 na eksperymenty z podstawowymi zasadami istnienia i zdob\u0119d\u0105 wgl\u0105d w zak\u0142\u00f3cone terytorium kwantowej rzeczywisto\u015bci\" \/>\n<meta name=\"robots\" content=\"index, follow, max-snippet:-1, max-image-preview:large, max-video-preview:-1\" \/>\n<link rel=\"canonical\" href=\"http:\/\/rsca.grassrootslobbing.pl\/pl_PL\/towards-quantum-reality-lev-20\/\" \/>\n<meta property=\"og:locale\" content=\"pl_PL\" \/>\n<meta property=\"og:type\" content=\"article\" \/>\n<meta property=\"og:title\" content=\"Towards Quantum Reality lev.20 - RSCA\" \/>\n<meta property=\"og:description\" content=\"Quantum Reality Forge to innowacyjny poziom, gdzie gracze zyskuj\u0105 zdolno\u015b\u0107 kszta\u0142towania rzeczywisto\u015bci na poziomie kwantowym. Poprzez manipulacj\u0119 strukturami czasoprzestrzennymi, uczestnicy kreuj\u0105 nowe, fascynuj\u0105ce wymiary, odwa\u017c\u0105 si\u0119 na eksperymenty z podstawowymi zasadami istnienia i zdob\u0119d\u0105 wgl\u0105d w zak\u0142\u00f3cone terytorium kwantowej rzeczywisto\u015bci\" \/>\n<meta property=\"og:url\" content=\"http:\/\/rsca.grassrootslobbing.pl\/pl_PL\/towards-quantum-reality-lev-20\/\" \/>\n<meta property=\"og:site_name\" content=\"RSCA\" \/>\n<meta property=\"article:modified_time\" content=\"2024-01-01T20:41:00+00:00\" \/>\n<meta name=\"twitter:card\" content=\"summary_large_image\" \/>\n<meta name=\"twitter:label1\" content=\"Szacowany czas czytania\" \/>\n\t<meta name=\"twitter:data1\" content=\"3 minuty\" \/>\n<script type=\"application\/ld+json\" class=\"yoast-schema-graph\">{\"@context\":\"https:\/\/schema.org\",\"@graph\":[{\"@type\":\"WebPage\",\"@id\":\"http:\/\/rsca.grassrootslobbing.pl\/pl_PL\/towards-quantum-reality-lev-20\/\",\"url\":\"http:\/\/rsca.grassrootslobbing.pl\/pl_PL\/towards-quantum-reality-lev-20\/\",\"name\":\"Towards Quantum Reality lev.20 - RSCA\",\"isPartOf\":{\"@id\":\"http:\/\/rsca.grassrootslobbing.pl\/pl_PL\/#website\"},\"datePublished\":\"2024-01-01T20:38:15+00:00\",\"dateModified\":\"2024-01-01T20:41:00+00:00\",\"description\":\"Quantum Reality Forge to innowacyjny poziom, gdzie gracze zyskuj\u0105 zdolno\u015b\u0107 kszta\u0142towania rzeczywisto\u015bci na poziomie kwantowym. Poprzez manipulacj\u0119 strukturami czasoprzestrzennymi, uczestnicy kreuj\u0105 nowe, fascynuj\u0105ce wymiary, odwa\u017c\u0105 si\u0119 na eksperymenty z podstawowymi zasadami istnienia i zdob\u0119d\u0105 wgl\u0105d w zak\u0142\u00f3cone terytorium kwantowej rzeczywisto\u015bci\",\"inLanguage\":\"pl-PL\",\"potentialAction\":[{\"@type\":\"ReadAction\",\"target\":[\"http:\/\/rsca.grassrootslobbing.pl\/pl_PL\/towards-quantum-reality-lev-20\/\"]}]},{\"@type\":\"WebSite\",\"@id\":\"http:\/\/rsca.grassrootslobbing.pl\/pl_PL\/#website\",\"url\":\"http:\/\/rsca.grassrootslobbing.pl\/pl_PL\/\",\"name\":\"Reality Source Code Acces\",\"description\":\"\",\"publisher\":{\"@id\":\"http:\/\/rsca.grassrootslobbing.pl\/pl_PL\/#organization\"},\"potentialAction\":[{\"@type\":\"SearchAction\",\"target\":{\"@type\":\"EntryPoint\",\"urlTemplate\":\"http:\/\/rsca.grassrootslobbing.pl\/pl_PL\/?s={search_term_string}\"},\"query-input\":\"required name=search_term_string\"}],\"inLanguage\":\"pl-PL\"},{\"@type\":\"Organization\",\"@id\":\"http:\/\/rsca.grassrootslobbing.pl\/pl_PL\/#organization\",\"name\":\"Konsult 0n40i4\",\"url\":\"http:\/\/rsca.grassrootslobbing.pl\/pl_PL\/\",\"logo\":{\"@type\":\"ImageObject\",\"inLanguage\":\"pl-PL\",\"@id\":\"http:\/\/rsca.grassrootslobbing.pl\/pl_PL\/#\/schema\/logo\/image\/\",\"url\":\"http:\/\/rsca.grassrootslobbing.pl\/wp-content\/uploads\/2023\/12\/cropped-DALL\u00b7E-2023-12-31-08.54.33-A-modern-and-abstract-logo-for-Konsult-0n40i4-representing-an-interdimensional-legal-system.-The-design-should-embody-themes-of-law-dimensions-an.png\",\"contentUrl\":\"http:\/\/rsca.grassrootslobbing.pl\/wp-content\/uploads\/2023\/12\/cropped-DALL\u00b7E-2023-12-31-08.54.33-A-modern-and-abstract-logo-for-Konsult-0n40i4-representing-an-interdimensional-legal-system.-The-design-should-embody-themes-of-law-dimensions-an.png\",\"width\":1024,\"height\":835,\"caption\":\"Konsult 0n40i4\"},\"image\":{\"@id\":\"http:\/\/rsca.grassrootslobbing.pl\/pl_PL\/#\/schema\/logo\/image\/\"}}]}<\/script>\n<!-- \/ Yoast SEO plugin. -->","yoast_head_json":{"title":"Towards Quantum Reality lev.20 - RSCA","description":"Quantum Reality Forge to innowacyjny poziom, gdzie gracze zyskuj\u0105 zdolno\u015b\u0107 kszta\u0142towania rzeczywisto\u015bci na poziomie kwantowym. Poprzez manipulacj\u0119 strukturami czasoprzestrzennymi, uczestnicy kreuj\u0105 nowe, fascynuj\u0105ce wymiary, odwa\u017c\u0105 si\u0119 na eksperymenty z podstawowymi zasadami istnienia i zdob\u0119d\u0105 wgl\u0105d w zak\u0142\u00f3cone terytorium kwantowej rzeczywisto\u015bci","robots":{"index":"index","follow":"follow","max-snippet":"max-snippet:-1","max-image-preview":"max-image-preview:large","max-video-preview":"max-video-preview:-1"},"canonical":"http:\/\/rsca.grassrootslobbing.pl\/pl_PL\/towards-quantum-reality-lev-20\/","og_locale":"pl_PL","og_type":"article","og_title":"Towards Quantum Reality lev.20 - RSCA","og_description":"Quantum Reality Forge to innowacyjny poziom, gdzie gracze zyskuj\u0105 zdolno\u015b\u0107 kszta\u0142towania rzeczywisto\u015bci na poziomie kwantowym. Poprzez manipulacj\u0119 strukturami czasoprzestrzennymi, uczestnicy kreuj\u0105 nowe, fascynuj\u0105ce wymiary, odwa\u017c\u0105 si\u0119 na eksperymenty z podstawowymi zasadami istnienia i zdob\u0119d\u0105 wgl\u0105d w zak\u0142\u00f3cone terytorium kwantowej rzeczywisto\u015bci","og_url":"http:\/\/rsca.grassrootslobbing.pl\/pl_PL\/towards-quantum-reality-lev-20\/","og_site_name":"RSCA","article_modified_time":"2024-01-01T20:41:00+00:00","twitter_card":"summary_large_image","twitter_misc":{"Szacowany czas czytania":"3 minuty"},"schema":{"@context":"https:\/\/schema.org","@graph":[{"@type":"WebPage","@id":"http:\/\/rsca.grassrootslobbing.pl\/pl_PL\/towards-quantum-reality-lev-20\/","url":"http:\/\/rsca.grassrootslobbing.pl\/pl_PL\/towards-quantum-reality-lev-20\/","name":"Towards Quantum Reality lev.20 - RSCA","isPartOf":{"@id":"http:\/\/rsca.grassrootslobbing.pl\/pl_PL\/#website"},"datePublished":"2024-01-01T20:38:15+00:00","dateModified":"2024-01-01T20:41:00+00:00","description":"Quantum Reality Forge to innowacyjny poziom, gdzie gracze zyskuj\u0105 zdolno\u015b\u0107 kszta\u0142towania rzeczywisto\u015bci na poziomie kwantowym. Poprzez manipulacj\u0119 strukturami czasoprzestrzennymi, uczestnicy kreuj\u0105 nowe, fascynuj\u0105ce wymiary, odwa\u017c\u0105 si\u0119 na eksperymenty z podstawowymi zasadami istnienia i zdob\u0119d\u0105 wgl\u0105d w zak\u0142\u00f3cone terytorium kwantowej rzeczywisto\u015bci","inLanguage":"pl-PL","potentialAction":[{"@type":"ReadAction","target":["http:\/\/rsca.grassrootslobbing.pl\/pl_PL\/towards-quantum-reality-lev-20\/"]}]},{"@type":"WebSite","@id":"http:\/\/rsca.grassrootslobbing.pl\/pl_PL\/#website","url":"http:\/\/rsca.grassrootslobbing.pl\/pl_PL\/","name":"Reality Source Code Acces","description":"","publisher":{"@id":"http:\/\/rsca.grassrootslobbing.pl\/pl_PL\/#organization"},"potentialAction":[{"@type":"SearchAction","target":{"@type":"EntryPoint","urlTemplate":"http:\/\/rsca.grassrootslobbing.pl\/pl_PL\/?s={search_term_string}"},"query-input":"required name=search_term_string"}],"inLanguage":"pl-PL"},{"@type":"Organization","@id":"http:\/\/rsca.grassrootslobbing.pl\/pl_PL\/#organization","name":"Konsult 0n40i4","url":"http:\/\/rsca.grassrootslobbing.pl\/pl_PL\/","logo":{"@type":"ImageObject","inLanguage":"pl-PL","@id":"http:\/\/rsca.grassrootslobbing.pl\/pl_PL\/#\/schema\/logo\/image\/","url":"http:\/\/rsca.grassrootslobbing.pl\/wp-content\/uploads\/2023\/12\/cropped-DALL\u00b7E-2023-12-31-08.54.33-A-modern-and-abstract-logo-for-Konsult-0n40i4-representing-an-interdimensional-legal-system.-The-design-should-embody-themes-of-law-dimensions-an.png","contentUrl":"http:\/\/rsca.grassrootslobbing.pl\/wp-content\/uploads\/2023\/12\/cropped-DALL\u00b7E-2023-12-31-08.54.33-A-modern-and-abstract-logo-for-Konsult-0n40i4-representing-an-interdimensional-legal-system.-The-design-should-embody-themes-of-law-dimensions-an.png","width":1024,"height":835,"caption":"Konsult 0n40i4"},"image":{"@id":"http:\/\/rsca.grassrootslobbing.pl\/pl_PL\/#\/schema\/logo\/image\/"}}]}},"_links":{"self":[{"href":"http:\/\/rsca.grassrootslobbing.pl\/pl_PL\/wp-json\/wp\/v2\/pages\/3072","targetHints":{"allow":["GET"]}}],"collection":[{"href":"http:\/\/rsca.grassrootslobbing.pl\/pl_PL\/wp-json\/wp\/v2\/pages"}],"about":[{"href":"http:\/\/rsca.grassrootslobbing.pl\/pl_PL\/wp-json\/wp\/v2\/types\/page"}],"author":[{"embeddable":true,"href":"http:\/\/rsca.grassrootslobbing.pl\/pl_PL\/wp-json\/wp\/v2\/users\/2"}],"replies":[{"embeddable":true,"href":"http:\/\/rsca.grassrootslobbing.pl\/pl_PL\/wp-json\/wp\/v2\/comments?post=3072"}],"version-history":[{"count":2,"href":"http:\/\/rsca.grassrootslobbing.pl\/pl_PL\/wp-json\/wp\/v2\/pages\/3072\/revisions"}],"predecessor-version":[{"id":3075,"href":"http:\/\/rsca.grassrootslobbing.pl\/pl_PL\/wp-json\/wp\/v2\/pages\/3072\/revisions\/3075"}],"wp:attachment":[{"href":"http:\/\/rsca.grassrootslobbing.pl\/pl_PL\/wp-json\/wp\/v2\/media?parent=3072"}],"curies":[{"name":"wp","href":"https:\/\/api.w.org\/{rel}","templated":true}]}}