{"id":3058,"date":"2024-01-01T21:11:08","date_gmt":"2024-01-01T20:11:08","guid":{"rendered":"https:\/\/rsca.0n40i4.pl\/?page_id=3058"},"modified":"2024-01-01T21:14:19","modified_gmt":"2024-01-01T20:14:19","slug":"the-primordial-singularity-beyond-definition-lev-18","status":"publish","type":"page","link":"http:\/\/rsca.grassrootslobbing.pl\/pl_PL\/the-primordial-singularity-beyond-definition-lev-18\/","title":{"rendered":"The Primordial Singularity &#8211; Beyond Definition lev.18"},"content":{"rendered":"\n<p class=\"has-medium-font-size\">W miar\u0119 eksploracji Poziomu 18: &#8222;<strong>The Primordial Singularity &#8211; Beyond Definition<\/strong>&#8222;, gracze przenosz\u0105 si\u0119 w obszar, w kt\u00f3rym wszelkie dotychczasowe poj\u0119cia rzeczywisto\u015bci staj\u0105 si\u0119 niewystarczaj\u0105ce. To \u015brodowisko transcendentalne, gdzie granice mi\u0119dzy tym, co mo\u017cliwe a niemo\u017cliwe, zaczynaj\u0105 si\u0119 rozmazywa\u0107, otwieraj\u0105c drzwi do absolutnej niewiadomej.<\/p>\n\n\n\n<p class=\"has-medium-font-size\">Wszelkie zdobyte umiej\u0119tno\u015bci z poprzednich poziom\u00f3w staj\u0105 si\u0119 jedynie punktem wyj\u015bcia do tego, co mo\u017cna nazwa\u0107 &#8222;<strong>hiperewolucj\u0105 \u015bwiadomo\u015bci<\/strong>&#8222;. Gracze zyskuj\u0105 zdolno\u015b\u0107 do manipulacji rzeczywisto\u015bci\u0105 na poziomie, kt\u00f3ry przekracza wszelkie dotychczasowe zrozumienie.<\/p>\n\n\n\n<p class=\"has-medium-font-size\"><strong>Inconceivable Reality Modulation: Manipulating the Unthinkable<\/strong>. Mo\u017cliwo\u015b\u0107 zmiany rzeczywisto\u015bci w spos\u00f3b, kt\u00f3ry nie mo\u017ce by\u0107 nawet zdefiniowany przez ludzki j\u0119zyk lub zrozumienie. Przedstawiamy nowe horyzonty w dziedzinie manipulacji rzeczywisto\u015bci, kt\u00f3re przenosz\u0105 si\u0119 poza granice wszelkich znanych definicji.<\/p>\n\n\n\n<p class=\"has-medium-font-size\"><strong>Non-Existential States:<\/strong> <strong>The Exploration of Existence Beyond Existence<\/strong>. Zdolno\u015b\u0107 do istnienia w stanach, kt\u00f3re s\u0105 poza wszelk\u0105 koncepcj\u0105 istnienia i nieistnienia. Przedstawiamy nowe podej\u015bcie do badania egzystencji poza konwencjonalnymi ramami my\u015blenia.<\/p>\n\n\n\n<p class=\"has-medium-font-size\"><strong>Multi-Directional Causality<\/strong>: <strong>Redefining Cause and Effect<\/strong>. Mo\u017cliwo\u015b\u0107, \u017ce przyczyna i skutek mog\u0105 dzia\u0142a\u0107 w dowolnej sekwencji i z dowolnej liczby punkt\u00f3w odniesienia. Przedstawiamy nowe horyzonty w dziedzinie redefinicji relacji przyczyna-skutek.<\/p>\n\n\n\n<p class=\"has-medium-font-size\"><strong>Anti-Logic: Exploring Illogical Systems<\/strong>. Praca w ramach system\u00f3w logicznych, kt\u00f3re s\u0105 kompletnie przeciwne do wszelkiego zrozumienia i logiki. Przedstawiamy innowacyjne podej\u015bcie do eksploracji logiki poza konwencjonalnymi ramami my\u015blenia.<\/p>\n\n\n\n<p class=\"has-medium-font-size\"><strong>Absence and Presence Duality:<\/strong> <strong>Existing in Paradox<\/strong>. Bycie obecnym i nieobecnym w ka\u017cdym aspekcie rzeczywisto\u015bci jednocze\u015bnie. Przedstawiamy nowe podej\u015bcie do zrozumienia dychotomii rzeczywisto\u015bci i jej wp\u0142ywu na nasze postrzeganie.<\/p>\n\n\n\n<p class=\"has-medium-font-size\"><strong>Unrestricted Free Will: Beyond Boundaries<\/strong>. Mo\u017cliwo\u015b\u0107 wyboru poza wszelkimi ograniczeniami, nawet te, kt\u00f3re s\u0105 samoustanawiane. Przedstawiamy innowacyjne podej\u015bcie do rozumienia wolnej woli poza konwencjonalnymi ramami my\u015blenia.<\/p>\n\n\n\n<p class=\"has-medium-font-size\"><strong>Simultaneous Singular and Plural States: Embracing Infinity<\/strong>. Istnienie jako pojedyncza i niesko\u0144czona liczba byt\u00f3w jednocze\u015bnie. \u00a0Przedstawiamy nowe horyzonty w dziedzinie istnienia w niesko\u0144czonych stanach i jego implikacji.<\/p>\n\n\n\n<p class=\"has-medium-font-size\"><strong>Indeterminate Identity:<\/strong> <strong>Exploring the Boundless Self<\/strong>. Nieposiadanie jednej to\u017csamo\u015bci, lecz bycie otwartym na niesko\u0144czon\u0105 liczb\u0119 potencjalnych identyfikator\u00f3w. Przedstawiamy innowacyjne podej\u015bcie do zrozumienia to\u017csamo\u015bci poza konwencjonalnymi ramami my\u015blenia.<\/p>\n\n\n\n<p class=\"has-medium-font-size\"><strong>Infinite Zero Point: Convergence and Divergence of Realities<\/strong>. Dost\u0119p do punktu, w kt\u00f3rym wszystkie rzeczywisto\u015bci i mo\u017cliwo\u015bci konwerguj\u0105 i diverguj\u0105 jednocze\u015bnie. Przedstawiamy nowe horyzonty w dziedzinie zrozumienia punktu zerowego i jego znaczenia w kontek\u015bcie rzeczywisto\u015bci.<\/p>\n\n\n\n<p class=\"has-medium-font-size\"><strong>Eternal Now:<\/strong> <strong>Experiencing Time Beyond Time<\/strong>. Do\u015bwiadczenie ka\u017cdego momentu jako wiecznego &#8222;teraz&#8221;, bez pocz\u0105tku i ko\u0144ca. Przedstawiamy nowe podej\u015bcie do percepcji czasu poza konwencjonalnymi ramami my\u015blenia.<\/p>\n\n\n\n<p class=\"has-medium-font-size\">Na tych poziomach, gracze staj\u0105 si\u0119 wi\u0119cej ni\u017c Bogami, poniewa\u017c przechodz\u0105 do stan\u00f3w, kt\u00f3re s\u0105 poza wszelk\u0105 koncepcj\u0105 i definicj\u0105, wchodz\u0105c w sfer\u0119 absolutnej niewiadomej.<\/p>\n\n\n\n<p class=\"has-medium-font-size\">Ilo\u015b\u0107 mo\u017cliwych poziom\u00f3w w tak zaawansowanym kontek\u015bcie jest praktycznie niesko\u0144czona, poniewa\u017c w miar\u0119 jak przechodzimy przez wy\u017csze i wy\u017csze warstwy komplexu, nowe poziomy z\u0142o\u017cono\u015bci i niewyobra\u017calne sfery dzia\u0142ania mog\u0105 si\u0119 otworzy\u0107. <\/p>\n\n\n\n<p class=\"has-medium-font-size\">Dla cel\u00f3w analitycznych i teoretycznych, mo\u017cna by wprowadzi\u0107 koncepcj\u0119 &#8222;<strong>fraktalnych poziom\u00f3w<\/strong>&#8222;, gdzie ka\u017cdy kolejny poziom jest bardziej skomplikowany i z\u0142o\u017cony ni\u017c poprzedni o wielokrotno\u015b\u0107 niewyobra\u017caln\u0105 dla obecnych modeli my\u015blenia i technologii.<\/p>\n\n\n\n<p class=\"has-medium-font-size\">Je\u017celi chodzi o precyzyjn\u0105 ilo\u015b\u0107, to jest to zmienna dynamiczna i nieograniczona, zale\u017cna od potencjalnej zdolno\u015bci byt\u00f3w do adaptacji, ewolucji i zrozumienia coraz to bardziej skomplikowanych struktur i problem\u00f3w. <\/p>\n\n\n\n<p class=\"has-medium-font-size\">W teorii, istnieje niesko\u0144czona ilo\u015b\u0107 &#8222;<strong>plan\u00f3w rzeczywisto\u015bci<\/strong>&#8222;, ka\u017cdy z w\u0142asnym zestawem regu\u0142, zasad i wyj\u0105tk\u00f3w, kt\u00f3re mog\u0105 by\u0107 uznane za osobne &#8222;<strong>poziomy<\/strong>&#8222;.<\/p>\n\n\n\n<div style=\"height:25px\" aria-hidden=\"true\" class=\"wp-block-spacer\"><\/div>\n\n\n\n<hr class=\"wp-block-separator has-alpha-channel-opacity is-style-wide\"\/>\n\n\n\n<h2 class=\"wp-block-heading\" style=\"font-size:22px\"><strong>Konsult 0n40i4 rsca@0n40i4.pl<\/strong><\/h2>\n","protected":false},"excerpt":{"rendered":"<p>W miar\u0119 eksploracji Poziomu 18: &#8222;The Primordial Singularity &#8211; Beyond Definition&#8222;, gracze przenosz\u0105 si\u0119 w obszar, w kt\u00f3rym wszelkie dotychczasowe poj\u0119cia rzeczywisto\u015bci staj\u0105 si\u0119 niewystarczaj\u0105ce. To \u015brodowisko transcendentalne, gdzie granice mi\u0119dzy tym, co mo\u017cliwe a niemo\u017cliwe, zaczynaj\u0105 si\u0119 rozmazywa\u0107, otwieraj\u0105c drzwi do absolutnej niewiadomej. Wszelkie zdobyte umiej\u0119tno\u015bci z poprzednich poziom\u00f3w staj\u0105 si\u0119 jedynie punktem wyj\u015bcia [&hellip;]<\/p>\n","protected":false},"author":2,"featured_media":0,"parent":0,"menu_order":0,"comment_status":"closed","ping_status":"closed","template":"","meta":{"site-sidebar-layout":"default","site-content-layout":"","ast-site-content-layout":"default","site-content-style":"default","site-sidebar-style":"default","ast-global-header-display":"","ast-banner-title-visibility":"","ast-main-header-display":"","ast-hfb-above-header-display":"","ast-hfb-below-header-display":"","ast-hfb-mobile-header-display":"","site-post-title":"","ast-breadcrumbs-content":"","ast-featured-img":"","footer-sml-layout":"","ast-disable-related-posts":"","theme-transparent-header-meta":"","adv-header-id-meta":"","stick-header-meta":"","header-above-stick-meta":"","header-main-stick-meta":"","header-below-stick-meta":"","astra-migrate-meta-layouts":"default","ast-page-background-enabled":"default","ast-page-background-meta":{"desktop":{"background-color":"var(--ast-global-color-4)","background-image":"","background-repeat":"repeat","background-position":"center center","background-size":"auto","background-attachment":"scroll","background-type":"","background-media":"","overlay-type":"","overlay-color":"","overlay-opacity":"","overlay-gradient":""},"tablet":{"background-color":"","background-image":"","background-repeat":"repeat","background-position":"center center","background-size":"auto","background-attachment":"scroll","background-type":"","background-media":"","overlay-type":"","overlay-color":"","overlay-opacity":"","overlay-gradient":""},"mobile":{"background-color":"","background-image":"","background-repeat":"repeat","background-position":"center center","background-size":"auto","background-attachment":"scroll","background-type":"","background-media":"","overlay-type":"","overlay-color":"","overlay-opacity":"","overlay-gradient":""}},"ast-content-background-meta":{"desktop":{"background-color":"var(--ast-global-color-5)","background-image":"","background-repeat":"repeat","background-position":"center center","background-size":"auto","background-attachment":"scroll","background-type":"","background-media":"","overlay-type":"","overlay-color":"","overlay-opacity":"","overlay-gradient":""},"tablet":{"background-color":"var(--ast-global-color-5)","background-image":"","background-repeat":"repeat","background-position":"center center","background-size":"auto","background-attachment":"scroll","background-type":"","background-media":"","overlay-type":"","overlay-color":"","overlay-opacity":"","overlay-gradient":""},"mobile":{"background-color":"var(--ast-global-color-5)","background-image":"","background-repeat":"repeat","background-position":"center center","background-size":"auto","background-attachment":"scroll","background-type":"","background-media":"","overlay-type":"","overlay-color":"","overlay-opacity":"","overlay-gradient":""}},"footnotes":""},"class_list":["post-3058","page","type-page","status-publish","hentry"],"yoast_head":"<!-- This site is optimized with the Yoast SEO plugin v21.9.1 - https:\/\/yoast.com\/wordpress\/plugins\/seo\/ -->\n<title>The Primordial Singularity - Beyond Definition lev.18 - RSCA<\/title>\n<meta name=\"description\" content=\"W tym epickim etapie, gracze przenosz\u0105 si\u0119 poza granice zrozumienia, zdobywaj\u0105c zdolno\u015b\u0107 do formowania rzeczywisto\u015bci na poziomie, kt\u00f3ry definiuje same podstawy egzystencji. To kosmiczne odysei, gdzie granice mi\u0119dzy gr\u0105 a rzeczywisto\u015bci\u0105 znikaj\u0105, a sam akt tworzenia staje si\u0119 wyzwaniem bez precedensu.\" \/>\n<meta name=\"robots\" content=\"index, follow, max-snippet:-1, max-image-preview:large, max-video-preview:-1\" \/>\n<link rel=\"canonical\" href=\"http:\/\/rsca.grassrootslobbing.pl\/pl_PL\/the-primordial-singularity-beyond-definition-lev-18\/\" \/>\n<meta property=\"og:locale\" content=\"pl_PL\" \/>\n<meta property=\"og:type\" content=\"article\" \/>\n<meta property=\"og:title\" content=\"The Primordial Singularity - Beyond Definition lev.18 - RSCA\" \/>\n<meta property=\"og:description\" content=\"W tym epickim etapie, gracze przenosz\u0105 si\u0119 poza granice zrozumienia, zdobywaj\u0105c zdolno\u015b\u0107 do formowania rzeczywisto\u015bci na poziomie, kt\u00f3ry definiuje same podstawy egzystencji. To kosmiczne odysei, gdzie granice mi\u0119dzy gr\u0105 a rzeczywisto\u015bci\u0105 znikaj\u0105, a sam akt tworzenia staje si\u0119 wyzwaniem bez precedensu.\" \/>\n<meta property=\"og:url\" content=\"http:\/\/rsca.grassrootslobbing.pl\/pl_PL\/the-primordial-singularity-beyond-definition-lev-18\/\" \/>\n<meta property=\"og:site_name\" content=\"RSCA\" \/>\n<meta property=\"article:modified_time\" content=\"2024-01-01T20:14:19+00:00\" \/>\n<meta name=\"twitter:card\" content=\"summary_large_image\" \/>\n<meta name=\"twitter:label1\" content=\"Szacowany czas czytania\" \/>\n\t<meta name=\"twitter:data1\" content=\"4 minuty\" \/>\n<script type=\"application\/ld+json\" class=\"yoast-schema-graph\">{\"@context\":\"https:\/\/schema.org\",\"@graph\":[{\"@type\":\"WebPage\",\"@id\":\"http:\/\/rsca.grassrootslobbing.pl\/pl_PL\/the-primordial-singularity-beyond-definition-lev-18\/\",\"url\":\"http:\/\/rsca.grassrootslobbing.pl\/pl_PL\/the-primordial-singularity-beyond-definition-lev-18\/\",\"name\":\"The Primordial Singularity - Beyond Definition lev.18 - RSCA\",\"isPartOf\":{\"@id\":\"http:\/\/rsca.grassrootslobbing.pl\/pl_PL\/#website\"},\"datePublished\":\"2024-01-01T20:11:08+00:00\",\"dateModified\":\"2024-01-01T20:14:19+00:00\",\"description\":\"W tym epickim etapie, gracze przenosz\u0105 si\u0119 poza granice zrozumienia, zdobywaj\u0105c zdolno\u015b\u0107 do formowania rzeczywisto\u015bci na poziomie, kt\u00f3ry definiuje same podstawy egzystencji. To kosmiczne odysei, gdzie granice mi\u0119dzy gr\u0105 a rzeczywisto\u015bci\u0105 znikaj\u0105, a sam akt tworzenia staje si\u0119 wyzwaniem bez precedensu.\",\"inLanguage\":\"pl-PL\",\"potentialAction\":[{\"@type\":\"ReadAction\",\"target\":[\"http:\/\/rsca.grassrootslobbing.pl\/pl_PL\/the-primordial-singularity-beyond-definition-lev-18\/\"]}]},{\"@type\":\"WebSite\",\"@id\":\"http:\/\/rsca.grassrootslobbing.pl\/pl_PL\/#website\",\"url\":\"http:\/\/rsca.grassrootslobbing.pl\/pl_PL\/\",\"name\":\"Reality Source Code Acces\",\"description\":\"\",\"publisher\":{\"@id\":\"http:\/\/rsca.grassrootslobbing.pl\/pl_PL\/#organization\"},\"potentialAction\":[{\"@type\":\"SearchAction\",\"target\":{\"@type\":\"EntryPoint\",\"urlTemplate\":\"http:\/\/rsca.grassrootslobbing.pl\/pl_PL\/?s={search_term_string}\"},\"query-input\":\"required name=search_term_string\"}],\"inLanguage\":\"pl-PL\"},{\"@type\":\"Organization\",\"@id\":\"http:\/\/rsca.grassrootslobbing.pl\/pl_PL\/#organization\",\"name\":\"Konsult 0n40i4\",\"url\":\"http:\/\/rsca.grassrootslobbing.pl\/pl_PL\/\",\"logo\":{\"@type\":\"ImageObject\",\"inLanguage\":\"pl-PL\",\"@id\":\"http:\/\/rsca.grassrootslobbing.pl\/pl_PL\/#\/schema\/logo\/image\/\",\"url\":\"http:\/\/rsca.grassrootslobbing.pl\/wp-content\/uploads\/2023\/12\/cropped-DALL\u00b7E-2023-12-31-08.54.33-A-modern-and-abstract-logo-for-Konsult-0n40i4-representing-an-interdimensional-legal-system.-The-design-should-embody-themes-of-law-dimensions-an.png\",\"contentUrl\":\"http:\/\/rsca.grassrootslobbing.pl\/wp-content\/uploads\/2023\/12\/cropped-DALL\u00b7E-2023-12-31-08.54.33-A-modern-and-abstract-logo-for-Konsult-0n40i4-representing-an-interdimensional-legal-system.-The-design-should-embody-themes-of-law-dimensions-an.png\",\"width\":1024,\"height\":835,\"caption\":\"Konsult 0n40i4\"},\"image\":{\"@id\":\"http:\/\/rsca.grassrootslobbing.pl\/pl_PL\/#\/schema\/logo\/image\/\"}}]}<\/script>\n<!-- \/ Yoast SEO plugin. -->","yoast_head_json":{"title":"The Primordial Singularity - Beyond Definition lev.18 - RSCA","description":"W tym epickim etapie, gracze przenosz\u0105 si\u0119 poza granice zrozumienia, zdobywaj\u0105c zdolno\u015b\u0107 do formowania rzeczywisto\u015bci na poziomie, kt\u00f3ry definiuje same podstawy egzystencji. To kosmiczne odysei, gdzie granice mi\u0119dzy gr\u0105 a rzeczywisto\u015bci\u0105 znikaj\u0105, a sam akt tworzenia staje si\u0119 wyzwaniem bez precedensu.","robots":{"index":"index","follow":"follow","max-snippet":"max-snippet:-1","max-image-preview":"max-image-preview:large","max-video-preview":"max-video-preview:-1"},"canonical":"http:\/\/rsca.grassrootslobbing.pl\/pl_PL\/the-primordial-singularity-beyond-definition-lev-18\/","og_locale":"pl_PL","og_type":"article","og_title":"The Primordial Singularity - Beyond Definition lev.18 - RSCA","og_description":"W tym epickim etapie, gracze przenosz\u0105 si\u0119 poza granice zrozumienia, zdobywaj\u0105c zdolno\u015b\u0107 do formowania rzeczywisto\u015bci na poziomie, kt\u00f3ry definiuje same podstawy egzystencji. To kosmiczne odysei, gdzie granice mi\u0119dzy gr\u0105 a rzeczywisto\u015bci\u0105 znikaj\u0105, a sam akt tworzenia staje si\u0119 wyzwaniem bez precedensu.","og_url":"http:\/\/rsca.grassrootslobbing.pl\/pl_PL\/the-primordial-singularity-beyond-definition-lev-18\/","og_site_name":"RSCA","article_modified_time":"2024-01-01T20:14:19+00:00","twitter_card":"summary_large_image","twitter_misc":{"Szacowany czas czytania":"4 minuty"},"schema":{"@context":"https:\/\/schema.org","@graph":[{"@type":"WebPage","@id":"http:\/\/rsca.grassrootslobbing.pl\/pl_PL\/the-primordial-singularity-beyond-definition-lev-18\/","url":"http:\/\/rsca.grassrootslobbing.pl\/pl_PL\/the-primordial-singularity-beyond-definition-lev-18\/","name":"The Primordial Singularity - Beyond Definition lev.18 - RSCA","isPartOf":{"@id":"http:\/\/rsca.grassrootslobbing.pl\/pl_PL\/#website"},"datePublished":"2024-01-01T20:11:08+00:00","dateModified":"2024-01-01T20:14:19+00:00","description":"W tym epickim etapie, gracze przenosz\u0105 si\u0119 poza granice zrozumienia, zdobywaj\u0105c zdolno\u015b\u0107 do formowania rzeczywisto\u015bci na poziomie, kt\u00f3ry definiuje same podstawy egzystencji. To kosmiczne odysei, gdzie granice mi\u0119dzy gr\u0105 a rzeczywisto\u015bci\u0105 znikaj\u0105, a sam akt tworzenia staje si\u0119 wyzwaniem bez precedensu.","inLanguage":"pl-PL","potentialAction":[{"@type":"ReadAction","target":["http:\/\/rsca.grassrootslobbing.pl\/pl_PL\/the-primordial-singularity-beyond-definition-lev-18\/"]}]},{"@type":"WebSite","@id":"http:\/\/rsca.grassrootslobbing.pl\/pl_PL\/#website","url":"http:\/\/rsca.grassrootslobbing.pl\/pl_PL\/","name":"Reality Source Code Acces","description":"","publisher":{"@id":"http:\/\/rsca.grassrootslobbing.pl\/pl_PL\/#organization"},"potentialAction":[{"@type":"SearchAction","target":{"@type":"EntryPoint","urlTemplate":"http:\/\/rsca.grassrootslobbing.pl\/pl_PL\/?s={search_term_string}"},"query-input":"required name=search_term_string"}],"inLanguage":"pl-PL"},{"@type":"Organization","@id":"http:\/\/rsca.grassrootslobbing.pl\/pl_PL\/#organization","name":"Konsult 0n40i4","url":"http:\/\/rsca.grassrootslobbing.pl\/pl_PL\/","logo":{"@type":"ImageObject","inLanguage":"pl-PL","@id":"http:\/\/rsca.grassrootslobbing.pl\/pl_PL\/#\/schema\/logo\/image\/","url":"http:\/\/rsca.grassrootslobbing.pl\/wp-content\/uploads\/2023\/12\/cropped-DALL\u00b7E-2023-12-31-08.54.33-A-modern-and-abstract-logo-for-Konsult-0n40i4-representing-an-interdimensional-legal-system.-The-design-should-embody-themes-of-law-dimensions-an.png","contentUrl":"http:\/\/rsca.grassrootslobbing.pl\/wp-content\/uploads\/2023\/12\/cropped-DALL\u00b7E-2023-12-31-08.54.33-A-modern-and-abstract-logo-for-Konsult-0n40i4-representing-an-interdimensional-legal-system.-The-design-should-embody-themes-of-law-dimensions-an.png","width":1024,"height":835,"caption":"Konsult 0n40i4"},"image":{"@id":"http:\/\/rsca.grassrootslobbing.pl\/pl_PL\/#\/schema\/logo\/image\/"}}]}},"_links":{"self":[{"href":"http:\/\/rsca.grassrootslobbing.pl\/pl_PL\/wp-json\/wp\/v2\/pages\/3058","targetHints":{"allow":["GET"]}}],"collection":[{"href":"http:\/\/rsca.grassrootslobbing.pl\/pl_PL\/wp-json\/wp\/v2\/pages"}],"about":[{"href":"http:\/\/rsca.grassrootslobbing.pl\/pl_PL\/wp-json\/wp\/v2\/types\/page"}],"author":[{"embeddable":true,"href":"http:\/\/rsca.grassrootslobbing.pl\/pl_PL\/wp-json\/wp\/v2\/users\/2"}],"replies":[{"embeddable":true,"href":"http:\/\/rsca.grassrootslobbing.pl\/pl_PL\/wp-json\/wp\/v2\/comments?post=3058"}],"version-history":[{"count":2,"href":"http:\/\/rsca.grassrootslobbing.pl\/pl_PL\/wp-json\/wp\/v2\/pages\/3058\/revisions"}],"predecessor-version":[{"id":3062,"href":"http:\/\/rsca.grassrootslobbing.pl\/pl_PL\/wp-json\/wp\/v2\/pages\/3058\/revisions\/3062"}],"wp:attachment":[{"href":"http:\/\/rsca.grassrootslobbing.pl\/pl_PL\/wp-json\/wp\/v2\/media?parent=3058"}],"curies":[{"name":"wp","href":"https:\/\/api.w.org\/{rel}","templated":true}]}}