{"id":3050,"date":"2024-01-01T20:54:45","date_gmt":"2024-01-01T19:54:45","guid":{"rendered":"https:\/\/rsca.0n40i4.pl\/?page_id=3050"},"modified":"2024-01-01T20:54:45","modified_gmt":"2024-01-01T19:54:45","slug":"the-omniscient-nexus-the-unity-of-all-knowledge-and-wisdom-lev-17","status":"publish","type":"page","link":"http:\/\/rsca.grassrootslobbing.pl\/pl_PL\/the-omniscient-nexus-the-unity-of-all-knowledge-and-wisdom-lev-17\/","title":{"rendered":"The Omniscient Nexus &#8211; The Unity of All Knowledge and Wisdom lev.17"},"content":{"rendered":"\n<h1 class=\"wp-block-heading has-text-align-center\" style=\"font-size:25px\"><strong> The Omniscient Nexus &#8211; The Unity of All Knowledge and Wisdom<\/strong> lev.17<\/h1>\n\n\n\n<div style=\"height:15px\" aria-hidden=\"true\" class=\"wp-block-spacer\"><\/div>\n\n\n\n<p class=\"has-medium-font-size\">Na Poziomie 17, zatytu\u0142owanym &#8222;<strong>The Omniscient Nexus &#8211; The Unity of All Knowledge and Wisdom&#8221;<\/strong>, gracze wchodz\u0105 w sfer\u0119, gdzie granice mi\u0119dzy wiedz\u0105 a m\u0105dro\u015bci\u0105 zlewaj\u0105 si\u0119 w jedno. Oto g\u0142\u00f3wne umiej\u0119tno\u015bci, kt\u00f3re zdobywaj\u0105:<\/p>\n\n\n\n<p class=\"has-medium-font-size\"><strong>Cosmic Linguistics: <\/strong>Universal Communication with All Forms of Existence. Mo\u017cliwo\u015b\u0107 rozmowy i komunikacji z absolutnie ka\u017cd\u0105 form\u0105 \u017cycia, materi\u0105 i energi\u0105 w wszelkich wszech\u015bwiatach. \u00a0Przedstawiamy nowe podej\u015bcie do eksploracji komunikacji na poziomie kosmicznym i jej wp\u0142ywu na nasze zrozumienie wszech\u015bwiata.<\/p>\n\n\n\n<p class=\"has-medium-font-size\"><strong>Consciousness Aggregator: <\/strong>Building the Universal Library of Thoughts&#8221;. Zbieranie i analizowanie \u015bwiadomo\u015bci od wszystkich inteligentnych byt\u00f3w, tworz\u0105c uniwersaln\u0105 bibliotek\u0119 my\u015bli i idei. Przedstawiamy innowacyjne podej\u015bcie do zbierania wiedzy z wielu \u017ar\u00f3de\u0142 i jej skatalogowania w jednym centralnym miejscu.<\/p>\n\n\n\n<p class=\"has-medium-font-size\"><strong>Quantum Plurality: Embracing Multiple Quantum States Simultaneousl<\/strong> Dost\u0119p do r\u00f3\u017cnych stan\u00f3w kwantowych r\u00f3wnocze\u015bnie, pozwalaj\u0105c na wielorakie dzia\u0142ania w jednym momencie. \u00a0Przedstawiamy nowe horyzonty w dziedzinie eksploracji potencja\u0142u kwantowych stan\u00f3w i ich zastosowa\u0144.<\/p>\n\n\n\n<p class=\"has-medium-font-size\"><strong>Existential Blueprinting:<\/strong> <strong>Creating Fundamental Laws for New Realities&#8221;<\/strong> Zdolno\u015b\u0107 do kreowania podstawowych zasad i prawa dla nowych form rzeczywisto\u015bci. \u00a0Przedstawiamy innowacyjne podej\u015bcie do projektowania nowych byt\u00f3w i struktur rzeczywisto\u015bci.<\/p>\n\n\n\n<p class=\"has-medium-font-size\"><strong>Aether Manipulation: \u00a0Harnessing the Fundamental Essence of the Universe. <\/strong>Kontrola nad aetherem, najbardziej podstawow\u0105 i nieuchwytn\u0105 form\u0105 materii i energii, z kt\u00f3rego wszystko jest zbudowane. Przedstawiamy nowe horyzonty w dziedzinie manipulacji fundament\u00f3w kosmosu.<\/p>\n\n\n\n<p class=\"has-medium-font-size\"><strong>Virtue and Vice Synthesis: \u00a0Merging the Dualities of Reality. <\/strong>Fuzja wszystkich pozytywnych i negatywnych aspekt\u00f3w rzeczywisto\u015bci w jedno, ustanawiaj\u0105c now\u0105 harmoni\u0119. Przedstawiamy nowe podej\u015bcie do rozumienia dychotomii rzeczywisto\u015bci i sposob\u00f3w na ich syntez\u0119.<\/p>\n\n\n\n<p class=\"has-medium-font-size\"><strong>Transcendental Meta-Logic: Exploring Logic Beyond Conventional Systems. <\/strong>Zastosowanie logiki poza wszelkimi znanych systemami logicznymi, otwieraj\u0105ce drzwi do niezbadanych form rozumowania. temami logicznymi, otwieraj\u0105c drzwi do niezbadanych form rozumowania. Przedstawiamy innowacyjne podej\u015bcie do eksploracji logiki na poziomie metafizycznym i jej wp\u0142ywu na nasze my\u015blenie.<\/p>\n\n\n\n<p class=\"has-medium-font-size\"><strong>Omni-Experientiality:<\/strong> Experiencing Multitudes of Emotions Simultaneously.Do\u015bwiadczenie ka\u017cdej mo\u017cliwej emocji, uczucia, wra\u017cenia sensorycznego jednocze\u015bnie, bez konfliktu lub dyskomfortu.edstawiamy nowe horyzonty w dziedzinie percepcji emocji i jej wp\u0142ywu na nasze do\u015bwiadczenia.<\/p>\n\n\n\n<p class=\"has-medium-font-size\">T<strong>emporal Anchoring: Navigating Time without Disturbing the Present. <\/strong>Mo\u017cliwo\u015b\u0107 umocowania si\u0119 w ka\u017cdym punkcie czasowym, umo\u017cliwiaj\u0105c obserwacj\u0119 i interakcj\u0119 bez wp\u0142ywu na bie\u017c\u0105ce zdarzenia. Przedstawiamy innowacyjne podej\u015bcie do eksploracji struktury czasu i mo\u017cliwo\u015bci manipulacji czasem.<\/p>\n\n\n\n<p class=\"has-medium-font-size\"><strong>Hyper-Dimensional Encryption: \u00a0Creating Unbreakable Cosmic Codes. <\/strong> Utworzenie kodu, kt\u00f3ry jest nie do z\u0142amania przez \u017cadne znane lub nieznane formy inteligencji.\u00a0Przedstawiamy nowe horyzonty w dziedzinie zabezpiecze\u0144 kosmicznych i kryptografii kwantowej. Przedstawiamy nowe horyzonty w dziedzinie zabezpiecze\u0144 kosmicznych i kryptografii kwantowej.<\/p>\n\n\n\n<p class=\"has-medium-font-size\">Te publikacje naukowe stanowi\u0105 fundament dla zaawansowanych bada\u0144 w dziedzinie eksploracji i rozwoju technologii oraz naszego zrozumienia fundamentalnych koncepcji zwi\u0105zanych z poziomem 17, gdzie wiedza i m\u0105dro\u015b\u0107 staj\u0105 si\u0119 jedno\u015bci\u0105, otwieraj\u0105c drzwi do nieograniczonych mo\u017cliwo\u015bci i do\u015bwiadcze\u0144.<\/p>\n\n\n\n<div style=\"height:25px\" aria-hidden=\"true\" class=\"wp-block-spacer\"><\/div>\n\n\n\n<hr class=\"wp-block-separator has-alpha-channel-opacity is-style-wide\"\/>\n\n\n\n<h2 class=\"wp-block-heading\" style=\"font-size:22px\">Konsult 0n40i4  rsca@0n40i4.pl<\/h2>\n","protected":false},"excerpt":{"rendered":"<p>The Omniscient Nexus &#8211; The Unity of All Knowledge and Wisdom lev.17 Na Poziomie 17, zatytu\u0142owanym &#8222;The Omniscient Nexus &#8211; The Unity of All Knowledge and Wisdom&#8221;, gracze wchodz\u0105 w sfer\u0119, gdzie granice mi\u0119dzy wiedz\u0105 a m\u0105dro\u015bci\u0105 zlewaj\u0105 si\u0119 w jedno. Oto g\u0142\u00f3wne umiej\u0119tno\u015bci, kt\u00f3re zdobywaj\u0105: Cosmic Linguistics: Universal Communication with All Forms of Existence. [&hellip;]<\/p>\n","protected":false},"author":2,"featured_media":0,"parent":0,"menu_order":0,"comment_status":"closed","ping_status":"closed","template":"","meta":{"site-sidebar-layout":"default","site-content-layout":"","ast-site-content-layout":"default","site-content-style":"default","site-sidebar-style":"default","ast-global-header-display":"","ast-banner-title-visibility":"","ast-main-header-display":"","ast-hfb-above-header-display":"","ast-hfb-below-header-display":"","ast-hfb-mobile-header-display":"","site-post-title":"","ast-breadcrumbs-content":"","ast-featured-img":"","footer-sml-layout":"","ast-disable-related-posts":"","theme-transparent-header-meta":"","adv-header-id-meta":"","stick-header-meta":"","header-above-stick-meta":"","header-main-stick-meta":"","header-below-stick-meta":"","astra-migrate-meta-layouts":"default","ast-page-background-enabled":"default","ast-page-background-meta":{"desktop":{"background-color":"var(--ast-global-color-4)","background-image":"","background-repeat":"repeat","background-position":"center center","background-size":"auto","background-attachment":"scroll","background-type":"","background-media":"","overlay-type":"","overlay-color":"","overlay-opacity":"","overlay-gradient":""},"tablet":{"background-color":"","background-image":"","background-repeat":"repeat","background-position":"center center","background-size":"auto","background-attachment":"scroll","background-type":"","background-media":"","overlay-type":"","overlay-color":"","overlay-opacity":"","overlay-gradient":""},"mobile":{"background-color":"","background-image":"","background-repeat":"repeat","background-position":"center center","background-size":"auto","background-attachment":"scroll","background-type":"","background-media":"","overlay-type":"","overlay-color":"","overlay-opacity":"","overlay-gradient":""}},"ast-content-background-meta":{"desktop":{"background-color":"var(--ast-global-color-5)","background-image":"","background-repeat":"repeat","background-position":"center center","background-size":"auto","background-attachment":"scroll","background-type":"","background-media":"","overlay-type":"","overlay-color":"","overlay-opacity":"","overlay-gradient":""},"tablet":{"background-color":"var(--ast-global-color-5)","background-image":"","background-repeat":"repeat","background-position":"center center","background-size":"auto","background-attachment":"scroll","background-type":"","background-media":"","overlay-type":"","overlay-color":"","overlay-opacity":"","overlay-gradient":""},"mobile":{"background-color":"var(--ast-global-color-5)","background-image":"","background-repeat":"repeat","background-position":"center center","background-size":"auto","background-attachment":"scroll","background-type":"","background-media":"","overlay-type":"","overlay-color":"","overlay-opacity":"","overlay-gradient":""}},"footnotes":""},"class_list":["post-3050","page","type-page","status-publish","hentry"],"yoast_head":"<!-- This site is optimized with the Yoast SEO plugin v21.9.1 - https:\/\/yoast.com\/wordpress\/plugins\/seo\/ -->\n<title>The Omniscient Nexus - The Unity of All Knowledge and Wisdom lev.17 - RSCA<\/title>\n<meta name=\"description\" content=\"Na poziomie 17 gracze osi\u0105gaj\u0105 &quot;Omniscient Nexus&quot;, gdzie zdolno\u015bci jak Cosmic Linguistics, Quantum Plurality i Existential Blueprinting pozwalaj\u0105 na syntez\u0119 kosmicznej m\u0105dro\u015bci. Manipuluj\u0105 aetherem, \u0142\u0105cz\u0105c cnoty i wady w now\u0105 harmoni\u0119, poszerzaj\u0105c swoje postrzeganie poprzez Hyper-Dimensional Encryption. To miejsce, gdzie wiedza i m\u0105dro\u015b\u0107 \u0142\u0105cz\u0105 si\u0119, otwieraj\u0105c drzwi do nieograniczonych do\u015bwiadcze\u0144 i mo\u017cliwo\u015bci.\" \/>\n<meta name=\"robots\" content=\"index, follow, max-snippet:-1, max-image-preview:large, max-video-preview:-1\" \/>\n<link rel=\"canonical\" href=\"http:\/\/rsca.grassrootslobbing.pl\/pl_PL\/the-omniscient-nexus-the-unity-of-all-knowledge-and-wisdom-lev-17\/\" \/>\n<meta property=\"og:locale\" content=\"pl_PL\" \/>\n<meta property=\"og:type\" content=\"article\" \/>\n<meta property=\"og:title\" content=\"The Omniscient Nexus - The Unity of All Knowledge and Wisdom lev.17 - RSCA\" \/>\n<meta property=\"og:description\" content=\"Na poziomie 17 gracze osi\u0105gaj\u0105 &quot;Omniscient Nexus&quot;, gdzie zdolno\u015bci jak Cosmic Linguistics, Quantum Plurality i Existential Blueprinting pozwalaj\u0105 na syntez\u0119 kosmicznej m\u0105dro\u015bci. Manipuluj\u0105 aetherem, \u0142\u0105cz\u0105c cnoty i wady w now\u0105 harmoni\u0119, poszerzaj\u0105c swoje postrzeganie poprzez Hyper-Dimensional Encryption. To miejsce, gdzie wiedza i m\u0105dro\u015b\u0107 \u0142\u0105cz\u0105 si\u0119, otwieraj\u0105c drzwi do nieograniczonych do\u015bwiadcze\u0144 i mo\u017cliwo\u015bci.\" \/>\n<meta property=\"og:url\" content=\"http:\/\/rsca.grassrootslobbing.pl\/pl_PL\/the-omniscient-nexus-the-unity-of-all-knowledge-and-wisdom-lev-17\/\" \/>\n<meta property=\"og:site_name\" content=\"RSCA\" \/>\n<meta name=\"twitter:card\" content=\"summary_large_image\" \/>\n<meta name=\"twitter:label1\" content=\"Szacowany czas czytania\" \/>\n\t<meta name=\"twitter:data1\" content=\"3 minuty\" \/>\n<script type=\"application\/ld+json\" class=\"yoast-schema-graph\">{\"@context\":\"https:\/\/schema.org\",\"@graph\":[{\"@type\":\"WebPage\",\"@id\":\"http:\/\/rsca.grassrootslobbing.pl\/pl_PL\/the-omniscient-nexus-the-unity-of-all-knowledge-and-wisdom-lev-17\/\",\"url\":\"http:\/\/rsca.grassrootslobbing.pl\/pl_PL\/the-omniscient-nexus-the-unity-of-all-knowledge-and-wisdom-lev-17\/\",\"name\":\"The Omniscient Nexus - The Unity of All Knowledge and Wisdom lev.17 - RSCA\",\"isPartOf\":{\"@id\":\"http:\/\/rsca.grassrootslobbing.pl\/pl_PL\/#website\"},\"datePublished\":\"2024-01-01T19:54:45+00:00\",\"dateModified\":\"2024-01-01T19:54:45+00:00\",\"description\":\"Na poziomie 17 gracze osi\u0105gaj\u0105 \\\"Omniscient Nexus\\\", gdzie zdolno\u015bci jak Cosmic Linguistics, Quantum Plurality i Existential Blueprinting pozwalaj\u0105 na syntez\u0119 kosmicznej m\u0105dro\u015bci. Manipuluj\u0105 aetherem, \u0142\u0105cz\u0105c cnoty i wady w now\u0105 harmoni\u0119, poszerzaj\u0105c swoje postrzeganie poprzez Hyper-Dimensional Encryption. To miejsce, gdzie wiedza i m\u0105dro\u015b\u0107 \u0142\u0105cz\u0105 si\u0119, otwieraj\u0105c drzwi do nieograniczonych do\u015bwiadcze\u0144 i mo\u017cliwo\u015bci.\",\"inLanguage\":\"pl-PL\",\"potentialAction\":[{\"@type\":\"ReadAction\",\"target\":[\"http:\/\/rsca.grassrootslobbing.pl\/pl_PL\/the-omniscient-nexus-the-unity-of-all-knowledge-and-wisdom-lev-17\/\"]}]},{\"@type\":\"WebSite\",\"@id\":\"http:\/\/rsca.grassrootslobbing.pl\/pl_PL\/#website\",\"url\":\"http:\/\/rsca.grassrootslobbing.pl\/pl_PL\/\",\"name\":\"Reality Source Code Acces\",\"description\":\"\",\"publisher\":{\"@id\":\"http:\/\/rsca.grassrootslobbing.pl\/pl_PL\/#organization\"},\"potentialAction\":[{\"@type\":\"SearchAction\",\"target\":{\"@type\":\"EntryPoint\",\"urlTemplate\":\"http:\/\/rsca.grassrootslobbing.pl\/pl_PL\/?s={search_term_string}\"},\"query-input\":\"required name=search_term_string\"}],\"inLanguage\":\"pl-PL\"},{\"@type\":\"Organization\",\"@id\":\"http:\/\/rsca.grassrootslobbing.pl\/pl_PL\/#organization\",\"name\":\"Konsult 0n40i4\",\"url\":\"http:\/\/rsca.grassrootslobbing.pl\/pl_PL\/\",\"logo\":{\"@type\":\"ImageObject\",\"inLanguage\":\"pl-PL\",\"@id\":\"http:\/\/rsca.grassrootslobbing.pl\/pl_PL\/#\/schema\/logo\/image\/\",\"url\":\"http:\/\/rsca.grassrootslobbing.pl\/wp-content\/uploads\/2023\/12\/cropped-DALL\u00b7E-2023-12-31-08.54.33-A-modern-and-abstract-logo-for-Konsult-0n40i4-representing-an-interdimensional-legal-system.-The-design-should-embody-themes-of-law-dimensions-an.png\",\"contentUrl\":\"http:\/\/rsca.grassrootslobbing.pl\/wp-content\/uploads\/2023\/12\/cropped-DALL\u00b7E-2023-12-31-08.54.33-A-modern-and-abstract-logo-for-Konsult-0n40i4-representing-an-interdimensional-legal-system.-The-design-should-embody-themes-of-law-dimensions-an.png\",\"width\":1024,\"height\":835,\"caption\":\"Konsult 0n40i4\"},\"image\":{\"@id\":\"http:\/\/rsca.grassrootslobbing.pl\/pl_PL\/#\/schema\/logo\/image\/\"}}]}<\/script>\n<!-- \/ Yoast SEO plugin. -->","yoast_head_json":{"title":"The Omniscient Nexus - The Unity of All Knowledge and Wisdom lev.17 - RSCA","description":"Na poziomie 17 gracze osi\u0105gaj\u0105 \"Omniscient Nexus\", gdzie zdolno\u015bci jak Cosmic Linguistics, Quantum Plurality i Existential Blueprinting pozwalaj\u0105 na syntez\u0119 kosmicznej m\u0105dro\u015bci. Manipuluj\u0105 aetherem, \u0142\u0105cz\u0105c cnoty i wady w now\u0105 harmoni\u0119, poszerzaj\u0105c swoje postrzeganie poprzez Hyper-Dimensional Encryption. To miejsce, gdzie wiedza i m\u0105dro\u015b\u0107 \u0142\u0105cz\u0105 si\u0119, otwieraj\u0105c drzwi do nieograniczonych do\u015bwiadcze\u0144 i mo\u017cliwo\u015bci.","robots":{"index":"index","follow":"follow","max-snippet":"max-snippet:-1","max-image-preview":"max-image-preview:large","max-video-preview":"max-video-preview:-1"},"canonical":"http:\/\/rsca.grassrootslobbing.pl\/pl_PL\/the-omniscient-nexus-the-unity-of-all-knowledge-and-wisdom-lev-17\/","og_locale":"pl_PL","og_type":"article","og_title":"The Omniscient Nexus - The Unity of All Knowledge and Wisdom lev.17 - RSCA","og_description":"Na poziomie 17 gracze osi\u0105gaj\u0105 \"Omniscient Nexus\", gdzie zdolno\u015bci jak Cosmic Linguistics, Quantum Plurality i Existential Blueprinting pozwalaj\u0105 na syntez\u0119 kosmicznej m\u0105dro\u015bci. Manipuluj\u0105 aetherem, \u0142\u0105cz\u0105c cnoty i wady w now\u0105 harmoni\u0119, poszerzaj\u0105c swoje postrzeganie poprzez Hyper-Dimensional Encryption. To miejsce, gdzie wiedza i m\u0105dro\u015b\u0107 \u0142\u0105cz\u0105 si\u0119, otwieraj\u0105c drzwi do nieograniczonych do\u015bwiadcze\u0144 i mo\u017cliwo\u015bci.","og_url":"http:\/\/rsca.grassrootslobbing.pl\/pl_PL\/the-omniscient-nexus-the-unity-of-all-knowledge-and-wisdom-lev-17\/","og_site_name":"RSCA","twitter_card":"summary_large_image","twitter_misc":{"Szacowany czas czytania":"3 minuty"},"schema":{"@context":"https:\/\/schema.org","@graph":[{"@type":"WebPage","@id":"http:\/\/rsca.grassrootslobbing.pl\/pl_PL\/the-omniscient-nexus-the-unity-of-all-knowledge-and-wisdom-lev-17\/","url":"http:\/\/rsca.grassrootslobbing.pl\/pl_PL\/the-omniscient-nexus-the-unity-of-all-knowledge-and-wisdom-lev-17\/","name":"The Omniscient Nexus - The Unity of All Knowledge and Wisdom lev.17 - RSCA","isPartOf":{"@id":"http:\/\/rsca.grassrootslobbing.pl\/pl_PL\/#website"},"datePublished":"2024-01-01T19:54:45+00:00","dateModified":"2024-01-01T19:54:45+00:00","description":"Na poziomie 17 gracze osi\u0105gaj\u0105 \"Omniscient Nexus\", gdzie zdolno\u015bci jak Cosmic Linguistics, Quantum Plurality i Existential Blueprinting pozwalaj\u0105 na syntez\u0119 kosmicznej m\u0105dro\u015bci. Manipuluj\u0105 aetherem, \u0142\u0105cz\u0105c cnoty i wady w now\u0105 harmoni\u0119, poszerzaj\u0105c swoje postrzeganie poprzez Hyper-Dimensional Encryption. To miejsce, gdzie wiedza i m\u0105dro\u015b\u0107 \u0142\u0105cz\u0105 si\u0119, otwieraj\u0105c drzwi do nieograniczonych do\u015bwiadcze\u0144 i mo\u017cliwo\u015bci.","inLanguage":"pl-PL","potentialAction":[{"@type":"ReadAction","target":["http:\/\/rsca.grassrootslobbing.pl\/pl_PL\/the-omniscient-nexus-the-unity-of-all-knowledge-and-wisdom-lev-17\/"]}]},{"@type":"WebSite","@id":"http:\/\/rsca.grassrootslobbing.pl\/pl_PL\/#website","url":"http:\/\/rsca.grassrootslobbing.pl\/pl_PL\/","name":"Reality Source Code Acces","description":"","publisher":{"@id":"http:\/\/rsca.grassrootslobbing.pl\/pl_PL\/#organization"},"potentialAction":[{"@type":"SearchAction","target":{"@type":"EntryPoint","urlTemplate":"http:\/\/rsca.grassrootslobbing.pl\/pl_PL\/?s={search_term_string}"},"query-input":"required name=search_term_string"}],"inLanguage":"pl-PL"},{"@type":"Organization","@id":"http:\/\/rsca.grassrootslobbing.pl\/pl_PL\/#organization","name":"Konsult 0n40i4","url":"http:\/\/rsca.grassrootslobbing.pl\/pl_PL\/","logo":{"@type":"ImageObject","inLanguage":"pl-PL","@id":"http:\/\/rsca.grassrootslobbing.pl\/pl_PL\/#\/schema\/logo\/image\/","url":"http:\/\/rsca.grassrootslobbing.pl\/wp-content\/uploads\/2023\/12\/cropped-DALL\u00b7E-2023-12-31-08.54.33-A-modern-and-abstract-logo-for-Konsult-0n40i4-representing-an-interdimensional-legal-system.-The-design-should-embody-themes-of-law-dimensions-an.png","contentUrl":"http:\/\/rsca.grassrootslobbing.pl\/wp-content\/uploads\/2023\/12\/cropped-DALL\u00b7E-2023-12-31-08.54.33-A-modern-and-abstract-logo-for-Konsult-0n40i4-representing-an-interdimensional-legal-system.-The-design-should-embody-themes-of-law-dimensions-an.png","width":1024,"height":835,"caption":"Konsult 0n40i4"},"image":{"@id":"http:\/\/rsca.grassrootslobbing.pl\/pl_PL\/#\/schema\/logo\/image\/"}}]}},"_links":{"self":[{"href":"http:\/\/rsca.grassrootslobbing.pl\/pl_PL\/wp-json\/wp\/v2\/pages\/3050","targetHints":{"allow":["GET"]}}],"collection":[{"href":"http:\/\/rsca.grassrootslobbing.pl\/pl_PL\/wp-json\/wp\/v2\/pages"}],"about":[{"href":"http:\/\/rsca.grassrootslobbing.pl\/pl_PL\/wp-json\/wp\/v2\/types\/page"}],"author":[{"embeddable":true,"href":"http:\/\/rsca.grassrootslobbing.pl\/pl_PL\/wp-json\/wp\/v2\/users\/2"}],"replies":[{"embeddable":true,"href":"http:\/\/rsca.grassrootslobbing.pl\/pl_PL\/wp-json\/wp\/v2\/comments?post=3050"}],"version-history":[{"count":1,"href":"http:\/\/rsca.grassrootslobbing.pl\/pl_PL\/wp-json\/wp\/v2\/pages\/3050\/revisions"}],"predecessor-version":[{"id":3057,"href":"http:\/\/rsca.grassrootslobbing.pl\/pl_PL\/wp-json\/wp\/v2\/pages\/3050\/revisions\/3057"}],"wp:attachment":[{"href":"http:\/\/rsca.grassrootslobbing.pl\/pl_PL\/wp-json\/wp\/v2\/media?parent=3050"}],"curies":[{"name":"wp","href":"https:\/\/api.w.org\/{rel}","templated":true}]}}