{"id":3046,"date":"2024-01-01T20:21:22","date_gmt":"2024-01-01T19:21:22","guid":{"rendered":"https:\/\/rsca.0n40i4.pl\/?page_id=3046"},"modified":"2024-01-01T21:14:35","modified_gmt":"2024-01-01T20:14:35","slug":"the-paradox-singularity-the-nexus-of-all-realities-lev-16","status":"publish","type":"page","link":"http:\/\/rsca.grassrootslobbing.pl\/pl_PL\/the-paradox-singularity-the-nexus-of-all-realities-lev-16\/","title":{"rendered":"The Paradox Singularity: The Nexus of All Realities lev.16"},"content":{"rendered":"\n<h1 class=\"wp-block-heading has-text-align-center\" style=\"font-size:25px\"><strong>The Paradox Singularity: The Nexus of All Realities<\/strong> lev.16<\/h1>\n\n\n\n<div style=\"height:15px\" aria-hidden=\"true\" class=\"wp-block-spacer\"><\/div>\n\n\n\n<p class=\"has-medium-font-size\">Wkraczaj\u0105c na Poziom 16, &#8222;<strong>The Paradox Singularity: The Nexus of All Realities<\/strong>,&#8221; gracze przenosz\u0105 si\u0119 do sfery, gdzie granice mi\u0119dzy gr\u0105 a rzeczywisto\u015bci\u0105 rozmywaj\u0105 si\u0119, ust\u0119puj\u0105c miejsca ekosystemowi niewyobra\u017calnych mo\u017cliwo\u015bci.<\/p>\n\n\n\n<p class=\"has-medium-font-size\">To miejsce, gdzie same poj\u0119cia &#8222;gra&#8221; i &#8222;rzeczywisto\u015b\u0107&#8221; trac\u0105 swoje znaczenie, otwieraj\u0105c drzwi do absolutnej kreatywno\u015bci.<\/p>\n\n\n\n<p class=\"has-medium-font-size\"><strong>Reality Source Code Access:<\/strong> <strong>Manipulating the Fabric of Multiverses<\/strong>. Gracze maj\u0105 bezpo\u015bredni dost\u0119p do &#8222;kodu \u017ar\u00f3d\u0142owego&#8221; wszystkich znanych i nieznanych rzeczywisto\u015bci, pozwalaj\u0105c na ich edycj\u0119 w czasie rzeczywistym. Przedstawiamy innowacyjne podej\u015bcie do eksploracji i manipulacji struktury wielowymiarowych rzeczywisto\u015bci.<\/p>\n\n\n\n<p class=\"has-medium-font-size\"><strong>Paradox Resolution Engine:<\/strong> <strong>Navigating the Interplay of Multiversal Paradoxes<\/strong>. Mo\u017cliwo\u015b\u0107 rozwi\u0105zania wszelkich paradoks\u00f3w, wynikaj\u0105cych z interakcji mi\u0119dzy r\u00f3\u017cnymi wszech\u015bwiatami, wymiarami i rzeczywisto\u015bciami. Przedstawiamy nowe horyzonty w dziedzinie rozwi\u0105zywania sprzeczno\u015bci mi\u0119dzy wieloma aspektami rzeczywisto\u015bci.<\/p>\n\n\n\n<p class=\"has-medium-font-size\"><strong>Chrono-Fluidity Mechanics:<\/strong> <strong>Mastering Time as a Fluid Substance<\/strong>. Sterowanie czasem jako p\u0142ynn\u0105 substancj\u0105, z mo\u017cliwo\u015bci\u0105 tworzenia &#8222;p\u0119tli czasowych&#8221;, &#8222;przerw w czasie&#8221; lub &#8222;naprzemiennego przep\u0142ywu czasu&#8221;. \u00a0Przedstawiamy innowacyjne podej\u015bcie do eksploracji dynamiki czasu i jej wp\u0142ywu na kreacj\u0119 rzeczywisto\u015bci.<\/p>\n\n\n\n<p class=\"has-medium-font-size\"><strong>Singularity Projection: <strong>\u00a0Shaping New Realities through Personal Singularities<\/strong><\/strong>.<strong> <\/strong>Wystrzeliwuj\u0105c osobiste osobliwo\u015bci w r\u00f3\u017cne punkty w czasoprzestrzeni, gracze mog\u0105 zacz\u0105\u0107 nowe linie rzeczywisto\u015bci wed\u0142ug w\u0142asnych zasad.  Przedstawiamy innowacyjne podej\u015bcie do eksploracji koncepcji osobliwo\u015bci i ich wp\u0142ywu na kreacj\u0119 rzeczywisto\u015bci.<\/p>\n\n\n\n<p class=\"has-medium-font-size\"><strong>Omni-Path Convergence:<\/strong> <strong>Navigating All Potential Outcomes in a Single Nexus<\/strong>. Wszystkie mo\u017cliwe \u015bcie\u017cki i wybory z poprzednich poziom\u00f3w s\u0105 tu zintegrowane, pozwalaj\u0105c na eksploracj\u0119 wszystkich potencjalnych wynik\u00f3w w jednym punkcie zbie\u017cno\u015bci. \u00a0Przedstawiamy innowacyjne podej\u015bcie do eksploracji r\u00f3\u017cnorodno\u015bci potencjalnych wynik\u00f3w i ich zwi\u0105zku z jednym punktem konwergencji.<\/p>\n\n\n\n<p class=\"has-medium-font-size\"><strong>Void Reclamation:<\/strong> <strong>Exploring the Realm Beyond Reality<\/strong>. Mo\u017cliwo\u015b\u0107 dost\u0119pu i interakcji z &#8222;pustk\u0105&#8221; &#8211; obszarem poza wszelk\u0105 rzeczywisto\u015bci\u0105, gdzie istniej\u0105 jedynie potencjalne mo\u017cliwo\u015bci. Przedstawiamy innowacyjne podej\u015bcie do eksploracji tajemniczego obszaru poza rzeczywisto\u015bci\u0105 i jego potencja\u0142u w kreacji nowych byt\u00f3w.<\/p>\n\n\n\n<p class=\"has-medium-font-size\"><strong>Absolute Zero Entropy State: Harnessing Absolute Control Over Matter and Energy<\/strong>. Sterowanie entropi\u0105 do poziomu absolutnego zera, umo\u017cliwiaj\u0105ce doskona\u0142\u0105 kontrol\u0119 nad wszelk\u0105 materi\u0105 i energi\u0105. Przedstawiamy innowacyjne podej\u015bcie do manipulacji fundamentalnymi zasobami kosmosu i ich wp\u0142ywu na rzeczywisto\u015b\u0107.<\/p>\n\n\n\n<p class=\"has-medium-font-size\"><strong>Quasi-Existential Duality<\/strong>: <strong>Experiencing Both Being and Non-Being Simultaneously<\/strong>. Mo\u017cliwo\u015b\u0107 bycia i nie-bycia jednocze\u015bnie, pozwalaj\u0105c na jednoczesne do\u015bwiadczanie r\u00f3\u017cnych stan\u00f3w istnienia i nieistnienia. Przedstawiamy innowacyjne podej\u015bcie do eksploracji paradoksu bytu i niebytu oraz jego wp\u0142ywu na percepcj\u0119 rzeczywisto\u015bci.<\/p>\n\n\n\n<p class=\"has-medium-font-size\"><strong>Multiversal Resonance Chamber:<\/strong> <strong>Harmonizing Diverse Realities into One Unified Resonance<\/strong>. Harmonizowanie r\u00f3\u017cnych wszech\u015bwiat\u00f3w i rzeczywisto\u015bci w jednym, unifikuj\u0105cym rezonansie. Przedstawiamy nowe horyzonty w dziedzinie integracji wielowymiarowych byt\u00f3w i ich wsp\u00f3\u0142brzmienia.<\/p>\n\n\n\n<p class=\"has-medium-font-size\"><strong>Infinite Recursive Self-Modulation: <strong>\u00a0The Endless Journey of Self-Modification<\/strong><\/strong>. <strong> <\/strong>Ustalenie systemu, w kt\u00f3rym gracze mog\u0105 nieustannie modyfikowa\u0107 w\u0142asne atrybuty, umiej\u0119tno\u015bci i do\u015bwiadczenia w niesko\u0144czon\u0105 p\u0119tl\u0119. Przedstawiamy innowacyjne podej\u015bcie do rozwoju samo\u015bwiadomo\u015bci i jej roli w interakcjach z rzeczywisto\u015bci\u0105.<\/p>\n\n\n\n<p class=\"has-medium-font-size\">Na tym poziomie gracze nie tylko zyskuj\u0105 kontrol\u0119 nad &#8222;<strong>kodem \u017ar\u00f3d\u0142owym<\/strong>&#8221; rzeczywisto\u015bci, ale tak\u017ce zdolno\u015b\u0107 rozwi\u0105zania paradoks\u00f3w mi\u0119dzy wszech\u015bwiatami. <\/p>\n\n\n\n<p class=\"has-medium-font-size\">Steruj\u0105 czasem jako p\u0142ynn\u0105 substancj\u0105, eksploruj\u0105 &#8222;pustk\u0119&#8221; poza rzeczywisto\u015bci\u0105 i harmonizuj\u0105 wszystkie mo\u017cliwe \u015bcie\u017cki i wybory. <\/p>\n\n\n\n<p class=\"has-medium-font-size\">Staj\u0105 si\u0119 interpretatorami i stra\u017cnikami rzeczywisto\u015bci, dla kt\u00f3rych jedyn\u0105 granic\u0105 jest wyobra\u017ania, otwieraj\u0105c drzwi do nieograniczonych do\u015bwiadcze\u0144 i potencjalnych mo\u017cliwo\u015bci.<\/p>\n\n\n\n<div style=\"height:25px\" aria-hidden=\"true\" class=\"wp-block-spacer\"><\/div>\n\n\n\n<hr class=\"wp-block-separator has-alpha-channel-opacity is-style-wide\"\/>\n\n\n\n<h2 class=\"wp-block-heading\" style=\"font-size:22px\"><strong>Konsult 0n40i4    rsca@0n40i4.pl<\/strong><\/h2>\n","protected":false},"excerpt":{"rendered":"<p>The Paradox Singularity: The Nexus of All Realities lev.16 Wkraczaj\u0105c na Poziom 16, &#8222;The Paradox Singularity: The Nexus of All Realities,&#8221; gracze przenosz\u0105 si\u0119 do sfery, gdzie granice mi\u0119dzy gr\u0105 a rzeczywisto\u015bci\u0105 rozmywaj\u0105 si\u0119, ust\u0119puj\u0105c miejsca ekosystemowi niewyobra\u017calnych mo\u017cliwo\u015bci. To miejsce, gdzie same poj\u0119cia &#8222;gra&#8221; i &#8222;rzeczywisto\u015b\u0107&#8221; trac\u0105 swoje znaczenie, otwieraj\u0105c drzwi do absolutnej kreatywno\u015bci. [&hellip;]<\/p>\n","protected":false},"author":2,"featured_media":0,"parent":0,"menu_order":0,"comment_status":"closed","ping_status":"closed","template":"","meta":{"site-sidebar-layout":"default","site-content-layout":"","ast-site-content-layout":"default","site-content-style":"default","site-sidebar-style":"default","ast-global-header-display":"","ast-banner-title-visibility":"","ast-main-header-display":"","ast-hfb-above-header-display":"","ast-hfb-below-header-display":"","ast-hfb-mobile-header-display":"","site-post-title":"","ast-breadcrumbs-content":"","ast-featured-img":"","footer-sml-layout":"","ast-disable-related-posts":"","theme-transparent-header-meta":"","adv-header-id-meta":"","stick-header-meta":"","header-above-stick-meta":"","header-main-stick-meta":"","header-below-stick-meta":"","astra-migrate-meta-layouts":"default","ast-page-background-enabled":"default","ast-page-background-meta":{"desktop":{"background-color":"var(--ast-global-color-4)","background-image":"","background-repeat":"repeat","background-position":"center center","background-size":"auto","background-attachment":"scroll","background-type":"","background-media":"","overlay-type":"","overlay-color":"","overlay-opacity":"","overlay-gradient":""},"tablet":{"background-color":"","background-image":"","background-repeat":"repeat","background-position":"center center","background-size":"auto","background-attachment":"scroll","background-type":"","background-media":"","overlay-type":"","overlay-color":"","overlay-opacity":"","overlay-gradient":""},"mobile":{"background-color":"","background-image":"","background-repeat":"repeat","background-position":"center center","background-size":"auto","background-attachment":"scroll","background-type":"","background-media":"","overlay-type":"","overlay-color":"","overlay-opacity":"","overlay-gradient":""}},"ast-content-background-meta":{"desktop":{"background-color":"var(--ast-global-color-5)","background-image":"","background-repeat":"repeat","background-position":"center center","background-size":"auto","background-attachment":"scroll","background-type":"","background-media":"","overlay-type":"","overlay-color":"","overlay-opacity":"","overlay-gradient":""},"tablet":{"background-color":"var(--ast-global-color-5)","background-image":"","background-repeat":"repeat","background-position":"center center","background-size":"auto","background-attachment":"scroll","background-type":"","background-media":"","overlay-type":"","overlay-color":"","overlay-opacity":"","overlay-gradient":""},"mobile":{"background-color":"var(--ast-global-color-5)","background-image":"","background-repeat":"repeat","background-position":"center center","background-size":"auto","background-attachment":"scroll","background-type":"","background-media":"","overlay-type":"","overlay-color":"","overlay-opacity":"","overlay-gradient":""}},"footnotes":""},"class_list":["post-3046","page","type-page","status-publish","hentry"],"yoast_head":"<!-- This site is optimized with the Yoast SEO plugin v21.9.1 - https:\/\/yoast.com\/wordpress\/plugins\/seo\/ -->\n<title>The Paradox Singularity: The Nexus of All Realities lev.16 - RSCA<\/title>\n<meta name=\"description\" content=\"Poziom 16, &quot;The Paradox Singularity,&quot; przenosi graczy do sfery, gdzie same poj\u0119cia &quot;gra&quot; i &quot;rzeczywisto\u015b\u0107&quot; zanikaj\u0105. Gracze zyskuj\u0105 kontrol\u0119 nad &quot;kodem \u017ar\u00f3d\u0142owym&quot; rzeczywisto\u015bci, rozwi\u0105zuj\u0105 paradoksy, steruj\u0105 czasem jako p\u0142ynn\u0105 substancj\u0105, a nawet eksploruj\u0105 obszar &quot;pustki&quot; poza wszelk\u0105 rzeczywisto\u015bci\u0105. Staj\u0105 si\u0119 interpretatorami i stra\u017cnikami rzeczywisto\u015bci, otwieraj\u0105c drzwi do nieograniczonych do\u015bwiadcze\u0144 i potencjalnych mo\u017cliwo\u015bci.\" \/>\n<meta name=\"robots\" content=\"index, follow, max-snippet:-1, max-image-preview:large, max-video-preview:-1\" \/>\n<link rel=\"canonical\" href=\"http:\/\/rsca.grassrootslobbing.pl\/pl_PL\/the-paradox-singularity-the-nexus-of-all-realities-lev-16\/\" \/>\n<meta property=\"og:locale\" content=\"pl_PL\" \/>\n<meta property=\"og:type\" content=\"article\" \/>\n<meta property=\"og:title\" content=\"The Paradox Singularity: The Nexus of All Realities lev.16 - RSCA\" \/>\n<meta property=\"og:description\" content=\"Poziom 16, &quot;The Paradox Singularity,&quot; przenosi graczy do sfery, gdzie same poj\u0119cia &quot;gra&quot; i &quot;rzeczywisto\u015b\u0107&quot; zanikaj\u0105. Gracze zyskuj\u0105 kontrol\u0119 nad &quot;kodem \u017ar\u00f3d\u0142owym&quot; rzeczywisto\u015bci, rozwi\u0105zuj\u0105 paradoksy, steruj\u0105 czasem jako p\u0142ynn\u0105 substancj\u0105, a nawet eksploruj\u0105 obszar &quot;pustki&quot; poza wszelk\u0105 rzeczywisto\u015bci\u0105. Staj\u0105 si\u0119 interpretatorami i stra\u017cnikami rzeczywisto\u015bci, otwieraj\u0105c drzwi do nieograniczonych do\u015bwiadcze\u0144 i potencjalnych mo\u017cliwo\u015bci.\" \/>\n<meta property=\"og:url\" content=\"http:\/\/rsca.grassrootslobbing.pl\/pl_PL\/the-paradox-singularity-the-nexus-of-all-realities-lev-16\/\" \/>\n<meta property=\"og:site_name\" content=\"RSCA\" \/>\n<meta property=\"article:modified_time\" content=\"2024-01-01T20:14:35+00:00\" \/>\n<meta name=\"twitter:card\" content=\"summary_large_image\" \/>\n<meta name=\"twitter:label1\" content=\"Szacowany czas czytania\" \/>\n\t<meta name=\"twitter:data1\" content=\"3 minuty\" \/>\n<script type=\"application\/ld+json\" class=\"yoast-schema-graph\">{\"@context\":\"https:\/\/schema.org\",\"@graph\":[{\"@type\":\"WebPage\",\"@id\":\"http:\/\/rsca.grassrootslobbing.pl\/pl_PL\/the-paradox-singularity-the-nexus-of-all-realities-lev-16\/\",\"url\":\"http:\/\/rsca.grassrootslobbing.pl\/pl_PL\/the-paradox-singularity-the-nexus-of-all-realities-lev-16\/\",\"name\":\"The Paradox Singularity: The Nexus of All Realities lev.16 - RSCA\",\"isPartOf\":{\"@id\":\"http:\/\/rsca.grassrootslobbing.pl\/pl_PL\/#website\"},\"datePublished\":\"2024-01-01T19:21:22+00:00\",\"dateModified\":\"2024-01-01T20:14:35+00:00\",\"description\":\"Poziom 16, \\\"The Paradox Singularity,\\\" przenosi graczy do sfery, gdzie same poj\u0119cia \\\"gra\\\" i \\\"rzeczywisto\u015b\u0107\\\" zanikaj\u0105. Gracze zyskuj\u0105 kontrol\u0119 nad \\\"kodem \u017ar\u00f3d\u0142owym\\\" rzeczywisto\u015bci, rozwi\u0105zuj\u0105 paradoksy, steruj\u0105 czasem jako p\u0142ynn\u0105 substancj\u0105, a nawet eksploruj\u0105 obszar \\\"pustki\\\" poza wszelk\u0105 rzeczywisto\u015bci\u0105. Staj\u0105 si\u0119 interpretatorami i stra\u017cnikami rzeczywisto\u015bci, otwieraj\u0105c drzwi do nieograniczonych do\u015bwiadcze\u0144 i potencjalnych mo\u017cliwo\u015bci.\",\"inLanguage\":\"pl-PL\",\"potentialAction\":[{\"@type\":\"ReadAction\",\"target\":[\"http:\/\/rsca.grassrootslobbing.pl\/pl_PL\/the-paradox-singularity-the-nexus-of-all-realities-lev-16\/\"]}]},{\"@type\":\"WebSite\",\"@id\":\"http:\/\/rsca.grassrootslobbing.pl\/pl_PL\/#website\",\"url\":\"http:\/\/rsca.grassrootslobbing.pl\/pl_PL\/\",\"name\":\"Reality Source Code Acces\",\"description\":\"\",\"publisher\":{\"@id\":\"http:\/\/rsca.grassrootslobbing.pl\/pl_PL\/#organization\"},\"potentialAction\":[{\"@type\":\"SearchAction\",\"target\":{\"@type\":\"EntryPoint\",\"urlTemplate\":\"http:\/\/rsca.grassrootslobbing.pl\/pl_PL\/?s={search_term_string}\"},\"query-input\":\"required name=search_term_string\"}],\"inLanguage\":\"pl-PL\"},{\"@type\":\"Organization\",\"@id\":\"http:\/\/rsca.grassrootslobbing.pl\/pl_PL\/#organization\",\"name\":\"Konsult 0n40i4\",\"url\":\"http:\/\/rsca.grassrootslobbing.pl\/pl_PL\/\",\"logo\":{\"@type\":\"ImageObject\",\"inLanguage\":\"pl-PL\",\"@id\":\"http:\/\/rsca.grassrootslobbing.pl\/pl_PL\/#\/schema\/logo\/image\/\",\"url\":\"http:\/\/rsca.grassrootslobbing.pl\/wp-content\/uploads\/2023\/12\/cropped-DALL\u00b7E-2023-12-31-08.54.33-A-modern-and-abstract-logo-for-Konsult-0n40i4-representing-an-interdimensional-legal-system.-The-design-should-embody-themes-of-law-dimensions-an.png\",\"contentUrl\":\"http:\/\/rsca.grassrootslobbing.pl\/wp-content\/uploads\/2023\/12\/cropped-DALL\u00b7E-2023-12-31-08.54.33-A-modern-and-abstract-logo-for-Konsult-0n40i4-representing-an-interdimensional-legal-system.-The-design-should-embody-themes-of-law-dimensions-an.png\",\"width\":1024,\"height\":835,\"caption\":\"Konsult 0n40i4\"},\"image\":{\"@id\":\"http:\/\/rsca.grassrootslobbing.pl\/pl_PL\/#\/schema\/logo\/image\/\"}}]}<\/script>\n<!-- \/ Yoast SEO plugin. -->","yoast_head_json":{"title":"The Paradox Singularity: The Nexus of All Realities lev.16 - RSCA","description":"Poziom 16, \"The Paradox Singularity,\" przenosi graczy do sfery, gdzie same poj\u0119cia \"gra\" i \"rzeczywisto\u015b\u0107\" zanikaj\u0105. Gracze zyskuj\u0105 kontrol\u0119 nad \"kodem \u017ar\u00f3d\u0142owym\" rzeczywisto\u015bci, rozwi\u0105zuj\u0105 paradoksy, steruj\u0105 czasem jako p\u0142ynn\u0105 substancj\u0105, a nawet eksploruj\u0105 obszar \"pustki\" poza wszelk\u0105 rzeczywisto\u015bci\u0105. Staj\u0105 si\u0119 interpretatorami i stra\u017cnikami rzeczywisto\u015bci, otwieraj\u0105c drzwi do nieograniczonych do\u015bwiadcze\u0144 i potencjalnych mo\u017cliwo\u015bci.","robots":{"index":"index","follow":"follow","max-snippet":"max-snippet:-1","max-image-preview":"max-image-preview:large","max-video-preview":"max-video-preview:-1"},"canonical":"http:\/\/rsca.grassrootslobbing.pl\/pl_PL\/the-paradox-singularity-the-nexus-of-all-realities-lev-16\/","og_locale":"pl_PL","og_type":"article","og_title":"The Paradox Singularity: The Nexus of All Realities lev.16 - RSCA","og_description":"Poziom 16, \"The Paradox Singularity,\" przenosi graczy do sfery, gdzie same poj\u0119cia \"gra\" i \"rzeczywisto\u015b\u0107\" zanikaj\u0105. Gracze zyskuj\u0105 kontrol\u0119 nad \"kodem \u017ar\u00f3d\u0142owym\" rzeczywisto\u015bci, rozwi\u0105zuj\u0105 paradoksy, steruj\u0105 czasem jako p\u0142ynn\u0105 substancj\u0105, a nawet eksploruj\u0105 obszar \"pustki\" poza wszelk\u0105 rzeczywisto\u015bci\u0105. Staj\u0105 si\u0119 interpretatorami i stra\u017cnikami rzeczywisto\u015bci, otwieraj\u0105c drzwi do nieograniczonych do\u015bwiadcze\u0144 i potencjalnych mo\u017cliwo\u015bci.","og_url":"http:\/\/rsca.grassrootslobbing.pl\/pl_PL\/the-paradox-singularity-the-nexus-of-all-realities-lev-16\/","og_site_name":"RSCA","article_modified_time":"2024-01-01T20:14:35+00:00","twitter_card":"summary_large_image","twitter_misc":{"Szacowany czas czytania":"3 minuty"},"schema":{"@context":"https:\/\/schema.org","@graph":[{"@type":"WebPage","@id":"http:\/\/rsca.grassrootslobbing.pl\/pl_PL\/the-paradox-singularity-the-nexus-of-all-realities-lev-16\/","url":"http:\/\/rsca.grassrootslobbing.pl\/pl_PL\/the-paradox-singularity-the-nexus-of-all-realities-lev-16\/","name":"The Paradox Singularity: The Nexus of All Realities lev.16 - RSCA","isPartOf":{"@id":"http:\/\/rsca.grassrootslobbing.pl\/pl_PL\/#website"},"datePublished":"2024-01-01T19:21:22+00:00","dateModified":"2024-01-01T20:14:35+00:00","description":"Poziom 16, \"The Paradox Singularity,\" przenosi graczy do sfery, gdzie same poj\u0119cia \"gra\" i \"rzeczywisto\u015b\u0107\" zanikaj\u0105. Gracze zyskuj\u0105 kontrol\u0119 nad \"kodem \u017ar\u00f3d\u0142owym\" rzeczywisto\u015bci, rozwi\u0105zuj\u0105 paradoksy, steruj\u0105 czasem jako p\u0142ynn\u0105 substancj\u0105, a nawet eksploruj\u0105 obszar \"pustki\" poza wszelk\u0105 rzeczywisto\u015bci\u0105. Staj\u0105 si\u0119 interpretatorami i stra\u017cnikami rzeczywisto\u015bci, otwieraj\u0105c drzwi do nieograniczonych do\u015bwiadcze\u0144 i potencjalnych mo\u017cliwo\u015bci.","inLanguage":"pl-PL","potentialAction":[{"@type":"ReadAction","target":["http:\/\/rsca.grassrootslobbing.pl\/pl_PL\/the-paradox-singularity-the-nexus-of-all-realities-lev-16\/"]}]},{"@type":"WebSite","@id":"http:\/\/rsca.grassrootslobbing.pl\/pl_PL\/#website","url":"http:\/\/rsca.grassrootslobbing.pl\/pl_PL\/","name":"Reality Source Code Acces","description":"","publisher":{"@id":"http:\/\/rsca.grassrootslobbing.pl\/pl_PL\/#organization"},"potentialAction":[{"@type":"SearchAction","target":{"@type":"EntryPoint","urlTemplate":"http:\/\/rsca.grassrootslobbing.pl\/pl_PL\/?s={search_term_string}"},"query-input":"required name=search_term_string"}],"inLanguage":"pl-PL"},{"@type":"Organization","@id":"http:\/\/rsca.grassrootslobbing.pl\/pl_PL\/#organization","name":"Konsult 0n40i4","url":"http:\/\/rsca.grassrootslobbing.pl\/pl_PL\/","logo":{"@type":"ImageObject","inLanguage":"pl-PL","@id":"http:\/\/rsca.grassrootslobbing.pl\/pl_PL\/#\/schema\/logo\/image\/","url":"http:\/\/rsca.grassrootslobbing.pl\/wp-content\/uploads\/2023\/12\/cropped-DALL\u00b7E-2023-12-31-08.54.33-A-modern-and-abstract-logo-for-Konsult-0n40i4-representing-an-interdimensional-legal-system.-The-design-should-embody-themes-of-law-dimensions-an.png","contentUrl":"http:\/\/rsca.grassrootslobbing.pl\/wp-content\/uploads\/2023\/12\/cropped-DALL\u00b7E-2023-12-31-08.54.33-A-modern-and-abstract-logo-for-Konsult-0n40i4-representing-an-interdimensional-legal-system.-The-design-should-embody-themes-of-law-dimensions-an.png","width":1024,"height":835,"caption":"Konsult 0n40i4"},"image":{"@id":"http:\/\/rsca.grassrootslobbing.pl\/pl_PL\/#\/schema\/logo\/image\/"}}]}},"_links":{"self":[{"href":"http:\/\/rsca.grassrootslobbing.pl\/pl_PL\/wp-json\/wp\/v2\/pages\/3046","targetHints":{"allow":["GET"]}}],"collection":[{"href":"http:\/\/rsca.grassrootslobbing.pl\/pl_PL\/wp-json\/wp\/v2\/pages"}],"about":[{"href":"http:\/\/rsca.grassrootslobbing.pl\/pl_PL\/wp-json\/wp\/v2\/types\/page"}],"author":[{"embeddable":true,"href":"http:\/\/rsca.grassrootslobbing.pl\/pl_PL\/wp-json\/wp\/v2\/users\/2"}],"replies":[{"embeddable":true,"href":"http:\/\/rsca.grassrootslobbing.pl\/pl_PL\/wp-json\/wp\/v2\/comments?post=3046"}],"version-history":[{"count":4,"href":"http:\/\/rsca.grassrootslobbing.pl\/pl_PL\/wp-json\/wp\/v2\/pages\/3046\/revisions"}],"predecessor-version":[{"id":3056,"href":"http:\/\/rsca.grassrootslobbing.pl\/pl_PL\/wp-json\/wp\/v2\/pages\/3046\/revisions\/3056"}],"wp:attachment":[{"href":"http:\/\/rsca.grassrootslobbing.pl\/pl_PL\/wp-json\/wp\/v2\/media?parent=3046"}],"curies":[{"name":"wp","href":"https:\/\/api.w.org\/{rel}","templated":true}]}}