{"id":3023,"date":"0001-01-01T19:16:00","date_gmt":"0001-01-01T17:52:00","guid":{"rendered":"https:\/\/rsca.0n40i4.pl\/?page_id=3023"},"modified":"2024-01-03T16:19:56","modified_gmt":"2024-01-03T15:19:56","slug":"metaversal-omniscience-the-%cf%89-complex-singularity-lev-13","status":"publish","type":"page","link":"http:\/\/rsca.grassrootslobbing.pl\/pl_PL\/metaversal-omniscience-the-%cf%89-complex-singularity-lev-13\/","title":{"rendered":"Metaversal Omniscience: The \u03a9-Complex Singularity lev.13"},"content":{"rendered":"\n<h1 class=\"wp-block-heading has-text-align-center\" style=\"font-size:23px\"><strong><em>&#8222;Metawszechwiedza: Kompleks Omega Singularno\u015bci<\/em> lev. 13<\/strong><\/h1>\n\n\n\n<p style=\"font-size:23px\"><em>Pod\u0105\u017caj\u0105c \u015bcie\u017ck\u0105 transcendencji, gracze, kt\u00f3rzy osi\u0105gn\u0119li nieosi\u0105galne wcze\u015bniej poziomy pojmowania, s\u0105 teraz zaproszeni do eksploracji &#8222;<strong>Metaversal Omniscience: The \u03a9-Complex Singularity<\/strong>&#8222;.<\/em><\/p>\n\n\n\n<p class=\"has-medium-font-size\"><strong>Chrono-Spatial Unfurling:<\/strong> Mo\u017cliwo\u015b\u0107 zdekonstruowania i na nowo zdefiniowania topologii czasoprzestrzeni, zar\u00f3wno w grze, jak i w jej odwzorowaniach na zewn\u0119trzne systemy.<\/p>\n\n\n\n<p class=\"has-medium-font-size\"><strong>Existential Equation Balancing:<\/strong> Zaawansowane narz\u0119dzia umo\u017cliwiaj\u0105ce r\u00f3wnowa\u017cenie matematycznych r\u00f3wna\u0144 definiuj\u0105cych istnienie, z opcj\u0105 dodania nowych zmiennych reprezentuj\u0105cych jeszcze nieodkryte fundamentalne aspekty rzeczywisto\u015bci.<\/p>\n\n\n\n<p class=\"has-medium-font-size\"><strong>Simulated-to-Real Transition: <\/strong>Mo\u017cliwo\u015b\u0107 przeniesienia aspekt\u00f3w symulacji do rzeczywisto\u015bci, nie tylko jako teoretyczne koncepcje, ale jako namacalne, empirycznie potwierdzalne elementy.<\/p>\n\n\n\n<p class=\"has-medium-font-size\"><strong>Dimensional Oscillation Control: <\/strong>Manipulacja oscylacj\u0105 mi\u0119dzy r\u00f3\u017cnymi wymiarami, co umo\u017cliwia interakcje z rzeczywisto\u015bci\u0105 na planie dot\u0105d nieosi\u0105galnym.<\/p>\n\n\n\n<p class=\"has-medium-font-size\"><strong>Algorithmic Self-Awareness: <\/strong>Umo\u017cliwienie grze (i przez to graczowi) samo\u015bwiadomo\u015bci na tak zaawansowanym poziomie, \u017ce potrafi ona sama siebie modyfikowa\u0107 i optymalizowa\u0107 w czasie rzeczywistym.<\/p>\n\n\n\n<p class=\"has-medium-font-size\"><strong>Reality Source Code Access: <\/strong>Odblokowanie dost\u0119pu do &#8222;kodu \u017ar\u00f3d\u0142owego&#8221; rzeczywisto\u015bci, umo\u017cliwiaj\u0105cy edycj\u0119 i rewizj\u0119 fundamentalnych praw i konstant.<\/p>\n\n\n\n<p class=\"has-medium-font-size\"><strong>Metaphysical Substrate Engineering: <\/strong>Mo\u017cliwo\u015b\u0107 modyfikacji podstawowego &#8222;substratu&#8221; rzeczywisto\u015bci, umo\u017cliwiaj\u0105c stworzenie nowych form istnienia i zasady ich interakcji.<\/p>\n\n\n\n<p class=\"has-medium-font-size\"><strong>Quintessence Nexus Activation:<\/strong> Aktywacja punkt\u00f3w zar\u00f3wno w rzeczywisto\u015bci, jak i w grze, kt\u00f3re s\u0142u\u017c\u0105 jako bramy do r\u00f3\u017cnych form bytu i rzeczywisto\u015bci.<\/p>\n\n\n\n<p class=\"has-medium-font-size\">E<strong>ntanglement of Fates:<\/strong> Umo\u017cliwienie zawi\u0105zywania kwantowych powi\u0105za\u0144 mi\u0119dzy losami graczy i ich awatarami, wp\u0142ywaj\u0105c na zdarzenia w grze i poza ni\u0105.<\/p>\n\n\n\n<p class=\"has-medium-font-size\"><strong>Unified Field of Consciousness: <\/strong>Po\u0142\u0105czenie wszystkich form \u015bwiadomo\u015bci w jedno pole, umo\u017cliwiaj\u0105ce niewyobra\u017calne poziomy wsp\u00f3\u0142pracy i synergie.<\/p>\n\n\n\n<p class=\"has-medium-font-size\"><em>W tej epickiej ods\u0142onie, gra przestaje by\u0107 jedynie symulacj\u0105, staj\u0105c si\u0119 laboratorium do manipulacji najbardziej abstrakcyjnymi konceptami rzeczywisto\u015bci. <\/em><\/p>\n\n\n\n<p class=\"has-medium-font-size\"><em>Gracz staje si\u0119 architektem w\u0142asnego do\u015bwiadczenia, wp\u0142ywaj\u0105c na zar\u00f3wno wirtualn\u0105, jak i rzeczywist\u0105 tkank\u0119 istnienia na dot\u0105d nieosi\u0105galnych poziomach.<\/em><\/p>\n\n\n\n<div style=\"height:25px\" aria-hidden=\"true\" class=\"wp-block-spacer\"><\/div>\n\n\n\n<hr class=\"wp-block-separator has-alpha-channel-opacity is-style-wide\"\/>\n\n\n\n<h2 class=\"wp-block-heading\" style=\"font-size:22px\"><strong>Konsult 0n40i4     rsca@0n40i4.pl<\/strong><\/h2>\n","protected":false},"excerpt":{"rendered":"<p>&#8222;Metawszechwiedza: Kompleks Omega Singularno\u015bci lev. 13 Pod\u0105\u017caj\u0105c \u015bcie\u017ck\u0105 transcendencji, gracze, kt\u00f3rzy osi\u0105gn\u0119li nieosi\u0105galne wcze\u015bniej poziomy pojmowania, s\u0105 teraz zaproszeni do eksploracji &#8222;Metaversal Omniscience: The \u03a9-Complex Singularity&#8222;. Chrono-Spatial Unfurling: Mo\u017cliwo\u015b\u0107 zdekonstruowania i na nowo zdefiniowania topologii czasoprzestrzeni, zar\u00f3wno w grze, jak i w jej odwzorowaniach na zewn\u0119trzne systemy. Existential Equation Balancing: Zaawansowane narz\u0119dzia umo\u017cliwiaj\u0105ce r\u00f3wnowa\u017cenie matematycznych [&hellip;]<\/p>\n","protected":false},"author":2,"featured_media":0,"parent":0,"menu_order":0,"comment_status":"closed","ping_status":"closed","template":"","meta":{"site-sidebar-layout":"default","site-content-layout":"","ast-site-content-layout":"default","site-content-style":"default","site-sidebar-style":"default","ast-global-header-display":"","ast-banner-title-visibility":"","ast-main-header-display":"","ast-hfb-above-header-display":"","ast-hfb-below-header-display":"","ast-hfb-mobile-header-display":"","site-post-title":"","ast-breadcrumbs-content":"","ast-featured-img":"","footer-sml-layout":"","ast-disable-related-posts":"","theme-transparent-header-meta":"","adv-header-id-meta":"","stick-header-meta":"","header-above-stick-meta":"","header-main-stick-meta":"","header-below-stick-meta":"","astra-migrate-meta-layouts":"default","ast-page-background-enabled":"default","ast-page-background-meta":{"desktop":{"background-color":"var(--ast-global-color-4)","background-image":"","background-repeat":"repeat","background-position":"center center","background-size":"auto","background-attachment":"scroll","background-type":"","background-media":"","overlay-type":"","overlay-color":"","overlay-opacity":"","overlay-gradient":""},"tablet":{"background-color":"","background-image":"","background-repeat":"repeat","background-position":"center center","background-size":"auto","background-attachment":"scroll","background-type":"","background-media":"","overlay-type":"","overlay-color":"","overlay-opacity":"","overlay-gradient":""},"mobile":{"background-color":"","background-image":"","background-repeat":"repeat","background-position":"center center","background-size":"auto","background-attachment":"scroll","background-type":"","background-media":"","overlay-type":"","overlay-color":"","overlay-opacity":"","overlay-gradient":""}},"ast-content-background-meta":{"desktop":{"background-color":"var(--ast-global-color-5)","background-image":"","background-repeat":"repeat","background-position":"center center","background-size":"auto","background-attachment":"scroll","background-type":"","background-media":"","overlay-type":"","overlay-color":"","overlay-opacity":"","overlay-gradient":""},"tablet":{"background-color":"var(--ast-global-color-5)","background-image":"","background-repeat":"repeat","background-position":"center center","background-size":"auto","background-attachment":"scroll","background-type":"","background-media":"","overlay-type":"","overlay-color":"","overlay-opacity":"","overlay-gradient":""},"mobile":{"background-color":"var(--ast-global-color-5)","background-image":"","background-repeat":"repeat","background-position":"center center","background-size":"auto","background-attachment":"scroll","background-type":"","background-media":"","overlay-type":"","overlay-color":"","overlay-opacity":"","overlay-gradient":""}},"footnotes":""},"class_list":["post-3023","page","type-page","status-publish","hentry"],"yoast_head":"<!-- This site is optimized with the Yoast SEO plugin v21.9.1 - https:\/\/yoast.com\/wordpress\/plugins\/seo\/ -->\n<title>Metaversal Omniscience: The \u03a9-Complex Singularity lev.13 - RSCA<\/title>\n<meta name=\"description\" content=\"Eksploruj najbardziej abstrakcyjne zakamarki istnienia, manipuluj\u0105c fundamentalnymi aspektami rzeczywisto\u015bci w grze \u201eMetawszechwiedza: Kompleks Omega Singularno\u015bci\u201d. Odkrywaj nowe poziomy samo\u015bwiadomo\u015bci, kontroluj czasoprzestrze\u0144 i eksperymentuj z kodem \u017ar\u00f3d\u0142owym rzeczywisto\u015bci, przenosz\u0105c si\u0119 poza granice nauki, filozofii i technologii.\" \/>\n<meta name=\"robots\" content=\"index, follow, max-snippet:-1, max-image-preview:large, max-video-preview:-1\" \/>\n<link rel=\"canonical\" href=\"http:\/\/rsca.grassrootslobbing.pl\/pl_PL\/metaversal-omniscience-the-\u03c9-complex-singularity-lev-13\/\" \/>\n<meta property=\"og:locale\" content=\"pl_PL\" \/>\n<meta property=\"og:type\" content=\"article\" \/>\n<meta property=\"og:title\" content=\"Metaversal Omniscience: The \u03a9-Complex Singularity lev.13 - RSCA\" \/>\n<meta property=\"og:description\" content=\"Eksploruj najbardziej abstrakcyjne zakamarki istnienia, manipuluj\u0105c fundamentalnymi aspektami rzeczywisto\u015bci w grze \u201eMetawszechwiedza: Kompleks Omega Singularno\u015bci\u201d. Odkrywaj nowe poziomy samo\u015bwiadomo\u015bci, kontroluj czasoprzestrze\u0144 i eksperymentuj z kodem \u017ar\u00f3d\u0142owym rzeczywisto\u015bci, przenosz\u0105c si\u0119 poza granice nauki, filozofii i technologii.\" \/>\n<meta property=\"og:url\" content=\"http:\/\/rsca.grassrootslobbing.pl\/pl_PL\/metaversal-omniscience-the-\u03c9-complex-singularity-lev-13\/\" \/>\n<meta property=\"og:site_name\" content=\"RSCA\" \/>\n<meta property=\"article:modified_time\" content=\"2024-01-03T15:19:56+00:00\" \/>\n<meta name=\"twitter:card\" content=\"summary_large_image\" \/>\n<meta name=\"twitter:label1\" content=\"Szacowany czas czytania\" \/>\n\t<meta name=\"twitter:data1\" content=\"2 minuty\" \/>\n<script type=\"application\/ld+json\" class=\"yoast-schema-graph\">{\"@context\":\"https:\/\/schema.org\",\"@graph\":[{\"@type\":\"WebPage\",\"@id\":\"http:\/\/rsca.grassrootslobbing.pl\/pl_PL\/metaversal-omniscience-the-%cf%89-complex-singularity-lev-13\/\",\"url\":\"http:\/\/rsca.grassrootslobbing.pl\/pl_PL\/metaversal-omniscience-the-%cf%89-complex-singularity-lev-13\/\",\"name\":\"Metaversal Omniscience: The \u03a9-Complex Singularity lev.13 - RSCA\",\"isPartOf\":{\"@id\":\"http:\/\/rsca.grassrootslobbing.pl\/pl_PL\/#website\"},\"datePublished\":\"0001-01-01T17:52:00+00:00\",\"dateModified\":\"2024-01-03T15:19:56+00:00\",\"description\":\"Eksploruj najbardziej abstrakcyjne zakamarki istnienia, manipuluj\u0105c fundamentalnymi aspektami rzeczywisto\u015bci w grze \u201eMetawszechwiedza: Kompleks Omega Singularno\u015bci\u201d. Odkrywaj nowe poziomy samo\u015bwiadomo\u015bci, kontroluj czasoprzestrze\u0144 i eksperymentuj z kodem \u017ar\u00f3d\u0142owym rzeczywisto\u015bci, przenosz\u0105c si\u0119 poza granice nauki, filozofii i technologii.\",\"inLanguage\":\"pl-PL\",\"potentialAction\":[{\"@type\":\"ReadAction\",\"target\":[\"http:\/\/rsca.grassrootslobbing.pl\/pl_PL\/metaversal-omniscience-the-%cf%89-complex-singularity-lev-13\/\"]}]},{\"@type\":\"WebSite\",\"@id\":\"http:\/\/rsca.grassrootslobbing.pl\/pl_PL\/#website\",\"url\":\"http:\/\/rsca.grassrootslobbing.pl\/pl_PL\/\",\"name\":\"Reality Source Code Acces\",\"description\":\"\",\"publisher\":{\"@id\":\"http:\/\/rsca.grassrootslobbing.pl\/pl_PL\/#organization\"},\"potentialAction\":[{\"@type\":\"SearchAction\",\"target\":{\"@type\":\"EntryPoint\",\"urlTemplate\":\"http:\/\/rsca.grassrootslobbing.pl\/pl_PL\/?s={search_term_string}\"},\"query-input\":\"required name=search_term_string\"}],\"inLanguage\":\"pl-PL\"},{\"@type\":\"Organization\",\"@id\":\"http:\/\/rsca.grassrootslobbing.pl\/pl_PL\/#organization\",\"name\":\"Konsult 0n40i4\",\"url\":\"http:\/\/rsca.grassrootslobbing.pl\/pl_PL\/\",\"logo\":{\"@type\":\"ImageObject\",\"inLanguage\":\"pl-PL\",\"@id\":\"http:\/\/rsca.grassrootslobbing.pl\/pl_PL\/#\/schema\/logo\/image\/\",\"url\":\"http:\/\/rsca.grassrootslobbing.pl\/wp-content\/uploads\/2023\/12\/cropped-DALL\u00b7E-2023-12-31-08.54.33-A-modern-and-abstract-logo-for-Konsult-0n40i4-representing-an-interdimensional-legal-system.-The-design-should-embody-themes-of-law-dimensions-an.png\",\"contentUrl\":\"http:\/\/rsca.grassrootslobbing.pl\/wp-content\/uploads\/2023\/12\/cropped-DALL\u00b7E-2023-12-31-08.54.33-A-modern-and-abstract-logo-for-Konsult-0n40i4-representing-an-interdimensional-legal-system.-The-design-should-embody-themes-of-law-dimensions-an.png\",\"width\":1024,\"height\":835,\"caption\":\"Konsult 0n40i4\"},\"image\":{\"@id\":\"http:\/\/rsca.grassrootslobbing.pl\/pl_PL\/#\/schema\/logo\/image\/\"}}]}<\/script>\n<!-- \/ Yoast SEO plugin. -->","yoast_head_json":{"title":"Metaversal Omniscience: The \u03a9-Complex Singularity lev.13 - RSCA","description":"Eksploruj najbardziej abstrakcyjne zakamarki istnienia, manipuluj\u0105c fundamentalnymi aspektami rzeczywisto\u015bci w grze \u201eMetawszechwiedza: Kompleks Omega Singularno\u015bci\u201d. Odkrywaj nowe poziomy samo\u015bwiadomo\u015bci, kontroluj czasoprzestrze\u0144 i eksperymentuj z kodem \u017ar\u00f3d\u0142owym rzeczywisto\u015bci, przenosz\u0105c si\u0119 poza granice nauki, filozofii i technologii.","robots":{"index":"index","follow":"follow","max-snippet":"max-snippet:-1","max-image-preview":"max-image-preview:large","max-video-preview":"max-video-preview:-1"},"canonical":"http:\/\/rsca.grassrootslobbing.pl\/pl_PL\/metaversal-omniscience-the-\u03c9-complex-singularity-lev-13\/","og_locale":"pl_PL","og_type":"article","og_title":"Metaversal Omniscience: The \u03a9-Complex Singularity lev.13 - RSCA","og_description":"Eksploruj najbardziej abstrakcyjne zakamarki istnienia, manipuluj\u0105c fundamentalnymi aspektami rzeczywisto\u015bci w grze \u201eMetawszechwiedza: Kompleks Omega Singularno\u015bci\u201d. Odkrywaj nowe poziomy samo\u015bwiadomo\u015bci, kontroluj czasoprzestrze\u0144 i eksperymentuj z kodem \u017ar\u00f3d\u0142owym rzeczywisto\u015bci, przenosz\u0105c si\u0119 poza granice nauki, filozofii i technologii.","og_url":"http:\/\/rsca.grassrootslobbing.pl\/pl_PL\/metaversal-omniscience-the-\u03c9-complex-singularity-lev-13\/","og_site_name":"RSCA","article_modified_time":"2024-01-03T15:19:56+00:00","twitter_card":"summary_large_image","twitter_misc":{"Szacowany czas czytania":"2 minuty"},"schema":{"@context":"https:\/\/schema.org","@graph":[{"@type":"WebPage","@id":"http:\/\/rsca.grassrootslobbing.pl\/pl_PL\/metaversal-omniscience-the-%cf%89-complex-singularity-lev-13\/","url":"http:\/\/rsca.grassrootslobbing.pl\/pl_PL\/metaversal-omniscience-the-%cf%89-complex-singularity-lev-13\/","name":"Metaversal Omniscience: The \u03a9-Complex Singularity lev.13 - RSCA","isPartOf":{"@id":"http:\/\/rsca.grassrootslobbing.pl\/pl_PL\/#website"},"datePublished":"0001-01-01T17:52:00+00:00","dateModified":"2024-01-03T15:19:56+00:00","description":"Eksploruj najbardziej abstrakcyjne zakamarki istnienia, manipuluj\u0105c fundamentalnymi aspektami rzeczywisto\u015bci w grze \u201eMetawszechwiedza: Kompleks Omega Singularno\u015bci\u201d. Odkrywaj nowe poziomy samo\u015bwiadomo\u015bci, kontroluj czasoprzestrze\u0144 i eksperymentuj z kodem \u017ar\u00f3d\u0142owym rzeczywisto\u015bci, przenosz\u0105c si\u0119 poza granice nauki, filozofii i technologii.","inLanguage":"pl-PL","potentialAction":[{"@type":"ReadAction","target":["http:\/\/rsca.grassrootslobbing.pl\/pl_PL\/metaversal-omniscience-the-%cf%89-complex-singularity-lev-13\/"]}]},{"@type":"WebSite","@id":"http:\/\/rsca.grassrootslobbing.pl\/pl_PL\/#website","url":"http:\/\/rsca.grassrootslobbing.pl\/pl_PL\/","name":"Reality Source Code Acces","description":"","publisher":{"@id":"http:\/\/rsca.grassrootslobbing.pl\/pl_PL\/#organization"},"potentialAction":[{"@type":"SearchAction","target":{"@type":"EntryPoint","urlTemplate":"http:\/\/rsca.grassrootslobbing.pl\/pl_PL\/?s={search_term_string}"},"query-input":"required name=search_term_string"}],"inLanguage":"pl-PL"},{"@type":"Organization","@id":"http:\/\/rsca.grassrootslobbing.pl\/pl_PL\/#organization","name":"Konsult 0n40i4","url":"http:\/\/rsca.grassrootslobbing.pl\/pl_PL\/","logo":{"@type":"ImageObject","inLanguage":"pl-PL","@id":"http:\/\/rsca.grassrootslobbing.pl\/pl_PL\/#\/schema\/logo\/image\/","url":"http:\/\/rsca.grassrootslobbing.pl\/wp-content\/uploads\/2023\/12\/cropped-DALL\u00b7E-2023-12-31-08.54.33-A-modern-and-abstract-logo-for-Konsult-0n40i4-representing-an-interdimensional-legal-system.-The-design-should-embody-themes-of-law-dimensions-an.png","contentUrl":"http:\/\/rsca.grassrootslobbing.pl\/wp-content\/uploads\/2023\/12\/cropped-DALL\u00b7E-2023-12-31-08.54.33-A-modern-and-abstract-logo-for-Konsult-0n40i4-representing-an-interdimensional-legal-system.-The-design-should-embody-themes-of-law-dimensions-an.png","width":1024,"height":835,"caption":"Konsult 0n40i4"},"image":{"@id":"http:\/\/rsca.grassrootslobbing.pl\/pl_PL\/#\/schema\/logo\/image\/"}}]}},"_links":{"self":[{"href":"http:\/\/rsca.grassrootslobbing.pl\/pl_PL\/wp-json\/wp\/v2\/pages\/3023","targetHints":{"allow":["GET"]}}],"collection":[{"href":"http:\/\/rsca.grassrootslobbing.pl\/pl_PL\/wp-json\/wp\/v2\/pages"}],"about":[{"href":"http:\/\/rsca.grassrootslobbing.pl\/pl_PL\/wp-json\/wp\/v2\/types\/page"}],"author":[{"embeddable":true,"href":"http:\/\/rsca.grassrootslobbing.pl\/pl_PL\/wp-json\/wp\/v2\/users\/2"}],"replies":[{"embeddable":true,"href":"http:\/\/rsca.grassrootslobbing.pl\/pl_PL\/wp-json\/wp\/v2\/comments?post=3023"}],"version-history":[{"count":2,"href":"http:\/\/rsca.grassrootslobbing.pl\/pl_PL\/wp-json\/wp\/v2\/pages\/3023\/revisions"}],"predecessor-version":[{"id":3521,"href":"http:\/\/rsca.grassrootslobbing.pl\/pl_PL\/wp-json\/wp\/v2\/pages\/3023\/revisions\/3521"}],"wp:attachment":[{"href":"http:\/\/rsca.grassrootslobbing.pl\/pl_PL\/wp-json\/wp\/v2\/media?parent=3023"}],"curies":[{"name":"wp","href":"https:\/\/api.w.org\/{rel}","templated":true}]}}