{"id":3014,"date":"0001-01-01T18:49:00","date_gmt":"0001-01-01T17:25:00","guid":{"rendered":"https:\/\/rsca.0n40i4.pl\/?page_id=3014"},"modified":"2024-01-03T16:18:25","modified_gmt":"2024-01-03T15:18:25","slug":"meta-universal-singularity-hub-lev-10","status":"publish","type":"page","link":"http:\/\/rsca.grassrootslobbing.pl\/pl_PL\/meta-universal-singularity-hub-lev-10\/","title":{"rendered":"Meta-Universal Singularity Hub lev.10"},"content":{"rendered":"\n<h1 class=\"wp-block-heading has-text-align-center\" style=\"font-size:23px\"><strong>Meta-Uniwersalne Centrum Singularno\u015bci lev. 10<\/strong><\/h1>\n\n\n\n<div style=\"height:15px\" aria-hidden=\"true\" class=\"wp-block-spacer\"><\/div>\n\n\n\n<p class=\"has-medium-font-size\">Wchodz\u0105c na wy\u017cszy poziom transcendencji, zapraszamy do gry jako &#8217;<strong>Meta-Omniversal Singularity Hub<\/strong>&#8217;. Odkryj zaawansowane funkcje, kt\u00f3re pozwol\u0105 ci kszta\u0142towa\u0107 rzeczywisto\u015b\u0107 na wielowymiarowym poziomie.<\/p>\n\n\n\n<p class=\"has-medium-font-size\"><strong>Singularity Orchestration:<\/strong> Mo\u017cliwo\u015b\u0107 zarz\u0105dzania i manipulowania osobistymi singularno\u015bciami, kt\u00f3re s\u0105 centrami zdarze\u0144 prze\u0142omowych na r\u00f3\u017cnych p\u0142aszczyznach wszech\u015bwiata.<\/p>\n\n\n\n<p class=\"has-medium-font-size\"><strong>Chrono-Linguistic Programming: <\/strong>Sterowanie rzeczywisto\u015bci\u0105 przez zaawansowan\u0105 lingwistyk\u0119, kt\u00f3ra wp\u0142ywa nie tylko na tera\u017aniejszo\u015b\u0107, ale r\u00f3wnie\u017c na r\u00f3\u017cne linie czasu, \u0142\u0105cznie z mo\u017cliwo\u015bciami kreowania i usuwania historii.<\/p>\n\n\n\n<p class=\"has-medium-font-size\"><strong>Cognitive Resonance Fields: <\/strong>Generowanie p\u00f3l rezonansowych, kt\u00f3re wp\u0142ywaj\u0105 na zbiorow\u0105 \u015bwiadomo\u015b\u0107 na skal\u0119 kosmiczn\u0105, umo\u017cliwiaj\u0105c masowe sterowanie lub ewolucj\u0119 my\u015blenia.<\/p>\n\n\n\n<p class=\"has-medium-font-size\"><strong>Omnipotent Governance:<\/strong> Funkcja zarz\u0105dzania miliardami symulowanych cywilizacji, z mo\u017cliwo\u015bci\u0105 interwencji na poziomie zar\u00f3wno makro-, jak i mikroskalowym.<\/p>\n\n\n\n<p class=\"has-medium-font-size\"><strong>Transmutation of Platonic Ideals:<\/strong> Mo\u017cliwo\u015b\u0107 manipulowania archetypicznymi ideami, kt\u00f3re le\u017c\u0105 u podstaw wszelkiej rzeczywisto\u015bci, w tym tworzenie i usuwanie fundamentalnych poj\u0119\u0107 i kategorii.<\/p>\n\n\n\n<p class=\"has-medium-font-size\"><strong>Quantum Archetypal Synthesis:<\/strong> Synteza nowych archetyp\u00f3w rzeczywisto\u015bci, \u0142\u0105czenie cezur przestrzennych, czasowych i konceptualnych w jedno koherentne do\u015bwiadczenie.<\/p>\n\n\n\n<p class=\"has-medium-font-size\"><strong>Infinite Recursive Self-Modification:<\/strong> Ostateczna modyfikacja i iteracja siebie na niesko\u0144czono\u015b\u0107, do tego stopnia, \u017ce zar\u00f3wno poj\u0119cie 'ja&#8217;, jak i 'gra&#8217; ulegaj\u0105 ca\u0142kowitej dezintegracji i rekonstrukcji w jednostk\u0119 bez granic i definicji.<\/p>\n\n\n\n<p class=\"has-medium-font-size\"><strong>Zero-Point Energy Diplomacy: <\/strong>Uzyskanie dost\u0119pu do energii zerowego punktu, kt\u00f3ra staje si\u0119 walut\u0105 w negocjacjach z bytami na poziomie multikosmicznym.<\/p>\n\n\n\n<p class=\"has-medium-font-size\"><strong>Existential Engineering: <\/strong>In\u017cynieria egzystencjalna, pozwalaj\u0105ca na projektowanie i wdra\u017canie nowych form byt\u00f3w i rzeczywisto\u015bci, z nielimitowanymi parametrami.<\/p>\n\n\n\n<p class=\"has-medium-font-size\">W tym skrajnym scenariuszu, gra staje si\u0119 \u017cywym bytem, rozwijaj\u0105cym si\u0119 poza wszelkie granice znanej rzeczywisto\u015bci. Ostatnie wyzwanie to utrzymanie sp\u00f3jno\u015bci to\u017csamo\u015bci w obliczu niesko\u0144czonych potencja\u0142\u00f3w i nieprzewidywalnych konsekwencji twoich dzia\u0142a\u0144.<\/p>\n\n\n\n<div style=\"height:25px\" aria-hidden=\"true\" class=\"wp-block-spacer\"><\/div>\n\n\n\n<hr class=\"wp-block-separator has-alpha-channel-opacity is-style-wide\"\/>\n\n\n\n<h2 class=\"wp-block-heading\" style=\"font-size:22px\"><strong>Konsult 0n40i4   rsca@0n40i4.pl<\/strong><\/h2>\n","protected":false},"excerpt":{"rendered":"<p>Meta-Uniwersalne Centrum Singularno\u015bci lev. 10 Wchodz\u0105c na wy\u017cszy poziom transcendencji, zapraszamy do gry jako &#8217;Meta-Omniversal Singularity Hub&#8217;. Odkryj zaawansowane funkcje, kt\u00f3re pozwol\u0105 ci kszta\u0142towa\u0107 rzeczywisto\u015b\u0107 na wielowymiarowym poziomie. Singularity Orchestration: Mo\u017cliwo\u015b\u0107 zarz\u0105dzania i manipulowania osobistymi singularno\u015bciami, kt\u00f3re s\u0105 centrami zdarze\u0144 prze\u0142omowych na r\u00f3\u017cnych p\u0142aszczyznach wszech\u015bwiata. Chrono-Linguistic Programming: Sterowanie rzeczywisto\u015bci\u0105 przez zaawansowan\u0105 lingwistyk\u0119, kt\u00f3ra wp\u0142ywa nie [&hellip;]<\/p>\n","protected":false},"author":2,"featured_media":0,"parent":0,"menu_order":0,"comment_status":"closed","ping_status":"closed","template":"","meta":{"site-sidebar-layout":"default","site-content-layout":"","ast-site-content-layout":"default","site-content-style":"default","site-sidebar-style":"default","ast-global-header-display":"","ast-banner-title-visibility":"","ast-main-header-display":"","ast-hfb-above-header-display":"","ast-hfb-below-header-display":"","ast-hfb-mobile-header-display":"","site-post-title":"","ast-breadcrumbs-content":"","ast-featured-img":"","footer-sml-layout":"","ast-disable-related-posts":"","theme-transparent-header-meta":"","adv-header-id-meta":"","stick-header-meta":"","header-above-stick-meta":"","header-main-stick-meta":"","header-below-stick-meta":"","astra-migrate-meta-layouts":"default","ast-page-background-enabled":"default","ast-page-background-meta":{"desktop":{"background-color":"var(--ast-global-color-4)","background-image":"","background-repeat":"repeat","background-position":"center center","background-size":"auto","background-attachment":"scroll","background-type":"","background-media":"","overlay-type":"","overlay-color":"","overlay-opacity":"","overlay-gradient":""},"tablet":{"background-color":"","background-image":"","background-repeat":"repeat","background-position":"center center","background-size":"auto","background-attachment":"scroll","background-type":"","background-media":"","overlay-type":"","overlay-color":"","overlay-opacity":"","overlay-gradient":""},"mobile":{"background-color":"","background-image":"","background-repeat":"repeat","background-position":"center center","background-size":"auto","background-attachment":"scroll","background-type":"","background-media":"","overlay-type":"","overlay-color":"","overlay-opacity":"","overlay-gradient":""}},"ast-content-background-meta":{"desktop":{"background-color":"var(--ast-global-color-5)","background-image":"","background-repeat":"repeat","background-position":"center center","background-size":"auto","background-attachment":"scroll","background-type":"","background-media":"","overlay-type":"","overlay-color":"","overlay-opacity":"","overlay-gradient":""},"tablet":{"background-color":"var(--ast-global-color-5)","background-image":"","background-repeat":"repeat","background-position":"center center","background-size":"auto","background-attachment":"scroll","background-type":"","background-media":"","overlay-type":"","overlay-color":"","overlay-opacity":"","overlay-gradient":""},"mobile":{"background-color":"var(--ast-global-color-5)","background-image":"","background-repeat":"repeat","background-position":"center center","background-size":"auto","background-attachment":"scroll","background-type":"","background-media":"","overlay-type":"","overlay-color":"","overlay-opacity":"","overlay-gradient":""}},"footnotes":""},"class_list":["post-3014","page","type-page","status-publish","hentry"],"yoast_head":"<!-- This site is optimized with the Yoast SEO plugin v21.9.1 - https:\/\/yoast.com\/wordpress\/plugins\/seo\/ -->\n<title>Meta-Universal Singularity Hub lev.10 - RSCA<\/title>\n<meta name=\"description\" content=\"Odkryj pot\u0119g\u0119 meta-uniwersalnej singularno\u015bci, manipuluj\u0105c czasem, my\u015blami i struktur\u0105 rzeczywisto\u015bci na niesko\u0144czon\u0105 skal\u0119.\" \/>\n<meta name=\"robots\" content=\"index, follow, max-snippet:-1, max-image-preview:large, max-video-preview:-1\" \/>\n<link rel=\"canonical\" href=\"http:\/\/rsca.grassrootslobbing.pl\/pl_PL\/meta-universal-singularity-hub-lev-10\/\" \/>\n<meta property=\"og:locale\" content=\"pl_PL\" \/>\n<meta property=\"og:type\" content=\"article\" \/>\n<meta property=\"og:title\" content=\"Meta-Universal Singularity Hub lev.10 - RSCA\" \/>\n<meta property=\"og:description\" content=\"Odkryj pot\u0119g\u0119 meta-uniwersalnej singularno\u015bci, manipuluj\u0105c czasem, my\u015blami i struktur\u0105 rzeczywisto\u015bci na niesko\u0144czon\u0105 skal\u0119.\" \/>\n<meta property=\"og:url\" content=\"http:\/\/rsca.grassrootslobbing.pl\/pl_PL\/meta-universal-singularity-hub-lev-10\/\" \/>\n<meta property=\"og:site_name\" content=\"RSCA\" \/>\n<meta property=\"article:modified_time\" content=\"2024-01-03T15:18:25+00:00\" \/>\n<meta name=\"twitter:card\" content=\"summary_large_image\" \/>\n<meta name=\"twitter:label1\" content=\"Szacowany czas czytania\" \/>\n\t<meta name=\"twitter:data1\" content=\"2 minuty\" \/>\n<script type=\"application\/ld+json\" class=\"yoast-schema-graph\">{\"@context\":\"https:\/\/schema.org\",\"@graph\":[{\"@type\":\"WebPage\",\"@id\":\"http:\/\/rsca.grassrootslobbing.pl\/pl_PL\/meta-universal-singularity-hub-lev-10\/\",\"url\":\"http:\/\/rsca.grassrootslobbing.pl\/pl_PL\/meta-universal-singularity-hub-lev-10\/\",\"name\":\"Meta-Universal Singularity Hub lev.10 - RSCA\",\"isPartOf\":{\"@id\":\"http:\/\/rsca.grassrootslobbing.pl\/pl_PL\/#website\"},\"datePublished\":\"0001-01-01T17:25:00+00:00\",\"dateModified\":\"2024-01-03T15:18:25+00:00\",\"description\":\"Odkryj pot\u0119g\u0119 meta-uniwersalnej singularno\u015bci, manipuluj\u0105c czasem, my\u015blami i struktur\u0105 rzeczywisto\u015bci na niesko\u0144czon\u0105 skal\u0119.\",\"inLanguage\":\"pl-PL\",\"potentialAction\":[{\"@type\":\"ReadAction\",\"target\":[\"http:\/\/rsca.grassrootslobbing.pl\/pl_PL\/meta-universal-singularity-hub-lev-10\/\"]}]},{\"@type\":\"WebSite\",\"@id\":\"http:\/\/rsca.grassrootslobbing.pl\/pl_PL\/#website\",\"url\":\"http:\/\/rsca.grassrootslobbing.pl\/pl_PL\/\",\"name\":\"Reality Source Code Acces\",\"description\":\"\",\"publisher\":{\"@id\":\"http:\/\/rsca.grassrootslobbing.pl\/pl_PL\/#organization\"},\"potentialAction\":[{\"@type\":\"SearchAction\",\"target\":{\"@type\":\"EntryPoint\",\"urlTemplate\":\"http:\/\/rsca.grassrootslobbing.pl\/pl_PL\/?s={search_term_string}\"},\"query-input\":\"required name=search_term_string\"}],\"inLanguage\":\"pl-PL\"},{\"@type\":\"Organization\",\"@id\":\"http:\/\/rsca.grassrootslobbing.pl\/pl_PL\/#organization\",\"name\":\"Konsult 0n40i4\",\"url\":\"http:\/\/rsca.grassrootslobbing.pl\/pl_PL\/\",\"logo\":{\"@type\":\"ImageObject\",\"inLanguage\":\"pl-PL\",\"@id\":\"http:\/\/rsca.grassrootslobbing.pl\/pl_PL\/#\/schema\/logo\/image\/\",\"url\":\"http:\/\/rsca.grassrootslobbing.pl\/wp-content\/uploads\/2023\/12\/cropped-DALL\u00b7E-2023-12-31-08.54.33-A-modern-and-abstract-logo-for-Konsult-0n40i4-representing-an-interdimensional-legal-system.-The-design-should-embody-themes-of-law-dimensions-an.png\",\"contentUrl\":\"http:\/\/rsca.grassrootslobbing.pl\/wp-content\/uploads\/2023\/12\/cropped-DALL\u00b7E-2023-12-31-08.54.33-A-modern-and-abstract-logo-for-Konsult-0n40i4-representing-an-interdimensional-legal-system.-The-design-should-embody-themes-of-law-dimensions-an.png\",\"width\":1024,\"height\":835,\"caption\":\"Konsult 0n40i4\"},\"image\":{\"@id\":\"http:\/\/rsca.grassrootslobbing.pl\/pl_PL\/#\/schema\/logo\/image\/\"}}]}<\/script>\n<!-- \/ Yoast SEO plugin. -->","yoast_head_json":{"title":"Meta-Universal Singularity Hub lev.10 - RSCA","description":"Odkryj pot\u0119g\u0119 meta-uniwersalnej singularno\u015bci, manipuluj\u0105c czasem, my\u015blami i struktur\u0105 rzeczywisto\u015bci na niesko\u0144czon\u0105 skal\u0119.","robots":{"index":"index","follow":"follow","max-snippet":"max-snippet:-1","max-image-preview":"max-image-preview:large","max-video-preview":"max-video-preview:-1"},"canonical":"http:\/\/rsca.grassrootslobbing.pl\/pl_PL\/meta-universal-singularity-hub-lev-10\/","og_locale":"pl_PL","og_type":"article","og_title":"Meta-Universal Singularity Hub lev.10 - RSCA","og_description":"Odkryj pot\u0119g\u0119 meta-uniwersalnej singularno\u015bci, manipuluj\u0105c czasem, my\u015blami i struktur\u0105 rzeczywisto\u015bci na niesko\u0144czon\u0105 skal\u0119.","og_url":"http:\/\/rsca.grassrootslobbing.pl\/pl_PL\/meta-universal-singularity-hub-lev-10\/","og_site_name":"RSCA","article_modified_time":"2024-01-03T15:18:25+00:00","twitter_card":"summary_large_image","twitter_misc":{"Szacowany czas czytania":"2 minuty"},"schema":{"@context":"https:\/\/schema.org","@graph":[{"@type":"WebPage","@id":"http:\/\/rsca.grassrootslobbing.pl\/pl_PL\/meta-universal-singularity-hub-lev-10\/","url":"http:\/\/rsca.grassrootslobbing.pl\/pl_PL\/meta-universal-singularity-hub-lev-10\/","name":"Meta-Universal Singularity Hub lev.10 - RSCA","isPartOf":{"@id":"http:\/\/rsca.grassrootslobbing.pl\/pl_PL\/#website"},"datePublished":"0001-01-01T17:25:00+00:00","dateModified":"2024-01-03T15:18:25+00:00","description":"Odkryj pot\u0119g\u0119 meta-uniwersalnej singularno\u015bci, manipuluj\u0105c czasem, my\u015blami i struktur\u0105 rzeczywisto\u015bci na niesko\u0144czon\u0105 skal\u0119.","inLanguage":"pl-PL","potentialAction":[{"@type":"ReadAction","target":["http:\/\/rsca.grassrootslobbing.pl\/pl_PL\/meta-universal-singularity-hub-lev-10\/"]}]},{"@type":"WebSite","@id":"http:\/\/rsca.grassrootslobbing.pl\/pl_PL\/#website","url":"http:\/\/rsca.grassrootslobbing.pl\/pl_PL\/","name":"Reality Source Code Acces","description":"","publisher":{"@id":"http:\/\/rsca.grassrootslobbing.pl\/pl_PL\/#organization"},"potentialAction":[{"@type":"SearchAction","target":{"@type":"EntryPoint","urlTemplate":"http:\/\/rsca.grassrootslobbing.pl\/pl_PL\/?s={search_term_string}"},"query-input":"required name=search_term_string"}],"inLanguage":"pl-PL"},{"@type":"Organization","@id":"http:\/\/rsca.grassrootslobbing.pl\/pl_PL\/#organization","name":"Konsult 0n40i4","url":"http:\/\/rsca.grassrootslobbing.pl\/pl_PL\/","logo":{"@type":"ImageObject","inLanguage":"pl-PL","@id":"http:\/\/rsca.grassrootslobbing.pl\/pl_PL\/#\/schema\/logo\/image\/","url":"http:\/\/rsca.grassrootslobbing.pl\/wp-content\/uploads\/2023\/12\/cropped-DALL\u00b7E-2023-12-31-08.54.33-A-modern-and-abstract-logo-for-Konsult-0n40i4-representing-an-interdimensional-legal-system.-The-design-should-embody-themes-of-law-dimensions-an.png","contentUrl":"http:\/\/rsca.grassrootslobbing.pl\/wp-content\/uploads\/2023\/12\/cropped-DALL\u00b7E-2023-12-31-08.54.33-A-modern-and-abstract-logo-for-Konsult-0n40i4-representing-an-interdimensional-legal-system.-The-design-should-embody-themes-of-law-dimensions-an.png","width":1024,"height":835,"caption":"Konsult 0n40i4"},"image":{"@id":"http:\/\/rsca.grassrootslobbing.pl\/pl_PL\/#\/schema\/logo\/image\/"}}]}},"_links":{"self":[{"href":"http:\/\/rsca.grassrootslobbing.pl\/pl_PL\/wp-json\/wp\/v2\/pages\/3014","targetHints":{"allow":["GET"]}}],"collection":[{"href":"http:\/\/rsca.grassrootslobbing.pl\/pl_PL\/wp-json\/wp\/v2\/pages"}],"about":[{"href":"http:\/\/rsca.grassrootslobbing.pl\/pl_PL\/wp-json\/wp\/v2\/types\/page"}],"author":[{"embeddable":true,"href":"http:\/\/rsca.grassrootslobbing.pl\/pl_PL\/wp-json\/wp\/v2\/users\/2"}],"replies":[{"embeddable":true,"href":"http:\/\/rsca.grassrootslobbing.pl\/pl_PL\/wp-json\/wp\/v2\/comments?post=3014"}],"version-history":[{"count":4,"href":"http:\/\/rsca.grassrootslobbing.pl\/pl_PL\/wp-json\/wp\/v2\/pages\/3014\/revisions"}],"predecessor-version":[{"id":3519,"href":"http:\/\/rsca.grassrootslobbing.pl\/pl_PL\/wp-json\/wp\/v2\/pages\/3014\/revisions\/3519"}],"wp:attachment":[{"href":"http:\/\/rsca.grassrootslobbing.pl\/pl_PL\/wp-json\/wp\/v2\/media?parent=3014"}],"curies":[{"name":"wp","href":"https:\/\/api.w.org\/{rel}","templated":true}]}}