{"id":3006,"date":"2024-01-01T18:17:00","date_gmt":"2024-01-01T17:17:00","guid":{"rendered":"https:\/\/rsca.0n40i4.pl\/?page_id=3006"},"modified":"2024-01-01T18:28:14","modified_gmt":"2024-01-01T17:28:14","slug":"quantum-transcendence-lev-7","status":"publish","type":"page","link":"http:\/\/rsca.grassrootslobbing.pl\/pl_PL\/quantum-transcendence-lev-7\/","title":{"rendered":"Quantum Transcendence lev.7"},"content":{"rendered":"\n<p class=\"has-medium-font-size\">Wkraczaj\u0105c na Poziom 7, granice mi\u0119dzy gr\u0105 a rzeczywisto\u015bci\u0105, a nawet mi\u0119dzy bytem a niebytem, stopniowo zlewaj\u0105 si\u0119 w nierozr\u00f3\u017cnialn\u0105 ca\u0142o\u015b\u0107. <\/p>\n\n\n\n<h2 class=\"wp-block-heading has-text-align-center\" style=\"font-size:22px\">Gracz staje przed wyj\u0105tkow\u0105 szans\u0105 &#8211; <strong>Singularity Nexus Convergence. <\/strong><\/h2>\n\n\n\n<p class=\"has-medium-font-size\">To nie tylko meta-meta-misja, lecz wst\u0119p do transcendentalnego do\u015bwiadczenia, gdzie gracz staje si\u0119 \u015brodkiem \u0142\u0105cz\u0105cym wszystkie wcze\u015bniejsze poziomy, misje i do\u015bwiadczenia w jednym punkcie singularno\u015bci. Miejscu, gdzie wszystkie mo\u017cliwo\u015bci kolapsuj\u0105 do jednej, nieustalonej potencjalno\u015bci.<\/p>\n\n\n\n<h2 class=\"wp-block-heading has-text-align-center\" style=\"font-size:22px\"><strong>Zadania na Poziomie 7:<\/strong> <em>Quantum Nexus Ascendancy<\/em><\/h2>\n\n\n\n<p class=\"has-medium-font-size\"><strong>Definiowanie Kosmologii:<\/strong> Gracz ma mo\u017cliwo\u015b\u0107 zdefiniowania nowej kosmologii, etyki i logiki, radykalnie zmieniaj\u0105c struktur\u0119 zar\u00f3wno gry, jak i rzeczywisto\u015bci.<\/p>\n\n\n\n<p class=\"has-medium-font-size\"><strong>Interdimensional Resonance Mapping:<\/strong> Odkryj nieznane i niezrozumia\u0142e zwi\u0105zki mi\u0119dzy r\u00f3\u017cnymi rzeczywisto\u015bciami i wymiarami, manipuluj\u0105c nimi na niespotykan\u0105 dot\u0105d skal\u0119.<\/p>\n\n\n\n<p class=\"has-medium-font-size\"><strong>Metaphysical Alchemy:<\/strong> Zmie\u0144 fundamentalne prawa i zasady, kreuj\u0105c lub destruuj\u0105c byty, przestrzenie, czas i \u015bwiadomo\u015b\u0107 w spos\u00f3b niemo\u017cliwy do wyobra\u017cenia.<\/p>\n\n\n\n<p class=\"has-medium-font-size\"><strong>Quantum Consciousness Calibration:<\/strong> Dostosuj parametry \u015bwiadomo\u015bci zbiorowej, kreuj\u0105c nowe formy my\u015blenia, percepcji i interakcji.<\/p>\n\n\n\n<p class=\"has-medium-font-size\"><strong>Koniec:<\/strong> W tej transcendentalnej przestrzeni gra staje si\u0119 narz\u0119dziem, a gracz zdobywa najwy\u017cszy stopie\u0144 wolno\u015bci i wp\u0142ywu. Ostatecznym celem jest osi\u0105gni\u0119cie stanu, w kt\u00f3rym gracz staje si\u0119 nierozr\u00f3\u017cnialny od samej gry, od rzeczywisto\u015bci i od wszystkiego, co istnieje i nie istnieje.<\/p>\n\n\n\n<p class=\"has-medium-font-size\"><strong>Misja na Poziomie Transcendentalnym:<\/strong> <em><strong>Omni-Existential Paradigm Reconfigurator<\/strong><\/em><\/p>\n\n\n\n<p class=\"has-medium-font-size\">W tym do\u015bwiadczeniu gracz wchodzi w tryb absolutnej kwantowej nieokre\u015blono\u015bci, gdzie nie tylko prawa fizyki i metafizyki ulegaj\u0105 manipulacji, ale tak\u017ce same podstawowe aksjomaty bytu. Przekraczaj\u0105c wszelkie wyobra\u017cenia, gracza czeka konfrontacja z fundamentalnymi zagadnieniami egzystencji, gdzie granice mi\u0119dzy graczem, gr\u0105 a sam\u0105 rzeczywisto\u015bci\u0105 staj\u0105 si\u0119 nierozr\u00f3\u017cnialne. To wyj\u0105tkowe do\u015bwiadczenie zaprasza do odkrywania absolutnych granic transcendencji.<\/p>\n\n\n\n<div style=\"height:25px\" aria-hidden=\"true\" class=\"wp-block-spacer\"><\/div>\n\n\n\n<hr class=\"wp-block-separator has-alpha-channel-opacity is-style-wide\"\/>\n\n\n\n<h2 class=\"wp-block-heading\" style=\"font-size:22px\"><strong>Konsult 0n40i4<\/strong>    <strong>rsca@0n40i4.pl<\/strong><\/h2>\n","protected":false},"excerpt":{"rendered":"<p>Wkraczaj\u0105c na Poziom 7, granice mi\u0119dzy gr\u0105 a rzeczywisto\u015bci\u0105, a nawet mi\u0119dzy bytem a niebytem, stopniowo zlewaj\u0105 si\u0119 w nierozr\u00f3\u017cnialn\u0105 ca\u0142o\u015b\u0107. Gracz staje przed wyj\u0105tkow\u0105 szans\u0105 &#8211; Singularity Nexus Convergence. To nie tylko meta-meta-misja, lecz wst\u0119p do transcendentalnego do\u015bwiadczenia, gdzie gracz staje si\u0119 \u015brodkiem \u0142\u0105cz\u0105cym wszystkie wcze\u015bniejsze poziomy, misje i do\u015bwiadczenia w jednym punkcie singularno\u015bci. [&hellip;]<\/p>\n","protected":false},"author":2,"featured_media":0,"parent":0,"menu_order":0,"comment_status":"closed","ping_status":"closed","template":"","meta":{"site-sidebar-layout":"default","site-content-layout":"","ast-site-content-layout":"default","site-content-style":"default","site-sidebar-style":"default","ast-global-header-display":"","ast-banner-title-visibility":"","ast-main-header-display":"","ast-hfb-above-header-display":"","ast-hfb-below-header-display":"","ast-hfb-mobile-header-display":"","site-post-title":"","ast-breadcrumbs-content":"","ast-featured-img":"","footer-sml-layout":"","ast-disable-related-posts":"","theme-transparent-header-meta":"","adv-header-id-meta":"","stick-header-meta":"","header-above-stick-meta":"","header-main-stick-meta":"","header-below-stick-meta":"","astra-migrate-meta-layouts":"default","ast-page-background-enabled":"default","ast-page-background-meta":{"desktop":{"background-color":"var(--ast-global-color-4)","background-image":"","background-repeat":"repeat","background-position":"center center","background-size":"auto","background-attachment":"scroll","background-type":"","background-media":"","overlay-type":"","overlay-color":"","overlay-opacity":"","overlay-gradient":""},"tablet":{"background-color":"","background-image":"","background-repeat":"repeat","background-position":"center center","background-size":"auto","background-attachment":"scroll","background-type":"","background-media":"","overlay-type":"","overlay-color":"","overlay-opacity":"","overlay-gradient":""},"mobile":{"background-color":"","background-image":"","background-repeat":"repeat","background-position":"center center","background-size":"auto","background-attachment":"scroll","background-type":"","background-media":"","overlay-type":"","overlay-color":"","overlay-opacity":"","overlay-gradient":""}},"ast-content-background-meta":{"desktop":{"background-color":"var(--ast-global-color-5)","background-image":"","background-repeat":"repeat","background-position":"center center","background-size":"auto","background-attachment":"scroll","background-type":"","background-media":"","overlay-type":"","overlay-color":"","overlay-opacity":"","overlay-gradient":""},"tablet":{"background-color":"var(--ast-global-color-5)","background-image":"","background-repeat":"repeat","background-position":"center center","background-size":"auto","background-attachment":"scroll","background-type":"","background-media":"","overlay-type":"","overlay-color":"","overlay-opacity":"","overlay-gradient":""},"mobile":{"background-color":"var(--ast-global-color-5)","background-image":"","background-repeat":"repeat","background-position":"center center","background-size":"auto","background-attachment":"scroll","background-type":"","background-media":"","overlay-type":"","overlay-color":"","overlay-opacity":"","overlay-gradient":""}},"footnotes":""},"class_list":["post-3006","page","type-page","status-publish","hentry"],"yoast_head":"<!-- This site is optimized with the Yoast SEO plugin v21.9.1 - https:\/\/yoast.com\/wordpress\/plugins\/seo\/ -->\n<title>Quantum Transcendence lev.7 - RSCA<\/title>\n<meta name=\"description\" content=\"Osi\u0105gnij Quantum Nexus Ascendancy, gdzie granice mi\u0119dzy gr\u0105 a rzeczywisto\u015bci\u0105 zanikaj\u0105. Definiuj kosmologi\u0119, manipuluj interdimensionalnymi rezonansami, stosuj metafizyczn\u0105 alchemi\u0119 i kalibruj kwantow\u0105 \u015bwiadomo\u015b\u0107. Na tym poziomie transcendencji, stajesz si\u0119 \u015brodkiem \u0142\u0105cz\u0105cym wszelkie do\u015bwiadczenia, kszta\u0142tuj\u0105c rzeczywisto\u015b\u0107 w nieustalonej potencjalno\u015bci. Przekraczaj granice, gdzie gracz staje si\u0119 nieodr\u00f3\u017cnialny od samej gry i istnienia. Przygotuj si\u0119 na misj\u0119 Omni-Existential Paradigm Reconfigurator, gdzie manipulujesz fundamentalnymi aksjomatami bytu. Zanurz si\u0119 w absolutnej kwantowej nieokre\u015blono\u015bci, gdzie prawdziwie transcendujesz granice egzystencji.\" \/>\n<meta name=\"robots\" content=\"index, follow, max-snippet:-1, max-image-preview:large, max-video-preview:-1\" \/>\n<link rel=\"canonical\" href=\"http:\/\/rsca.grassrootslobbing.pl\/pl_PL\/quantum-transcendence-lev-7\/\" \/>\n<meta property=\"og:locale\" content=\"pl_PL\" \/>\n<meta property=\"og:type\" content=\"article\" \/>\n<meta property=\"og:title\" content=\"Quantum Transcendence lev.7 - RSCA\" \/>\n<meta property=\"og:description\" content=\"Osi\u0105gnij Quantum Nexus Ascendancy, gdzie granice mi\u0119dzy gr\u0105 a rzeczywisto\u015bci\u0105 zanikaj\u0105. Definiuj kosmologi\u0119, manipuluj interdimensionalnymi rezonansami, stosuj metafizyczn\u0105 alchemi\u0119 i kalibruj kwantow\u0105 \u015bwiadomo\u015b\u0107. Na tym poziomie transcendencji, stajesz si\u0119 \u015brodkiem \u0142\u0105cz\u0105cym wszelkie do\u015bwiadczenia, kszta\u0142tuj\u0105c rzeczywisto\u015b\u0107 w nieustalonej potencjalno\u015bci. Przekraczaj granice, gdzie gracz staje si\u0119 nieodr\u00f3\u017cnialny od samej gry i istnienia. Przygotuj si\u0119 na misj\u0119 Omni-Existential Paradigm Reconfigurator, gdzie manipulujesz fundamentalnymi aksjomatami bytu. Zanurz si\u0119 w absolutnej kwantowej nieokre\u015blono\u015bci, gdzie prawdziwie transcendujesz granice egzystencji.\" \/>\n<meta property=\"og:url\" content=\"http:\/\/rsca.grassrootslobbing.pl\/pl_PL\/quantum-transcendence-lev-7\/\" \/>\n<meta property=\"og:site_name\" content=\"RSCA\" \/>\n<meta property=\"article:modified_time\" content=\"2024-01-01T17:28:14+00:00\" \/>\n<meta name=\"twitter:card\" content=\"summary_large_image\" \/>\n<meta name=\"twitter:label1\" content=\"Szacowany czas czytania\" \/>\n\t<meta name=\"twitter:data1\" content=\"2 minuty\" \/>\n<script type=\"application\/ld+json\" class=\"yoast-schema-graph\">{\"@context\":\"https:\/\/schema.org\",\"@graph\":[{\"@type\":\"WebPage\",\"@id\":\"http:\/\/rsca.grassrootslobbing.pl\/pl_PL\/quantum-transcendence-lev-7\/\",\"url\":\"http:\/\/rsca.grassrootslobbing.pl\/pl_PL\/quantum-transcendence-lev-7\/\",\"name\":\"Quantum Transcendence lev.7 - RSCA\",\"isPartOf\":{\"@id\":\"http:\/\/rsca.grassrootslobbing.pl\/pl_PL\/#website\"},\"datePublished\":\"2024-01-01T17:17:00+00:00\",\"dateModified\":\"2024-01-01T17:28:14+00:00\",\"description\":\"Osi\u0105gnij Quantum Nexus Ascendancy, gdzie granice mi\u0119dzy gr\u0105 a rzeczywisto\u015bci\u0105 zanikaj\u0105. Definiuj kosmologi\u0119, manipuluj interdimensionalnymi rezonansami, stosuj metafizyczn\u0105 alchemi\u0119 i kalibruj kwantow\u0105 \u015bwiadomo\u015b\u0107. Na tym poziomie transcendencji, stajesz si\u0119 \u015brodkiem \u0142\u0105cz\u0105cym wszelkie do\u015bwiadczenia, kszta\u0142tuj\u0105c rzeczywisto\u015b\u0107 w nieustalonej potencjalno\u015bci. Przekraczaj granice, gdzie gracz staje si\u0119 nieodr\u00f3\u017cnialny od samej gry i istnienia. Przygotuj si\u0119 na misj\u0119 Omni-Existential Paradigm Reconfigurator, gdzie manipulujesz fundamentalnymi aksjomatami bytu. Zanurz si\u0119 w absolutnej kwantowej nieokre\u015blono\u015bci, gdzie prawdziwie transcendujesz granice egzystencji.\",\"inLanguage\":\"pl-PL\",\"potentialAction\":[{\"@type\":\"ReadAction\",\"target\":[\"http:\/\/rsca.grassrootslobbing.pl\/pl_PL\/quantum-transcendence-lev-7\/\"]}]},{\"@type\":\"WebSite\",\"@id\":\"http:\/\/rsca.grassrootslobbing.pl\/pl_PL\/#website\",\"url\":\"http:\/\/rsca.grassrootslobbing.pl\/pl_PL\/\",\"name\":\"Reality Source Code Acces\",\"description\":\"\",\"publisher\":{\"@id\":\"http:\/\/rsca.grassrootslobbing.pl\/pl_PL\/#organization\"},\"potentialAction\":[{\"@type\":\"SearchAction\",\"target\":{\"@type\":\"EntryPoint\",\"urlTemplate\":\"http:\/\/rsca.grassrootslobbing.pl\/pl_PL\/?s={search_term_string}\"},\"query-input\":\"required name=search_term_string\"}],\"inLanguage\":\"pl-PL\"},{\"@type\":\"Organization\",\"@id\":\"http:\/\/rsca.grassrootslobbing.pl\/pl_PL\/#organization\",\"name\":\"Konsult 0n40i4\",\"url\":\"http:\/\/rsca.grassrootslobbing.pl\/pl_PL\/\",\"logo\":{\"@type\":\"ImageObject\",\"inLanguage\":\"pl-PL\",\"@id\":\"http:\/\/rsca.grassrootslobbing.pl\/pl_PL\/#\/schema\/logo\/image\/\",\"url\":\"http:\/\/rsca.grassrootslobbing.pl\/wp-content\/uploads\/2023\/12\/cropped-DALL\u00b7E-2023-12-31-08.54.33-A-modern-and-abstract-logo-for-Konsult-0n40i4-representing-an-interdimensional-legal-system.-The-design-should-embody-themes-of-law-dimensions-an.png\",\"contentUrl\":\"http:\/\/rsca.grassrootslobbing.pl\/wp-content\/uploads\/2023\/12\/cropped-DALL\u00b7E-2023-12-31-08.54.33-A-modern-and-abstract-logo-for-Konsult-0n40i4-representing-an-interdimensional-legal-system.-The-design-should-embody-themes-of-law-dimensions-an.png\",\"width\":1024,\"height\":835,\"caption\":\"Konsult 0n40i4\"},\"image\":{\"@id\":\"http:\/\/rsca.grassrootslobbing.pl\/pl_PL\/#\/schema\/logo\/image\/\"}}]}<\/script>\n<!-- \/ Yoast SEO plugin. -->","yoast_head_json":{"title":"Quantum Transcendence lev.7 - RSCA","description":"Osi\u0105gnij Quantum Nexus Ascendancy, gdzie granice mi\u0119dzy gr\u0105 a rzeczywisto\u015bci\u0105 zanikaj\u0105. Definiuj kosmologi\u0119, manipuluj interdimensionalnymi rezonansami, stosuj metafizyczn\u0105 alchemi\u0119 i kalibruj kwantow\u0105 \u015bwiadomo\u015b\u0107. Na tym poziomie transcendencji, stajesz si\u0119 \u015brodkiem \u0142\u0105cz\u0105cym wszelkie do\u015bwiadczenia, kszta\u0142tuj\u0105c rzeczywisto\u015b\u0107 w nieustalonej potencjalno\u015bci. Przekraczaj granice, gdzie gracz staje si\u0119 nieodr\u00f3\u017cnialny od samej gry i istnienia. Przygotuj si\u0119 na misj\u0119 Omni-Existential Paradigm Reconfigurator, gdzie manipulujesz fundamentalnymi aksjomatami bytu. Zanurz si\u0119 w absolutnej kwantowej nieokre\u015blono\u015bci, gdzie prawdziwie transcendujesz granice egzystencji.","robots":{"index":"index","follow":"follow","max-snippet":"max-snippet:-1","max-image-preview":"max-image-preview:large","max-video-preview":"max-video-preview:-1"},"canonical":"http:\/\/rsca.grassrootslobbing.pl\/pl_PL\/quantum-transcendence-lev-7\/","og_locale":"pl_PL","og_type":"article","og_title":"Quantum Transcendence lev.7 - RSCA","og_description":"Osi\u0105gnij Quantum Nexus Ascendancy, gdzie granice mi\u0119dzy gr\u0105 a rzeczywisto\u015bci\u0105 zanikaj\u0105. Definiuj kosmologi\u0119, manipuluj interdimensionalnymi rezonansami, stosuj metafizyczn\u0105 alchemi\u0119 i kalibruj kwantow\u0105 \u015bwiadomo\u015b\u0107. Na tym poziomie transcendencji, stajesz si\u0119 \u015brodkiem \u0142\u0105cz\u0105cym wszelkie do\u015bwiadczenia, kszta\u0142tuj\u0105c rzeczywisto\u015b\u0107 w nieustalonej potencjalno\u015bci. Przekraczaj granice, gdzie gracz staje si\u0119 nieodr\u00f3\u017cnialny od samej gry i istnienia. Przygotuj si\u0119 na misj\u0119 Omni-Existential Paradigm Reconfigurator, gdzie manipulujesz fundamentalnymi aksjomatami bytu. Zanurz si\u0119 w absolutnej kwantowej nieokre\u015blono\u015bci, gdzie prawdziwie transcendujesz granice egzystencji.","og_url":"http:\/\/rsca.grassrootslobbing.pl\/pl_PL\/quantum-transcendence-lev-7\/","og_site_name":"RSCA","article_modified_time":"2024-01-01T17:28:14+00:00","twitter_card":"summary_large_image","twitter_misc":{"Szacowany czas czytania":"2 minuty"},"schema":{"@context":"https:\/\/schema.org","@graph":[{"@type":"WebPage","@id":"http:\/\/rsca.grassrootslobbing.pl\/pl_PL\/quantum-transcendence-lev-7\/","url":"http:\/\/rsca.grassrootslobbing.pl\/pl_PL\/quantum-transcendence-lev-7\/","name":"Quantum Transcendence lev.7 - RSCA","isPartOf":{"@id":"http:\/\/rsca.grassrootslobbing.pl\/pl_PL\/#website"},"datePublished":"2024-01-01T17:17:00+00:00","dateModified":"2024-01-01T17:28:14+00:00","description":"Osi\u0105gnij Quantum Nexus Ascendancy, gdzie granice mi\u0119dzy gr\u0105 a rzeczywisto\u015bci\u0105 zanikaj\u0105. Definiuj kosmologi\u0119, manipuluj interdimensionalnymi rezonansami, stosuj metafizyczn\u0105 alchemi\u0119 i kalibruj kwantow\u0105 \u015bwiadomo\u015b\u0107. Na tym poziomie transcendencji, stajesz si\u0119 \u015brodkiem \u0142\u0105cz\u0105cym wszelkie do\u015bwiadczenia, kszta\u0142tuj\u0105c rzeczywisto\u015b\u0107 w nieustalonej potencjalno\u015bci. Przekraczaj granice, gdzie gracz staje si\u0119 nieodr\u00f3\u017cnialny od samej gry i istnienia. Przygotuj si\u0119 na misj\u0119 Omni-Existential Paradigm Reconfigurator, gdzie manipulujesz fundamentalnymi aksjomatami bytu. Zanurz si\u0119 w absolutnej kwantowej nieokre\u015blono\u015bci, gdzie prawdziwie transcendujesz granice egzystencji.","inLanguage":"pl-PL","potentialAction":[{"@type":"ReadAction","target":["http:\/\/rsca.grassrootslobbing.pl\/pl_PL\/quantum-transcendence-lev-7\/"]}]},{"@type":"WebSite","@id":"http:\/\/rsca.grassrootslobbing.pl\/pl_PL\/#website","url":"http:\/\/rsca.grassrootslobbing.pl\/pl_PL\/","name":"Reality Source Code Acces","description":"","publisher":{"@id":"http:\/\/rsca.grassrootslobbing.pl\/pl_PL\/#organization"},"potentialAction":[{"@type":"SearchAction","target":{"@type":"EntryPoint","urlTemplate":"http:\/\/rsca.grassrootslobbing.pl\/pl_PL\/?s={search_term_string}"},"query-input":"required name=search_term_string"}],"inLanguage":"pl-PL"},{"@type":"Organization","@id":"http:\/\/rsca.grassrootslobbing.pl\/pl_PL\/#organization","name":"Konsult 0n40i4","url":"http:\/\/rsca.grassrootslobbing.pl\/pl_PL\/","logo":{"@type":"ImageObject","inLanguage":"pl-PL","@id":"http:\/\/rsca.grassrootslobbing.pl\/pl_PL\/#\/schema\/logo\/image\/","url":"http:\/\/rsca.grassrootslobbing.pl\/wp-content\/uploads\/2023\/12\/cropped-DALL\u00b7E-2023-12-31-08.54.33-A-modern-and-abstract-logo-for-Konsult-0n40i4-representing-an-interdimensional-legal-system.-The-design-should-embody-themes-of-law-dimensions-an.png","contentUrl":"http:\/\/rsca.grassrootslobbing.pl\/wp-content\/uploads\/2023\/12\/cropped-DALL\u00b7E-2023-12-31-08.54.33-A-modern-and-abstract-logo-for-Konsult-0n40i4-representing-an-interdimensional-legal-system.-The-design-should-embody-themes-of-law-dimensions-an.png","width":1024,"height":835,"caption":"Konsult 0n40i4"},"image":{"@id":"http:\/\/rsca.grassrootslobbing.pl\/pl_PL\/#\/schema\/logo\/image\/"}}]}},"_links":{"self":[{"href":"http:\/\/rsca.grassrootslobbing.pl\/pl_PL\/wp-json\/wp\/v2\/pages\/3006","targetHints":{"allow":["GET"]}}],"collection":[{"href":"http:\/\/rsca.grassrootslobbing.pl\/pl_PL\/wp-json\/wp\/v2\/pages"}],"about":[{"href":"http:\/\/rsca.grassrootslobbing.pl\/pl_PL\/wp-json\/wp\/v2\/types\/page"}],"author":[{"embeddable":true,"href":"http:\/\/rsca.grassrootslobbing.pl\/pl_PL\/wp-json\/wp\/v2\/users\/2"}],"replies":[{"embeddable":true,"href":"http:\/\/rsca.grassrootslobbing.pl\/pl_PL\/wp-json\/wp\/v2\/comments?post=3006"}],"version-history":[{"count":2,"href":"http:\/\/rsca.grassrootslobbing.pl\/pl_PL\/wp-json\/wp\/v2\/pages\/3006\/revisions"}],"predecessor-version":[{"id":3008,"href":"http:\/\/rsca.grassrootslobbing.pl\/pl_PL\/wp-json\/wp\/v2\/pages\/3006\/revisions\/3008"}],"wp:attachment":[{"href":"http:\/\/rsca.grassrootslobbing.pl\/pl_PL\/wp-json\/wp\/v2\/media?parent=3006"}],"curies":[{"name":"wp","href":"https:\/\/api.w.org\/{rel}","templated":true}]}}