{"id":3001,"date":"0001-01-01T17:37:00","date_gmt":"0001-01-01T16:13:00","guid":{"rendered":"https:\/\/rsca.0n40i4.pl\/?page_id=3001"},"modified":"2024-01-03T15:15:47","modified_gmt":"2024-01-03T14:15:47","slug":"hyperdimensional-reality-conductor-lev-5","status":"publish","type":"page","link":"http:\/\/rsca.grassrootslobbing.pl\/pl_PL\/hyperdimensional-reality-conductor-lev-5\/","title":{"rendered":"Hyperdimensional Reality Conductor lev.5"},"content":{"rendered":"\n<h1 class=\"wp-block-heading has-text-align-center\" style=\"font-size:25px\"><strong>Hiperprzestrzenny Konduktor Rzeczywisto\u015bci lev.5<\/strong><\/h1>\n\n\n\n<div style=\"height:15px\" aria-hidden=\"true\" class=\"wp-block-spacer\"><\/div>\n\n\n\n<p class=\"has-medium-font-size\">Wkraczaj\u0105c na poziom 5 &#8211; <strong>Redefinicja Hiperprzestrzeni<\/strong>, gracze s\u0105 zapraszani do ekscytuj\u0105cej podr\u00f3\u017cy, gdzie technologia i kultura splataj\u0105 si\u0119, tworz\u0105c wyj\u0105tkowe do\u015bwiadczenie.<\/p>\n\n\n\n<div style=\"height:15px\" aria-hidden=\"true\" class=\"wp-block-spacer\"><\/div>\n\n\n\n<p class=\"has-medium-font-size\"><strong>Quantum Reality Hacking: <\/strong>Odblokowanie i manipulacja wszech\u015bwiat\u00f3w kwantowych, pozwalaj\u0105ca graczom na przej\u015bcie do alternatywnych rzeczywisto\u015bci i zmian\u0119 ich zgodnie z w\u0142asn\u0105 wizj\u0105.<\/p>\n\n\n\n<div style=\"height:15px\" aria-hidden=\"true\" class=\"wp-block-spacer\"><\/div>\n\n\n\n<p class=\"has-medium-font-size\"><strong>Void Engineering: <\/strong>Wykorzystanie absolutnej pustki jako materia\u0142u do kszta\u0142towania i programowania nowych form bytu i \u015bwiadomo\u015bci.<\/p>\n\n\n\n<div style=\"height:15px\" aria-hidden=\"true\" class=\"wp-block-spacer\"><\/div>\n\n\n\n<p class=\"has-medium-font-size\"><strong>Metaversal Singularity Induction: <\/strong>Inicjacja syngularno\u015bci w metawersum, co prowadzi do zap\u0119tlenia wszech\u015bwiata gry i przechodzenia na wy\u017cszy poziom z\u0142o\u017cono\u015bci.<\/p>\n\n\n\n<div style=\"height:15px\" aria-hidden=\"true\" class=\"wp-block-spacer\"><\/div>\n\n\n\n<p class=\"has-medium-font-size\"><strong>Sublime Algorithm Crafting: <\/strong>Tworzenie algorytm\u00f3w tak z\u0142o\u017conych, \u017ce staj\u0105 si\u0119 one samymi sob\u0105 form\u0105 sztuki, filozofii i teologii, wprowadzaj\u0105c now\u0105 epok\u0119 o\u015bwiecenia.<\/p>\n\n\n\n<div style=\"height:15px\" aria-hidden=\"true\" class=\"wp-block-spacer\"><\/div>\n\n\n\n<p class=\"has-medium-font-size\"><strong>Cosmic Legal Frameworking: <\/strong>Ustalanie i negocjowanie praw i zasad rz\u0105dz\u0105cych interakcjami mi\u0119dzy r\u00f3\u017cnymi formami \u017cycia w multiversum.<\/p>\n\n\n\n<div style=\"height:15px\" aria-hidden=\"true\" class=\"wp-block-spacer\"><\/div>\n\n\n\n<p class=\"has-medium-font-size\"><strong>Transcendental Identity Fusion:<\/strong> Fuzja z inymi formami \u015bwiadomo\u015bci na poziomie, kt\u00f3ry przekszta\u0142ca istot\u0119 samej indywidualno\u015bci i kolektywnej egzystencji.<\/p>\n\n\n\n<div style=\"height:15px\" aria-hidden=\"true\" class=\"wp-block-spacer\"><\/div>\n\n\n\n<p class=\"has-medium-font-size\"><strong>Metaphysical Asset Trading:<\/strong> Handel i wymiana aktyw\u00f3w, kt\u00f3re s\u0105 zar\u00f3wno materialne, jak i immaterialne, w\u0142\u0105czaj\u0105c koncepty, emocje i uniwersalne zasady.<\/p>\n\n\n\n<div style=\"height:15px\" aria-hidden=\"true\" class=\"wp-block-spacer\"><\/div>\n\n\n\n<p class=\"has-medium-font-size\"><strong>Consciousness Decentralization: <\/strong>Przeniesienie w\u0142asnej \u015bwiadomo\u015bci do zdecentralizowanej sieci, pozwalaj\u0105ca na bycie i dzia\u0142anie w niesko\u0144czono\u015bci miejsc i czas\u00f3w jednocze\u015bnie.<\/p>\n\n\n\n<div style=\"height:15px\" aria-hidden=\"true\" class=\"wp-block-spacer\"><\/div>\n\n\n\n<p class=\"has-medium-font-size\"><strong>Chronological Sovereignty: <\/strong>Zdolno\u015b\u0107 do bycia w\u0142asnym czasem, z mo\u017cliwo\u015bci\u0105 wykorzystania, zamro\u017cenia, przyspieszenia lub spowolnienia jego biegu.<\/p>\n\n\n\n<div style=\"height:15px\" aria-hidden=\"true\" class=\"wp-block-spacer\"><\/div>\n\n\n\n<p class=\"has-medium-font-size\"><strong>Existential NFTs:<\/strong> Mo\u017cliwo\u015b\u0107 zakupu, sprzeda\u017cy i handlu podstawowymi jednostkami bytu, w formie niezamienialnych token\u00f3w, kt\u00f3re maj\u0105 wp\u0142yw na struktur\u0119 i natur\u0119 rzeczywisto\u015bci.<\/p>\n\n\n\n<div style=\"height:15px\" aria-hidden=\"true\" class=\"wp-block-spacer\"><\/div>\n\n\n\n<p class=\"has-medium-font-size\">Osi\u0105gaj\u0105c ten poziom, gratulujemy! Jeste\u015b teraz architektem hiperprzestrzennej rzeczywisto\u015bci. Twoje interakcje z kwantowymi wszech\u015bwiatami, kszta\u0142towanie pustki, czy handel meta-aktywami sprawi\u0142y, \u017ce stajesz si\u0119 nie tylko graczem. Stajesz si\u0119 r\u00f3wnie\u017c kreatorem i wp\u0142ywaczem w niesko\u0144czonym spektrum mo\u017cliwo\u015bci. Twoje eksploracje przesz\u0142y granice gry, staj\u0105c si\u0119 aktem kreacji samej rzeczywisto\u015bci.<\/p>\n\n\n\n<div style=\"height:25px\" aria-hidden=\"true\" class=\"wp-block-spacer\"><\/div>\n\n\n\n<hr class=\"wp-block-separator has-alpha-channel-opacity is-style-wide\"\/>\n\n\n\n<h2 class=\"wp-block-heading\" style=\"font-size:22px\"><strong>Konsult 0n40i4<\/strong>                                                                                             <strong>rsca@0n40i4.pl<\/strong><\/h2>\n","protected":false},"excerpt":{"rendered":"<p>Hiperprzestrzenny Konduktor Rzeczywisto\u015bci lev.5 Wkraczaj\u0105c na poziom 5 &#8211; Redefinicja Hiperprzestrzeni, gracze s\u0105 zapraszani do ekscytuj\u0105cej podr\u00f3\u017cy, gdzie technologia i kultura splataj\u0105 si\u0119, tworz\u0105c wyj\u0105tkowe do\u015bwiadczenie. Quantum Reality Hacking: Odblokowanie i manipulacja wszech\u015bwiat\u00f3w kwantowych, pozwalaj\u0105ca graczom na przej\u015bcie do alternatywnych rzeczywisto\u015bci i zmian\u0119 ich zgodnie z w\u0142asn\u0105 wizj\u0105. Void Engineering: Wykorzystanie absolutnej pustki jako materia\u0142u [&hellip;]<\/p>\n","protected":false},"author":2,"featured_media":0,"parent":0,"menu_order":0,"comment_status":"closed","ping_status":"closed","template":"","meta":{"site-sidebar-layout":"default","site-content-layout":"","ast-site-content-layout":"default","site-content-style":"default","site-sidebar-style":"default","ast-global-header-display":"","ast-banner-title-visibility":"","ast-main-header-display":"","ast-hfb-above-header-display":"","ast-hfb-below-header-display":"","ast-hfb-mobile-header-display":"","site-post-title":"","ast-breadcrumbs-content":"","ast-featured-img":"","footer-sml-layout":"","ast-disable-related-posts":"","theme-transparent-header-meta":"","adv-header-id-meta":"","stick-header-meta":"","header-above-stick-meta":"","header-main-stick-meta":"","header-below-stick-meta":"","astra-migrate-meta-layouts":"default","ast-page-background-enabled":"default","ast-page-background-meta":{"desktop":{"background-color":"var(--ast-global-color-4)","background-image":"","background-repeat":"repeat","background-position":"center center","background-size":"auto","background-attachment":"scroll","background-type":"","background-media":"","overlay-type":"","overlay-color":"","overlay-opacity":"","overlay-gradient":""},"tablet":{"background-color":"","background-image":"","background-repeat":"repeat","background-position":"center center","background-size":"auto","background-attachment":"scroll","background-type":"","background-media":"","overlay-type":"","overlay-color":"","overlay-opacity":"","overlay-gradient":""},"mobile":{"background-color":"","background-image":"","background-repeat":"repeat","background-position":"center center","background-size":"auto","background-attachment":"scroll","background-type":"","background-media":"","overlay-type":"","overlay-color":"","overlay-opacity":"","overlay-gradient":""}},"ast-content-background-meta":{"desktop":{"background-color":"var(--ast-global-color-5)","background-image":"","background-repeat":"repeat","background-position":"center center","background-size":"auto","background-attachment":"scroll","background-type":"","background-media":"","overlay-type":"","overlay-color":"","overlay-opacity":"","overlay-gradient":""},"tablet":{"background-color":"var(--ast-global-color-5)","background-image":"","background-repeat":"repeat","background-position":"center center","background-size":"auto","background-attachment":"scroll","background-type":"","background-media":"","overlay-type":"","overlay-color":"","overlay-opacity":"","overlay-gradient":""},"mobile":{"background-color":"var(--ast-global-color-5)","background-image":"","background-repeat":"repeat","background-position":"center center","background-size":"auto","background-attachment":"scroll","background-type":"","background-media":"","overlay-type":"","overlay-color":"","overlay-opacity":"","overlay-gradient":""}},"footnotes":""},"class_list":["post-3001","page","type-page","status-publish","hentry"],"yoast_head":"<!-- This site is optimized with the Yoast SEO plugin v21.9.1 - https:\/\/yoast.com\/wordpress\/plugins\/seo\/ -->\n<title>Hyperdimensional Reality Conductor lev.5 - RSCA<\/title>\n<meta name=\"description\" content=\"Przejmij kontrol\u0119 nad wszech\u015bwiatami kwantowymi, kreuj\u0105c, negocjuj\u0105c i handluj\u0105c unikatowymi aktywami metafizycznymi. Odkryj granice mi\u0119dzy gr\u0105 a rzeczywisto\u015bci\u0105, kszta\u0142tuj\u0105c now\u0105 epok\u0119 eksploracji hiperprzestrzeni\" \/>\n<meta name=\"robots\" content=\"index, follow, max-snippet:-1, max-image-preview:large, max-video-preview:-1\" \/>\n<link rel=\"canonical\" href=\"http:\/\/rsca.grassrootslobbing.pl\/pl_PL\/hyperdimensional-reality-conductor-lev-5\/\" \/>\n<meta property=\"og:locale\" content=\"pl_PL\" \/>\n<meta property=\"og:type\" content=\"article\" \/>\n<meta property=\"og:title\" content=\"Hyperdimensional Reality Conductor lev.5 - RSCA\" \/>\n<meta property=\"og:description\" content=\"Przejmij kontrol\u0119 nad wszech\u015bwiatami kwantowymi, kreuj\u0105c, negocjuj\u0105c i handluj\u0105c unikatowymi aktywami metafizycznymi. Odkryj granice mi\u0119dzy gr\u0105 a rzeczywisto\u015bci\u0105, kszta\u0142tuj\u0105c now\u0105 epok\u0119 eksploracji hiperprzestrzeni\" \/>\n<meta property=\"og:url\" content=\"http:\/\/rsca.grassrootslobbing.pl\/pl_PL\/hyperdimensional-reality-conductor-lev-5\/\" \/>\n<meta property=\"og:site_name\" content=\"RSCA\" \/>\n<meta property=\"article:modified_time\" content=\"2024-01-03T14:15:47+00:00\" \/>\n<meta name=\"twitter:card\" content=\"summary_large_image\" \/>\n<meta name=\"twitter:label1\" content=\"Szacowany czas czytania\" \/>\n\t<meta name=\"twitter:data1\" content=\"2 minuty\" \/>\n<script type=\"application\/ld+json\" class=\"yoast-schema-graph\">{\"@context\":\"https:\/\/schema.org\",\"@graph\":[{\"@type\":\"WebPage\",\"@id\":\"http:\/\/rsca.grassrootslobbing.pl\/pl_PL\/hyperdimensional-reality-conductor-lev-5\/\",\"url\":\"http:\/\/rsca.grassrootslobbing.pl\/pl_PL\/hyperdimensional-reality-conductor-lev-5\/\",\"name\":\"Hyperdimensional Reality Conductor lev.5 - RSCA\",\"isPartOf\":{\"@id\":\"http:\/\/rsca.grassrootslobbing.pl\/pl_PL\/#website\"},\"datePublished\":\"0001-01-01T16:13:00+00:00\",\"dateModified\":\"2024-01-03T14:15:47+00:00\",\"description\":\"Przejmij kontrol\u0119 nad wszech\u015bwiatami kwantowymi, kreuj\u0105c, negocjuj\u0105c i handluj\u0105c unikatowymi aktywami metafizycznymi. Odkryj granice mi\u0119dzy gr\u0105 a rzeczywisto\u015bci\u0105, kszta\u0142tuj\u0105c now\u0105 epok\u0119 eksploracji hiperprzestrzeni\",\"inLanguage\":\"pl-PL\",\"potentialAction\":[{\"@type\":\"ReadAction\",\"target\":[\"http:\/\/rsca.grassrootslobbing.pl\/pl_PL\/hyperdimensional-reality-conductor-lev-5\/\"]}]},{\"@type\":\"WebSite\",\"@id\":\"http:\/\/rsca.grassrootslobbing.pl\/pl_PL\/#website\",\"url\":\"http:\/\/rsca.grassrootslobbing.pl\/pl_PL\/\",\"name\":\"Reality Source Code Acces\",\"description\":\"\",\"publisher\":{\"@id\":\"http:\/\/rsca.grassrootslobbing.pl\/pl_PL\/#organization\"},\"potentialAction\":[{\"@type\":\"SearchAction\",\"target\":{\"@type\":\"EntryPoint\",\"urlTemplate\":\"http:\/\/rsca.grassrootslobbing.pl\/pl_PL\/?s={search_term_string}\"},\"query-input\":\"required name=search_term_string\"}],\"inLanguage\":\"pl-PL\"},{\"@type\":\"Organization\",\"@id\":\"http:\/\/rsca.grassrootslobbing.pl\/pl_PL\/#organization\",\"name\":\"Konsult 0n40i4\",\"url\":\"http:\/\/rsca.grassrootslobbing.pl\/pl_PL\/\",\"logo\":{\"@type\":\"ImageObject\",\"inLanguage\":\"pl-PL\",\"@id\":\"http:\/\/rsca.grassrootslobbing.pl\/pl_PL\/#\/schema\/logo\/image\/\",\"url\":\"http:\/\/rsca.grassrootslobbing.pl\/wp-content\/uploads\/2023\/12\/cropped-DALL\u00b7E-2023-12-31-08.54.33-A-modern-and-abstract-logo-for-Konsult-0n40i4-representing-an-interdimensional-legal-system.-The-design-should-embody-themes-of-law-dimensions-an.png\",\"contentUrl\":\"http:\/\/rsca.grassrootslobbing.pl\/wp-content\/uploads\/2023\/12\/cropped-DALL\u00b7E-2023-12-31-08.54.33-A-modern-and-abstract-logo-for-Konsult-0n40i4-representing-an-interdimensional-legal-system.-The-design-should-embody-themes-of-law-dimensions-an.png\",\"width\":1024,\"height\":835,\"caption\":\"Konsult 0n40i4\"},\"image\":{\"@id\":\"http:\/\/rsca.grassrootslobbing.pl\/pl_PL\/#\/schema\/logo\/image\/\"}}]}<\/script>\n<!-- \/ Yoast SEO plugin. -->","yoast_head_json":{"title":"Hyperdimensional Reality Conductor lev.5 - RSCA","description":"Przejmij kontrol\u0119 nad wszech\u015bwiatami kwantowymi, kreuj\u0105c, negocjuj\u0105c i handluj\u0105c unikatowymi aktywami metafizycznymi. Odkryj granice mi\u0119dzy gr\u0105 a rzeczywisto\u015bci\u0105, kszta\u0142tuj\u0105c now\u0105 epok\u0119 eksploracji hiperprzestrzeni","robots":{"index":"index","follow":"follow","max-snippet":"max-snippet:-1","max-image-preview":"max-image-preview:large","max-video-preview":"max-video-preview:-1"},"canonical":"http:\/\/rsca.grassrootslobbing.pl\/pl_PL\/hyperdimensional-reality-conductor-lev-5\/","og_locale":"pl_PL","og_type":"article","og_title":"Hyperdimensional Reality Conductor lev.5 - RSCA","og_description":"Przejmij kontrol\u0119 nad wszech\u015bwiatami kwantowymi, kreuj\u0105c, negocjuj\u0105c i handluj\u0105c unikatowymi aktywami metafizycznymi. Odkryj granice mi\u0119dzy gr\u0105 a rzeczywisto\u015bci\u0105, kszta\u0142tuj\u0105c now\u0105 epok\u0119 eksploracji hiperprzestrzeni","og_url":"http:\/\/rsca.grassrootslobbing.pl\/pl_PL\/hyperdimensional-reality-conductor-lev-5\/","og_site_name":"RSCA","article_modified_time":"2024-01-03T14:15:47+00:00","twitter_card":"summary_large_image","twitter_misc":{"Szacowany czas czytania":"2 minuty"},"schema":{"@context":"https:\/\/schema.org","@graph":[{"@type":"WebPage","@id":"http:\/\/rsca.grassrootslobbing.pl\/pl_PL\/hyperdimensional-reality-conductor-lev-5\/","url":"http:\/\/rsca.grassrootslobbing.pl\/pl_PL\/hyperdimensional-reality-conductor-lev-5\/","name":"Hyperdimensional Reality Conductor lev.5 - RSCA","isPartOf":{"@id":"http:\/\/rsca.grassrootslobbing.pl\/pl_PL\/#website"},"datePublished":"0001-01-01T16:13:00+00:00","dateModified":"2024-01-03T14:15:47+00:00","description":"Przejmij kontrol\u0119 nad wszech\u015bwiatami kwantowymi, kreuj\u0105c, negocjuj\u0105c i handluj\u0105c unikatowymi aktywami metafizycznymi. Odkryj granice mi\u0119dzy gr\u0105 a rzeczywisto\u015bci\u0105, kszta\u0142tuj\u0105c now\u0105 epok\u0119 eksploracji hiperprzestrzeni","inLanguage":"pl-PL","potentialAction":[{"@type":"ReadAction","target":["http:\/\/rsca.grassrootslobbing.pl\/pl_PL\/hyperdimensional-reality-conductor-lev-5\/"]}]},{"@type":"WebSite","@id":"http:\/\/rsca.grassrootslobbing.pl\/pl_PL\/#website","url":"http:\/\/rsca.grassrootslobbing.pl\/pl_PL\/","name":"Reality Source Code Acces","description":"","publisher":{"@id":"http:\/\/rsca.grassrootslobbing.pl\/pl_PL\/#organization"},"potentialAction":[{"@type":"SearchAction","target":{"@type":"EntryPoint","urlTemplate":"http:\/\/rsca.grassrootslobbing.pl\/pl_PL\/?s={search_term_string}"},"query-input":"required name=search_term_string"}],"inLanguage":"pl-PL"},{"@type":"Organization","@id":"http:\/\/rsca.grassrootslobbing.pl\/pl_PL\/#organization","name":"Konsult 0n40i4","url":"http:\/\/rsca.grassrootslobbing.pl\/pl_PL\/","logo":{"@type":"ImageObject","inLanguage":"pl-PL","@id":"http:\/\/rsca.grassrootslobbing.pl\/pl_PL\/#\/schema\/logo\/image\/","url":"http:\/\/rsca.grassrootslobbing.pl\/wp-content\/uploads\/2023\/12\/cropped-DALL\u00b7E-2023-12-31-08.54.33-A-modern-and-abstract-logo-for-Konsult-0n40i4-representing-an-interdimensional-legal-system.-The-design-should-embody-themes-of-law-dimensions-an.png","contentUrl":"http:\/\/rsca.grassrootslobbing.pl\/wp-content\/uploads\/2023\/12\/cropped-DALL\u00b7E-2023-12-31-08.54.33-A-modern-and-abstract-logo-for-Konsult-0n40i4-representing-an-interdimensional-legal-system.-The-design-should-embody-themes-of-law-dimensions-an.png","width":1024,"height":835,"caption":"Konsult 0n40i4"},"image":{"@id":"http:\/\/rsca.grassrootslobbing.pl\/pl_PL\/#\/schema\/logo\/image\/"}}]}},"_links":{"self":[{"href":"http:\/\/rsca.grassrootslobbing.pl\/pl_PL\/wp-json\/wp\/v2\/pages\/3001","targetHints":{"allow":["GET"]}}],"collection":[{"href":"http:\/\/rsca.grassrootslobbing.pl\/pl_PL\/wp-json\/wp\/v2\/pages"}],"about":[{"href":"http:\/\/rsca.grassrootslobbing.pl\/pl_PL\/wp-json\/wp\/v2\/types\/page"}],"author":[{"embeddable":true,"href":"http:\/\/rsca.grassrootslobbing.pl\/pl_PL\/wp-json\/wp\/v2\/users\/2"}],"replies":[{"embeddable":true,"href":"http:\/\/rsca.grassrootslobbing.pl\/pl_PL\/wp-json\/wp\/v2\/comments?post=3001"}],"version-history":[{"count":2,"href":"http:\/\/rsca.grassrootslobbing.pl\/pl_PL\/wp-json\/wp\/v2\/pages\/3001\/revisions"}],"predecessor-version":[{"id":3475,"href":"http:\/\/rsca.grassrootslobbing.pl\/pl_PL\/wp-json\/wp\/v2\/pages\/3001\/revisions\/3475"}],"wp:attachment":[{"href":"http:\/\/rsca.grassrootslobbing.pl\/pl_PL\/wp-json\/wp\/v2\/media?parent=3001"}],"curies":[{"name":"wp","href":"https:\/\/api.w.org\/{rel}","templated":true}]}}