{"id":2972,"date":"0001-01-01T15:15:00","date_gmt":"0001-01-01T13:51:00","guid":{"rendered":"https:\/\/rsca.0n40i4.pl\/?page_id=2972"},"modified":"2024-01-03T15:18:53","modified_gmt":"2024-01-03T14:18:53","slug":"hyperdimensional-reality-matrix-negotiation-lev-9","status":"publish","type":"page","link":"http:\/\/rsca.grassrootslobbing.pl\/pl_PL\/hyperdimensional-reality-matrix-negotiation-lev-9\/","title":{"rendered":"Hyperdimensional Reality Matrix Negotiation lev.9"},"content":{"rendered":"\n<h2 class=\"wp-block-heading has-text-align-center\" style=\"font-size:23px\"><strong>Witaj, Odkrywco Niesko\u0144czono\u015bci! <\/strong><\/h2>\n\n\n\n<div style=\"height:15px\" aria-hidden=\"true\" class=\"wp-block-spacer\"><\/div>\n\n\n\n<h2 class=\"wp-block-heading has-text-align-center\" style=\"font-size:23px\"><strong>Przed Tob\u0105 otwiera si\u0119 brama do najwy\u017cszego stopnia awansu <\/strong><\/h2>\n\n\n\n<div style=\"height:15px\" aria-hidden=\"true\" class=\"wp-block-spacer\"><\/div>\n\n\n\n<h2 class=\"wp-block-heading has-text-align-center\" style=\"font-size:25px\"><strong>Hyperdimensional Reality Matrix Negotiation<\/strong><\/h2>\n\n\n\n<div style=\"height:15px\" aria-hidden=\"true\" class=\"wp-block-spacer\"><\/div>\n\n\n\n<p class=\"has-medium-font-size\"><strong>W tym horyzoncie mo\u017cliwo\u015bci, czekaj\u0105 na Ciebie wyzwania, kt\u00f3rych skala i z\u0142o\u017cono\u015b\u0107 przekraczaj\u0105 granice ludzkiej wyobra\u017ani. W tym poziomie nie tylko eksplorujesz nowe sfery rzeczywisto\u015bci, ale r\u00f3wnie\u017c kszta\u0142tujesz same fundamenty wszech\u015bwiata. Odkryj niepoj\u0119t\u0105 g\u0142\u0119bi\u0119 do\u015bwiadcze\u0144 w \u015bwiecie Hyperdimensional Matrix Mastery!<\/strong><\/p>\n\n\n\n<div style=\"height:25px\" aria-hidden=\"true\" class=\"wp-block-spacer\"><\/div>\n\n\n\n<p class=\"has-medium-font-size\"><strong>Quantum Consciousness Emulation:<\/strong> Dostosowanie r\u00f3\u017cnych poziom\u00f3w \u015bwiadomo\u015bci do pojedynczych partycji w wielowymiarowej macierzy rzeczywisto\u015bci. Pozwala to na jednoczesne istnienie w niesko\u0144czonym spektrum rzeczywisto\u015bci.<\/p>\n\n\n\n<div style=\"height:25px\" aria-hidden=\"true\" class=\"wp-block-spacer\"><\/div>\n\n\n\n<p class=\"has-medium-font-size\"><strong>Cosmic Law Scripting<\/strong>.   Mo\u017cliwo\u015b\u0107 redefinicji fundamentalnych praw wszech\u015bwiata, a\u017c do tego stopnia, \u017ce gracz mo\u017ce tworzy\u0107 nowe wszech\u015bwiaty z unikatowymi zestawami praw fizyki.<\/p>\n\n\n\n<div style=\"height:15px\" aria-hidden=\"true\" class=\"wp-block-spacer\"><\/div>\n\n\n\n<p class=\"has-medium-font-size\">T<strong>ime-Space Economics:<\/strong>  Manipulacja czasoprzestrzeni\u0105 na poziomie tak zaawansowanym, \u017ce gracz b\u0119dzie m\u00f3g\u0142 'handlowa\u0107&#8217; jednostkami czasu i przestrzeni na mi\u0119dzywszech\u015bwiatowym rynku.<\/p>\n\n\n\n<div style=\"height:15px\" aria-hidden=\"true\" class=\"wp-block-spacer\"><\/div>\n\n\n\n<p class=\"has-medium-font-size\"><strong>Existential Bootstrapping:<\/strong>  Zdolno\u015b\u0107 do tworzenia nowych form istnienia poprzez iteracyjne 'podnoszenie si\u0119 za w\u0142osy&#8217;. Ka\u017cda nowa forma bytu sama si\u0119 definiuje i manifestuje.<\/p>\n\n\n\n<div style=\"height:15px\" aria-hidden=\"true\" class=\"wp-block-spacer\"><\/div>\n\n\n\n<p class=\"has-medium-font-size\"><strong>Interdimensional Diplomacy:<\/strong>  Nawi\u0105zanie stosunk\u00f3w dyplomatycznych z bytami pochodz\u0105cymi z r\u00f3\u017cnych poziom\u00f3w rzeczywisto\u015bci i r\u00f3\u017cnych wszech\u015bwiat\u00f3w, oferuj\u0105c nowe p\u0142aszczyzny wsp\u00f3\u0142pracy i konfliktu.<\/p>\n\n\n\n<div style=\"height:15px\" aria-hidden=\"true\" class=\"wp-block-spacer\"><\/div>\n\n\n\n<p class=\"has-medium-font-size\"><strong>Infinite Loop of Self-Creation:<\/strong>  Twoje post\u0119py w grze s\u0105 rewersyjnie kierowane do Twojego rzeczywistego ja, tworz\u0105c niesko\u0144czon\u0105 p\u0119tl\u0119 doskonalenia i kreacji.<\/p>\n\n\n\n<div style=\"height:15px\" aria-hidden=\"true\" class=\"wp-block-spacer\"><\/div>\n\n\n\n<p class=\"has-medium-font-size\"><strong>Nth-Degree Abstraction:<\/strong>  W stopniu N-tej Abstrakcji, poj\u0119cia takie jak 'gra&#8217;, 'gracz&#8217; i 'misje&#8217; przekraczaj\u0105 granice symbolicznych wyznacznik\u00f3w.  Stajesz si\u0119 integralnym elementem nieuchwytnej sieci niewyobra\u017calnie z\u0142o\u017conych do\u015bwiadcze\u0144.<\/p>\n\n\n\n<div style=\"height:20px\" aria-hidden=\"true\" class=\"wp-block-spacer\"><\/div>\n\n\n\n<h2 class=\"wp-block-heading has-text-align-center\" style=\"font-size:25px\"><strong>Gratulacje, Mistrzu Hiperprzestrzeni!<\/strong> <\/h2>\n\n\n\n<div style=\"height:20px\" aria-hidden=\"true\" class=\"wp-block-spacer\"><\/div>\n\n\n\n<p class=\"has-medium-font-size\">Twoja \u015bwiadomo\u015b\u0107 splata si\u0119 z niesko\u0144czono\u015bci\u0105, a Twoje decyzje kszta\u0142tuj\u0105 teraz rzeczywisto\u015b\u0107 na poziomie, kt\u00f3ry przekracza wszelkie wyobra\u017cenia. Jeste\u015b nie tylko graczem, lecz r\u00f3wnie\u017c tw\u00f3rc\u0105 i negocjatorem w kosmicznej macierzy. <\/p>\n\n\n\n<div style=\"height:20px\" aria-hidden=\"true\" class=\"wp-block-spacer\"><\/div>\n\n\n\n<p class=\"has-medium-font-size\">Niech Twoje wybory kieruj\u0105 wszech\u015bwiatami, manipuluj\u0105 czasoprzestrzeni\u0105 i przekraczaj\u0105 granice mi\u0119dzy gr\u0105 a rzeczywisto\u015bci\u0105. Eksploruj nieuchwytn\u0105 granic\u0119 mi\u0119dzy wymiarami! <\/p>\n\n\n\n<div style=\"height:20px\" aria-hidden=\"true\" class=\"wp-block-spacer\"><\/div>\n\n\n\n<p class=\"has-medium-font-size\">Twoje podr\u00f3\u017ce w tym hipernowoczesnym wymiarze trwaj\u0105, a ka\u017cdy krok jest kolejnym posuni\u0119ciem w stron\u0119 nieuchwytnych granic hiperprzestrzennej rzeczywisto\u015bci. Ukazuj\u0105c pot\u0119g\u0119, jak\u0105 posiadasz nad kreacj\u0105 i negocjacj\u0105 w niesko\u0144czonym spektrum mo\u017cliwo\u015bci.<\/p>\n\n\n\n<div style=\"height:40px\" aria-hidden=\"true\" class=\"wp-block-spacer\"><\/div>\n\n\n\n<hr class=\"wp-block-separator has-alpha-channel-opacity is-style-wide\"\/>\n\n\n\n<h2 class=\"wp-block-heading\" style=\"font-size:22px\"><strong>Konsult 0n40i4<\/strong>                                                                                                                                  <strong>rsca@0n40i4.pl<\/strong><\/h2>\n","protected":false},"excerpt":{"rendered":"<p>Witaj, Odkrywco Niesko\u0144czono\u015bci! Przed Tob\u0105 otwiera si\u0119 brama do najwy\u017cszego stopnia awansu Hyperdimensional Reality Matrix Negotiation W tym horyzoncie mo\u017cliwo\u015bci, czekaj\u0105 na Ciebie wyzwania, kt\u00f3rych skala i z\u0142o\u017cono\u015b\u0107 przekraczaj\u0105 granice ludzkiej wyobra\u017ani. W tym poziomie nie tylko eksplorujesz nowe sfery rzeczywisto\u015bci, ale r\u00f3wnie\u017c kszta\u0142tujesz same fundamenty wszech\u015bwiata. Odkryj niepoj\u0119t\u0105 g\u0142\u0119bi\u0119 do\u015bwiadcze\u0144 w \u015bwiecie Hyperdimensional Matrix [&hellip;]<\/p>\n","protected":false},"author":2,"featured_media":0,"parent":0,"menu_order":0,"comment_status":"closed","ping_status":"closed","template":"","meta":{"site-sidebar-layout":"default","site-content-layout":"","ast-site-content-layout":"default","site-content-style":"default","site-sidebar-style":"default","ast-global-header-display":"","ast-banner-title-visibility":"","ast-main-header-display":"","ast-hfb-above-header-display":"","ast-hfb-below-header-display":"","ast-hfb-mobile-header-display":"","site-post-title":"","ast-breadcrumbs-content":"","ast-featured-img":"","footer-sml-layout":"","ast-disable-related-posts":"","theme-transparent-header-meta":"","adv-header-id-meta":"","stick-header-meta":"","header-above-stick-meta":"","header-main-stick-meta":"","header-below-stick-meta":"","astra-migrate-meta-layouts":"default","ast-page-background-enabled":"default","ast-page-background-meta":{"desktop":{"background-color":"var(--ast-global-color-4)","background-image":"","background-repeat":"repeat","background-position":"center center","background-size":"auto","background-attachment":"scroll","background-type":"","background-media":"","overlay-type":"","overlay-color":"","overlay-opacity":"","overlay-gradient":""},"tablet":{"background-color":"","background-image":"","background-repeat":"repeat","background-position":"center center","background-size":"auto","background-attachment":"scroll","background-type":"","background-media":"","overlay-type":"","overlay-color":"","overlay-opacity":"","overlay-gradient":""},"mobile":{"background-color":"","background-image":"","background-repeat":"repeat","background-position":"center center","background-size":"auto","background-attachment":"scroll","background-type":"","background-media":"","overlay-type":"","overlay-color":"","overlay-opacity":"","overlay-gradient":""}},"ast-content-background-meta":{"desktop":{"background-color":"var(--ast-global-color-5)","background-image":"","background-repeat":"repeat","background-position":"center center","background-size":"auto","background-attachment":"scroll","background-type":"","background-media":"","overlay-type":"","overlay-color":"","overlay-opacity":"","overlay-gradient":""},"tablet":{"background-color":"var(--ast-global-color-5)","background-image":"","background-repeat":"repeat","background-position":"center center","background-size":"auto","background-attachment":"scroll","background-type":"","background-media":"","overlay-type":"","overlay-color":"","overlay-opacity":"","overlay-gradient":""},"mobile":{"background-color":"var(--ast-global-color-5)","background-image":"","background-repeat":"repeat","background-position":"center center","background-size":"auto","background-attachment":"scroll","background-type":"","background-media":"","overlay-type":"","overlay-color":"","overlay-opacity":"","overlay-gradient":""}},"footnotes":""},"class_list":["post-2972","page","type-page","status-publish","hentry"],"yoast_head":"<!-- This site is optimized with the Yoast SEO plugin v21.9.1 - https:\/\/yoast.com\/wordpress\/plugins\/seo\/ -->\n<title>Hyperdimensional Reality Matrix Negotiation lev.9 - RSCA<\/title>\n<meta name=\"description\" content=\"Przekrocz granice rzeczywisto\u015bci w &quot;Hyperdimensional Matrix Mastery&quot;, eksploruj\u0105c najwy\u017cszy stopie\u0144 awansu, gdzie gracz staje si\u0119 architektem wszech\u015bwiata, manipuluje czasoprzestrzeni\u0105 i negocjuje z bytami z r\u00f3\u017cnych poziom\u00f3w rzeczywisto\u015bci. Odkryj nieuchwytn\u0105 granic\u0119 pomi\u0119dzy gr\u0105 a rzeczywisto\u015bci\u0105 !\" \/>\n<meta name=\"robots\" content=\"index, follow, max-snippet:-1, max-image-preview:large, max-video-preview:-1\" \/>\n<link rel=\"canonical\" href=\"http:\/\/rsca.grassrootslobbing.pl\/pl_PL\/hyperdimensional-reality-matrix-negotiation-lev-9\/\" \/>\n<meta property=\"og:locale\" content=\"pl_PL\" \/>\n<meta property=\"og:type\" content=\"article\" \/>\n<meta property=\"og:title\" content=\"Hyperdimensional Reality Matrix Negotiation lev.9 - RSCA\" \/>\n<meta property=\"og:description\" content=\"Przekrocz granice rzeczywisto\u015bci w &quot;Hyperdimensional Matrix Mastery&quot;, eksploruj\u0105c najwy\u017cszy stopie\u0144 awansu, gdzie gracz staje si\u0119 architektem wszech\u015bwiata, manipuluje czasoprzestrzeni\u0105 i negocjuje z bytami z r\u00f3\u017cnych poziom\u00f3w rzeczywisto\u015bci. Odkryj nieuchwytn\u0105 granic\u0119 pomi\u0119dzy gr\u0105 a rzeczywisto\u015bci\u0105 !\" \/>\n<meta property=\"og:url\" content=\"http:\/\/rsca.grassrootslobbing.pl\/pl_PL\/hyperdimensional-reality-matrix-negotiation-lev-9\/\" \/>\n<meta property=\"og:site_name\" content=\"RSCA\" \/>\n<meta property=\"article:modified_time\" content=\"2024-01-03T14:18:53+00:00\" \/>\n<meta name=\"twitter:card\" content=\"summary_large_image\" \/>\n<meta name=\"twitter:label1\" content=\"Szacowany czas czytania\" \/>\n\t<meta name=\"twitter:data1\" content=\"2 minuty\" \/>\n<script type=\"application\/ld+json\" class=\"yoast-schema-graph\">{\"@context\":\"https:\/\/schema.org\",\"@graph\":[{\"@type\":\"WebPage\",\"@id\":\"http:\/\/rsca.grassrootslobbing.pl\/pl_PL\/hyperdimensional-reality-matrix-negotiation-lev-9\/\",\"url\":\"http:\/\/rsca.grassrootslobbing.pl\/pl_PL\/hyperdimensional-reality-matrix-negotiation-lev-9\/\",\"name\":\"Hyperdimensional Reality Matrix Negotiation lev.9 - RSCA\",\"isPartOf\":{\"@id\":\"http:\/\/rsca.grassrootslobbing.pl\/pl_PL\/#website\"},\"datePublished\":\"0001-01-01T13:51:00+00:00\",\"dateModified\":\"2024-01-03T14:18:53+00:00\",\"description\":\"Przekrocz granice rzeczywisto\u015bci w \\\"Hyperdimensional Matrix Mastery\\\", eksploruj\u0105c najwy\u017cszy stopie\u0144 awansu, gdzie gracz staje si\u0119 architektem wszech\u015bwiata, manipuluje czasoprzestrzeni\u0105 i negocjuje z bytami z r\u00f3\u017cnych poziom\u00f3w rzeczywisto\u015bci. Odkryj nieuchwytn\u0105 granic\u0119 pomi\u0119dzy gr\u0105 a rzeczywisto\u015bci\u0105 !\",\"inLanguage\":\"pl-PL\",\"potentialAction\":[{\"@type\":\"ReadAction\",\"target\":[\"http:\/\/rsca.grassrootslobbing.pl\/pl_PL\/hyperdimensional-reality-matrix-negotiation-lev-9\/\"]}]},{\"@type\":\"WebSite\",\"@id\":\"http:\/\/rsca.grassrootslobbing.pl\/pl_PL\/#website\",\"url\":\"http:\/\/rsca.grassrootslobbing.pl\/pl_PL\/\",\"name\":\"Reality Source Code Acces\",\"description\":\"\",\"publisher\":{\"@id\":\"http:\/\/rsca.grassrootslobbing.pl\/pl_PL\/#organization\"},\"potentialAction\":[{\"@type\":\"SearchAction\",\"target\":{\"@type\":\"EntryPoint\",\"urlTemplate\":\"http:\/\/rsca.grassrootslobbing.pl\/pl_PL\/?s={search_term_string}\"},\"query-input\":\"required name=search_term_string\"}],\"inLanguage\":\"pl-PL\"},{\"@type\":\"Organization\",\"@id\":\"http:\/\/rsca.grassrootslobbing.pl\/pl_PL\/#organization\",\"name\":\"Konsult 0n40i4\",\"url\":\"http:\/\/rsca.grassrootslobbing.pl\/pl_PL\/\",\"logo\":{\"@type\":\"ImageObject\",\"inLanguage\":\"pl-PL\",\"@id\":\"http:\/\/rsca.grassrootslobbing.pl\/pl_PL\/#\/schema\/logo\/image\/\",\"url\":\"http:\/\/rsca.grassrootslobbing.pl\/wp-content\/uploads\/2023\/12\/cropped-DALL\u00b7E-2023-12-31-08.54.33-A-modern-and-abstract-logo-for-Konsult-0n40i4-representing-an-interdimensional-legal-system.-The-design-should-embody-themes-of-law-dimensions-an.png\",\"contentUrl\":\"http:\/\/rsca.grassrootslobbing.pl\/wp-content\/uploads\/2023\/12\/cropped-DALL\u00b7E-2023-12-31-08.54.33-A-modern-and-abstract-logo-for-Konsult-0n40i4-representing-an-interdimensional-legal-system.-The-design-should-embody-themes-of-law-dimensions-an.png\",\"width\":1024,\"height\":835,\"caption\":\"Konsult 0n40i4\"},\"image\":{\"@id\":\"http:\/\/rsca.grassrootslobbing.pl\/pl_PL\/#\/schema\/logo\/image\/\"}}]}<\/script>\n<!-- \/ Yoast SEO plugin. -->","yoast_head_json":{"title":"Hyperdimensional Reality Matrix Negotiation lev.9 - RSCA","description":"Przekrocz granice rzeczywisto\u015bci w \"Hyperdimensional Matrix Mastery\", eksploruj\u0105c najwy\u017cszy stopie\u0144 awansu, gdzie gracz staje si\u0119 architektem wszech\u015bwiata, manipuluje czasoprzestrzeni\u0105 i negocjuje z bytami z r\u00f3\u017cnych poziom\u00f3w rzeczywisto\u015bci. Odkryj nieuchwytn\u0105 granic\u0119 pomi\u0119dzy gr\u0105 a rzeczywisto\u015bci\u0105 !","robots":{"index":"index","follow":"follow","max-snippet":"max-snippet:-1","max-image-preview":"max-image-preview:large","max-video-preview":"max-video-preview:-1"},"canonical":"http:\/\/rsca.grassrootslobbing.pl\/pl_PL\/hyperdimensional-reality-matrix-negotiation-lev-9\/","og_locale":"pl_PL","og_type":"article","og_title":"Hyperdimensional Reality Matrix Negotiation lev.9 - RSCA","og_description":"Przekrocz granice rzeczywisto\u015bci w \"Hyperdimensional Matrix Mastery\", eksploruj\u0105c najwy\u017cszy stopie\u0144 awansu, gdzie gracz staje si\u0119 architektem wszech\u015bwiata, manipuluje czasoprzestrzeni\u0105 i negocjuje z bytami z r\u00f3\u017cnych poziom\u00f3w rzeczywisto\u015bci. Odkryj nieuchwytn\u0105 granic\u0119 pomi\u0119dzy gr\u0105 a rzeczywisto\u015bci\u0105 !","og_url":"http:\/\/rsca.grassrootslobbing.pl\/pl_PL\/hyperdimensional-reality-matrix-negotiation-lev-9\/","og_site_name":"RSCA","article_modified_time":"2024-01-03T14:18:53+00:00","twitter_card":"summary_large_image","twitter_misc":{"Szacowany czas czytania":"2 minuty"},"schema":{"@context":"https:\/\/schema.org","@graph":[{"@type":"WebPage","@id":"http:\/\/rsca.grassrootslobbing.pl\/pl_PL\/hyperdimensional-reality-matrix-negotiation-lev-9\/","url":"http:\/\/rsca.grassrootslobbing.pl\/pl_PL\/hyperdimensional-reality-matrix-negotiation-lev-9\/","name":"Hyperdimensional Reality Matrix Negotiation lev.9 - RSCA","isPartOf":{"@id":"http:\/\/rsca.grassrootslobbing.pl\/pl_PL\/#website"},"datePublished":"0001-01-01T13:51:00+00:00","dateModified":"2024-01-03T14:18:53+00:00","description":"Przekrocz granice rzeczywisto\u015bci w \"Hyperdimensional Matrix Mastery\", eksploruj\u0105c najwy\u017cszy stopie\u0144 awansu, gdzie gracz staje si\u0119 architektem wszech\u015bwiata, manipuluje czasoprzestrzeni\u0105 i negocjuje z bytami z r\u00f3\u017cnych poziom\u00f3w rzeczywisto\u015bci. Odkryj nieuchwytn\u0105 granic\u0119 pomi\u0119dzy gr\u0105 a rzeczywisto\u015bci\u0105 !","inLanguage":"pl-PL","potentialAction":[{"@type":"ReadAction","target":["http:\/\/rsca.grassrootslobbing.pl\/pl_PL\/hyperdimensional-reality-matrix-negotiation-lev-9\/"]}]},{"@type":"WebSite","@id":"http:\/\/rsca.grassrootslobbing.pl\/pl_PL\/#website","url":"http:\/\/rsca.grassrootslobbing.pl\/pl_PL\/","name":"Reality Source Code Acces","description":"","publisher":{"@id":"http:\/\/rsca.grassrootslobbing.pl\/pl_PL\/#organization"},"potentialAction":[{"@type":"SearchAction","target":{"@type":"EntryPoint","urlTemplate":"http:\/\/rsca.grassrootslobbing.pl\/pl_PL\/?s={search_term_string}"},"query-input":"required name=search_term_string"}],"inLanguage":"pl-PL"},{"@type":"Organization","@id":"http:\/\/rsca.grassrootslobbing.pl\/pl_PL\/#organization","name":"Konsult 0n40i4","url":"http:\/\/rsca.grassrootslobbing.pl\/pl_PL\/","logo":{"@type":"ImageObject","inLanguage":"pl-PL","@id":"http:\/\/rsca.grassrootslobbing.pl\/pl_PL\/#\/schema\/logo\/image\/","url":"http:\/\/rsca.grassrootslobbing.pl\/wp-content\/uploads\/2023\/12\/cropped-DALL\u00b7E-2023-12-31-08.54.33-A-modern-and-abstract-logo-for-Konsult-0n40i4-representing-an-interdimensional-legal-system.-The-design-should-embody-themes-of-law-dimensions-an.png","contentUrl":"http:\/\/rsca.grassrootslobbing.pl\/wp-content\/uploads\/2023\/12\/cropped-DALL\u00b7E-2023-12-31-08.54.33-A-modern-and-abstract-logo-for-Konsult-0n40i4-representing-an-interdimensional-legal-system.-The-design-should-embody-themes-of-law-dimensions-an.png","width":1024,"height":835,"caption":"Konsult 0n40i4"},"image":{"@id":"http:\/\/rsca.grassrootslobbing.pl\/pl_PL\/#\/schema\/logo\/image\/"}}]}},"_links":{"self":[{"href":"http:\/\/rsca.grassrootslobbing.pl\/pl_PL\/wp-json\/wp\/v2\/pages\/2972","targetHints":{"allow":["GET"]}}],"collection":[{"href":"http:\/\/rsca.grassrootslobbing.pl\/pl_PL\/wp-json\/wp\/v2\/pages"}],"about":[{"href":"http:\/\/rsca.grassrootslobbing.pl\/pl_PL\/wp-json\/wp\/v2\/types\/page"}],"author":[{"embeddable":true,"href":"http:\/\/rsca.grassrootslobbing.pl\/pl_PL\/wp-json\/wp\/v2\/users\/2"}],"replies":[{"embeddable":true,"href":"http:\/\/rsca.grassrootslobbing.pl\/pl_PL\/wp-json\/wp\/v2\/comments?post=2972"}],"version-history":[{"count":5,"href":"http:\/\/rsca.grassrootslobbing.pl\/pl_PL\/wp-json\/wp\/v2\/pages\/2972\/revisions"}],"predecessor-version":[{"id":3476,"href":"http:\/\/rsca.grassrootslobbing.pl\/pl_PL\/wp-json\/wp\/v2\/pages\/2972\/revisions\/3476"}],"wp:attachment":[{"href":"http:\/\/rsca.grassrootslobbing.pl\/pl_PL\/wp-json\/wp\/v2\/media?parent=2972"}],"curies":[{"name":"wp","href":"https:\/\/api.w.org\/{rel}","templated":true}]}}