{"id":2953,"date":"0001-01-01T14:19:00","date_gmt":"0001-01-01T12:55:00","guid":{"rendered":"https:\/\/rsca.0n40i4.pl\/?page_id=2953"},"modified":"2024-01-03T16:10:45","modified_gmt":"2024-01-03T15:10:45","slug":"level-4-the-boundless-odyssey","status":"publish","type":"page","link":"http:\/\/rsca.grassrootslobbing.pl\/pl_PL\/level-4-the-boundless-odyssey\/","title":{"rendered":"Lev. 4: The Boundless Odyssey"},"content":{"rendered":"\n<h1 class=\"wp-block-heading has-text-align-center\" style=\"font-size:25px\"><strong>Poziom 4 &#8211; Niesko\u0144czona Odyseja<\/strong><\/h1>\n\n\n\n<div style=\"height:25px\" aria-hidden=\"true\" class=\"wp-block-spacer\"><\/div>\n\n\n\n<p class=\"has-medium-font-size\">Podejmij si\u0119<strong> Niesko\u0144czonej Odysei,<\/strong> gdzie tradycyjne granice rzeczywisto\u015bci, czasu i przestrzeni zostaj\u0105 zniekszta\u0142cone lub nawet zawieszone. We\u017a udzia\u0142 w misjach, kt\u00f3re redefiniuj\u0105 sam\u0105 struktur\u0119 istnienia:<\/p>\n\n\n\n<div style=\"height:25px\" aria-hidden=\"true\" class=\"wp-block-spacer\"><\/div>\n\n\n\n<ol class=\"wp-block-list\">\n<li class=\"has-medium-font-size\"><strong>Ontological Crafting: <\/strong>Mo\u017cliwo\u015b\u0107 kreowania w\u0142asnych zasad bytu, definiuj\u0105cych nowe, nieosi\u0105galne dla innych, stany rzeczywisto\u015bci.<\/li>\n\n\n\n<li class=\"has-medium-font-size\"><strong>Temporal Sculpting:<\/strong> Manipulacja i modelowanie czasoprzestrzeni do takiego stopnia, \u017ce ka\u017cda chwila mo\u017ce sta\u0107 si\u0119 wieczno\u015bci\u0105, a ka\u017cda eternia &#8211; chwil\u0105.<\/li>\n\n\n\n<li class=\"has-medium-font-size\"><strong>Narrative Engineering: <\/strong>Sterowanie fundamentalnymi narz\u0119dziami narracji, w tym archetypami, mitami i symbolami, na poziomie, kt\u00f3ry zmienia bieg historii wszech\u015bwiata.<\/li>\n\n\n\n<li class=\"has-medium-font-size\"><strong>Causal Paradox Resolution: <\/strong>Zdolno\u015b\u0107 do wprowadzania i rozwi\u0105zywania paradoks\u00f3w przyczynowo-skutkowych, co umo\u017cliwia kontrol\u0119 nad wydarzeniami niemo\u017cliwymi do przewidzenia lub zrozumienia.<\/li>\n\n\n\n<li class=\"has-medium-font-size\">E<strong>xistential Encryption: <\/strong>Szyfrowanie samej istoty bytu, co oznacza, \u017ce obecno\u015b\u0107 gracza staje si\u0119 zar\u00f3wno wszechobecna, jak i niewykrywalna.<\/li>\n\n\n\n<li class=\"has-medium-font-size\"><strong>Dimensional Synthesis: <\/strong>Synteza nowych wymiar\u00f3w i konfiguracji rzeczywisto\u015bci, kt\u00f3re wykraczaj\u0105 poza jakiekolwiek znane matematyczne i fizyczne modele.<\/li>\n\n\n\n<li class=\"has-medium-font-size\"><strong>Consciousness Network Integration: <\/strong>Po\u0142\u0105czenie indywidualnej \u015bwiadomo\u015bci gracza z r\u00f3\u017cnymi formami \u015bwiadomo\u015bci na r\u00f3\u017cnych poziomach rzeczywisto\u015bci.<\/li>\n\n\n\n<li class=\"has-medium-font-size\"><strong>Algorithmic Divinity: <\/strong>Kreacja algorytm\u00f3w tak zaawansowanych, \u017ce s\u0105 w stanie rozwi\u0105zywa\u0107 problemy teologiczne i metafizyczne.<\/li>\n\n\n\n<li class=\"has-medium-font-size\"><strong>Cosmological Reseeding: <\/strong>Mo\u017cliwo\u015b\u0107 dos\u0142ownego zasiania nowych wszech\u015bwiat\u00f3w, zdefiniowanych przez gracza, z mo\u017cliwo\u015bci\u0105 monitorowania ich ewolucji.<\/li>\n\n\n\n<li class=\"has-medium-font-size\"><strong>Infinite Game Theory: <\/strong>Granie w gr\u0119, kt\u00f3ra nie ma ko\u0144ca, bo sama w sobie stanowi niesko\u0144czon\u0105 seri\u0119 kolejnych gier, ka\u017cda z nich generuj\u0105ca nowe zasady i wyzwania.<\/li>\n<\/ol>\n\n\n\n<div style=\"height:25px\" aria-hidden=\"true\" class=\"wp-block-spacer\"><\/div>\n\n\n\n<p class=\"has-medium-font-size\">Tego typu scenariusze nie tylko przekszta\u0142caj\u0105 ostateczne granice ludzkiego poj\u0119cia o grach i rzeczywisto\u015bci, ale r\u00f3wnie\u017c oferuj\u0105 do\u015bwiadczenia na kraw\u0119dzi tego, co w og\u00f3le mo\u017cna uwa\u017ca\u0107 za &#8222;do\u015bwiadczalne&#8221;.<\/p>\n\n\n\n<div style=\"height:40px\" aria-hidden=\"true\" class=\"wp-block-spacer\"><\/div>\n\n\n\n<hr class=\"wp-block-separator has-alpha-channel-opacity is-style-wide\"\/>\n\n\n\n<h2 class=\"wp-block-heading\" style=\"font-size:22px\"><strong>Konsult 0n40i4                                                                                                                                  rsca@0n40i4.pl<\/strong><\/h2>\n","protected":false},"excerpt":{"rendered":"<p>Poziom 4 &#8211; Niesko\u0144czona Odyseja Podejmij si\u0119 Niesko\u0144czonej Odysei, gdzie tradycyjne granice rzeczywisto\u015bci, czasu i przestrzeni zostaj\u0105 zniekszta\u0142cone lub nawet zawieszone. We\u017a udzia\u0142 w misjach, kt\u00f3re redefiniuj\u0105 sam\u0105 struktur\u0119 istnienia: Tego typu scenariusze nie tylko przekszta\u0142caj\u0105 ostateczne granice ludzkiego poj\u0119cia o grach i rzeczywisto\u015bci, ale r\u00f3wnie\u017c oferuj\u0105 do\u015bwiadczenia na kraw\u0119dzi tego, co w og\u00f3le mo\u017cna [&hellip;]<\/p>\n","protected":false},"author":2,"featured_media":0,"parent":0,"menu_order":0,"comment_status":"closed","ping_status":"closed","template":"","meta":{"site-sidebar-layout":"default","site-content-layout":"","ast-site-content-layout":"default","site-content-style":"default","site-sidebar-style":"default","ast-global-header-display":"","ast-banner-title-visibility":"","ast-main-header-display":"","ast-hfb-above-header-display":"","ast-hfb-below-header-display":"","ast-hfb-mobile-header-display":"","site-post-title":"","ast-breadcrumbs-content":"","ast-featured-img":"","footer-sml-layout":"","ast-disable-related-posts":"","theme-transparent-header-meta":"","adv-header-id-meta":"","stick-header-meta":"","header-above-stick-meta":"","header-main-stick-meta":"","header-below-stick-meta":"","astra-migrate-meta-layouts":"default","ast-page-background-enabled":"default","ast-page-background-meta":{"desktop":{"background-color":"var(--ast-global-color-4)","background-image":"","background-repeat":"repeat","background-position":"center center","background-size":"auto","background-attachment":"scroll","background-type":"","background-media":"","overlay-type":"","overlay-color":"","overlay-opacity":"","overlay-gradient":""},"tablet":{"background-color":"","background-image":"","background-repeat":"repeat","background-position":"center center","background-size":"auto","background-attachment":"scroll","background-type":"","background-media":"","overlay-type":"","overlay-color":"","overlay-opacity":"","overlay-gradient":""},"mobile":{"background-color":"","background-image":"","background-repeat":"repeat","background-position":"center center","background-size":"auto","background-attachment":"scroll","background-type":"","background-media":"","overlay-type":"","overlay-color":"","overlay-opacity":"","overlay-gradient":""}},"ast-content-background-meta":{"desktop":{"background-color":"var(--ast-global-color-5)","background-image":"","background-repeat":"repeat","background-position":"center center","background-size":"auto","background-attachment":"scroll","background-type":"","background-media":"","overlay-type":"","overlay-color":"","overlay-opacity":"","overlay-gradient":""},"tablet":{"background-color":"var(--ast-global-color-5)","background-image":"","background-repeat":"repeat","background-position":"center center","background-size":"auto","background-attachment":"scroll","background-type":"","background-media":"","overlay-type":"","overlay-color":"","overlay-opacity":"","overlay-gradient":""},"mobile":{"background-color":"var(--ast-global-color-5)","background-image":"","background-repeat":"repeat","background-position":"center center","background-size":"auto","background-attachment":"scroll","background-type":"","background-media":"","overlay-type":"","overlay-color":"","overlay-opacity":"","overlay-gradient":""}},"footnotes":""},"class_list":["post-2953","page","type-page","status-publish","hentry"],"yoast_head":"<!-- This site is optimized with the Yoast SEO plugin v21.9.1 - https:\/\/yoast.com\/wordpress\/plugins\/seo\/ -->\n<title>Lev. 4: The Boundless Odyssey - RSCA<\/title>\n<meta name=\"description\" content=\"Odkryj nowe horyzonty w Niesko\u0144czonej Odysei, gdzie granice rzeczywisto\u015bci i czasoprzestrzeni ulegaj\u0105 deformacji. Kszta\u0142tuj istnienie, manipuluj narracj\u0105, rozwi\u0105zuj paradoksy, i eksploruj wymiary poza tradycyjnymi zrozumieniami. Zanurz si\u0119 w do\u015bwiadczeniach, kt\u00f3re wykraczaj\u0105 poza granice ludzkiej wyobra\u017ani i definiuj\u0105 nowe standardy w \u015bwiecie gier.\" \/>\n<meta name=\"robots\" content=\"index, follow, max-snippet:-1, max-image-preview:large, max-video-preview:-1\" \/>\n<link rel=\"canonical\" href=\"http:\/\/rsca.grassrootslobbing.pl\/pl_PL\/level-4-the-boundless-odyssey\/\" \/>\n<meta property=\"og:locale\" content=\"pl_PL\" \/>\n<meta property=\"og:type\" content=\"article\" \/>\n<meta property=\"og:title\" content=\"Lev. 4: The Boundless Odyssey - RSCA\" \/>\n<meta property=\"og:description\" content=\"Odkryj nowe horyzonty w Niesko\u0144czonej Odysei, gdzie granice rzeczywisto\u015bci i czasoprzestrzeni ulegaj\u0105 deformacji. Kszta\u0142tuj istnienie, manipuluj narracj\u0105, rozwi\u0105zuj paradoksy, i eksploruj wymiary poza tradycyjnymi zrozumieniami. Zanurz si\u0119 w do\u015bwiadczeniach, kt\u00f3re wykraczaj\u0105 poza granice ludzkiej wyobra\u017ani i definiuj\u0105 nowe standardy w \u015bwiecie gier.\" \/>\n<meta property=\"og:url\" content=\"http:\/\/rsca.grassrootslobbing.pl\/pl_PL\/level-4-the-boundless-odyssey\/\" \/>\n<meta property=\"og:site_name\" content=\"RSCA\" \/>\n<meta property=\"article:modified_time\" content=\"2024-01-03T15:10:45+00:00\" \/>\n<meta name=\"twitter:card\" content=\"summary_large_image\" \/>\n<meta name=\"twitter:label1\" content=\"Szacowany czas czytania\" \/>\n\t<meta name=\"twitter:data1\" content=\"2 minuty\" \/>\n<script type=\"application\/ld+json\" class=\"yoast-schema-graph\">{\"@context\":\"https:\/\/schema.org\",\"@graph\":[{\"@type\":\"WebPage\",\"@id\":\"http:\/\/rsca.grassrootslobbing.pl\/pl_PL\/level-4-the-boundless-odyssey\/\",\"url\":\"http:\/\/rsca.grassrootslobbing.pl\/pl_PL\/level-4-the-boundless-odyssey\/\",\"name\":\"Lev. 4: The Boundless Odyssey - RSCA\",\"isPartOf\":{\"@id\":\"http:\/\/rsca.grassrootslobbing.pl\/pl_PL\/#website\"},\"datePublished\":\"0001-01-01T12:55:00+00:00\",\"dateModified\":\"2024-01-03T15:10:45+00:00\",\"description\":\"Odkryj nowe horyzonty w Niesko\u0144czonej Odysei, gdzie granice rzeczywisto\u015bci i czasoprzestrzeni ulegaj\u0105 deformacji. Kszta\u0142tuj istnienie, manipuluj narracj\u0105, rozwi\u0105zuj paradoksy, i eksploruj wymiary poza tradycyjnymi zrozumieniami. Zanurz si\u0119 w do\u015bwiadczeniach, kt\u00f3re wykraczaj\u0105 poza granice ludzkiej wyobra\u017ani i definiuj\u0105 nowe standardy w \u015bwiecie gier.\",\"inLanguage\":\"pl-PL\",\"potentialAction\":[{\"@type\":\"ReadAction\",\"target\":[\"http:\/\/rsca.grassrootslobbing.pl\/pl_PL\/level-4-the-boundless-odyssey\/\"]}]},{\"@type\":\"WebSite\",\"@id\":\"http:\/\/rsca.grassrootslobbing.pl\/pl_PL\/#website\",\"url\":\"http:\/\/rsca.grassrootslobbing.pl\/pl_PL\/\",\"name\":\"Reality Source Code Acces\",\"description\":\"\",\"publisher\":{\"@id\":\"http:\/\/rsca.grassrootslobbing.pl\/pl_PL\/#organization\"},\"potentialAction\":[{\"@type\":\"SearchAction\",\"target\":{\"@type\":\"EntryPoint\",\"urlTemplate\":\"http:\/\/rsca.grassrootslobbing.pl\/pl_PL\/?s={search_term_string}\"},\"query-input\":\"required name=search_term_string\"}],\"inLanguage\":\"pl-PL\"},{\"@type\":\"Organization\",\"@id\":\"http:\/\/rsca.grassrootslobbing.pl\/pl_PL\/#organization\",\"name\":\"Konsult 0n40i4\",\"url\":\"http:\/\/rsca.grassrootslobbing.pl\/pl_PL\/\",\"logo\":{\"@type\":\"ImageObject\",\"inLanguage\":\"pl-PL\",\"@id\":\"http:\/\/rsca.grassrootslobbing.pl\/pl_PL\/#\/schema\/logo\/image\/\",\"url\":\"http:\/\/rsca.grassrootslobbing.pl\/wp-content\/uploads\/2023\/12\/cropped-DALL\u00b7E-2023-12-31-08.54.33-A-modern-and-abstract-logo-for-Konsult-0n40i4-representing-an-interdimensional-legal-system.-The-design-should-embody-themes-of-law-dimensions-an.png\",\"contentUrl\":\"http:\/\/rsca.grassrootslobbing.pl\/wp-content\/uploads\/2023\/12\/cropped-DALL\u00b7E-2023-12-31-08.54.33-A-modern-and-abstract-logo-for-Konsult-0n40i4-representing-an-interdimensional-legal-system.-The-design-should-embody-themes-of-law-dimensions-an.png\",\"width\":1024,\"height\":835,\"caption\":\"Konsult 0n40i4\"},\"image\":{\"@id\":\"http:\/\/rsca.grassrootslobbing.pl\/pl_PL\/#\/schema\/logo\/image\/\"}}]}<\/script>\n<!-- \/ Yoast SEO plugin. -->","yoast_head_json":{"title":"Lev. 4: The Boundless Odyssey - RSCA","description":"Odkryj nowe horyzonty w Niesko\u0144czonej Odysei, gdzie granice rzeczywisto\u015bci i czasoprzestrzeni ulegaj\u0105 deformacji. Kszta\u0142tuj istnienie, manipuluj narracj\u0105, rozwi\u0105zuj paradoksy, i eksploruj wymiary poza tradycyjnymi zrozumieniami. Zanurz si\u0119 w do\u015bwiadczeniach, kt\u00f3re wykraczaj\u0105 poza granice ludzkiej wyobra\u017ani i definiuj\u0105 nowe standardy w \u015bwiecie gier.","robots":{"index":"index","follow":"follow","max-snippet":"max-snippet:-1","max-image-preview":"max-image-preview:large","max-video-preview":"max-video-preview:-1"},"canonical":"http:\/\/rsca.grassrootslobbing.pl\/pl_PL\/level-4-the-boundless-odyssey\/","og_locale":"pl_PL","og_type":"article","og_title":"Lev. 4: The Boundless Odyssey - RSCA","og_description":"Odkryj nowe horyzonty w Niesko\u0144czonej Odysei, gdzie granice rzeczywisto\u015bci i czasoprzestrzeni ulegaj\u0105 deformacji. Kszta\u0142tuj istnienie, manipuluj narracj\u0105, rozwi\u0105zuj paradoksy, i eksploruj wymiary poza tradycyjnymi zrozumieniami. Zanurz si\u0119 w do\u015bwiadczeniach, kt\u00f3re wykraczaj\u0105 poza granice ludzkiej wyobra\u017ani i definiuj\u0105 nowe standardy w \u015bwiecie gier.","og_url":"http:\/\/rsca.grassrootslobbing.pl\/pl_PL\/level-4-the-boundless-odyssey\/","og_site_name":"RSCA","article_modified_time":"2024-01-03T15:10:45+00:00","twitter_card":"summary_large_image","twitter_misc":{"Szacowany czas czytania":"2 minuty"},"schema":{"@context":"https:\/\/schema.org","@graph":[{"@type":"WebPage","@id":"http:\/\/rsca.grassrootslobbing.pl\/pl_PL\/level-4-the-boundless-odyssey\/","url":"http:\/\/rsca.grassrootslobbing.pl\/pl_PL\/level-4-the-boundless-odyssey\/","name":"Lev. 4: The Boundless Odyssey - RSCA","isPartOf":{"@id":"http:\/\/rsca.grassrootslobbing.pl\/pl_PL\/#website"},"datePublished":"0001-01-01T12:55:00+00:00","dateModified":"2024-01-03T15:10:45+00:00","description":"Odkryj nowe horyzonty w Niesko\u0144czonej Odysei, gdzie granice rzeczywisto\u015bci i czasoprzestrzeni ulegaj\u0105 deformacji. Kszta\u0142tuj istnienie, manipuluj narracj\u0105, rozwi\u0105zuj paradoksy, i eksploruj wymiary poza tradycyjnymi zrozumieniami. Zanurz si\u0119 w do\u015bwiadczeniach, kt\u00f3re wykraczaj\u0105 poza granice ludzkiej wyobra\u017ani i definiuj\u0105 nowe standardy w \u015bwiecie gier.","inLanguage":"pl-PL","potentialAction":[{"@type":"ReadAction","target":["http:\/\/rsca.grassrootslobbing.pl\/pl_PL\/level-4-the-boundless-odyssey\/"]}]},{"@type":"WebSite","@id":"http:\/\/rsca.grassrootslobbing.pl\/pl_PL\/#website","url":"http:\/\/rsca.grassrootslobbing.pl\/pl_PL\/","name":"Reality Source Code Acces","description":"","publisher":{"@id":"http:\/\/rsca.grassrootslobbing.pl\/pl_PL\/#organization"},"potentialAction":[{"@type":"SearchAction","target":{"@type":"EntryPoint","urlTemplate":"http:\/\/rsca.grassrootslobbing.pl\/pl_PL\/?s={search_term_string}"},"query-input":"required name=search_term_string"}],"inLanguage":"pl-PL"},{"@type":"Organization","@id":"http:\/\/rsca.grassrootslobbing.pl\/pl_PL\/#organization","name":"Konsult 0n40i4","url":"http:\/\/rsca.grassrootslobbing.pl\/pl_PL\/","logo":{"@type":"ImageObject","inLanguage":"pl-PL","@id":"http:\/\/rsca.grassrootslobbing.pl\/pl_PL\/#\/schema\/logo\/image\/","url":"http:\/\/rsca.grassrootslobbing.pl\/wp-content\/uploads\/2023\/12\/cropped-DALL\u00b7E-2023-12-31-08.54.33-A-modern-and-abstract-logo-for-Konsult-0n40i4-representing-an-interdimensional-legal-system.-The-design-should-embody-themes-of-law-dimensions-an.png","contentUrl":"http:\/\/rsca.grassrootslobbing.pl\/wp-content\/uploads\/2023\/12\/cropped-DALL\u00b7E-2023-12-31-08.54.33-A-modern-and-abstract-logo-for-Konsult-0n40i4-representing-an-interdimensional-legal-system.-The-design-should-embody-themes-of-law-dimensions-an.png","width":1024,"height":835,"caption":"Konsult 0n40i4"},"image":{"@id":"http:\/\/rsca.grassrootslobbing.pl\/pl_PL\/#\/schema\/logo\/image\/"}}]}},"_links":{"self":[{"href":"http:\/\/rsca.grassrootslobbing.pl\/pl_PL\/wp-json\/wp\/v2\/pages\/2953","targetHints":{"allow":["GET"]}}],"collection":[{"href":"http:\/\/rsca.grassrootslobbing.pl\/pl_PL\/wp-json\/wp\/v2\/pages"}],"about":[{"href":"http:\/\/rsca.grassrootslobbing.pl\/pl_PL\/wp-json\/wp\/v2\/types\/page"}],"author":[{"embeddable":true,"href":"http:\/\/rsca.grassrootslobbing.pl\/pl_PL\/wp-json\/wp\/v2\/users\/2"}],"replies":[{"embeddable":true,"href":"http:\/\/rsca.grassrootslobbing.pl\/pl_PL\/wp-json\/wp\/v2\/comments?post=2953"}],"version-history":[{"count":6,"href":"http:\/\/rsca.grassrootslobbing.pl\/pl_PL\/wp-json\/wp\/v2\/pages\/2953\/revisions"}],"predecessor-version":[{"id":3513,"href":"http:\/\/rsca.grassrootslobbing.pl\/pl_PL\/wp-json\/wp\/v2\/pages\/2953\/revisions\/3513"}],"wp:attachment":[{"href":"http:\/\/rsca.grassrootslobbing.pl\/pl_PL\/wp-json\/wp\/v2\/media?parent=2953"}],"curies":[{"name":"wp","href":"https:\/\/api.w.org\/{rel}","templated":true}]}}