{"id":2949,"date":"2024-01-01T14:13:10","date_gmt":"2024-01-01T13:13:10","guid":{"rendered":"https:\/\/rsca.0n40i4.pl\/?page_id=2949"},"modified":"2024-01-01T17:26:42","modified_gmt":"2024-01-01T16:26:42","slug":"level-3-transcendent-realms-the-unveiling-cosmos","status":"publish","type":"page","link":"http:\/\/rsca.grassrootslobbing.pl\/pl_PL\/level-3-transcendent-realms-the-unveiling-cosmos\/","title":{"rendered":"Transcendent Realms: The Unveiling Cosmos lev.3"},"content":{"rendered":"\n<h1 class=\"wp-block-heading has-text-align-center\" style=\"font-size:23px\"><strong>lev.3: Transcendentne Obszary: Odkrywaj\u0105c Kosmos<\/strong><\/h1>\n\n\n\n<div style=\"height:25px\" aria-hidden=\"true\" class=\"wp-block-spacer\"><\/div>\n\n\n\n<p class=\"has-medium-font-size\">Je\u017celi poszukiwane s\u0105 scenariusze transcendentne, z pogranicza metafizyki i ultratechnologii, poni\u017cej przedstawiam zestaw misji, kt\u00f3ry \u0142\u0105czy zar\u00f3wno spekulatywne elementy naukowe, jak i metafizyczne:<\/p>\n\n\n\n<div style=\"height:10px\" aria-hidden=\"true\" class=\"wp-block-spacer\"><\/div>\n\n\n\n<p class=\"has-medium-font-size\"><strong>Cosmic String Realignment:<\/strong> Osi\u0105gni\u0119cie umiej\u0119tno\u015bci manipulowania kosmicznymi strunami, co pozwala na radykalne transformacje w makroskalowej strukturze wszech\u015bwiata.<\/p>\n\n\n\n<p class=\"has-medium-font-size\"><strong>Multiverse Governance:<\/strong> Wprowadzenie mechanizmu zarz\u0105dzania wielo\u015bwiatami, kt\u00f3ry uwzgl\u0119dnia zar\u00f3wno zasady etyki wielo\u015bwiatowej, jak i lokalne prawa fizyki ka\u017cdego z nich.<\/p>\n\n\n\n<p class=\"has-medium-font-size\"><strong>Virtual Omnipresence:<\/strong> Zdobycie zdolno\u015bci do r\u00f3wnoczesnej obecno\u015bci w niesko\u0144czenie wielu miejscach wirtualnego wszech\u015bwiata, z mo\u017cliwo\u015bci\u0105 oddzia\u0142ywania na r\u00f3\u017cne aspekty rzeczywisto\u015bci.<\/p>\n\n\n\n<p class=\"has-medium-font-size\"><strong>Nth-Dimensional Strategy Games:<\/strong> Konkurencyjne gry strategiczne odbywaj\u0105ce si\u0119 w n-wymiarowych przestrzeniach, gdzie n jest zmienn\u0105 ustalaj\u0105c\u0105 zasady gry.<\/p>\n\n\n\n<p class=\"has-medium-font-size\"><strong>Metaverse Nexus Creation:<\/strong> Stworzenie lub odnalezienie w\u0119z\u0142a \u0142\u0105cz\u0105cego r\u00f3\u017cne metawersa, umo\u017cliwiaj\u0105cego bezprecedensow\u0105 interoperacyjno\u015b\u0107 i wymian\u0119 warto\u015bci.<\/p>\n\n\n\n<p class=\"has-medium-font-size\"><strong>Simulated Divinity: <\/strong>Projektowanie i wdro\u017cenie wirtualnych b\u00f3stw, kt\u00f3re funkcjonuj\u0105 na podstawie zaawansowanych algorytm\u00f3w, ale kt\u00f3re r\u00f3wnie\u017c inspiruj\u0105 swoimi dzia\u0142aniami ca\u0142e cywilizacje.<\/p>\n\n\n\n<p class=\"has-medium-font-size\"><strong>Reality Encryption: <\/strong>Implementacja szyfrowania rzeczywisto\u015bci, dzi\u0119ki kt\u00f3remu tylko wybrane jednostki mog\u0105 interagowa\u0107 z wybranymi fragmentami rzeczywisto\u015bci.<\/p>\n\n\n\n<p class=\"has-medium-font-size\"><strong>Chaos Manipulation Interfaces: <\/strong>Opanowanie narz\u0119dzi do kontroli chaotycznych system\u00f3w na tak fundamentalnym poziomie, \u017ce pozwalaj\u0105 na kreowanie stabilno\u015bci w niestabilnych \u015brodowiskach.<\/p>\n\n\n\n<p class=\"has-medium-font-size\"><strong>Hive Mind Evolution: <\/strong>Rozwini\u0119cie mechanizmu, kt\u00f3ry umo\u017cliwia gracz\u0105 stworzenie i zarz\u0105dzanie zbiorow\u0105 inteligencj\u0105 na niespotykan\u0105 dot\u0105d skal\u0119.<\/p>\n\n\n\n<p class=\"has-medium-font-size\"><strong>Eschatological Scenarios:<\/strong> Wyb\u00f3r i wdro\u017cenie jednego z mo\u017cliwych scenariuszy ko\u0144ca wszech\u015bwiata, z opcj\u0105 p\u00f3\u017aniejszego jego &#8222;resetowania&#8221; i ponownego rozpocz\u0119cia cyklu.<\/p>\n\n\n\n<div style=\"height:10px\" aria-hidden=\"true\" class=\"wp-block-spacer\"><\/div>\n\n\n\n<p class=\"has-medium-font-size\">Ostateczny cel tych misji polega na przeniesieniu do\u015bwiadczenia gracza poza tradycyjne rozumienie gier i technologii, do dziedziny niemal boskich mo\u017cliwo\u015bci i niewyobra\u017calnych wyzwa\u0144.<\/p>\n\n\n\n<div style=\"height:20px\" aria-hidden=\"true\" class=\"wp-block-spacer\"><\/div>\n\n\n\n<hr class=\"wp-block-separator has-alpha-channel-opacity is-style-wide\"\/>\n\n\n\n<h2 class=\"wp-block-heading\" style=\"font-size:22px\">  Konsult 0n40i4                                                                                                                             rsca@0n40i4.pl<\/h2>\n","protected":false},"excerpt":{"rendered":"<p>lev.3: Transcendentne Obszary: Odkrywaj\u0105c Kosmos Je\u017celi poszukiwane s\u0105 scenariusze transcendentne, z pogranicza metafizyki i ultratechnologii, poni\u017cej przedstawiam zestaw misji, kt\u00f3ry \u0142\u0105czy zar\u00f3wno spekulatywne elementy naukowe, jak i metafizyczne: Cosmic String Realignment: Osi\u0105gni\u0119cie umiej\u0119tno\u015bci manipulowania kosmicznymi strunami, co pozwala na radykalne transformacje w makroskalowej strukturze wszech\u015bwiata. Multiverse Governance: Wprowadzenie mechanizmu zarz\u0105dzania wielo\u015bwiatami, kt\u00f3ry uwzgl\u0119dnia zar\u00f3wno zasady [&hellip;]<\/p>\n","protected":false},"author":2,"featured_media":0,"parent":0,"menu_order":0,"comment_status":"closed","ping_status":"closed","template":"","meta":{"site-sidebar-layout":"default","site-content-layout":"","ast-site-content-layout":"default","site-content-style":"default","site-sidebar-style":"default","ast-global-header-display":"","ast-banner-title-visibility":"","ast-main-header-display":"","ast-hfb-above-header-display":"","ast-hfb-below-header-display":"","ast-hfb-mobile-header-display":"","site-post-title":"","ast-breadcrumbs-content":"","ast-featured-img":"","footer-sml-layout":"","ast-disable-related-posts":"","theme-transparent-header-meta":"","adv-header-id-meta":"","stick-header-meta":"","header-above-stick-meta":"","header-main-stick-meta":"","header-below-stick-meta":"","astra-migrate-meta-layouts":"default","ast-page-background-enabled":"default","ast-page-background-meta":{"desktop":{"background-color":"var(--ast-global-color-4)","background-image":"","background-repeat":"repeat","background-position":"center center","background-size":"auto","background-attachment":"scroll","background-type":"","background-media":"","overlay-type":"","overlay-color":"","overlay-opacity":"","overlay-gradient":""},"tablet":{"background-color":"","background-image":"","background-repeat":"repeat","background-position":"center center","background-size":"auto","background-attachment":"scroll","background-type":"","background-media":"","overlay-type":"","overlay-color":"","overlay-opacity":"","overlay-gradient":""},"mobile":{"background-color":"","background-image":"","background-repeat":"repeat","background-position":"center center","background-size":"auto","background-attachment":"scroll","background-type":"","background-media":"","overlay-type":"","overlay-color":"","overlay-opacity":"","overlay-gradient":""}},"ast-content-background-meta":{"desktop":{"background-color":"var(--ast-global-color-5)","background-image":"","background-repeat":"repeat","background-position":"center center","background-size":"auto","background-attachment":"scroll","background-type":"","background-media":"","overlay-type":"","overlay-color":"","overlay-opacity":"","overlay-gradient":""},"tablet":{"background-color":"var(--ast-global-color-5)","background-image":"","background-repeat":"repeat","background-position":"center center","background-size":"auto","background-attachment":"scroll","background-type":"","background-media":"","overlay-type":"","overlay-color":"","overlay-opacity":"","overlay-gradient":""},"mobile":{"background-color":"var(--ast-global-color-5)","background-image":"","background-repeat":"repeat","background-position":"center center","background-size":"auto","background-attachment":"scroll","background-type":"","background-media":"","overlay-type":"","overlay-color":"","overlay-opacity":"","overlay-gradient":""}},"footnotes":""},"class_list":["post-2949","page","type-page","status-publish","hentry"],"yoast_head":"<!-- This site is optimized with the Yoast SEO plugin v21.9.1 - https:\/\/yoast.com\/wordpress\/plugins\/seo\/ -->\n<title>Transcendent Realms: The Unveiling Cosmos lev.3 - RSCA<\/title>\n<meta name=\"description\" content=\"Rozpocznij wyj\u0105tkow\u0105 podr\u00f3\u017c w kosmiczne rejony gry, gdzie po\u0142\u0105czenie nauki, metafizyki i ultratechnologii otwiera przed tob\u0105 nowe, transcendentne mo\u017cliwo\u015bci. Odkrywaj tajemnice kosmicznych strun, zarz\u0105dzaj multiversum i zdobywaj umiej\u0119tno\u015bci wp\u0142ywania na niesko\u0144czon\u0105 wirtualn\u0105 rzeczywisto\u015b\u0107. Prze\u0142am granice gier, staj\u0105c si\u0119 architektem nieograniczonych wymiar\u00f3w!&quot;\" \/>\n<meta name=\"robots\" content=\"index, follow, max-snippet:-1, max-image-preview:large, max-video-preview:-1\" \/>\n<link rel=\"canonical\" href=\"http:\/\/rsca.grassrootslobbing.pl\/pl_PL\/level-3-transcendent-realms-the-unveiling-cosmos\/\" \/>\n<meta property=\"og:locale\" content=\"pl_PL\" \/>\n<meta property=\"og:type\" content=\"article\" \/>\n<meta property=\"og:title\" content=\"Transcendent Realms: The Unveiling Cosmos lev.3 - RSCA\" \/>\n<meta property=\"og:description\" content=\"Rozpocznij wyj\u0105tkow\u0105 podr\u00f3\u017c w kosmiczne rejony gry, gdzie po\u0142\u0105czenie nauki, metafizyki i ultratechnologii otwiera przed tob\u0105 nowe, transcendentne mo\u017cliwo\u015bci. Odkrywaj tajemnice kosmicznych strun, zarz\u0105dzaj multiversum i zdobywaj umiej\u0119tno\u015bci wp\u0142ywania na niesko\u0144czon\u0105 wirtualn\u0105 rzeczywisto\u015b\u0107. Prze\u0142am granice gier, staj\u0105c si\u0119 architektem nieograniczonych wymiar\u00f3w!&quot;\" \/>\n<meta property=\"og:url\" content=\"http:\/\/rsca.grassrootslobbing.pl\/pl_PL\/level-3-transcendent-realms-the-unveiling-cosmos\/\" \/>\n<meta property=\"og:site_name\" content=\"RSCA\" \/>\n<meta property=\"article:modified_time\" content=\"2024-01-01T16:26:42+00:00\" \/>\n<meta name=\"twitter:card\" content=\"summary_large_image\" \/>\n<meta name=\"twitter:label1\" content=\"Szacowany czas czytania\" \/>\n\t<meta name=\"twitter:data1\" content=\"2 minuty\" \/>\n<script type=\"application\/ld+json\" class=\"yoast-schema-graph\">{\"@context\":\"https:\/\/schema.org\",\"@graph\":[{\"@type\":\"WebPage\",\"@id\":\"http:\/\/rsca.grassrootslobbing.pl\/pl_PL\/level-3-transcendent-realms-the-unveiling-cosmos\/\",\"url\":\"http:\/\/rsca.grassrootslobbing.pl\/pl_PL\/level-3-transcendent-realms-the-unveiling-cosmos\/\",\"name\":\"Transcendent Realms: The Unveiling Cosmos lev.3 - RSCA\",\"isPartOf\":{\"@id\":\"http:\/\/rsca.grassrootslobbing.pl\/pl_PL\/#website\"},\"datePublished\":\"2024-01-01T13:13:10+00:00\",\"dateModified\":\"2024-01-01T16:26:42+00:00\",\"description\":\"Rozpocznij wyj\u0105tkow\u0105 podr\u00f3\u017c w kosmiczne rejony gry, gdzie po\u0142\u0105czenie nauki, metafizyki i ultratechnologii otwiera przed tob\u0105 nowe, transcendentne mo\u017cliwo\u015bci. Odkrywaj tajemnice kosmicznych strun, zarz\u0105dzaj multiversum i zdobywaj umiej\u0119tno\u015bci wp\u0142ywania na niesko\u0144czon\u0105 wirtualn\u0105 rzeczywisto\u015b\u0107. Prze\u0142am granice gier, staj\u0105c si\u0119 architektem nieograniczonych wymiar\u00f3w!\\\"\",\"inLanguage\":\"pl-PL\",\"potentialAction\":[{\"@type\":\"ReadAction\",\"target\":[\"http:\/\/rsca.grassrootslobbing.pl\/pl_PL\/level-3-transcendent-realms-the-unveiling-cosmos\/\"]}]},{\"@type\":\"WebSite\",\"@id\":\"http:\/\/rsca.grassrootslobbing.pl\/pl_PL\/#website\",\"url\":\"http:\/\/rsca.grassrootslobbing.pl\/pl_PL\/\",\"name\":\"Reality Source Code Acces\",\"description\":\"\",\"publisher\":{\"@id\":\"http:\/\/rsca.grassrootslobbing.pl\/pl_PL\/#organization\"},\"potentialAction\":[{\"@type\":\"SearchAction\",\"target\":{\"@type\":\"EntryPoint\",\"urlTemplate\":\"http:\/\/rsca.grassrootslobbing.pl\/pl_PL\/?s={search_term_string}\"},\"query-input\":\"required name=search_term_string\"}],\"inLanguage\":\"pl-PL\"},{\"@type\":\"Organization\",\"@id\":\"http:\/\/rsca.grassrootslobbing.pl\/pl_PL\/#organization\",\"name\":\"Konsult 0n40i4\",\"url\":\"http:\/\/rsca.grassrootslobbing.pl\/pl_PL\/\",\"logo\":{\"@type\":\"ImageObject\",\"inLanguage\":\"pl-PL\",\"@id\":\"http:\/\/rsca.grassrootslobbing.pl\/pl_PL\/#\/schema\/logo\/image\/\",\"url\":\"http:\/\/rsca.grassrootslobbing.pl\/wp-content\/uploads\/2023\/12\/cropped-DALL\u00b7E-2023-12-31-08.54.33-A-modern-and-abstract-logo-for-Konsult-0n40i4-representing-an-interdimensional-legal-system.-The-design-should-embody-themes-of-law-dimensions-an.png\",\"contentUrl\":\"http:\/\/rsca.grassrootslobbing.pl\/wp-content\/uploads\/2023\/12\/cropped-DALL\u00b7E-2023-12-31-08.54.33-A-modern-and-abstract-logo-for-Konsult-0n40i4-representing-an-interdimensional-legal-system.-The-design-should-embody-themes-of-law-dimensions-an.png\",\"width\":1024,\"height\":835,\"caption\":\"Konsult 0n40i4\"},\"image\":{\"@id\":\"http:\/\/rsca.grassrootslobbing.pl\/pl_PL\/#\/schema\/logo\/image\/\"}}]}<\/script>\n<!-- \/ Yoast SEO plugin. -->","yoast_head_json":{"title":"Transcendent Realms: The Unveiling Cosmos lev.3 - RSCA","description":"Rozpocznij wyj\u0105tkow\u0105 podr\u00f3\u017c w kosmiczne rejony gry, gdzie po\u0142\u0105czenie nauki, metafizyki i ultratechnologii otwiera przed tob\u0105 nowe, transcendentne mo\u017cliwo\u015bci. Odkrywaj tajemnice kosmicznych strun, zarz\u0105dzaj multiversum i zdobywaj umiej\u0119tno\u015bci wp\u0142ywania na niesko\u0144czon\u0105 wirtualn\u0105 rzeczywisto\u015b\u0107. Prze\u0142am granice gier, staj\u0105c si\u0119 architektem nieograniczonych wymiar\u00f3w!\"","robots":{"index":"index","follow":"follow","max-snippet":"max-snippet:-1","max-image-preview":"max-image-preview:large","max-video-preview":"max-video-preview:-1"},"canonical":"http:\/\/rsca.grassrootslobbing.pl\/pl_PL\/level-3-transcendent-realms-the-unveiling-cosmos\/","og_locale":"pl_PL","og_type":"article","og_title":"Transcendent Realms: The Unveiling Cosmos lev.3 - RSCA","og_description":"Rozpocznij wyj\u0105tkow\u0105 podr\u00f3\u017c w kosmiczne rejony gry, gdzie po\u0142\u0105czenie nauki, metafizyki i ultratechnologii otwiera przed tob\u0105 nowe, transcendentne mo\u017cliwo\u015bci. Odkrywaj tajemnice kosmicznych strun, zarz\u0105dzaj multiversum i zdobywaj umiej\u0119tno\u015bci wp\u0142ywania na niesko\u0144czon\u0105 wirtualn\u0105 rzeczywisto\u015b\u0107. Prze\u0142am granice gier, staj\u0105c si\u0119 architektem nieograniczonych wymiar\u00f3w!\"","og_url":"http:\/\/rsca.grassrootslobbing.pl\/pl_PL\/level-3-transcendent-realms-the-unveiling-cosmos\/","og_site_name":"RSCA","article_modified_time":"2024-01-01T16:26:42+00:00","twitter_card":"summary_large_image","twitter_misc":{"Szacowany czas czytania":"2 minuty"},"schema":{"@context":"https:\/\/schema.org","@graph":[{"@type":"WebPage","@id":"http:\/\/rsca.grassrootslobbing.pl\/pl_PL\/level-3-transcendent-realms-the-unveiling-cosmos\/","url":"http:\/\/rsca.grassrootslobbing.pl\/pl_PL\/level-3-transcendent-realms-the-unveiling-cosmos\/","name":"Transcendent Realms: The Unveiling Cosmos lev.3 - RSCA","isPartOf":{"@id":"http:\/\/rsca.grassrootslobbing.pl\/pl_PL\/#website"},"datePublished":"2024-01-01T13:13:10+00:00","dateModified":"2024-01-01T16:26:42+00:00","description":"Rozpocznij wyj\u0105tkow\u0105 podr\u00f3\u017c w kosmiczne rejony gry, gdzie po\u0142\u0105czenie nauki, metafizyki i ultratechnologii otwiera przed tob\u0105 nowe, transcendentne mo\u017cliwo\u015bci. Odkrywaj tajemnice kosmicznych strun, zarz\u0105dzaj multiversum i zdobywaj umiej\u0119tno\u015bci wp\u0142ywania na niesko\u0144czon\u0105 wirtualn\u0105 rzeczywisto\u015b\u0107. Prze\u0142am granice gier, staj\u0105c si\u0119 architektem nieograniczonych wymiar\u00f3w!\"","inLanguage":"pl-PL","potentialAction":[{"@type":"ReadAction","target":["http:\/\/rsca.grassrootslobbing.pl\/pl_PL\/level-3-transcendent-realms-the-unveiling-cosmos\/"]}]},{"@type":"WebSite","@id":"http:\/\/rsca.grassrootslobbing.pl\/pl_PL\/#website","url":"http:\/\/rsca.grassrootslobbing.pl\/pl_PL\/","name":"Reality Source Code Acces","description":"","publisher":{"@id":"http:\/\/rsca.grassrootslobbing.pl\/pl_PL\/#organization"},"potentialAction":[{"@type":"SearchAction","target":{"@type":"EntryPoint","urlTemplate":"http:\/\/rsca.grassrootslobbing.pl\/pl_PL\/?s={search_term_string}"},"query-input":"required name=search_term_string"}],"inLanguage":"pl-PL"},{"@type":"Organization","@id":"http:\/\/rsca.grassrootslobbing.pl\/pl_PL\/#organization","name":"Konsult 0n40i4","url":"http:\/\/rsca.grassrootslobbing.pl\/pl_PL\/","logo":{"@type":"ImageObject","inLanguage":"pl-PL","@id":"http:\/\/rsca.grassrootslobbing.pl\/pl_PL\/#\/schema\/logo\/image\/","url":"http:\/\/rsca.grassrootslobbing.pl\/wp-content\/uploads\/2023\/12\/cropped-DALL\u00b7E-2023-12-31-08.54.33-A-modern-and-abstract-logo-for-Konsult-0n40i4-representing-an-interdimensional-legal-system.-The-design-should-embody-themes-of-law-dimensions-an.png","contentUrl":"http:\/\/rsca.grassrootslobbing.pl\/wp-content\/uploads\/2023\/12\/cropped-DALL\u00b7E-2023-12-31-08.54.33-A-modern-and-abstract-logo-for-Konsult-0n40i4-representing-an-interdimensional-legal-system.-The-design-should-embody-themes-of-law-dimensions-an.png","width":1024,"height":835,"caption":"Konsult 0n40i4"},"image":{"@id":"http:\/\/rsca.grassrootslobbing.pl\/pl_PL\/#\/schema\/logo\/image\/"}}]}},"_links":{"self":[{"href":"http:\/\/rsca.grassrootslobbing.pl\/pl_PL\/wp-json\/wp\/v2\/pages\/2949","targetHints":{"allow":["GET"]}}],"collection":[{"href":"http:\/\/rsca.grassrootslobbing.pl\/pl_PL\/wp-json\/wp\/v2\/pages"}],"about":[{"href":"http:\/\/rsca.grassrootslobbing.pl\/pl_PL\/wp-json\/wp\/v2\/types\/page"}],"author":[{"embeddable":true,"href":"http:\/\/rsca.grassrootslobbing.pl\/pl_PL\/wp-json\/wp\/v2\/users\/2"}],"replies":[{"embeddable":true,"href":"http:\/\/rsca.grassrootslobbing.pl\/pl_PL\/wp-json\/wp\/v2\/comments?post=2949"}],"version-history":[{"count":5,"href":"http:\/\/rsca.grassrootslobbing.pl\/pl_PL\/wp-json\/wp\/v2\/pages\/2949\/revisions"}],"predecessor-version":[{"id":2993,"href":"http:\/\/rsca.grassrootslobbing.pl\/pl_PL\/wp-json\/wp\/v2\/pages\/2949\/revisions\/2993"}],"wp:attachment":[{"href":"http:\/\/rsca.grassrootslobbing.pl\/pl_PL\/wp-json\/wp\/v2\/media?parent=2949"}],"curies":[{"name":"wp","href":"https:\/\/api.w.org\/{rel}","templated":true}]}}