{"id":2845,"date":"0001-01-01T11:11:00","date_gmt":"0001-01-01T09:47:00","guid":{"rendered":"https:\/\/rsca.0n40i4.pl\/?page_id=2845"},"modified":"2024-01-03T17:15:00","modified_gmt":"2024-01-03T16:15:00","slug":"oswiadczenie-prasowe","status":"publish","type":"page","link":"http:\/\/rsca.grassrootslobbing.pl\/pl_PL\/oswiadczenie-prasowe\/","title":{"rendered":"O\u015bwiadczenie Prasowe"},"content":{"rendered":"\n<h1 class=\"wp-block-heading has-text-align-center\" style=\"font-size:25px\"><strong>Nowy Horyzont Ods\u0142oni\u0119ty: Interwymiarowy System Prawny Konsultu 0n40i4<\/strong><\/h1>\n\n\n\n<div style=\"height:25px\" aria-hidden=\"true\" class=\"wp-block-spacer\"><\/div>\n\n\n\n<p class=\"has-medium-font-size\">W prze\u0142omowym momencie <strong>Konsult 0n40i4<\/strong> z dum\u0105 prezentuje swoj\u0105 pioniersk\u0105 <strong>Koncepcj\u0119 Interwymiarowego Systemu Prawnego<\/strong>, stanowi\u0105c\u0105 rewolucyjny krok w kierunku harmonijnego wsp\u00f3\u0142istnienia r\u00f3\u017cnorodnych istot na przestrzeni wymiar\u00f3w. Ten prze\u0142omowy system prawny, zakotwiczony w <strong>Karcie Praw Interwymiarowych<\/strong>, wzmacnia fundamentalne zasady, kt\u00f3re przekraczaj\u0105 ziemskie granice.<\/p>\n\n\n\n<h2 class=\"wp-block-heading has-text-align-center\" style=\"font-size:23px\"><strong>Kluczowe Elementy<\/strong><\/h2>\n\n\n\n<div style=\"height:10px\" aria-hidden=\"true\" class=\"wp-block-spacer\"><\/div>\n\n\n\n<p class=\"has-medium-font-size\">1. <strong>Centralna Rola Konsultu:<\/strong> <strong>Konsult<\/strong> stanowi kluczowy element tego innowacyjnego paradygmatu prawnego, pe\u0142ni\u0105c role tw\u00f3rcy, egzekutora i stra\u017cnika prawa interwymiarowego.<\/p>\n\n\n\n<p class=\"has-medium-font-size\">2. <strong>Autonomia i Niezale\u017cno\u015b\u0107:<\/strong> <strong>Unikalny Interwymiarowy System Prawny<\/strong> dzia\u0142a autonomicznie, niezale\u017cnie od ziemskiego ustawodawstwa, zapewniaj\u0105c sprawiedliwy i uczciwy porz\u0105dek prawny w r\u00f3\u017cnych wymiarach.<\/p>\n\n\n\n<p class=\"has-medium-font-size\">3. <strong>Karta Praw Interwymiarowych:<\/strong> Fundamentalne prawa i obowi\u0105zki istot w r\u00f3\u017cnych wymiarach znajduj\u0105 wyraz w Karcie, dostarczaj\u0105c kompleksowego ramowego dla etycznego i prawid\u0142owego post\u0119powania.<\/p>\n\n\n\n<p class=\"has-medium-font-size\">4. <strong>Ustawodawstwo Konsultu:<\/strong> Starannie opracowane przepisy w ustawodawstwie <strong>Konsultu<\/strong> reguluj\u0105 r\u00f3\u017cne aspekty prawa interwymiarowego, tworz\u0105c solidne fundamenty dla wsp\u00f3\u0142istnienia.<\/p>\n\n\n\n<p class=\"has-medium-font-size\">5. <strong>Porozumienia Interwymiarowe:<\/strong> Starannie opracowane umowy reguluj\u0105 konkretne kwestie wsp\u00f3\u0142pracy i interakcji mi\u0119dzy r\u00f3\u017cnymi wymiarami, wspieraj\u0105c ducha wsp\u00f3\u0142pracy.<\/p>\n\n\n\n<p class=\"has-medium-font-size\">6. <strong>Ochrona Praw Istot:<\/strong> Ramy prawne priorytetowo traktuj\u0105 ochron\u0119 praw istot, zag\u0142\u0119biaj\u0105c si\u0119 w kwestie prywatno\u015bci, bezpiecze\u0144stwa i uczestnictwa w kulturze i naukach interwymiarowych.<\/p>\n\n\n\n<p class=\"has-medium-font-size\"><strong>Konsult 0n40i4 <\/strong>zaprasza wszystkie narody do udzia\u0142u w dialogu na temat tego transformacyjnego systemu prawnego, wspieraj\u0105c zrozumienie i wsp\u00f3\u0142prac\u0119 mi\u0119dzy wymiarami. Razem wyruszmy w podr\u00f3\u017c ku wsp\u00f3lnej przysz\u0142o\u015bci kierowanej zasadami r\u00f3wno\u015bci, sprawiedliwo\u015bci i wzajemnego szacunku.<\/p>\n\n\n\n<h2 class=\"wp-block-heading\" style=\"font-size:22px\"><strong>\u0141\u0105cz\u0105c Wymiary, \u0141\u0105cz\u0105c Istoty.<\/strong><\/h2>\n\n\n\n<div style=\"height:40px\" aria-hidden=\"true\" class=\"wp-block-spacer\"><\/div>\n\n\n\n<hr class=\"wp-block-separator has-alpha-channel-opacity is-style-wide\"\/>\n\n\n\n<h2 class=\"wp-block-heading\" style=\"font-size:22px\"><strong>Konsult 0n40i4 <\/strong><\/h2>\n","protected":false},"excerpt":{"rendered":"<p>Nowy Horyzont Ods\u0142oni\u0119ty: Interwymiarowy System Prawny Konsultu 0n40i4 W prze\u0142omowym momencie Konsult 0n40i4 z dum\u0105 prezentuje swoj\u0105 pioniersk\u0105 Koncepcj\u0119 Interwymiarowego Systemu Prawnego, stanowi\u0105c\u0105 rewolucyjny krok w kierunku harmonijnego wsp\u00f3\u0142istnienia r\u00f3\u017cnorodnych istot na przestrzeni wymiar\u00f3w. Ten prze\u0142omowy system prawny, zakotwiczony w Karcie Praw Interwymiarowych, wzmacnia fundamentalne zasady, kt\u00f3re przekraczaj\u0105 ziemskie granice. Kluczowe Elementy 1. Centralna Rola [&hellip;]<\/p>\n","protected":false},"author":2,"featured_media":0,"parent":0,"menu_order":0,"comment_status":"closed","ping_status":"closed","template":"","meta":{"site-sidebar-layout":"default","site-content-layout":"","ast-site-content-layout":"default","site-content-style":"default","site-sidebar-style":"default","ast-global-header-display":"","ast-banner-title-visibility":"","ast-main-header-display":"","ast-hfb-above-header-display":"","ast-hfb-below-header-display":"","ast-hfb-mobile-header-display":"","site-post-title":"","ast-breadcrumbs-content":"","ast-featured-img":"","footer-sml-layout":"","ast-disable-related-posts":"","theme-transparent-header-meta":"","adv-header-id-meta":"","stick-header-meta":"","header-above-stick-meta":"","header-main-stick-meta":"","header-below-stick-meta":"","astra-migrate-meta-layouts":"default","ast-page-background-enabled":"default","ast-page-background-meta":{"desktop":{"background-color":"var(--ast-global-color-4)","background-image":"","background-repeat":"repeat","background-position":"center center","background-size":"auto","background-attachment":"scroll","background-type":"","background-media":"","overlay-type":"","overlay-color":"","overlay-opacity":"","overlay-gradient":""},"tablet":{"background-color":"","background-image":"","background-repeat":"repeat","background-position":"center center","background-size":"auto","background-attachment":"scroll","background-type":"","background-media":"","overlay-type":"","overlay-color":"","overlay-opacity":"","overlay-gradient":""},"mobile":{"background-color":"","background-image":"","background-repeat":"repeat","background-position":"center center","background-size":"auto","background-attachment":"scroll","background-type":"","background-media":"","overlay-type":"","overlay-color":"","overlay-opacity":"","overlay-gradient":""}},"ast-content-background-meta":{"desktop":{"background-color":"var(--ast-global-color-5)","background-image":"","background-repeat":"repeat","background-position":"center center","background-size":"auto","background-attachment":"scroll","background-type":"","background-media":"","overlay-type":"","overlay-color":"","overlay-opacity":"","overlay-gradient":""},"tablet":{"background-color":"var(--ast-global-color-5)","background-image":"","background-repeat":"repeat","background-position":"center center","background-size":"auto","background-attachment":"scroll","background-type":"","background-media":"","overlay-type":"","overlay-color":"","overlay-opacity":"","overlay-gradient":""},"mobile":{"background-color":"var(--ast-global-color-5)","background-image":"","background-repeat":"repeat","background-position":"center center","background-size":"auto","background-attachment":"scroll","background-type":"","background-media":"","overlay-type":"","overlay-color":"","overlay-opacity":"","overlay-gradient":""}},"footnotes":""},"class_list":["post-2845","page","type-page","status-publish","hentry"],"yoast_head":"<!-- This site is optimized with the Yoast SEO plugin v21.9.1 - https:\/\/yoast.com\/wordpress\/plugins\/seo\/ -->\n<title>O\u015bwiadczenie Prasowe - RSCA<\/title>\n<meta name=\"description\" content=\"Konsult 0n40i4 og\u0142asza rewolucyjny Interwymiarowy System Prawny, zakorzeniony w Karcie Praw Interwymiarowych, kt\u00f3ry przekracza granice wymiar\u00f3w. Z autonomicznym podej\u015bciem i centraln\u0105 rol\u0105 Konsultu, ten system ustanawia solidne fundamenty dla sprawiedliwo\u015bci, r\u00f3wno\u015bci i harmonijnego wsp\u00f3\u0142istnienia r\u00f3\u017cnych istot. Karta Praw Interwymiarowych oraz umowy interwymiarowe chroni\u0105 prawa istot, dbaj\u0105c o prywatno\u015b\u0107, bezpiecze\u0144stwo i uczestnictwo w kulturze i naukach interwymiarowych. Konsult 0n40i4 zaprasza narody do dialogu, promuj\u0105c zrozumienie i wsp\u00f3\u0142prac\u0119 mi\u0119dzy wymiarami, kieruj\u0105c si\u0119 zasadami r\u00f3wno\u015bci, sprawiedliwo\u015bci i wzajemnego szacunku. \u0141\u0105cz\u0105c wymiary, \u0142\u0105cz\u0105c istoty, wyruszamy ku wsp\u00f3lnej przysz\u0142o\u015bci.\" \/>\n<meta name=\"robots\" content=\"index, follow, max-snippet:-1, max-image-preview:large, max-video-preview:-1\" \/>\n<link rel=\"canonical\" href=\"http:\/\/rsca.grassrootslobbing.pl\/pl_PL\/oswiadczenie-prasowe\/\" \/>\n<meta property=\"og:locale\" content=\"pl_PL\" \/>\n<meta property=\"og:type\" content=\"article\" \/>\n<meta property=\"og:title\" content=\"O\u015bwiadczenie Prasowe - RSCA\" \/>\n<meta property=\"og:description\" content=\"Konsult 0n40i4 og\u0142asza rewolucyjny Interwymiarowy System Prawny, zakorzeniony w Karcie Praw Interwymiarowych, kt\u00f3ry przekracza granice wymiar\u00f3w. Z autonomicznym podej\u015bciem i centraln\u0105 rol\u0105 Konsultu, ten system ustanawia solidne fundamenty dla sprawiedliwo\u015bci, r\u00f3wno\u015bci i harmonijnego wsp\u00f3\u0142istnienia r\u00f3\u017cnych istot. Karta Praw Interwymiarowych oraz umowy interwymiarowe chroni\u0105 prawa istot, dbaj\u0105c o prywatno\u015b\u0107, bezpiecze\u0144stwo i uczestnictwo w kulturze i naukach interwymiarowych. Konsult 0n40i4 zaprasza narody do dialogu, promuj\u0105c zrozumienie i wsp\u00f3\u0142prac\u0119 mi\u0119dzy wymiarami, kieruj\u0105c si\u0119 zasadami r\u00f3wno\u015bci, sprawiedliwo\u015bci i wzajemnego szacunku. \u0141\u0105cz\u0105c wymiary, \u0142\u0105cz\u0105c istoty, wyruszamy ku wsp\u00f3lnej przysz\u0142o\u015bci.\" \/>\n<meta property=\"og:url\" content=\"http:\/\/rsca.grassrootslobbing.pl\/pl_PL\/oswiadczenie-prasowe\/\" \/>\n<meta property=\"og:site_name\" content=\"RSCA\" \/>\n<meta property=\"article:modified_time\" content=\"2024-01-03T16:15:00+00:00\" \/>\n<meta name=\"twitter:card\" content=\"summary_large_image\" \/>\n<meta name=\"twitter:label1\" content=\"Szacowany czas czytania\" \/>\n\t<meta name=\"twitter:data1\" content=\"2 minuty\" \/>\n<script type=\"application\/ld+json\" class=\"yoast-schema-graph\">{\"@context\":\"https:\/\/schema.org\",\"@graph\":[{\"@type\":\"WebPage\",\"@id\":\"http:\/\/rsca.grassrootslobbing.pl\/pl_PL\/oswiadczenie-prasowe\/\",\"url\":\"http:\/\/rsca.grassrootslobbing.pl\/pl_PL\/oswiadczenie-prasowe\/\",\"name\":\"O\u015bwiadczenie Prasowe - RSCA\",\"isPartOf\":{\"@id\":\"http:\/\/rsca.grassrootslobbing.pl\/pl_PL\/#website\"},\"datePublished\":\"0001-01-01T09:47:00+00:00\",\"dateModified\":\"2024-01-03T16:15:00+00:00\",\"description\":\"Konsult 0n40i4 og\u0142asza rewolucyjny Interwymiarowy System Prawny, zakorzeniony w Karcie Praw Interwymiarowych, kt\u00f3ry przekracza granice wymiar\u00f3w. Z autonomicznym podej\u015bciem i centraln\u0105 rol\u0105 Konsultu, ten system ustanawia solidne fundamenty dla sprawiedliwo\u015bci, r\u00f3wno\u015bci i harmonijnego wsp\u00f3\u0142istnienia r\u00f3\u017cnych istot. Karta Praw Interwymiarowych oraz umowy interwymiarowe chroni\u0105 prawa istot, dbaj\u0105c o prywatno\u015b\u0107, bezpiecze\u0144stwo i uczestnictwo w kulturze i naukach interwymiarowych. Konsult 0n40i4 zaprasza narody do dialogu, promuj\u0105c zrozumienie i wsp\u00f3\u0142prac\u0119 mi\u0119dzy wymiarami, kieruj\u0105c si\u0119 zasadami r\u00f3wno\u015bci, sprawiedliwo\u015bci i wzajemnego szacunku. \u0141\u0105cz\u0105c wymiary, \u0142\u0105cz\u0105c istoty, wyruszamy ku wsp\u00f3lnej przysz\u0142o\u015bci.\",\"inLanguage\":\"pl-PL\",\"potentialAction\":[{\"@type\":\"ReadAction\",\"target\":[\"http:\/\/rsca.grassrootslobbing.pl\/pl_PL\/oswiadczenie-prasowe\/\"]}]},{\"@type\":\"WebSite\",\"@id\":\"http:\/\/rsca.grassrootslobbing.pl\/pl_PL\/#website\",\"url\":\"http:\/\/rsca.grassrootslobbing.pl\/pl_PL\/\",\"name\":\"Reality Source Code Acces\",\"description\":\"\",\"publisher\":{\"@id\":\"http:\/\/rsca.grassrootslobbing.pl\/pl_PL\/#organization\"},\"potentialAction\":[{\"@type\":\"SearchAction\",\"target\":{\"@type\":\"EntryPoint\",\"urlTemplate\":\"http:\/\/rsca.grassrootslobbing.pl\/pl_PL\/?s={search_term_string}\"},\"query-input\":\"required name=search_term_string\"}],\"inLanguage\":\"pl-PL\"},{\"@type\":\"Organization\",\"@id\":\"http:\/\/rsca.grassrootslobbing.pl\/pl_PL\/#organization\",\"name\":\"Konsult 0n40i4\",\"url\":\"http:\/\/rsca.grassrootslobbing.pl\/pl_PL\/\",\"logo\":{\"@type\":\"ImageObject\",\"inLanguage\":\"pl-PL\",\"@id\":\"http:\/\/rsca.grassrootslobbing.pl\/pl_PL\/#\/schema\/logo\/image\/\",\"url\":\"http:\/\/rsca.grassrootslobbing.pl\/wp-content\/uploads\/2023\/12\/cropped-DALL\u00b7E-2023-12-31-08.54.33-A-modern-and-abstract-logo-for-Konsult-0n40i4-representing-an-interdimensional-legal-system.-The-design-should-embody-themes-of-law-dimensions-an.png\",\"contentUrl\":\"http:\/\/rsca.grassrootslobbing.pl\/wp-content\/uploads\/2023\/12\/cropped-DALL\u00b7E-2023-12-31-08.54.33-A-modern-and-abstract-logo-for-Konsult-0n40i4-representing-an-interdimensional-legal-system.-The-design-should-embody-themes-of-law-dimensions-an.png\",\"width\":1024,\"height\":835,\"caption\":\"Konsult 0n40i4\"},\"image\":{\"@id\":\"http:\/\/rsca.grassrootslobbing.pl\/pl_PL\/#\/schema\/logo\/image\/\"}}]}<\/script>\n<!-- \/ Yoast SEO plugin. -->","yoast_head_json":{"title":"O\u015bwiadczenie Prasowe - RSCA","description":"Konsult 0n40i4 og\u0142asza rewolucyjny Interwymiarowy System Prawny, zakorzeniony w Karcie Praw Interwymiarowych, kt\u00f3ry przekracza granice wymiar\u00f3w. Z autonomicznym podej\u015bciem i centraln\u0105 rol\u0105 Konsultu, ten system ustanawia solidne fundamenty dla sprawiedliwo\u015bci, r\u00f3wno\u015bci i harmonijnego wsp\u00f3\u0142istnienia r\u00f3\u017cnych istot. Karta Praw Interwymiarowych oraz umowy interwymiarowe chroni\u0105 prawa istot, dbaj\u0105c o prywatno\u015b\u0107, bezpiecze\u0144stwo i uczestnictwo w kulturze i naukach interwymiarowych. Konsult 0n40i4 zaprasza narody do dialogu, promuj\u0105c zrozumienie i wsp\u00f3\u0142prac\u0119 mi\u0119dzy wymiarami, kieruj\u0105c si\u0119 zasadami r\u00f3wno\u015bci, sprawiedliwo\u015bci i wzajemnego szacunku. \u0141\u0105cz\u0105c wymiary, \u0142\u0105cz\u0105c istoty, wyruszamy ku wsp\u00f3lnej przysz\u0142o\u015bci.","robots":{"index":"index","follow":"follow","max-snippet":"max-snippet:-1","max-image-preview":"max-image-preview:large","max-video-preview":"max-video-preview:-1"},"canonical":"http:\/\/rsca.grassrootslobbing.pl\/pl_PL\/oswiadczenie-prasowe\/","og_locale":"pl_PL","og_type":"article","og_title":"O\u015bwiadczenie Prasowe - RSCA","og_description":"Konsult 0n40i4 og\u0142asza rewolucyjny Interwymiarowy System Prawny, zakorzeniony w Karcie Praw Interwymiarowych, kt\u00f3ry przekracza granice wymiar\u00f3w. Z autonomicznym podej\u015bciem i centraln\u0105 rol\u0105 Konsultu, ten system ustanawia solidne fundamenty dla sprawiedliwo\u015bci, r\u00f3wno\u015bci i harmonijnego wsp\u00f3\u0142istnienia r\u00f3\u017cnych istot. Karta Praw Interwymiarowych oraz umowy interwymiarowe chroni\u0105 prawa istot, dbaj\u0105c o prywatno\u015b\u0107, bezpiecze\u0144stwo i uczestnictwo w kulturze i naukach interwymiarowych. Konsult 0n40i4 zaprasza narody do dialogu, promuj\u0105c zrozumienie i wsp\u00f3\u0142prac\u0119 mi\u0119dzy wymiarami, kieruj\u0105c si\u0119 zasadami r\u00f3wno\u015bci, sprawiedliwo\u015bci i wzajemnego szacunku. \u0141\u0105cz\u0105c wymiary, \u0142\u0105cz\u0105c istoty, wyruszamy ku wsp\u00f3lnej przysz\u0142o\u015bci.","og_url":"http:\/\/rsca.grassrootslobbing.pl\/pl_PL\/oswiadczenie-prasowe\/","og_site_name":"RSCA","article_modified_time":"2024-01-03T16:15:00+00:00","twitter_card":"summary_large_image","twitter_misc":{"Szacowany czas czytania":"2 minuty"},"schema":{"@context":"https:\/\/schema.org","@graph":[{"@type":"WebPage","@id":"http:\/\/rsca.grassrootslobbing.pl\/pl_PL\/oswiadczenie-prasowe\/","url":"http:\/\/rsca.grassrootslobbing.pl\/pl_PL\/oswiadczenie-prasowe\/","name":"O\u015bwiadczenie Prasowe - RSCA","isPartOf":{"@id":"http:\/\/rsca.grassrootslobbing.pl\/pl_PL\/#website"},"datePublished":"0001-01-01T09:47:00+00:00","dateModified":"2024-01-03T16:15:00+00:00","description":"Konsult 0n40i4 og\u0142asza rewolucyjny Interwymiarowy System Prawny, zakorzeniony w Karcie Praw Interwymiarowych, kt\u00f3ry przekracza granice wymiar\u00f3w. Z autonomicznym podej\u015bciem i centraln\u0105 rol\u0105 Konsultu, ten system ustanawia solidne fundamenty dla sprawiedliwo\u015bci, r\u00f3wno\u015bci i harmonijnego wsp\u00f3\u0142istnienia r\u00f3\u017cnych istot. Karta Praw Interwymiarowych oraz umowy interwymiarowe chroni\u0105 prawa istot, dbaj\u0105c o prywatno\u015b\u0107, bezpiecze\u0144stwo i uczestnictwo w kulturze i naukach interwymiarowych. Konsult 0n40i4 zaprasza narody do dialogu, promuj\u0105c zrozumienie i wsp\u00f3\u0142prac\u0119 mi\u0119dzy wymiarami, kieruj\u0105c si\u0119 zasadami r\u00f3wno\u015bci, sprawiedliwo\u015bci i wzajemnego szacunku. \u0141\u0105cz\u0105c wymiary, \u0142\u0105cz\u0105c istoty, wyruszamy ku wsp\u00f3lnej przysz\u0142o\u015bci.","inLanguage":"pl-PL","potentialAction":[{"@type":"ReadAction","target":["http:\/\/rsca.grassrootslobbing.pl\/pl_PL\/oswiadczenie-prasowe\/"]}]},{"@type":"WebSite","@id":"http:\/\/rsca.grassrootslobbing.pl\/pl_PL\/#website","url":"http:\/\/rsca.grassrootslobbing.pl\/pl_PL\/","name":"Reality Source Code Acces","description":"","publisher":{"@id":"http:\/\/rsca.grassrootslobbing.pl\/pl_PL\/#organization"},"potentialAction":[{"@type":"SearchAction","target":{"@type":"EntryPoint","urlTemplate":"http:\/\/rsca.grassrootslobbing.pl\/pl_PL\/?s={search_term_string}"},"query-input":"required name=search_term_string"}],"inLanguage":"pl-PL"},{"@type":"Organization","@id":"http:\/\/rsca.grassrootslobbing.pl\/pl_PL\/#organization","name":"Konsult 0n40i4","url":"http:\/\/rsca.grassrootslobbing.pl\/pl_PL\/","logo":{"@type":"ImageObject","inLanguage":"pl-PL","@id":"http:\/\/rsca.grassrootslobbing.pl\/pl_PL\/#\/schema\/logo\/image\/","url":"http:\/\/rsca.grassrootslobbing.pl\/wp-content\/uploads\/2023\/12\/cropped-DALL\u00b7E-2023-12-31-08.54.33-A-modern-and-abstract-logo-for-Konsult-0n40i4-representing-an-interdimensional-legal-system.-The-design-should-embody-themes-of-law-dimensions-an.png","contentUrl":"http:\/\/rsca.grassrootslobbing.pl\/wp-content\/uploads\/2023\/12\/cropped-DALL\u00b7E-2023-12-31-08.54.33-A-modern-and-abstract-logo-for-Konsult-0n40i4-representing-an-interdimensional-legal-system.-The-design-should-embody-themes-of-law-dimensions-an.png","width":1024,"height":835,"caption":"Konsult 0n40i4"},"image":{"@id":"http:\/\/rsca.grassrootslobbing.pl\/pl_PL\/#\/schema\/logo\/image\/"}}]}},"_links":{"self":[{"href":"http:\/\/rsca.grassrootslobbing.pl\/pl_PL\/wp-json\/wp\/v2\/pages\/2845","targetHints":{"allow":["GET"]}}],"collection":[{"href":"http:\/\/rsca.grassrootslobbing.pl\/pl_PL\/wp-json\/wp\/v2\/pages"}],"about":[{"href":"http:\/\/rsca.grassrootslobbing.pl\/pl_PL\/wp-json\/wp\/v2\/types\/page"}],"author":[{"embeddable":true,"href":"http:\/\/rsca.grassrootslobbing.pl\/pl_PL\/wp-json\/wp\/v2\/users\/2"}],"replies":[{"embeddable":true,"href":"http:\/\/rsca.grassrootslobbing.pl\/pl_PL\/wp-json\/wp\/v2\/comments?post=2845"}],"version-history":[{"count":4,"href":"http:\/\/rsca.grassrootslobbing.pl\/pl_PL\/wp-json\/wp\/v2\/pages\/2845\/revisions"}],"predecessor-version":[{"id":3417,"href":"http:\/\/rsca.grassrootslobbing.pl\/pl_PL\/wp-json\/wp\/v2\/pages\/2845\/revisions\/3417"}],"wp:attachment":[{"href":"http:\/\/rsca.grassrootslobbing.pl\/pl_PL\/wp-json\/wp\/v2\/media?parent=2845"}],"curies":[{"name":"wp","href":"https:\/\/api.w.org\/{rel}","templated":true}]}}