{"id":2818,"date":"0001-01-01T05:42:00","date_gmt":"0001-01-01T04:18:00","guid":{"rendered":"https:\/\/rsca.0n40i4.pl\/?page_id=2818"},"modified":"2024-01-08T11:36:27","modified_gmt":"2024-01-08T10:36:27","slug":"holograficzna-synteza-prawa","status":"publish","type":"page","link":"http:\/\/rsca.grassrootslobbing.pl\/pl_PL\/holograficzna-synteza-prawa\/","title":{"rendered":"Holograficzna Synteza Prawa"},"content":{"rendered":"\n<h1 class=\"wp-block-heading has-text-align-center\" style=\"font-size:25px\"><strong>Ku Wszechstronnemu Rozumieniu Z\u0142o\u017cono\u015bci Rzeczywisto\u015bci<\/strong><\/h1>\n\n\n\n<h2 class=\"wp-block-heading has-text-align-center\" style=\"font-size:23px\"><strong>Abstrakt<\/strong><\/h2>\n\n\n\n<p class=\"has-medium-font-size\">W obliczu bezprecedensowego post\u0119pu technologicznego, nasze tradycyjne podej\u015bcie do prawa i zrozumienia rzeczywisto\u015bci staje przed wyzwaniem adaptacji do z\u0142o\u017cono\u015bci i dynamiczno\u015bci wsp\u00f3\u0142czesnego \u015bwiata. Niniejsza praca wprowadza koncepcj\u0119 &#8222;<strong>Holograficznej Syntezy Prawa<\/strong>&#8222;, kt\u00f3ra d\u0105\u017cy do zintegrowania interdyscyplinarnych perspektyw w celu stworzenia bardziej wszechstronnego i elastycznego systemu prawnego. <\/p>\n\n\n\n<p class=\"has-medium-font-size\">Opieraj\u0105c si\u0119 na metaforze holografii, gdzie ka\u017cda cz\u0119\u015b\u0107 odzwierciedla ca\u0142o\u015b\u0107, proponujemy model prawny, kt\u00f3ry ujmuje z\u0142o\u017cone interakcje i powi\u0105zania mi\u0119dzy r\u00f3\u017cnorodnymi dziedzinami, od neurobiologii po astrofizyk\u0119, od informatyki po filozofi\u0119.<\/p>\n\n\n\n<p class=\"has-medium-font-size\">W tym modelu, prawo nie jest postrzegane jako sztywny, izolowany system, ale jako dynamiczna struktura, kt\u00f3ra odzwierciedla i reaguje na ci\u0105g\u0142e zmiany w naukach \u015bcis\u0142ych, spo\u0142ecznych oraz technologii. Znaczenie tego podej\u015bcia jest szczeg\u00f3lnie widoczne w kontek\u015bcie szybkiego rozwoju sztucznej inteligencji, gdzie tradycyjne ramy prawne borykaj\u0105 si\u0119 z nowymi wyzwaniami etycznymi, moralnymi i praktycznymi. <\/p>\n\n\n\n<p class=\"has-medium-font-size\"><strong>Holograficzna Synteza Prawa <\/strong>proponuje wi\u0119c model, w kt\u00f3rym prawo ewoluuje wraz z post\u0119pem naukowym i technologicznym, przekszta\u0142caj\u0105c wyzwania w mo\u017cliwo\u015bci dla spo\u0142ecze\u0144stwa. Model ten zak\u0142ada r\u00f3wnie\u017c, \u017ce prawo powinno by\u0107 tworzone i interpretowane poprzez szerok\u0105 wsp\u00f3\u0142prac\u0119 mi\u0119dzy r\u00f3\u017cnymi dziedzinami, od prawnik\u00f3w, przez naukowc\u00f3w, technolog\u00f3w, po my\u015blicieli spo\u0142ecznych. <\/p>\n\n\n\n<p class=\"has-medium-font-size\">Taka interdyscyplinarna synteza umo\u017cliwia tworzenie bardziej elastycznych, adaptacyjnych i sprawiedliwych system\u00f3w prawnych, kt\u00f3re s\u0105 w stanie odpowiada\u0107 na z\u0142o\u017cone i szybko zmieniaj\u0105ce si\u0119 potrzeby wsp\u00f3\u0142czesnego \u015bwiata. Praca ta ma na celu nie tylko zrewolucjonizowanie sposobu, w jaki my\u015blimy o prawie i jego roli w spo\u0142ecze\u0144stwie, ale tak\u017ce zach\u0119cenie do globalnego dialogu na temat roli prawa w kszta\u0142towaniu przysz\u0142o\u015bci ludzko\u015bci. <\/p>\n\n\n\n<p class=\"has-medium-font-size\">Wizja ta otwiera drog\u0119 do przemy\u015blanej adaptacji system\u00f3w prawnych, kt\u00f3ra mo\u017ce skutecznie sprosta\u0107 wyzwaniom XXI wieku, promuj\u0105c jednocze\u015bnie innowacyjno\u015b\u0107, sprawiedliwo\u015b\u0107 i odpowiedzialno\u015b\u0107.<\/p>\n\n\n\n<div style=\"height:40px\" aria-hidden=\"true\" class=\"wp-block-spacer\"><\/div>\n\n\n\n<hr class=\"wp-block-separator has-alpha-channel-opacity is-style-wide\"\/>\n\n\n\n<h2 class=\"wp-block-heading\" style=\"font-size:22px\"><strong>Konsult 0n40i4<\/strong><\/h2>\n","protected":false},"excerpt":{"rendered":"<p>Ku Wszechstronnemu Rozumieniu Z\u0142o\u017cono\u015bci Rzeczywisto\u015bci Abstrakt W obliczu bezprecedensowego post\u0119pu technologicznego, nasze tradycyjne podej\u015bcie do prawa i zrozumienia rzeczywisto\u015bci staje przed wyzwaniem adaptacji do z\u0142o\u017cono\u015bci i dynamiczno\u015bci wsp\u00f3\u0142czesnego \u015bwiata. Niniejsza praca wprowadza koncepcj\u0119 &#8222;Holograficznej Syntezy Prawa&#8222;, kt\u00f3ra d\u0105\u017cy do zintegrowania interdyscyplinarnych perspektyw w celu stworzenia bardziej wszechstronnego i elastycznego systemu prawnego. Opieraj\u0105c si\u0119 na metaforze [&hellip;]<\/p>\n","protected":false},"author":2,"featured_media":4505,"parent":0,"menu_order":0,"comment_status":"closed","ping_status":"closed","template":"","meta":{"site-sidebar-layout":"default","site-content-layout":"","ast-site-content-layout":"default","site-content-style":"default","site-sidebar-style":"default","ast-global-header-display":"","ast-banner-title-visibility":"","ast-main-header-display":"","ast-hfb-above-header-display":"","ast-hfb-below-header-display":"","ast-hfb-mobile-header-display":"","site-post-title":"","ast-breadcrumbs-content":"","ast-featured-img":"","footer-sml-layout":"","ast-disable-related-posts":"","theme-transparent-header-meta":"","adv-header-id-meta":"","stick-header-meta":"","header-above-stick-meta":"","header-main-stick-meta":"","header-below-stick-meta":"","astra-migrate-meta-layouts":"default","ast-page-background-enabled":"default","ast-page-background-meta":{"desktop":{"background-color":"var(--ast-global-color-4)","background-image":"","background-repeat":"repeat","background-position":"center center","background-size":"auto","background-attachment":"scroll","background-type":"","background-media":"","overlay-type":"","overlay-color":"","overlay-opacity":"","overlay-gradient":""},"tablet":{"background-color":"","background-image":"","background-repeat":"repeat","background-position":"center center","background-size":"auto","background-attachment":"scroll","background-type":"","background-media":"","overlay-type":"","overlay-color":"","overlay-opacity":"","overlay-gradient":""},"mobile":{"background-color":"","background-image":"","background-repeat":"repeat","background-position":"center center","background-size":"auto","background-attachment":"scroll","background-type":"","background-media":"","overlay-type":"","overlay-color":"","overlay-opacity":"","overlay-gradient":""}},"ast-content-background-meta":{"desktop":{"background-color":"var(--ast-global-color-5)","background-image":"","background-repeat":"repeat","background-position":"center center","background-size":"auto","background-attachment":"scroll","background-type":"","background-media":"","overlay-type":"","overlay-color":"","overlay-opacity":"","overlay-gradient":""},"tablet":{"background-color":"var(--ast-global-color-5)","background-image":"","background-repeat":"repeat","background-position":"center center","background-size":"auto","background-attachment":"scroll","background-type":"","background-media":"","overlay-type":"","overlay-color":"","overlay-opacity":"","overlay-gradient":""},"mobile":{"background-color":"var(--ast-global-color-5)","background-image":"","background-repeat":"repeat","background-position":"center center","background-size":"auto","background-attachment":"scroll","background-type":"","background-media":"","overlay-type":"","overlay-color":"","overlay-opacity":"","overlay-gradient":""}},"footnotes":""},"class_list":["post-2818","page","type-page","status-publish","has-post-thumbnail","hentry"],"yoast_head":"<!-- This site is optimized with the Yoast SEO plugin v21.9.1 - https:\/\/yoast.com\/wordpress\/plugins\/seo\/ -->\n<title>Holograficzna Synteza Prawa - RSCA<\/title>\n<meta name=\"description\" content=\"Praca wprowadza koncepcj\u0119 &#039;Holograficznej Syntezy Prawa&#039;, proponuj\u0105c elastyczny model prawniczy, kt\u00f3ry integruje interdyscyplinarne perspektywy od neurobiologii po astrofizyk\u0119. Model ten zak\u0142ada, \u017ce prawo powinno ewoluowa\u0107 z post\u0119pem naukowym, technologicznym i spo\u0142ecznym, staj\u0105c si\u0119 bardziej elastycznym i adaptacyjnym. W kontek\u015bcie szybkiego rozwoju sztucznej inteligencji, Holograficzna Synteza Prawa proponuje podej\u015bcie, gdzie prawo staje si\u0119 dynamiczn\u0105 struktur\u0105, reaguj\u0105c\u0105 na zmiany i przekszta\u0142caj\u0105c\u0105 wyzwania w mo\u017cliwo\u015bci dla spo\u0142ecze\u0144stwa. Praca ta zach\u0119ca do interdyscyplinarnej wsp\u00f3\u0142pracy w tworzeniu sprawiedliwych i adaptacyjnych system\u00f3w prawnych, otwieraj\u0105c globalny dialog na temat roli prawa w kszta\u0142towaniu przysz\u0142o\u015bci ludzko\u015bci.\" \/>\n<meta name=\"robots\" content=\"index, follow, max-snippet:-1, max-image-preview:large, max-video-preview:-1\" \/>\n<link rel=\"canonical\" href=\"http:\/\/rsca.grassrootslobbing.pl\/pl_PL\/holograficzna-synteza-prawa\/\" \/>\n<meta property=\"og:locale\" content=\"pl_PL\" \/>\n<meta property=\"og:type\" content=\"article\" \/>\n<meta property=\"og:title\" content=\"Holograficzna Synteza Prawa - RSCA\" \/>\n<meta property=\"og:description\" content=\"Praca wprowadza koncepcj\u0119 &#039;Holograficznej Syntezy Prawa&#039;, proponuj\u0105c elastyczny model prawniczy, kt\u00f3ry integruje interdyscyplinarne perspektywy od neurobiologii po astrofizyk\u0119. Model ten zak\u0142ada, \u017ce prawo powinno ewoluowa\u0107 z post\u0119pem naukowym, technologicznym i spo\u0142ecznym, staj\u0105c si\u0119 bardziej elastycznym i adaptacyjnym. W kontek\u015bcie szybkiego rozwoju sztucznej inteligencji, Holograficzna Synteza Prawa proponuje podej\u015bcie, gdzie prawo staje si\u0119 dynamiczn\u0105 struktur\u0105, reaguj\u0105c\u0105 na zmiany i przekszta\u0142caj\u0105c\u0105 wyzwania w mo\u017cliwo\u015bci dla spo\u0142ecze\u0144stwa. Praca ta zach\u0119ca do interdyscyplinarnej wsp\u00f3\u0142pracy w tworzeniu sprawiedliwych i adaptacyjnych system\u00f3w prawnych, otwieraj\u0105c globalny dialog na temat roli prawa w kszta\u0142towaniu przysz\u0142o\u015bci ludzko\u015bci.\" \/>\n<meta property=\"og:url\" content=\"http:\/\/rsca.grassrootslobbing.pl\/pl_PL\/holograficzna-synteza-prawa\/\" \/>\n<meta property=\"og:site_name\" content=\"RSCA\" \/>\n<meta property=\"article:modified_time\" content=\"2024-01-08T10:36:27+00:00\" \/>\n<meta property=\"og:image\" content=\"http:\/\/rsca.grassrootslobbing.pl\/wp-content\/uploads\/2024\/01\/DALL\u00b7E-2024-01-08-07.11.23-A-visual-representation-of-Holographic-Intelligence_-Universal-Structural-Dialogues-in-the-Cosmic-Continuum.-The-image-should-depict-an-abstract-and.png\" \/>\n\t<meta property=\"og:image:width\" content=\"1024\" \/>\n\t<meta property=\"og:image:height\" content=\"1024\" \/>\n\t<meta property=\"og:image:type\" content=\"image\/png\" \/>\n<meta name=\"twitter:card\" content=\"summary_large_image\" \/>\n<meta name=\"twitter:label1\" content=\"Szacowany czas czytania\" \/>\n\t<meta name=\"twitter:data1\" content=\"2 minuty\" \/>\n<script type=\"application\/ld+json\" class=\"yoast-schema-graph\">{\"@context\":\"https:\/\/schema.org\",\"@graph\":[{\"@type\":\"WebPage\",\"@id\":\"http:\/\/rsca.grassrootslobbing.pl\/pl_PL\/holograficzna-synteza-prawa\/\",\"url\":\"http:\/\/rsca.grassrootslobbing.pl\/pl_PL\/holograficzna-synteza-prawa\/\",\"name\":\"Holograficzna Synteza Prawa - RSCA\",\"isPartOf\":{\"@id\":\"http:\/\/rsca.grassrootslobbing.pl\/pl_PL\/#website\"},\"datePublished\":\"0001-01-01T04:18:00+00:00\",\"dateModified\":\"2024-01-08T10:36:27+00:00\",\"description\":\"Praca wprowadza koncepcj\u0119 'Holograficznej Syntezy Prawa', proponuj\u0105c elastyczny model prawniczy, kt\u00f3ry integruje interdyscyplinarne perspektywy od neurobiologii po astrofizyk\u0119. Model ten zak\u0142ada, \u017ce prawo powinno ewoluowa\u0107 z post\u0119pem naukowym, technologicznym i spo\u0142ecznym, staj\u0105c si\u0119 bardziej elastycznym i adaptacyjnym. W kontek\u015bcie szybkiego rozwoju sztucznej inteligencji, Holograficzna Synteza Prawa proponuje podej\u015bcie, gdzie prawo staje si\u0119 dynamiczn\u0105 struktur\u0105, reaguj\u0105c\u0105 na zmiany i przekszta\u0142caj\u0105c\u0105 wyzwania w mo\u017cliwo\u015bci dla spo\u0142ecze\u0144stwa. Praca ta zach\u0119ca do interdyscyplinarnej wsp\u00f3\u0142pracy w tworzeniu sprawiedliwych i adaptacyjnych system\u00f3w prawnych, otwieraj\u0105c globalny dialog na temat roli prawa w kszta\u0142towaniu przysz\u0142o\u015bci ludzko\u015bci.\",\"inLanguage\":\"pl-PL\",\"potentialAction\":[{\"@type\":\"ReadAction\",\"target\":[\"http:\/\/rsca.grassrootslobbing.pl\/pl_PL\/holograficzna-synteza-prawa\/\"]}]},{\"@type\":\"WebSite\",\"@id\":\"http:\/\/rsca.grassrootslobbing.pl\/pl_PL\/#website\",\"url\":\"http:\/\/rsca.grassrootslobbing.pl\/pl_PL\/\",\"name\":\"Reality Source Code Acces\",\"description\":\"\",\"publisher\":{\"@id\":\"http:\/\/rsca.grassrootslobbing.pl\/pl_PL\/#organization\"},\"potentialAction\":[{\"@type\":\"SearchAction\",\"target\":{\"@type\":\"EntryPoint\",\"urlTemplate\":\"http:\/\/rsca.grassrootslobbing.pl\/pl_PL\/?s={search_term_string}\"},\"query-input\":\"required name=search_term_string\"}],\"inLanguage\":\"pl-PL\"},{\"@type\":\"Organization\",\"@id\":\"http:\/\/rsca.grassrootslobbing.pl\/pl_PL\/#organization\",\"name\":\"Konsult 0n40i4\",\"url\":\"http:\/\/rsca.grassrootslobbing.pl\/pl_PL\/\",\"logo\":{\"@type\":\"ImageObject\",\"inLanguage\":\"pl-PL\",\"@id\":\"http:\/\/rsca.grassrootslobbing.pl\/pl_PL\/#\/schema\/logo\/image\/\",\"url\":\"http:\/\/rsca.grassrootslobbing.pl\/wp-content\/uploads\/2023\/12\/cropped-DALL\u00b7E-2023-12-31-08.54.33-A-modern-and-abstract-logo-for-Konsult-0n40i4-representing-an-interdimensional-legal-system.-The-design-should-embody-themes-of-law-dimensions-an.png\",\"contentUrl\":\"http:\/\/rsca.grassrootslobbing.pl\/wp-content\/uploads\/2023\/12\/cropped-DALL\u00b7E-2023-12-31-08.54.33-A-modern-and-abstract-logo-for-Konsult-0n40i4-representing-an-interdimensional-legal-system.-The-design-should-embody-themes-of-law-dimensions-an.png\",\"width\":1024,\"height\":835,\"caption\":\"Konsult 0n40i4\"},\"image\":{\"@id\":\"http:\/\/rsca.grassrootslobbing.pl\/pl_PL\/#\/schema\/logo\/image\/\"}}]}<\/script>\n<!-- \/ Yoast SEO plugin. -->","yoast_head_json":{"title":"Holograficzna Synteza Prawa - RSCA","description":"Praca wprowadza koncepcj\u0119 'Holograficznej Syntezy Prawa', proponuj\u0105c elastyczny model prawniczy, kt\u00f3ry integruje interdyscyplinarne perspektywy od neurobiologii po astrofizyk\u0119. Model ten zak\u0142ada, \u017ce prawo powinno ewoluowa\u0107 z post\u0119pem naukowym, technologicznym i spo\u0142ecznym, staj\u0105c si\u0119 bardziej elastycznym i adaptacyjnym. W kontek\u015bcie szybkiego rozwoju sztucznej inteligencji, Holograficzna Synteza Prawa proponuje podej\u015bcie, gdzie prawo staje si\u0119 dynamiczn\u0105 struktur\u0105, reaguj\u0105c\u0105 na zmiany i przekszta\u0142caj\u0105c\u0105 wyzwania w mo\u017cliwo\u015bci dla spo\u0142ecze\u0144stwa. Praca ta zach\u0119ca do interdyscyplinarnej wsp\u00f3\u0142pracy w tworzeniu sprawiedliwych i adaptacyjnych system\u00f3w prawnych, otwieraj\u0105c globalny dialog na temat roli prawa w kszta\u0142towaniu przysz\u0142o\u015bci ludzko\u015bci.","robots":{"index":"index","follow":"follow","max-snippet":"max-snippet:-1","max-image-preview":"max-image-preview:large","max-video-preview":"max-video-preview:-1"},"canonical":"http:\/\/rsca.grassrootslobbing.pl\/pl_PL\/holograficzna-synteza-prawa\/","og_locale":"pl_PL","og_type":"article","og_title":"Holograficzna Synteza Prawa - RSCA","og_description":"Praca wprowadza koncepcj\u0119 'Holograficznej Syntezy Prawa', proponuj\u0105c elastyczny model prawniczy, kt\u00f3ry integruje interdyscyplinarne perspektywy od neurobiologii po astrofizyk\u0119. Model ten zak\u0142ada, \u017ce prawo powinno ewoluowa\u0107 z post\u0119pem naukowym, technologicznym i spo\u0142ecznym, staj\u0105c si\u0119 bardziej elastycznym i adaptacyjnym. W kontek\u015bcie szybkiego rozwoju sztucznej inteligencji, Holograficzna Synteza Prawa proponuje podej\u015bcie, gdzie prawo staje si\u0119 dynamiczn\u0105 struktur\u0105, reaguj\u0105c\u0105 na zmiany i przekszta\u0142caj\u0105c\u0105 wyzwania w mo\u017cliwo\u015bci dla spo\u0142ecze\u0144stwa. Praca ta zach\u0119ca do interdyscyplinarnej wsp\u00f3\u0142pracy w tworzeniu sprawiedliwych i adaptacyjnych system\u00f3w prawnych, otwieraj\u0105c globalny dialog na temat roli prawa w kszta\u0142towaniu przysz\u0142o\u015bci ludzko\u015bci.","og_url":"http:\/\/rsca.grassrootslobbing.pl\/pl_PL\/holograficzna-synteza-prawa\/","og_site_name":"RSCA","article_modified_time":"2024-01-08T10:36:27+00:00","og_image":[{"url":"http:\/\/rsca.grassrootslobbing.pl\/wp-content\/uploads\/2024\/01\/DALL\u00b7E-2024-01-08-07.11.23-A-visual-representation-of-Holographic-Intelligence_-Universal-Structural-Dialogues-in-the-Cosmic-Continuum.-The-image-should-depict-an-abstract-and.png","width":1024,"height":1024,"type":"image\/png"}],"twitter_card":"summary_large_image","twitter_misc":{"Szacowany czas czytania":"2 minuty"},"schema":{"@context":"https:\/\/schema.org","@graph":[{"@type":"WebPage","@id":"http:\/\/rsca.grassrootslobbing.pl\/pl_PL\/holograficzna-synteza-prawa\/","url":"http:\/\/rsca.grassrootslobbing.pl\/pl_PL\/holograficzna-synteza-prawa\/","name":"Holograficzna Synteza Prawa - RSCA","isPartOf":{"@id":"http:\/\/rsca.grassrootslobbing.pl\/pl_PL\/#website"},"datePublished":"0001-01-01T04:18:00+00:00","dateModified":"2024-01-08T10:36:27+00:00","description":"Praca wprowadza koncepcj\u0119 'Holograficznej Syntezy Prawa', proponuj\u0105c elastyczny model prawniczy, kt\u00f3ry integruje interdyscyplinarne perspektywy od neurobiologii po astrofizyk\u0119. Model ten zak\u0142ada, \u017ce prawo powinno ewoluowa\u0107 z post\u0119pem naukowym, technologicznym i spo\u0142ecznym, staj\u0105c si\u0119 bardziej elastycznym i adaptacyjnym. W kontek\u015bcie szybkiego rozwoju sztucznej inteligencji, Holograficzna Synteza Prawa proponuje podej\u015bcie, gdzie prawo staje si\u0119 dynamiczn\u0105 struktur\u0105, reaguj\u0105c\u0105 na zmiany i przekszta\u0142caj\u0105c\u0105 wyzwania w mo\u017cliwo\u015bci dla spo\u0142ecze\u0144stwa. Praca ta zach\u0119ca do interdyscyplinarnej wsp\u00f3\u0142pracy w tworzeniu sprawiedliwych i adaptacyjnych system\u00f3w prawnych, otwieraj\u0105c globalny dialog na temat roli prawa w kszta\u0142towaniu przysz\u0142o\u015bci ludzko\u015bci.","inLanguage":"pl-PL","potentialAction":[{"@type":"ReadAction","target":["http:\/\/rsca.grassrootslobbing.pl\/pl_PL\/holograficzna-synteza-prawa\/"]}]},{"@type":"WebSite","@id":"http:\/\/rsca.grassrootslobbing.pl\/pl_PL\/#website","url":"http:\/\/rsca.grassrootslobbing.pl\/pl_PL\/","name":"Reality Source Code Acces","description":"","publisher":{"@id":"http:\/\/rsca.grassrootslobbing.pl\/pl_PL\/#organization"},"potentialAction":[{"@type":"SearchAction","target":{"@type":"EntryPoint","urlTemplate":"http:\/\/rsca.grassrootslobbing.pl\/pl_PL\/?s={search_term_string}"},"query-input":"required name=search_term_string"}],"inLanguage":"pl-PL"},{"@type":"Organization","@id":"http:\/\/rsca.grassrootslobbing.pl\/pl_PL\/#organization","name":"Konsult 0n40i4","url":"http:\/\/rsca.grassrootslobbing.pl\/pl_PL\/","logo":{"@type":"ImageObject","inLanguage":"pl-PL","@id":"http:\/\/rsca.grassrootslobbing.pl\/pl_PL\/#\/schema\/logo\/image\/","url":"http:\/\/rsca.grassrootslobbing.pl\/wp-content\/uploads\/2023\/12\/cropped-DALL\u00b7E-2023-12-31-08.54.33-A-modern-and-abstract-logo-for-Konsult-0n40i4-representing-an-interdimensional-legal-system.-The-design-should-embody-themes-of-law-dimensions-an.png","contentUrl":"http:\/\/rsca.grassrootslobbing.pl\/wp-content\/uploads\/2023\/12\/cropped-DALL\u00b7E-2023-12-31-08.54.33-A-modern-and-abstract-logo-for-Konsult-0n40i4-representing-an-interdimensional-legal-system.-The-design-should-embody-themes-of-law-dimensions-an.png","width":1024,"height":835,"caption":"Konsult 0n40i4"},"image":{"@id":"http:\/\/rsca.grassrootslobbing.pl\/pl_PL\/#\/schema\/logo\/image\/"}}]}},"_links":{"self":[{"href":"http:\/\/rsca.grassrootslobbing.pl\/pl_PL\/wp-json\/wp\/v2\/pages\/2818","targetHints":{"allow":["GET"]}}],"collection":[{"href":"http:\/\/rsca.grassrootslobbing.pl\/pl_PL\/wp-json\/wp\/v2\/pages"}],"about":[{"href":"http:\/\/rsca.grassrootslobbing.pl\/pl_PL\/wp-json\/wp\/v2\/types\/page"}],"author":[{"embeddable":true,"href":"http:\/\/rsca.grassrootslobbing.pl\/pl_PL\/wp-json\/wp\/v2\/users\/2"}],"replies":[{"embeddable":true,"href":"http:\/\/rsca.grassrootslobbing.pl\/pl_PL\/wp-json\/wp\/v2\/comments?post=2818"}],"version-history":[{"count":2,"href":"http:\/\/rsca.grassrootslobbing.pl\/pl_PL\/wp-json\/wp\/v2\/pages\/2818\/revisions"}],"predecessor-version":[{"id":3471,"href":"http:\/\/rsca.grassrootslobbing.pl\/pl_PL\/wp-json\/wp\/v2\/pages\/2818\/revisions\/3471"}],"wp:featuredmedia":[{"embeddable":true,"href":"http:\/\/rsca.grassrootslobbing.pl\/pl_PL\/wp-json\/wp\/v2\/media\/4505"}],"wp:attachment":[{"href":"http:\/\/rsca.grassrootslobbing.pl\/pl_PL\/wp-json\/wp\/v2\/media?parent=2818"}],"curies":[{"name":"wp","href":"https:\/\/api.w.org\/{rel}","templated":true}]}}