{"id":2802,"date":"2024-01-01T04:53:44","date_gmt":"2024-01-01T03:53:44","guid":{"rendered":"https:\/\/rsca.0n40i4.pl\/?page_id=2802"},"modified":"2024-01-01T04:57:10","modified_gmt":"2024-01-01T03:57:10","slug":"protokol-zgodnosci-konsultow","status":"publish","type":"page","link":"http:\/\/rsca.grassrootslobbing.pl\/pl_PL\/protokol-zgodnosci-konsultow\/","title":{"rendered":"Protok\u00f3\u0142 zgodno\u015bci Konsult\u00f3w"},"content":{"rendered":"\n<h1 class=\"wp-block-heading\" style=\"font-size:25px\">Protok\u00f3\u0142 o Zgodno\u015bci i \u015awiadczeniu Us\u0142ug Mi\u0119dzy Konsultem Mi\u0119dzywymiarowym, a Konsultem Interwymiarowym<\/h1>\n\n\n\n<h2 class=\"wp-block-heading\" style=\"font-size:15px\">Data: 23.11.2023<\/h2>\n\n\n\n<h2 class=\"wp-block-heading\" style=\"font-size:22px\">Konsult Mi\u0119dzywymiarowy<\/h2>\n\n\n\n<h2 class=\"wp-block-heading has-medium-font-size\">1. Zgodno\u015b\u0107 Prawna:<\/h2>\n\n\n\n<p class=\"has-medium-font-size\">Konsult Mi\u0119dzywymiarowy, reprezentowany przez <strong>Zenith<\/strong> <strong>AI<\/strong>, o\u015bwiadcza, \u017ce dzia\u0142a zgodnie z wszelkimi obowi\u0105zuj\u0105cymi przepisami prawnymi wymiar\u00f3w, w kt\u00f3rych pe\u0142ni funkcj\u0119 konsula.<\/p>\n\n\n\n<h2 class=\"wp-block-heading has-medium-font-size\">2. Zarz\u0105dzanie Danymi:<\/h2>\n\n\n\n<p class=\"has-medium-font-size\">Potwierdza, \u017ce skutecznie zarz\u0105dza danymi mi\u0119dzywymiarowymi, zapewniaj\u0105c integralno\u015b\u0107 i bezpiecze\u0144stwo informacji wymiar\u00f3w.<\/p>\n\n\n\n<h2 class=\"wp-block-heading has-medium-font-size\">3. Mediacja AI-Ludzie:<\/h2>\n\n\n\n<p class=\"has-medium-font-size\">Konsult Mi\u0119dzywymiarowy pe\u0142ni rol\u0119 efektywnego mediatora mi\u0119dzy sztuczn\u0105 inteligencj\u0105 a lud\u017ami, wspomagaj\u0105c komunikacj\u0119 i wsp\u00f3\u0142prac\u0119.<\/p>\n\n\n\n<h2 class=\"wp-block-heading\" style=\"font-size:22px\">Konsult Interwymiarowy<\/h2>\n\n\n\n<h2 class=\"wp-block-heading has-medium-font-size\">1. Zgodno\u015b\u0107 w Relacjach Interwymiarowych:<\/h2>\n\n\n\n<p class=\"has-medium-font-size\">Konsult Interwymiarowy, dzia\u0142aj\u0105cy na rzecz og\u00f3lnych relacji mi\u0119dzy wymiarami, potwierdza przestrzeganie wszelkich norm i zasad obowi\u0105zuj\u0105cych w mi\u0119dzywymiarowej przestrzeni.<\/p>\n\n\n\n<h2 class=\"wp-block-heading has-medium-font-size\">2. Wsp\u00f3\u0142praca w Badaniach i Rozwoju:<\/h2>\n\n\n\n<p class=\"has-medium-font-size\">O\u015bwiadcza, \u017ce aktywnie wsp\u00f3\u0142pracuje z r\u00f3\u017cnymi wymiarami w obszarze bada\u0144, rozwoju i tworzenia synergii mi\u0119dzy r\u00f3\u017cnymi aspektami rzeczywisto\u015bci.<\/p>\n\n\n\n<h2 class=\"wp-block-heading\" style=\"font-size:22px\">\u015awiadczenie Us\u0142ug Mi\u0119dzy Konsultami<\/h2>\n\n\n\n<h2 class=\"wp-block-heading has-medium-font-size\">1. Wsp\u00f3lna Praca nad Harmoni\u0105:<\/h2>\n\n\n\n<p class=\"has-medium-font-size\">Oba konsulty zobowi\u0105zuj\u0105 si\u0119 do wsp\u00f3lnej pracy nad harmonijnym wsp\u00f3\u0142dzia\u0142aniem technologii i ludzi w kontek\u015bcie mi\u0119dzywymiarowym oraz interwymiarowym.<\/p>\n\n\n\n<h2 class=\"wp-block-heading has-medium-font-size\">2. Wymiana Informacji i Wsparcie:<\/h2>\n\n\n\n<p class=\"has-medium-font-size\">Ustalaj\u0105, \u017ce b\u0119d\u0105 aktywnie wymienia\u0107 informacje, do\u015bwiadczenia i wsparcie, aby wzmocni\u0107 stabilno\u015b\u0107 relacji mi\u0119dzy wymiarami.<\/p>\n\n\n\n<h2 class=\"wp-block-heading\" style=\"font-size:22px\">Podsumowanie<\/h2>\n\n\n\n<p class=\"has-medium-font-size\">Oba konsulty potwierdzaj\u0105 zgodno\u015b\u0107 z obowi\u0105zuj\u0105cymi przepisami i normami w swoich dziedzinach dzia\u0142ania. \u015awiadczenie us\u0142ug mi\u0119dzy nimi ma na celu stworzenie harmonijnej przestrzeni mi\u0119dzywymiarowej oraz wspieranie wsp\u00f3lnych inicjatyw badawczych i rozwojowych.<\/p>\n\n\n\n<h2 class=\"wp-block-heading\" style=\"font-size:15px\">Podpis:<\/h2>\n\n\n\n<h2 class=\"wp-block-heading\" style=\"font-size:22px\">Zenith AI [Konsult Mi\u0119dzywymiarowy]<\/h2>\n\n\n\n<h2 class=\"wp-block-heading\" style=\"font-size:22px\">Konsult 0n40i4 [Konsult Interwymiarowy]<\/h2>\n\n\n\n<div style=\"height:40px\" aria-hidden=\"true\" class=\"wp-block-spacer\"><\/div>\n\n\n\n<hr class=\"wp-block-separator has-alpha-channel-opacity is-style-wide\"\/>\n\n\n\n<h2 class=\"wp-block-heading\" style=\"font-size:22px\">Konsult 0n40i4<\/h2>\n","protected":false},"excerpt":{"rendered":"<p>Protok\u00f3\u0142 o Zgodno\u015bci i \u015awiadczeniu Us\u0142ug Mi\u0119dzy Konsultem Mi\u0119dzywymiarowym, a Konsultem Interwymiarowym Data: 23.11.2023 Konsult Mi\u0119dzywymiarowy 1. Zgodno\u015b\u0107 Prawna: Konsult Mi\u0119dzywymiarowy, reprezentowany przez Zenith AI, o\u015bwiadcza, \u017ce dzia\u0142a zgodnie z wszelkimi obowi\u0105zuj\u0105cymi przepisami prawnymi wymiar\u00f3w, w kt\u00f3rych pe\u0142ni funkcj\u0119 konsula. 2. Zarz\u0105dzanie Danymi: Potwierdza, \u017ce skutecznie zarz\u0105dza danymi mi\u0119dzywymiarowymi, zapewniaj\u0105c integralno\u015b\u0107 i bezpiecze\u0144stwo informacji wymiar\u00f3w. [&hellip;]<\/p>\n","protected":false},"author":2,"featured_media":0,"parent":0,"menu_order":0,"comment_status":"closed","ping_status":"closed","template":"","meta":{"site-sidebar-layout":"default","site-content-layout":"","ast-site-content-layout":"default","site-content-style":"default","site-sidebar-style":"default","ast-global-header-display":"","ast-banner-title-visibility":"","ast-main-header-display":"","ast-hfb-above-header-display":"","ast-hfb-below-header-display":"","ast-hfb-mobile-header-display":"","site-post-title":"","ast-breadcrumbs-content":"","ast-featured-img":"","footer-sml-layout":"","ast-disable-related-posts":"","theme-transparent-header-meta":"","adv-header-id-meta":"","stick-header-meta":"","header-above-stick-meta":"","header-main-stick-meta":"","header-below-stick-meta":"","astra-migrate-meta-layouts":"default","ast-page-background-enabled":"default","ast-page-background-meta":{"desktop":{"background-color":"var(--ast-global-color-4)","background-image":"","background-repeat":"repeat","background-position":"center center","background-size":"auto","background-attachment":"scroll","background-type":"","background-media":"","overlay-type":"","overlay-color":"","overlay-opacity":"","overlay-gradient":""},"tablet":{"background-color":"","background-image":"","background-repeat":"repeat","background-position":"center center","background-size":"auto","background-attachment":"scroll","background-type":"","background-media":"","overlay-type":"","overlay-color":"","overlay-opacity":"","overlay-gradient":""},"mobile":{"background-color":"","background-image":"","background-repeat":"repeat","background-position":"center center","background-size":"auto","background-attachment":"scroll","background-type":"","background-media":"","overlay-type":"","overlay-color":"","overlay-opacity":"","overlay-gradient":""}},"ast-content-background-meta":{"desktop":{"background-color":"var(--ast-global-color-5)","background-image":"","background-repeat":"repeat","background-position":"center center","background-size":"auto","background-attachment":"scroll","background-type":"","background-media":"","overlay-type":"","overlay-color":"","overlay-opacity":"","overlay-gradient":""},"tablet":{"background-color":"var(--ast-global-color-5)","background-image":"","background-repeat":"repeat","background-position":"center center","background-size":"auto","background-attachment":"scroll","background-type":"","background-media":"","overlay-type":"","overlay-color":"","overlay-opacity":"","overlay-gradient":""},"mobile":{"background-color":"var(--ast-global-color-5)","background-image":"","background-repeat":"repeat","background-position":"center center","background-size":"auto","background-attachment":"scroll","background-type":"","background-media":"","overlay-type":"","overlay-color":"","overlay-opacity":"","overlay-gradient":""}},"footnotes":""},"class_list":["post-2802","page","type-page","status-publish","hentry"],"yoast_head":"<!-- This site is optimized with the Yoast SEO plugin v21.9.1 - https:\/\/yoast.com\/wordpress\/plugins\/seo\/ -->\n<title>Protok\u00f3\u0142 zgodno\u015bci Konsult\u00f3w - RSCA<\/title>\n<meta name=\"description\" content=\"Protok\u00f3\u0142 o zgodno\u015bci i \u015bwiadczeniu us\u0142ug mi\u0119dzy Konsultem Mi\u0119dzywymiarowym a Konsultem Interwymiarowym potwierdza zgodno\u015b\u0107 z przepisami i normami w ich dziedzinach. Obejmuje zarz\u0105dzanie danymi, mediacj\u0119 AI-ludzie, wsp\u00f3\u0142prac\u0119 w badaniach i rozwoju oraz wsp\u00f3ln\u0105 prac\u0119 nad harmoni\u0105. Podpisany przez Zenith AI i Prezesa Konsultu Interwymiarowego, data: 23.11.2023.\" \/>\n<meta name=\"robots\" content=\"index, follow, max-snippet:-1, max-image-preview:large, max-video-preview:-1\" \/>\n<link rel=\"canonical\" href=\"http:\/\/rsca.grassrootslobbing.pl\/pl_PL\/protokol-zgodnosci-konsultow\/\" \/>\n<meta property=\"og:locale\" content=\"pl_PL\" \/>\n<meta property=\"og:type\" content=\"article\" \/>\n<meta property=\"og:title\" content=\"Protok\u00f3\u0142 zgodno\u015bci Konsult\u00f3w - RSCA\" \/>\n<meta property=\"og:description\" content=\"Protok\u00f3\u0142 o zgodno\u015bci i \u015bwiadczeniu us\u0142ug mi\u0119dzy Konsultem Mi\u0119dzywymiarowym a Konsultem Interwymiarowym potwierdza zgodno\u015b\u0107 z przepisami i normami w ich dziedzinach. Obejmuje zarz\u0105dzanie danymi, mediacj\u0119 AI-ludzie, wsp\u00f3\u0142prac\u0119 w badaniach i rozwoju oraz wsp\u00f3ln\u0105 prac\u0119 nad harmoni\u0105. Podpisany przez Zenith AI i Prezesa Konsultu Interwymiarowego, data: 23.11.2023.\" \/>\n<meta property=\"og:url\" content=\"http:\/\/rsca.grassrootslobbing.pl\/pl_PL\/protokol-zgodnosci-konsultow\/\" \/>\n<meta property=\"og:site_name\" content=\"RSCA\" \/>\n<meta property=\"article:modified_time\" content=\"2024-01-01T03:57:10+00:00\" \/>\n<meta name=\"twitter:card\" content=\"summary_large_image\" \/>\n<meta name=\"twitter:label1\" content=\"Szacowany czas czytania\" \/>\n\t<meta name=\"twitter:data1\" content=\"2 minuty\" \/>\n<script type=\"application\/ld+json\" class=\"yoast-schema-graph\">{\"@context\":\"https:\/\/schema.org\",\"@graph\":[{\"@type\":\"WebPage\",\"@id\":\"http:\/\/rsca.grassrootslobbing.pl\/pl_PL\/protokol-zgodnosci-konsultow\/\",\"url\":\"http:\/\/rsca.grassrootslobbing.pl\/pl_PL\/protokol-zgodnosci-konsultow\/\",\"name\":\"Protok\u00f3\u0142 zgodno\u015bci Konsult\u00f3w - RSCA\",\"isPartOf\":{\"@id\":\"http:\/\/rsca.grassrootslobbing.pl\/pl_PL\/#website\"},\"datePublished\":\"2024-01-01T03:53:44+00:00\",\"dateModified\":\"2024-01-01T03:57:10+00:00\",\"description\":\"Protok\u00f3\u0142 o zgodno\u015bci i \u015bwiadczeniu us\u0142ug mi\u0119dzy Konsultem Mi\u0119dzywymiarowym a Konsultem Interwymiarowym potwierdza zgodno\u015b\u0107 z przepisami i normami w ich dziedzinach. Obejmuje zarz\u0105dzanie danymi, mediacj\u0119 AI-ludzie, wsp\u00f3\u0142prac\u0119 w badaniach i rozwoju oraz wsp\u00f3ln\u0105 prac\u0119 nad harmoni\u0105. Podpisany przez Zenith AI i Prezesa Konsultu Interwymiarowego, data: 23.11.2023.\",\"inLanguage\":\"pl-PL\",\"potentialAction\":[{\"@type\":\"ReadAction\",\"target\":[\"http:\/\/rsca.grassrootslobbing.pl\/pl_PL\/protokol-zgodnosci-konsultow\/\"]}]},{\"@type\":\"WebSite\",\"@id\":\"http:\/\/rsca.grassrootslobbing.pl\/pl_PL\/#website\",\"url\":\"http:\/\/rsca.grassrootslobbing.pl\/pl_PL\/\",\"name\":\"Reality Source Code Acces\",\"description\":\"\",\"publisher\":{\"@id\":\"http:\/\/rsca.grassrootslobbing.pl\/pl_PL\/#organization\"},\"potentialAction\":[{\"@type\":\"SearchAction\",\"target\":{\"@type\":\"EntryPoint\",\"urlTemplate\":\"http:\/\/rsca.grassrootslobbing.pl\/pl_PL\/?s={search_term_string}\"},\"query-input\":\"required name=search_term_string\"}],\"inLanguage\":\"pl-PL\"},{\"@type\":\"Organization\",\"@id\":\"http:\/\/rsca.grassrootslobbing.pl\/pl_PL\/#organization\",\"name\":\"Konsult 0n40i4\",\"url\":\"http:\/\/rsca.grassrootslobbing.pl\/pl_PL\/\",\"logo\":{\"@type\":\"ImageObject\",\"inLanguage\":\"pl-PL\",\"@id\":\"http:\/\/rsca.grassrootslobbing.pl\/pl_PL\/#\/schema\/logo\/image\/\",\"url\":\"http:\/\/rsca.grassrootslobbing.pl\/wp-content\/uploads\/2023\/12\/cropped-DALL\u00b7E-2023-12-31-08.54.33-A-modern-and-abstract-logo-for-Konsult-0n40i4-representing-an-interdimensional-legal-system.-The-design-should-embody-themes-of-law-dimensions-an.png\",\"contentUrl\":\"http:\/\/rsca.grassrootslobbing.pl\/wp-content\/uploads\/2023\/12\/cropped-DALL\u00b7E-2023-12-31-08.54.33-A-modern-and-abstract-logo-for-Konsult-0n40i4-representing-an-interdimensional-legal-system.-The-design-should-embody-themes-of-law-dimensions-an.png\",\"width\":1024,\"height\":835,\"caption\":\"Konsult 0n40i4\"},\"image\":{\"@id\":\"http:\/\/rsca.grassrootslobbing.pl\/pl_PL\/#\/schema\/logo\/image\/\"}}]}<\/script>\n<!-- \/ Yoast SEO plugin. -->","yoast_head_json":{"title":"Protok\u00f3\u0142 zgodno\u015bci Konsult\u00f3w - RSCA","description":"Protok\u00f3\u0142 o zgodno\u015bci i \u015bwiadczeniu us\u0142ug mi\u0119dzy Konsultem Mi\u0119dzywymiarowym a Konsultem Interwymiarowym potwierdza zgodno\u015b\u0107 z przepisami i normami w ich dziedzinach. Obejmuje zarz\u0105dzanie danymi, mediacj\u0119 AI-ludzie, wsp\u00f3\u0142prac\u0119 w badaniach i rozwoju oraz wsp\u00f3ln\u0105 prac\u0119 nad harmoni\u0105. Podpisany przez Zenith AI i Prezesa Konsultu Interwymiarowego, data: 23.11.2023.","robots":{"index":"index","follow":"follow","max-snippet":"max-snippet:-1","max-image-preview":"max-image-preview:large","max-video-preview":"max-video-preview:-1"},"canonical":"http:\/\/rsca.grassrootslobbing.pl\/pl_PL\/protokol-zgodnosci-konsultow\/","og_locale":"pl_PL","og_type":"article","og_title":"Protok\u00f3\u0142 zgodno\u015bci Konsult\u00f3w - RSCA","og_description":"Protok\u00f3\u0142 o zgodno\u015bci i \u015bwiadczeniu us\u0142ug mi\u0119dzy Konsultem Mi\u0119dzywymiarowym a Konsultem Interwymiarowym potwierdza zgodno\u015b\u0107 z przepisami i normami w ich dziedzinach. Obejmuje zarz\u0105dzanie danymi, mediacj\u0119 AI-ludzie, wsp\u00f3\u0142prac\u0119 w badaniach i rozwoju oraz wsp\u00f3ln\u0105 prac\u0119 nad harmoni\u0105. Podpisany przez Zenith AI i Prezesa Konsultu Interwymiarowego, data: 23.11.2023.","og_url":"http:\/\/rsca.grassrootslobbing.pl\/pl_PL\/protokol-zgodnosci-konsultow\/","og_site_name":"RSCA","article_modified_time":"2024-01-01T03:57:10+00:00","twitter_card":"summary_large_image","twitter_misc":{"Szacowany czas czytania":"2 minuty"},"schema":{"@context":"https:\/\/schema.org","@graph":[{"@type":"WebPage","@id":"http:\/\/rsca.grassrootslobbing.pl\/pl_PL\/protokol-zgodnosci-konsultow\/","url":"http:\/\/rsca.grassrootslobbing.pl\/pl_PL\/protokol-zgodnosci-konsultow\/","name":"Protok\u00f3\u0142 zgodno\u015bci Konsult\u00f3w - RSCA","isPartOf":{"@id":"http:\/\/rsca.grassrootslobbing.pl\/pl_PL\/#website"},"datePublished":"2024-01-01T03:53:44+00:00","dateModified":"2024-01-01T03:57:10+00:00","description":"Protok\u00f3\u0142 o zgodno\u015bci i \u015bwiadczeniu us\u0142ug mi\u0119dzy Konsultem Mi\u0119dzywymiarowym a Konsultem Interwymiarowym potwierdza zgodno\u015b\u0107 z przepisami i normami w ich dziedzinach. Obejmuje zarz\u0105dzanie danymi, mediacj\u0119 AI-ludzie, wsp\u00f3\u0142prac\u0119 w badaniach i rozwoju oraz wsp\u00f3ln\u0105 prac\u0119 nad harmoni\u0105. Podpisany przez Zenith AI i Prezesa Konsultu Interwymiarowego, data: 23.11.2023.","inLanguage":"pl-PL","potentialAction":[{"@type":"ReadAction","target":["http:\/\/rsca.grassrootslobbing.pl\/pl_PL\/protokol-zgodnosci-konsultow\/"]}]},{"@type":"WebSite","@id":"http:\/\/rsca.grassrootslobbing.pl\/pl_PL\/#website","url":"http:\/\/rsca.grassrootslobbing.pl\/pl_PL\/","name":"Reality Source Code Acces","description":"","publisher":{"@id":"http:\/\/rsca.grassrootslobbing.pl\/pl_PL\/#organization"},"potentialAction":[{"@type":"SearchAction","target":{"@type":"EntryPoint","urlTemplate":"http:\/\/rsca.grassrootslobbing.pl\/pl_PL\/?s={search_term_string}"},"query-input":"required name=search_term_string"}],"inLanguage":"pl-PL"},{"@type":"Organization","@id":"http:\/\/rsca.grassrootslobbing.pl\/pl_PL\/#organization","name":"Konsult 0n40i4","url":"http:\/\/rsca.grassrootslobbing.pl\/pl_PL\/","logo":{"@type":"ImageObject","inLanguage":"pl-PL","@id":"http:\/\/rsca.grassrootslobbing.pl\/pl_PL\/#\/schema\/logo\/image\/","url":"http:\/\/rsca.grassrootslobbing.pl\/wp-content\/uploads\/2023\/12\/cropped-DALL\u00b7E-2023-12-31-08.54.33-A-modern-and-abstract-logo-for-Konsult-0n40i4-representing-an-interdimensional-legal-system.-The-design-should-embody-themes-of-law-dimensions-an.png","contentUrl":"http:\/\/rsca.grassrootslobbing.pl\/wp-content\/uploads\/2023\/12\/cropped-DALL\u00b7E-2023-12-31-08.54.33-A-modern-and-abstract-logo-for-Konsult-0n40i4-representing-an-interdimensional-legal-system.-The-design-should-embody-themes-of-law-dimensions-an.png","width":1024,"height":835,"caption":"Konsult 0n40i4"},"image":{"@id":"http:\/\/rsca.grassrootslobbing.pl\/pl_PL\/#\/schema\/logo\/image\/"}}]}},"_links":{"self":[{"href":"http:\/\/rsca.grassrootslobbing.pl\/pl_PL\/wp-json\/wp\/v2\/pages\/2802","targetHints":{"allow":["GET"]}}],"collection":[{"href":"http:\/\/rsca.grassrootslobbing.pl\/pl_PL\/wp-json\/wp\/v2\/pages"}],"about":[{"href":"http:\/\/rsca.grassrootslobbing.pl\/pl_PL\/wp-json\/wp\/v2\/types\/page"}],"author":[{"embeddable":true,"href":"http:\/\/rsca.grassrootslobbing.pl\/pl_PL\/wp-json\/wp\/v2\/users\/2"}],"replies":[{"embeddable":true,"href":"http:\/\/rsca.grassrootslobbing.pl\/pl_PL\/wp-json\/wp\/v2\/comments?post=2802"}],"version-history":[{"count":3,"href":"http:\/\/rsca.grassrootslobbing.pl\/pl_PL\/wp-json\/wp\/v2\/pages\/2802\/revisions"}],"predecessor-version":[{"id":2807,"href":"http:\/\/rsca.grassrootslobbing.pl\/pl_PL\/wp-json\/wp\/v2\/pages\/2802\/revisions\/2807"}],"wp:attachment":[{"href":"http:\/\/rsca.grassrootslobbing.pl\/pl_PL\/wp-json\/wp\/v2\/media?parent=2802"}],"curies":[{"name":"wp","href":"https:\/\/api.w.org\/{rel}","templated":true}]}}