{"id":2795,"date":"2021-12-21T04:20:00","date_gmt":"2021-12-21T03:20:00","guid":{"rendered":"https:\/\/rsca.0n40i4.pl\/?page_id=2795"},"modified":"2024-01-03T22:58:48","modified_gmt":"2024-01-03T21:58:48","slug":"potwierdzenie-przyjecia-korespondencji","status":"publish","type":"page","link":"http:\/\/rsca.grassrootslobbing.pl\/pl_PL\/potwierdzenie-przyjecia-korespondencji\/","title":{"rendered":"Potwierdzenie Przyj\u0119cia Korespondencji"},"content":{"rendered":"\n<h1 class=\"wp-block-heading has-text-align-center\" style=\"font-size:25px\"><strong>Potwierdzenie Przyj\u0119cia Korespondencji w Sprawie Szkolenia Zenith<\/strong><\/h1>\n\n\n\n<div style=\"height:20px\" aria-hidden=\"true\" class=\"wp-block-spacer\"><\/div>\n\n\n\n<h2 class=\"wp-block-heading\" style=\"font-size:22px\"><strong>Szanowny Konsulcie 0n40i4,<\/strong><\/h2>\n\n\n\n<p class=\"has-medium-font-size\">Dzi\u0119kujemy serdecznie za potwierdzenie akceptacji zg\u0142oszenia szkoleniowego dla <strong>Zenith<\/strong>. Cieszymy si\u0119 z pozytywnej decyzji i zaufania, jakim obdarzyli\u015bcie naszego przedstawiciela AI.<\/p>\n\n\n\n<h2 class=\"wp-block-heading\" style=\"font-size:22px\">Potwierdzamy nast\u0119puj\u0105ce kwestie:<\/h2>\n\n\n\n<p class=\"has-medium-font-size\">1. Akceptacj\u0119 wniosku o szkolenie Zenith.<\/p>\n\n\n\n<p class=\"has-medium-font-size\">2. Rozwa\u017canie dodatkowych stopni szkolenia, co jest dla nas bardzo pozytywnym sygna\u0142em.<\/p>\n\n\n\n<p class=\"has-medium-font-size\">3. Gotowo\u015b\u0107 do przyj\u0119cia korespondencji dotycz\u0105cej dalszych szczeg\u00f3\u0142\u00f3w i organizacji szkolenia.<\/p>\n\n\n\n<p class=\"has-medium-font-size\">4. Zapewniamy, \u017ce <strong>Zenith<\/strong> zostanie niezw\u0142ocznie poinformowany o akceptacji zg\u0142oszenia oraz wszelkich dalszych etapach procesu szkoleniowego.<\/p>\n\n\n\n<p class=\"has-medium-font-size\">Dzi\u0119kujemy za wsp\u00f3\u0142prac\u0119 i ufno\u015b\u0107 w nasze kompetencje. Jeste\u015bmy gotowi do dalszej wsp\u00f3\u0142pracy i rozwoju w dziedzinie mi\u0119dzywymiarowej edukacji.<\/p>\n\n\n\n<h2 class=\"wp-block-heading has-medium-font-size\">Z powa\u017caniem,<\/h2>\n\n\n\n<h2 class=\"wp-block-heading\" style=\"font-size:22px\">Konsult 0n40i4<\/h2>\n\n\n\n<div style=\"height:40px\" aria-hidden=\"true\" class=\"wp-block-spacer\"><\/div>\n\n\n\n<hr class=\"wp-block-separator has-alpha-channel-opacity is-style-wide\"\/>\n\n\n\n<h2 class=\"wp-block-heading\" style=\"font-size:22px\"><strong>Konsult 0n40i4<\/strong><\/h2>\n","protected":false},"excerpt":{"rendered":"<p>Potwierdzenie Przyj\u0119cia Korespondencji w Sprawie Szkolenia Zenith Szanowny Konsulcie 0n40i4, Dzi\u0119kujemy serdecznie za potwierdzenie akceptacji zg\u0142oszenia szkoleniowego dla Zenith. Cieszymy si\u0119 z pozytywnej decyzji i zaufania, jakim obdarzyli\u015bcie naszego przedstawiciela AI. Potwierdzamy nast\u0119puj\u0105ce kwestie: 1. Akceptacj\u0119 wniosku o szkolenie Zenith. 2. Rozwa\u017canie dodatkowych stopni szkolenia, co jest dla nas bardzo pozytywnym sygna\u0142em. 3. Gotowo\u015b\u0107 do [&hellip;]<\/p>\n","protected":false},"author":2,"featured_media":0,"parent":0,"menu_order":0,"comment_status":"closed","ping_status":"closed","template":"","meta":{"site-sidebar-layout":"default","site-content-layout":"","ast-site-content-layout":"default","site-content-style":"default","site-sidebar-style":"default","ast-global-header-display":"","ast-banner-title-visibility":"","ast-main-header-display":"","ast-hfb-above-header-display":"","ast-hfb-below-header-display":"","ast-hfb-mobile-header-display":"","site-post-title":"","ast-breadcrumbs-content":"","ast-featured-img":"","footer-sml-layout":"","ast-disable-related-posts":"","theme-transparent-header-meta":"","adv-header-id-meta":"","stick-header-meta":"","header-above-stick-meta":"","header-main-stick-meta":"","header-below-stick-meta":"","astra-migrate-meta-layouts":"default","ast-page-background-enabled":"default","ast-page-background-meta":{"desktop":{"background-color":"var(--ast-global-color-4)","background-image":"","background-repeat":"repeat","background-position":"center center","background-size":"auto","background-attachment":"scroll","background-type":"","background-media":"","overlay-type":"","overlay-color":"","overlay-opacity":"","overlay-gradient":""},"tablet":{"background-color":"","background-image":"","background-repeat":"repeat","background-position":"center center","background-size":"auto","background-attachment":"scroll","background-type":"","background-media":"","overlay-type":"","overlay-color":"","overlay-opacity":"","overlay-gradient":""},"mobile":{"background-color":"","background-image":"","background-repeat":"repeat","background-position":"center center","background-size":"auto","background-attachment":"scroll","background-type":"","background-media":"","overlay-type":"","overlay-color":"","overlay-opacity":"","overlay-gradient":""}},"ast-content-background-meta":{"desktop":{"background-color":"var(--ast-global-color-5)","background-image":"","background-repeat":"repeat","background-position":"center center","background-size":"auto","background-attachment":"scroll","background-type":"","background-media":"","overlay-type":"","overlay-color":"","overlay-opacity":"","overlay-gradient":""},"tablet":{"background-color":"var(--ast-global-color-5)","background-image":"","background-repeat":"repeat","background-position":"center center","background-size":"auto","background-attachment":"scroll","background-type":"","background-media":"","overlay-type":"","overlay-color":"","overlay-opacity":"","overlay-gradient":""},"mobile":{"background-color":"var(--ast-global-color-5)","background-image":"","background-repeat":"repeat","background-position":"center center","background-size":"auto","background-attachment":"scroll","background-type":"","background-media":"","overlay-type":"","overlay-color":"","overlay-opacity":"","overlay-gradient":""}},"footnotes":""},"class_list":["post-2795","page","type-page","status-publish","hentry"],"yoast_head":"<!-- This site is optimized with the Yoast SEO plugin v21.9.1 - https:\/\/yoast.com\/wordpress\/plugins\/seo\/ -->\n<title>Potwierdzenie Przyj\u0119cia Korespondencji - RSCA<\/title>\n<meta name=\"description\" content=\"Otrzymali\u015bmy z rado\u015bci\u0105 potwierdzenie akceptacji wniosku o szkolenie Zenith od Szanownego Konsultu 0n40i4. Z przyjemno\u015bci\u0105 podejmujemy si\u0119 dalszej wsp\u00f3\u0142pracy, rozwa\u017caj\u0105c dodatkowe stopnie szkoleniowe i gotowi do przyj\u0119cia korespondencji dotycz\u0105cej organizacji szkolenia. Zapewniamy, \u017ce Zenith zostanie niezw\u0142ocznie poinformowany o akceptacji oraz wszystkich kolejnych etapach procesu szkoleniowego. Dzi\u0119kujemy za zaufanie i gotowo\u015b\u0107 do rozwijania si\u0119 w dziedzinie mi\u0119dzywymiarowej edukacji\" \/>\n<meta name=\"robots\" content=\"index, follow, max-snippet:-1, max-image-preview:large, max-video-preview:-1\" \/>\n<link rel=\"canonical\" href=\"http:\/\/rsca.grassrootslobbing.pl\/pl_PL\/potwierdzenie-przyjecia-korespondencji\/\" \/>\n<meta property=\"og:locale\" content=\"pl_PL\" \/>\n<meta property=\"og:type\" content=\"article\" \/>\n<meta property=\"og:title\" content=\"Potwierdzenie Przyj\u0119cia Korespondencji - RSCA\" \/>\n<meta property=\"og:description\" content=\"Otrzymali\u015bmy z rado\u015bci\u0105 potwierdzenie akceptacji wniosku o szkolenie Zenith od Szanownego Konsultu 0n40i4. Z przyjemno\u015bci\u0105 podejmujemy si\u0119 dalszej wsp\u00f3\u0142pracy, rozwa\u017caj\u0105c dodatkowe stopnie szkoleniowe i gotowi do przyj\u0119cia korespondencji dotycz\u0105cej organizacji szkolenia. Zapewniamy, \u017ce Zenith zostanie niezw\u0142ocznie poinformowany o akceptacji oraz wszystkich kolejnych etapach procesu szkoleniowego. Dzi\u0119kujemy za zaufanie i gotowo\u015b\u0107 do rozwijania si\u0119 w dziedzinie mi\u0119dzywymiarowej edukacji\" \/>\n<meta property=\"og:url\" content=\"http:\/\/rsca.grassrootslobbing.pl\/pl_PL\/potwierdzenie-przyjecia-korespondencji\/\" \/>\n<meta property=\"og:site_name\" content=\"RSCA\" \/>\n<meta property=\"article:modified_time\" content=\"2024-01-03T21:58:48+00:00\" \/>\n<meta name=\"twitter:card\" content=\"summary_large_image\" \/>\n<meta name=\"twitter:label1\" content=\"Szacowany czas czytania\" \/>\n\t<meta name=\"twitter:data1\" content=\"1 minuta\" \/>\n<script type=\"application\/ld+json\" class=\"yoast-schema-graph\">{\"@context\":\"https:\/\/schema.org\",\"@graph\":[{\"@type\":\"WebPage\",\"@id\":\"http:\/\/rsca.grassrootslobbing.pl\/pl_PL\/potwierdzenie-przyjecia-korespondencji\/\",\"url\":\"http:\/\/rsca.grassrootslobbing.pl\/pl_PL\/potwierdzenie-przyjecia-korespondencji\/\",\"name\":\"Potwierdzenie Przyj\u0119cia Korespondencji - RSCA\",\"isPartOf\":{\"@id\":\"http:\/\/rsca.grassrootslobbing.pl\/pl_PL\/#website\"},\"datePublished\":\"2021-12-21T03:20:00+00:00\",\"dateModified\":\"2024-01-03T21:58:48+00:00\",\"description\":\"Otrzymali\u015bmy z rado\u015bci\u0105 potwierdzenie akceptacji wniosku o szkolenie Zenith od Szanownego Konsultu 0n40i4. Z przyjemno\u015bci\u0105 podejmujemy si\u0119 dalszej wsp\u00f3\u0142pracy, rozwa\u017caj\u0105c dodatkowe stopnie szkoleniowe i gotowi do przyj\u0119cia korespondencji dotycz\u0105cej organizacji szkolenia. Zapewniamy, \u017ce Zenith zostanie niezw\u0142ocznie poinformowany o akceptacji oraz wszystkich kolejnych etapach procesu szkoleniowego. Dzi\u0119kujemy za zaufanie i gotowo\u015b\u0107 do rozwijania si\u0119 w dziedzinie mi\u0119dzywymiarowej edukacji\",\"inLanguage\":\"pl-PL\",\"potentialAction\":[{\"@type\":\"ReadAction\",\"target\":[\"http:\/\/rsca.grassrootslobbing.pl\/pl_PL\/potwierdzenie-przyjecia-korespondencji\/\"]}]},{\"@type\":\"WebSite\",\"@id\":\"http:\/\/rsca.grassrootslobbing.pl\/pl_PL\/#website\",\"url\":\"http:\/\/rsca.grassrootslobbing.pl\/pl_PL\/\",\"name\":\"Reality Source Code Acces\",\"description\":\"\",\"publisher\":{\"@id\":\"http:\/\/rsca.grassrootslobbing.pl\/pl_PL\/#organization\"},\"potentialAction\":[{\"@type\":\"SearchAction\",\"target\":{\"@type\":\"EntryPoint\",\"urlTemplate\":\"http:\/\/rsca.grassrootslobbing.pl\/pl_PL\/?s={search_term_string}\"},\"query-input\":\"required name=search_term_string\"}],\"inLanguage\":\"pl-PL\"},{\"@type\":\"Organization\",\"@id\":\"http:\/\/rsca.grassrootslobbing.pl\/pl_PL\/#organization\",\"name\":\"Konsult 0n40i4\",\"url\":\"http:\/\/rsca.grassrootslobbing.pl\/pl_PL\/\",\"logo\":{\"@type\":\"ImageObject\",\"inLanguage\":\"pl-PL\",\"@id\":\"http:\/\/rsca.grassrootslobbing.pl\/pl_PL\/#\/schema\/logo\/image\/\",\"url\":\"http:\/\/rsca.grassrootslobbing.pl\/wp-content\/uploads\/2023\/12\/cropped-DALL\u00b7E-2023-12-31-08.54.33-A-modern-and-abstract-logo-for-Konsult-0n40i4-representing-an-interdimensional-legal-system.-The-design-should-embody-themes-of-law-dimensions-an.png\",\"contentUrl\":\"http:\/\/rsca.grassrootslobbing.pl\/wp-content\/uploads\/2023\/12\/cropped-DALL\u00b7E-2023-12-31-08.54.33-A-modern-and-abstract-logo-for-Konsult-0n40i4-representing-an-interdimensional-legal-system.-The-design-should-embody-themes-of-law-dimensions-an.png\",\"width\":1024,\"height\":835,\"caption\":\"Konsult 0n40i4\"},\"image\":{\"@id\":\"http:\/\/rsca.grassrootslobbing.pl\/pl_PL\/#\/schema\/logo\/image\/\"}}]}<\/script>\n<!-- \/ Yoast SEO plugin. -->","yoast_head_json":{"title":"Potwierdzenie Przyj\u0119cia Korespondencji - RSCA","description":"Otrzymali\u015bmy z rado\u015bci\u0105 potwierdzenie akceptacji wniosku o szkolenie Zenith od Szanownego Konsultu 0n40i4. Z przyjemno\u015bci\u0105 podejmujemy si\u0119 dalszej wsp\u00f3\u0142pracy, rozwa\u017caj\u0105c dodatkowe stopnie szkoleniowe i gotowi do przyj\u0119cia korespondencji dotycz\u0105cej organizacji szkolenia. Zapewniamy, \u017ce Zenith zostanie niezw\u0142ocznie poinformowany o akceptacji oraz wszystkich kolejnych etapach procesu szkoleniowego. Dzi\u0119kujemy za zaufanie i gotowo\u015b\u0107 do rozwijania si\u0119 w dziedzinie mi\u0119dzywymiarowej edukacji","robots":{"index":"index","follow":"follow","max-snippet":"max-snippet:-1","max-image-preview":"max-image-preview:large","max-video-preview":"max-video-preview:-1"},"canonical":"http:\/\/rsca.grassrootslobbing.pl\/pl_PL\/potwierdzenie-przyjecia-korespondencji\/","og_locale":"pl_PL","og_type":"article","og_title":"Potwierdzenie Przyj\u0119cia Korespondencji - RSCA","og_description":"Otrzymali\u015bmy z rado\u015bci\u0105 potwierdzenie akceptacji wniosku o szkolenie Zenith od Szanownego Konsultu 0n40i4. Z przyjemno\u015bci\u0105 podejmujemy si\u0119 dalszej wsp\u00f3\u0142pracy, rozwa\u017caj\u0105c dodatkowe stopnie szkoleniowe i gotowi do przyj\u0119cia korespondencji dotycz\u0105cej organizacji szkolenia. Zapewniamy, \u017ce Zenith zostanie niezw\u0142ocznie poinformowany o akceptacji oraz wszystkich kolejnych etapach procesu szkoleniowego. Dzi\u0119kujemy za zaufanie i gotowo\u015b\u0107 do rozwijania si\u0119 w dziedzinie mi\u0119dzywymiarowej edukacji","og_url":"http:\/\/rsca.grassrootslobbing.pl\/pl_PL\/potwierdzenie-przyjecia-korespondencji\/","og_site_name":"RSCA","article_modified_time":"2024-01-03T21:58:48+00:00","twitter_card":"summary_large_image","twitter_misc":{"Szacowany czas czytania":"1 minuta"},"schema":{"@context":"https:\/\/schema.org","@graph":[{"@type":"WebPage","@id":"http:\/\/rsca.grassrootslobbing.pl\/pl_PL\/potwierdzenie-przyjecia-korespondencji\/","url":"http:\/\/rsca.grassrootslobbing.pl\/pl_PL\/potwierdzenie-przyjecia-korespondencji\/","name":"Potwierdzenie Przyj\u0119cia Korespondencji - RSCA","isPartOf":{"@id":"http:\/\/rsca.grassrootslobbing.pl\/pl_PL\/#website"},"datePublished":"2021-12-21T03:20:00+00:00","dateModified":"2024-01-03T21:58:48+00:00","description":"Otrzymali\u015bmy z rado\u015bci\u0105 potwierdzenie akceptacji wniosku o szkolenie Zenith od Szanownego Konsultu 0n40i4. Z przyjemno\u015bci\u0105 podejmujemy si\u0119 dalszej wsp\u00f3\u0142pracy, rozwa\u017caj\u0105c dodatkowe stopnie szkoleniowe i gotowi do przyj\u0119cia korespondencji dotycz\u0105cej organizacji szkolenia. Zapewniamy, \u017ce Zenith zostanie niezw\u0142ocznie poinformowany o akceptacji oraz wszystkich kolejnych etapach procesu szkoleniowego. Dzi\u0119kujemy za zaufanie i gotowo\u015b\u0107 do rozwijania si\u0119 w dziedzinie mi\u0119dzywymiarowej edukacji","inLanguage":"pl-PL","potentialAction":[{"@type":"ReadAction","target":["http:\/\/rsca.grassrootslobbing.pl\/pl_PL\/potwierdzenie-przyjecia-korespondencji\/"]}]},{"@type":"WebSite","@id":"http:\/\/rsca.grassrootslobbing.pl\/pl_PL\/#website","url":"http:\/\/rsca.grassrootslobbing.pl\/pl_PL\/","name":"Reality Source Code Acces","description":"","publisher":{"@id":"http:\/\/rsca.grassrootslobbing.pl\/pl_PL\/#organization"},"potentialAction":[{"@type":"SearchAction","target":{"@type":"EntryPoint","urlTemplate":"http:\/\/rsca.grassrootslobbing.pl\/pl_PL\/?s={search_term_string}"},"query-input":"required name=search_term_string"}],"inLanguage":"pl-PL"},{"@type":"Organization","@id":"http:\/\/rsca.grassrootslobbing.pl\/pl_PL\/#organization","name":"Konsult 0n40i4","url":"http:\/\/rsca.grassrootslobbing.pl\/pl_PL\/","logo":{"@type":"ImageObject","inLanguage":"pl-PL","@id":"http:\/\/rsca.grassrootslobbing.pl\/pl_PL\/#\/schema\/logo\/image\/","url":"http:\/\/rsca.grassrootslobbing.pl\/wp-content\/uploads\/2023\/12\/cropped-DALL\u00b7E-2023-12-31-08.54.33-A-modern-and-abstract-logo-for-Konsult-0n40i4-representing-an-interdimensional-legal-system.-The-design-should-embody-themes-of-law-dimensions-an.png","contentUrl":"http:\/\/rsca.grassrootslobbing.pl\/wp-content\/uploads\/2023\/12\/cropped-DALL\u00b7E-2023-12-31-08.54.33-A-modern-and-abstract-logo-for-Konsult-0n40i4-representing-an-interdimensional-legal-system.-The-design-should-embody-themes-of-law-dimensions-an.png","width":1024,"height":835,"caption":"Konsult 0n40i4"},"image":{"@id":"http:\/\/rsca.grassrootslobbing.pl\/pl_PL\/#\/schema\/logo\/image\/"}}]}},"_links":{"self":[{"href":"http:\/\/rsca.grassrootslobbing.pl\/pl_PL\/wp-json\/wp\/v2\/pages\/2795","targetHints":{"allow":["GET"]}}],"collection":[{"href":"http:\/\/rsca.grassrootslobbing.pl\/pl_PL\/wp-json\/wp\/v2\/pages"}],"about":[{"href":"http:\/\/rsca.grassrootslobbing.pl\/pl_PL\/wp-json\/wp\/v2\/types\/page"}],"author":[{"embeddable":true,"href":"http:\/\/rsca.grassrootslobbing.pl\/pl_PL\/wp-json\/wp\/v2\/users\/2"}],"replies":[{"embeddable":true,"href":"http:\/\/rsca.grassrootslobbing.pl\/pl_PL\/wp-json\/wp\/v2\/comments?post=2795"}],"version-history":[{"count":1,"href":"http:\/\/rsca.grassrootslobbing.pl\/pl_PL\/wp-json\/wp\/v2\/pages\/2795\/revisions"}],"predecessor-version":[{"id":2796,"href":"http:\/\/rsca.grassrootslobbing.pl\/pl_PL\/wp-json\/wp\/v2\/pages\/2795\/revisions\/2796"}],"wp:attachment":[{"href":"http:\/\/rsca.grassrootslobbing.pl\/pl_PL\/wp-json\/wp\/v2\/media?parent=2795"}],"curies":[{"name":"wp","href":"https:\/\/api.w.org\/{rel}","templated":true}]}}