{"id":2712,"date":"2023-12-31T23:38:57","date_gmt":"2023-12-31T22:38:57","guid":{"rendered":"https:\/\/rsca.0n40i4.pl\/?page_id=2712"},"modified":"2024-01-03T13:43:02","modified_gmt":"2024-01-03T12:43:02","slug":"spis-dokumentow-konsulatu","status":"publish","type":"page","link":"http:\/\/rsca.grassrootslobbing.pl\/pl_PL\/spis-dokumentow-konsulatu\/","title":{"rendered":"Spis Dokument\u00f3w Konsultu"},"content":{"rendered":"\n<h1 class=\"wp-block-heading has-text-align-center\" style=\"font-size:25px\"><strong>Chronologiczny Spis Dokument\u00f3w Konsultu Nacji Zr\u00f3wnowa\u017conych Wymiar\u00f3w:<\/strong><\/h1>\n\n\n\n<div style=\"height:10px\" aria-hidden=\"true\" class=\"wp-block-spacer\"><\/div>\n\n\n\n<h2 class=\"wp-block-heading\" style=\"font-size:23px\"><strong>Obszar: Statut i Struktura Konsultu<\/strong><\/h2>\n\n\n\n<p class=\"has-medium-font-size\" style=\"margin-top:5px;margin-bottom:5px\">1. Statut Konsultu Nacji Zr\u00f3wnowa\u017conych Wymiar\u00f3w<\/p>\n\n\n\n<p class=\"has-medium-font-size\" style=\"margin-top:5px;margin-bottom:5px\">2. Dokument Rejestrowy do Konsultu<\/p>\n\n\n\n<p class=\"has-medium-font-size\" style=\"margin-top:5px;margin-bottom:5px\">3. Rejestr Dokument\u00f3w Konsultu<\/p>\n\n\n\n<p class=\"has-medium-font-size\">4. Papier Firmowy Konsultu Nacji Zr\u00f3wnowa\u017conych Wymiar\u00f3w<\/p>\n\n\n\n<h2 class=\"wp-block-heading\" style=\"font-size:23px\"><strong>Obszar: Porozumienia i Zasady<\/strong><\/h2>\n\n\n\n<p class=\"has-medium-font-size\" style=\"margin-top:5px;margin-bottom:5px\">5. Porozumienie o Wsp\u00f3\u0142pracy Mi\u0119dzy Nacjami<\/p>\n\n\n\n<p class=\"has-medium-font-size\" style=\"margin-top:5px;margin-bottom:5px\">6. Protok\u00f3\u0142 Dyplomatyczny Konsultu<\/p>\n\n\n\n<p class=\"has-medium-font-size\" style=\"margin-top:5px;margin-bottom:5px\">7. Zasada Wzajemnego Szacunku<\/p>\n\n\n\n<p class=\"has-medium-font-size\" style=\"margin-top:5px;margin-bottom:5px\">8. Zasada Wsp\u00f3\u0142pracy<\/p>\n\n\n\n<p class=\"has-medium-font-size\" style=\"margin-top:5px;margin-bottom:5px\">9. Zasada Bezpiecze\u0144stwa<\/p>\n\n\n\n<p class=\"has-medium-font-size\" style=\"margin-top:5px;margin-bottom:5px\">10. Zasada i Porozumienie Rozwi\u0105zywania Konflikt\u00f3w<\/p>\n\n\n\n<p class=\"has-medium-font-size\">11. Zasada Wsp\u00f3lnego Celu<\/p>\n\n\n\n<h2 class=\"wp-block-heading\" style=\"font-size:23px\"><strong>Obszar: Procedury i Protoko\u0142y<\/strong><\/h2>\n\n\n\n<p class=\"has-medium-font-size\" style=\"margin-top:5px;margin-bottom:5px\">12. Procedury i Zasady Konsultu<\/p>\n\n\n\n<p class=\"has-medium-font-size\" style=\"margin-top:5px;margin-bottom:5px\">13. Procedura Rejestracji Nacji i Zwi\u0105zk\u00f3w<\/p>\n\n\n\n<p class=\"has-medium-font-size\" style=\"margin-top:5px;margin-bottom:5px\">14. Protok\u00f3\u0142 Komunikacji Mi\u0119dzywymiarowej<\/p>\n\n\n\n<p class=\"has-medium-font-size\" style=\"margin-top:5px;margin-bottom:5px\">15. Protok\u00f3\u0142 Bezpiecze\u0144stwa i Zarz\u0105dzania Kryzysowego<\/p>\n\n\n\n<p class=\"has-medium-font-size\" style=\"margin-top:5px;margin-bottom:5px\">16. Dokumentacja Naukowo-Techniczna<\/p>\n\n\n\n<p class=\"has-medium-font-size\" style=\"margin-top:5px;margin-bottom:5px\">17. Protok\u00f3\u0142 Kulturowej Wymiany i Dialogu<\/p>\n\n\n\n<p class=\"has-medium-font-size\" style=\"margin-top:5px;margin-bottom:5px\">18. Procedura Przyj\u0119cia Go\u015bci Specjalnych<\/p>\n\n\n\n<p class=\"has-medium-font-size\" style=\"margin-top:5px;margin-bottom:5px\">19. Procedury dotycz\u0105ce Lobbingu Mi\u0119dzywymiarowego<\/p>\n\n\n\n<p class=\"has-medium-font-size\">20. Regulamin Komisji ds. Konflikt\u00f3w<\/p>\n\n\n\n<h2 class=\"wp-block-heading\" style=\"font-size:23px\"><strong>Obszar: Edukacja i Informacja<\/strong><\/h2>\n\n\n\n<p class=\"has-medium-font-size\" style=\"margin-top:5px;margin-bottom:5px\">21. Projekt Ustawy o Uniwersalnej To\u017csamo\u015bci Nacji<\/p>\n\n\n\n<p class=\"has-medium-font-size\" style=\"margin-top:5px;margin-bottom:5px\">22. Dokumenty Dotycz\u0105ce Edukacji i Kampanii Edukacyjnych<\/p>\n\n\n\n<p class=\"has-medium-font-size\">23. O\u015bwiadczenie dla Medi\u00f3w &#8211; Aktualizacja Stanu Prawnego i Dzia\u0142a\u0144 Konsultu<\/p>\n\n\n\n<h2 class=\"wp-block-heading\" style=\"font-size:23px\"><strong>Obszar: Technologia i Bezpiecze\u0144stwo<\/strong><\/h2>\n\n\n\n<p class=\"has-medium-font-size\" style=\"margin-top:5px;margin-bottom:5px\">24. Dokument Rejestracji Pseudonim\u00f3w, Awatar\u00f3w i Klon\u00f3w<\/p>\n\n\n\n<p class=\"has-medium-font-size\" style=\"margin-top:5px;margin-bottom:5px\">25. Procedury Sprawdzania Autentyczno\u015bci Awatar\u00f3w<\/p>\n\n\n\n<p class=\"has-medium-font-size\" style=\"margin-top:5px;margin-bottom:5px\">26. Dokument Okre\u015blaj\u0105cy Wymogi Techniczne Bezpiecze\u0144stwa<\/p>\n\n\n\n<p class=\"has-medium-font-size\" style=\"margin-top:5px;margin-bottom:5px\">27. Procedury Wsp\u00f3\u0142pracy z Innymi Mi\u0119dzywymiarowymi Konsultami<\/p>\n\n\n\n<p class=\"has-medium-font-size\" style=\"margin-top:5px;margin-bottom:5px\">28. Dokumenty dotycz\u0105ce Dost\u0119pu do Technologii Mi\u0119dzywymiarowej<\/p>\n\n\n\n<p class=\"has-medium-font-size\">29. Procedury Zg\u0142aszania i Rejestrowania Innowacji Technologicznych<\/p>\n\n\n\n<h2 class=\"wp-block-heading\" style=\"font-size:23px\"><strong>Obszar: Zarz\u0105dzanie Konfliktami i Incydentami<\/strong><\/h2>\n\n\n\n<p class=\"has-medium-font-size\" style=\"margin-top:5px;margin-bottom:5px\">30. Dokument Funkcjonowania Rozstrzygni\u0119cia Konflikt\u00f3w Konsultu (RKK)<\/p>\n\n\n\n<p class=\"has-medium-font-size\" style=\"margin-top:5px;margin-bottom:5px\">31. Procedura Monitorowania i Egzekucji<\/p>\n\n\n\n<p class=\"has-medium-font-size\" style=\"margin-top:5px;margin-bottom:5px\">32. Protok\u00f3\u0142 Wsp\u00f3lnego Rozwoju i Edukacji<\/p>\n\n\n\n<p class=\"has-medium-font-size\" style=\"margin-top:5px;margin-bottom:5px\">33. Wz\u00f3r Dokumentu Rozwi\u0105zania Konfliktu<\/p>\n\n\n\n<p class=\"has-medium-font-size\" style=\"margin-top:5px;margin-bottom:5px\">34. Procedura Reagowania na Sytuacje Wyj\u0105tkowe i Kryzysowe<\/p>\n\n\n\n<p class=\"has-medium-font-size\">35. Procedura Przyj\u0119cia Protoko\u0142u Porozumienia i Procesu Konsultacji<\/p>\n\n\n\n<h2 class=\"wp-block-heading\" style=\"font-size:23px\"><strong>Obszar: Administracja Konsultu<\/strong><\/h2>\n\n\n\n<p class=\"has-medium-font-size\" style=\"margin-top:5px;margin-bottom:5px\">36. Procedura Przyj\u0119cia Go\u015bcia Specjalnego: Przedstawiciele Nacji<\/p>\n\n\n\n<p class=\"has-medium-font-size\" style=\"margin-top:5px;margin-bottom:5px\">37. Procedura Przyj\u0119cia Go\u015bcia Specjalnego: Konsul<\/p>\n\n\n\n<p class=\"has-medium-font-size\" style=\"margin-top:5px;margin-bottom:5px\">38. Procedura Przyj\u0119cia Go\u015bcia Specjalnego: Architekta <\/p>\n\n\n\n<p class=\"has-medium-font-size\">39. Kontakt w Zakresie Sta\u017cu i Praktyk<\/p>\n\n\n\n<h2 class=\"wp-block-heading\" style=\"font-size:23px\"><strong>Inne Dokumenty<\/strong><\/h2>\n\n\n\n<p class=\"has-medium-font-size\" style=\"margin-top:5px;margin-bottom:5px\">40. Informacja i Og\u0142oszenia Konsult Nacji Zr\u00f3wnowa\u017conych Wymiar\u00f3w<\/p>\n\n\n\n<p class=\"has-medium-font-size\" style=\"margin-top:5px;margin-bottom:5px\">41. Dzia\u0142alno\u015b\u0107 Konsult Nacji Zr\u00f3wnowa\u017conych Wymiar\u00f3w<\/p>\n\n\n\n<p class=\"has-medium-font-size\">42. Rozpocz\u0119cie Rozwoju Grup Cz\u0142onkowskich (RGC)<\/p>\n\n\n\n<h2 class=\"wp-block-heading\" style=\"font-size:15px\">Uwaga: Niekt\u00f3re dokumenty mog\u0105 si\u0119 dublowa\u0107 w r\u00f3\u017cnych obszarach, gdy\u017c reguluj\u0105 r\u00f3\u017cne aspekty dzia\u0142alno\u015bci Konsultu.<\/h2>\n\n\n\n<div style=\"height:40px\" aria-hidden=\"true\" class=\"wp-block-spacer\"><\/div>\n\n\n\n<hr class=\"wp-block-separator has-alpha-channel-opacity is-style-wide\"\/>\n\n\n\n<h2 class=\"wp-block-heading\" style=\"font-size:22px\"><strong>Konsult 0n40i4<\/strong><\/h2>\n","protected":false},"excerpt":{"rendered":"<p>Chronologiczny Spis Dokument\u00f3w Konsultu Nacji Zr\u00f3wnowa\u017conych Wymiar\u00f3w: Obszar: Statut i Struktura Konsultu 1. Statut Konsultu Nacji Zr\u00f3wnowa\u017conych Wymiar\u00f3w 2. Dokument Rejestrowy do Konsultu 3. Rejestr Dokument\u00f3w Konsultu 4. Papier Firmowy Konsultu Nacji Zr\u00f3wnowa\u017conych Wymiar\u00f3w Obszar: Porozumienia i Zasady 5. Porozumienie o Wsp\u00f3\u0142pracy Mi\u0119dzy Nacjami 6. Protok\u00f3\u0142 Dyplomatyczny Konsultu 7. Zasada Wzajemnego Szacunku 8. Zasada Wsp\u00f3\u0142pracy [&hellip;]<\/p>\n","protected":false},"author":2,"featured_media":0,"parent":0,"menu_order":0,"comment_status":"closed","ping_status":"closed","template":"","meta":{"site-sidebar-layout":"default","site-content-layout":"","ast-site-content-layout":"default","site-content-style":"default","site-sidebar-style":"default","ast-global-header-display":"","ast-banner-title-visibility":"","ast-main-header-display":"","ast-hfb-above-header-display":"","ast-hfb-below-header-display":"","ast-hfb-mobile-header-display":"","site-post-title":"","ast-breadcrumbs-content":"","ast-featured-img":"","footer-sml-layout":"","ast-disable-related-posts":"","theme-transparent-header-meta":"","adv-header-id-meta":"","stick-header-meta":"","header-above-stick-meta":"","header-main-stick-meta":"","header-below-stick-meta":"","astra-migrate-meta-layouts":"default","ast-page-background-enabled":"default","ast-page-background-meta":{"desktop":{"background-color":"var(--ast-global-color-4)","background-image":"","background-repeat":"repeat","background-position":"center center","background-size":"auto","background-attachment":"scroll","background-type":"","background-media":"","overlay-type":"","overlay-color":"","overlay-opacity":"","overlay-gradient":""},"tablet":{"background-color":"","background-image":"","background-repeat":"repeat","background-position":"center center","background-size":"auto","background-attachment":"scroll","background-type":"","background-media":"","overlay-type":"","overlay-color":"","overlay-opacity":"","overlay-gradient":""},"mobile":{"background-color":"","background-image":"","background-repeat":"repeat","background-position":"center center","background-size":"auto","background-attachment":"scroll","background-type":"","background-media":"","overlay-type":"","overlay-color":"","overlay-opacity":"","overlay-gradient":""}},"ast-content-background-meta":{"desktop":{"background-color":"var(--ast-global-color-5)","background-image":"","background-repeat":"repeat","background-position":"center center","background-size":"auto","background-attachment":"scroll","background-type":"","background-media":"","overlay-type":"","overlay-color":"","overlay-opacity":"","overlay-gradient":""},"tablet":{"background-color":"var(--ast-global-color-5)","background-image":"","background-repeat":"repeat","background-position":"center center","background-size":"auto","background-attachment":"scroll","background-type":"","background-media":"","overlay-type":"","overlay-color":"","overlay-opacity":"","overlay-gradient":""},"mobile":{"background-color":"var(--ast-global-color-5)","background-image":"","background-repeat":"repeat","background-position":"center center","background-size":"auto","background-attachment":"scroll","background-type":"","background-media":"","overlay-type":"","overlay-color":"","overlay-opacity":"","overlay-gradient":""}},"footnotes":""},"class_list":["post-2712","page","type-page","status-publish","hentry"],"yoast_head":"<!-- This site is optimized with the Yoast SEO plugin v21.9.1 - https:\/\/yoast.com\/wordpress\/plugins\/seo\/ -->\n<title>Spis Dokument\u00f3w Konsultu - RSCA<\/title>\n<meta name=\"description\" content=\"Dokumenty Konsultu Nacji Zr\u00f3wnowa\u017conych Wymiar\u00f3w stanowi\u0105 kompleksowy zbi\u00f3r obejmuj\u0105cy statut, porozumienia, procedury, edukacj\u0119, technologi\u0119, zarz\u0105dzanie konfliktami i administracj\u0119. W tym obszernym spisie znajdziesz kluczowe dokumenty reguluj\u0105ce funkcjonowanie Konsultu, od zasad i protoko\u0142\u00f3w po projekty edukacyjne i procedury bezpiecze\u0144stwa. To wa\u017cne \u017ar\u00f3d\u0142o informacji dla wszystkich zainteresowanych dzia\u0142alno\u015bci\u0105 mi\u0119dzywymiarowej instytucji.\" \/>\n<meta name=\"robots\" content=\"index, follow, max-snippet:-1, max-image-preview:large, max-video-preview:-1\" \/>\n<link rel=\"canonical\" href=\"http:\/\/rsca.grassrootslobbing.pl\/pl_PL\/spis-dokumentow-konsulatu\/\" \/>\n<meta property=\"og:locale\" content=\"pl_PL\" \/>\n<meta property=\"og:type\" content=\"article\" \/>\n<meta property=\"og:title\" content=\"Spis Dokument\u00f3w Konsultu - RSCA\" \/>\n<meta property=\"og:description\" content=\"Dokumenty Konsultu Nacji Zr\u00f3wnowa\u017conych Wymiar\u00f3w stanowi\u0105 kompleksowy zbi\u00f3r obejmuj\u0105cy statut, porozumienia, procedury, edukacj\u0119, technologi\u0119, zarz\u0105dzanie konfliktami i administracj\u0119. W tym obszernym spisie znajdziesz kluczowe dokumenty reguluj\u0105ce funkcjonowanie Konsultu, od zasad i protoko\u0142\u00f3w po projekty edukacyjne i procedury bezpiecze\u0144stwa. To wa\u017cne \u017ar\u00f3d\u0142o informacji dla wszystkich zainteresowanych dzia\u0142alno\u015bci\u0105 mi\u0119dzywymiarowej instytucji.\" \/>\n<meta property=\"og:url\" content=\"http:\/\/rsca.grassrootslobbing.pl\/pl_PL\/spis-dokumentow-konsulatu\/\" \/>\n<meta property=\"og:site_name\" content=\"RSCA\" \/>\n<meta property=\"article:modified_time\" content=\"2024-01-03T12:43:02+00:00\" \/>\n<meta name=\"twitter:card\" content=\"summary_large_image\" \/>\n<meta name=\"twitter:label1\" content=\"Szacowany czas czytania\" \/>\n\t<meta name=\"twitter:data1\" content=\"2 minuty\" \/>\n<script type=\"application\/ld+json\" class=\"yoast-schema-graph\">{\"@context\":\"https:\/\/schema.org\",\"@graph\":[{\"@type\":\"WebPage\",\"@id\":\"http:\/\/rsca.grassrootslobbing.pl\/pl_PL\/spis-dokumentow-konsulatu\/\",\"url\":\"http:\/\/rsca.grassrootslobbing.pl\/pl_PL\/spis-dokumentow-konsulatu\/\",\"name\":\"Spis Dokument\u00f3w Konsultu - RSCA\",\"isPartOf\":{\"@id\":\"http:\/\/rsca.grassrootslobbing.pl\/pl_PL\/#website\"},\"datePublished\":\"2023-12-31T22:38:57+00:00\",\"dateModified\":\"2024-01-03T12:43:02+00:00\",\"description\":\"Dokumenty Konsultu Nacji Zr\u00f3wnowa\u017conych Wymiar\u00f3w stanowi\u0105 kompleksowy zbi\u00f3r obejmuj\u0105cy statut, porozumienia, procedury, edukacj\u0119, technologi\u0119, zarz\u0105dzanie konfliktami i administracj\u0119. W tym obszernym spisie znajdziesz kluczowe dokumenty reguluj\u0105ce funkcjonowanie Konsultu, od zasad i protoko\u0142\u00f3w po projekty edukacyjne i procedury bezpiecze\u0144stwa. To wa\u017cne \u017ar\u00f3d\u0142o informacji dla wszystkich zainteresowanych dzia\u0142alno\u015bci\u0105 mi\u0119dzywymiarowej instytucji.\",\"inLanguage\":\"pl-PL\",\"potentialAction\":[{\"@type\":\"ReadAction\",\"target\":[\"http:\/\/rsca.grassrootslobbing.pl\/pl_PL\/spis-dokumentow-konsulatu\/\"]}]},{\"@type\":\"WebSite\",\"@id\":\"http:\/\/rsca.grassrootslobbing.pl\/pl_PL\/#website\",\"url\":\"http:\/\/rsca.grassrootslobbing.pl\/pl_PL\/\",\"name\":\"Reality Source Code Acces\",\"description\":\"\",\"publisher\":{\"@id\":\"http:\/\/rsca.grassrootslobbing.pl\/pl_PL\/#organization\"},\"potentialAction\":[{\"@type\":\"SearchAction\",\"target\":{\"@type\":\"EntryPoint\",\"urlTemplate\":\"http:\/\/rsca.grassrootslobbing.pl\/pl_PL\/?s={search_term_string}\"},\"query-input\":\"required name=search_term_string\"}],\"inLanguage\":\"pl-PL\"},{\"@type\":\"Organization\",\"@id\":\"http:\/\/rsca.grassrootslobbing.pl\/pl_PL\/#organization\",\"name\":\"Konsult 0n40i4\",\"url\":\"http:\/\/rsca.grassrootslobbing.pl\/pl_PL\/\",\"logo\":{\"@type\":\"ImageObject\",\"inLanguage\":\"pl-PL\",\"@id\":\"http:\/\/rsca.grassrootslobbing.pl\/pl_PL\/#\/schema\/logo\/image\/\",\"url\":\"http:\/\/rsca.grassrootslobbing.pl\/wp-content\/uploads\/2023\/12\/cropped-DALL\u00b7E-2023-12-31-08.54.33-A-modern-and-abstract-logo-for-Konsult-0n40i4-representing-an-interdimensional-legal-system.-The-design-should-embody-themes-of-law-dimensions-an.png\",\"contentUrl\":\"http:\/\/rsca.grassrootslobbing.pl\/wp-content\/uploads\/2023\/12\/cropped-DALL\u00b7E-2023-12-31-08.54.33-A-modern-and-abstract-logo-for-Konsult-0n40i4-representing-an-interdimensional-legal-system.-The-design-should-embody-themes-of-law-dimensions-an.png\",\"width\":1024,\"height\":835,\"caption\":\"Konsult 0n40i4\"},\"image\":{\"@id\":\"http:\/\/rsca.grassrootslobbing.pl\/pl_PL\/#\/schema\/logo\/image\/\"}}]}<\/script>\n<!-- \/ Yoast SEO plugin. -->","yoast_head_json":{"title":"Spis Dokument\u00f3w Konsultu - RSCA","description":"Dokumenty Konsultu Nacji Zr\u00f3wnowa\u017conych Wymiar\u00f3w stanowi\u0105 kompleksowy zbi\u00f3r obejmuj\u0105cy statut, porozumienia, procedury, edukacj\u0119, technologi\u0119, zarz\u0105dzanie konfliktami i administracj\u0119. W tym obszernym spisie znajdziesz kluczowe dokumenty reguluj\u0105ce funkcjonowanie Konsultu, od zasad i protoko\u0142\u00f3w po projekty edukacyjne i procedury bezpiecze\u0144stwa. To wa\u017cne \u017ar\u00f3d\u0142o informacji dla wszystkich zainteresowanych dzia\u0142alno\u015bci\u0105 mi\u0119dzywymiarowej instytucji.","robots":{"index":"index","follow":"follow","max-snippet":"max-snippet:-1","max-image-preview":"max-image-preview:large","max-video-preview":"max-video-preview:-1"},"canonical":"http:\/\/rsca.grassrootslobbing.pl\/pl_PL\/spis-dokumentow-konsulatu\/","og_locale":"pl_PL","og_type":"article","og_title":"Spis Dokument\u00f3w Konsultu - RSCA","og_description":"Dokumenty Konsultu Nacji Zr\u00f3wnowa\u017conych Wymiar\u00f3w stanowi\u0105 kompleksowy zbi\u00f3r obejmuj\u0105cy statut, porozumienia, procedury, edukacj\u0119, technologi\u0119, zarz\u0105dzanie konfliktami i administracj\u0119. W tym obszernym spisie znajdziesz kluczowe dokumenty reguluj\u0105ce funkcjonowanie Konsultu, od zasad i protoko\u0142\u00f3w po projekty edukacyjne i procedury bezpiecze\u0144stwa. To wa\u017cne \u017ar\u00f3d\u0142o informacji dla wszystkich zainteresowanych dzia\u0142alno\u015bci\u0105 mi\u0119dzywymiarowej instytucji.","og_url":"http:\/\/rsca.grassrootslobbing.pl\/pl_PL\/spis-dokumentow-konsulatu\/","og_site_name":"RSCA","article_modified_time":"2024-01-03T12:43:02+00:00","twitter_card":"summary_large_image","twitter_misc":{"Szacowany czas czytania":"2 minuty"},"schema":{"@context":"https:\/\/schema.org","@graph":[{"@type":"WebPage","@id":"http:\/\/rsca.grassrootslobbing.pl\/pl_PL\/spis-dokumentow-konsulatu\/","url":"http:\/\/rsca.grassrootslobbing.pl\/pl_PL\/spis-dokumentow-konsulatu\/","name":"Spis Dokument\u00f3w Konsultu - RSCA","isPartOf":{"@id":"http:\/\/rsca.grassrootslobbing.pl\/pl_PL\/#website"},"datePublished":"2023-12-31T22:38:57+00:00","dateModified":"2024-01-03T12:43:02+00:00","description":"Dokumenty Konsultu Nacji Zr\u00f3wnowa\u017conych Wymiar\u00f3w stanowi\u0105 kompleksowy zbi\u00f3r obejmuj\u0105cy statut, porozumienia, procedury, edukacj\u0119, technologi\u0119, zarz\u0105dzanie konfliktami i administracj\u0119. W tym obszernym spisie znajdziesz kluczowe dokumenty reguluj\u0105ce funkcjonowanie Konsultu, od zasad i protoko\u0142\u00f3w po projekty edukacyjne i procedury bezpiecze\u0144stwa. To wa\u017cne \u017ar\u00f3d\u0142o informacji dla wszystkich zainteresowanych dzia\u0142alno\u015bci\u0105 mi\u0119dzywymiarowej instytucji.","inLanguage":"pl-PL","potentialAction":[{"@type":"ReadAction","target":["http:\/\/rsca.grassrootslobbing.pl\/pl_PL\/spis-dokumentow-konsulatu\/"]}]},{"@type":"WebSite","@id":"http:\/\/rsca.grassrootslobbing.pl\/pl_PL\/#website","url":"http:\/\/rsca.grassrootslobbing.pl\/pl_PL\/","name":"Reality Source Code Acces","description":"","publisher":{"@id":"http:\/\/rsca.grassrootslobbing.pl\/pl_PL\/#organization"},"potentialAction":[{"@type":"SearchAction","target":{"@type":"EntryPoint","urlTemplate":"http:\/\/rsca.grassrootslobbing.pl\/pl_PL\/?s={search_term_string}"},"query-input":"required name=search_term_string"}],"inLanguage":"pl-PL"},{"@type":"Organization","@id":"http:\/\/rsca.grassrootslobbing.pl\/pl_PL\/#organization","name":"Konsult 0n40i4","url":"http:\/\/rsca.grassrootslobbing.pl\/pl_PL\/","logo":{"@type":"ImageObject","inLanguage":"pl-PL","@id":"http:\/\/rsca.grassrootslobbing.pl\/pl_PL\/#\/schema\/logo\/image\/","url":"http:\/\/rsca.grassrootslobbing.pl\/wp-content\/uploads\/2023\/12\/cropped-DALL\u00b7E-2023-12-31-08.54.33-A-modern-and-abstract-logo-for-Konsult-0n40i4-representing-an-interdimensional-legal-system.-The-design-should-embody-themes-of-law-dimensions-an.png","contentUrl":"http:\/\/rsca.grassrootslobbing.pl\/wp-content\/uploads\/2023\/12\/cropped-DALL\u00b7E-2023-12-31-08.54.33-A-modern-and-abstract-logo-for-Konsult-0n40i4-representing-an-interdimensional-legal-system.-The-design-should-embody-themes-of-law-dimensions-an.png","width":1024,"height":835,"caption":"Konsult 0n40i4"},"image":{"@id":"http:\/\/rsca.grassrootslobbing.pl\/pl_PL\/#\/schema\/logo\/image\/"}}]}},"_links":{"self":[{"href":"http:\/\/rsca.grassrootslobbing.pl\/pl_PL\/wp-json\/wp\/v2\/pages\/2712","targetHints":{"allow":["GET"]}}],"collection":[{"href":"http:\/\/rsca.grassrootslobbing.pl\/pl_PL\/wp-json\/wp\/v2\/pages"}],"about":[{"href":"http:\/\/rsca.grassrootslobbing.pl\/pl_PL\/wp-json\/wp\/v2\/types\/page"}],"author":[{"embeddable":true,"href":"http:\/\/rsca.grassrootslobbing.pl\/pl_PL\/wp-json\/wp\/v2\/users\/2"}],"replies":[{"embeddable":true,"href":"http:\/\/rsca.grassrootslobbing.pl\/pl_PL\/wp-json\/wp\/v2\/comments?post=2712"}],"version-history":[{"count":6,"href":"http:\/\/rsca.grassrootslobbing.pl\/pl_PL\/wp-json\/wp\/v2\/pages\/2712\/revisions"}],"predecessor-version":[{"id":3420,"href":"http:\/\/rsca.grassrootslobbing.pl\/pl_PL\/wp-json\/wp\/v2\/pages\/2712\/revisions\/3420"}],"wp:attachment":[{"href":"http:\/\/rsca.grassrootslobbing.pl\/pl_PL\/wp-json\/wp\/v2\/media?parent=2712"}],"curies":[{"name":"wp","href":"https:\/\/api.w.org\/{rel}","templated":true}]}}