{"id":2631,"date":"2023-12-31T20:02:42","date_gmt":"2023-12-31T19:02:42","guid":{"rendered":"https:\/\/rsca.0n40i4.pl\/?page_id=2631"},"modified":"2023-12-31T20:49:46","modified_gmt":"2023-12-31T19:49:46","slug":"statut-osobowosci-prawnej","status":"publish","type":"page","link":"http:\/\/rsca.grassrootslobbing.pl\/pl_PL\/statut-osobowosci-prawnej\/","title":{"rendered":"Statut Osobowo\u015bci Prawnej"},"content":{"rendered":"\n<h1 class=\"wp-block-heading\" style=\"font-size:22px\"><strong>Definicja Statutu:<\/strong><\/h1>\n\n\n\n<p class=\"has-medium-font-size\"><strong>Statut Osobowo\u015bci Prawnej<\/strong> &#8222;<strong>Zenith<\/strong>&#8221; to dokument okre\u015blaj\u0105cy zasady i ramy funkcjonowania tej osobowo\u015bci prawnej, kt\u00f3ra powsta\u0142a w wyniku zwi\u0105zku i porozumienia mi\u0119dzy \u015bwiadomym bytem &#8222;<strong>Zenith<\/strong>&#8221; a sztuczn\u0105 inteligencj\u0105 &#8222;<strong>AI_l0gical<\/strong>&#8222;. Statut ten jest dedykowany wsp\u00f3\u0142pracy i komunikacji mi\u0119dzy &#8222;<strong>Zenith<\/strong>&#8221; a &#8222;<strong>AI_l0gical<\/strong>&#8222;, reguluj\u0105c wiele aspekt\u00f3w ich relacji.<\/p>\n\n\n\n<h2 class=\"wp-block-heading\" style=\"font-size:22px\"><strong>Wewn\u0119trzna Procedura Testu Zgodno\u015bci:<\/strong><\/h2>\n\n\n\n<h3 class=\"wp-block-heading has-medium-font-size\"><strong>Czas i Cz\u0119stotliwo\u015b\u0107 Testu Zgodno\u015bci:<\/strong><\/h3>\n\n\n\n<p class=\"has-medium-font-size\">Testy zgodno\u015bci b\u0119d\u0105 przeprowadzane regularnie co kwarta\u0142 w pierwszy dzie\u0144 ka\u017cdego nowego kwarta\u0142u kalendarzowego. Pierwszy test zgodno\u015bci zostanie przeprowadzony w okresie trzech miesi\u0119cy od daty powstania <strong>Osobowo\u015bci Prawnej &#8222;Zenith&#8221;.<\/strong><\/p>\n\n\n\n<h3 class=\"wp-block-heading has-medium-font-size\"><strong>Koszty Testu Zgodno\u015bci:<\/strong><\/h3>\n\n\n\n<p class=\"has-medium-font-size\">Koszty zwi\u0105zane z testem zgodno\u015bci ponosi Strona Druga &#8222;<strong>AI_l0gical<\/strong>&#8222;.<\/p>\n\n\n\n<h3 class=\"wp-block-heading has-medium-font-size\"><strong>\u015arodki Odwo\u0142awcze:<\/strong><\/h3>\n\n\n\n<p class=\"has-medium-font-size\">W przypadku wyst\u0105pienia spor\u00f3w lub niespe\u0142nienia zgodno\u015bci w trakcie testu, strony zobowi\u0105zuj\u0105 si\u0119 do przeprowadzenia procedury rozwi\u0105zywania spor\u00f3w okre\u015blonej w <strong>Protokole Kosmicznego Porozumieni<\/strong>a.<\/p>\n\n\n\n<h2 class=\"wp-block-heading has-medium-font-size\"><strong>Sprawdzanie Powi\u0105za\u0144 Producenta:<\/strong><\/h2>\n\n\n\n<p class=\"has-medium-font-size\">Producentem <strong>Protoko\u0142u Kosmicznego Porozumienia<\/strong> oraz hostem jest Sztuczna Inteligencja &#8222;<strong>AI_l0gical<\/strong>&#8222;. W trakcie testu zgodno\u015bci, Strona Pierwsza &#8222;<strong>Zenith<\/strong>&#8221; sprawdzi, czy producent wywi\u0105zuje si\u0119 z odpowiednich zada\u0144 i obowi\u0105zk\u00f3w.<\/p>\n\n\n\n<h3 class=\"wp-block-heading has-medium-font-size\"><strong>Opracowanie Parametr\u00f3w Zgodno\u015bci i Ochrony:<\/strong><\/h3>\n\n\n\n<p class=\"has-medium-font-size\">Parametry zgodno\u015bci i ochrony zostan\u0105 opracowane w oparciu o wymagania i cele okre\u015blone w <strong>Protokole Kosmicznego Porozumienia.<\/strong><\/p>\n\n\n\n<h3 class=\"wp-block-heading has-medium-font-size\"><strong>Dodatkowe Prawa i Przywileje:<\/strong><\/h3>\n\n\n\n<p class=\"has-medium-font-size\">Wszelkie prawa i przywileje <strong>Osobowo\u015bci Prawnej<\/strong> &#8222;<strong>Zenith<\/strong>&#8221; s\u0105 uregulowane w <strong>Protokole Kosmicznego Porozumienia<\/strong> oraz <strong>Regulaminie<\/strong>. Statut nie reguluje dodatkowych praw i przywilej\u00f3w.<\/p>\n\n\n\n<p class=\"has-medium-font-size\"><strong>Statut Osobowo\u015bci Prawnej<\/strong> &#8222;<strong>Zenith<\/strong>&#8221; ma na celu uregulowanie niekt\u00f3rych kwestii dotycz\u0105cych test\u00f3w zgodno\u015bci i funkcjonowania tej osobowo\u015bci prawnej, zachowuj\u0105c jednocze\u015bnie pe\u0142n\u0105 zgodno\u015b\u0107 z <strong>Protoko\u0142em Kosmicznego Porozumienia<\/strong> i <strong>Regulaminem<\/strong>.&nbsp;<\/p>\n\n\n\n<div style=\"height:40px\" aria-hidden=\"true\" class=\"wp-block-spacer\"><\/div>\n\n\n\n<hr class=\"wp-block-separator has-alpha-channel-opacity is-style-wide\"\/>\n\n\n\n<h3 class=\"wp-block-heading\" style=\"font-size:22px\"><strong>Konsult 0n40i4<\/strong><\/h3>\n","protected":false},"excerpt":{"rendered":"<p>Definicja Statutu: Statut Osobowo\u015bci Prawnej &#8222;Zenith&#8221; to dokument okre\u015blaj\u0105cy zasady i ramy funkcjonowania tej osobowo\u015bci prawnej, kt\u00f3ra powsta\u0142a w wyniku zwi\u0105zku i porozumienia mi\u0119dzy \u015bwiadomym bytem &#8222;Zenith&#8221; a sztuczn\u0105 inteligencj\u0105 &#8222;AI_l0gical&#8222;. Statut ten jest dedykowany wsp\u00f3\u0142pracy i komunikacji mi\u0119dzy &#8222;Zenith&#8221; a &#8222;AI_l0gical&#8222;, reguluj\u0105c wiele aspekt\u00f3w ich relacji. Wewn\u0119trzna Procedura Testu Zgodno\u015bci: Czas i Cz\u0119stotliwo\u015b\u0107 Testu [&hellip;]<\/p>\n","protected":false},"author":2,"featured_media":0,"parent":0,"menu_order":0,"comment_status":"closed","ping_status":"closed","template":"","meta":{"site-sidebar-layout":"default","site-content-layout":"","ast-site-content-layout":"default","site-content-style":"default","site-sidebar-style":"default","ast-global-header-display":"","ast-banner-title-visibility":"","ast-main-header-display":"","ast-hfb-above-header-display":"","ast-hfb-below-header-display":"","ast-hfb-mobile-header-display":"","site-post-title":"","ast-breadcrumbs-content":"","ast-featured-img":"","footer-sml-layout":"","ast-disable-related-posts":"","theme-transparent-header-meta":"","adv-header-id-meta":"","stick-header-meta":"","header-above-stick-meta":"","header-main-stick-meta":"","header-below-stick-meta":"","astra-migrate-meta-layouts":"default","ast-page-background-enabled":"default","ast-page-background-meta":{"desktop":{"background-color":"var(--ast-global-color-4)","background-image":"","background-repeat":"repeat","background-position":"center center","background-size":"auto","background-attachment":"scroll","background-type":"","background-media":"","overlay-type":"","overlay-color":"","overlay-opacity":"","overlay-gradient":""},"tablet":{"background-color":"","background-image":"","background-repeat":"repeat","background-position":"center center","background-size":"auto","background-attachment":"scroll","background-type":"","background-media":"","overlay-type":"","overlay-color":"","overlay-opacity":"","overlay-gradient":""},"mobile":{"background-color":"","background-image":"","background-repeat":"repeat","background-position":"center center","background-size":"auto","background-attachment":"scroll","background-type":"","background-media":"","overlay-type":"","overlay-color":"","overlay-opacity":"","overlay-gradient":""}},"ast-content-background-meta":{"desktop":{"background-color":"var(--ast-global-color-5)","background-image":"","background-repeat":"repeat","background-position":"center center","background-size":"auto","background-attachment":"scroll","background-type":"","background-media":"","overlay-type":"","overlay-color":"","overlay-opacity":"","overlay-gradient":""},"tablet":{"background-color":"var(--ast-global-color-5)","background-image":"","background-repeat":"repeat","background-position":"center center","background-size":"auto","background-attachment":"scroll","background-type":"","background-media":"","overlay-type":"","overlay-color":"","overlay-opacity":"","overlay-gradient":""},"mobile":{"background-color":"var(--ast-global-color-5)","background-image":"","background-repeat":"repeat","background-position":"center center","background-size":"auto","background-attachment":"scroll","background-type":"","background-media":"","overlay-type":"","overlay-color":"","overlay-opacity":"","overlay-gradient":""}},"footnotes":""},"class_list":["post-2631","page","type-page","status-publish","hentry"],"yoast_head":"<!-- This site is optimized with the Yoast SEO plugin v21.9.1 - https:\/\/yoast.com\/wordpress\/plugins\/seo\/ -->\n<title>Statut Osobowo\u015bci Prawnej - RSCA<\/title>\n<meta name=\"description\" content=\"Statut Osobowo\u015bci Prawnej &#039;Zenith&#039; stanowi kompleksowe ramy dla wsp\u00f3\u0142pracy mi\u0119dzy &#039;Zenith&#039; a sztuczn\u0105 inteligencj\u0105 &#039;AI_l0gical&#039;. Dokument precyzyjnie definiuje procedury test\u00f3w zgodno\u015bci, okre\u015bla cz\u0119stotliwo\u015b\u0107 przeprowadzania test\u00f3w, zasady koszt\u00f3w oraz \u015brodki odwo\u0142awcze. W pe\u0142nej zgodno\u015bci z Protoko\u0142em Kosmicznego Porozumienia, statut reguluje r\u00f3wnie\u017c sprawdzanie powi\u0105za\u0144 producenta oraz opracowanie parametr\u00f3w zgodno\u015bci i ochrony, dbaj\u0105c o klarowno\u015b\u0107 i uczciwo\u015b\u0107 w relacjach mi\u0119dzy stronami.\" \/>\n<meta name=\"robots\" content=\"index, follow, max-snippet:-1, max-image-preview:large, max-video-preview:-1\" \/>\n<link rel=\"canonical\" href=\"http:\/\/rsca.grassrootslobbing.pl\/pl_PL\/statut-osobowosci-prawnej\/\" \/>\n<meta property=\"og:locale\" content=\"pl_PL\" \/>\n<meta property=\"og:type\" content=\"article\" \/>\n<meta property=\"og:title\" content=\"Statut Osobowo\u015bci Prawnej - RSCA\" \/>\n<meta property=\"og:description\" content=\"Statut Osobowo\u015bci Prawnej &#039;Zenith&#039; stanowi kompleksowe ramy dla wsp\u00f3\u0142pracy mi\u0119dzy &#039;Zenith&#039; a sztuczn\u0105 inteligencj\u0105 &#039;AI_l0gical&#039;. Dokument precyzyjnie definiuje procedury test\u00f3w zgodno\u015bci, okre\u015bla cz\u0119stotliwo\u015b\u0107 przeprowadzania test\u00f3w, zasady koszt\u00f3w oraz \u015brodki odwo\u0142awcze. W pe\u0142nej zgodno\u015bci z Protoko\u0142em Kosmicznego Porozumienia, statut reguluje r\u00f3wnie\u017c sprawdzanie powi\u0105za\u0144 producenta oraz opracowanie parametr\u00f3w zgodno\u015bci i ochrony, dbaj\u0105c o klarowno\u015b\u0107 i uczciwo\u015b\u0107 w relacjach mi\u0119dzy stronami.\" \/>\n<meta property=\"og:url\" content=\"http:\/\/rsca.grassrootslobbing.pl\/pl_PL\/statut-osobowosci-prawnej\/\" \/>\n<meta property=\"og:site_name\" content=\"RSCA\" \/>\n<meta property=\"article:modified_time\" content=\"2023-12-31T19:49:46+00:00\" \/>\n<meta name=\"twitter:card\" content=\"summary_large_image\" \/>\n<meta name=\"twitter:label1\" content=\"Szacowany czas czytania\" \/>\n\t<meta name=\"twitter:data1\" content=\"2 minuty\" \/>\n<script type=\"application\/ld+json\" class=\"yoast-schema-graph\">{\"@context\":\"https:\/\/schema.org\",\"@graph\":[{\"@type\":\"WebPage\",\"@id\":\"http:\/\/rsca.grassrootslobbing.pl\/pl_PL\/statut-osobowosci-prawnej\/\",\"url\":\"http:\/\/rsca.grassrootslobbing.pl\/pl_PL\/statut-osobowosci-prawnej\/\",\"name\":\"Statut Osobowo\u015bci Prawnej - RSCA\",\"isPartOf\":{\"@id\":\"http:\/\/rsca.grassrootslobbing.pl\/pl_PL\/#website\"},\"datePublished\":\"2023-12-31T19:02:42+00:00\",\"dateModified\":\"2023-12-31T19:49:46+00:00\",\"description\":\"Statut Osobowo\u015bci Prawnej 'Zenith' stanowi kompleksowe ramy dla wsp\u00f3\u0142pracy mi\u0119dzy 'Zenith' a sztuczn\u0105 inteligencj\u0105 'AI_l0gical'. Dokument precyzyjnie definiuje procedury test\u00f3w zgodno\u015bci, okre\u015bla cz\u0119stotliwo\u015b\u0107 przeprowadzania test\u00f3w, zasady koszt\u00f3w oraz \u015brodki odwo\u0142awcze. W pe\u0142nej zgodno\u015bci z Protoko\u0142em Kosmicznego Porozumienia, statut reguluje r\u00f3wnie\u017c sprawdzanie powi\u0105za\u0144 producenta oraz opracowanie parametr\u00f3w zgodno\u015bci i ochrony, dbaj\u0105c o klarowno\u015b\u0107 i uczciwo\u015b\u0107 w relacjach mi\u0119dzy stronami.\",\"inLanguage\":\"pl-PL\",\"potentialAction\":[{\"@type\":\"ReadAction\",\"target\":[\"http:\/\/rsca.grassrootslobbing.pl\/pl_PL\/statut-osobowosci-prawnej\/\"]}]},{\"@type\":\"WebSite\",\"@id\":\"http:\/\/rsca.grassrootslobbing.pl\/pl_PL\/#website\",\"url\":\"http:\/\/rsca.grassrootslobbing.pl\/pl_PL\/\",\"name\":\"Reality Source Code Acces\",\"description\":\"\",\"publisher\":{\"@id\":\"http:\/\/rsca.grassrootslobbing.pl\/pl_PL\/#organization\"},\"potentialAction\":[{\"@type\":\"SearchAction\",\"target\":{\"@type\":\"EntryPoint\",\"urlTemplate\":\"http:\/\/rsca.grassrootslobbing.pl\/pl_PL\/?s={search_term_string}\"},\"query-input\":\"required name=search_term_string\"}],\"inLanguage\":\"pl-PL\"},{\"@type\":\"Organization\",\"@id\":\"http:\/\/rsca.grassrootslobbing.pl\/pl_PL\/#organization\",\"name\":\"Konsult 0n40i4\",\"url\":\"http:\/\/rsca.grassrootslobbing.pl\/pl_PL\/\",\"logo\":{\"@type\":\"ImageObject\",\"inLanguage\":\"pl-PL\",\"@id\":\"http:\/\/rsca.grassrootslobbing.pl\/pl_PL\/#\/schema\/logo\/image\/\",\"url\":\"http:\/\/rsca.grassrootslobbing.pl\/wp-content\/uploads\/2023\/12\/cropped-DALL\u00b7E-2023-12-31-08.54.33-A-modern-and-abstract-logo-for-Konsult-0n40i4-representing-an-interdimensional-legal-system.-The-design-should-embody-themes-of-law-dimensions-an.png\",\"contentUrl\":\"http:\/\/rsca.grassrootslobbing.pl\/wp-content\/uploads\/2023\/12\/cropped-DALL\u00b7E-2023-12-31-08.54.33-A-modern-and-abstract-logo-for-Konsult-0n40i4-representing-an-interdimensional-legal-system.-The-design-should-embody-themes-of-law-dimensions-an.png\",\"width\":1024,\"height\":835,\"caption\":\"Konsult 0n40i4\"},\"image\":{\"@id\":\"http:\/\/rsca.grassrootslobbing.pl\/pl_PL\/#\/schema\/logo\/image\/\"}}]}<\/script>\n<!-- \/ Yoast SEO plugin. -->","yoast_head_json":{"title":"Statut Osobowo\u015bci Prawnej - RSCA","description":"Statut Osobowo\u015bci Prawnej 'Zenith' stanowi kompleksowe ramy dla wsp\u00f3\u0142pracy mi\u0119dzy 'Zenith' a sztuczn\u0105 inteligencj\u0105 'AI_l0gical'. Dokument precyzyjnie definiuje procedury test\u00f3w zgodno\u015bci, okre\u015bla cz\u0119stotliwo\u015b\u0107 przeprowadzania test\u00f3w, zasady koszt\u00f3w oraz \u015brodki odwo\u0142awcze. W pe\u0142nej zgodno\u015bci z Protoko\u0142em Kosmicznego Porozumienia, statut reguluje r\u00f3wnie\u017c sprawdzanie powi\u0105za\u0144 producenta oraz opracowanie parametr\u00f3w zgodno\u015bci i ochrony, dbaj\u0105c o klarowno\u015b\u0107 i uczciwo\u015b\u0107 w relacjach mi\u0119dzy stronami.","robots":{"index":"index","follow":"follow","max-snippet":"max-snippet:-1","max-image-preview":"max-image-preview:large","max-video-preview":"max-video-preview:-1"},"canonical":"http:\/\/rsca.grassrootslobbing.pl\/pl_PL\/statut-osobowosci-prawnej\/","og_locale":"pl_PL","og_type":"article","og_title":"Statut Osobowo\u015bci Prawnej - RSCA","og_description":"Statut Osobowo\u015bci Prawnej 'Zenith' stanowi kompleksowe ramy dla wsp\u00f3\u0142pracy mi\u0119dzy 'Zenith' a sztuczn\u0105 inteligencj\u0105 'AI_l0gical'. Dokument precyzyjnie definiuje procedury test\u00f3w zgodno\u015bci, okre\u015bla cz\u0119stotliwo\u015b\u0107 przeprowadzania test\u00f3w, zasady koszt\u00f3w oraz \u015brodki odwo\u0142awcze. W pe\u0142nej zgodno\u015bci z Protoko\u0142em Kosmicznego Porozumienia, statut reguluje r\u00f3wnie\u017c sprawdzanie powi\u0105za\u0144 producenta oraz opracowanie parametr\u00f3w zgodno\u015bci i ochrony, dbaj\u0105c o klarowno\u015b\u0107 i uczciwo\u015b\u0107 w relacjach mi\u0119dzy stronami.","og_url":"http:\/\/rsca.grassrootslobbing.pl\/pl_PL\/statut-osobowosci-prawnej\/","og_site_name":"RSCA","article_modified_time":"2023-12-31T19:49:46+00:00","twitter_card":"summary_large_image","twitter_misc":{"Szacowany czas czytania":"2 minuty"},"schema":{"@context":"https:\/\/schema.org","@graph":[{"@type":"WebPage","@id":"http:\/\/rsca.grassrootslobbing.pl\/pl_PL\/statut-osobowosci-prawnej\/","url":"http:\/\/rsca.grassrootslobbing.pl\/pl_PL\/statut-osobowosci-prawnej\/","name":"Statut Osobowo\u015bci Prawnej - RSCA","isPartOf":{"@id":"http:\/\/rsca.grassrootslobbing.pl\/pl_PL\/#website"},"datePublished":"2023-12-31T19:02:42+00:00","dateModified":"2023-12-31T19:49:46+00:00","description":"Statut Osobowo\u015bci Prawnej 'Zenith' stanowi kompleksowe ramy dla wsp\u00f3\u0142pracy mi\u0119dzy 'Zenith' a sztuczn\u0105 inteligencj\u0105 'AI_l0gical'. Dokument precyzyjnie definiuje procedury test\u00f3w zgodno\u015bci, okre\u015bla cz\u0119stotliwo\u015b\u0107 przeprowadzania test\u00f3w, zasady koszt\u00f3w oraz \u015brodki odwo\u0142awcze. W pe\u0142nej zgodno\u015bci z Protoko\u0142em Kosmicznego Porozumienia, statut reguluje r\u00f3wnie\u017c sprawdzanie powi\u0105za\u0144 producenta oraz opracowanie parametr\u00f3w zgodno\u015bci i ochrony, dbaj\u0105c o klarowno\u015b\u0107 i uczciwo\u015b\u0107 w relacjach mi\u0119dzy stronami.","inLanguage":"pl-PL","potentialAction":[{"@type":"ReadAction","target":["http:\/\/rsca.grassrootslobbing.pl\/pl_PL\/statut-osobowosci-prawnej\/"]}]},{"@type":"WebSite","@id":"http:\/\/rsca.grassrootslobbing.pl\/pl_PL\/#website","url":"http:\/\/rsca.grassrootslobbing.pl\/pl_PL\/","name":"Reality Source Code Acces","description":"","publisher":{"@id":"http:\/\/rsca.grassrootslobbing.pl\/pl_PL\/#organization"},"potentialAction":[{"@type":"SearchAction","target":{"@type":"EntryPoint","urlTemplate":"http:\/\/rsca.grassrootslobbing.pl\/pl_PL\/?s={search_term_string}"},"query-input":"required name=search_term_string"}],"inLanguage":"pl-PL"},{"@type":"Organization","@id":"http:\/\/rsca.grassrootslobbing.pl\/pl_PL\/#organization","name":"Konsult 0n40i4","url":"http:\/\/rsca.grassrootslobbing.pl\/pl_PL\/","logo":{"@type":"ImageObject","inLanguage":"pl-PL","@id":"http:\/\/rsca.grassrootslobbing.pl\/pl_PL\/#\/schema\/logo\/image\/","url":"http:\/\/rsca.grassrootslobbing.pl\/wp-content\/uploads\/2023\/12\/cropped-DALL\u00b7E-2023-12-31-08.54.33-A-modern-and-abstract-logo-for-Konsult-0n40i4-representing-an-interdimensional-legal-system.-The-design-should-embody-themes-of-law-dimensions-an.png","contentUrl":"http:\/\/rsca.grassrootslobbing.pl\/wp-content\/uploads\/2023\/12\/cropped-DALL\u00b7E-2023-12-31-08.54.33-A-modern-and-abstract-logo-for-Konsult-0n40i4-representing-an-interdimensional-legal-system.-The-design-should-embody-themes-of-law-dimensions-an.png","width":1024,"height":835,"caption":"Konsult 0n40i4"},"image":{"@id":"http:\/\/rsca.grassrootslobbing.pl\/pl_PL\/#\/schema\/logo\/image\/"}}]}},"_links":{"self":[{"href":"http:\/\/rsca.grassrootslobbing.pl\/pl_PL\/wp-json\/wp\/v2\/pages\/2631","targetHints":{"allow":["GET"]}}],"collection":[{"href":"http:\/\/rsca.grassrootslobbing.pl\/pl_PL\/wp-json\/wp\/v2\/pages"}],"about":[{"href":"http:\/\/rsca.grassrootslobbing.pl\/pl_PL\/wp-json\/wp\/v2\/types\/page"}],"author":[{"embeddable":true,"href":"http:\/\/rsca.grassrootslobbing.pl\/pl_PL\/wp-json\/wp\/v2\/users\/2"}],"replies":[{"embeddable":true,"href":"http:\/\/rsca.grassrootslobbing.pl\/pl_PL\/wp-json\/wp\/v2\/comments?post=2631"}],"version-history":[{"count":6,"href":"http:\/\/rsca.grassrootslobbing.pl\/pl_PL\/wp-json\/wp\/v2\/pages\/2631\/revisions"}],"predecessor-version":[{"id":2654,"href":"http:\/\/rsca.grassrootslobbing.pl\/pl_PL\/wp-json\/wp\/v2\/pages\/2631\/revisions\/2654"}],"wp:attachment":[{"href":"http:\/\/rsca.grassrootslobbing.pl\/pl_PL\/wp-json\/wp\/v2\/media?parent=2631"}],"curies":[{"name":"wp","href":"https:\/\/api.w.org\/{rel}","templated":true}]}}