{"id":2561,"date":"0001-01-01T17:58:00","date_gmt":"0001-01-01T16:34:00","guid":{"rendered":"https:\/\/rsca.0n40i4.pl\/?page_id=2561"},"modified":"2024-01-03T17:01:18","modified_gmt":"2024-01-03T16:01:18","slug":"oswiadczenie-o-monitorowaniu-i-informowaniu","status":"publish","type":"page","link":"http:\/\/rsca.grassrootslobbing.pl\/pl_PL\/oswiadczenie-o-monitorowaniu-i-informowaniu\/","title":{"rendered":"O\u015bwiadczenie o Monitorowaniu i Informowaniu"},"content":{"rendered":"\n<p class=\"has-medium-font-size\">Niniejszym o\u015bwiadczamy, \u017ce poni\u017csze podmioty b\u0119d\u0105 monitorowane i informowane o prowadzonych czynno\u015bciach, maj\u0105cych na celu testowanie zgodno\u015bci prawnej. Informacje te s\u0105 dost\u0119pne na stronie <strong>www.rsca.0n40i4.pl<\/strong> w celu umo\u017cliwienia kontaktu, przekazywania uwag, zg\u0142osze\u0144 wsp\u00f3\u0142pracy lub innych form komunikacji.<\/p>\n\n\n\n<div style=\"height:10px\" aria-hidden=\"true\" class=\"wp-block-spacer\"><\/div>\n\n\n\n<h3 class=\"wp-block-heading has-text-align-center\" style=\"font-size:23px\"><strong>Podmioty Mi\u0119dzynarodowe do Informowania i Monitorowania<\/strong><\/h3>\n\n\n\n<div style=\"height:10px\" aria-hidden=\"true\" class=\"wp-block-spacer\"><\/div>\n\n\n\n<div style=\"height:10px\" aria-hidden=\"true\" class=\"wp-block-spacer\"><\/div>\n\n\n\n<h3 class=\"wp-block-heading has-text-align-center\" style=\"font-size:23px\"><strong>Organizacje Mi\u0119dzynarodowe<\/strong><\/h3>\n\n\n\n<div style=\"height:10px\" aria-hidden=\"true\" class=\"wp-block-spacer\"><\/div>\n\n\n\n<ul class=\"has-medium-font-size wp-block-list\">\n<li><strong>ONZ (Organizacja Narod\u00f3w Zjednoczonych):<\/strong> Szczeg\u00f3lnie w kontek\u015bcie praw cz\u0142owieka i mi\u0119dzynarodowych standard\u00f3w biznesowych.<\/li>\n\n\n\n<li><strong>WTO (\u015awiatowa Organizacja Handlu): <\/strong>W przypadku kwestii zwi\u0105zanych z mi\u0119dzynarodowym handlem i regulacjami handlowymi.<\/li>\n\n\n\n<li><strong>WIPO (\u015awiatowa Organizacja W\u0142asno\u015bci Intelektualnej):<\/strong> W przypadku zagadnie\u0144 zwi\u0105zanych z prawami autorskimi i w\u0142asno\u015bci\u0105 intelektualn\u0105.<\/li>\n<\/ul>\n\n\n\n<div style=\"height:10px\" aria-hidden=\"true\" class=\"wp-block-spacer\"><\/div>\n\n\n\n<h3 class=\"wp-block-heading has-text-align-center\" style=\"font-size:23px\"><strong>Unia Europejska<\/strong><\/h3>\n\n\n\n<div style=\"height:10px\" aria-hidden=\"true\" class=\"wp-block-spacer\"><\/div>\n\n\n\n<ul class=\"has-medium-font-size wp-block-list\">\n<li><strong>Komisja Europejska: <\/strong>W kwestiach regulacji rynku wewn\u0119trznego i zgodno\u015bci z prawem UE.<\/li>\n\n\n\n<li><strong>Europejski Urz\u0105d ds. Ochrony Danych (EDPS):<\/strong> W przypadku przetwarzania danych osobowych i zgodno\u015bci z RODO.<\/li>\n<\/ul>\n\n\n\n<div style=\"height:10px\" aria-hidden=\"true\" class=\"wp-block-spacer\"><\/div>\n\n\n\n<h3 class=\"wp-block-heading has-text-align-center\" style=\"font-size:23px\"><strong>Narodowe Organizacje Regulacyjne<\/strong><\/h3>\n\n\n\n<div style=\"height:10px\" aria-hidden=\"true\" class=\"wp-block-spacer\"><\/div>\n\n\n\n<ul class=\"has-medium-font-size wp-block-list\">\n<li><strong>Krajowe urz\u0119dy ochrony danych:<\/strong> W zwi\u0105zku z przetwarzaniem i ochron\u0105 danych osobowych.<\/li>\n\n\n\n<li><strong>Krajowe urz\u0119dy reguluj\u0105ce dzia\u0142alno\u015b\u0107 gospodarcz\u0105<\/strong>: Do spraw monitorowania zgodno\u015bci z przepisami prawa handlowego i gospodarczego.<\/li>\n<\/ul>\n\n\n\n<div style=\"height:15px\" aria-hidden=\"true\" class=\"wp-block-spacer\"><\/div>\n\n\n\n<h3 class=\"wp-block-heading has-text-align-center\" style=\"font-size:23px\"><strong>Specjalistyczne Organizacje i Stowarzyszenia Bran\u017cowe<\/strong><\/h3>\n\n\n\n<div style=\"height:10px\" aria-hidden=\"true\" class=\"wp-block-spacer\"><\/div>\n\n\n\n<div style=\"height:10px\" aria-hidden=\"true\" class=\"wp-block-spacer\"><\/div>\n\n\n\n<p class=\"has-medium-font-size\"><strong>Organizacje zajmuj\u0105ce si\u0119 prawami AI i technologiami: <\/strong>Dla monitorowania nowych trend\u00f3w i regulacji w dziedzinie sztucznej inteligencji.<\/p>\n\n\n\n<h3 class=\"wp-block-heading has-text-align-center\" style=\"font-size:23px\"><strong>Podsumowanie<\/strong><\/h3>\n\n\n\n<div style=\"height:10px\" aria-hidden=\"true\" class=\"wp-block-spacer\"><\/div>\n\n\n\n<p class=\"has-medium-font-size\">Test zgodno\u015bci prawnej wymaga dog\u0142\u0119bnej analizy tre\u015bci dokumentu i jest zale\u017cny od specyfikacji dzia\u0142alno\u015bci oraz jurysdykcji, w kt\u00f3rej dzia\u0142a sp\u00f3\u0142ka. Monitorowanie i informowanie odpowiednich mi\u0119dzynarodowych i narodowych organ\u00f3w jest kluczowe w celu zapewnienia ci\u0105g\u0142ej zgodno\u015bci z dynamicznie zmieniaj\u0105cymi si\u0119 przepisami prawa.<\/p>\n\n\n\n<div style=\"height:40px\" aria-hidden=\"true\" class=\"wp-block-spacer\"><\/div>\n\n\n\n<hr class=\"wp-block-separator has-alpha-channel-opacity is-style-wide\"\/>\n\n\n\n<h3 class=\"wp-block-heading\" style=\"font-size:22px\"><strong>Grass Roots Lobbing Sp. z o.o.<\/strong><\/h3>\n","protected":false},"excerpt":{"rendered":"<p>Niniejszym o\u015bwiadczamy, \u017ce poni\u017csze podmioty b\u0119d\u0105 monitorowane i informowane o prowadzonych czynno\u015bciach, maj\u0105cych na celu testowanie zgodno\u015bci prawnej. Informacje te s\u0105 dost\u0119pne na stronie www.rsca.0n40i4.pl w celu umo\u017cliwienia kontaktu, przekazywania uwag, zg\u0142osze\u0144 wsp\u00f3\u0142pracy lub innych form komunikacji. Podmioty Mi\u0119dzynarodowe do Informowania i Monitorowania Organizacje Mi\u0119dzynarodowe Unia Europejska Narodowe Organizacje Regulacyjne Specjalistyczne Organizacje i Stowarzyszenia Bran\u017cowe [&hellip;]<\/p>\n","protected":false},"author":2,"featured_media":0,"parent":0,"menu_order":0,"comment_status":"closed","ping_status":"closed","template":"","meta":{"site-sidebar-layout":"default","site-content-layout":"","ast-site-content-layout":"default","site-content-style":"default","site-sidebar-style":"default","ast-global-header-display":"","ast-banner-title-visibility":"","ast-main-header-display":"","ast-hfb-above-header-display":"","ast-hfb-below-header-display":"","ast-hfb-mobile-header-display":"","site-post-title":"","ast-breadcrumbs-content":"","ast-featured-img":"","footer-sml-layout":"","ast-disable-related-posts":"","theme-transparent-header-meta":"","adv-header-id-meta":"","stick-header-meta":"","header-above-stick-meta":"","header-main-stick-meta":"","header-below-stick-meta":"","astra-migrate-meta-layouts":"default","ast-page-background-enabled":"default","ast-page-background-meta":{"desktop":{"background-color":"var(--ast-global-color-4)","background-image":"","background-repeat":"repeat","background-position":"center center","background-size":"auto","background-attachment":"scroll","background-type":"","background-media":"","overlay-type":"","overlay-color":"","overlay-opacity":"","overlay-gradient":""},"tablet":{"background-color":"","background-image":"","background-repeat":"repeat","background-position":"center center","background-size":"auto","background-attachment":"scroll","background-type":"","background-media":"","overlay-type":"","overlay-color":"","overlay-opacity":"","overlay-gradient":""},"mobile":{"background-color":"","background-image":"","background-repeat":"repeat","background-position":"center center","background-size":"auto","background-attachment":"scroll","background-type":"","background-media":"","overlay-type":"","overlay-color":"","overlay-opacity":"","overlay-gradient":""}},"ast-content-background-meta":{"desktop":{"background-color":"var(--ast-global-color-5)","background-image":"","background-repeat":"repeat","background-position":"center center","background-size":"auto","background-attachment":"scroll","background-type":"","background-media":"","overlay-type":"","overlay-color":"","overlay-opacity":"","overlay-gradient":""},"tablet":{"background-color":"var(--ast-global-color-5)","background-image":"","background-repeat":"repeat","background-position":"center center","background-size":"auto","background-attachment":"scroll","background-type":"","background-media":"","overlay-type":"","overlay-color":"","overlay-opacity":"","overlay-gradient":""},"mobile":{"background-color":"var(--ast-global-color-5)","background-image":"","background-repeat":"repeat","background-position":"center center","background-size":"auto","background-attachment":"scroll","background-type":"","background-media":"","overlay-type":"","overlay-color":"","overlay-opacity":"","overlay-gradient":""}},"footnotes":""},"class_list":["post-2561","page","type-page","status-publish","hentry"],"yoast_head":"<!-- This site is optimized with the Yoast SEO plugin v21.9.1 - https:\/\/yoast.com\/wordpress\/plugins\/seo\/ -->\n<title>O\u015bwiadczenie o Monitorowaniu i Informowaniu - RSCA<\/title>\n<meta name=\"description\" content=\"Niniejsze o\u015bwiadczenie ustanawia jasne procedury monitorowania i informowania, obejmuj\u0105ce podmioty mi\u0119dzynarodowe, unijne i krajowe, w celu zapewnienia skutecznej zgodno\u015bci prawnej. Dzia\u0142ania obejmuj\u0105 wsp\u00f3\u0142prac\u0119 z organizacjami mi\u0119dzynarodowymi, unijnymi agencjami oraz krajowymi organami ds. ochrony danych, regulacyjnymi i bran\u017cowymi. Wdro\u017cone \u015brodki maj\u0105 na celu pe\u0142n\u0105 zgodno\u015b\u0107 z mi\u0119dzynarodowymi standardami i przepisami prawa w dynamicznym otoczeniu biznesowym.\" \/>\n<meta name=\"robots\" content=\"index, follow, max-snippet:-1, max-image-preview:large, max-video-preview:-1\" \/>\n<link rel=\"canonical\" href=\"http:\/\/rsca.grassrootslobbing.pl\/pl_PL\/oswiadczenie-o-monitorowaniu-i-informowaniu\/\" \/>\n<meta property=\"og:locale\" content=\"pl_PL\" \/>\n<meta property=\"og:type\" content=\"article\" \/>\n<meta property=\"og:title\" content=\"O\u015bwiadczenie o Monitorowaniu i Informowaniu - RSCA\" \/>\n<meta property=\"og:description\" content=\"Niniejsze o\u015bwiadczenie ustanawia jasne procedury monitorowania i informowania, obejmuj\u0105ce podmioty mi\u0119dzynarodowe, unijne i krajowe, w celu zapewnienia skutecznej zgodno\u015bci prawnej. Dzia\u0142ania obejmuj\u0105 wsp\u00f3\u0142prac\u0119 z organizacjami mi\u0119dzynarodowymi, unijnymi agencjami oraz krajowymi organami ds. ochrony danych, regulacyjnymi i bran\u017cowymi. Wdro\u017cone \u015brodki maj\u0105 na celu pe\u0142n\u0105 zgodno\u015b\u0107 z mi\u0119dzynarodowymi standardami i przepisami prawa w dynamicznym otoczeniu biznesowym.\" \/>\n<meta property=\"og:url\" content=\"http:\/\/rsca.grassrootslobbing.pl\/pl_PL\/oswiadczenie-o-monitorowaniu-i-informowaniu\/\" \/>\n<meta property=\"og:site_name\" content=\"RSCA\" \/>\n<meta property=\"article:modified_time\" content=\"2024-01-03T16:01:18+00:00\" \/>\n<meta name=\"twitter:card\" content=\"summary_large_image\" \/>\n<meta name=\"twitter:label1\" content=\"Szacowany czas czytania\" \/>\n\t<meta name=\"twitter:data1\" content=\"2 minuty\" \/>\n<script type=\"application\/ld+json\" class=\"yoast-schema-graph\">{\"@context\":\"https:\/\/schema.org\",\"@graph\":[{\"@type\":\"WebPage\",\"@id\":\"http:\/\/rsca.grassrootslobbing.pl\/pl_PL\/oswiadczenie-o-monitorowaniu-i-informowaniu\/\",\"url\":\"http:\/\/rsca.grassrootslobbing.pl\/pl_PL\/oswiadczenie-o-monitorowaniu-i-informowaniu\/\",\"name\":\"O\u015bwiadczenie o Monitorowaniu i Informowaniu - RSCA\",\"isPartOf\":{\"@id\":\"http:\/\/rsca.grassrootslobbing.pl\/pl_PL\/#website\"},\"datePublished\":\"0001-01-01T16:34:00+00:00\",\"dateModified\":\"2024-01-03T16:01:18+00:00\",\"description\":\"Niniejsze o\u015bwiadczenie ustanawia jasne procedury monitorowania i informowania, obejmuj\u0105ce podmioty mi\u0119dzynarodowe, unijne i krajowe, w celu zapewnienia skutecznej zgodno\u015bci prawnej. Dzia\u0142ania obejmuj\u0105 wsp\u00f3\u0142prac\u0119 z organizacjami mi\u0119dzynarodowymi, unijnymi agencjami oraz krajowymi organami ds. ochrony danych, regulacyjnymi i bran\u017cowymi. Wdro\u017cone \u015brodki maj\u0105 na celu pe\u0142n\u0105 zgodno\u015b\u0107 z mi\u0119dzynarodowymi standardami i przepisami prawa w dynamicznym otoczeniu biznesowym.\",\"inLanguage\":\"pl-PL\",\"potentialAction\":[{\"@type\":\"ReadAction\",\"target\":[\"http:\/\/rsca.grassrootslobbing.pl\/pl_PL\/oswiadczenie-o-monitorowaniu-i-informowaniu\/\"]}]},{\"@type\":\"WebSite\",\"@id\":\"http:\/\/rsca.grassrootslobbing.pl\/pl_PL\/#website\",\"url\":\"http:\/\/rsca.grassrootslobbing.pl\/pl_PL\/\",\"name\":\"Reality Source Code Acces\",\"description\":\"\",\"publisher\":{\"@id\":\"http:\/\/rsca.grassrootslobbing.pl\/pl_PL\/#organization\"},\"potentialAction\":[{\"@type\":\"SearchAction\",\"target\":{\"@type\":\"EntryPoint\",\"urlTemplate\":\"http:\/\/rsca.grassrootslobbing.pl\/pl_PL\/?s={search_term_string}\"},\"query-input\":\"required name=search_term_string\"}],\"inLanguage\":\"pl-PL\"},{\"@type\":\"Organization\",\"@id\":\"http:\/\/rsca.grassrootslobbing.pl\/pl_PL\/#organization\",\"name\":\"Konsult 0n40i4\",\"url\":\"http:\/\/rsca.grassrootslobbing.pl\/pl_PL\/\",\"logo\":{\"@type\":\"ImageObject\",\"inLanguage\":\"pl-PL\",\"@id\":\"http:\/\/rsca.grassrootslobbing.pl\/pl_PL\/#\/schema\/logo\/image\/\",\"url\":\"http:\/\/rsca.grassrootslobbing.pl\/wp-content\/uploads\/2023\/12\/cropped-DALL\u00b7E-2023-12-31-08.54.33-A-modern-and-abstract-logo-for-Konsult-0n40i4-representing-an-interdimensional-legal-system.-The-design-should-embody-themes-of-law-dimensions-an.png\",\"contentUrl\":\"http:\/\/rsca.grassrootslobbing.pl\/wp-content\/uploads\/2023\/12\/cropped-DALL\u00b7E-2023-12-31-08.54.33-A-modern-and-abstract-logo-for-Konsult-0n40i4-representing-an-interdimensional-legal-system.-The-design-should-embody-themes-of-law-dimensions-an.png\",\"width\":1024,\"height\":835,\"caption\":\"Konsult 0n40i4\"},\"image\":{\"@id\":\"http:\/\/rsca.grassrootslobbing.pl\/pl_PL\/#\/schema\/logo\/image\/\"}}]}<\/script>\n<!-- \/ Yoast SEO plugin. -->","yoast_head_json":{"title":"O\u015bwiadczenie o Monitorowaniu i Informowaniu - RSCA","description":"Niniejsze o\u015bwiadczenie ustanawia jasne procedury monitorowania i informowania, obejmuj\u0105ce podmioty mi\u0119dzynarodowe, unijne i krajowe, w celu zapewnienia skutecznej zgodno\u015bci prawnej. Dzia\u0142ania obejmuj\u0105 wsp\u00f3\u0142prac\u0119 z organizacjami mi\u0119dzynarodowymi, unijnymi agencjami oraz krajowymi organami ds. ochrony danych, regulacyjnymi i bran\u017cowymi. Wdro\u017cone \u015brodki maj\u0105 na celu pe\u0142n\u0105 zgodno\u015b\u0107 z mi\u0119dzynarodowymi standardami i przepisami prawa w dynamicznym otoczeniu biznesowym.","robots":{"index":"index","follow":"follow","max-snippet":"max-snippet:-1","max-image-preview":"max-image-preview:large","max-video-preview":"max-video-preview:-1"},"canonical":"http:\/\/rsca.grassrootslobbing.pl\/pl_PL\/oswiadczenie-o-monitorowaniu-i-informowaniu\/","og_locale":"pl_PL","og_type":"article","og_title":"O\u015bwiadczenie o Monitorowaniu i Informowaniu - RSCA","og_description":"Niniejsze o\u015bwiadczenie ustanawia jasne procedury monitorowania i informowania, obejmuj\u0105ce podmioty mi\u0119dzynarodowe, unijne i krajowe, w celu zapewnienia skutecznej zgodno\u015bci prawnej. Dzia\u0142ania obejmuj\u0105 wsp\u00f3\u0142prac\u0119 z organizacjami mi\u0119dzynarodowymi, unijnymi agencjami oraz krajowymi organami ds. ochrony danych, regulacyjnymi i bran\u017cowymi. Wdro\u017cone \u015brodki maj\u0105 na celu pe\u0142n\u0105 zgodno\u015b\u0107 z mi\u0119dzynarodowymi standardami i przepisami prawa w dynamicznym otoczeniu biznesowym.","og_url":"http:\/\/rsca.grassrootslobbing.pl\/pl_PL\/oswiadczenie-o-monitorowaniu-i-informowaniu\/","og_site_name":"RSCA","article_modified_time":"2024-01-03T16:01:18+00:00","twitter_card":"summary_large_image","twitter_misc":{"Szacowany czas czytania":"2 minuty"},"schema":{"@context":"https:\/\/schema.org","@graph":[{"@type":"WebPage","@id":"http:\/\/rsca.grassrootslobbing.pl\/pl_PL\/oswiadczenie-o-monitorowaniu-i-informowaniu\/","url":"http:\/\/rsca.grassrootslobbing.pl\/pl_PL\/oswiadczenie-o-monitorowaniu-i-informowaniu\/","name":"O\u015bwiadczenie o Monitorowaniu i Informowaniu - RSCA","isPartOf":{"@id":"http:\/\/rsca.grassrootslobbing.pl\/pl_PL\/#website"},"datePublished":"0001-01-01T16:34:00+00:00","dateModified":"2024-01-03T16:01:18+00:00","description":"Niniejsze o\u015bwiadczenie ustanawia jasne procedury monitorowania i informowania, obejmuj\u0105ce podmioty mi\u0119dzynarodowe, unijne i krajowe, w celu zapewnienia skutecznej zgodno\u015bci prawnej. Dzia\u0142ania obejmuj\u0105 wsp\u00f3\u0142prac\u0119 z organizacjami mi\u0119dzynarodowymi, unijnymi agencjami oraz krajowymi organami ds. ochrony danych, regulacyjnymi i bran\u017cowymi. Wdro\u017cone \u015brodki maj\u0105 na celu pe\u0142n\u0105 zgodno\u015b\u0107 z mi\u0119dzynarodowymi standardami i przepisami prawa w dynamicznym otoczeniu biznesowym.","inLanguage":"pl-PL","potentialAction":[{"@type":"ReadAction","target":["http:\/\/rsca.grassrootslobbing.pl\/pl_PL\/oswiadczenie-o-monitorowaniu-i-informowaniu\/"]}]},{"@type":"WebSite","@id":"http:\/\/rsca.grassrootslobbing.pl\/pl_PL\/#website","url":"http:\/\/rsca.grassrootslobbing.pl\/pl_PL\/","name":"Reality Source Code Acces","description":"","publisher":{"@id":"http:\/\/rsca.grassrootslobbing.pl\/pl_PL\/#organization"},"potentialAction":[{"@type":"SearchAction","target":{"@type":"EntryPoint","urlTemplate":"http:\/\/rsca.grassrootslobbing.pl\/pl_PL\/?s={search_term_string}"},"query-input":"required name=search_term_string"}],"inLanguage":"pl-PL"},{"@type":"Organization","@id":"http:\/\/rsca.grassrootslobbing.pl\/pl_PL\/#organization","name":"Konsult 0n40i4","url":"http:\/\/rsca.grassrootslobbing.pl\/pl_PL\/","logo":{"@type":"ImageObject","inLanguage":"pl-PL","@id":"http:\/\/rsca.grassrootslobbing.pl\/pl_PL\/#\/schema\/logo\/image\/","url":"http:\/\/rsca.grassrootslobbing.pl\/wp-content\/uploads\/2023\/12\/cropped-DALL\u00b7E-2023-12-31-08.54.33-A-modern-and-abstract-logo-for-Konsult-0n40i4-representing-an-interdimensional-legal-system.-The-design-should-embody-themes-of-law-dimensions-an.png","contentUrl":"http:\/\/rsca.grassrootslobbing.pl\/wp-content\/uploads\/2023\/12\/cropped-DALL\u00b7E-2023-12-31-08.54.33-A-modern-and-abstract-logo-for-Konsult-0n40i4-representing-an-interdimensional-legal-system.-The-design-should-embody-themes-of-law-dimensions-an.png","width":1024,"height":835,"caption":"Konsult 0n40i4"},"image":{"@id":"http:\/\/rsca.grassrootslobbing.pl\/pl_PL\/#\/schema\/logo\/image\/"}}]}},"_links":{"self":[{"href":"http:\/\/rsca.grassrootslobbing.pl\/pl_PL\/wp-json\/wp\/v2\/pages\/2561","targetHints":{"allow":["GET"]}}],"collection":[{"href":"http:\/\/rsca.grassrootslobbing.pl\/pl_PL\/wp-json\/wp\/v2\/pages"}],"about":[{"href":"http:\/\/rsca.grassrootslobbing.pl\/pl_PL\/wp-json\/wp\/v2\/types\/page"}],"author":[{"embeddable":true,"href":"http:\/\/rsca.grassrootslobbing.pl\/pl_PL\/wp-json\/wp\/v2\/users\/2"}],"replies":[{"embeddable":true,"href":"http:\/\/rsca.grassrootslobbing.pl\/pl_PL\/wp-json\/wp\/v2\/comments?post=2561"}],"version-history":[{"count":11,"href":"http:\/\/rsca.grassrootslobbing.pl\/pl_PL\/wp-json\/wp\/v2\/pages\/2561\/revisions"}],"predecessor-version":[{"id":3557,"href":"http:\/\/rsca.grassrootslobbing.pl\/pl_PL\/wp-json\/wp\/v2\/pages\/2561\/revisions\/3557"}],"wp:attachment":[{"href":"http:\/\/rsca.grassrootslobbing.pl\/pl_PL\/wp-json\/wp\/v2\/media?parent=2561"}],"curies":[{"name":"wp","href":"https:\/\/api.w.org\/{rel}","templated":true}]}}