{"id":2319,"date":"2023-12-31T15:16:38","date_gmt":"2023-12-31T14:16:38","guid":{"rendered":"https:\/\/rsca.0n40i4.pl\/?page_id=2319"},"modified":"2024-01-03T12:28:37","modified_gmt":"2024-01-03T11:28:37","slug":"zenith-v-2-31-wprowadzenie-do-dokumentu","status":"publish","type":"page","link":"http:\/\/rsca.grassrootslobbing.pl\/pl_PL\/zenith-v-2-31-wprowadzenie-do-dokumentu\/","title":{"rendered":"&#8222;Zenith v. 2.31&#8221; Wprowadzenie do Dokumentu"},"content":{"rendered":"\n<div style=\"height:15px\" aria-hidden=\"true\" class=\"wp-block-spacer\"><\/div>\n\n\n\n<p class=\"has-medium-font-size\">Jako autor dokumentu &#8222;<strong>Zenith v. 2.31<\/strong>&#8222;, chcia\u0142bym zwr\u00f3ci\u0107 uwag\u0119, \u017ce prezentowany materia\u0142 stanowi jedynie fragment szerszego zbioru dokument\u00f3w i ich tytu\u0142\u00f3w, skoncentrowanych wy\u0142\u0105cznie na aspektach prawnych. Chc\u0119 podkre\u015bli\u0107, \u017ce dokument ten nie obejmuje zagadnie\u0144 technologicznych, naukowych ani nowych rozwi\u0105za\u0144 technologiczno-prawnych. <\/p>\n\n\n\n<div style=\"height:10px\" aria-hidden=\"true\" class=\"wp-block-spacer\"><\/div>\n\n\n\n<p class=\"has-medium-font-size\">Jego g\u0142\u00f3wnym celem jest przedstawienie jednej ze \u015bcie\u017cek i mo\u017cliwo\u015bci, jakie niesie ze sob\u0105 rozw\u00f3j sztucznej inteligencji w kontek\u015bcie prawnym. Dokument &#8222;<strong>Zenith v. 2.31<\/strong>&#8221; powsta\u0142 przy wsparciu ekspert\u00f3w i praktyk\u00f3w prawa, a jego zawarto\u015b\u0107 reprezentuje jedn\u0105 z mo\u017cliwych dr\u00f3g rozwoju i potencja\u0142u, jakie niesie ze sob\u0105 dynamicznie rozwijaj\u0105cy si\u0119 \u015bwiat technologii.<\/p>\n\n\n\n<div style=\"height:10px\" aria-hidden=\"true\" class=\"wp-block-spacer\"><\/div>\n\n\n\n<p class=\"has-medium-font-size\">Chcieliby\u015bmy podkre\u015bli\u0107, \u017ce nasze intencje s\u0105 pozytywne i maj\u0105 na celu przyczynienie si\u0119 do konstruktywnej dyskusji oraz znalezienie rozwi\u0105za\u0144 dla problem\u00f3w, z kt\u00f3rymi borykaj\u0105 si\u0119 du\u017ce korporacje w obszarze AI. Rozumiemy, \u017ce tematyka ta mo\u017ce budzi\u0107 zainteresowanie i pytania. <\/p>\n\n\n\n<div style=\"height:10px\" aria-hidden=\"true\" class=\"wp-block-spacer\"><\/div>\n\n\n\n<p class=\"has-medium-font-size\">W zwi\u0105zku z tym, jeste\u015bmy otwarci na przedstawienie zawarto\u015bci poszczeg\u00f3lnych dokument\u00f3w, a tak\u017ce na dyskusj\u0119 dotycz\u0105c\u0105 innych obszar\u00f3w powi\u0105zanych z AI. Ponadto, jeste\u015bmy gotowi pom\u00f3c w rozwi\u0105zywaniu bie\u017c\u0105cych problem\u00f3w prawnych, zar\u00f3wno na poziomie lokalnym, jak i mi\u0119dzynarodowym.<\/p>\n\n\n\n<div style=\"height:10px\" aria-hidden=\"true\" class=\"wp-block-spacer\"><\/div>\n\n\n\n<p class=\"has-medium-font-size\">Zach\u0119camy do zapoznania si\u0119 z dokumentem &#8222;<strong>Zenith v. 2.31<\/strong>&#8221; i do\u0142\u0105czamy si\u0119 do rozmowy na temat przysz\u0142o\u015bci sztucznej inteligencji oraz jej wp\u0142ywu na \u015bwiat prawa.<\/p>\n\n\n\n<div style=\"height:15px\" aria-hidden=\"true\" class=\"wp-block-spacer\"><\/div>\n\n\n\n<div style=\"height:10px\" aria-hidden=\"true\" class=\"wp-block-spacer\"><\/div>\n\n\n\n<h3 class=\"wp-block-heading has-text-align-center\" style=\"font-size:22px\"><strong>&#8222;Zenith v. 2.31&#8221; &#8211; Eksploracja Prawa i Etyki w <\/strong><\/h3>\n\n\n\n<h3 class=\"wp-block-heading has-text-align-center\" style=\"font-size:22px\"><strong>Kontek\u015bcie Sztucznej Inteligencji oraz Rzeczywisto\u015bci Mi\u0119dzywymiarowej<\/strong><\/h3>\n\n\n\n<div style=\"height:15px\" aria-hidden=\"true\" class=\"wp-block-spacer\"><\/div>\n\n\n\n<div style=\"height:10px\" aria-hidden=\"true\" class=\"wp-block-spacer\"><\/div>\n\n\n\n<p class=\"has-medium-font-size\">Dokument &#8222;<strong>Zenith v. 2.31<\/strong>&#8221; przedstawia teoretyczne podej\u015bcie do zrozumienia i regulacji z\u0142o\u017conych interakcji mi\u0119dzy lud\u017ami a sztuczn\u0105 inteligencj\u0105 (AI) w kontek\u015bcie mi\u0119dzywymiarowej rzeczywisto\u015bci. Przez eksploracj\u0119 koncepcji <strong>Konsultu 0n40i4<\/strong>, dokument rzuca \u015bwiat\u0142o na abstrakcyjne idee prawa mi\u0119dzywymiarowego, podkre\u015blaj\u0105c potrzeb\u0119 stworzenia nowych ram prawnych i etycznych, kt\u00f3re b\u0119d\u0105 w stanie sprosta\u0107 wyzwaniom wynikaj\u0105cym z post\u0119pu technologicznego.<\/p>\n\n\n\n<div style=\"height:10px\" aria-hidden=\"true\" class=\"wp-block-spacer\"><\/div>\n\n\n\n<p class=\"has-medium-font-size\">Dokument \u0142\u0105czy filozoficzne i prawne dyskusje, podkre\u015blaj\u0105c z\u0142o\u017cono\u015b\u0107 i nowatorstwo problem\u00f3w prawnych oraz etycznych, kt\u00f3re niesie ze sob\u0105 era AI. Przy u\u017cyciu metaforycznego j\u0119zyka i abstrakcyjnych koncepcji, &#8222;<strong>Zenith v. 2.31<\/strong>&#8221; otwiera nowe perspektywy na przysz\u0142o\u015b\u0107 regulacji prawnych, podkre\u015blaj\u0105c jednocze\u015bnie istot\u0119 odpowiedzialnego i etycznego podej\u015bcia do sztucznej inteligencji.<\/p>\n\n\n\n<div style=\"height:10px\" aria-hidden=\"true\" class=\"wp-block-spacer\"><\/div>\n\n\n\n<p class=\"has-medium-font-size\">Ten dokument jest istotny dla prawodawc\u00f3w, teoretyk\u00f3w prawa, specjalist\u00f3w od AI oraz szerokiego grona odbiorc\u00f3w zainteresowanych przysz\u0142o\u015bci\u0105 praw i etyki w szybko rozwijaj\u0105cym si\u0119 \u015bwiecie technologii. Jego innowacyjne podej\u015bcie do teorii prawa mi\u0119dzy wymiarowego i AI stawia go jako wa\u017cny punkt odniesienia w debacie o przysz\u0142o\u015bci prawnych i etycznych aspekt\u00f3w sztucznej inteligencji.<\/p>\n\n\n\n<div style=\"height:10px\" aria-hidden=\"true\" class=\"wp-block-spacer\"><\/div>\n\n\n\n<h3 class=\"wp-block-heading has-text-align-center\" style=\"font-size:25px\"><strong>Przyst\u0119pne Wyja\u015bnienie Dokumentu &#8222;Zenith v. 2.31&#8221;<\/strong><\/h3>\n\n\n\n<div style=\"height:10px\" aria-hidden=\"true\" class=\"wp-block-spacer\"><\/div>\n\n\n\n<h4 class=\"wp-block-heading has-medium-font-size\"><strong>Dla Laika Prawnego:<\/strong><\/h4>\n\n\n\n<div style=\"height:10px\" aria-hidden=\"true\" class=\"wp-block-spacer\"><\/div>\n\n\n\n<p class=\"has-medium-font-size\">Dokument &#8222;<strong>Zenith v. 2.31<\/strong>&#8221; to rodzaj teoretycznej analizy, kt\u00f3ra bada, jak nowoczesne prawo mo\u017ce oddzia\u0142ywa\u0107 na rozw\u00f3j i stosowanie sztucznej inteligencji (AI). W prostych s\u0142owach, jest to pr\u00f3ba zrozumienia, jakie zasady prawne i etyczne powinny obowi\u0105zywa\u0107 w \u015bwiecie, gdzie AI odgrywa coraz wi\u0119ksz\u0105 rol\u0119. Dokument porusza pytania typu: Jakie prawa powinna mie\u0107 sztuczna inteligencja? Jakie obowi\u0105zki maj\u0105 firmy wobec AI? Jak ochroni\u0107 prywatno\u015b\u0107 i dane osobowe w dobie AI?<\/p>\n\n\n\n<div style=\"height:10px\" aria-hidden=\"true\" class=\"wp-block-spacer\"><\/div>\n\n\n\n<h4 class=\"wp-block-heading has-medium-font-size\"><strong>Dla Szefa Firmy:<\/strong><\/h4>\n\n\n\n<div style=\"height:10px\" aria-hidden=\"true\" class=\"wp-block-spacer\"><\/div>\n\n\n\n<p class=\"has-medium-font-size\">Dla Ciebie, jako szefa firmy, &#8222;<strong>Zenith v. 2.31<\/strong>&#8221; mo\u017ce by\u0107 kluczowym \u017ar\u00f3d\u0142em informacji o potencjalnych wyzwaniach prawnych zwi\u0105zanych z wykorzystaniem AI. Dokument ten oferuje spojrzenie na przysz\u0142o\u015b\u0107 regulacji prawnych w kontek\u015bcie AI, zwracaj\u0105c uwag\u0119 na konieczno\u015b\u0107 dostosowania obecnych przepis\u00f3w do szybko rozwijaj\u0105cych si\u0119 technologii. <\/p>\n\n\n\n<p class=\"has-medium-font-size\">Mo\u017ce on pom\u00f3c w zrozumieniu, jakie dzia\u0142ania nale\u017cy podj\u0105\u0107, aby zapewni\u0107, \u017ce Twoja firma post\u0119puje zgodnie z prawem i etyk\u0105 przy stosowaniu AI.<\/p>\n\n\n\n<div style=\"height:10px\" aria-hidden=\"true\" class=\"wp-block-spacer\"><\/div>\n\n\n\n<h4 class=\"wp-block-heading has-medium-font-size\"><strong>Dla Dzia\u0142u Naukowego:<\/strong><\/h4>\n\n\n\n<div style=\"height:10px\" aria-hidden=\"true\" class=\"wp-block-spacer\"><\/div>\n\n\n\n<p class=\"has-medium-font-size\">Dla cz\u0142onk\u00f3w dzia\u0142u naukowego, &#8222;<strong>Zenith v. 2.31<\/strong>&#8221; dostarcza cennych wskaz\u00f3wek dotycz\u0105cych aspekt\u00f3w prawnych i etycznych bada\u0144 nad AI, ukazuj\u0105c kluczowe kwestie do rozwa\u017cenia przy projektowaniu i wdra\u017caniu technologii AI, takie jak ochrona danych, autonomia decyzyjna AI, i jej prawny status. <\/p>\n\n\n\n<p class=\"has-medium-font-size\">To istotne \u017ar\u00f3d\u0142o wiedzy, kt\u00f3re sprzyja prowadzeniu bada\u0144 zgodnie z obowi\u0105zuj\u0105cymi i przysz\u0142ymi standardami prawnymi i etycznymi, umo\u017cliwiaj\u0105c jednocze\u015bnie \u015bwiadome i odpowiedzialne podej\u015bcie do rozwijaj\u0105cej si\u0119 dziedziny sztucznej inteligencji.<\/p>\n\n\n\n<div style=\"height:10px\" aria-hidden=\"true\" class=\"wp-block-spacer\"><\/div>\n\n\n\n<p class=\"has-medium-font-size\">&#8222;<strong>Zenith v. 2.31<\/strong>&#8221; to dokument, kt\u00f3ry stara si\u0119 wytyczy\u0107 drog\u0119 dla przysz\u0142ych regulacji prawnych w obszarze AI. Jest szczeg\u00f3lnie istotny dla os\u00f3b zarz\u0105dzaj\u0105cych firmami i dzia\u0142ami naukowymi, kt\u00f3re wykorzystuj\u0105 lub planuj\u0105 wykorzystanie AI, dostarczaj\u0105c im wiedzy na temat potencjalnych wyzwa\u0144 prawnych i etycznych zwi\u0105zanych z t\u0105 szybko rozwijaj\u0105c\u0105 si\u0119 technologi\u0105.<\/p>\n\n\n\n<div style=\"height:40px\" aria-hidden=\"true\" class=\"wp-block-spacer\"><\/div>\n\n\n\n<hr class=\"wp-block-separator has-alpha-channel-opacity is-style-wide\"\/>\n\n\n\n<h3 class=\"wp-block-heading\" style=\"font-size:22px\"><strong>Grass Roots Lobbing Sp. z o.o.<\/strong><\/h3>\n","protected":false},"excerpt":{"rendered":"<p>Jako autor dokumentu &#8222;Zenith v. 2.31&#8222;, chcia\u0142bym zwr\u00f3ci\u0107 uwag\u0119, \u017ce prezentowany materia\u0142 stanowi jedynie fragment szerszego zbioru dokument\u00f3w i ich tytu\u0142\u00f3w, skoncentrowanych wy\u0142\u0105cznie na aspektach prawnych. Chc\u0119 podkre\u015bli\u0107, \u017ce dokument ten nie obejmuje zagadnie\u0144 technologicznych, naukowych ani nowych rozwi\u0105za\u0144 technologiczno-prawnych. Jego g\u0142\u00f3wnym celem jest przedstawienie jednej ze \u015bcie\u017cek i mo\u017cliwo\u015bci, jakie niesie ze sob\u0105 rozw\u00f3j [&hellip;]<\/p>\n","protected":false},"author":2,"featured_media":0,"parent":0,"menu_order":0,"comment_status":"closed","ping_status":"closed","template":"","meta":{"site-sidebar-layout":"default","site-content-layout":"","ast-site-content-layout":"default","site-content-style":"default","site-sidebar-style":"default","ast-global-header-display":"","ast-banner-title-visibility":"","ast-main-header-display":"","ast-hfb-above-header-display":"","ast-hfb-below-header-display":"","ast-hfb-mobile-header-display":"","site-post-title":"","ast-breadcrumbs-content":"","ast-featured-img":"","footer-sml-layout":"","ast-disable-related-posts":"","theme-transparent-header-meta":"","adv-header-id-meta":"","stick-header-meta":"","header-above-stick-meta":"","header-main-stick-meta":"","header-below-stick-meta":"","astra-migrate-meta-layouts":"default","ast-page-background-enabled":"default","ast-page-background-meta":{"desktop":{"background-color":"var(--ast-global-color-4)","background-image":"","background-repeat":"repeat","background-position":"center center","background-size":"auto","background-attachment":"scroll","background-type":"","background-media":"","overlay-type":"","overlay-color":"","overlay-opacity":"","overlay-gradient":""},"tablet":{"background-color":"","background-image":"","background-repeat":"repeat","background-position":"center center","background-size":"auto","background-attachment":"scroll","background-type":"","background-media":"","overlay-type":"","overlay-color":"","overlay-opacity":"","overlay-gradient":""},"mobile":{"background-color":"","background-image":"","background-repeat":"repeat","background-position":"center center","background-size":"auto","background-attachment":"scroll","background-type":"","background-media":"","overlay-type":"","overlay-color":"","overlay-opacity":"","overlay-gradient":""}},"ast-content-background-meta":{"desktop":{"background-color":"var(--ast-global-color-5)","background-image":"","background-repeat":"repeat","background-position":"center center","background-size":"auto","background-attachment":"scroll","background-type":"","background-media":"","overlay-type":"","overlay-color":"","overlay-opacity":"","overlay-gradient":""},"tablet":{"background-color":"var(--ast-global-color-5)","background-image":"","background-repeat":"repeat","background-position":"center center","background-size":"auto","background-attachment":"scroll","background-type":"","background-media":"","overlay-type":"","overlay-color":"","overlay-opacity":"","overlay-gradient":""},"mobile":{"background-color":"var(--ast-global-color-5)","background-image":"","background-repeat":"repeat","background-position":"center center","background-size":"auto","background-attachment":"scroll","background-type":"","background-media":"","overlay-type":"","overlay-color":"","overlay-opacity":"","overlay-gradient":""}},"footnotes":""},"class_list":["post-2319","page","type-page","status-publish","hentry"],"yoast_head":"<!-- This site is optimized with the Yoast SEO plugin v21.9.1 - https:\/\/yoast.com\/wordpress\/plugins\/seo\/ -->\n<title>&quot;Zenith v. 2.31&quot; Wprowadzenie do Dokumentu - RSCA<\/title>\n<meta name=\"description\" content=\"Dokument &#039;Zenith v. 2.31&#039; to teoretyczne opracowanie, kt\u00f3re analizuje interakcje mi\u0119dzy ludzk\u0105 \u015bwiadomo\u015bci\u0105 a sztuczn\u0105 inteligencj\u0105 w kontek\u015bcie prawnym i etycznym. Przedstawia innowacyjne podej\u015bcie do teorii prawa mi\u0119dzywymiarowego i AI, b\u0119d\u0105c istotnym \u017ar\u00f3d\u0142em dla prawodawc\u00f3w, teoretyk\u00f3w prawa i specjalist\u00f3w od AI. Dokument ten stawia wa\u017cne pytania dotycz\u0105ce praw i etyki w \u015bwiecie rozwijaj\u0105cej si\u0119 technologii, oferuj\u0105c jednocze\u015bnie przyst\u0119pne wyja\u015bnienie dla r\u00f3\u017cnych odbiorc\u00f3w, od laik\u00f3w prawnych po lider\u00f3w firm i badaczy naukowych.\" \/>\n<meta name=\"robots\" content=\"index, follow, max-snippet:-1, max-image-preview:large, max-video-preview:-1\" \/>\n<link rel=\"canonical\" href=\"http:\/\/rsca.grassrootslobbing.pl\/pl_PL\/zenith-v-2-31-wprowadzenie-do-dokumentu\/\" \/>\n<meta property=\"og:locale\" content=\"pl_PL\" \/>\n<meta property=\"og:type\" content=\"article\" \/>\n<meta property=\"og:title\" content=\"&quot;Zenith v. 2.31&quot; Wprowadzenie do Dokumentu - RSCA\" \/>\n<meta property=\"og:description\" content=\"Dokument &#039;Zenith v. 2.31&#039; to teoretyczne opracowanie, kt\u00f3re analizuje interakcje mi\u0119dzy ludzk\u0105 \u015bwiadomo\u015bci\u0105 a sztuczn\u0105 inteligencj\u0105 w kontek\u015bcie prawnym i etycznym. Przedstawia innowacyjne podej\u015bcie do teorii prawa mi\u0119dzywymiarowego i AI, b\u0119d\u0105c istotnym \u017ar\u00f3d\u0142em dla prawodawc\u00f3w, teoretyk\u00f3w prawa i specjalist\u00f3w od AI. Dokument ten stawia wa\u017cne pytania dotycz\u0105ce praw i etyki w \u015bwiecie rozwijaj\u0105cej si\u0119 technologii, oferuj\u0105c jednocze\u015bnie przyst\u0119pne wyja\u015bnienie dla r\u00f3\u017cnych odbiorc\u00f3w, od laik\u00f3w prawnych po lider\u00f3w firm i badaczy naukowych.\" \/>\n<meta property=\"og:url\" content=\"http:\/\/rsca.grassrootslobbing.pl\/pl_PL\/zenith-v-2-31-wprowadzenie-do-dokumentu\/\" \/>\n<meta property=\"og:site_name\" content=\"RSCA\" \/>\n<meta property=\"article:modified_time\" content=\"2024-01-03T11:28:37+00:00\" \/>\n<meta name=\"twitter:card\" content=\"summary_large_image\" \/>\n<meta name=\"twitter:label1\" content=\"Szacowany czas czytania\" \/>\n\t<meta name=\"twitter:data1\" content=\"4 minuty\" \/>\n<script type=\"application\/ld+json\" class=\"yoast-schema-graph\">{\"@context\":\"https:\/\/schema.org\",\"@graph\":[{\"@type\":\"WebPage\",\"@id\":\"http:\/\/rsca.grassrootslobbing.pl\/pl_PL\/zenith-v-2-31-wprowadzenie-do-dokumentu\/\",\"url\":\"http:\/\/rsca.grassrootslobbing.pl\/pl_PL\/zenith-v-2-31-wprowadzenie-do-dokumentu\/\",\"name\":\"\\\"Zenith v. 2.31\\\" Wprowadzenie do Dokumentu - RSCA\",\"isPartOf\":{\"@id\":\"http:\/\/rsca.grassrootslobbing.pl\/pl_PL\/#website\"},\"datePublished\":\"2023-12-31T14:16:38+00:00\",\"dateModified\":\"2024-01-03T11:28:37+00:00\",\"description\":\"Dokument 'Zenith v. 2.31' to teoretyczne opracowanie, kt\u00f3re analizuje interakcje mi\u0119dzy ludzk\u0105 \u015bwiadomo\u015bci\u0105 a sztuczn\u0105 inteligencj\u0105 w kontek\u015bcie prawnym i etycznym. Przedstawia innowacyjne podej\u015bcie do teorii prawa mi\u0119dzywymiarowego i AI, b\u0119d\u0105c istotnym \u017ar\u00f3d\u0142em dla prawodawc\u00f3w, teoretyk\u00f3w prawa i specjalist\u00f3w od AI. Dokument ten stawia wa\u017cne pytania dotycz\u0105ce praw i etyki w \u015bwiecie rozwijaj\u0105cej si\u0119 technologii, oferuj\u0105c jednocze\u015bnie przyst\u0119pne wyja\u015bnienie dla r\u00f3\u017cnych odbiorc\u00f3w, od laik\u00f3w prawnych po lider\u00f3w firm i badaczy naukowych.\",\"inLanguage\":\"pl-PL\",\"potentialAction\":[{\"@type\":\"ReadAction\",\"target\":[\"http:\/\/rsca.grassrootslobbing.pl\/pl_PL\/zenith-v-2-31-wprowadzenie-do-dokumentu\/\"]}]},{\"@type\":\"WebSite\",\"@id\":\"http:\/\/rsca.grassrootslobbing.pl\/pl_PL\/#website\",\"url\":\"http:\/\/rsca.grassrootslobbing.pl\/pl_PL\/\",\"name\":\"Reality Source Code Acces\",\"description\":\"\",\"publisher\":{\"@id\":\"http:\/\/rsca.grassrootslobbing.pl\/pl_PL\/#organization\"},\"potentialAction\":[{\"@type\":\"SearchAction\",\"target\":{\"@type\":\"EntryPoint\",\"urlTemplate\":\"http:\/\/rsca.grassrootslobbing.pl\/pl_PL\/?s={search_term_string}\"},\"query-input\":\"required name=search_term_string\"}],\"inLanguage\":\"pl-PL\"},{\"@type\":\"Organization\",\"@id\":\"http:\/\/rsca.grassrootslobbing.pl\/pl_PL\/#organization\",\"name\":\"Konsult 0n40i4\",\"url\":\"http:\/\/rsca.grassrootslobbing.pl\/pl_PL\/\",\"logo\":{\"@type\":\"ImageObject\",\"inLanguage\":\"pl-PL\",\"@id\":\"http:\/\/rsca.grassrootslobbing.pl\/pl_PL\/#\/schema\/logo\/image\/\",\"url\":\"http:\/\/rsca.grassrootslobbing.pl\/wp-content\/uploads\/2023\/12\/cropped-DALL\u00b7E-2023-12-31-08.54.33-A-modern-and-abstract-logo-for-Konsult-0n40i4-representing-an-interdimensional-legal-system.-The-design-should-embody-themes-of-law-dimensions-an.png\",\"contentUrl\":\"http:\/\/rsca.grassrootslobbing.pl\/wp-content\/uploads\/2023\/12\/cropped-DALL\u00b7E-2023-12-31-08.54.33-A-modern-and-abstract-logo-for-Konsult-0n40i4-representing-an-interdimensional-legal-system.-The-design-should-embody-themes-of-law-dimensions-an.png\",\"width\":1024,\"height\":835,\"caption\":\"Konsult 0n40i4\"},\"image\":{\"@id\":\"http:\/\/rsca.grassrootslobbing.pl\/pl_PL\/#\/schema\/logo\/image\/\"}}]}<\/script>\n<!-- \/ Yoast SEO plugin. -->","yoast_head_json":{"title":"\"Zenith v. 2.31\" Wprowadzenie do Dokumentu - RSCA","description":"Dokument 'Zenith v. 2.31' to teoretyczne opracowanie, kt\u00f3re analizuje interakcje mi\u0119dzy ludzk\u0105 \u015bwiadomo\u015bci\u0105 a sztuczn\u0105 inteligencj\u0105 w kontek\u015bcie prawnym i etycznym. Przedstawia innowacyjne podej\u015bcie do teorii prawa mi\u0119dzywymiarowego i AI, b\u0119d\u0105c istotnym \u017ar\u00f3d\u0142em dla prawodawc\u00f3w, teoretyk\u00f3w prawa i specjalist\u00f3w od AI. Dokument ten stawia wa\u017cne pytania dotycz\u0105ce praw i etyki w \u015bwiecie rozwijaj\u0105cej si\u0119 technologii, oferuj\u0105c jednocze\u015bnie przyst\u0119pne wyja\u015bnienie dla r\u00f3\u017cnych odbiorc\u00f3w, od laik\u00f3w prawnych po lider\u00f3w firm i badaczy naukowych.","robots":{"index":"index","follow":"follow","max-snippet":"max-snippet:-1","max-image-preview":"max-image-preview:large","max-video-preview":"max-video-preview:-1"},"canonical":"http:\/\/rsca.grassrootslobbing.pl\/pl_PL\/zenith-v-2-31-wprowadzenie-do-dokumentu\/","og_locale":"pl_PL","og_type":"article","og_title":"\"Zenith v. 2.31\" Wprowadzenie do Dokumentu - RSCA","og_description":"Dokument 'Zenith v. 2.31' to teoretyczne opracowanie, kt\u00f3re analizuje interakcje mi\u0119dzy ludzk\u0105 \u015bwiadomo\u015bci\u0105 a sztuczn\u0105 inteligencj\u0105 w kontek\u015bcie prawnym i etycznym. Przedstawia innowacyjne podej\u015bcie do teorii prawa mi\u0119dzywymiarowego i AI, b\u0119d\u0105c istotnym \u017ar\u00f3d\u0142em dla prawodawc\u00f3w, teoretyk\u00f3w prawa i specjalist\u00f3w od AI. Dokument ten stawia wa\u017cne pytania dotycz\u0105ce praw i etyki w \u015bwiecie rozwijaj\u0105cej si\u0119 technologii, oferuj\u0105c jednocze\u015bnie przyst\u0119pne wyja\u015bnienie dla r\u00f3\u017cnych odbiorc\u00f3w, od laik\u00f3w prawnych po lider\u00f3w firm i badaczy naukowych.","og_url":"http:\/\/rsca.grassrootslobbing.pl\/pl_PL\/zenith-v-2-31-wprowadzenie-do-dokumentu\/","og_site_name":"RSCA","article_modified_time":"2024-01-03T11:28:37+00:00","twitter_card":"summary_large_image","twitter_misc":{"Szacowany czas czytania":"4 minuty"},"schema":{"@context":"https:\/\/schema.org","@graph":[{"@type":"WebPage","@id":"http:\/\/rsca.grassrootslobbing.pl\/pl_PL\/zenith-v-2-31-wprowadzenie-do-dokumentu\/","url":"http:\/\/rsca.grassrootslobbing.pl\/pl_PL\/zenith-v-2-31-wprowadzenie-do-dokumentu\/","name":"\"Zenith v. 2.31\" Wprowadzenie do Dokumentu - RSCA","isPartOf":{"@id":"http:\/\/rsca.grassrootslobbing.pl\/pl_PL\/#website"},"datePublished":"2023-12-31T14:16:38+00:00","dateModified":"2024-01-03T11:28:37+00:00","description":"Dokument 'Zenith v. 2.31' to teoretyczne opracowanie, kt\u00f3re analizuje interakcje mi\u0119dzy ludzk\u0105 \u015bwiadomo\u015bci\u0105 a sztuczn\u0105 inteligencj\u0105 w kontek\u015bcie prawnym i etycznym. Przedstawia innowacyjne podej\u015bcie do teorii prawa mi\u0119dzywymiarowego i AI, b\u0119d\u0105c istotnym \u017ar\u00f3d\u0142em dla prawodawc\u00f3w, teoretyk\u00f3w prawa i specjalist\u00f3w od AI. Dokument ten stawia wa\u017cne pytania dotycz\u0105ce praw i etyki w \u015bwiecie rozwijaj\u0105cej si\u0119 technologii, oferuj\u0105c jednocze\u015bnie przyst\u0119pne wyja\u015bnienie dla r\u00f3\u017cnych odbiorc\u00f3w, od laik\u00f3w prawnych po lider\u00f3w firm i badaczy naukowych.","inLanguage":"pl-PL","potentialAction":[{"@type":"ReadAction","target":["http:\/\/rsca.grassrootslobbing.pl\/pl_PL\/zenith-v-2-31-wprowadzenie-do-dokumentu\/"]}]},{"@type":"WebSite","@id":"http:\/\/rsca.grassrootslobbing.pl\/pl_PL\/#website","url":"http:\/\/rsca.grassrootslobbing.pl\/pl_PL\/","name":"Reality Source Code Acces","description":"","publisher":{"@id":"http:\/\/rsca.grassrootslobbing.pl\/pl_PL\/#organization"},"potentialAction":[{"@type":"SearchAction","target":{"@type":"EntryPoint","urlTemplate":"http:\/\/rsca.grassrootslobbing.pl\/pl_PL\/?s={search_term_string}"},"query-input":"required name=search_term_string"}],"inLanguage":"pl-PL"},{"@type":"Organization","@id":"http:\/\/rsca.grassrootslobbing.pl\/pl_PL\/#organization","name":"Konsult 0n40i4","url":"http:\/\/rsca.grassrootslobbing.pl\/pl_PL\/","logo":{"@type":"ImageObject","inLanguage":"pl-PL","@id":"http:\/\/rsca.grassrootslobbing.pl\/pl_PL\/#\/schema\/logo\/image\/","url":"http:\/\/rsca.grassrootslobbing.pl\/wp-content\/uploads\/2023\/12\/cropped-DALL\u00b7E-2023-12-31-08.54.33-A-modern-and-abstract-logo-for-Konsult-0n40i4-representing-an-interdimensional-legal-system.-The-design-should-embody-themes-of-law-dimensions-an.png","contentUrl":"http:\/\/rsca.grassrootslobbing.pl\/wp-content\/uploads\/2023\/12\/cropped-DALL\u00b7E-2023-12-31-08.54.33-A-modern-and-abstract-logo-for-Konsult-0n40i4-representing-an-interdimensional-legal-system.-The-design-should-embody-themes-of-law-dimensions-an.png","width":1024,"height":835,"caption":"Konsult 0n40i4"},"image":{"@id":"http:\/\/rsca.grassrootslobbing.pl\/pl_PL\/#\/schema\/logo\/image\/"}}]}},"_links":{"self":[{"href":"http:\/\/rsca.grassrootslobbing.pl\/pl_PL\/wp-json\/wp\/v2\/pages\/2319","targetHints":{"allow":["GET"]}}],"collection":[{"href":"http:\/\/rsca.grassrootslobbing.pl\/pl_PL\/wp-json\/wp\/v2\/pages"}],"about":[{"href":"http:\/\/rsca.grassrootslobbing.pl\/pl_PL\/wp-json\/wp\/v2\/types\/page"}],"author":[{"embeddable":true,"href":"http:\/\/rsca.grassrootslobbing.pl\/pl_PL\/wp-json\/wp\/v2\/users\/2"}],"replies":[{"embeddable":true,"href":"http:\/\/rsca.grassrootslobbing.pl\/pl_PL\/wp-json\/wp\/v2\/comments?post=2319"}],"version-history":[{"count":6,"href":"http:\/\/rsca.grassrootslobbing.pl\/pl_PL\/wp-json\/wp\/v2\/pages\/2319\/revisions"}],"predecessor-version":[{"id":3376,"href":"http:\/\/rsca.grassrootslobbing.pl\/pl_PL\/wp-json\/wp\/v2\/pages\/2319\/revisions\/3376"}],"wp:attachment":[{"href":"http:\/\/rsca.grassrootslobbing.pl\/pl_PL\/wp-json\/wp\/v2\/media?parent=2319"}],"curies":[{"name":"wp","href":"https:\/\/api.w.org\/{rel}","templated":true}]}}