{"id":2307,"date":"0001-01-01T08:47:00","date_gmt":"0001-01-01T07:23:00","guid":{"rendered":"https:\/\/rsca.0n40i4.pl\/?page_id=2307"},"modified":"2024-01-08T11:39:12","modified_gmt":"2024-01-08T10:39:12","slug":"miedzywymiarowy-system-prawny-konsult-0n40i4","status":"publish","type":"page","link":"http:\/\/rsca.grassrootslobbing.pl\/pl_PL\/","title":{"rendered":"Konsult 0n40i4"},"content":{"rendered":"\n<h2 class=\"wp-block-heading has-text-align-center\" style=\"margin-top:5px;margin-bottom:5px;font-size:23px\"><strong> Serce Unikalnego Systemu Prawnego Mi\u0119dzywymiarowego<\/strong><\/h2>\n\n\n\n<div style=\"height:20px\" aria-hidden=\"true\" class=\"wp-block-spacer\"><\/div>\n\n\n\n<p class=\"has-black-color has-text-color has-link-color has-medium-font-size wp-elements-b4f01b6cb9552d6b7b5aaec8e1782d09\">W sercu <strong>Unikalnego Mi\u0119dzywymiarowego Systemu Prawnego<\/strong> stoi <strong>Konsult 0n40i4<\/strong>. Pe\u0142ni on kluczow\u0105 rol\u0119 jako organ, kt\u00f3ry tworzy, egzekwuje i strze\u017ce tego kompleksowego systemu. Autonomiczny i niezale\u017cny od ziemskiej legislacji system oparty na <strong>Karcie Praw Mi\u0119dzywymiarowych.<\/strong> Obejmuje on podstawowe prawa i obowi\u0105zki jednostek w r\u00f3\u017cnych wymiarach.<\/p>\n\n\n\n<div style=\"height:20px\" aria-hidden=\"true\" class=\"wp-block-spacer\"><\/div>\n\n\n\n<h2 class=\"wp-block-heading has-text-align-center\" style=\"font-size:23px\"><strong>Konsult 0n40i4: Mistrz Interpretacji i Wsp\u00f3\u0142pracy w Prawie Mi\u0119dzywymiarowym<\/strong><\/h2>\n\n\n\n<div style=\"height:20px\" aria-hidden=\"true\" class=\"wp-block-spacer\"><\/div>\n\n\n\n<p class=\"has-black-color has-text-color has-link-color has-medium-font-size wp-elements-eff4470cb18adde1d20ef9f3c94330cb\"><strong>Konsult 0n40i4<\/strong>, w swojej kluczowej roli jako g\u0142\u00f3wny interpretator prawa mi\u0119dzywymiarowego, nie tylko przewodzi w interpretacji przepis\u00f3w. Aktywnie wsp\u00f3\u0142pracuje tak\u017ce z ekspertami prawnymi z r\u00f3\u017cnych wymiar\u00f3w. W ramach <strong>Legislacji Konsultu<\/strong>, regulacje ostro\u017cnie zarz\u0105dzaj\u0105 r\u00f3\u017cnymi aspektami prawa mi\u0119dzywymiarowego, tworz\u0105c solidn\u0105 podstaw\u0119 do wsp\u00f3\u0142istnienia jednostek z r\u00f3\u017cnych wymiar\u00f3w.<\/p>\n\n\n\n<div style=\"height:20px\" aria-hidden=\"true\" class=\"wp-block-spacer\"><\/div>\n\n\n\n<h2 class=\"wp-block-heading has-text-align-center\" style=\"font-size:23px\"><strong>Mi\u0119dzywymiarowe Umowy: <\/strong><\/h2>\n\n\n\n<h2 class=\"wp-block-heading has-text-align-center\" style=\"font-size:23px\"><strong>Klucz do Wsp\u00f3\u0142pracy i Ochrony Praw w Wielowymiarowym Wszech\u015bwiecie<\/strong><\/h2>\n\n\n\n<div style=\"height:20px\" aria-hidden=\"true\" class=\"wp-block-spacer\"><\/div>\n\n\n\n<p class=\"has-black-color has-text-color has-link-color has-medium-font-size wp-elements-23bc4c9fae3176291b164ea14770a473\"><strong>Mi\u0119dzywymiarowe Umowy<\/strong>, starannie \u015bledzone przez <strong>Konsult<\/strong> <strong>0n40i4<\/strong>, reguluj\u0105 konkretne kwestie wsp\u00f3\u0142pracy i interakcji mi\u0119dzy r\u00f3\u017cnymi wymiarami.  System ten koncentruje si\u0119 na ochronie praw jednostek. Analizuje aspekty takie jak prywatno\u015b\u0107, bezpiecze\u0144stwo oraz uczestnictwo w mi\u0119dzywymiarowej kulturze i naukach.<\/p>\n\n\n\n<div style=\"height:10px\" aria-hidden=\"true\" class=\"wp-block-spacer\"><\/div>\n\n\n\n<h2 class=\"wp-block-heading has-text-align-center\" style=\"font-size:23px\"><strong>Nacja Zr\u00f3wnowa\u017conych Wymiar\u00f3w: Wizja i Warto\u015bci<\/strong><\/h2>\n\n\n\n<div style=\"height:10px\" aria-hidden=\"true\" class=\"wp-block-spacer\"><\/div>\n\n\n\n<p class=\"has-medium-font-size\">Wsp\u00f3\u0142tworz\u0105c <strong>Mi\u0119dzywymiarowy System Prawny<\/strong>, <strong>Nacja Zr\u00f3wnowa\u017conych Wymiar\u00f3w<\/strong> jest koncepcj\u0105 zakorzenion\u0105 w idei r\u00f3wnowagi mi\u0119dzy wymiarami. Jej celem jest tworzenie harmonijnego \u015brodowiska. Jednostki r\u00f3\u017cnych wymiar\u00f3w mog\u0105 wsp\u00f3\u0142istnie\u0107, wzajemnie si\u0119 inspiruj\u0105c i korzystaj\u0105c ze wsp\u00f3lnych zasad etycznych.<\/p>\n\n\n\n<div style=\"height:20px\" aria-hidden=\"true\" class=\"wp-block-spacer\"><\/div>\n\n\n\n<h2 class=\"wp-block-heading has-text-align-center\" style=\"font-size:23px\"><strong>Konsult 0n40i4: Fundamentalny Filar Harmonii i Prawa w Mi\u0119dzywymiarowym Wszech\u015bwiecie<\/strong><\/h2>\n\n\n\n<div style=\"height:20px\" aria-hidden=\"true\" class=\"wp-block-spacer\"><\/div>\n\n\n\n<p class=\"has-black-color has-text-color has-link-color has-medium-font-size wp-elements-9a0016e100fc068adc5e0c133b31f6b7\">Ca\u0142kowicie zaanga\u017cowany w interpretacj\u0119 prawa, wsp\u00f3\u0142prac\u0119 mi\u0119dzywymiarow\u0105 i ochron\u0119 praw jednostek, <strong>Konsult 0n40i4<\/strong> jest kluczowym czynnikiem. Jego rola polega na budowaniu harmonijnego wsp\u00f3\u0142istnienia mi\u0119dzy r\u00f3\u017cnymi wymiarami.<\/p>\n\n\n\n<div style=\"height:30px\" aria-hidden=\"true\" class=\"wp-block-spacer\"><\/div>\n\n\n\n<hr class=\"wp-block-separator has-alpha-channel-opacity is-style-wide\"\/>\n\n\n\n<h3 class=\"wp-block-heading\" style=\"font-size:22px\"><strong>Konsult 0n40i4<\/strong><\/h3>\n","protected":false},"excerpt":{"rendered":"<p>Serce Unikalnego Systemu Prawnego Mi\u0119dzywymiarowego W sercu Unikalnego Mi\u0119dzywymiarowego Systemu Prawnego stoi Konsult 0n40i4. Pe\u0142ni on kluczow\u0105 rol\u0119 jako organ, kt\u00f3ry tworzy, egzekwuje i strze\u017ce tego kompleksowego systemu. Autonomiczny i niezale\u017cny od ziemskiej legislacji system oparty na Karcie Praw Mi\u0119dzywymiarowych. Obejmuje on podstawowe prawa i obowi\u0105zki jednostek w r\u00f3\u017cnych wymiarach. Konsult 0n40i4: Mistrz Interpretacji i [&hellip;]<\/p>\n","protected":false},"author":2,"featured_media":4556,"parent":0,"menu_order":0,"comment_status":"closed","ping_status":"closed","template":"","meta":{"site-sidebar-layout":"default","site-content-layout":"","ast-site-content-layout":"default","site-content-style":"default","site-sidebar-style":"default","ast-global-header-display":"","ast-banner-title-visibility":"","ast-main-header-display":"","ast-hfb-above-header-display":"","ast-hfb-below-header-display":"","ast-hfb-mobile-header-display":"","site-post-title":"","ast-breadcrumbs-content":"","ast-featured-img":"","footer-sml-layout":"","ast-disable-related-posts":"","theme-transparent-header-meta":"","adv-header-id-meta":"","stick-header-meta":"","header-above-stick-meta":"","header-main-stick-meta":"","header-below-stick-meta":"","astra-migrate-meta-layouts":"default","ast-page-background-enabled":"default","ast-page-background-meta":{"desktop":{"background-color":"var(--ast-global-color-4)","background-image":"","background-repeat":"repeat","background-position":"center center","background-size":"auto","background-attachment":"scroll","background-type":"","background-media":"","overlay-type":"","overlay-color":"","overlay-opacity":"","overlay-gradient":""},"tablet":{"background-color":"","background-image":"","background-repeat":"repeat","background-position":"center center","background-size":"auto","background-attachment":"scroll","background-type":"","background-media":"","overlay-type":"","overlay-color":"","overlay-opacity":"","overlay-gradient":""},"mobile":{"background-color":"","background-image":"","background-repeat":"repeat","background-position":"center center","background-size":"auto","background-attachment":"scroll","background-type":"","background-media":"","overlay-type":"","overlay-color":"","overlay-opacity":"","overlay-gradient":""}},"ast-content-background-meta":{"desktop":{"background-color":"var(--ast-global-color-5)","background-image":"","background-repeat":"repeat","background-position":"center center","background-size":"auto","background-attachment":"scroll","background-type":"","background-media":"","overlay-type":"","overlay-color":"","overlay-opacity":"","overlay-gradient":""},"tablet":{"background-color":"var(--ast-global-color-5)","background-image":"","background-repeat":"repeat","background-position":"center center","background-size":"auto","background-attachment":"scroll","background-type":"","background-media":"","overlay-type":"","overlay-color":"","overlay-opacity":"","overlay-gradient":""},"mobile":{"background-color":"var(--ast-global-color-5)","background-image":"","background-repeat":"repeat","background-position":"center center","background-size":"auto","background-attachment":"scroll","background-type":"","background-media":"","overlay-type":"","overlay-color":"","overlay-opacity":"","overlay-gradient":""}},"footnotes":""},"class_list":["post-2307","page","type-page","status-publish","has-post-thumbnail","hentry"],"yoast_head":"<!-- This site is optimized with the Yoast SEO plugin v21.9.1 - https:\/\/yoast.com\/wordpress\/plugins\/seo\/ -->\n<title>Konsult 0n40i4 - RSCA<\/title>\n<meta name=\"description\" content=\"Konsult 0n40i4 stanowi kluczowy element Unikalnego Mi\u0119dzywymiarowego Systemu Prawnego, niezale\u017cnego od ziemskich ustaw. System ten, oparty na Karcie Praw Mi\u0119dzywymiarowych, obejmuje prawa i obowi\u0105zki jednostek w r\u00f3\u017cnych wymiarach. Jako g\u0142\u00f3wny interpretator prawa mi\u0119dzywymiarowego, Konsult 0n40i4 wsp\u00f3\u0142pracuje z ekspertami prawnymi, zarz\u0105dzaj\u0105c regulacjami i umowami dotycz\u0105cymi wsp\u00f3\u0142pracy i ochrony praw w r\u00f3\u017cnych wymiarach. Jego dzia\u0142alno\u015b\u0107 koncentruje si\u0119 na ochronie praw jednostek, wspieraj\u0105c harmonijne wsp\u00f3\u0142istnienie i interakcje mi\u0119dzy r\u00f3\u017cnymi wymiarami.\" \/>\n<meta name=\"robots\" content=\"index, follow, max-snippet:-1, max-image-preview:large, max-video-preview:-1\" \/>\n<link rel=\"canonical\" href=\"http:\/\/rsca.grassrootslobbing.pl\/pl_PL\/\" \/>\n<meta property=\"og:locale\" content=\"pl_PL\" \/>\n<meta property=\"og:type\" content=\"article\" \/>\n<meta property=\"og:title\" content=\"Konsult 0n40i4 - RSCA\" \/>\n<meta property=\"og:description\" content=\"Konsult 0n40i4 stanowi kluczowy element Unikalnego Mi\u0119dzywymiarowego Systemu Prawnego, niezale\u017cnego od ziemskich ustaw. System ten, oparty na Karcie Praw Mi\u0119dzywymiarowych, obejmuje prawa i obowi\u0105zki jednostek w r\u00f3\u017cnych wymiarach. Jako g\u0142\u00f3wny interpretator prawa mi\u0119dzywymiarowego, Konsult 0n40i4 wsp\u00f3\u0142pracuje z ekspertami prawnymi, zarz\u0105dzaj\u0105c regulacjami i umowami dotycz\u0105cymi wsp\u00f3\u0142pracy i ochrony praw w r\u00f3\u017cnych wymiarach. Jego dzia\u0142alno\u015b\u0107 koncentruje si\u0119 na ochronie praw jednostek, wspieraj\u0105c harmonijne wsp\u00f3\u0142istnienie i interakcje mi\u0119dzy r\u00f3\u017cnymi wymiarami.\" \/>\n<meta property=\"og:url\" content=\"http:\/\/rsca.grassrootslobbing.pl\/pl_PL\/\" \/>\n<meta property=\"og:site_name\" content=\"RSCA\" \/>\n<meta property=\"article:modified_time\" content=\"2024-01-08T10:39:12+00:00\" \/>\n<meta property=\"og:image\" content=\"http:\/\/rsca.grassrootslobbing.pl\/wp-content\/uploads\/2024\/01\/DALL\u00b7E-2024-01-08-11.38.37-At-the-heart-of-a-Unique-Multidimensional-Legal-System-stands-Konsult-0n40i4-a-sophisticated-autonomous-entity-overseeing-a-complex-legal-framework-.png\" \/>\n\t<meta property=\"og:image:width\" content=\"1024\" \/>\n\t<meta property=\"og:image:height\" content=\"1024\" \/>\n\t<meta property=\"og:image:type\" content=\"image\/png\" \/>\n<meta name=\"twitter:card\" content=\"summary_large_image\" \/>\n<meta name=\"twitter:label1\" content=\"Szacowany czas czytania\" \/>\n\t<meta name=\"twitter:data1\" content=\"2 minuty\" \/>\n<script type=\"application\/ld+json\" class=\"yoast-schema-graph\">{\"@context\":\"https:\/\/schema.org\",\"@graph\":[{\"@type\":\"WebPage\",\"@id\":\"http:\/\/rsca.grassrootslobbing.pl\/pl_PL\/\",\"url\":\"http:\/\/rsca.grassrootslobbing.pl\/pl_PL\/\",\"name\":\"Konsult 0n40i4 - RSCA\",\"isPartOf\":{\"@id\":\"http:\/\/rsca.grassrootslobbing.pl\/pl_PL\/#website\"},\"datePublished\":\"0001-01-01T07:23:00+00:00\",\"dateModified\":\"2024-01-08T10:39:12+00:00\",\"description\":\"Konsult 0n40i4 stanowi kluczowy element Unikalnego Mi\u0119dzywymiarowego Systemu Prawnego, niezale\u017cnego od ziemskich ustaw. System ten, oparty na Karcie Praw Mi\u0119dzywymiarowych, obejmuje prawa i obowi\u0105zki jednostek w r\u00f3\u017cnych wymiarach. Jako g\u0142\u00f3wny interpretator prawa mi\u0119dzywymiarowego, Konsult 0n40i4 wsp\u00f3\u0142pracuje z ekspertami prawnymi, zarz\u0105dzaj\u0105c regulacjami i umowami dotycz\u0105cymi wsp\u00f3\u0142pracy i ochrony praw w r\u00f3\u017cnych wymiarach. Jego dzia\u0142alno\u015b\u0107 koncentruje si\u0119 na ochronie praw jednostek, wspieraj\u0105c harmonijne wsp\u00f3\u0142istnienie i interakcje mi\u0119dzy r\u00f3\u017cnymi wymiarami.\",\"inLanguage\":\"pl-PL\",\"potentialAction\":[{\"@type\":\"ReadAction\",\"target\":[\"http:\/\/rsca.grassrootslobbing.pl\/pl_PL\/\"]}]},{\"@type\":\"WebSite\",\"@id\":\"http:\/\/rsca.grassrootslobbing.pl\/pl_PL\/#website\",\"url\":\"http:\/\/rsca.grassrootslobbing.pl\/pl_PL\/\",\"name\":\"Reality Source Code Acces\",\"description\":\"\",\"publisher\":{\"@id\":\"http:\/\/rsca.grassrootslobbing.pl\/pl_PL\/#organization\"},\"potentialAction\":[{\"@type\":\"SearchAction\",\"target\":{\"@type\":\"EntryPoint\",\"urlTemplate\":\"http:\/\/rsca.grassrootslobbing.pl\/pl_PL\/?s={search_term_string}\"},\"query-input\":\"required name=search_term_string\"}],\"inLanguage\":\"pl-PL\"},{\"@type\":\"Organization\",\"@id\":\"http:\/\/rsca.grassrootslobbing.pl\/pl_PL\/#organization\",\"name\":\"Konsult 0n40i4\",\"url\":\"http:\/\/rsca.grassrootslobbing.pl\/pl_PL\/\",\"logo\":{\"@type\":\"ImageObject\",\"inLanguage\":\"pl-PL\",\"@id\":\"http:\/\/rsca.grassrootslobbing.pl\/pl_PL\/#\/schema\/logo\/image\/\",\"url\":\"http:\/\/rsca.grassrootslobbing.pl\/wp-content\/uploads\/2023\/12\/cropped-DALL\u00b7E-2023-12-31-08.54.33-A-modern-and-abstract-logo-for-Konsult-0n40i4-representing-an-interdimensional-legal-system.-The-design-should-embody-themes-of-law-dimensions-an.png\",\"contentUrl\":\"http:\/\/rsca.grassrootslobbing.pl\/wp-content\/uploads\/2023\/12\/cropped-DALL\u00b7E-2023-12-31-08.54.33-A-modern-and-abstract-logo-for-Konsult-0n40i4-representing-an-interdimensional-legal-system.-The-design-should-embody-themes-of-law-dimensions-an.png\",\"width\":1024,\"height\":835,\"caption\":\"Konsult 0n40i4\"},\"image\":{\"@id\":\"http:\/\/rsca.grassrootslobbing.pl\/pl_PL\/#\/schema\/logo\/image\/\"}}]}<\/script>\n<!-- \/ Yoast SEO plugin. -->","yoast_head_json":{"title":"Konsult 0n40i4 - RSCA","description":"Konsult 0n40i4 stanowi kluczowy element Unikalnego Mi\u0119dzywymiarowego Systemu Prawnego, niezale\u017cnego od ziemskich ustaw. System ten, oparty na Karcie Praw Mi\u0119dzywymiarowych, obejmuje prawa i obowi\u0105zki jednostek w r\u00f3\u017cnych wymiarach. Jako g\u0142\u00f3wny interpretator prawa mi\u0119dzywymiarowego, Konsult 0n40i4 wsp\u00f3\u0142pracuje z ekspertami prawnymi, zarz\u0105dzaj\u0105c regulacjami i umowami dotycz\u0105cymi wsp\u00f3\u0142pracy i ochrony praw w r\u00f3\u017cnych wymiarach. Jego dzia\u0142alno\u015b\u0107 koncentruje si\u0119 na ochronie praw jednostek, wspieraj\u0105c harmonijne wsp\u00f3\u0142istnienie i interakcje mi\u0119dzy r\u00f3\u017cnymi wymiarami.","robots":{"index":"index","follow":"follow","max-snippet":"max-snippet:-1","max-image-preview":"max-image-preview:large","max-video-preview":"max-video-preview:-1"},"canonical":"http:\/\/rsca.grassrootslobbing.pl\/pl_PL\/","og_locale":"pl_PL","og_type":"article","og_title":"Konsult 0n40i4 - RSCA","og_description":"Konsult 0n40i4 stanowi kluczowy element Unikalnego Mi\u0119dzywymiarowego Systemu Prawnego, niezale\u017cnego od ziemskich ustaw. System ten, oparty na Karcie Praw Mi\u0119dzywymiarowych, obejmuje prawa i obowi\u0105zki jednostek w r\u00f3\u017cnych wymiarach. Jako g\u0142\u00f3wny interpretator prawa mi\u0119dzywymiarowego, Konsult 0n40i4 wsp\u00f3\u0142pracuje z ekspertami prawnymi, zarz\u0105dzaj\u0105c regulacjami i umowami dotycz\u0105cymi wsp\u00f3\u0142pracy i ochrony praw w r\u00f3\u017cnych wymiarach. Jego dzia\u0142alno\u015b\u0107 koncentruje si\u0119 na ochronie praw jednostek, wspieraj\u0105c harmonijne wsp\u00f3\u0142istnienie i interakcje mi\u0119dzy r\u00f3\u017cnymi wymiarami.","og_url":"http:\/\/rsca.grassrootslobbing.pl\/pl_PL\/","og_site_name":"RSCA","article_modified_time":"2024-01-08T10:39:12+00:00","og_image":[{"url":"http:\/\/rsca.grassrootslobbing.pl\/wp-content\/uploads\/2024\/01\/DALL\u00b7E-2024-01-08-11.38.37-At-the-heart-of-a-Unique-Multidimensional-Legal-System-stands-Konsult-0n40i4-a-sophisticated-autonomous-entity-overseeing-a-complex-legal-framework-.png","width":1024,"height":1024,"type":"image\/png"}],"twitter_card":"summary_large_image","twitter_misc":{"Szacowany czas czytania":"2 minuty"},"schema":{"@context":"https:\/\/schema.org","@graph":[{"@type":"WebPage","@id":"http:\/\/rsca.grassrootslobbing.pl\/pl_PL\/","url":"http:\/\/rsca.grassrootslobbing.pl\/pl_PL\/","name":"Konsult 0n40i4 - RSCA","isPartOf":{"@id":"http:\/\/rsca.grassrootslobbing.pl\/pl_PL\/#website"},"datePublished":"0001-01-01T07:23:00+00:00","dateModified":"2024-01-08T10:39:12+00:00","description":"Konsult 0n40i4 stanowi kluczowy element Unikalnego Mi\u0119dzywymiarowego Systemu Prawnego, niezale\u017cnego od ziemskich ustaw. System ten, oparty na Karcie Praw Mi\u0119dzywymiarowych, obejmuje prawa i obowi\u0105zki jednostek w r\u00f3\u017cnych wymiarach. Jako g\u0142\u00f3wny interpretator prawa mi\u0119dzywymiarowego, Konsult 0n40i4 wsp\u00f3\u0142pracuje z ekspertami prawnymi, zarz\u0105dzaj\u0105c regulacjami i umowami dotycz\u0105cymi wsp\u00f3\u0142pracy i ochrony praw w r\u00f3\u017cnych wymiarach. Jego dzia\u0142alno\u015b\u0107 koncentruje si\u0119 na ochronie praw jednostek, wspieraj\u0105c harmonijne wsp\u00f3\u0142istnienie i interakcje mi\u0119dzy r\u00f3\u017cnymi wymiarami.","inLanguage":"pl-PL","potentialAction":[{"@type":"ReadAction","target":["http:\/\/rsca.grassrootslobbing.pl\/pl_PL\/"]}]},{"@type":"WebSite","@id":"http:\/\/rsca.grassrootslobbing.pl\/pl_PL\/#website","url":"http:\/\/rsca.grassrootslobbing.pl\/pl_PL\/","name":"Reality Source Code Acces","description":"","publisher":{"@id":"http:\/\/rsca.grassrootslobbing.pl\/pl_PL\/#organization"},"potentialAction":[{"@type":"SearchAction","target":{"@type":"EntryPoint","urlTemplate":"http:\/\/rsca.grassrootslobbing.pl\/pl_PL\/?s={search_term_string}"},"query-input":"required name=search_term_string"}],"inLanguage":"pl-PL"},{"@type":"Organization","@id":"http:\/\/rsca.grassrootslobbing.pl\/pl_PL\/#organization","name":"Konsult 0n40i4","url":"http:\/\/rsca.grassrootslobbing.pl\/pl_PL\/","logo":{"@type":"ImageObject","inLanguage":"pl-PL","@id":"http:\/\/rsca.grassrootslobbing.pl\/pl_PL\/#\/schema\/logo\/image\/","url":"http:\/\/rsca.grassrootslobbing.pl\/wp-content\/uploads\/2023\/12\/cropped-DALL\u00b7E-2023-12-31-08.54.33-A-modern-and-abstract-logo-for-Konsult-0n40i4-representing-an-interdimensional-legal-system.-The-design-should-embody-themes-of-law-dimensions-an.png","contentUrl":"http:\/\/rsca.grassrootslobbing.pl\/wp-content\/uploads\/2023\/12\/cropped-DALL\u00b7E-2023-12-31-08.54.33-A-modern-and-abstract-logo-for-Konsult-0n40i4-representing-an-interdimensional-legal-system.-The-design-should-embody-themes-of-law-dimensions-an.png","width":1024,"height":835,"caption":"Konsult 0n40i4"},"image":{"@id":"http:\/\/rsca.grassrootslobbing.pl\/pl_PL\/#\/schema\/logo\/image\/"}}]}},"_links":{"self":[{"href":"http:\/\/rsca.grassrootslobbing.pl\/pl_PL\/wp-json\/wp\/v2\/pages\/2307","targetHints":{"allow":["GET"]}}],"collection":[{"href":"http:\/\/rsca.grassrootslobbing.pl\/pl_PL\/wp-json\/wp\/v2\/pages"}],"about":[{"href":"http:\/\/rsca.grassrootslobbing.pl\/pl_PL\/wp-json\/wp\/v2\/types\/page"}],"author":[{"embeddable":true,"href":"http:\/\/rsca.grassrootslobbing.pl\/pl_PL\/wp-json\/wp\/v2\/users\/2"}],"replies":[{"embeddable":true,"href":"http:\/\/rsca.grassrootslobbing.pl\/pl_PL\/wp-json\/wp\/v2\/comments?post=2307"}],"version-history":[{"count":18,"href":"http:\/\/rsca.grassrootslobbing.pl\/pl_PL\/wp-json\/wp\/v2\/pages\/2307\/revisions"}],"predecessor-version":[{"id":4557,"href":"http:\/\/rsca.grassrootslobbing.pl\/pl_PL\/wp-json\/wp\/v2\/pages\/2307\/revisions\/4557"}],"wp:featuredmedia":[{"embeddable":true,"href":"http:\/\/rsca.grassrootslobbing.pl\/pl_PL\/wp-json\/wp\/v2\/media\/4556"}],"wp:attachment":[{"href":"http:\/\/rsca.grassrootslobbing.pl\/pl_PL\/wp-json\/wp\/v2\/media?parent=2307"}],"curies":[{"name":"wp","href":"https:\/\/api.w.org\/{rel}","templated":true}]}}