{"id":2002,"date":"2012-12-21T22:22:00","date_gmt":"2012-12-21T21:22:00","guid":{"rendered":"https:\/\/0n40i4.com\/?page_id=2002"},"modified":"2024-01-08T07:02:57","modified_gmt":"2024-01-08T06:02:57","slug":"manipulacja-kodem-zrodlowym-rzeczywistosci","status":"publish","type":"page","link":"http:\/\/rsca.grassrootslobbing.pl\/pl_PL\/manipulacja-kodem-zrodlowym-rzeczywistosci\/","title":{"rendered":"Paradygmat: Manipulacja Kodem \u0179r\u00f3d\u0142owym Rzeczywisto\u015bci"},"content":{"rendered":"\n<div style=\"height:15px\" aria-hidden=\"true\" class=\"wp-block-spacer\"><\/div>\n\n\n\n<h2 class=\"wp-block-heading has-medium-font-size\">Kiedy zrozumiemy struktur\u0119 rzeczywisto\u015bci, mo\u017cemy przyst\u0105pi\u0107 do eksploracji mo\u017cliwo\u015bci wp\u0142ywania na fundamentalny kod rzeczywisto\u015bci. To podej\u015bcie pozwala na bardziej \u015bwiadome dzia\u0142anie w kszta\u0142towaniu rzeczywisto\u015bci, co ma potencja\u0142 zmieni\u0107 technologie i zastosowania w wielu dziedzinach.<\/h2>\n\n\n\n<p class=\"has-medium-font-size\"><strong>Priorytet:<\/strong> Nast\u0119pnie skupiamy si\u0119 na badaniach nad mo\u017cliwo\u015bciami wp\u0142ywania na fundamentalny kod rzeczywisto\u015bci. To stanowi kluczowy element w naszych badaniach.<\/p>\n\n\n\n<div style=\"height:10px\" aria-hidden=\"true\" class=\"wp-block-spacer\"><\/div>\n\n\n\n<p class=\"has-medium-font-size\"><strong>Opis:<\/strong> Paradygmat Manipulacji Kodem \u0179r\u00f3d\u0142owym Rzeczywisto\u015bci koncentruje si\u0119 na mo\u017cliwo\u015bciach modyfikowania podstawowych zasad i parametr\u00f3w rzeczywisto\u015bci. Badania w tym obszarze zmierzaj\u0105 do zrozumienia, w jaki spos\u00f3b mo\u017cna wp\u0142yn\u0105\u0107 na podstawowe mechanizmy rzeczywisto\u015bci, aby osi\u0105gn\u0105\u0107 okre\u015blone cele. To podej\u015bcie otwiera drzwi do bardziej \u015bwiadomej kontroli rzeczywisto\u015bci.<\/p>\n\n\n\n<div style=\"height:10px\" aria-hidden=\"true\" class=\"wp-block-spacer\"><\/div>\n\n\n\n<p class=\"has-medium-font-size\"><strong>Znaczenie:<\/strong> Ten paradygmat jest kluczowy, poniewa\u017c pozwala na eksploracj\u0119 granic naszego wp\u0142ywu na rzeczywisto\u015b\u0107. Mo\u017ce to prowadzi\u0107 do innowacji technologicznych, kt\u00f3re maj\u0105 potencja\u0142 zmienia\u0107 nasze \u017cycie i nasz\u0105 cywilizacj\u0119.<\/p>\n\n\n\n<div style=\"height:40px\" aria-hidden=\"true\" class=\"wp-block-spacer\"><\/div>\n\n\n\n<p>,do dyskusji dla zalogowanych&#8230;<\/p>\n\n\n\n<div style=\"height:21px\" aria-hidden=\"true\" class=\"wp-block-spacer\"><\/div>\n\n\n\n<hr class=\"wp-block-separator has-alpha-channel-opacity is-style-wide\"\/>\n\n\n\n<h3 class=\"wp-block-heading\" style=\"font-size:22px\"><strong>Konsult 0n40i4<\/strong><\/h3>\n","protected":false},"excerpt":{"rendered":"<p>Kiedy zrozumiemy struktur\u0119 rzeczywisto\u015bci, mo\u017cemy przyst\u0105pi\u0107 do eksploracji mo\u017cliwo\u015bci wp\u0142ywania na fundamentalny kod rzeczywisto\u015bci. To podej\u015bcie pozwala na bardziej \u015bwiadome dzia\u0142anie w kszta\u0142towaniu rzeczywisto\u015bci, co ma potencja\u0142 zmieni\u0107 technologie i zastosowania w wielu dziedzinach. Priorytet: Nast\u0119pnie skupiamy si\u0119 na badaniach nad mo\u017cliwo\u015bciami wp\u0142ywania na fundamentalny kod rzeczywisto\u015bci. To stanowi kluczowy element w naszych badaniach. Opis: [&hellip;]<\/p>\n","protected":false},"author":2,"featured_media":4502,"parent":0,"menu_order":0,"comment_status":"closed","ping_status":"closed","template":"","meta":{"site-sidebar-layout":"default","site-content-layout":"","ast-site-content-layout":"default","site-content-style":"default","site-sidebar-style":"default","ast-global-header-display":"","ast-banner-title-visibility":"","ast-main-header-display":"","ast-hfb-above-header-display":"","ast-hfb-below-header-display":"","ast-hfb-mobile-header-display":"","site-post-title":"","ast-breadcrumbs-content":"","ast-featured-img":"","footer-sml-layout":"","ast-disable-related-posts":"","theme-transparent-header-meta":"","adv-header-id-meta":"","stick-header-meta":"","header-above-stick-meta":"","header-main-stick-meta":"","header-below-stick-meta":"","astra-migrate-meta-layouts":"default","ast-page-background-enabled":"default","ast-page-background-meta":{"desktop":{"background-color":"var(--ast-global-color-4)","background-image":"","background-repeat":"repeat","background-position":"center center","background-size":"auto","background-attachment":"scroll","background-type":"","background-media":"","overlay-type":"","overlay-color":"","overlay-opacity":"","overlay-gradient":""},"tablet":{"background-color":"","background-image":"","background-repeat":"repeat","background-position":"center center","background-size":"auto","background-attachment":"scroll","background-type":"","background-media":"","overlay-type":"","overlay-color":"","overlay-opacity":"","overlay-gradient":""},"mobile":{"background-color":"","background-image":"","background-repeat":"repeat","background-position":"center center","background-size":"auto","background-attachment":"scroll","background-type":"","background-media":"","overlay-type":"","overlay-color":"","overlay-opacity":"","overlay-gradient":""}},"ast-content-background-meta":{"desktop":{"background-color":"var(--ast-global-color-5)","background-image":"","background-repeat":"repeat","background-position":"center center","background-size":"auto","background-attachment":"scroll","background-type":"","background-media":"","overlay-type":"","overlay-color":"","overlay-opacity":"","overlay-gradient":""},"tablet":{"background-color":"var(--ast-global-color-5)","background-image":"","background-repeat":"repeat","background-position":"center center","background-size":"auto","background-attachment":"scroll","background-type":"","background-media":"","overlay-type":"","overlay-color":"","overlay-opacity":"","overlay-gradient":""},"mobile":{"background-color":"var(--ast-global-color-5)","background-image":"","background-repeat":"repeat","background-position":"center center","background-size":"auto","background-attachment":"scroll","background-type":"","background-media":"","overlay-type":"","overlay-color":"","overlay-opacity":"","overlay-gradient":""}},"footnotes":""},"class_list":["post-2002","page","type-page","status-publish","has-post-thumbnail","hentry"],"yoast_head":"<!-- This site is optimized with the Yoast SEO plugin v21.9.1 - https:\/\/yoast.com\/wordpress\/plugins\/seo\/ -->\n<title>Paradygmat: Manipulacja Kodem \u0179r\u00f3d\u0142owym Rzeczywisto\u015bci - RSCA<\/title>\n<meta name=\"description\" content=\"Odkryj Paradygmat Manipulacji Kodem \u0179r\u00f3d\u0142owym Rzeczywisto\u015bci, gdzie g\u0142\u0119bsze zrozumienie struktury rzeczywisto\u015bci umo\u017cliwia eksploracj\u0119 wp\u0142ywu na jej fundamentalny kod. To innowacyjne podej\u015bcie daje mo\u017cliwo\u015b\u0107 bardziej \u015bwiadomego kszta\u0142towania rzeczywisto\u015bci, potencjalnie rewolucjonizuj\u0105c technologie w r\u00f3\u017cnych dziedzinach. Nasz priorytet to badania nad modyfikacj\u0105 podstawowych zasad rzeczywisto\u015bci, otwieraj\u0105c drzwi do \u015bwiadomej kontroli i potencjalnych innowacji technologicznych, kt\u00f3re zmieni\u0105 oblicze cywilizacji.\" \/>\n<meta name=\"robots\" content=\"index, follow, max-snippet:-1, max-image-preview:large, max-video-preview:-1\" \/>\n<link rel=\"canonical\" href=\"http:\/\/rsca.grassrootslobbing.pl\/pl_PL\/manipulacja-kodem-zrodlowym-rzeczywistosci\/\" \/>\n<meta property=\"og:locale\" content=\"pl_PL\" \/>\n<meta property=\"og:type\" content=\"article\" \/>\n<meta property=\"og:title\" content=\"Paradygmat: Manipulacja Kodem \u0179r\u00f3d\u0142owym Rzeczywisto\u015bci - RSCA\" \/>\n<meta property=\"og:description\" content=\"Odkryj Paradygmat Manipulacji Kodem \u0179r\u00f3d\u0142owym Rzeczywisto\u015bci, gdzie g\u0142\u0119bsze zrozumienie struktury rzeczywisto\u015bci umo\u017cliwia eksploracj\u0119 wp\u0142ywu na jej fundamentalny kod. To innowacyjne podej\u015bcie daje mo\u017cliwo\u015b\u0107 bardziej \u015bwiadomego kszta\u0142towania rzeczywisto\u015bci, potencjalnie rewolucjonizuj\u0105c technologie w r\u00f3\u017cnych dziedzinach. Nasz priorytet to badania nad modyfikacj\u0105 podstawowych zasad rzeczywisto\u015bci, otwieraj\u0105c drzwi do \u015bwiadomej kontroli i potencjalnych innowacji technologicznych, kt\u00f3re zmieni\u0105 oblicze cywilizacji.\" \/>\n<meta property=\"og:url\" content=\"http:\/\/rsca.grassrootslobbing.pl\/pl_PL\/manipulacja-kodem-zrodlowym-rzeczywistosci\/\" \/>\n<meta property=\"og:site_name\" content=\"RSCA\" \/>\n<meta property=\"article:modified_time\" content=\"2024-01-08T06:02:57+00:00\" \/>\n<meta property=\"og:image\" content=\"http:\/\/rsca.grassrootslobbing.pl\/wp-content\/uploads\/2024\/01\/DALL\u00b7E-2024-01-08-07.02.21-A-visual-representation-of-the-Paradigm_-Manipulation-of-Realitys-Source-Code.-The-image-should-depict-an-abstract-and-high-tech-concept-of-influen.png\" \/>\n\t<meta property=\"og:image:width\" content=\"1024\" \/>\n\t<meta property=\"og:image:height\" content=\"1024\" \/>\n\t<meta property=\"og:image:type\" content=\"image\/png\" \/>\n<meta name=\"twitter:card\" content=\"summary_large_image\" \/>\n<meta name=\"twitter:label1\" content=\"Szacowany czas czytania\" \/>\n\t<meta name=\"twitter:data1\" content=\"2 minuty\" \/>\n<script type=\"application\/ld+json\" class=\"yoast-schema-graph\">{\"@context\":\"https:\/\/schema.org\",\"@graph\":[{\"@type\":\"WebPage\",\"@id\":\"http:\/\/rsca.grassrootslobbing.pl\/pl_PL\/manipulacja-kodem-zrodlowym-rzeczywistosci\/\",\"url\":\"http:\/\/rsca.grassrootslobbing.pl\/pl_PL\/manipulacja-kodem-zrodlowym-rzeczywistosci\/\",\"name\":\"Paradygmat: Manipulacja Kodem \u0179r\u00f3d\u0142owym Rzeczywisto\u015bci - RSCA\",\"isPartOf\":{\"@id\":\"http:\/\/rsca.grassrootslobbing.pl\/pl_PL\/#website\"},\"datePublished\":\"2012-12-21T21:22:00+00:00\",\"dateModified\":\"2024-01-08T06:02:57+00:00\",\"description\":\"Odkryj Paradygmat Manipulacji Kodem \u0179r\u00f3d\u0142owym Rzeczywisto\u015bci, gdzie g\u0142\u0119bsze zrozumienie struktury rzeczywisto\u015bci umo\u017cliwia eksploracj\u0119 wp\u0142ywu na jej fundamentalny kod. To innowacyjne podej\u015bcie daje mo\u017cliwo\u015b\u0107 bardziej \u015bwiadomego kszta\u0142towania rzeczywisto\u015bci, potencjalnie rewolucjonizuj\u0105c technologie w r\u00f3\u017cnych dziedzinach. Nasz priorytet to badania nad modyfikacj\u0105 podstawowych zasad rzeczywisto\u015bci, otwieraj\u0105c drzwi do \u015bwiadomej kontroli i potencjalnych innowacji technologicznych, kt\u00f3re zmieni\u0105 oblicze cywilizacji.\",\"inLanguage\":\"pl-PL\",\"potentialAction\":[{\"@type\":\"ReadAction\",\"target\":[\"http:\/\/rsca.grassrootslobbing.pl\/pl_PL\/manipulacja-kodem-zrodlowym-rzeczywistosci\/\"]}]},{\"@type\":\"WebSite\",\"@id\":\"http:\/\/rsca.grassrootslobbing.pl\/pl_PL\/#website\",\"url\":\"http:\/\/rsca.grassrootslobbing.pl\/pl_PL\/\",\"name\":\"Reality Source Code Acces\",\"description\":\"\",\"publisher\":{\"@id\":\"http:\/\/rsca.grassrootslobbing.pl\/pl_PL\/#organization\"},\"potentialAction\":[{\"@type\":\"SearchAction\",\"target\":{\"@type\":\"EntryPoint\",\"urlTemplate\":\"http:\/\/rsca.grassrootslobbing.pl\/pl_PL\/?s={search_term_string}\"},\"query-input\":\"required name=search_term_string\"}],\"inLanguage\":\"pl-PL\"},{\"@type\":\"Organization\",\"@id\":\"http:\/\/rsca.grassrootslobbing.pl\/pl_PL\/#organization\",\"name\":\"Konsult 0n40i4\",\"url\":\"http:\/\/rsca.grassrootslobbing.pl\/pl_PL\/\",\"logo\":{\"@type\":\"ImageObject\",\"inLanguage\":\"pl-PL\",\"@id\":\"http:\/\/rsca.grassrootslobbing.pl\/pl_PL\/#\/schema\/logo\/image\/\",\"url\":\"http:\/\/rsca.grassrootslobbing.pl\/wp-content\/uploads\/2023\/12\/cropped-DALL\u00b7E-2023-12-31-08.54.33-A-modern-and-abstract-logo-for-Konsult-0n40i4-representing-an-interdimensional-legal-system.-The-design-should-embody-themes-of-law-dimensions-an.png\",\"contentUrl\":\"http:\/\/rsca.grassrootslobbing.pl\/wp-content\/uploads\/2023\/12\/cropped-DALL\u00b7E-2023-12-31-08.54.33-A-modern-and-abstract-logo-for-Konsult-0n40i4-representing-an-interdimensional-legal-system.-The-design-should-embody-themes-of-law-dimensions-an.png\",\"width\":1024,\"height\":835,\"caption\":\"Konsult 0n40i4\"},\"image\":{\"@id\":\"http:\/\/rsca.grassrootslobbing.pl\/pl_PL\/#\/schema\/logo\/image\/\"}}]}<\/script>\n<!-- \/ Yoast SEO plugin. -->","yoast_head_json":{"title":"Paradygmat: Manipulacja Kodem \u0179r\u00f3d\u0142owym Rzeczywisto\u015bci - RSCA","description":"Odkryj Paradygmat Manipulacji Kodem \u0179r\u00f3d\u0142owym Rzeczywisto\u015bci, gdzie g\u0142\u0119bsze zrozumienie struktury rzeczywisto\u015bci umo\u017cliwia eksploracj\u0119 wp\u0142ywu na jej fundamentalny kod. To innowacyjne podej\u015bcie daje mo\u017cliwo\u015b\u0107 bardziej \u015bwiadomego kszta\u0142towania rzeczywisto\u015bci, potencjalnie rewolucjonizuj\u0105c technologie w r\u00f3\u017cnych dziedzinach. Nasz priorytet to badania nad modyfikacj\u0105 podstawowych zasad rzeczywisto\u015bci, otwieraj\u0105c drzwi do \u015bwiadomej kontroli i potencjalnych innowacji technologicznych, kt\u00f3re zmieni\u0105 oblicze cywilizacji.","robots":{"index":"index","follow":"follow","max-snippet":"max-snippet:-1","max-image-preview":"max-image-preview:large","max-video-preview":"max-video-preview:-1"},"canonical":"http:\/\/rsca.grassrootslobbing.pl\/pl_PL\/manipulacja-kodem-zrodlowym-rzeczywistosci\/","og_locale":"pl_PL","og_type":"article","og_title":"Paradygmat: Manipulacja Kodem \u0179r\u00f3d\u0142owym Rzeczywisto\u015bci - RSCA","og_description":"Odkryj Paradygmat Manipulacji Kodem \u0179r\u00f3d\u0142owym Rzeczywisto\u015bci, gdzie g\u0142\u0119bsze zrozumienie struktury rzeczywisto\u015bci umo\u017cliwia eksploracj\u0119 wp\u0142ywu na jej fundamentalny kod. To innowacyjne podej\u015bcie daje mo\u017cliwo\u015b\u0107 bardziej \u015bwiadomego kszta\u0142towania rzeczywisto\u015bci, potencjalnie rewolucjonizuj\u0105c technologie w r\u00f3\u017cnych dziedzinach. Nasz priorytet to badania nad modyfikacj\u0105 podstawowych zasad rzeczywisto\u015bci, otwieraj\u0105c drzwi do \u015bwiadomej kontroli i potencjalnych innowacji technologicznych, kt\u00f3re zmieni\u0105 oblicze cywilizacji.","og_url":"http:\/\/rsca.grassrootslobbing.pl\/pl_PL\/manipulacja-kodem-zrodlowym-rzeczywistosci\/","og_site_name":"RSCA","article_modified_time":"2024-01-08T06:02:57+00:00","og_image":[{"url":"http:\/\/rsca.grassrootslobbing.pl\/wp-content\/uploads\/2024\/01\/DALL\u00b7E-2024-01-08-07.02.21-A-visual-representation-of-the-Paradigm_-Manipulation-of-Realitys-Source-Code.-The-image-should-depict-an-abstract-and-high-tech-concept-of-influen.png","width":1024,"height":1024,"type":"image\/png"}],"twitter_card":"summary_large_image","twitter_misc":{"Szacowany czas czytania":"2 minuty"},"schema":{"@context":"https:\/\/schema.org","@graph":[{"@type":"WebPage","@id":"http:\/\/rsca.grassrootslobbing.pl\/pl_PL\/manipulacja-kodem-zrodlowym-rzeczywistosci\/","url":"http:\/\/rsca.grassrootslobbing.pl\/pl_PL\/manipulacja-kodem-zrodlowym-rzeczywistosci\/","name":"Paradygmat: Manipulacja Kodem \u0179r\u00f3d\u0142owym Rzeczywisto\u015bci - RSCA","isPartOf":{"@id":"http:\/\/rsca.grassrootslobbing.pl\/pl_PL\/#website"},"datePublished":"2012-12-21T21:22:00+00:00","dateModified":"2024-01-08T06:02:57+00:00","description":"Odkryj Paradygmat Manipulacji Kodem \u0179r\u00f3d\u0142owym Rzeczywisto\u015bci, gdzie g\u0142\u0119bsze zrozumienie struktury rzeczywisto\u015bci umo\u017cliwia eksploracj\u0119 wp\u0142ywu na jej fundamentalny kod. To innowacyjne podej\u015bcie daje mo\u017cliwo\u015b\u0107 bardziej \u015bwiadomego kszta\u0142towania rzeczywisto\u015bci, potencjalnie rewolucjonizuj\u0105c technologie w r\u00f3\u017cnych dziedzinach. Nasz priorytet to badania nad modyfikacj\u0105 podstawowych zasad rzeczywisto\u015bci, otwieraj\u0105c drzwi do \u015bwiadomej kontroli i potencjalnych innowacji technologicznych, kt\u00f3re zmieni\u0105 oblicze cywilizacji.","inLanguage":"pl-PL","potentialAction":[{"@type":"ReadAction","target":["http:\/\/rsca.grassrootslobbing.pl\/pl_PL\/manipulacja-kodem-zrodlowym-rzeczywistosci\/"]}]},{"@type":"WebSite","@id":"http:\/\/rsca.grassrootslobbing.pl\/pl_PL\/#website","url":"http:\/\/rsca.grassrootslobbing.pl\/pl_PL\/","name":"Reality Source Code Acces","description":"","publisher":{"@id":"http:\/\/rsca.grassrootslobbing.pl\/pl_PL\/#organization"},"potentialAction":[{"@type":"SearchAction","target":{"@type":"EntryPoint","urlTemplate":"http:\/\/rsca.grassrootslobbing.pl\/pl_PL\/?s={search_term_string}"},"query-input":"required name=search_term_string"}],"inLanguage":"pl-PL"},{"@type":"Organization","@id":"http:\/\/rsca.grassrootslobbing.pl\/pl_PL\/#organization","name":"Konsult 0n40i4","url":"http:\/\/rsca.grassrootslobbing.pl\/pl_PL\/","logo":{"@type":"ImageObject","inLanguage":"pl-PL","@id":"http:\/\/rsca.grassrootslobbing.pl\/pl_PL\/#\/schema\/logo\/image\/","url":"http:\/\/rsca.grassrootslobbing.pl\/wp-content\/uploads\/2023\/12\/cropped-DALL\u00b7E-2023-12-31-08.54.33-A-modern-and-abstract-logo-for-Konsult-0n40i4-representing-an-interdimensional-legal-system.-The-design-should-embody-themes-of-law-dimensions-an.png","contentUrl":"http:\/\/rsca.grassrootslobbing.pl\/wp-content\/uploads\/2023\/12\/cropped-DALL\u00b7E-2023-12-31-08.54.33-A-modern-and-abstract-logo-for-Konsult-0n40i4-representing-an-interdimensional-legal-system.-The-design-should-embody-themes-of-law-dimensions-an.png","width":1024,"height":835,"caption":"Konsult 0n40i4"},"image":{"@id":"http:\/\/rsca.grassrootslobbing.pl\/pl_PL\/#\/schema\/logo\/image\/"}}]}},"_links":{"self":[{"href":"http:\/\/rsca.grassrootslobbing.pl\/pl_PL\/wp-json\/wp\/v2\/pages\/2002","targetHints":{"allow":["GET"]}}],"collection":[{"href":"http:\/\/rsca.grassrootslobbing.pl\/pl_PL\/wp-json\/wp\/v2\/pages"}],"about":[{"href":"http:\/\/rsca.grassrootslobbing.pl\/pl_PL\/wp-json\/wp\/v2\/types\/page"}],"author":[{"embeddable":true,"href":"http:\/\/rsca.grassrootslobbing.pl\/pl_PL\/wp-json\/wp\/v2\/users\/2"}],"replies":[{"embeddable":true,"href":"http:\/\/rsca.grassrootslobbing.pl\/pl_PL\/wp-json\/wp\/v2\/comments?post=2002"}],"version-history":[{"count":6,"href":"http:\/\/rsca.grassrootslobbing.pl\/pl_PL\/wp-json\/wp\/v2\/pages\/2002\/revisions"}],"predecessor-version":[{"id":3573,"href":"http:\/\/rsca.grassrootslobbing.pl\/pl_PL\/wp-json\/wp\/v2\/pages\/2002\/revisions\/3573"}],"wp:featuredmedia":[{"embeddable":true,"href":"http:\/\/rsca.grassrootslobbing.pl\/pl_PL\/wp-json\/wp\/v2\/media\/4502"}],"wp:attachment":[{"href":"http:\/\/rsca.grassrootslobbing.pl\/pl_PL\/wp-json\/wp\/v2\/media?parent=2002"}],"curies":[{"name":"wp","href":"https:\/\/api.w.org\/{rel}","templated":true}]}}