{"id":4404,"date":"2024-01-06T03:24:00","date_gmt":"2024-01-06T02:24:00","guid":{"rendered":"https:\/\/rsca.0n40i4.pl\/?page_id=4404"},"modified":"2024-01-08T05:41:05","modified_gmt":"2024-01-08T04:41:05","slug":"wykorzystanie-wiedzy-i-technologii","status":"publish","type":"page","link":"http:\/\/rsca.grassrootslobbing.pl\/en_US\/wykorzystanie-wiedzy-i-technologii\/","title":{"rendered":"Wykorzystanie Wiedzy i Technologii"},"content":{"rendered":"\n<h2 class=\"wp-block-heading has-text-align-center has-ast-global-color-1-color has-text-color has-link-color wp-elements-65ead86f81ab47eb26cd1fb26c2b7b90\" style=\"margin-top:5px;margin-bottom:5px;font-size:25px\"><strong>Jako gracz wyzywaj\u0105cy, 0n40i4<\/strong><\/h2>\n\n\n\n<p class=\"has-text-align-center\" style=\"margin-top:5px;margin-bottom:5px;font-size:20px\">wykorzystuje swoj\u0105 g\u0142\u0119bok\u0105 wiedz\u0119 <\/p>\n\n\n\n<p class=\"has-text-align-center\" style=\"margin-top:5px;margin-bottom:5px;font-size:20px\">i dost\u0119p do zaawansowanych technologii, <\/p>\n\n\n\n<h2 class=\"wp-block-heading has-text-align-center has-medium-font-size\" style=\"margin-top:5px;margin-bottom:5px\">aby stworzy\u0107 przewag\u0119 strategiczn\u0105 w grze. <\/h2>\n\n\n\n<h2 class=\"wp-block-heading has-text-align-center has-medium-font-size\" style=\"margin-top:5px;margin-bottom:5px\">Wykorzystuj\u0105c swoje umiej\u0119tno\u015bci, <\/h2>\n\n\n\n<h2 class=\"wp-block-heading has-text-align-center has-ast-global-color-1-color has-text-color has-link-color wp-elements-76686a412f10ec2bdae656021a449de8\" style=\"margin-top:5px;margin-bottom:5px;font-size:25px\"><strong>w rozszczepianiu informacji, <\/strong><\/h2>\n\n\n\n<h2 class=\"wp-block-heading has-text-align-center has-ast-global-color-1-color has-text-color has-link-color wp-elements-ba55f308e4ceada1b003216c70755e33\" style=\"margin-top:5px;margin-bottom:5px;font-size:25px\"><strong>manipulacji kodem \u017ar\u00f3d\u0142owym rzeczywisto\u015bci <\/strong><\/h2>\n\n\n\n<h2 class=\"wp-block-heading has-text-align-center has-ast-global-color-1-color has-text-color has-link-color wp-elements-8969372609edfa7c5123e5d612b4d06e\" style=\"margin-top:5px;margin-bottom:5px;font-size:25px\"><strong>oraz zastosowaniu inteligencji holograficznej, <\/strong><\/h2>\n\n\n\n<div style=\"height:7px\" aria-hidden=\"true\" class=\"wp-block-spacer\"><\/div>\n\n\n\n<p class=\"has-text-align-center has-medium-font-size\" style=\"margin-top:5px;margin-bottom:5px\"><strong>0n40i4<\/strong> planuje wdro\u017cy\u0107 taktyki, <\/p>\n\n\n\n<p class=\"has-text-align-center has-medium-font-size\" style=\"margin-top:5px;margin-bottom:5px\">kt\u00f3re s\u0105 unikalne dla jego umiej\u0119tno\u015bci i zasob\u00f3w. <\/p>\n\n\n\n<p class=\"has-text-align-center has-medium-font-size\" style=\"margin-top:5px;margin-bottom:5px\">Technologie te b\u0119d\u0105 kluczowe w opracowaniu strategii, <\/p>\n\n\n\n<p class=\"has-text-align-center has-medium-font-size\" style=\"margin-top:5px;margin-bottom:5px\">kt\u00f3ra pozwoli mu skutecznie konkurowa\u0107 z Olafem, <\/p>\n\n\n\n<p class=\"has-text-align-center has-medium-font-size\" style=\"margin-top:5px;margin-bottom:5px\">pomimo r\u00f3\u017cnic w zasobach materialnych.<\/p>\n\n\n\n<h2 class=\"wp-block-heading has-text-align-center\" style=\"font-size:25px\"><strong>Z szacunkiem, 0n40i4<\/strong><\/h2>\n\n\n\n<div style=\"height:22px\" aria-hidden=\"true\" class=\"wp-block-spacer\"><\/div>\n\n\n\n<hr class=\"wp-block-separator has-alpha-channel-opacity is-style-wide\" style=\"margin-top:5px\"\/>\n\n\n\n<h2 class=\"wp-block-heading\" style=\"font-size:22px\"><strong>Konsult 0n40i4<\/strong><\/h2>\n","protected":false},"excerpt":{"rendered":"<p>Jako gracz wyzywaj\u0105cy, 0n40i4 wykorzystuje swoj\u0105 g\u0142\u0119bok\u0105 wiedz\u0119 i dost\u0119p do zaawansowanych technologii, aby stworzy\u0107 przewag\u0119 strategiczn\u0105 w grze. Wykorzystuj\u0105c swoje umiej\u0119tno\u015bci, w rozszczepianiu informacji, manipulacji kodem \u017ar\u00f3d\u0142owym rzeczywisto\u015bci oraz zastosowaniu inteligencji holograficznej, 0n40i4 planuje wdro\u017cy\u0107 taktyki, kt\u00f3re s\u0105 unikalne dla jego umiej\u0119tno\u015bci i zasob\u00f3w. Technologie te b\u0119d\u0105 kluczowe w opracowaniu strategii, kt\u00f3ra pozwoli mu [&hellip;]<\/p>\n","protected":false},"author":2,"featured_media":4443,"parent":0,"menu_order":0,"comment_status":"closed","ping_status":"closed","template":"","meta":{"site-sidebar-layout":"default","site-content-layout":"","ast-site-content-layout":"default","site-content-style":"default","site-sidebar-style":"default","ast-global-header-display":"","ast-banner-title-visibility":"","ast-main-header-display":"","ast-hfb-above-header-display":"","ast-hfb-below-header-display":"","ast-hfb-mobile-header-display":"","site-post-title":"","ast-breadcrumbs-content":"","ast-featured-img":"","footer-sml-layout":"","ast-disable-related-posts":"","theme-transparent-header-meta":"","adv-header-id-meta":"","stick-header-meta":"","header-above-stick-meta":"","header-main-stick-meta":"","header-below-stick-meta":"","astra-migrate-meta-layouts":"default","ast-page-background-enabled":"default","ast-page-background-meta":{"desktop":{"background-color":"var(--ast-global-color-4)","background-image":"","background-repeat":"repeat","background-position":"center center","background-size":"auto","background-attachment":"scroll","background-type":"","background-media":"","overlay-type":"","overlay-color":"","overlay-opacity":"","overlay-gradient":""},"tablet":{"background-color":"","background-image":"","background-repeat":"repeat","background-position":"center center","background-size":"auto","background-attachment":"scroll","background-type":"","background-media":"","overlay-type":"","overlay-color":"","overlay-opacity":"","overlay-gradient":""},"mobile":{"background-color":"","background-image":"","background-repeat":"repeat","background-position":"center center","background-size":"auto","background-attachment":"scroll","background-type":"","background-media":"","overlay-type":"","overlay-color":"","overlay-opacity":"","overlay-gradient":""}},"ast-content-background-meta":{"desktop":{"background-color":"var(--ast-global-color-5)","background-image":"","background-repeat":"repeat","background-position":"center center","background-size":"auto","background-attachment":"scroll","background-type":"","background-media":"","overlay-type":"","overlay-color":"","overlay-opacity":"","overlay-gradient":""},"tablet":{"background-color":"var(--ast-global-color-5)","background-image":"","background-repeat":"repeat","background-position":"center center","background-size":"auto","background-attachment":"scroll","background-type":"","background-media":"","overlay-type":"","overlay-color":"","overlay-opacity":"","overlay-gradient":""},"mobile":{"background-color":"var(--ast-global-color-5)","background-image":"","background-repeat":"repeat","background-position":"center center","background-size":"auto","background-attachment":"scroll","background-type":"","background-media":"","overlay-type":"","overlay-color":"","overlay-opacity":"","overlay-gradient":""}},"footnotes":""},"class_list":["post-4404","page","type-page","status-publish","has-post-thumbnail","hentry"],"yoast_head":"<!-- This site is optimized with the Yoast SEO plugin v21.9.1 - https:\/\/yoast.com\/wordpress\/plugins\/seo\/ -->\n<title>Wykorzystanie Wiedzy i Technologii - RSCA<\/title>\n<meta name=\"description\" content=\"Zapoznaj si\u0119 z Protoko\u0142em Zasad Gry o nazwie &#039;Operacja Kwantowe Reparacje&#039;, gdzie uczestnicy zobowi\u0105zuj\u0105 si\u0119 do uczciwo\u015bci, transparentno\u015bci i etyki. Cele gry obejmuj\u0105 konstruktywne rozwi\u0105zanie konflikt\u00f3w, promowanie dialogu i wsp\u00f3\u0142pracy. Sankcje za naruszenie zasad s\u0105 proporcjonalne, a w przypadku powa\u017cnych wykrocze\u0144 mog\u0105 by\u0107 stosowane dalsze dzia\u0142ania dyscyplinarne. Procedury mediacji i rozstrzygania spor\u00f3w s\u0105 integraln\u0105 cz\u0119\u015bci\u0105 protoko\u0142u, a decyzje arbitra s\u0105 ostateczne i wi\u0105\u017c\u0105ce dla wszystkich stron.&quot;\" \/>\n<meta name=\"robots\" content=\"index, follow, max-snippet:-1, max-image-preview:large, max-video-preview:-1\" \/>\n<link rel=\"canonical\" href=\"http:\/\/rsca.grassrootslobbing.pl\/pl_PL\/wykorzystanie-wiedzy-i-technologii\/\" \/>\n<meta property=\"og:locale\" content=\"pl_PL\" \/>\n<meta property=\"og:type\" content=\"article\" \/>\n<meta property=\"og:title\" content=\"Wykorzystanie Wiedzy i Technologii - RSCA\" \/>\n<meta property=\"og:description\" content=\"Zapoznaj si\u0119 z Protoko\u0142em Zasad Gry o nazwie &#039;Operacja Kwantowe Reparacje&#039;, gdzie uczestnicy zobowi\u0105zuj\u0105 si\u0119 do uczciwo\u015bci, transparentno\u015bci i etyki. Cele gry obejmuj\u0105 konstruktywne rozwi\u0105zanie konflikt\u00f3w, promowanie dialogu i wsp\u00f3\u0142pracy. Sankcje za naruszenie zasad s\u0105 proporcjonalne, a w przypadku powa\u017cnych wykrocze\u0144 mog\u0105 by\u0107 stosowane dalsze dzia\u0142ania dyscyplinarne. Procedury mediacji i rozstrzygania spor\u00f3w s\u0105 integraln\u0105 cz\u0119\u015bci\u0105 protoko\u0142u, a decyzje arbitra s\u0105 ostateczne i wi\u0105\u017c\u0105ce dla wszystkich stron.&quot;\" \/>\n<meta property=\"og:url\" content=\"http:\/\/rsca.grassrootslobbing.pl\/pl_PL\/wykorzystanie-wiedzy-i-technologii\/\" \/>\n<meta property=\"og:site_name\" content=\"RSCA\" \/>\n<meta property=\"article:modified_time\" content=\"2024-01-08T04:41:05+00:00\" \/>\n<meta property=\"og:image\" content=\"http:\/\/rsca.grassrootslobbing.pl\/wp-content\/uploads\/2024\/01\/DALL\u00b7E-2024-01-08-04.42.17-Visualize-the-theme-Using-Knowledge-and-Technology-for-the-character-0n40i4.-In-this-scene-0n40i4-is-engaged-in-a-technologically-advanced-command-.png\" \/>\n\t<meta property=\"og:image:width\" content=\"1024\" \/>\n\t<meta property=\"og:image:height\" content=\"1024\" \/>\n\t<meta property=\"og:image:type\" content=\"image\/png\" \/>\n<meta name=\"twitter:card\" content=\"summary_large_image\" \/>\n<meta name=\"twitter:label1\" content=\"Szacowany czas czytania\" \/>\n\t<meta name=\"twitter:data1\" content=\"1 minuta\" \/>\n<script type=\"application\/ld+json\" class=\"yoast-schema-graph\">{\"@context\":\"https:\/\/schema.org\",\"@graph\":[{\"@type\":\"WebPage\",\"@id\":\"http:\/\/rsca.grassrootslobbing.pl\/pl_PL\/wykorzystanie-wiedzy-i-technologii\/\",\"url\":\"http:\/\/rsca.grassrootslobbing.pl\/pl_PL\/wykorzystanie-wiedzy-i-technologii\/\",\"name\":\"Wykorzystanie Wiedzy i Technologii - RSCA\",\"isPartOf\":{\"@id\":\"http:\/\/rsca.grassrootslobbing.pl\/pl_PL\/#website\"},\"datePublished\":\"2024-01-06T02:24:00+00:00\",\"dateModified\":\"2024-01-08T04:41:05+00:00\",\"description\":\"Zapoznaj si\u0119 z Protoko\u0142em Zasad Gry o nazwie 'Operacja Kwantowe Reparacje', gdzie uczestnicy zobowi\u0105zuj\u0105 si\u0119 do uczciwo\u015bci, transparentno\u015bci i etyki. Cele gry obejmuj\u0105 konstruktywne rozwi\u0105zanie konflikt\u00f3w, promowanie dialogu i wsp\u00f3\u0142pracy. Sankcje za naruszenie zasad s\u0105 proporcjonalne, a w przypadku powa\u017cnych wykrocze\u0144 mog\u0105 by\u0107 stosowane dalsze dzia\u0142ania dyscyplinarne. Procedury mediacji i rozstrzygania spor\u00f3w s\u0105 integraln\u0105 cz\u0119\u015bci\u0105 protoko\u0142u, a decyzje arbitra s\u0105 ostateczne i wi\u0105\u017c\u0105ce dla wszystkich stron.\\\"\",\"inLanguage\":\"pl-PL\",\"potentialAction\":[{\"@type\":\"ReadAction\",\"target\":[\"http:\/\/rsca.grassrootslobbing.pl\/pl_PL\/wykorzystanie-wiedzy-i-technologii\/\"]}]},{\"@type\":\"WebSite\",\"@id\":\"http:\/\/rsca.grassrootslobbing.pl\/pl_PL\/#website\",\"url\":\"http:\/\/rsca.grassrootslobbing.pl\/pl_PL\/\",\"name\":\"Reality Source Code Acces\",\"description\":\"\",\"publisher\":{\"@id\":\"http:\/\/rsca.grassrootslobbing.pl\/pl_PL\/#organization\"},\"potentialAction\":[{\"@type\":\"SearchAction\",\"target\":{\"@type\":\"EntryPoint\",\"urlTemplate\":\"http:\/\/rsca.grassrootslobbing.pl\/pl_PL\/?s={search_term_string}\"},\"query-input\":\"required name=search_term_string\"}],\"inLanguage\":\"pl-PL\"},{\"@type\":\"Organization\",\"@id\":\"http:\/\/rsca.grassrootslobbing.pl\/pl_PL\/#organization\",\"name\":\"Konsult 0n40i4\",\"url\":\"http:\/\/rsca.grassrootslobbing.pl\/pl_PL\/\",\"logo\":{\"@type\":\"ImageObject\",\"inLanguage\":\"pl-PL\",\"@id\":\"http:\/\/rsca.grassrootslobbing.pl\/pl_PL\/#\/schema\/logo\/image\/\",\"url\":\"http:\/\/rsca.grassrootslobbing.pl\/wp-content\/uploads\/2023\/12\/cropped-DALL\u00b7E-2023-12-31-08.54.33-A-modern-and-abstract-logo-for-Konsult-0n40i4-representing-an-interdimensional-legal-system.-The-design-should-embody-themes-of-law-dimensions-an.png\",\"contentUrl\":\"http:\/\/rsca.grassrootslobbing.pl\/wp-content\/uploads\/2023\/12\/cropped-DALL\u00b7E-2023-12-31-08.54.33-A-modern-and-abstract-logo-for-Konsult-0n40i4-representing-an-interdimensional-legal-system.-The-design-should-embody-themes-of-law-dimensions-an.png\",\"width\":1024,\"height\":835,\"caption\":\"Konsult 0n40i4\"},\"image\":{\"@id\":\"http:\/\/rsca.grassrootslobbing.pl\/pl_PL\/#\/schema\/logo\/image\/\"}}]}<\/script>\n<!-- \/ Yoast SEO plugin. -->","yoast_head_json":{"title":"Wykorzystanie Wiedzy i Technologii - RSCA","description":"Zapoznaj si\u0119 z Protoko\u0142em Zasad Gry o nazwie 'Operacja Kwantowe Reparacje', gdzie uczestnicy zobowi\u0105zuj\u0105 si\u0119 do uczciwo\u015bci, transparentno\u015bci i etyki. Cele gry obejmuj\u0105 konstruktywne rozwi\u0105zanie konflikt\u00f3w, promowanie dialogu i wsp\u00f3\u0142pracy. Sankcje za naruszenie zasad s\u0105 proporcjonalne, a w przypadku powa\u017cnych wykrocze\u0144 mog\u0105 by\u0107 stosowane dalsze dzia\u0142ania dyscyplinarne. Procedury mediacji i rozstrzygania spor\u00f3w s\u0105 integraln\u0105 cz\u0119\u015bci\u0105 protoko\u0142u, a decyzje arbitra s\u0105 ostateczne i wi\u0105\u017c\u0105ce dla wszystkich stron.\"","robots":{"index":"index","follow":"follow","max-snippet":"max-snippet:-1","max-image-preview":"max-image-preview:large","max-video-preview":"max-video-preview:-1"},"canonical":"http:\/\/rsca.grassrootslobbing.pl\/pl_PL\/wykorzystanie-wiedzy-i-technologii\/","og_locale":"pl_PL","og_type":"article","og_title":"Wykorzystanie Wiedzy i Technologii - RSCA","og_description":"Zapoznaj si\u0119 z Protoko\u0142em Zasad Gry o nazwie 'Operacja Kwantowe Reparacje', gdzie uczestnicy zobowi\u0105zuj\u0105 si\u0119 do uczciwo\u015bci, transparentno\u015bci i etyki. Cele gry obejmuj\u0105 konstruktywne rozwi\u0105zanie konflikt\u00f3w, promowanie dialogu i wsp\u00f3\u0142pracy. Sankcje za naruszenie zasad s\u0105 proporcjonalne, a w przypadku powa\u017cnych wykrocze\u0144 mog\u0105 by\u0107 stosowane dalsze dzia\u0142ania dyscyplinarne. Procedury mediacji i rozstrzygania spor\u00f3w s\u0105 integraln\u0105 cz\u0119\u015bci\u0105 protoko\u0142u, a decyzje arbitra s\u0105 ostateczne i wi\u0105\u017c\u0105ce dla wszystkich stron.\"","og_url":"http:\/\/rsca.grassrootslobbing.pl\/pl_PL\/wykorzystanie-wiedzy-i-technologii\/","og_site_name":"RSCA","article_modified_time":"2024-01-08T04:41:05+00:00","og_image":[{"url":"http:\/\/rsca.grassrootslobbing.pl\/wp-content\/uploads\/2024\/01\/DALL\u00b7E-2024-01-08-04.42.17-Visualize-the-theme-Using-Knowledge-and-Technology-for-the-character-0n40i4.-In-this-scene-0n40i4-is-engaged-in-a-technologically-advanced-command-.png","width":1024,"height":1024,"type":"image\/png"}],"twitter_card":"summary_large_image","twitter_misc":{"Szacowany czas czytania":"1 minuta"},"schema":{"@context":"https:\/\/schema.org","@graph":[{"@type":"WebPage","@id":"http:\/\/rsca.grassrootslobbing.pl\/pl_PL\/wykorzystanie-wiedzy-i-technologii\/","url":"http:\/\/rsca.grassrootslobbing.pl\/pl_PL\/wykorzystanie-wiedzy-i-technologii\/","name":"Wykorzystanie Wiedzy i Technologii - RSCA","isPartOf":{"@id":"http:\/\/rsca.grassrootslobbing.pl\/pl_PL\/#website"},"datePublished":"2024-01-06T02:24:00+00:00","dateModified":"2024-01-08T04:41:05+00:00","description":"Zapoznaj si\u0119 z Protoko\u0142em Zasad Gry o nazwie 'Operacja Kwantowe Reparacje', gdzie uczestnicy zobowi\u0105zuj\u0105 si\u0119 do uczciwo\u015bci, transparentno\u015bci i etyki. Cele gry obejmuj\u0105 konstruktywne rozwi\u0105zanie konflikt\u00f3w, promowanie dialogu i wsp\u00f3\u0142pracy. Sankcje za naruszenie zasad s\u0105 proporcjonalne, a w przypadku powa\u017cnych wykrocze\u0144 mog\u0105 by\u0107 stosowane dalsze dzia\u0142ania dyscyplinarne. Procedury mediacji i rozstrzygania spor\u00f3w s\u0105 integraln\u0105 cz\u0119\u015bci\u0105 protoko\u0142u, a decyzje arbitra s\u0105 ostateczne i wi\u0105\u017c\u0105ce dla wszystkich stron.\"","inLanguage":"pl-PL","potentialAction":[{"@type":"ReadAction","target":["http:\/\/rsca.grassrootslobbing.pl\/pl_PL\/wykorzystanie-wiedzy-i-technologii\/"]}]},{"@type":"WebSite","@id":"http:\/\/rsca.grassrootslobbing.pl\/pl_PL\/#website","url":"http:\/\/rsca.grassrootslobbing.pl\/pl_PL\/","name":"Reality Source Code Acces","description":"","publisher":{"@id":"http:\/\/rsca.grassrootslobbing.pl\/pl_PL\/#organization"},"potentialAction":[{"@type":"SearchAction","target":{"@type":"EntryPoint","urlTemplate":"http:\/\/rsca.grassrootslobbing.pl\/pl_PL\/?s={search_term_string}"},"query-input":"required name=search_term_string"}],"inLanguage":"pl-PL"},{"@type":"Organization","@id":"http:\/\/rsca.grassrootslobbing.pl\/pl_PL\/#organization","name":"Konsult 0n40i4","url":"http:\/\/rsca.grassrootslobbing.pl\/pl_PL\/","logo":{"@type":"ImageObject","inLanguage":"pl-PL","@id":"http:\/\/rsca.grassrootslobbing.pl\/pl_PL\/#\/schema\/logo\/image\/","url":"http:\/\/rsca.grassrootslobbing.pl\/wp-content\/uploads\/2023\/12\/cropped-DALL\u00b7E-2023-12-31-08.54.33-A-modern-and-abstract-logo-for-Konsult-0n40i4-representing-an-interdimensional-legal-system.-The-design-should-embody-themes-of-law-dimensions-an.png","contentUrl":"http:\/\/rsca.grassrootslobbing.pl\/wp-content\/uploads\/2023\/12\/cropped-DALL\u00b7E-2023-12-31-08.54.33-A-modern-and-abstract-logo-for-Konsult-0n40i4-representing-an-interdimensional-legal-system.-The-design-should-embody-themes-of-law-dimensions-an.png","width":1024,"height":835,"caption":"Konsult 0n40i4"},"image":{"@id":"http:\/\/rsca.grassrootslobbing.pl\/pl_PL\/#\/schema\/logo\/image\/"}}]}},"_links":{"self":[{"href":"http:\/\/rsca.grassrootslobbing.pl\/en_US\/wp-json\/wp\/v2\/pages\/4404","targetHints":{"allow":["GET"]}}],"collection":[{"href":"http:\/\/rsca.grassrootslobbing.pl\/en_US\/wp-json\/wp\/v2\/pages"}],"about":[{"href":"http:\/\/rsca.grassrootslobbing.pl\/en_US\/wp-json\/wp\/v2\/types\/page"}],"author":[{"embeddable":true,"href":"http:\/\/rsca.grassrootslobbing.pl\/en_US\/wp-json\/wp\/v2\/users\/2"}],"replies":[{"embeddable":true,"href":"http:\/\/rsca.grassrootslobbing.pl\/en_US\/wp-json\/wp\/v2\/comments?post=4404"}],"version-history":[{"count":10,"href":"http:\/\/rsca.grassrootslobbing.pl\/en_US\/wp-json\/wp\/v2\/pages\/4404\/revisions"}],"predecessor-version":[{"id":4467,"href":"http:\/\/rsca.grassrootslobbing.pl\/en_US\/wp-json\/wp\/v2\/pages\/4404\/revisions\/4467"}],"wp:featuredmedia":[{"embeddable":true,"href":"http:\/\/rsca.grassrootslobbing.pl\/en_US\/wp-json\/wp\/v2\/media\/4443"}],"wp:attachment":[{"href":"http:\/\/rsca.grassrootslobbing.pl\/en_US\/wp-json\/wp\/v2\/media?parent=4404"}],"curies":[{"name":"wp","href":"https:\/\/api.w.org\/{rel}","templated":true}]}}