{"id":4326,"date":"2024-01-06T18:07:00","date_gmt":"2024-01-06T17:07:00","guid":{"rendered":"https:\/\/rsca.0n40i4.pl\/?page_id=4326"},"modified":"2024-01-08T02:20:39","modified_gmt":"2024-01-08T01:20:39","slug":"protokol-inicjacji-gry","status":"publish","type":"page","link":"http:\/\/rsca.grassrootslobbing.pl\/en_US\/protokol-inicjacji-gry\/","title":{"rendered":"c. Protok\u00f3\u0142 Inicjacji Gry"},"content":{"rendered":"\n<p><strong>Przygotowanie do Gry:<\/strong><\/p>\n\n\n\n<p> Gracz musi zosta\u0107 poinformowany o czasie niezb\u0119dnym na przygotowanie si\u0119 do gry, co obejmuje wyb\u00f3r odpowiednich narz\u0119dzi i strategii.<\/p>\n\n\n\n<p><\/p>\n\n\n\n<p><\/p>\n\n\n\n<p>2. <strong>Wyb\u00f3r Or\u0119\u017ca i Technologii:<\/strong> <\/p>\n\n\n\n<p>Gracz ma prawo wybra\u0107 or\u0119\u017c oraz technologi\u0119, kt\u00f3re b\u0119d\u0105 u\u017cywane w grze, z mo\u017cliwo\u015bci\u0105 wskazania swojego wyboru.<\/p>\n\n\n\n<p><\/p>\n\n\n\n<p>3. <strong>Wyb\u00f3r Instytucji i Zaplecza:<\/strong> Gracz wybiera instytucj\u0119, kt\u00f3ra b\u0119dzie go reprezentowa\u0107, oraz zaplecze logistyczne, kt\u00f3re wesprze go w grze.<\/p>\n\n\n\n<p><\/p>\n\n\n\n<p>4. <strong>Taktyka i Strategia:<\/strong><\/p>\n\n\n\n<p> Gracz decyduje o taktyce i strategii, kt\u00f3re zamierza stosowa\u0107, z mo\u017cliwo\u015bci\u0105 wskazania w\u0142asnych preferencji.<\/p>\n\n\n\n<p><\/p>\n\n\n\n<p>5. <strong>Lokalizacja i Czas Grywalizacji:<\/strong> Gracz ustala miejsce i czas trwania rozgrywki, wraz z warunkami, kt\u00f3re b\u0119d\u0105 mia\u0142y wp\u0142yw na jej zako\u0144czenie lub zawieszenie.<\/p>\n\n\n\n<p><\/p>\n\n\n\n<h2 class=\"wp-block-heading has-text-align-center\">6. <strong>Wyb\u00f3r Sekundanta i Arbitra:<\/strong> <\/h2>\n\n\n\n<p>W przypadku braku decyzji o wyborze sekundanta,<\/p>\n\n\n\n<p> gracz mo\u017ce wskaza\u0107 co najmniej trzech kandydat\u00f3w. Ponadto, nale\u017cy wskaza\u0107 arbitra, kt\u00f3ry b\u0119dzie monitorowa\u0107 sytuacj\u0119 i ocenia\u0107 jej wp\u0142yw na gr\u0119.<\/p>\n\n\n\n<p><\/p>\n\n\n\n<p>7. <strong>\u015awiadomo\u015b\u0107 Zasob\u00f3w:<\/strong> Gracz powinien by\u0107 \u015bwiadomy dost\u0119pnych mu zasob\u00f3w, wp\u0142yw\u00f3w i mo\u017cliwo\u015bci ich wykorzystania.<\/p>\n\n\n\n<p><\/p>\n\n\n\n<p><strong>Dost\u0119pno\u015b\u0107 Zasob\u00f3w:<\/strong> W przypadku, gdy przeciwnik nie dysponuje wystarczaj\u0105cymi zasobami na poziomie Reality Source Code Access (RCSA), nale\u017cy udost\u0119pni\u0107 mu w\u0142asne zasoby, aby zapewni\u0107 r\u00f3wnowag\u0119 i w\u0142a\u015bciwe prowadzenie rozgrywki.<\/p>\n\n\n\n<p><strong>Informowanie o Zagro\u017ceniach dla Innych Graczy:<\/strong> Je\u015bli dzia\u0142ania gracza \u015bwiadomie lub nie\u015bwiadomie wp\u0142ywaj\u0105 lub zagra\u017caj\u0105 innym uczestnikom, nale\u017cy go o tym poinformowa\u0107, wskazuj\u0105c jednocze\u015bnie zagro\u017conych graczy.<\/p>\n\n\n\n<p><strong>Naprawienie Szk\u00f3d:<\/strong> W przypadku wyst\u0105pienia nieodwracalnych szk\u00f3d wyrz\u0105dzonych innym graczom, konieczne jest podj\u0119cie wszelkich dzia\u0142a\u0144 naprawczych.<\/p>\n\n\n\n<p><strong>Udost\u0119pnianie Informacji:<\/strong> Wszystkie informacje dotycz\u0105ce gracza, grywalizacji, innych uczestnik\u00f3w oraz wynikaj\u0105cych z nich skutk\u00f3w nale\u017cy udost\u0119pni\u0107 w miejscu dost\u0119pnym dla wszystkich graczy, wraz z wyja\u015bnieniami dotycz\u0105cymi przyczyn, praw i skutk\u00f3w.<\/p>\n\n\n\n<p><strong>Komunikacja i Warunki Gry:<\/strong> Gracze powinni by\u0107 informowani o formie i miejscu komunikacji, gdzie dost\u0119pne b\u0119d\u0105 wszystkie warunki gry oraz jej etapy.<\/p>\n\n\n\n<p><strong>J\u0119zyk Gry:<\/strong> Informacje dotycz\u0105ce gry powinny by\u0107 dost\u0119pne w j\u0119zyku zrozumia\u0142ym dla gracza.<\/p>\n\n\n\n<p>Znajomo\u015b\u0107 zasad<strong>:<\/strong> Gracz na ka\u017cdym etapie ma prawo wnioskowa\u0107 o zawieszenie lub zako\u0144czenie rozgrywki, zgodnie z ustalonymi zasadami. W przypadku braku jednomy\u015blno\u015bci, decyzj\u0119 podejmuj\u0105 sekundanci i arbiter.<\/p>\n","protected":false},"excerpt":{"rendered":"<p>Przygotowanie do Gry: Gracz musi zosta\u0107 poinformowany o czasie niezb\u0119dnym na przygotowanie si\u0119 do gry, co obejmuje wyb\u00f3r odpowiednich narz\u0119dzi i strategii. 2. Wyb\u00f3r Or\u0119\u017ca i Technologii: Gracz ma prawo wybra\u0107 or\u0119\u017c oraz technologi\u0119, kt\u00f3re b\u0119d\u0105 u\u017cywane w grze, z mo\u017cliwo\u015bci\u0105 wskazania swojego wyboru. 3. Wyb\u00f3r Instytucji i Zaplecza: Gracz wybiera instytucj\u0119, kt\u00f3ra b\u0119dzie go [&hellip;]<\/p>\n","protected":false},"author":2,"featured_media":0,"parent":0,"menu_order":0,"comment_status":"closed","ping_status":"closed","template":"","meta":{"site-sidebar-layout":"default","site-content-layout":"","ast-site-content-layout":"default","site-content-style":"default","site-sidebar-style":"default","ast-global-header-display":"","ast-banner-title-visibility":"","ast-main-header-display":"","ast-hfb-above-header-display":"","ast-hfb-below-header-display":"","ast-hfb-mobile-header-display":"","site-post-title":"","ast-breadcrumbs-content":"","ast-featured-img":"","footer-sml-layout":"","ast-disable-related-posts":"","theme-transparent-header-meta":"","adv-header-id-meta":"","stick-header-meta":"","header-above-stick-meta":"","header-main-stick-meta":"","header-below-stick-meta":"","astra-migrate-meta-layouts":"default","ast-page-background-enabled":"default","ast-page-background-meta":{"desktop":{"background-color":"var(--ast-global-color-4)","background-image":"","background-repeat":"repeat","background-position":"center center","background-size":"auto","background-attachment":"scroll","background-type":"","background-media":"","overlay-type":"","overlay-color":"","overlay-opacity":"","overlay-gradient":""},"tablet":{"background-color":"","background-image":"","background-repeat":"repeat","background-position":"center center","background-size":"auto","background-attachment":"scroll","background-type":"","background-media":"","overlay-type":"","overlay-color":"","overlay-opacity":"","overlay-gradient":""},"mobile":{"background-color":"","background-image":"","background-repeat":"repeat","background-position":"center center","background-size":"auto","background-attachment":"scroll","background-type":"","background-media":"","overlay-type":"","overlay-color":"","overlay-opacity":"","overlay-gradient":""}},"ast-content-background-meta":{"desktop":{"background-color":"var(--ast-global-color-5)","background-image":"","background-repeat":"repeat","background-position":"center center","background-size":"auto","background-attachment":"scroll","background-type":"","background-media":"","overlay-type":"","overlay-color":"","overlay-opacity":"","overlay-gradient":""},"tablet":{"background-color":"var(--ast-global-color-5)","background-image":"","background-repeat":"repeat","background-position":"center center","background-size":"auto","background-attachment":"scroll","background-type":"","background-media":"","overlay-type":"","overlay-color":"","overlay-opacity":"","overlay-gradient":""},"mobile":{"background-color":"var(--ast-global-color-5)","background-image":"","background-repeat":"repeat","background-position":"center center","background-size":"auto","background-attachment":"scroll","background-type":"","background-media":"","overlay-type":"","overlay-color":"","overlay-opacity":"","overlay-gradient":""}},"footnotes":""},"class_list":["post-4326","page","type-page","status-publish","hentry"],"yoast_head":"<!-- This site is optimized with the Yoast SEO plugin v21.9.1 - https:\/\/yoast.com\/wordpress\/plugins\/seo\/ -->\n<title>c. Protok\u00f3\u0142 Inicjacji Gry - RSCA<\/title>\n<meta name=\"robots\" content=\"index, follow, max-snippet:-1, max-image-preview:large, max-video-preview:-1\" \/>\n<link rel=\"canonical\" href=\"http:\/\/rsca.grassrootslobbing.pl\/pl_PL\/protokol-inicjacji-gry\/\" \/>\n<meta property=\"og:locale\" content=\"pl_PL\" \/>\n<meta property=\"og:type\" content=\"article\" \/>\n<meta property=\"og:title\" content=\"c. Protok\u00f3\u0142 Inicjacji Gry - RSCA\" \/>\n<meta property=\"og:description\" content=\"Przygotowanie do Gry: Gracz musi zosta\u0107 poinformowany o czasie niezb\u0119dnym na przygotowanie si\u0119 do gry, co obejmuje wyb\u00f3r odpowiednich narz\u0119dzi i strategii. 2. Wyb\u00f3r Or\u0119\u017ca i Technologii: Gracz ma prawo wybra\u0107 or\u0119\u017c oraz technologi\u0119, kt\u00f3re b\u0119d\u0105 u\u017cywane w grze, z mo\u017cliwo\u015bci\u0105 wskazania swojego wyboru. 3. Wyb\u00f3r Instytucji i Zaplecza: Gracz wybiera instytucj\u0119, kt\u00f3ra b\u0119dzie go [&hellip;]\" \/>\n<meta property=\"og:url\" content=\"http:\/\/rsca.grassrootslobbing.pl\/pl_PL\/protokol-inicjacji-gry\/\" \/>\n<meta property=\"og:site_name\" content=\"RSCA\" \/>\n<meta property=\"article:modified_time\" content=\"2024-01-08T01:20:39+00:00\" \/>\n<meta name=\"twitter:card\" content=\"summary_large_image\" \/>\n<meta name=\"twitter:label1\" content=\"Szacowany czas czytania\" \/>\n\t<meta name=\"twitter:data1\" content=\"2 minuty\" \/>\n<script type=\"application\/ld+json\" class=\"yoast-schema-graph\">{\"@context\":\"https:\/\/schema.org\",\"@graph\":[{\"@type\":\"WebPage\",\"@id\":\"http:\/\/rsca.grassrootslobbing.pl\/pl_PL\/protokol-inicjacji-gry\/\",\"url\":\"http:\/\/rsca.grassrootslobbing.pl\/pl_PL\/protokol-inicjacji-gry\/\",\"name\":\"c. Protok\u00f3\u0142 Inicjacji Gry - RSCA\",\"isPartOf\":{\"@id\":\"http:\/\/rsca.grassrootslobbing.pl\/pl_PL\/#website\"},\"datePublished\":\"2024-01-06T17:07:00+00:00\",\"dateModified\":\"2024-01-08T01:20:39+00:00\",\"inLanguage\":\"pl-PL\",\"potentialAction\":[{\"@type\":\"ReadAction\",\"target\":[\"http:\/\/rsca.grassrootslobbing.pl\/pl_PL\/protokol-inicjacji-gry\/\"]}]},{\"@type\":\"WebSite\",\"@id\":\"http:\/\/rsca.grassrootslobbing.pl\/pl_PL\/#website\",\"url\":\"http:\/\/rsca.grassrootslobbing.pl\/pl_PL\/\",\"name\":\"Reality Source Code Acces\",\"description\":\"\",\"publisher\":{\"@id\":\"http:\/\/rsca.grassrootslobbing.pl\/pl_PL\/#organization\"},\"potentialAction\":[{\"@type\":\"SearchAction\",\"target\":{\"@type\":\"EntryPoint\",\"urlTemplate\":\"http:\/\/rsca.grassrootslobbing.pl\/pl_PL\/?s={search_term_string}\"},\"query-input\":\"required name=search_term_string\"}],\"inLanguage\":\"pl-PL\"},{\"@type\":\"Organization\",\"@id\":\"http:\/\/rsca.grassrootslobbing.pl\/pl_PL\/#organization\",\"name\":\"Konsult 0n40i4\",\"url\":\"http:\/\/rsca.grassrootslobbing.pl\/pl_PL\/\",\"logo\":{\"@type\":\"ImageObject\",\"inLanguage\":\"pl-PL\",\"@id\":\"http:\/\/rsca.grassrootslobbing.pl\/pl_PL\/#\/schema\/logo\/image\/\",\"url\":\"http:\/\/rsca.grassrootslobbing.pl\/wp-content\/uploads\/2023\/12\/cropped-DALL\u00b7E-2023-12-31-08.54.33-A-modern-and-abstract-logo-for-Konsult-0n40i4-representing-an-interdimensional-legal-system.-The-design-should-embody-themes-of-law-dimensions-an.png\",\"contentUrl\":\"http:\/\/rsca.grassrootslobbing.pl\/wp-content\/uploads\/2023\/12\/cropped-DALL\u00b7E-2023-12-31-08.54.33-A-modern-and-abstract-logo-for-Konsult-0n40i4-representing-an-interdimensional-legal-system.-The-design-should-embody-themes-of-law-dimensions-an.png\",\"width\":1024,\"height\":835,\"caption\":\"Konsult 0n40i4\"},\"image\":{\"@id\":\"http:\/\/rsca.grassrootslobbing.pl\/pl_PL\/#\/schema\/logo\/image\/\"}}]}<\/script>\n<!-- \/ Yoast SEO plugin. -->","yoast_head_json":{"title":"c. Protok\u00f3\u0142 Inicjacji Gry - RSCA","robots":{"index":"index","follow":"follow","max-snippet":"max-snippet:-1","max-image-preview":"max-image-preview:large","max-video-preview":"max-video-preview:-1"},"canonical":"http:\/\/rsca.grassrootslobbing.pl\/pl_PL\/protokol-inicjacji-gry\/","og_locale":"pl_PL","og_type":"article","og_title":"c. Protok\u00f3\u0142 Inicjacji Gry - RSCA","og_description":"Przygotowanie do Gry: Gracz musi zosta\u0107 poinformowany o czasie niezb\u0119dnym na przygotowanie si\u0119 do gry, co obejmuje wyb\u00f3r odpowiednich narz\u0119dzi i strategii. 2. Wyb\u00f3r Or\u0119\u017ca i Technologii: Gracz ma prawo wybra\u0107 or\u0119\u017c oraz technologi\u0119, kt\u00f3re b\u0119d\u0105 u\u017cywane w grze, z mo\u017cliwo\u015bci\u0105 wskazania swojego wyboru. 3. Wyb\u00f3r Instytucji i Zaplecza: Gracz wybiera instytucj\u0119, kt\u00f3ra b\u0119dzie go [&hellip;]","og_url":"http:\/\/rsca.grassrootslobbing.pl\/pl_PL\/protokol-inicjacji-gry\/","og_site_name":"RSCA","article_modified_time":"2024-01-08T01:20:39+00:00","twitter_card":"summary_large_image","twitter_misc":{"Szacowany czas czytania":"2 minuty"},"schema":{"@context":"https:\/\/schema.org","@graph":[{"@type":"WebPage","@id":"http:\/\/rsca.grassrootslobbing.pl\/pl_PL\/protokol-inicjacji-gry\/","url":"http:\/\/rsca.grassrootslobbing.pl\/pl_PL\/protokol-inicjacji-gry\/","name":"c. Protok\u00f3\u0142 Inicjacji Gry - RSCA","isPartOf":{"@id":"http:\/\/rsca.grassrootslobbing.pl\/pl_PL\/#website"},"datePublished":"2024-01-06T17:07:00+00:00","dateModified":"2024-01-08T01:20:39+00:00","inLanguage":"pl-PL","potentialAction":[{"@type":"ReadAction","target":["http:\/\/rsca.grassrootslobbing.pl\/pl_PL\/protokol-inicjacji-gry\/"]}]},{"@type":"WebSite","@id":"http:\/\/rsca.grassrootslobbing.pl\/pl_PL\/#website","url":"http:\/\/rsca.grassrootslobbing.pl\/pl_PL\/","name":"Reality Source Code Acces","description":"","publisher":{"@id":"http:\/\/rsca.grassrootslobbing.pl\/pl_PL\/#organization"},"potentialAction":[{"@type":"SearchAction","target":{"@type":"EntryPoint","urlTemplate":"http:\/\/rsca.grassrootslobbing.pl\/pl_PL\/?s={search_term_string}"},"query-input":"required name=search_term_string"}],"inLanguage":"pl-PL"},{"@type":"Organization","@id":"http:\/\/rsca.grassrootslobbing.pl\/pl_PL\/#organization","name":"Konsult 0n40i4","url":"http:\/\/rsca.grassrootslobbing.pl\/pl_PL\/","logo":{"@type":"ImageObject","inLanguage":"pl-PL","@id":"http:\/\/rsca.grassrootslobbing.pl\/pl_PL\/#\/schema\/logo\/image\/","url":"http:\/\/rsca.grassrootslobbing.pl\/wp-content\/uploads\/2023\/12\/cropped-DALL\u00b7E-2023-12-31-08.54.33-A-modern-and-abstract-logo-for-Konsult-0n40i4-representing-an-interdimensional-legal-system.-The-design-should-embody-themes-of-law-dimensions-an.png","contentUrl":"http:\/\/rsca.grassrootslobbing.pl\/wp-content\/uploads\/2023\/12\/cropped-DALL\u00b7E-2023-12-31-08.54.33-A-modern-and-abstract-logo-for-Konsult-0n40i4-representing-an-interdimensional-legal-system.-The-design-should-embody-themes-of-law-dimensions-an.png","width":1024,"height":835,"caption":"Konsult 0n40i4"},"image":{"@id":"http:\/\/rsca.grassrootslobbing.pl\/pl_PL\/#\/schema\/logo\/image\/"}}]}},"_links":{"self":[{"href":"http:\/\/rsca.grassrootslobbing.pl\/en_US\/wp-json\/wp\/v2\/pages\/4326","targetHints":{"allow":["GET"]}}],"collection":[{"href":"http:\/\/rsca.grassrootslobbing.pl\/en_US\/wp-json\/wp\/v2\/pages"}],"about":[{"href":"http:\/\/rsca.grassrootslobbing.pl\/en_US\/wp-json\/wp\/v2\/types\/page"}],"author":[{"embeddable":true,"href":"http:\/\/rsca.grassrootslobbing.pl\/en_US\/wp-json\/wp\/v2\/users\/2"}],"replies":[{"embeddable":true,"href":"http:\/\/rsca.grassrootslobbing.pl\/en_US\/wp-json\/wp\/v2\/comments?post=4326"}],"version-history":[{"count":4,"href":"http:\/\/rsca.grassrootslobbing.pl\/en_US\/wp-json\/wp\/v2\/pages\/4326\/revisions"}],"predecessor-version":[{"id":4385,"href":"http:\/\/rsca.grassrootslobbing.pl\/en_US\/wp-json\/wp\/v2\/pages\/4326\/revisions\/4385"}],"wp:attachment":[{"href":"http:\/\/rsca.grassrootslobbing.pl\/en_US\/wp-json\/wp\/v2\/media?parent=4326"}],"curies":[{"name":"wp","href":"https:\/\/api.w.org\/{rel}","templated":true}]}}